{"id":13295,"date":"2023-12-07T14:39:52","date_gmt":"2023-12-07T12:39:52","guid":{"rendered":"https:\/\/www.facecorner.lv\/?post_type=product&#038;p=13295"},"modified":"2024-12-02T23:06:02","modified_gmt":"2024-12-02T20:06:02","slug":"medi-peel-aha-bha-alpha-arbutin-ampoule-30ml","status":"publish","type":"product","link":"https:\/\/www.facecorner.lv\/lv\/shop\/medi-peel-aha-bha-alpha-arbutin-ampoule-30ml\/","title":{"rendered":"Medi-Peel AHA BHA Alpha Arbutin Ampoule 30ml"},"content":{"rendered":"<p>Izgaismojo\u0161a p\u012blinga ampula ar alfa arbut\u012bnu Medi-Peel AHA BHA Alpha Arbutin Ampoule stimul\u0113 \u0161\u016bnu atjauno\u0161an\u0101s procesus, akt\u012bvi noloba epidermas raga sl\u0101ni, atrisina sastingu\u0161os plankumus, pal\u012bdz c\u012b\u0146\u0101 pret vecuma plankumiem un p\u0113cp\u016bt\u012bt\u0113m.<\/p>\n<p>Blo\u0137\u0113 melan\u012bna ra\u017eo\u0161anu un aizsarg\u0101 pret jaunu vecuma plankumu par\u0101d\u012b\u0161anos, efekt\u012bvi izl\u012bdzina kop\u0113jo \u0101das toni, redzami izgaismo un c\u012bn\u0101s ar bl\u0101vumu. Uzlabo audu caurlaid\u012bbu, palielinot visu l\u012bdzek\u013cu uzs\u016bk\u0161anos un intens\u012bvi mitrinot. Produkta pH v\u0113rt\u012bba ir 4,9.<\/p>\n<p><strong>P\u012blinga ampulas darb\u012bbas meh\u0101nisms:<\/strong><\/p>\n<ul>\n<li>AHA sk\u0101bes komplekss r\u016bp\u012bgi no\u0146em atmiru\u0161\u0101s \u0161\u016bnas no \u0101das virsmas;<\/li>\n<li>Salicilsk\u0101be iek\u013c\u016bst dzi\u013ci por\u0101s, iz\u0161\u0137\u012bdinot tauku aizb\u0101\u017e\u0146us un komedonus, samazina tauku pavedienu smagumu;<\/li>\n<li>Arbut\u012bns un C vitam\u012bns balina vecuma plankumus un p\u0113cp\u016bt\u012btes;<\/li>\n<li>Augu komponenti kopj \u0101du, mitrina, baro un aizsarg\u0101 pret sausumu.<\/li>\n<\/ul>\n<p><strong>Galven\u0101s akt\u012bv\u0101s sast\u0101vda\u013cas:<\/strong><\/p>\n<ul>\n<li>Alfa arbut\u012bns samazina melan\u012bna pigmenta veido\u0161anos, piem\u012bt antiseptiska iedarb\u012bba, mazina t\u016bsku un bl\u0101vu tonusu, k\u0101 ar\u012b m\u012bkstina, kondicion\u0113 un pal\u012bdz tikt gal\u0101 ar oksidat\u012bvo stresu, pal\u0113ninot ar vecumu saist\u012bt\u0101s izmai\u0146as.<\/li>\n<li>AHA sk\u0101bes att\u012bra atmiru\u0161\u0101s \u0161\u016bnas un lieko sebumu, atvieglojot akt\u012bvo komponentu iek\u013c\u016b\u0161anu un palielinot to efektivit\u0101ti. Aktiviz\u0113jiet \u0161\u016bnu atjauno\u0161anos, samaziniet grumbu dzi\u013cumu, izl\u012bdziniet sejas kr\u0101su.<\/li>\n<li>BHA sk\u0101b\u0113m piem\u012bt dezinfic\u0113jo\u0161a un pretiekaisuma iedarb\u012bba, izn\u012bcinot bakt\u0113rijas, kas izraisa iekaisumu komedona iek\u0161ien\u0113, nom\u0101cot sviedru un tauku dziedzeru sekr\u0113ciju, samazinot tauku saturu.<\/li>\n<li>Pantenolam piem\u012bt izteiktas \u0101rstnieciskas \u012bpa\u0161\u012bbas, tas stimul\u0113 \u0101das integrit\u0101tes atjauno\u0161anos, aptur iekaisuma procesus.<\/li>\n<li>8 hialuronsk\u0101bes veidi iek\u013c\u016bst dzi\u013cajos epidermas sl\u0101\u0146os, akt\u012bvi mitrina \u0161\u016bnas un pal\u012bdz saglab\u0101t mitrumu \u0101d\u0101. Tie veido aizsargk\u0101rtu, kas ne\u013cauj mitrumam iztvaikot.<\/li>\n<\/ul>\n<p><strong>Lieto\u0161anas nor\u0101d\u012bjumi:<\/strong> Uzkl\u0101jiet nepiecie\u0161amo seruma daudzumu uz toniz\u0113tas \u0101das. Noteikti izmantojiet sau\u013co\u0161an\u0101s l\u012bdzekli dienas laik\u0101<\/p>\n<p><strong>S\u0101stavs:\u00a0<\/strong>Water, Butylene Glycol, Tromethamine, Glycolic Acid (30,100 ppm), Niacinamide, Panthenol, Lactic Acid (9,900 ppm), Alpha-Arbutin (5,000 ppm), Tranexamic Acid (3,000 ppm), Ascorbic Acid (100 ppm), Myrciaria Dubia Fruit Extract (14,000 ppm), Terminalia Ferdinandiana Fruit Extract (14,000 ppm), Citrus Limon (Lemon) Fruit Extract (14,000 ppm), Salicylic Acid (1 ppm), Madecassoside, Pentylene Glycol, Brassica Oleracea Italica (Broccoli) Extract, Medicago Sativa (Alfalfa) Extract, Brassica Oleracea Capitata (Cabbage) Leaf Extract, Triticum Vulgare (Wheat) Germ Extract, Brassica Campestris (Rapeseed) Extract, Raphanus Sativus (Radish) Seed Extract, Salicornia Herbacea Extract, Phragmites, Communis Extract, Centella Asiatica Extract, Asiaticoside, Asiatic Acid, Madecassic Acid, Sodium Hyaluronate, Hydroxypropyltrimonium Hyaluronate, Sodium Acetylated Hyaluronate, Hydrolyzed Hyaluronic Acid, Hyaluronic Acid, Sodium Hyaluronate Crosspolymer, Hydrolyzed Sodium Hyaluronate, Potassium Hyaluronate, Tremella Fuciformis (Mushroom) Extract, Aloe Barbadensis Leaf Extract, Laminaria Japonica Extract, Dioscorea Japonica Root Extract, Ulmus Davidiana Root Extract, Viola Mandshurica Flower Extract, Honey Extract, Propolis Extract, Carbomer, Disodium EDTA, Xanthan Gum, Ethylhexylglycerin, 1,2-Hexanediol, Illicium Verum (Anise) Fruit Extract, Scutellaria Baicalensis Root Extract, Fragrance<\/p>\n","protected":false},"excerpt":{"rendered":"<p>Izgaismojo\u0161a p\u012blinga ampula ar alfa arbut\u012bnu Medi-Peel AHA BHA Alpha Arbutin Ampoule stimul\u0113 \u0161\u016bnu atjauno\u0161an\u0101s procesus, akt\u012bvi noloba epidermas raga sl\u0101ni, atrisina sastingu\u0161os plankumus, pal\u012bdz c\u012b\u0146\u0101 pret vecuma plankumiem un p\u0113cp\u016bt\u012bt\u0113m. Blo\u0137\u0113 melan\u012bna ra\u017eo\u0161anu un aizsarg\u0101 pret jaunu vecuma plankumu par\u0101d\u012b\u0161anos, efekt\u012bvi izl\u012bdzina kop\u0113jo \u0101das toni, redzami izgaismo un c\u012bn\u0101s ar bl\u0101vumu. Uzlabo audu caurlaid\u012bbu, [&hellip;]<\/p>\n","protected":false},"featured_media":13298,"comment_status":"open","ping_status":"closed","template":"","meta":{"site-sidebar-layout":"default","site-content-layout":"","ast-site-content-layout":"","site-content-style":"default","site-sidebar-style":"default","ast-global-header-display":"","ast-banner-title-visibility":"","ast-main-header-display":"","ast-hfb-above-header-display":"","ast-hfb-below-header-display":"","ast-hfb-mobile-header-display":"","site-post-title":"","ast-breadcrumbs-content":"","ast-featured-img":"","footer-sml-layout":"","theme-transparent-header-meta":"","adv-header-id-meta":"","stick-header-meta":"","header-above-stick-meta":"","header-main-stick-meta":"","header-below-stick-meta":"","astra-migrate-meta-layouts":"default","ast-page-background-enabled":"default","ast-page-background-meta":{"desktop":{"background-color":"var(--ast-global-color-4)","background-image":"","background-repeat":"repeat","background-position":"center center","background-size":"auto","background-attachment":"scroll","background-type":"","background-media":"","overlay-type":"","overlay-color":"","overlay-opacity":"","overlay-gradient":""},"tablet":{"background-color":"","background-image":"","background-repeat":"repeat","background-position":"center center","background-size":"auto","background-attachment":"scroll","background-type":"","background-media":"","overlay-type":"","overlay-color":"","overlay-opacity":"","overlay-gradient":""},"mobile":{"background-color":"","background-image":"","background-repeat":"repeat","background-position":"center center","background-size":"auto","background-attachment":"scroll","background-type":"","background-media":"","overlay-type":"","overlay-color":"","overlay-opacity":"","overlay-gradient":""}},"ast-content-background-meta":{"desktop":{"background-color":"var(--ast-global-color-5)","background-image":"","background-repeat":"repeat","background-position":"center center","background-size":"auto","background-attachment":"scroll","background-type":"","background-media":"","overlay-type":"","overlay-color":"","overlay-opacity":"","overlay-gradient":""},"tablet":{"background-color":"var(--ast-global-color-5)","background-image":"","background-repeat":"repeat","background-position":"center center","background-size":"auto","background-attachment":"scroll","background-type":"","background-media":"","overlay-type":"","overlay-color":"","overlay-opacity":"","overlay-gradient":""},"mobile":{"background-color":"var(--ast-global-color-5)","background-image":"","background-repeat":"repeat","background-position":"center center","background-size":"auto","background-attachment":"scroll","background-type":"","background-media":"","overlay-type":"","overlay-color":"","overlay-opacity":"","overlay-gradient":""}}},"product_brand":[],"product_cat":[370,371,372,373,374,363],"product_tag":[],"berocket_brand":[583],"class_list":{"0":"post-13295","1":"product","2":"type-product","3":"status-publish","4":"has-post-thumbnail","6":"product_cat-adas-mirdzumam","7":"product_cat-anti-age","8":"product_cat-jutigai-adai-serumi","9":"product_cat-poras-sasaurinoss","10":"product_cat-pret-pinnem","11":"product_cat-serumi","12":"berocket_brand-medi-peel","13":"desktop-align-left","14":"tablet-align-left","15":"mobile-align-left","17":"first","18":"instock","19":"taxable","20":"shipping-taxable","21":"purchasable","22":"product-type-simple","23":"add-to-wishlist-before_image"},"yoast_head":"<!-- This site is optimized with the Yoast SEO plugin v27.3 - https:\/\/yoast.com\/product\/yoast-seo-wordpress\/ -->\n<title>Medi-Peel AHA BHA Alpha Arbutin Ampoule 30ml - FACECORNER<\/title>\n<meta name=\"robots\" content=\"index, follow, max-snippet:-1, max-image-preview:large, max-video-preview:-1\" \/>\n<link rel=\"canonical\" href=\"https:\/\/www.facecorner.lv\/lv\/shop\/medi-peel-aha-bha-alpha-arbutin-ampoule-30ml\/\" \/>\n<meta property=\"og:locale\" content=\"lv_LV\" \/>\n<meta property=\"og:type\" content=\"article\" \/>\n<meta property=\"og:title\" content=\"Medi-Peel AHA BHA Alpha Arbutin Ampoule 30ml - FACECORNER\" \/>\n<meta property=\"og:description\" content=\"Izgaismojo\u0161a p\u012blinga ampula ar alfa arbut\u012bnu Medi-Peel AHA BHA Alpha Arbutin Ampoule stimul\u0113 \u0161\u016bnu atjauno\u0161an\u0101s procesus, akt\u012bvi noloba epidermas raga sl\u0101ni, atrisina sastingu\u0161os plankumus, pal\u012bdz c\u012b\u0146\u0101 pret vecuma plankumiem un p\u0113cp\u016bt\u012bt\u0113m. Blo\u0137\u0113 melan\u012bna ra\u017eo\u0161anu un aizsarg\u0101 pret jaunu vecuma plankumu par\u0101d\u012b\u0161anos, efekt\u012bvi izl\u012bdzina kop\u0113jo \u0101das toni, redzami izgaismo un c\u012bn\u0101s ar bl\u0101vumu. Uzlabo audu caurlaid\u012bbu, [&hellip;]\" \/>\n<meta property=\"og:url\" content=\"https:\/\/www.facecorner.lv\/lv\/shop\/medi-peel-aha-bha-alpha-arbutin-ampoule-30ml\/\" \/>\n<meta property=\"og:site_name\" content=\"FACECORNER\" \/>\n<meta property=\"article:publisher\" content=\"https:\/\/www.facebook.com\/profile.php?id=100063824551839\" \/>\n<meta property=\"article:modified_time\" content=\"2024-12-02T20:06:02+00:00\" \/>\n<meta property=\"og:image\" content=\"https:\/\/www.facecorner.lv\/wp-content\/uploads\/2023\/12\/41zbonwi0882ekon272yp50vn2agknv3.jpeg\" \/>\n\t<meta property=\"og:image:width\" content=\"1000\" \/>\n\t<meta property=\"og:image:height\" content=\"1000\" \/>\n\t<meta property=\"og:image:type\" content=\"image\/jpeg\" \/>\n<meta name=\"twitter:card\" content=\"summary_large_image\" \/>\n<meta name=\"twitter:label1\" content=\"Price\" \/>\n\t<meta name=\"twitter:data1\" content=\"&euro;27.50\" \/>\n\t<meta name=\"twitter:label2\" content=\"Availability\" \/>\n\t<meta name=\"twitter:data2\" content=\"In stock\" \/>\n<script type=\"application\/ld+json\" class=\"yoast-schema-graph\">{\"@context\":\"https:\\\/\\\/schema.org\",\"@graph\":[{\"@type\":\"WebPage\",\"@id\":\"https:\\\/\\\/www.facecorner.lv\\\/shop\\\/medi-peel-aha-bha-alpha-arbutin-ampoule-30ml\\\/\",\"url\":\"https:\\\/\\\/www.facecorner.lv\\\/shop\\\/medi-peel-aha-bha-alpha-arbutin-ampoule-30ml\\\/\",\"name\":\"Medi-Peel AHA BHA Alpha Arbutin Ampoule 30ml - FACECORNER\",\"isPartOf\":{\"@id\":\"https:\\\/\\\/www.facecorner.lv\\\/#website\"},\"primaryImageOfPage\":{\"@id\":\"https:\\\/\\\/www.facecorner.lv\\\/shop\\\/medi-peel-aha-bha-alpha-arbutin-ampoule-30ml\\\/#primaryimage\"},\"image\":{\"@id\":\"https:\\\/\\\/www.facecorner.lv\\\/shop\\\/medi-peel-aha-bha-alpha-arbutin-ampoule-30ml\\\/#primaryimage\"},\"thumbnailUrl\":\"https:\\\/\\\/www.facecorner.lv\\\/wp-content\\\/uploads\\\/2023\\\/12\\\/41zbonwi0882ekon272yp50vn2agknv3.jpeg\",\"datePublished\":\"2023-12-07T12:39:52+00:00\",\"dateModified\":\"2024-12-02T20:06:02+00:00\",\"breadcrumb\":{\"@id\":\"https:\\\/\\\/www.facecorner.lv\\\/shop\\\/medi-peel-aha-bha-alpha-arbutin-ampoule-30ml\\\/#breadcrumb\"},\"inLanguage\":\"lv-LV\",\"potentialAction\":[{\"@type\":\"ReadAction\",\"target\":[\"https:\\\/\\\/www.facecorner.lv\\\/shop\\\/medi-peel-aha-bha-alpha-arbutin-ampoule-30ml\\\/\"]}]},{\"@type\":\"ImageObject\",\"inLanguage\":\"lv-LV\",\"@id\":\"https:\\\/\\\/www.facecorner.lv\\\/shop\\\/medi-peel-aha-bha-alpha-arbutin-ampoule-30ml\\\/#primaryimage\",\"url\":\"https:\\\/\\\/www.facecorner.lv\\\/wp-content\\\/uploads\\\/2023\\\/12\\\/41zbonwi0882ekon272yp50vn2agknv3.jpeg\",\"contentUrl\":\"https:\\\/\\\/www.facecorner.lv\\\/wp-content\\\/uploads\\\/2023\\\/12\\\/41zbonwi0882ekon272yp50vn2agknv3.jpeg\",\"width\":1000,\"height\":1000},{\"@type\":\"BreadcrumbList\",\"@id\":\"https:\\\/\\\/www.facecorner.lv\\\/shop\\\/medi-peel-aha-bha-alpha-arbutin-ampoule-30ml\\\/#breadcrumb\",\"itemListElement\":[{\"@type\":\"ListItem\",\"position\":1,\"name\":\"Home\",\"item\":\"https:\\\/\\\/www.facecorner.lv\\\/\"},{\"@type\":\"ListItem\",\"position\":2,\"name\":\"Veikals\",\"item\":\"https:\\\/\\\/www.facecorner.lv\\\/shop\\\/\"},{\"@type\":\"ListItem\",\"position\":3,\"name\":\"Medi-Peel AHA BHA Alpha Arbutin Ampoule 30ml\"}]},{\"@type\":\"WebSite\",\"@id\":\"https:\\\/\\\/www.facecorner.lv\\\/#website\",\"url\":\"https:\\\/\\\/www.facecorner.lv\\\/\",\"name\":\"Facecorner\",\"description\":\"\",\"publisher\":{\"@id\":\"https:\\\/\\\/www.facecorner.lv\\\/#organization\"},\"potentialAction\":[{\"@type\":\"SearchAction\",\"target\":{\"@type\":\"EntryPoint\",\"urlTemplate\":\"https:\\\/\\\/www.facecorner.lv\\\/?s={search_term_string}\"},\"query-input\":{\"@type\":\"PropertyValueSpecification\",\"valueRequired\":true,\"valueName\":\"search_term_string\"}}],\"inLanguage\":\"lv-LV\"},{\"@type\":\"Organization\",\"@id\":\"https:\\\/\\\/www.facecorner.lv\\\/#organization\",\"name\":\"Facecorner\",\"url\":\"https:\\\/\\\/www.facecorner.lv\\\/\",\"logo\":{\"@type\":\"ImageObject\",\"inLanguage\":\"lv-LV\",\"@id\":\"https:\\\/\\\/www.facecorner.lv\\\/#\\\/schema\\\/logo\\\/image\\\/\",\"url\":\"https:\\\/\\\/www.facecorner.lv\\\/wp-content\\\/uploads\\\/2024\\\/04\\\/fc-logo.jpg\",\"contentUrl\":\"https:\\\/\\\/www.facecorner.lv\\\/wp-content\\\/uploads\\\/2024\\\/04\\\/fc-logo.jpg\",\"width\":174,\"height\":28,\"caption\":\"Facecorner\"},\"image\":{\"@id\":\"https:\\\/\\\/www.facecorner.lv\\\/#\\\/schema\\\/logo\\\/image\\\/\"},\"sameAs\":[\"https:\\\/\\\/www.facebook.com\\\/profile.php?id=100063824551839\",\"https:\\\/\\\/www.instagram.com\\\/facecorner_shop\\\/\"]}]}<\/script>\n<meta property=\"product:price:amount\" content=\"27.50\" \/>\n<meta property=\"product:price:currency\" content=\"EUR\" \/>\n<meta property=\"og:availability\" content=\"instock\" \/>\n<meta property=\"product:availability\" content=\"instock\" \/>\n<meta property=\"product:condition\" content=\"new\" \/>\n<!-- \/ Yoast SEO plugin. -->","yoast_head_json":{"title":"Medi-Peel AHA BHA Alpha Arbutin Ampoule 30ml - FACECORNER","robots":{"index":"index","follow":"follow","max-snippet":"max-snippet:-1","max-image-preview":"max-image-preview:large","max-video-preview":"max-video-preview:-1"},"canonical":"https:\/\/www.facecorner.lv\/lv\/shop\/medi-peel-aha-bha-alpha-arbutin-ampoule-30ml\/","og_locale":"lv_LV","og_type":"article","og_title":"Medi-Peel AHA BHA Alpha Arbutin Ampoule 30ml - FACECORNER","og_description":"Izgaismojo\u0161a p\u012blinga ampula ar alfa arbut\u012bnu Medi-Peel AHA BHA Alpha Arbutin Ampoule stimul\u0113 \u0161\u016bnu atjauno\u0161an\u0101s procesus, akt\u012bvi noloba epidermas raga sl\u0101ni, atrisina sastingu\u0161os plankumus, pal\u012bdz c\u012b\u0146\u0101 pret vecuma plankumiem un p\u0113cp\u016bt\u012bt\u0113m. Blo\u0137\u0113 melan\u012bna ra\u017eo\u0161anu un aizsarg\u0101 pret jaunu vecuma plankumu par\u0101d\u012b\u0161anos, efekt\u012bvi izl\u012bdzina kop\u0113jo \u0101das toni, redzami izgaismo un c\u012bn\u0101s ar bl\u0101vumu. Uzlabo audu caurlaid\u012bbu, [&hellip;]","og_url":"https:\/\/www.facecorner.lv\/lv\/shop\/medi-peel-aha-bha-alpha-arbutin-ampoule-30ml\/","og_site_name":"FACECORNER","article_publisher":"https:\/\/www.facebook.com\/profile.php?id=100063824551839","article_modified_time":"2024-12-02T20:06:02+00:00","og_image":[{"width":1000,"height":1000,"url":"https:\/\/www.facecorner.lv\/wp-content\/uploads\/2023\/12\/41zbonwi0882ekon272yp50vn2agknv3.jpeg","type":"image\/jpeg"}],"twitter_card":"summary_large_image","twitter_misc":{"Price":"&euro;27.50","Availability":"In stock"},"schema":{"@context":"https:\/\/schema.org","@graph":[{"@type":"WebPage","@id":"https:\/\/www.facecorner.lv\/shop\/medi-peel-aha-bha-alpha-arbutin-ampoule-30ml\/","url":"https:\/\/www.facecorner.lv\/shop\/medi-peel-aha-bha-alpha-arbutin-ampoule-30ml\/","name":"Medi-Peel AHA BHA Alpha Arbutin Ampoule 30ml - FACECORNER","isPartOf":{"@id":"https:\/\/www.facecorner.lv\/#website"},"primaryImageOfPage":{"@id":"https:\/\/www.facecorner.lv\/shop\/medi-peel-aha-bha-alpha-arbutin-ampoule-30ml\/#primaryimage"},"image":{"@id":"https:\/\/www.facecorner.lv\/shop\/medi-peel-aha-bha-alpha-arbutin-ampoule-30ml\/#primaryimage"},"thumbnailUrl":"https:\/\/www.facecorner.lv\/wp-content\/uploads\/2023\/12\/41zbonwi0882ekon272yp50vn2agknv3.jpeg","datePublished":"2023-12-07T12:39:52+00:00","dateModified":"2024-12-02T20:06:02+00:00","breadcrumb":{"@id":"https:\/\/www.facecorner.lv\/shop\/medi-peel-aha-bha-alpha-arbutin-ampoule-30ml\/#breadcrumb"},"inLanguage":"lv-LV","potentialAction":[{"@type":"ReadAction","target":["https:\/\/www.facecorner.lv\/shop\/medi-peel-aha-bha-alpha-arbutin-ampoule-30ml\/"]}]},{"@type":"ImageObject","inLanguage":"lv-LV","@id":"https:\/\/www.facecorner.lv\/shop\/medi-peel-aha-bha-alpha-arbutin-ampoule-30ml\/#primaryimage","url":"https:\/\/www.facecorner.lv\/wp-content\/uploads\/2023\/12\/41zbonwi0882ekon272yp50vn2agknv3.jpeg","contentUrl":"https:\/\/www.facecorner.lv\/wp-content\/uploads\/2023\/12\/41zbonwi0882ekon272yp50vn2agknv3.jpeg","width":1000,"height":1000},{"@type":"BreadcrumbList","@id":"https:\/\/www.facecorner.lv\/shop\/medi-peel-aha-bha-alpha-arbutin-ampoule-30ml\/#breadcrumb","itemListElement":[{"@type":"ListItem","position":1,"name":"Home","item":"https:\/\/www.facecorner.lv\/"},{"@type":"ListItem","position":2,"name":"Veikals","item":"https:\/\/www.facecorner.lv\/shop\/"},{"@type":"ListItem","position":3,"name":"Medi-Peel AHA BHA Alpha Arbutin Ampoule 30ml"}]},{"@type":"WebSite","@id":"https:\/\/www.facecorner.lv\/#website","url":"https:\/\/www.facecorner.lv\/","name":"Facecorner","description":"","publisher":{"@id":"https:\/\/www.facecorner.lv\/#organization"},"potentialAction":[{"@type":"SearchAction","target":{"@type":"EntryPoint","urlTemplate":"https:\/\/www.facecorner.lv\/?s={search_term_string}"},"query-input":{"@type":"PropertyValueSpecification","valueRequired":true,"valueName":"search_term_string"}}],"inLanguage":"lv-LV"},{"@type":"Organization","@id":"https:\/\/www.facecorner.lv\/#organization","name":"Facecorner","url":"https:\/\/www.facecorner.lv\/","logo":{"@type":"ImageObject","inLanguage":"lv-LV","@id":"https:\/\/www.facecorner.lv\/#\/schema\/logo\/image\/","url":"https:\/\/www.facecorner.lv\/wp-content\/uploads\/2024\/04\/fc-logo.jpg","contentUrl":"https:\/\/www.facecorner.lv\/wp-content\/uploads\/2024\/04\/fc-logo.jpg","width":174,"height":28,"caption":"Facecorner"},"image":{"@id":"https:\/\/www.facecorner.lv\/#\/schema\/logo\/image\/"},"sameAs":["https:\/\/www.facebook.com\/profile.php?id=100063824551839","https:\/\/www.instagram.com\/facecorner_shop\/"]}]},"product_price_amount":"27.50","product_price_currency":"EUR","og_availability":"instock","product_availability":"instock","product_condition":"new"},"_links":{"self":[{"href":"https:\/\/www.facecorner.lv\/lv\/wp-json\/wp\/v2\/product\/13295","targetHints":{"allow":["GET"]}}],"collection":[{"href":"https:\/\/www.facecorner.lv\/lv\/wp-json\/wp\/v2\/product"}],"about":[{"href":"https:\/\/www.facecorner.lv\/lv\/wp-json\/wp\/v2\/types\/product"}],"replies":[{"embeddable":true,"href":"https:\/\/www.facecorner.lv\/lv\/wp-json\/wp\/v2\/comments?post=13295"}],"wp:featuredmedia":[{"embeddable":true,"href":"https:\/\/www.facecorner.lv\/lv\/wp-json\/wp\/v2\/media\/13298"}],"wp:attachment":[{"href":"https:\/\/www.facecorner.lv\/lv\/wp-json\/wp\/v2\/media?parent=13295"}],"wp:term":[{"taxonomy":"product_brand","embeddable":true,"href":"https:\/\/www.facecorner.lv\/lv\/wp-json\/wp\/v2\/product_brand?post=13295"},{"taxonomy":"product_cat","embeddable":true,"href":"https:\/\/www.facecorner.lv\/lv\/wp-json\/wp\/v2\/product_cat?post=13295"},{"taxonomy":"product_tag","embeddable":true,"href":"https:\/\/www.facecorner.lv\/lv\/wp-json\/wp\/v2\/product_tag?post=13295"},{"taxonomy":"berocket_brand","embeddable":true,"href":"https:\/\/www.facecorner.lv\/lv\/wp-json\/wp\/v2\/berocket_brand?post=13295"}],"curies":[{"name":"wp","href":"https:\/\/api.w.org\/{rel}","templated":true}]}}