{"id":13279,"date":"2023-12-06T14:02:00","date_gmt":"2023-12-06T12:02:00","guid":{"rendered":"https:\/\/www.facecorner.lv\/?post_type=product&#038;p=13279"},"modified":"2024-12-11T16:31:58","modified_gmt":"2024-12-11T13:31:58","slug":"anua-peach-70-niacin-serum-30ml","status":"publish","type":"product","link":"https:\/\/www.facecorner.lv\/lv\/shop\/anua-peach-70-niacin-serum-30ml\/","title":{"rendered":"ANUA Peach 70% Niacin Serum 30ml"},"content":{"rendered":"<p>Toniz\u0113jo\u0161s sejas serums ar persiku ekstraktu un niacinam\u012bdu, kas nodro\u0161ina dzi\u013cu mitrin\u0101\u0161anu un vienm\u0113r\u012bgu toni, k\u0101 ar\u012b vesel\u012bgu mirdzumu \u0101dai.<\/p>\n<p><strong>Priek\u0161roc\u012bbas:<\/strong><\/p>\n<ul>\n<li>Dzi\u013ci mitrina un m\u012bkstina \u0101du, nov\u0113r\u0161ot sausumu un dehidrat\u0101ciju, k\u0101 ar\u012b nov\u0113r\u0161 lob\u012b\u0161anos.<\/li>\n<li>Pal\u012bdz izl\u012bdzin\u0101t \u0101das toni, piem\u012bt sp\u0113c\u012bga antioksidanta iedarb\u012bba un atjauno vesel\u012bgu \u0101das mirdzumu.<\/li>\n<li>Pal\u012bdz saglab\u0101t \u0101das gludumu, nov\u0113r\u0161 elast\u012bbas zudumu un ar vecumu saist\u012btu izmai\u0146u par\u0101d\u012b\u0161anos.<\/li>\n<\/ul>\n<p><strong>Galven\u0101s sast\u0101vda\u013cas<\/strong>:<\/p>\n<ul>\n<li>Persiku ekstraktam piem\u012bt akt\u012bva antioksidanta iedarb\u012bba, tas pal\u012bdz saglab\u0101t \u0101das gludumu un elast\u012bbu, k\u0101 ar\u012b pal\u012bdz uztur\u0113t vienm\u0113r\u012bgu tonusu.<\/li>\n<li>Niacinam\u012bds pal\u012bdz izl\u012bdzin\u0101t \u0101das toni, ir maigi izgaismojo\u0161s efekts un nov\u0113r\u0161 hiperpigment\u0101ciju.<\/li>\n<li>Laktobacillu enz\u012bms akt\u012bvi baro \u0101du, pal\u012bdz izl\u012bdzin\u0101t tonusu, saglab\u0101t gludumu un nov\u0113rst dehidrat\u0101ciju, k\u0101 ar\u012b uztur vesel\u012bgu \u0101das mikrobiomu, ne\u013caujot att\u012bst\u012bties patog\u0113nai bakt\u0113riju videi.<\/li>\n<li>Hialuronsk\u0101be dzi\u013ci mitrina \u0101du, saglab\u0101jot mitrumu iek\u0161pus\u0113, nov\u0113r\u0161 dehidrat\u0101ciju un sausumu, k\u0101 ar\u012b pal\u012bdz saglab\u0101t \u0101das gludumu un elast\u012bbu.<\/li>\n<li>Arbut\u012bnam ir sp\u0113c\u012bgs izgaismojo\u0161s efekts, akt\u012bvi str\u0101d\u0101jot ar vecuma plankumiem un nevienm\u0113r\u012bgu \u0101das toni.<\/li>\n<li>C vitam\u012bns pal\u012bdz izl\u012bdzin\u0101t \u0101das toni, izgaismo vecuma plankumus, stimul\u0113 kolag\u0113na ra\u017eo\u0161anu un tam piem\u012bt sp\u0113c\u012bga antioksidanta iedarb\u012bba, aizsarg\u0101jot \u0101du no br\u012bvajiem radik\u0101\u013ciem.<\/li>\n<li>Laktobionsk\u0101bei piem\u012bt maiga atjaunojo\u0161a un re\u0123ener\u0113jo\u0161a iedarb\u012bba.<\/li>\n<\/ul>\n<p><strong>Lieto\u0161ana:\u00a0<\/strong>Uzkl\u0101jiet nepiecie\u0161amo produkta daudzumu uz att\u012br\u012btas un toniz\u0113tas sejas \u0101das, izklied\u0113jiet l\u012bdz piln\u012bgai uzs\u016bk\u0161anai, p\u0113c tam p\u0101rkl\u0101jiet proced\u016bru ar kr\u0113mu.<\/p>\n<p><strong>Sast\u0101vs:<\/strong> Prunus Persica (Peach) Fruit Extract, Glycerin, Niacinamide, Butylene Glycol, Diethoxyethyl Succinate, Water, 1,2-Hexanediol, Lactobacillus Ferment, Sodium Hyaluronate, Sphingomonas Ferment Extract, Alpha-Arbutin, Melia Azadirachta Flower Extract, Ocimum Sanctum Leaf Extract, Melia Azadirachta Leaf Extract, Carthamus Tinctorius (Safflower) Seed Oil, Salvia Hispanica Seed Oil, Curcuma Longa (Turmeric) Root Extract, Corallina Officinalis Extract, Hydrolyzed Hyaluronic Acid, Chamaecyparis Obtusa Leaf Extract, Prunus Persica (Peach) Flower Extract, Centella Asiatica Extract, Artemisia Princeps Leaf Extract, Pentylene Glycol, Polyglyceryl-10 Laurate, Betaine Salicylate, Sodium Phytate, Cellulose, Caprylic\/Capric Triglyceride, Hydrogenated Lecithin, Panthenol, Polyglutamic Acid, Linoleic Acid, Linolenic Acid, Polyglyceryl-10 Oleate, Sucrose Palmitate, Cyanocobalamin, 3-O-Ethyl Ascorbic Acid, Ceramide NP, Lactobionic Acid, Asiaticoside, Madecassic Acid, Asiatic Acid, Xanthan Gum, Fragrance(Parfum)<\/p>\n","protected":false},"excerpt":{"rendered":"<p>Toniz\u0113jo\u0161s sejas serums ar persiku ekstraktu un niacinam\u012bdu, kas nodro\u0161ina dzi\u013cu mitrin\u0101\u0161anu un vienm\u0113r\u012bgu toni, k\u0101 ar\u012b vesel\u012bgu mirdzumu \u0101dai. Priek\u0161roc\u012bbas: Dzi\u013ci mitrina un m\u012bkstina \u0101du, nov\u0113r\u0161ot sausumu un dehidrat\u0101ciju, k\u0101 ar\u012b nov\u0113r\u0161 lob\u012b\u0161anos. Pal\u012bdz izl\u012bdzin\u0101t \u0101das toni, piem\u012bt sp\u0113c\u012bga antioksidanta iedarb\u012bba un atjauno vesel\u012bgu \u0101das mirdzumu. Pal\u012bdz saglab\u0101t \u0101das gludumu, nov\u0113r\u0161 elast\u012bbas zudumu un [&hellip;]<\/p>\n","protected":false},"featured_media":13282,"comment_status":"open","ping_status":"closed","template":"","meta":{"site-sidebar-layout":"default","site-content-layout":"","ast-site-content-layout":"","site-content-style":"default","site-sidebar-style":"default","ast-global-header-display":"","ast-banner-title-visibility":"","ast-main-header-display":"","ast-hfb-above-header-display":"","ast-hfb-below-header-display":"","ast-hfb-mobile-header-display":"","site-post-title":"","ast-breadcrumbs-content":"","ast-featured-img":"","footer-sml-layout":"","theme-transparent-header-meta":"","adv-header-id-meta":"","stick-header-meta":"","header-above-stick-meta":"","header-main-stick-meta":"","header-below-stick-meta":"","astra-migrate-meta-layouts":"default","ast-page-background-enabled":"default","ast-page-background-meta":{"desktop":{"background-color":"var(--ast-global-color-4)","background-image":"","background-repeat":"repeat","background-position":"center center","background-size":"auto","background-attachment":"scroll","background-type":"","background-media":"","overlay-type":"","overlay-color":"","overlay-opacity":"","overlay-gradient":""},"tablet":{"background-color":"","background-image":"","background-repeat":"repeat","background-position":"center center","background-size":"auto","background-attachment":"scroll","background-type":"","background-media":"","overlay-type":"","overlay-color":"","overlay-opacity":"","overlay-gradient":""},"mobile":{"background-color":"","background-image":"","background-repeat":"repeat","background-position":"center center","background-size":"auto","background-attachment":"scroll","background-type":"","background-media":"","overlay-type":"","overlay-color":"","overlay-opacity":"","overlay-gradient":""}},"ast-content-background-meta":{"desktop":{"background-color":"var(--ast-global-color-5)","background-image":"","background-repeat":"repeat","background-position":"center center","background-size":"auto","background-attachment":"scroll","background-type":"","background-media":"","overlay-type":"","overlay-color":"","overlay-opacity":"","overlay-gradient":""},"tablet":{"background-color":"var(--ast-global-color-5)","background-image":"","background-repeat":"repeat","background-position":"center center","background-size":"auto","background-attachment":"scroll","background-type":"","background-media":"","overlay-type":"","overlay-color":"","overlay-opacity":"","overlay-gradient":""},"mobile":{"background-color":"var(--ast-global-color-5)","background-image":"","background-repeat":"repeat","background-position":"center center","background-size":"auto","background-attachment":"scroll","background-type":"","background-media":"","overlay-type":"","overlay-color":"","overlay-opacity":"","overlay-gradient":""}}},"product_brand":[],"product_cat":[370,371,372,373,374,363],"product_tag":[],"class_list":{"0":"post-13279","1":"product","2":"type-product","3":"status-publish","4":"has-post-thumbnail","6":"product_cat-adas-mirdzumam","7":"product_cat-anti-age","8":"product_cat-jutigai-adai-serumi","9":"product_cat-poras-sasaurinoss","10":"product_cat-pret-pinnem","11":"product_cat-serumi","12":"desktop-align-left","13":"tablet-align-left","14":"mobile-align-left","16":"first","17":"outofstock","18":"taxable","19":"shipping-taxable","20":"purchasable","21":"product-type-simple","22":"add-to-wishlist-before_image"},"yoast_head":"<!-- This site is optimized with the Yoast SEO plugin v27.3 - https:\/\/yoast.com\/product\/yoast-seo-wordpress\/ -->\n<title>ANUA Peach 70% Niacin Serum 30ml - FACECORNER<\/title>\n<meta name=\"robots\" content=\"index, follow, max-snippet:-1, max-image-preview:large, max-video-preview:-1\" \/>\n<link rel=\"canonical\" href=\"https:\/\/www.facecorner.lv\/lv\/shop\/anua-peach-70-niacin-serum-30ml\/\" \/>\n<meta property=\"og:locale\" content=\"lv_LV\" \/>\n<meta property=\"og:type\" content=\"article\" \/>\n<meta property=\"og:title\" content=\"ANUA Peach 70% Niacin Serum 30ml - FACECORNER\" \/>\n<meta property=\"og:description\" content=\"Toniz\u0113jo\u0161s sejas serums ar persiku ekstraktu un niacinam\u012bdu, kas nodro\u0161ina dzi\u013cu mitrin\u0101\u0161anu un vienm\u0113r\u012bgu toni, k\u0101 ar\u012b vesel\u012bgu mirdzumu \u0101dai. Priek\u0161roc\u012bbas: Dzi\u013ci mitrina un m\u012bkstina \u0101du, nov\u0113r\u0161ot sausumu un dehidrat\u0101ciju, k\u0101 ar\u012b nov\u0113r\u0161 lob\u012b\u0161anos. Pal\u012bdz izl\u012bdzin\u0101t \u0101das toni, piem\u012bt sp\u0113c\u012bga antioksidanta iedarb\u012bba un atjauno vesel\u012bgu \u0101das mirdzumu. Pal\u012bdz saglab\u0101t \u0101das gludumu, nov\u0113r\u0161 elast\u012bbas zudumu un [&hellip;]\" \/>\n<meta property=\"og:url\" content=\"https:\/\/www.facecorner.lv\/lv\/shop\/anua-peach-70-niacin-serum-30ml\/\" \/>\n<meta property=\"og:site_name\" content=\"FACECORNER\" \/>\n<meta property=\"article:publisher\" content=\"https:\/\/www.facebook.com\/profile.php?id=100063824551839\" \/>\n<meta property=\"article:modified_time\" content=\"2024-12-11T13:31:58+00:00\" \/>\n<meta property=\"og:image\" content=\"https:\/\/www.facecorner.lv\/wp-content\/uploads\/2023\/12\/image-5-_47_-_1_.png\" \/>\n\t<meta property=\"og:image:width\" content=\"1000\" \/>\n\t<meta property=\"og:image:height\" content=\"1000\" \/>\n\t<meta property=\"og:image:type\" content=\"image\/png\" \/>\n<meta name=\"twitter:card\" content=\"summary_large_image\" \/>\n<meta name=\"twitter:label1\" content=\"Price\" \/>\n\t<meta name=\"twitter:data1\" content=\"&euro;27.00\" \/>\n\t<meta name=\"twitter:label2\" content=\"Availability\" \/>\n\t<meta name=\"twitter:data2\" content=\"Out of stock\" \/>\n<script type=\"application\/ld+json\" class=\"yoast-schema-graph\">{\"@context\":\"https:\\\/\\\/schema.org\",\"@graph\":[{\"@type\":\"WebPage\",\"@id\":\"https:\\\/\\\/www.facecorner.lv\\\/shop\\\/anua-peach-70-niacin-serum-30ml\\\/\",\"url\":\"https:\\\/\\\/www.facecorner.lv\\\/shop\\\/anua-peach-70-niacin-serum-30ml\\\/\",\"name\":\"ANUA Peach 70% Niacin Serum 30ml - FACECORNER\",\"isPartOf\":{\"@id\":\"https:\\\/\\\/www.facecorner.lv\\\/#website\"},\"primaryImageOfPage\":{\"@id\":\"https:\\\/\\\/www.facecorner.lv\\\/shop\\\/anua-peach-70-niacin-serum-30ml\\\/#primaryimage\"},\"image\":{\"@id\":\"https:\\\/\\\/www.facecorner.lv\\\/shop\\\/anua-peach-70-niacin-serum-30ml\\\/#primaryimage\"},\"thumbnailUrl\":\"https:\\\/\\\/www.facecorner.lv\\\/wp-content\\\/uploads\\\/2023\\\/12\\\/image-5-_47_-_1_.png\",\"datePublished\":\"2023-12-06T12:02:00+00:00\",\"dateModified\":\"2024-12-11T13:31:58+00:00\",\"breadcrumb\":{\"@id\":\"https:\\\/\\\/www.facecorner.lv\\\/shop\\\/anua-peach-70-niacin-serum-30ml\\\/#breadcrumb\"},\"inLanguage\":\"lv-LV\",\"potentialAction\":[{\"@type\":\"ReadAction\",\"target\":[\"https:\\\/\\\/www.facecorner.lv\\\/shop\\\/anua-peach-70-niacin-serum-30ml\\\/\"]}]},{\"@type\":\"ImageObject\",\"inLanguage\":\"lv-LV\",\"@id\":\"https:\\\/\\\/www.facecorner.lv\\\/shop\\\/anua-peach-70-niacin-serum-30ml\\\/#primaryimage\",\"url\":\"https:\\\/\\\/www.facecorner.lv\\\/wp-content\\\/uploads\\\/2023\\\/12\\\/image-5-_47_-_1_.png\",\"contentUrl\":\"https:\\\/\\\/www.facecorner.lv\\\/wp-content\\\/uploads\\\/2023\\\/12\\\/image-5-_47_-_1_.png\",\"width\":1000,\"height\":1000},{\"@type\":\"BreadcrumbList\",\"@id\":\"https:\\\/\\\/www.facecorner.lv\\\/shop\\\/anua-peach-70-niacin-serum-30ml\\\/#breadcrumb\",\"itemListElement\":[{\"@type\":\"ListItem\",\"position\":1,\"name\":\"Home\",\"item\":\"https:\\\/\\\/www.facecorner.lv\\\/\"},{\"@type\":\"ListItem\",\"position\":2,\"name\":\"Veikals\",\"item\":\"https:\\\/\\\/www.facecorner.lv\\\/shop\\\/\"},{\"@type\":\"ListItem\",\"position\":3,\"name\":\"ANUA Peach 70% Niacin Serum 30ml\"}]},{\"@type\":\"WebSite\",\"@id\":\"https:\\\/\\\/www.facecorner.lv\\\/#website\",\"url\":\"https:\\\/\\\/www.facecorner.lv\\\/\",\"name\":\"Facecorner\",\"description\":\"\",\"publisher\":{\"@id\":\"https:\\\/\\\/www.facecorner.lv\\\/#organization\"},\"potentialAction\":[{\"@type\":\"SearchAction\",\"target\":{\"@type\":\"EntryPoint\",\"urlTemplate\":\"https:\\\/\\\/www.facecorner.lv\\\/?s={search_term_string}\"},\"query-input\":{\"@type\":\"PropertyValueSpecification\",\"valueRequired\":true,\"valueName\":\"search_term_string\"}}],\"inLanguage\":\"lv-LV\"},{\"@type\":\"Organization\",\"@id\":\"https:\\\/\\\/www.facecorner.lv\\\/#organization\",\"name\":\"Facecorner\",\"url\":\"https:\\\/\\\/www.facecorner.lv\\\/\",\"logo\":{\"@type\":\"ImageObject\",\"inLanguage\":\"lv-LV\",\"@id\":\"https:\\\/\\\/www.facecorner.lv\\\/#\\\/schema\\\/logo\\\/image\\\/\",\"url\":\"https:\\\/\\\/www.facecorner.lv\\\/wp-content\\\/uploads\\\/2024\\\/04\\\/fc-logo.jpg\",\"contentUrl\":\"https:\\\/\\\/www.facecorner.lv\\\/wp-content\\\/uploads\\\/2024\\\/04\\\/fc-logo.jpg\",\"width\":174,\"height\":28,\"caption\":\"Facecorner\"},\"image\":{\"@id\":\"https:\\\/\\\/www.facecorner.lv\\\/#\\\/schema\\\/logo\\\/image\\\/\"},\"sameAs\":[\"https:\\\/\\\/www.facebook.com\\\/profile.php?id=100063824551839\",\"https:\\\/\\\/www.instagram.com\\\/facecorner_shop\\\/\"]}]}<\/script>\n<meta property=\"product:price:amount\" content=\"27.00\" \/>\n<meta property=\"product:price:currency\" content=\"EUR\" \/>\n<meta property=\"og:availability\" content=\"out of stock\" \/>\n<meta property=\"product:availability\" content=\"out of stock\" \/>\n<meta property=\"product:condition\" content=\"new\" \/>\n<!-- \/ Yoast SEO plugin. -->","yoast_head_json":{"title":"ANUA Peach 70% Niacin Serum 30ml - FACECORNER","robots":{"index":"index","follow":"follow","max-snippet":"max-snippet:-1","max-image-preview":"max-image-preview:large","max-video-preview":"max-video-preview:-1"},"canonical":"https:\/\/www.facecorner.lv\/lv\/shop\/anua-peach-70-niacin-serum-30ml\/","og_locale":"lv_LV","og_type":"article","og_title":"ANUA Peach 70% Niacin Serum 30ml - FACECORNER","og_description":"Toniz\u0113jo\u0161s sejas serums ar persiku ekstraktu un niacinam\u012bdu, kas nodro\u0161ina dzi\u013cu mitrin\u0101\u0161anu un vienm\u0113r\u012bgu toni, k\u0101 ar\u012b vesel\u012bgu mirdzumu \u0101dai. Priek\u0161roc\u012bbas: Dzi\u013ci mitrina un m\u012bkstina \u0101du, nov\u0113r\u0161ot sausumu un dehidrat\u0101ciju, k\u0101 ar\u012b nov\u0113r\u0161 lob\u012b\u0161anos. Pal\u012bdz izl\u012bdzin\u0101t \u0101das toni, piem\u012bt sp\u0113c\u012bga antioksidanta iedarb\u012bba un atjauno vesel\u012bgu \u0101das mirdzumu. Pal\u012bdz saglab\u0101t \u0101das gludumu, nov\u0113r\u0161 elast\u012bbas zudumu un [&hellip;]","og_url":"https:\/\/www.facecorner.lv\/lv\/shop\/anua-peach-70-niacin-serum-30ml\/","og_site_name":"FACECORNER","article_publisher":"https:\/\/www.facebook.com\/profile.php?id=100063824551839","article_modified_time":"2024-12-11T13:31:58+00:00","og_image":[{"width":1000,"height":1000,"url":"https:\/\/www.facecorner.lv\/wp-content\/uploads\/2023\/12\/image-5-_47_-_1_.png","type":"image\/png"}],"twitter_card":"summary_large_image","twitter_misc":{"Price":"&euro;27.00","Availability":"Out of stock"},"schema":{"@context":"https:\/\/schema.org","@graph":[{"@type":"WebPage","@id":"https:\/\/www.facecorner.lv\/shop\/anua-peach-70-niacin-serum-30ml\/","url":"https:\/\/www.facecorner.lv\/shop\/anua-peach-70-niacin-serum-30ml\/","name":"ANUA Peach 70% Niacin Serum 30ml - FACECORNER","isPartOf":{"@id":"https:\/\/www.facecorner.lv\/#website"},"primaryImageOfPage":{"@id":"https:\/\/www.facecorner.lv\/shop\/anua-peach-70-niacin-serum-30ml\/#primaryimage"},"image":{"@id":"https:\/\/www.facecorner.lv\/shop\/anua-peach-70-niacin-serum-30ml\/#primaryimage"},"thumbnailUrl":"https:\/\/www.facecorner.lv\/wp-content\/uploads\/2023\/12\/image-5-_47_-_1_.png","datePublished":"2023-12-06T12:02:00+00:00","dateModified":"2024-12-11T13:31:58+00:00","breadcrumb":{"@id":"https:\/\/www.facecorner.lv\/shop\/anua-peach-70-niacin-serum-30ml\/#breadcrumb"},"inLanguage":"lv-LV","potentialAction":[{"@type":"ReadAction","target":["https:\/\/www.facecorner.lv\/shop\/anua-peach-70-niacin-serum-30ml\/"]}]},{"@type":"ImageObject","inLanguage":"lv-LV","@id":"https:\/\/www.facecorner.lv\/shop\/anua-peach-70-niacin-serum-30ml\/#primaryimage","url":"https:\/\/www.facecorner.lv\/wp-content\/uploads\/2023\/12\/image-5-_47_-_1_.png","contentUrl":"https:\/\/www.facecorner.lv\/wp-content\/uploads\/2023\/12\/image-5-_47_-_1_.png","width":1000,"height":1000},{"@type":"BreadcrumbList","@id":"https:\/\/www.facecorner.lv\/shop\/anua-peach-70-niacin-serum-30ml\/#breadcrumb","itemListElement":[{"@type":"ListItem","position":1,"name":"Home","item":"https:\/\/www.facecorner.lv\/"},{"@type":"ListItem","position":2,"name":"Veikals","item":"https:\/\/www.facecorner.lv\/shop\/"},{"@type":"ListItem","position":3,"name":"ANUA Peach 70% Niacin Serum 30ml"}]},{"@type":"WebSite","@id":"https:\/\/www.facecorner.lv\/#website","url":"https:\/\/www.facecorner.lv\/","name":"Facecorner","description":"","publisher":{"@id":"https:\/\/www.facecorner.lv\/#organization"},"potentialAction":[{"@type":"SearchAction","target":{"@type":"EntryPoint","urlTemplate":"https:\/\/www.facecorner.lv\/?s={search_term_string}"},"query-input":{"@type":"PropertyValueSpecification","valueRequired":true,"valueName":"search_term_string"}}],"inLanguage":"lv-LV"},{"@type":"Organization","@id":"https:\/\/www.facecorner.lv\/#organization","name":"Facecorner","url":"https:\/\/www.facecorner.lv\/","logo":{"@type":"ImageObject","inLanguage":"lv-LV","@id":"https:\/\/www.facecorner.lv\/#\/schema\/logo\/image\/","url":"https:\/\/www.facecorner.lv\/wp-content\/uploads\/2024\/04\/fc-logo.jpg","contentUrl":"https:\/\/www.facecorner.lv\/wp-content\/uploads\/2024\/04\/fc-logo.jpg","width":174,"height":28,"caption":"Facecorner"},"image":{"@id":"https:\/\/www.facecorner.lv\/#\/schema\/logo\/image\/"},"sameAs":["https:\/\/www.facebook.com\/profile.php?id=100063824551839","https:\/\/www.instagram.com\/facecorner_shop\/"]}]},"product_price_amount":"27.00","product_price_currency":"EUR","og_availability":"out of stock","product_availability":"out of stock","product_condition":"new"},"_links":{"self":[{"href":"https:\/\/www.facecorner.lv\/lv\/wp-json\/wp\/v2\/product\/13279","targetHints":{"allow":["GET"]}}],"collection":[{"href":"https:\/\/www.facecorner.lv\/lv\/wp-json\/wp\/v2\/product"}],"about":[{"href":"https:\/\/www.facecorner.lv\/lv\/wp-json\/wp\/v2\/types\/product"}],"replies":[{"embeddable":true,"href":"https:\/\/www.facecorner.lv\/lv\/wp-json\/wp\/v2\/comments?post=13279"}],"wp:featuredmedia":[{"embeddable":true,"href":"https:\/\/www.facecorner.lv\/lv\/wp-json\/wp\/v2\/media\/13282"}],"wp:attachment":[{"href":"https:\/\/www.facecorner.lv\/lv\/wp-json\/wp\/v2\/media?parent=13279"}],"wp:term":[{"taxonomy":"product_brand","embeddable":true,"href":"https:\/\/www.facecorner.lv\/lv\/wp-json\/wp\/v2\/product_brand?post=13279"},{"taxonomy":"product_cat","embeddable":true,"href":"https:\/\/www.facecorner.lv\/lv\/wp-json\/wp\/v2\/product_cat?post=13279"},{"taxonomy":"product_tag","embeddable":true,"href":"https:\/\/www.facecorner.lv\/lv\/wp-json\/wp\/v2\/product_tag?post=13279"}],"curies":[{"name":"wp","href":"https:\/\/api.w.org\/{rel}","templated":true}]}}