{"id":13272,"date":"2023-12-06T13:54:24","date_gmt":"2023-12-06T11:54:24","guid":{"rendered":"https:\/\/www.facecorner.lv\/?post_type=product&#038;p=13272"},"modified":"2024-12-02T23:51:53","modified_gmt":"2024-12-02T20:51:53","slug":"unleashia-healthy-green-cushion","status":"publish","type":"product","link":"https:\/\/www.facecorner.lv\/lv\/shop\/unleashia-healthy-green-cushion\/","title":{"rendered":"UNLEASHIA Healthy Green Cushion"},"content":{"rendered":"<p>Pamatnes spilvens ar sat\u012bna apdari nodro\u0161ina nepiln\u012bbu p\u0101rkl\u0101jumu, ilgsto\u0161u p\u0101rkl\u0101jumu, vienm\u0113r\u012bgu \u0101das toni un m\u012bkstu, vesel\u012bgu mirdzumu.<\/p>\n<p><strong style=\"color: var(--g5-color-text-main); font-family: var(--g5-body-font); font-size: var(--g5-body-font-size); font-style: var(--g5-body-font-style); letter-spacing: var(--g5-body-letter-spacing); text-transform: var(--g5-body-text-transform);\">Priek\u0161roc\u012bbas:<\/strong><\/p>\n<ul>\n<li>Izveido bezsvara p\u0101rkl\u0101jumu uz \u0101das ar m\u012bkstu sat\u012bna apdari, kas p\u0101rv\u0113r\u0161as no da\u013c\u0113ji mat\u0113ta.<\/li>\n<li>Pateicoties augstajai notur\u012bbai, izl\u012bdzina \u0101das toni un mask\u0113 nepiln\u012bbas visas dienas garum\u0101.<\/li>\n<li>Nesausina \u0101du un pasarg\u0101 to no dehidrat\u0101cijas.<\/li>\n<li>Ir papildu saules aizsardz\u012bbas faktors SPF30 PA++.<\/li>\n<\/ul>\n<p><strong>Pal\u012bgkomponenti:<\/strong><\/p>\n<ul>\n<li>Niacinam\u012bdam piem\u012bt nomierino\u0161a un pretiekaisuma iedarb\u012bba, nov\u0113r\u0161 izsitumu un aps\u0101rtumu par\u0101d\u012b\u0161anos.<\/li>\n<li>Skval\u0101ns atjauno \u0101das barjerfunkciju, akt\u012bvi baro un m\u012bkstina, nov\u0113r\u0161ot sausumu un lob\u012b\u0161anos un nov\u0113r\u0161ot mitruma zudumu.<\/li>\n<li>Kumel\u012b\u0161u ekstraktam piem\u012bt pretiekaisuma, antibakteri\u0101las un nomierino\u0161as \u012bpa\u0161\u012bbas, pal\u012bdz uzlabot mikrocirkul\u0101ciju.<\/li>\n<\/ul>\n<p><strong>Lieto\u0161ana:<\/strong> Atveriet korpusu un nospiediet s\u0101nu, lai atbr\u012bvotu produktu uz s\u016bk\u013ca. Uzkl\u0101jiet produktu uz sejas ar gl\u0101sto\u0161\u0101m kust\u012bb\u0101m. Ja nepiecie\u0161ams, atk\u0101rtojiet.<\/p>\n<p><strong>S\u0101stavs:\u00a0<\/strong>Water, Titanium Dioxide, Diphenylsiloxy Phenyl Trimethicone, Butylene Glycol, Butyloctyl Salicylate, Ethylhexyl Stearate, C12-15 Alkyl Benzoate, Cyclopentasiloxane, Glycerin, Cetyl PEG\/PPG-10\/1 Dimethicone, Polyglyceryl-4 Isostearate, Pentaerythrityl Tetraisostearate, Niacinamide, Iron Oxides (CI 77492), Squalane, PVP, Cyclohexasiloxane, Dimer Dilinoleyl Dimer Dilinoleate, Disteardimonium Hectorite, Magnesium Sulfate, Trimethylsiloxysilicate, Polyphenylsilsesquioxane, Tribehenin, Acrylates\/Stearyl Acrylate\/Dimethicone Methacrylate Copolymer, Iron Oxides (CI 77491), Triethoxycaprylylsilane, Aluminum Hydroxide, Caprylyl Glycol, Iron Oxides (CI 77499), Bakuchiol, Ethylhexylglycerin, Adenosine, 1,2-Hexanediol, Carica Papaya (Papaya) Fruit Water, Chamomilla Recutita (Matricaria) Flower Extract, Polyglutamic Acid, Polymethylsilsesquioxane, Carum Petroselinum (Parsley) Extract<\/p>\n","protected":false},"excerpt":{"rendered":"<p>Pamatnes spilvens ar sat\u012bna apdari nodro\u0161ina nepiln\u012bbu p\u0101rkl\u0101jumu, ilgsto\u0161u p\u0101rkl\u0101jumu, vienm\u0113r\u012bgu \u0101das toni un m\u012bkstu, vesel\u012bgu mirdzumu. Priek\u0161roc\u012bbas: Izveido bezsvara p\u0101rkl\u0101jumu uz \u0101das ar m\u012bkstu sat\u012bna apdari, kas p\u0101rv\u0113r\u0161as no da\u013c\u0113ji mat\u0113ta. Pateicoties augstajai notur\u012bbai, izl\u012bdzina \u0101das toni un mask\u0113 nepiln\u012bbas visas dienas garum\u0101. Nesausina \u0101du un pasarg\u0101 to no dehidrat\u0101cijas. Ir papildu saules aizsardz\u012bbas [&hellip;]<\/p>\n","protected":false},"featured_media":13273,"comment_status":"open","ping_status":"closed","template":"","meta":{"site-sidebar-layout":"default","site-content-layout":"","ast-site-content-layout":"","site-content-style":"default","site-sidebar-style":"default","ast-global-header-display":"","ast-banner-title-visibility":"","ast-main-header-display":"","ast-hfb-above-header-display":"","ast-hfb-below-header-display":"","ast-hfb-mobile-header-display":"","site-post-title":"","ast-breadcrumbs-content":"","ast-featured-img":"","footer-sml-layout":"","theme-transparent-header-meta":"","adv-header-id-meta":"","stick-header-meta":"","header-above-stick-meta":"","header-main-stick-meta":"","header-below-stick-meta":"","astra-migrate-meta-layouts":"default","ast-page-background-enabled":"default","ast-page-background-meta":{"desktop":{"background-color":"var(--ast-global-color-4)","background-image":"","background-repeat":"repeat","background-position":"center center","background-size":"auto","background-attachment":"scroll","background-type":"","background-media":"","overlay-type":"","overlay-color":"","overlay-opacity":"","overlay-gradient":""},"tablet":{"background-color":"","background-image":"","background-repeat":"repeat","background-position":"center center","background-size":"auto","background-attachment":"scroll","background-type":"","background-media":"","overlay-type":"","overlay-color":"","overlay-opacity":"","overlay-gradient":""},"mobile":{"background-color":"","background-image":"","background-repeat":"repeat","background-position":"center center","background-size":"auto","background-attachment":"scroll","background-type":"","background-media":"","overlay-type":"","overlay-color":"","overlay-opacity":"","overlay-gradient":""}},"ast-content-background-meta":{"desktop":{"background-color":"var(--ast-global-color-5)","background-image":"","background-repeat":"repeat","background-position":"center center","background-size":"auto","background-attachment":"scroll","background-type":"","background-media":"","overlay-type":"","overlay-color":"","overlay-opacity":"","overlay-gradient":""},"tablet":{"background-color":"var(--ast-global-color-5)","background-image":"","background-repeat":"repeat","background-position":"center center","background-size":"auto","background-attachment":"scroll","background-type":"","background-media":"","overlay-type":"","overlay-color":"","overlay-opacity":"","overlay-gradient":""},"mobile":{"background-color":"var(--ast-global-color-5)","background-image":"","background-repeat":"repeat","background-position":"center center","background-size":"auto","background-attachment":"scroll","background-type":"","background-media":"","overlay-type":"","overlay-color":"","overlay-opacity":"","overlay-gradient":""}}},"product_brand":[],"product_cat":[319],"product_tag":[],"berocket_brand":[590],"class_list":{"0":"post-13272","1":"product","2":"type-product","3":"status-publish","4":"has-post-thumbnail","6":"product_cat-dekorativa-kosmetika","7":"berocket_brand-unleashia","8":"desktop-align-left","9":"tablet-align-left","10":"mobile-align-left","12":"first","13":"outofstock","14":"taxable","15":"shipping-taxable","16":"purchasable","17":"product-type-variable","18":"add-to-wishlist-before_image"},"yoast_head":"<!-- This site is optimized with the Yoast SEO plugin v27.3 - https:\/\/yoast.com\/product\/yoast-seo-wordpress\/ -->\n<title>UNLEASHIA Healthy Green Cushion - FACECORNER<\/title>\n<meta name=\"robots\" content=\"index, follow, max-snippet:-1, max-image-preview:large, max-video-preview:-1\" \/>\n<link rel=\"canonical\" href=\"https:\/\/www.facecorner.lv\/lv\/shop\/unleashia-healthy-green-cushion\/\" \/>\n<meta property=\"og:locale\" content=\"lv_LV\" \/>\n<meta property=\"og:type\" content=\"article\" \/>\n<meta property=\"og:title\" content=\"UNLEASHIA Healthy Green Cushion - FACECORNER\" \/>\n<meta property=\"og:description\" content=\"Pamatnes spilvens ar sat\u012bna apdari nodro\u0161ina nepiln\u012bbu p\u0101rkl\u0101jumu, ilgsto\u0161u p\u0101rkl\u0101jumu, vienm\u0113r\u012bgu \u0101das toni un m\u012bkstu, vesel\u012bgu mirdzumu. Priek\u0161roc\u012bbas: Izveido bezsvara p\u0101rkl\u0101jumu uz \u0101das ar m\u012bkstu sat\u012bna apdari, kas p\u0101rv\u0113r\u0161as no da\u013c\u0113ji mat\u0113ta. Pateicoties augstajai notur\u012bbai, izl\u012bdzina \u0101das toni un mask\u0113 nepiln\u012bbas visas dienas garum\u0101. Nesausina \u0101du un pasarg\u0101 to no dehidrat\u0101cijas. Ir papildu saules aizsardz\u012bbas [&hellip;]\" \/>\n<meta property=\"og:url\" content=\"https:\/\/www.facecorner.lv\/lv\/shop\/unleashia-healthy-green-cushion\/\" \/>\n<meta property=\"og:site_name\" content=\"FACECORNER\" \/>\n<meta property=\"article:publisher\" content=\"https:\/\/www.facebook.com\/profile.php?id=100063824551839\" \/>\n<meta property=\"article:modified_time\" content=\"2024-12-02T20:51:53+00:00\" \/>\n<meta property=\"og:image\" content=\"https:\/\/www.facecorner.lv\/wp-content\/uploads\/2023\/12\/2253c9_a500b03c130b4d528f680214a82ee327mv2.webp\" \/>\n\t<meta property=\"og:image:width\" content=\"860\" \/>\n\t<meta property=\"og:image:height\" content=\"990\" \/>\n\t<meta property=\"og:image:type\" content=\"image\/webp\" \/>\n<meta name=\"twitter:card\" content=\"summary_large_image\" \/>\n<meta name=\"twitter:label1\" content=\"Availability\" \/>\n\t<meta name=\"twitter:data1\" content=\"Out of stock\" \/>\n<script type=\"application\/ld+json\" class=\"yoast-schema-graph\">{\"@context\":\"https:\\\/\\\/schema.org\",\"@graph\":[{\"@type\":\"WebPage\",\"@id\":\"https:\\\/\\\/www.facecorner.lv\\\/shop\\\/unleashia-healthy-green-cushion\\\/\",\"url\":\"https:\\\/\\\/www.facecorner.lv\\\/shop\\\/unleashia-healthy-green-cushion\\\/\",\"name\":\"UNLEASHIA Healthy Green Cushion - FACECORNER\",\"isPartOf\":{\"@id\":\"https:\\\/\\\/www.facecorner.lv\\\/#website\"},\"primaryImageOfPage\":{\"@id\":\"https:\\\/\\\/www.facecorner.lv\\\/shop\\\/unleashia-healthy-green-cushion\\\/#primaryimage\"},\"image\":{\"@id\":\"https:\\\/\\\/www.facecorner.lv\\\/shop\\\/unleashia-healthy-green-cushion\\\/#primaryimage\"},\"thumbnailUrl\":\"https:\\\/\\\/www.facecorner.lv\\\/wp-content\\\/uploads\\\/2023\\\/12\\\/2253c9_a500b03c130b4d528f680214a82ee327mv2.webp\",\"datePublished\":\"2023-12-06T11:54:24+00:00\",\"dateModified\":\"2024-12-02T20:51:53+00:00\",\"breadcrumb\":{\"@id\":\"https:\\\/\\\/www.facecorner.lv\\\/shop\\\/unleashia-healthy-green-cushion\\\/#breadcrumb\"},\"inLanguage\":\"lv-LV\",\"potentialAction\":[{\"@type\":\"ReadAction\",\"target\":[\"https:\\\/\\\/www.facecorner.lv\\\/shop\\\/unleashia-healthy-green-cushion\\\/\"]}]},{\"@type\":\"ImageObject\",\"inLanguage\":\"lv-LV\",\"@id\":\"https:\\\/\\\/www.facecorner.lv\\\/shop\\\/unleashia-healthy-green-cushion\\\/#primaryimage\",\"url\":\"https:\\\/\\\/www.facecorner.lv\\\/wp-content\\\/uploads\\\/2023\\\/12\\\/2253c9_a500b03c130b4d528f680214a82ee327mv2.webp\",\"contentUrl\":\"https:\\\/\\\/www.facecorner.lv\\\/wp-content\\\/uploads\\\/2023\\\/12\\\/2253c9_a500b03c130b4d528f680214a82ee327mv2.webp\",\"width\":860,\"height\":990},{\"@type\":\"BreadcrumbList\",\"@id\":\"https:\\\/\\\/www.facecorner.lv\\\/shop\\\/unleashia-healthy-green-cushion\\\/#breadcrumb\",\"itemListElement\":[{\"@type\":\"ListItem\",\"position\":1,\"name\":\"Home\",\"item\":\"https:\\\/\\\/www.facecorner.lv\\\/\"},{\"@type\":\"ListItem\",\"position\":2,\"name\":\"Veikals\",\"item\":\"https:\\\/\\\/www.facecorner.lv\\\/shop\\\/\"},{\"@type\":\"ListItem\",\"position\":3,\"name\":\"UNLEASHIA Healthy Green Cushion\"}]},{\"@type\":\"WebSite\",\"@id\":\"https:\\\/\\\/www.facecorner.lv\\\/#website\",\"url\":\"https:\\\/\\\/www.facecorner.lv\\\/\",\"name\":\"Facecorner\",\"description\":\"\",\"publisher\":{\"@id\":\"https:\\\/\\\/www.facecorner.lv\\\/#organization\"},\"potentialAction\":[{\"@type\":\"SearchAction\",\"target\":{\"@type\":\"EntryPoint\",\"urlTemplate\":\"https:\\\/\\\/www.facecorner.lv\\\/?s={search_term_string}\"},\"query-input\":{\"@type\":\"PropertyValueSpecification\",\"valueRequired\":true,\"valueName\":\"search_term_string\"}}],\"inLanguage\":\"lv-LV\"},{\"@type\":\"Organization\",\"@id\":\"https:\\\/\\\/www.facecorner.lv\\\/#organization\",\"name\":\"Facecorner\",\"url\":\"https:\\\/\\\/www.facecorner.lv\\\/\",\"logo\":{\"@type\":\"ImageObject\",\"inLanguage\":\"lv-LV\",\"@id\":\"https:\\\/\\\/www.facecorner.lv\\\/#\\\/schema\\\/logo\\\/image\\\/\",\"url\":\"https:\\\/\\\/www.facecorner.lv\\\/wp-content\\\/uploads\\\/2024\\\/04\\\/fc-logo.jpg\",\"contentUrl\":\"https:\\\/\\\/www.facecorner.lv\\\/wp-content\\\/uploads\\\/2024\\\/04\\\/fc-logo.jpg\",\"width\":174,\"height\":28,\"caption\":\"Facecorner\"},\"image\":{\"@id\":\"https:\\\/\\\/www.facecorner.lv\\\/#\\\/schema\\\/logo\\\/image\\\/\"},\"sameAs\":[\"https:\\\/\\\/www.facebook.com\\\/profile.php?id=100063824551839\",\"https:\\\/\\\/www.instagram.com\\\/facecorner_shop\\\/\"]}]}<\/script>\n<meta property=\"og:availability\" content=\"out of stock\" \/>\n<meta property=\"product:availability\" content=\"out of stock\" \/>\n<meta property=\"product:condition\" content=\"new\" \/>\n<!-- \/ Yoast SEO plugin. -->","yoast_head_json":{"title":"UNLEASHIA Healthy Green Cushion - FACECORNER","robots":{"index":"index","follow":"follow","max-snippet":"max-snippet:-1","max-image-preview":"max-image-preview:large","max-video-preview":"max-video-preview:-1"},"canonical":"https:\/\/www.facecorner.lv\/lv\/shop\/unleashia-healthy-green-cushion\/","og_locale":"lv_LV","og_type":"article","og_title":"UNLEASHIA Healthy Green Cushion - FACECORNER","og_description":"Pamatnes spilvens ar sat\u012bna apdari nodro\u0161ina nepiln\u012bbu p\u0101rkl\u0101jumu, ilgsto\u0161u p\u0101rkl\u0101jumu, vienm\u0113r\u012bgu \u0101das toni un m\u012bkstu, vesel\u012bgu mirdzumu. Priek\u0161roc\u012bbas: Izveido bezsvara p\u0101rkl\u0101jumu uz \u0101das ar m\u012bkstu sat\u012bna apdari, kas p\u0101rv\u0113r\u0161as no da\u013c\u0113ji mat\u0113ta. Pateicoties augstajai notur\u012bbai, izl\u012bdzina \u0101das toni un mask\u0113 nepiln\u012bbas visas dienas garum\u0101. Nesausina \u0101du un pasarg\u0101 to no dehidrat\u0101cijas. Ir papildu saules aizsardz\u012bbas [&hellip;]","og_url":"https:\/\/www.facecorner.lv\/lv\/shop\/unleashia-healthy-green-cushion\/","og_site_name":"FACECORNER","article_publisher":"https:\/\/www.facebook.com\/profile.php?id=100063824551839","article_modified_time":"2024-12-02T20:51:53+00:00","og_image":[{"width":860,"height":990,"url":"https:\/\/www.facecorner.lv\/wp-content\/uploads\/2023\/12\/2253c9_a500b03c130b4d528f680214a82ee327mv2.webp","type":"image\/webp"}],"twitter_card":"summary_large_image","twitter_misc":{"Availability":"Out of stock"},"schema":{"@context":"https:\/\/schema.org","@graph":[{"@type":"WebPage","@id":"https:\/\/www.facecorner.lv\/shop\/unleashia-healthy-green-cushion\/","url":"https:\/\/www.facecorner.lv\/shop\/unleashia-healthy-green-cushion\/","name":"UNLEASHIA Healthy Green Cushion - FACECORNER","isPartOf":{"@id":"https:\/\/www.facecorner.lv\/#website"},"primaryImageOfPage":{"@id":"https:\/\/www.facecorner.lv\/shop\/unleashia-healthy-green-cushion\/#primaryimage"},"image":{"@id":"https:\/\/www.facecorner.lv\/shop\/unleashia-healthy-green-cushion\/#primaryimage"},"thumbnailUrl":"https:\/\/www.facecorner.lv\/wp-content\/uploads\/2023\/12\/2253c9_a500b03c130b4d528f680214a82ee327mv2.webp","datePublished":"2023-12-06T11:54:24+00:00","dateModified":"2024-12-02T20:51:53+00:00","breadcrumb":{"@id":"https:\/\/www.facecorner.lv\/shop\/unleashia-healthy-green-cushion\/#breadcrumb"},"inLanguage":"lv-LV","potentialAction":[{"@type":"ReadAction","target":["https:\/\/www.facecorner.lv\/shop\/unleashia-healthy-green-cushion\/"]}]},{"@type":"ImageObject","inLanguage":"lv-LV","@id":"https:\/\/www.facecorner.lv\/shop\/unleashia-healthy-green-cushion\/#primaryimage","url":"https:\/\/www.facecorner.lv\/wp-content\/uploads\/2023\/12\/2253c9_a500b03c130b4d528f680214a82ee327mv2.webp","contentUrl":"https:\/\/www.facecorner.lv\/wp-content\/uploads\/2023\/12\/2253c9_a500b03c130b4d528f680214a82ee327mv2.webp","width":860,"height":990},{"@type":"BreadcrumbList","@id":"https:\/\/www.facecorner.lv\/shop\/unleashia-healthy-green-cushion\/#breadcrumb","itemListElement":[{"@type":"ListItem","position":1,"name":"Home","item":"https:\/\/www.facecorner.lv\/"},{"@type":"ListItem","position":2,"name":"Veikals","item":"https:\/\/www.facecorner.lv\/shop\/"},{"@type":"ListItem","position":3,"name":"UNLEASHIA Healthy Green Cushion"}]},{"@type":"WebSite","@id":"https:\/\/www.facecorner.lv\/#website","url":"https:\/\/www.facecorner.lv\/","name":"Facecorner","description":"","publisher":{"@id":"https:\/\/www.facecorner.lv\/#organization"},"potentialAction":[{"@type":"SearchAction","target":{"@type":"EntryPoint","urlTemplate":"https:\/\/www.facecorner.lv\/?s={search_term_string}"},"query-input":{"@type":"PropertyValueSpecification","valueRequired":true,"valueName":"search_term_string"}}],"inLanguage":"lv-LV"},{"@type":"Organization","@id":"https:\/\/www.facecorner.lv\/#organization","name":"Facecorner","url":"https:\/\/www.facecorner.lv\/","logo":{"@type":"ImageObject","inLanguage":"lv-LV","@id":"https:\/\/www.facecorner.lv\/#\/schema\/logo\/image\/","url":"https:\/\/www.facecorner.lv\/wp-content\/uploads\/2024\/04\/fc-logo.jpg","contentUrl":"https:\/\/www.facecorner.lv\/wp-content\/uploads\/2024\/04\/fc-logo.jpg","width":174,"height":28,"caption":"Facecorner"},"image":{"@id":"https:\/\/www.facecorner.lv\/#\/schema\/logo\/image\/"},"sameAs":["https:\/\/www.facebook.com\/profile.php?id=100063824551839","https:\/\/www.instagram.com\/facecorner_shop\/"]}]},"og_availability":"out of stock","product_availability":"out of stock","product_condition":"new"},"_links":{"self":[{"href":"https:\/\/www.facecorner.lv\/lv\/wp-json\/wp\/v2\/product\/13272","targetHints":{"allow":["GET"]}}],"collection":[{"href":"https:\/\/www.facecorner.lv\/lv\/wp-json\/wp\/v2\/product"}],"about":[{"href":"https:\/\/www.facecorner.lv\/lv\/wp-json\/wp\/v2\/types\/product"}],"replies":[{"embeddable":true,"href":"https:\/\/www.facecorner.lv\/lv\/wp-json\/wp\/v2\/comments?post=13272"}],"wp:featuredmedia":[{"embeddable":true,"href":"https:\/\/www.facecorner.lv\/lv\/wp-json\/wp\/v2\/media\/13273"}],"wp:attachment":[{"href":"https:\/\/www.facecorner.lv\/lv\/wp-json\/wp\/v2\/media?parent=13272"}],"wp:term":[{"taxonomy":"product_brand","embeddable":true,"href":"https:\/\/www.facecorner.lv\/lv\/wp-json\/wp\/v2\/product_brand?post=13272"},{"taxonomy":"product_cat","embeddable":true,"href":"https:\/\/www.facecorner.lv\/lv\/wp-json\/wp\/v2\/product_cat?post=13272"},{"taxonomy":"product_tag","embeddable":true,"href":"https:\/\/www.facecorner.lv\/lv\/wp-json\/wp\/v2\/product_tag?post=13272"},{"taxonomy":"berocket_brand","embeddable":true,"href":"https:\/\/www.facecorner.lv\/lv\/wp-json\/wp\/v2\/berocket_brand?post=13272"}],"curies":[{"name":"wp","href":"https:\/\/api.w.org\/{rel}","templated":true}]}}