{"id":13216,"date":"2023-12-04T13:51:19","date_gmt":"2023-12-04T11:51:19","guid":{"rendered":"https:\/\/www.facecorner.lv\/?post_type=product&#038;p=13216"},"modified":"2025-08-12T15:11:19","modified_gmt":"2025-08-12T12:11:19","slug":"13216","status":"publish","type":"product","link":"https:\/\/www.facecorner.lv\/lv\/shop\/13216\/","title":{"rendered":"Laneige Lip Sleeping Mask  20g"},"content":{"rendered":"<p>Intens\u012bvi atjaunojo\u0161a l\u016bpu proced\u016bra. Nakts laik\u0101 maskas akt\u012bv\u0101s sast\u0101vda\u013cas pal\u012bdz atrisin\u0101t probl\u0113mas, ar kur\u0101m parastais balzams netiek gal\u0101. No r\u012bta l\u016bpas ir maigas, gludas, pievilc\u012bgas, vizu\u0101li nedaudz apjom\u012bg\u0101kas.<\/p>\n<p><strong>Galven\u0101s sast\u0101vda\u013cas:<\/strong><\/p>\n<ul>\n<li>Ogu komplekss (dz\u0113rve\u0146u, zeme\u0146u, melle\u0146u, l\u0101ce\u0146u un ave\u0146u ekstrakti) pies\u0101tina \u0101du ar vitam\u012bniem, uzl\u0101d\u0113 t\u0101s \u0161\u016bnas ar ener\u0123iju, aizsarg\u0101 pret negat\u012bvu laikapst\u0101k\u013cu ietekmi, nodro\u0161ina sp\u0113c\u012bgu antioksidantu aizsardz\u012bbu un nov\u0113r\u0161 priek\u0161laic\u012bgu \u0101das noveco\u0161anos. Augstais aug\u013csk\u0101bju saturs nodro\u0161ina maigu atmiru\u0161o \u0161\u016bnu p\u012blingu.<\/li>\n<li>\u0160\u012b un murumuru sviests baro, mitrina un m\u012bkstina \u0101du, padara to elast\u012bg\u0101ku, elast\u012bg\u0101ku, glud\u0101ku un pa\u0101trina mikroboj\u0101jumu sadz\u012b\u0161anu.<\/li>\n<\/ul>\n<p><strong>Lieto\u0161anas nor\u0101d\u012bjumi:<\/strong> Uzkl\u0101jiet masku biez\u0101 k\u0101rt\u0101 uz l\u016bp\u0101m pirms gul\u0113tie\u0161anas.<\/p>\n<p><strong>S\u0101stavs:\u00a0<\/strong>Diisostearyl malate, hydrogenated polyisobutene, phytosteryl\/isostearyl\/cetyl\/stearyl\/behenyl dimer dilinoleate, hydrogenated poly (c6-14 olefin), polybutene, microcrystalline wax \/ cera microcristallina \/ cire microcristalline, butyrospermum parkii (shea) butter, synthetic wax, ethylene\/propylene\/styrene copolymer, sucrose tetrastearate triacetate,mica, butylene\/ethylene\/styrene copolymer, candelilla wax, candelilla cera hydrocarbons \/ cire de candelilla, candelilla wax esters, astrocaryum murumuru seed butter, titanium dioxide (ci77891), dimethicone, fragrance, polyglyceryl-2 diisostearate, carnauba wax, copernicia cerifera cera, cire de carnauba, dehydroacetic acid, methicone, polyglyceryl-2, triisostearate, yellow 6 lake (ci15985), red 6 (ci15850), polyhydroxystearic acid, water, potassium alginate, glycerin, propanediol, bht, alcohol, phenoxyethanol, 1,2-hexanediol, lycium chinense fruit extract, raspberry fruit extract, blueberry fruit extract, coffee seed extract, magnesium sulfate, calcium chloride<span id=\"ctrlcopy\"><\/span><\/p>\n<p>&nbsp;<\/p>\n","protected":false},"excerpt":{"rendered":"<p>Intens\u012bvi atjaunojo\u0161a l\u016bpu proced\u016bra. Nakts laik\u0101 maskas akt\u012bv\u0101s sast\u0101vda\u013cas pal\u012bdz atrisin\u0101t probl\u0113mas, ar kur\u0101m parastais balzams netiek gal\u0101. No r\u012bta l\u016bpas ir maigas, gludas, pievilc\u012bgas, vizu\u0101li nedaudz apjom\u012bg\u0101kas. Galven\u0101s sast\u0101vda\u013cas: Ogu komplekss (dz\u0113rve\u0146u, zeme\u0146u, melle\u0146u, l\u0101ce\u0146u un ave\u0146u ekstrakti) pies\u0101tina \u0101du ar vitam\u012bniem, uzl\u0101d\u0113 t\u0101s \u0161\u016bnas ar ener\u0123iju, aizsarg\u0101 pret negat\u012bvu laikapst\u0101k\u013cu ietekmi, nodro\u0161ina sp\u0113c\u012bgu [&hellip;]<\/p>\n","protected":false},"featured_media":14000,"comment_status":"open","ping_status":"closed","template":"","meta":{"site-sidebar-layout":"default","site-content-layout":"","ast-site-content-layout":"default","site-content-style":"default","site-sidebar-style":"default","ast-global-header-display":"","ast-banner-title-visibility":"","ast-main-header-display":"","ast-hfb-above-header-display":"","ast-hfb-below-header-display":"","ast-hfb-mobile-header-display":"","site-post-title":"","ast-breadcrumbs-content":"","ast-featured-img":"","footer-sml-layout":"","theme-transparent-header-meta":"default","adv-header-id-meta":"","stick-header-meta":"","header-above-stick-meta":"","header-main-stick-meta":"","header-below-stick-meta":"","astra-migrate-meta-layouts":"set","ast-page-background-enabled":"default","ast-page-background-meta":{"desktop":{"background-color":"var(--ast-global-color-4)","background-image":"","background-repeat":"repeat","background-position":"center center","background-size":"auto","background-attachment":"scroll","background-type":"","background-media":"","overlay-type":"","overlay-color":"","overlay-opacity":"","overlay-gradient":""},"tablet":{"background-color":"","background-image":"","background-repeat":"repeat","background-position":"center center","background-size":"auto","background-attachment":"scroll","background-type":"","background-media":"","overlay-type":"","overlay-color":"","overlay-opacity":"","overlay-gradient":""},"mobile":{"background-color":"","background-image":"","background-repeat":"repeat","background-position":"center center","background-size":"auto","background-attachment":"scroll","background-type":"","background-media":"","overlay-type":"","overlay-color":"","overlay-opacity":"","overlay-gradient":""}},"ast-content-background-meta":{"desktop":{"background-color":"var(--ast-global-color-5)","background-image":"","background-repeat":"repeat","background-position":"center center","background-size":"auto","background-attachment":"scroll","background-type":"","background-media":"","overlay-type":"","overlay-color":"","overlay-opacity":"","overlay-gradient":""},"tablet":{"background-color":"var(--ast-global-color-5)","background-image":"","background-repeat":"repeat","background-position":"center center","background-size":"auto","background-attachment":"scroll","background-type":"","background-media":"","overlay-type":"","overlay-color":"","overlay-opacity":"","overlay-gradient":""},"mobile":{"background-color":"var(--ast-global-color-5)","background-image":"","background-repeat":"repeat","background-position":"center center","background-size":"auto","background-attachment":"scroll","background-type":"","background-media":"","overlay-type":"","overlay-color":"","overlay-opacity":"","overlay-gradient":""}}},"product_brand":[],"product_cat":[320],"product_tag":[],"berocket_brand":[641],"class_list":{"0":"post-13216","1":"product","2":"type-product","3":"status-publish","4":"has-post-thumbnail","6":"product_cat-lupu-kopsana","7":"berocket_brand-laneige","8":"desktop-align-left","9":"tablet-align-left","10":"mobile-align-left","12":"first","13":"instock","14":"taxable","15":"shipping-taxable","16":"purchasable","17":"product-type-variable","18":"add-to-wishlist-before_image"},"yoast_head":"<!-- This site is optimized with the Yoast SEO plugin v27.3 - https:\/\/yoast.com\/product\/yoast-seo-wordpress\/ -->\n<title>Laneige Lip Sleeping Mask 20g - FACECORNER<\/title>\n<meta name=\"robots\" content=\"index, follow, max-snippet:-1, max-image-preview:large, max-video-preview:-1\" \/>\n<link rel=\"canonical\" href=\"https:\/\/www.facecorner.lv\/lv\/shop\/13216\/\" \/>\n<meta property=\"og:locale\" content=\"lv_LV\" \/>\n<meta property=\"og:type\" content=\"article\" \/>\n<meta property=\"og:title\" content=\"Laneige Lip Sleeping Mask 20g - FACECORNER\" \/>\n<meta property=\"og:description\" content=\"Intens\u012bvi atjaunojo\u0161a l\u016bpu proced\u016bra. Nakts laik\u0101 maskas akt\u012bv\u0101s sast\u0101vda\u013cas pal\u012bdz atrisin\u0101t probl\u0113mas, ar kur\u0101m parastais balzams netiek gal\u0101. No r\u012bta l\u016bpas ir maigas, gludas, pievilc\u012bgas, vizu\u0101li nedaudz apjom\u012bg\u0101kas. Galven\u0101s sast\u0101vda\u013cas: Ogu komplekss (dz\u0113rve\u0146u, zeme\u0146u, melle\u0146u, l\u0101ce\u0146u un ave\u0146u ekstrakti) pies\u0101tina \u0101du ar vitam\u012bniem, uzl\u0101d\u0113 t\u0101s \u0161\u016bnas ar ener\u0123iju, aizsarg\u0101 pret negat\u012bvu laikapst\u0101k\u013cu ietekmi, nodro\u0161ina sp\u0113c\u012bgu [&hellip;]\" \/>\n<meta property=\"og:url\" content=\"https:\/\/www.facecorner.lv\/lv\/shop\/13216\/\" \/>\n<meta property=\"og:site_name\" content=\"FACECORNER\" \/>\n<meta property=\"article:publisher\" content=\"https:\/\/www.facebook.com\/profile.php?id=100063824551839\" \/>\n<meta property=\"article:modified_time\" content=\"2025-08-12T12:11:19+00:00\" \/>\n<meta property=\"og:image\" content=\"https:\/\/www.facecorner.lv\/wp-content\/uploads\/2023\/12\/laneige-lip-sleeping-mask-ex-20g-779.webp\" \/>\n\t<meta property=\"og:image:width\" content=\"1000\" \/>\n\t<meta property=\"og:image:height\" content=\"1000\" \/>\n\t<meta property=\"og:image:type\" content=\"image\/webp\" \/>\n<meta name=\"twitter:card\" content=\"summary_large_image\" \/>\n<meta name=\"twitter:label1\" content=\"Availability\" \/>\n\t<meta name=\"twitter:data1\" content=\"In stock\" \/>\n<script type=\"application\/ld+json\" class=\"yoast-schema-graph\">{\"@context\":\"https:\\\/\\\/schema.org\",\"@graph\":[{\"@type\":\"WebPage\",\"@id\":\"https:\\\/\\\/www.facecorner.lv\\\/shop\\\/13216\\\/\",\"url\":\"https:\\\/\\\/www.facecorner.lv\\\/shop\\\/13216\\\/\",\"name\":\"Laneige Lip Sleeping Mask 20g - FACECORNER\",\"isPartOf\":{\"@id\":\"https:\\\/\\\/www.facecorner.lv\\\/#website\"},\"primaryImageOfPage\":{\"@id\":\"https:\\\/\\\/www.facecorner.lv\\\/shop\\\/13216\\\/#primaryimage\"},\"image\":{\"@id\":\"https:\\\/\\\/www.facecorner.lv\\\/shop\\\/13216\\\/#primaryimage\"},\"thumbnailUrl\":\"https:\\\/\\\/www.facecorner.lv\\\/wp-content\\\/uploads\\\/2023\\\/12\\\/laneige-lip-sleeping-mask-ex-20g-779.webp\",\"datePublished\":\"2023-12-04T11:51:19+00:00\",\"dateModified\":\"2025-08-12T12:11:19+00:00\",\"breadcrumb\":{\"@id\":\"https:\\\/\\\/www.facecorner.lv\\\/shop\\\/13216\\\/#breadcrumb\"},\"inLanguage\":\"lv-LV\",\"potentialAction\":[{\"@type\":\"ReadAction\",\"target\":[\"https:\\\/\\\/www.facecorner.lv\\\/shop\\\/13216\\\/\"]}]},{\"@type\":\"ImageObject\",\"inLanguage\":\"lv-LV\",\"@id\":\"https:\\\/\\\/www.facecorner.lv\\\/shop\\\/13216\\\/#primaryimage\",\"url\":\"https:\\\/\\\/www.facecorner.lv\\\/wp-content\\\/uploads\\\/2023\\\/12\\\/laneige-lip-sleeping-mask-ex-20g-779.webp\",\"contentUrl\":\"https:\\\/\\\/www.facecorner.lv\\\/wp-content\\\/uploads\\\/2023\\\/12\\\/laneige-lip-sleeping-mask-ex-20g-779.webp\",\"width\":1000,\"height\":1000},{\"@type\":\"BreadcrumbList\",\"@id\":\"https:\\\/\\\/www.facecorner.lv\\\/shop\\\/13216\\\/#breadcrumb\",\"itemListElement\":[{\"@type\":\"ListItem\",\"position\":1,\"name\":\"Home\",\"item\":\"https:\\\/\\\/www.facecorner.lv\\\/\"},{\"@type\":\"ListItem\",\"position\":2,\"name\":\"Veikals\",\"item\":\"https:\\\/\\\/www.facecorner.lv\\\/shop\\\/\"},{\"@type\":\"ListItem\",\"position\":3,\"name\":\"Laneige Lip Sleeping Mask 20g\"}]},{\"@type\":\"WebSite\",\"@id\":\"https:\\\/\\\/www.facecorner.lv\\\/#website\",\"url\":\"https:\\\/\\\/www.facecorner.lv\\\/\",\"name\":\"Facecorner\",\"description\":\"\",\"publisher\":{\"@id\":\"https:\\\/\\\/www.facecorner.lv\\\/#organization\"},\"potentialAction\":[{\"@type\":\"SearchAction\",\"target\":{\"@type\":\"EntryPoint\",\"urlTemplate\":\"https:\\\/\\\/www.facecorner.lv\\\/?s={search_term_string}\"},\"query-input\":{\"@type\":\"PropertyValueSpecification\",\"valueRequired\":true,\"valueName\":\"search_term_string\"}}],\"inLanguage\":\"lv-LV\"},{\"@type\":\"Organization\",\"@id\":\"https:\\\/\\\/www.facecorner.lv\\\/#organization\",\"name\":\"Facecorner\",\"url\":\"https:\\\/\\\/www.facecorner.lv\\\/\",\"logo\":{\"@type\":\"ImageObject\",\"inLanguage\":\"lv-LV\",\"@id\":\"https:\\\/\\\/www.facecorner.lv\\\/#\\\/schema\\\/logo\\\/image\\\/\",\"url\":\"https:\\\/\\\/www.facecorner.lv\\\/wp-content\\\/uploads\\\/2024\\\/04\\\/fc-logo.jpg\",\"contentUrl\":\"https:\\\/\\\/www.facecorner.lv\\\/wp-content\\\/uploads\\\/2024\\\/04\\\/fc-logo.jpg\",\"width\":174,\"height\":28,\"caption\":\"Facecorner\"},\"image\":{\"@id\":\"https:\\\/\\\/www.facecorner.lv\\\/#\\\/schema\\\/logo\\\/image\\\/\"},\"sameAs\":[\"https:\\\/\\\/www.facebook.com\\\/profile.php?id=100063824551839\",\"https:\\\/\\\/www.instagram.com\\\/facecorner_shop\\\/\"]}]}<\/script>\n<meta property=\"og:availability\" content=\"instock\" \/>\n<meta property=\"product:availability\" content=\"instock\" \/>\n<meta property=\"product:condition\" content=\"new\" \/>\n<!-- \/ Yoast SEO plugin. -->","yoast_head_json":{"title":"Laneige Lip Sleeping Mask 20g - FACECORNER","robots":{"index":"index","follow":"follow","max-snippet":"max-snippet:-1","max-image-preview":"max-image-preview:large","max-video-preview":"max-video-preview:-1"},"canonical":"https:\/\/www.facecorner.lv\/lv\/shop\/13216\/","og_locale":"lv_LV","og_type":"article","og_title":"Laneige Lip Sleeping Mask 20g - FACECORNER","og_description":"Intens\u012bvi atjaunojo\u0161a l\u016bpu proced\u016bra. Nakts laik\u0101 maskas akt\u012bv\u0101s sast\u0101vda\u013cas pal\u012bdz atrisin\u0101t probl\u0113mas, ar kur\u0101m parastais balzams netiek gal\u0101. No r\u012bta l\u016bpas ir maigas, gludas, pievilc\u012bgas, vizu\u0101li nedaudz apjom\u012bg\u0101kas. Galven\u0101s sast\u0101vda\u013cas: Ogu komplekss (dz\u0113rve\u0146u, zeme\u0146u, melle\u0146u, l\u0101ce\u0146u un ave\u0146u ekstrakti) pies\u0101tina \u0101du ar vitam\u012bniem, uzl\u0101d\u0113 t\u0101s \u0161\u016bnas ar ener\u0123iju, aizsarg\u0101 pret negat\u012bvu laikapst\u0101k\u013cu ietekmi, nodro\u0161ina sp\u0113c\u012bgu [&hellip;]","og_url":"https:\/\/www.facecorner.lv\/lv\/shop\/13216\/","og_site_name":"FACECORNER","article_publisher":"https:\/\/www.facebook.com\/profile.php?id=100063824551839","article_modified_time":"2025-08-12T12:11:19+00:00","og_image":[{"width":1000,"height":1000,"url":"https:\/\/www.facecorner.lv\/wp-content\/uploads\/2023\/12\/laneige-lip-sleeping-mask-ex-20g-779.webp","type":"image\/webp"}],"twitter_card":"summary_large_image","twitter_misc":{"Availability":"In stock"},"schema":{"@context":"https:\/\/schema.org","@graph":[{"@type":"WebPage","@id":"https:\/\/www.facecorner.lv\/shop\/13216\/","url":"https:\/\/www.facecorner.lv\/shop\/13216\/","name":"Laneige Lip Sleeping Mask 20g - FACECORNER","isPartOf":{"@id":"https:\/\/www.facecorner.lv\/#website"},"primaryImageOfPage":{"@id":"https:\/\/www.facecorner.lv\/shop\/13216\/#primaryimage"},"image":{"@id":"https:\/\/www.facecorner.lv\/shop\/13216\/#primaryimage"},"thumbnailUrl":"https:\/\/www.facecorner.lv\/wp-content\/uploads\/2023\/12\/laneige-lip-sleeping-mask-ex-20g-779.webp","datePublished":"2023-12-04T11:51:19+00:00","dateModified":"2025-08-12T12:11:19+00:00","breadcrumb":{"@id":"https:\/\/www.facecorner.lv\/shop\/13216\/#breadcrumb"},"inLanguage":"lv-LV","potentialAction":[{"@type":"ReadAction","target":["https:\/\/www.facecorner.lv\/shop\/13216\/"]}]},{"@type":"ImageObject","inLanguage":"lv-LV","@id":"https:\/\/www.facecorner.lv\/shop\/13216\/#primaryimage","url":"https:\/\/www.facecorner.lv\/wp-content\/uploads\/2023\/12\/laneige-lip-sleeping-mask-ex-20g-779.webp","contentUrl":"https:\/\/www.facecorner.lv\/wp-content\/uploads\/2023\/12\/laneige-lip-sleeping-mask-ex-20g-779.webp","width":1000,"height":1000},{"@type":"BreadcrumbList","@id":"https:\/\/www.facecorner.lv\/shop\/13216\/#breadcrumb","itemListElement":[{"@type":"ListItem","position":1,"name":"Home","item":"https:\/\/www.facecorner.lv\/"},{"@type":"ListItem","position":2,"name":"Veikals","item":"https:\/\/www.facecorner.lv\/shop\/"},{"@type":"ListItem","position":3,"name":"Laneige Lip Sleeping Mask 20g"}]},{"@type":"WebSite","@id":"https:\/\/www.facecorner.lv\/#website","url":"https:\/\/www.facecorner.lv\/","name":"Facecorner","description":"","publisher":{"@id":"https:\/\/www.facecorner.lv\/#organization"},"potentialAction":[{"@type":"SearchAction","target":{"@type":"EntryPoint","urlTemplate":"https:\/\/www.facecorner.lv\/?s={search_term_string}"},"query-input":{"@type":"PropertyValueSpecification","valueRequired":true,"valueName":"search_term_string"}}],"inLanguage":"lv-LV"},{"@type":"Organization","@id":"https:\/\/www.facecorner.lv\/#organization","name":"Facecorner","url":"https:\/\/www.facecorner.lv\/","logo":{"@type":"ImageObject","inLanguage":"lv-LV","@id":"https:\/\/www.facecorner.lv\/#\/schema\/logo\/image\/","url":"https:\/\/www.facecorner.lv\/wp-content\/uploads\/2024\/04\/fc-logo.jpg","contentUrl":"https:\/\/www.facecorner.lv\/wp-content\/uploads\/2024\/04\/fc-logo.jpg","width":174,"height":28,"caption":"Facecorner"},"image":{"@id":"https:\/\/www.facecorner.lv\/#\/schema\/logo\/image\/"},"sameAs":["https:\/\/www.facebook.com\/profile.php?id=100063824551839","https:\/\/www.instagram.com\/facecorner_shop\/"]}]},"og_availability":"instock","product_availability":"instock","product_condition":"new"},"_links":{"self":[{"href":"https:\/\/www.facecorner.lv\/lv\/wp-json\/wp\/v2\/product\/13216","targetHints":{"allow":["GET"]}}],"collection":[{"href":"https:\/\/www.facecorner.lv\/lv\/wp-json\/wp\/v2\/product"}],"about":[{"href":"https:\/\/www.facecorner.lv\/lv\/wp-json\/wp\/v2\/types\/product"}],"replies":[{"embeddable":true,"href":"https:\/\/www.facecorner.lv\/lv\/wp-json\/wp\/v2\/comments?post=13216"}],"wp:featuredmedia":[{"embeddable":true,"href":"https:\/\/www.facecorner.lv\/lv\/wp-json\/wp\/v2\/media\/14000"}],"wp:attachment":[{"href":"https:\/\/www.facecorner.lv\/lv\/wp-json\/wp\/v2\/media?parent=13216"}],"wp:term":[{"taxonomy":"product_brand","embeddable":true,"href":"https:\/\/www.facecorner.lv\/lv\/wp-json\/wp\/v2\/product_brand?post=13216"},{"taxonomy":"product_cat","embeddable":true,"href":"https:\/\/www.facecorner.lv\/lv\/wp-json\/wp\/v2\/product_cat?post=13216"},{"taxonomy":"product_tag","embeddable":true,"href":"https:\/\/www.facecorner.lv\/lv\/wp-json\/wp\/v2\/product_tag?post=13216"},{"taxonomy":"berocket_brand","embeddable":true,"href":"https:\/\/www.facecorner.lv\/lv\/wp-json\/wp\/v2\/berocket_brand?post=13216"}],"curies":[{"name":"wp","href":"https:\/\/api.w.org\/{rel}","templated":true}]}}