{"id":13188,"date":"2023-12-01T12:55:20","date_gmt":"2023-12-01T10:55:20","guid":{"rendered":"https:\/\/www.facecorner.lv\/?post_type=product&#038;p=13188"},"modified":"2024-11-30T12:30:10","modified_gmt":"2024-11-30T09:30:10","slug":"anua-heartleaf-77-clear-pad-70psc","status":"publish","type":"product","link":"https:\/\/www.facecorner.lv\/lv\/shop\/anua-heartleaf-77-clear-pad-70psc\/","title":{"rendered":"Anua Heartleaf 77% Clear Pad 70psc"},"content":{"rendered":"<p>P\u012blinga spilventi\u0146i ar hauttuynia un PHA sk\u0101bi Anua Heartleaf 77% Clear Pad maigi no\u0146em atmiru\u0161\u0101s \u0161\u016bnas no epidermas virsmas, pul\u0113 un izl\u012bdzina reljefu. Tiem piem\u012bt izteikta nomierino\u0161a iedarb\u012bba, veicina iekaisuma dz\u012b\u0161anu un nov\u0113r\u0161 pin\u0146u par\u0101d\u012b\u0161anos. Nekomedog\u0113ni spilventi\u0146i ir maigi pret \u0101du, neaizsprosto poras un neizraisa kairin\u0101jumu.<\/p>\n<p>Spilventi\u0146u pamat\u0101 ir 77% Houttuynia cordata ekstrakts ar sp\u0113c\u012bg\u0101m dziedino\u0161\u0101m un pretiekaisuma \u012bpa\u0161\u012bb\u0101m. Normaliz\u0113 \u0101das st\u0101vokli, mazina kairin\u0101jumu, mazina iekaisumu. Stiprina im\u016bnsist\u0113mu, padara epidermas virsmu maz\u0101k jut\u012bgu un reakt\u012bvu.<\/p>\n<p>Produkta m\u0113r\u0137is ir normaliz\u0113t tauku dziedzeru darb\u012bbu un samazin\u0101t \u0101das taukain\u012bbu, mat\u0113t un pal\u012bdz\u0113t sa\u0161aurin\u0101t papla\u0161in\u0101t\u0101s poras.Izl\u012bdzina kop\u0113jo \u0101das toni, izgaismo postaknes un tauku pavedienus.<\/p>\n<p><strong>Papildu akt\u012bv\u0101s sast\u0101vda\u013cas:<\/strong><\/p>\n<ul>\n<li>Glikonolaktonam ir maiga att\u012bro\u0161a iedarb\u012bba, kas neizraisa kairin\u0101jumu pat jut\u012bgai \u0101dai. Izl\u012bdzina tonusu un mikroreljefu, piem\u012bt fotoaizsarg\u0101jo\u0161a iedarb\u012bba, k\u0101 ar\u012b pretiekaisuma iedarb\u012bba.<\/li>\n<li>Anti-Sebum P komplekss ir augu komplekss, kas sast\u0101v no priedes, gobas, apses un pueraria ekstraktiem. Komplekss nom\u0101c p\u0101rm\u0113r\u012bgu tauku dziedzeru darb\u012bbu, normaliz\u0113 taukainu \u0101du un nov\u0113r\u0161 taukainu sp\u012bdumu.<\/li>\n<li>Naktssveces ekstraktam piem\u012bt pretiekaisuma iedarb\u012bba, mazina aps\u0101rtumu, padara \u0101du samtainu.<\/li>\n<li>Za\u013c\u0101s t\u0113jas ekstrakts lieliski mazina kairin\u0101jumu, piem\u012bt antibakteri\u0101las \u012bpa\u0161\u012bbas, padara \u0101du tvirtu un elast\u012bgu, izl\u012bdzina grumbas, uzlabo sejas kr\u0101su.<\/li>\n<li>Parast\u0101 p\u0113rl\u012b\u0161u ekstrakts ir paz\u012bstams ar sav\u0101m antiseptiskaj\u0101m \u012bpa\u0161\u012bb\u0101m, lieliski mitrina un stimul\u0113 \u0161\u016bnu vielmai\u0146u. Stabiliz\u0113 \u0161\u016bnu dz\u012bves procesu epiderm\u0101. Tam ir izteikta toniz\u0113jo\u0161a \u012bpa\u0161\u012bba.<\/li>\n<\/ul>\n<p><strong>Lieto\u0161anas nor\u0101d\u012bjumi:<\/strong> p\u0113c mazg\u0101\u0161anas noslaukiet \u0101du (iz\u0146emot acu zonu) vispirms ar tekst\u016bras pusi, lai no\u0146emtu visus net\u012brumus, un p\u0113c tam ar spilventi\u0146a gludo pusi.<\/p>\n<p><strong>S\u0101stavs:\u00a0<\/strong>Houttuynia Cordata Extract (77%), Water, Gluconolactone, Propanediol, Tromethamine, Butylene Glycol, 1,2-Hexanediol, Betaine, Ammonium Acryloyldimethyltaurate\/\u200bVP Copolymer, Ulmus Davidiana Root Extract, Pueraria Lobata Root Extract, Pinus Palustris Leaf Extract, Oenothera Biennis (Evening Primrose) Flower Extract, Camellia Sinensis Leaf Extract, Coix Lacryma-Jobi Ma-Yuen Seed Extract, Portulaca Oleracea Extract, Centella Asiatica Extract, Madecassoside, Asiatic Acid, Asiaticoside, Madecassic Acid, Sodium Phytate<\/p>\n","protected":false},"excerpt":{"rendered":"<p>P\u012blinga spilventi\u0146i ar hauttuynia un PHA sk\u0101bi Anua Heartleaf 77% Clear Pad maigi no\u0146em atmiru\u0161\u0101s \u0161\u016bnas no epidermas virsmas, pul\u0113 un izl\u012bdzina reljefu. Tiem piem\u012bt izteikta nomierino\u0161a iedarb\u012bba, veicina iekaisuma dz\u012b\u0161anu un nov\u0113r\u0161 pin\u0146u par\u0101d\u012b\u0161anos. Nekomedog\u0113ni spilventi\u0146i ir maigi pret \u0101du, neaizsprosto poras un neizraisa kairin\u0101jumu. Spilventi\u0146u pamat\u0101 ir 77% Houttuynia cordata ekstrakts ar sp\u0113c\u012bg\u0101m [&hellip;]<\/p>\n","protected":false},"featured_media":13189,"comment_status":"open","ping_status":"closed","template":"","meta":{"site-sidebar-layout":"default","site-content-layout":"","ast-site-content-layout":"","site-content-style":"default","site-sidebar-style":"default","ast-global-header-display":"","ast-banner-title-visibility":"","ast-main-header-display":"","ast-hfb-above-header-display":"","ast-hfb-below-header-display":"","ast-hfb-mobile-header-display":"","site-post-title":"","ast-breadcrumbs-content":"","ast-featured-img":"","footer-sml-layout":"","theme-transparent-header-meta":"","adv-header-id-meta":"","stick-header-meta":"","header-above-stick-meta":"","header-main-stick-meta":"","header-below-stick-meta":"","astra-migrate-meta-layouts":"default","ast-page-background-enabled":"default","ast-page-background-meta":{"desktop":{"background-color":"var(--ast-global-color-4)","background-image":"","background-repeat":"repeat","background-position":"center center","background-size":"auto","background-attachment":"scroll","background-type":"","background-media":"","overlay-type":"","overlay-color":"","overlay-opacity":"","overlay-gradient":""},"tablet":{"background-color":"","background-image":"","background-repeat":"repeat","background-position":"center center","background-size":"auto","background-attachment":"scroll","background-type":"","background-media":"","overlay-type":"","overlay-color":"","overlay-opacity":"","overlay-gradient":""},"mobile":{"background-color":"","background-image":"","background-repeat":"repeat","background-position":"center center","background-size":"auto","background-attachment":"scroll","background-type":"","background-media":"","overlay-type":"","overlay-color":"","overlay-opacity":"","overlay-gradient":""}},"ast-content-background-meta":{"desktop":{"background-color":"var(--ast-global-color-5)","background-image":"","background-repeat":"repeat","background-position":"center center","background-size":"auto","background-attachment":"scroll","background-type":"","background-media":"","overlay-type":"","overlay-color":"","overlay-opacity":"","overlay-gradient":""},"tablet":{"background-color":"var(--ast-global-color-5)","background-image":"","background-repeat":"repeat","background-position":"center center","background-size":"auto","background-attachment":"scroll","background-type":"","background-media":"","overlay-type":"","overlay-color":"","overlay-opacity":"","overlay-gradient":""},"mobile":{"background-color":"var(--ast-global-color-5)","background-image":"","background-repeat":"repeat","background-position":"center center","background-size":"auto","background-attachment":"scroll","background-type":"","background-media":"","overlay-type":"","overlay-color":"","overlay-opacity":"","overlay-gradient":""}}},"product_brand":[],"product_cat":[370,371,372,328,363,364],"product_tag":[],"berocket_brand":[],"class_list":{"0":"post-13188","1":"product","2":"type-product","3":"status-publish","4":"has-post-thumbnail","6":"product_cat-adas-mirdzumam","7":"product_cat-anti-age","8":"product_cat-jutigai-adai-serumi","9":"product_cat-pilingi-un-skrubji","10":"product_cat-serumi","11":"product_cat-toneri","12":"desktop-align-left","13":"tablet-align-left","14":"mobile-align-left","16":"first","17":"outofstock","18":"taxable","19":"shipping-taxable","20":"purchasable","21":"product-type-simple","22":"add-to-wishlist-before_image"},"yoast_head":"<!-- This site is optimized with the Yoast SEO plugin v27.3 - https:\/\/yoast.com\/product\/yoast-seo-wordpress\/ -->\n<title>Anua Heartleaf 77% Clear Pad 70psc - FACECORNER<\/title>\n<meta name=\"robots\" content=\"index, follow, max-snippet:-1, max-image-preview:large, max-video-preview:-1\" \/>\n<link rel=\"canonical\" href=\"https:\/\/www.facecorner.lv\/lv\/shop\/anua-heartleaf-77-clear-pad-70psc\/\" \/>\n<meta property=\"og:locale\" content=\"lv_LV\" \/>\n<meta property=\"og:type\" content=\"article\" \/>\n<meta property=\"og:title\" content=\"Anua Heartleaf 77% Clear Pad 70psc - FACECORNER\" \/>\n<meta property=\"og:description\" content=\"P\u012blinga spilventi\u0146i ar hauttuynia un PHA sk\u0101bi Anua Heartleaf 77% Clear Pad maigi no\u0146em atmiru\u0161\u0101s \u0161\u016bnas no epidermas virsmas, pul\u0113 un izl\u012bdzina reljefu. Tiem piem\u012bt izteikta nomierino\u0161a iedarb\u012bba, veicina iekaisuma dz\u012b\u0161anu un nov\u0113r\u0161 pin\u0146u par\u0101d\u012b\u0161anos. Nekomedog\u0113ni spilventi\u0146i ir maigi pret \u0101du, neaizsprosto poras un neizraisa kairin\u0101jumu. Spilventi\u0146u pamat\u0101 ir 77% Houttuynia cordata ekstrakts ar sp\u0113c\u012bg\u0101m [&hellip;]\" \/>\n<meta property=\"og:url\" content=\"https:\/\/www.facecorner.lv\/lv\/shop\/anua-heartleaf-77-clear-pad-70psc\/\" \/>\n<meta property=\"og:site_name\" content=\"FACECORNER\" \/>\n<meta property=\"article:publisher\" content=\"https:\/\/www.facebook.com\/profile.php?id=100063824551839\" \/>\n<meta property=\"article:modified_time\" content=\"2024-11-30T09:30:10+00:00\" \/>\n<meta property=\"og:image\" content=\"https:\/\/www.facecorner.lv\/wp-content\/uploads\/2023\/12\/sd.webp\" \/>\n\t<meta property=\"og:image:width\" content=\"800\" \/>\n\t<meta property=\"og:image:height\" content=\"800\" \/>\n\t<meta property=\"og:image:type\" content=\"image\/webp\" \/>\n<meta name=\"twitter:card\" content=\"summary_large_image\" \/>\n<meta name=\"twitter:label1\" content=\"Price\" \/>\n\t<meta name=\"twitter:data1\" content=\"&euro;27.90\" \/>\n\t<meta name=\"twitter:label2\" content=\"Availability\" \/>\n\t<meta name=\"twitter:data2\" content=\"Out of stock\" \/>\n<script type=\"application\/ld+json\" class=\"yoast-schema-graph\">{\"@context\":\"https:\\\/\\\/schema.org\",\"@graph\":[{\"@type\":\"WebPage\",\"@id\":\"https:\\\/\\\/www.facecorner.lv\\\/shop\\\/anua-heartleaf-77-clear-pad-70psc\\\/\",\"url\":\"https:\\\/\\\/www.facecorner.lv\\\/shop\\\/anua-heartleaf-77-clear-pad-70psc\\\/\",\"name\":\"Anua Heartleaf 77% Clear Pad 70psc - FACECORNER\",\"isPartOf\":{\"@id\":\"https:\\\/\\\/www.facecorner.lv\\\/#website\"},\"primaryImageOfPage\":{\"@id\":\"https:\\\/\\\/www.facecorner.lv\\\/shop\\\/anua-heartleaf-77-clear-pad-70psc\\\/#primaryimage\"},\"image\":{\"@id\":\"https:\\\/\\\/www.facecorner.lv\\\/shop\\\/anua-heartleaf-77-clear-pad-70psc\\\/#primaryimage\"},\"thumbnailUrl\":\"https:\\\/\\\/www.facecorner.lv\\\/wp-content\\\/uploads\\\/2023\\\/12\\\/sd.webp\",\"datePublished\":\"2023-12-01T10:55:20+00:00\",\"dateModified\":\"2024-11-30T09:30:10+00:00\",\"breadcrumb\":{\"@id\":\"https:\\\/\\\/www.facecorner.lv\\\/shop\\\/anua-heartleaf-77-clear-pad-70psc\\\/#breadcrumb\"},\"inLanguage\":\"lv-LV\",\"potentialAction\":[{\"@type\":\"ReadAction\",\"target\":[\"https:\\\/\\\/www.facecorner.lv\\\/shop\\\/anua-heartleaf-77-clear-pad-70psc\\\/\"]}]},{\"@type\":\"ImageObject\",\"inLanguage\":\"lv-LV\",\"@id\":\"https:\\\/\\\/www.facecorner.lv\\\/shop\\\/anua-heartleaf-77-clear-pad-70psc\\\/#primaryimage\",\"url\":\"https:\\\/\\\/www.facecorner.lv\\\/wp-content\\\/uploads\\\/2023\\\/12\\\/sd.webp\",\"contentUrl\":\"https:\\\/\\\/www.facecorner.lv\\\/wp-content\\\/uploads\\\/2023\\\/12\\\/sd.webp\",\"width\":800,\"height\":800},{\"@type\":\"BreadcrumbList\",\"@id\":\"https:\\\/\\\/www.facecorner.lv\\\/shop\\\/anua-heartleaf-77-clear-pad-70psc\\\/#breadcrumb\",\"itemListElement\":[{\"@type\":\"ListItem\",\"position\":1,\"name\":\"Home\",\"item\":\"https:\\\/\\\/www.facecorner.lv\\\/\"},{\"@type\":\"ListItem\",\"position\":2,\"name\":\"Veikals\",\"item\":\"https:\\\/\\\/www.facecorner.lv\\\/shop\\\/\"},{\"@type\":\"ListItem\",\"position\":3,\"name\":\"Anua Heartleaf 77% Clear Pad 70psc\"}]},{\"@type\":\"WebSite\",\"@id\":\"https:\\\/\\\/www.facecorner.lv\\\/#website\",\"url\":\"https:\\\/\\\/www.facecorner.lv\\\/\",\"name\":\"Facecorner\",\"description\":\"\",\"publisher\":{\"@id\":\"https:\\\/\\\/www.facecorner.lv\\\/#organization\"},\"potentialAction\":[{\"@type\":\"SearchAction\",\"target\":{\"@type\":\"EntryPoint\",\"urlTemplate\":\"https:\\\/\\\/www.facecorner.lv\\\/?s={search_term_string}\"},\"query-input\":{\"@type\":\"PropertyValueSpecification\",\"valueRequired\":true,\"valueName\":\"search_term_string\"}}],\"inLanguage\":\"lv-LV\"},{\"@type\":\"Organization\",\"@id\":\"https:\\\/\\\/www.facecorner.lv\\\/#organization\",\"name\":\"Facecorner\",\"url\":\"https:\\\/\\\/www.facecorner.lv\\\/\",\"logo\":{\"@type\":\"ImageObject\",\"inLanguage\":\"lv-LV\",\"@id\":\"https:\\\/\\\/www.facecorner.lv\\\/#\\\/schema\\\/logo\\\/image\\\/\",\"url\":\"https:\\\/\\\/www.facecorner.lv\\\/wp-content\\\/uploads\\\/2024\\\/04\\\/fc-logo.jpg\",\"contentUrl\":\"https:\\\/\\\/www.facecorner.lv\\\/wp-content\\\/uploads\\\/2024\\\/04\\\/fc-logo.jpg\",\"width\":174,\"height\":28,\"caption\":\"Facecorner\"},\"image\":{\"@id\":\"https:\\\/\\\/www.facecorner.lv\\\/#\\\/schema\\\/logo\\\/image\\\/\"},\"sameAs\":[\"https:\\\/\\\/www.facebook.com\\\/profile.php?id=100063824551839\",\"https:\\\/\\\/www.instagram.com\\\/facecorner_shop\\\/\"]}]}<\/script>\n<meta property=\"product:price:amount\" content=\"27.90\" \/>\n<meta property=\"product:price:currency\" content=\"EUR\" \/>\n<meta property=\"og:availability\" content=\"out of stock\" \/>\n<meta property=\"product:availability\" content=\"out of stock\" \/>\n<meta property=\"product:condition\" content=\"new\" \/>\n<!-- \/ Yoast SEO plugin. -->","yoast_head_json":{"title":"Anua Heartleaf 77% Clear Pad 70psc - FACECORNER","robots":{"index":"index","follow":"follow","max-snippet":"max-snippet:-1","max-image-preview":"max-image-preview:large","max-video-preview":"max-video-preview:-1"},"canonical":"https:\/\/www.facecorner.lv\/lv\/shop\/anua-heartleaf-77-clear-pad-70psc\/","og_locale":"lv_LV","og_type":"article","og_title":"Anua Heartleaf 77% Clear Pad 70psc - FACECORNER","og_description":"P\u012blinga spilventi\u0146i ar hauttuynia un PHA sk\u0101bi Anua Heartleaf 77% Clear Pad maigi no\u0146em atmiru\u0161\u0101s \u0161\u016bnas no epidermas virsmas, pul\u0113 un izl\u012bdzina reljefu. Tiem piem\u012bt izteikta nomierino\u0161a iedarb\u012bba, veicina iekaisuma dz\u012b\u0161anu un nov\u0113r\u0161 pin\u0146u par\u0101d\u012b\u0161anos. Nekomedog\u0113ni spilventi\u0146i ir maigi pret \u0101du, neaizsprosto poras un neizraisa kairin\u0101jumu. Spilventi\u0146u pamat\u0101 ir 77% Houttuynia cordata ekstrakts ar sp\u0113c\u012bg\u0101m [&hellip;]","og_url":"https:\/\/www.facecorner.lv\/lv\/shop\/anua-heartleaf-77-clear-pad-70psc\/","og_site_name":"FACECORNER","article_publisher":"https:\/\/www.facebook.com\/profile.php?id=100063824551839","article_modified_time":"2024-11-30T09:30:10+00:00","og_image":[{"width":800,"height":800,"url":"https:\/\/www.facecorner.lv\/wp-content\/uploads\/2023\/12\/sd.webp","type":"image\/webp"}],"twitter_card":"summary_large_image","twitter_misc":{"Price":"&euro;27.90","Availability":"Out of stock"},"schema":{"@context":"https:\/\/schema.org","@graph":[{"@type":"WebPage","@id":"https:\/\/www.facecorner.lv\/shop\/anua-heartleaf-77-clear-pad-70psc\/","url":"https:\/\/www.facecorner.lv\/shop\/anua-heartleaf-77-clear-pad-70psc\/","name":"Anua Heartleaf 77% Clear Pad 70psc - FACECORNER","isPartOf":{"@id":"https:\/\/www.facecorner.lv\/#website"},"primaryImageOfPage":{"@id":"https:\/\/www.facecorner.lv\/shop\/anua-heartleaf-77-clear-pad-70psc\/#primaryimage"},"image":{"@id":"https:\/\/www.facecorner.lv\/shop\/anua-heartleaf-77-clear-pad-70psc\/#primaryimage"},"thumbnailUrl":"https:\/\/www.facecorner.lv\/wp-content\/uploads\/2023\/12\/sd.webp","datePublished":"2023-12-01T10:55:20+00:00","dateModified":"2024-11-30T09:30:10+00:00","breadcrumb":{"@id":"https:\/\/www.facecorner.lv\/shop\/anua-heartleaf-77-clear-pad-70psc\/#breadcrumb"},"inLanguage":"lv-LV","potentialAction":[{"@type":"ReadAction","target":["https:\/\/www.facecorner.lv\/shop\/anua-heartleaf-77-clear-pad-70psc\/"]}]},{"@type":"ImageObject","inLanguage":"lv-LV","@id":"https:\/\/www.facecorner.lv\/shop\/anua-heartleaf-77-clear-pad-70psc\/#primaryimage","url":"https:\/\/www.facecorner.lv\/wp-content\/uploads\/2023\/12\/sd.webp","contentUrl":"https:\/\/www.facecorner.lv\/wp-content\/uploads\/2023\/12\/sd.webp","width":800,"height":800},{"@type":"BreadcrumbList","@id":"https:\/\/www.facecorner.lv\/shop\/anua-heartleaf-77-clear-pad-70psc\/#breadcrumb","itemListElement":[{"@type":"ListItem","position":1,"name":"Home","item":"https:\/\/www.facecorner.lv\/"},{"@type":"ListItem","position":2,"name":"Veikals","item":"https:\/\/www.facecorner.lv\/shop\/"},{"@type":"ListItem","position":3,"name":"Anua Heartleaf 77% Clear Pad 70psc"}]},{"@type":"WebSite","@id":"https:\/\/www.facecorner.lv\/#website","url":"https:\/\/www.facecorner.lv\/","name":"Facecorner","description":"","publisher":{"@id":"https:\/\/www.facecorner.lv\/#organization"},"potentialAction":[{"@type":"SearchAction","target":{"@type":"EntryPoint","urlTemplate":"https:\/\/www.facecorner.lv\/?s={search_term_string}"},"query-input":{"@type":"PropertyValueSpecification","valueRequired":true,"valueName":"search_term_string"}}],"inLanguage":"lv-LV"},{"@type":"Organization","@id":"https:\/\/www.facecorner.lv\/#organization","name":"Facecorner","url":"https:\/\/www.facecorner.lv\/","logo":{"@type":"ImageObject","inLanguage":"lv-LV","@id":"https:\/\/www.facecorner.lv\/#\/schema\/logo\/image\/","url":"https:\/\/www.facecorner.lv\/wp-content\/uploads\/2024\/04\/fc-logo.jpg","contentUrl":"https:\/\/www.facecorner.lv\/wp-content\/uploads\/2024\/04\/fc-logo.jpg","width":174,"height":28,"caption":"Facecorner"},"image":{"@id":"https:\/\/www.facecorner.lv\/#\/schema\/logo\/image\/"},"sameAs":["https:\/\/www.facebook.com\/profile.php?id=100063824551839","https:\/\/www.instagram.com\/facecorner_shop\/"]}]},"product_price_amount":"27.90","product_price_currency":"EUR","og_availability":"out of stock","product_availability":"out of stock","product_condition":"new"},"_links":{"self":[{"href":"https:\/\/www.facecorner.lv\/lv\/wp-json\/wp\/v2\/product\/13188","targetHints":{"allow":["GET"]}}],"collection":[{"href":"https:\/\/www.facecorner.lv\/lv\/wp-json\/wp\/v2\/product"}],"about":[{"href":"https:\/\/www.facecorner.lv\/lv\/wp-json\/wp\/v2\/types\/product"}],"replies":[{"embeddable":true,"href":"https:\/\/www.facecorner.lv\/lv\/wp-json\/wp\/v2\/comments?post=13188"}],"wp:featuredmedia":[{"embeddable":true,"href":"https:\/\/www.facecorner.lv\/lv\/wp-json\/wp\/v2\/media\/13189"}],"wp:attachment":[{"href":"https:\/\/www.facecorner.lv\/lv\/wp-json\/wp\/v2\/media?parent=13188"}],"wp:term":[{"taxonomy":"product_brand","embeddable":true,"href":"https:\/\/www.facecorner.lv\/lv\/wp-json\/wp\/v2\/product_brand?post=13188"},{"taxonomy":"product_cat","embeddable":true,"href":"https:\/\/www.facecorner.lv\/lv\/wp-json\/wp\/v2\/product_cat?post=13188"},{"taxonomy":"product_tag","embeddable":true,"href":"https:\/\/www.facecorner.lv\/lv\/wp-json\/wp\/v2\/product_tag?post=13188"},{"taxonomy":"berocket_brand","embeddable":true,"href":"https:\/\/www.facecorner.lv\/lv\/wp-json\/wp\/v2\/berocket_brand?post=13188"}],"curies":[{"name":"wp","href":"https:\/\/api.w.org\/{rel}","templated":true}]}}