{"id":13183,"date":"2023-12-01T12:37:15","date_gmt":"2023-12-01T10:37:15","guid":{"rendered":"https:\/\/www.facecorner.lv\/?post_type=product&#038;p=13183"},"modified":"2024-10-25T14:54:31","modified_gmt":"2024-10-25T11:54:31","slug":"round-lab-soybean-nourishing-cream-80ml","status":"publish","type":"product","link":"https:\/\/www.facecorner.lv\/lv\/shop\/round-lab-soybean-nourishing-cream-80ml\/","title":{"rendered":"Round Lab Soybean Nourishing Cream 80ml"},"content":{"rendered":"<p>Round Lab Sojas pupu barojo\u0161ais kr\u0113ms sniedz dzi\u013cu \u0101das baro\u0161anu un mitrin\u0101\u0161anu, efekt\u012bvi pal\u012bdz c\u012b\u0146\u0101 pret pirmaj\u0101m vecuma izmai\u0146\u0101m un paildzina jaun\u012bbu.<\/p>\n<p>Uzlabo epidermas tekst\u016bru, iev\u0113rojami sabiez\u0113 un stimul\u0113 viet\u0113jo imunit\u0101ti, stiprinot audu aizsargfunkcijas. Produkts palielina tvirtumu un elast\u012bbu, izl\u012bdzina mikroreljefu, izl\u012bdzina tonusu, nov\u0113r\u0161 lob\u012b\u0161anos un sausumu, padarot \u0101du maigu un mirdzo\u0161u.<\/p>\n<p>Produkts pies\u0101tina ar labv\u0113l\u012bgiem komponentiem un stiprina dabisko mitruma aiztur\u0113\u0161anas barjeru, kas nov\u0113r\u0161 dehidrat\u0101ciju un samazina \u0101r\u0113jo kairin\u0101t\u0101ju ietekmi.<\/p>\n<p>Kr\u0113ma maig\u0101, gais\u012bg\u0101 tekst\u016bra neatst\u0101j lip\u012bgu pl\u0113vi, lieliski piem\u0113rota \u013coti sausas \u0101das atjauno\u0161anai vai ziemas kop\u0161anai.<\/p>\n<p>Formula satur melno sojas pupi\u0146u ekstraktu (10 000 ppm), kas audz\u0113ts siltaj\u0101, saulain\u0101 Dienvidkorejas re\u0123ion\u0101, Jeongseon sal\u0101. Meln\u0101s sojas ekstraktam piem\u012bt pretnoveco\u0161an\u0101s un pretiekaisuma iedarb\u012bba, tas aizsarg\u0101 \u0161\u016bnas no br\u012bvajiem radik\u0101\u013ciem, satur olbaltumvielas, vitam\u012bnus un augst\u0101ku antioksidantu koncentr\u0101ciju nek\u0101 citi sojas veidi.<\/p>\n<p><strong>Papildu akt\u012bv\u0101s sast\u0101vda\u013cas:<\/strong><\/p>\n<ul>\n<li>Keram\u012bdi palielina elast\u012bbu, stiprina dabisko hidrolip\u012bdu barjeru, integr\u0113joties taj\u0101 un aizpildot tuk\u0161\u0101s vietas, atjaunojot \u0101das aizsargsl\u0101ni, nov\u0113r\u0161ot mitruma iztvaiko\u0161anu un kait\u012bgo vielu iek\u013c\u016b\u0161anu raga sl\u0101n\u012b.<\/li>\n<li>Adenoz\u012bns ir sp\u0113c\u012bgs pretnoveco\u0161an\u0101s l\u012bdzeklis, viena no \u0101das sast\u0101vda\u013c\u0101m. iedarbojas tie\u0161i uz \u0161\u016bn\u0101m, regul\u0113jot oksidat\u012bvo procesu. Pa\u0101trina atjauno\u0161anos, pal\u0113nina noveco\u0161anos, saglab\u0101 tvirtumu un elast\u012bbu. Stimul\u0113 prokolag\u0113na-1 ra\u017eo\u0161anu, kas ir atbild\u012bgs par grumbu neesam\u012bbu un gludumu.<\/li>\n<li>Pantenols (B5 vitam\u012bns) veicina dz\u012b\u0161anu, nomierina kairin\u0101jumu, atjauno, nov\u0113r\u0161 sausumu un lob\u012b\u0161anos.<\/li>\n<li>J\u016bras a\u013c\u0123u ekstrakts (Corallina Officinalis Extract) samazina piet\u016bkumu, palielina kolag\u0113na ra\u017eo\u0161anu, toniz\u0113 un pie\u0161\u0137ir elast\u012bbu, pa\u0101trina dz\u012b\u0161anu un c\u012bn\u0101s ar oksidat\u012bvo stresu.<\/li>\n<li>Kurkumas saknes ekstrakts izl\u012bdzina tonusu, piem\u012bt antioksidanta iedarb\u012bba un saglab\u0101 jaun\u012bbu.<br \/>\nPiem\u0113rots norm\u0101lai, kombin\u0113tai, sausai un jut\u012bgai \u0101dai.<\/li>\n<\/ul>\n<p><strong>Lieto\u0161anas nor\u0101d\u012bjumi:<\/strong> p\u0113c visiem kop\u0161anas posmiem uzkl\u0101jiet kr\u0113mu uz sejas un sadaliet pa mas\u0101\u017eas l\u012bnij\u0101m.<\/p>\n<p><strong>S\u0101stavs: <\/strong>Water, Glycerin, Ethylhexyl Stearate, Hydrogenated Polyisobutene, Polyglyceryl-3 Distearate, Diisostearyl Malate, Caprylic\/Capric Triglyceride, Butylene Glycol, Vinyl Dimethicone, Hydrogenated Coco-Glycerides, 1,2-Hexanediol, Glycine Max (Soybean) Seed Extract (10,000 ppm), Ceramide NP, Melia Azadirachta Flower Extract, Melia Azadirachta Leaf Extract, Panthenol, Curcuma Longa (Turmeric) Root Extract, Ocimum Sanctum Leaf Extract, Corallina Officinalis Extract, Glyceryl Stearate, Pentylene Glycol , Hydroxyethyl Acrylate\/Sodium Acryloyldimethyl Taurate Copolymer, Boron Nitride, Palmitic Acid , Hydroxyacetophenone, Stearic Acid, Glyceryl Stearate Citrate, Dipotassium Glycyrrhizate, Ethylhexylglycerin, Hydrogenated Lecithin , Adenosine, Tromethamine, Sorbitan Isostearate, Dextrin, Cetearyl Alcohol, Xanthan Gum, Carbomer, Disodium EDTA, Theobroma Cacao (Cocoa) Seed Extract<\/p>\n","protected":false},"excerpt":{"rendered":"<p>Round Lab Sojas pupu barojo\u0161ais kr\u0113ms sniedz dzi\u013cu \u0101das baro\u0161anu un mitrin\u0101\u0161anu, efekt\u012bvi pal\u012bdz c\u012b\u0146\u0101 pret pirmaj\u0101m vecuma izmai\u0146\u0101m un paildzina jaun\u012bbu. Uzlabo epidermas tekst\u016bru, iev\u0113rojami sabiez\u0113 un stimul\u0113 viet\u0113jo imunit\u0101ti, stiprinot audu aizsargfunkcijas. Produkts palielina tvirtumu un elast\u012bbu, izl\u012bdzina mikroreljefu, izl\u012bdzina tonusu, nov\u0113r\u0161 lob\u012b\u0161anos un sausumu, padarot \u0101du maigu un mirdzo\u0161u. Produkts pies\u0101tina ar [&hellip;]<\/p>\n","protected":false},"featured_media":13184,"comment_status":"open","ping_status":"closed","template":"","meta":{"site-sidebar-layout":"default","site-content-layout":"","ast-site-content-layout":"","site-content-style":"default","site-sidebar-style":"default","ast-global-header-display":"","ast-banner-title-visibility":"","ast-main-header-display":"","ast-hfb-above-header-display":"","ast-hfb-below-header-display":"","ast-hfb-mobile-header-display":"","site-post-title":"","ast-breadcrumbs-content":"","ast-featured-img":"","footer-sml-layout":"","theme-transparent-header-meta":"","adv-header-id-meta":"","stick-header-meta":"","header-above-stick-meta":"","header-main-stick-meta":"","header-below-stick-meta":"","astra-migrate-meta-layouts":"default","ast-page-background-enabled":"default","ast-page-background-meta":{"desktop":{"background-color":"var(--ast-global-color-4)","background-image":"","background-repeat":"repeat","background-position":"center center","background-size":"auto","background-attachment":"scroll","background-type":"","background-media":"","overlay-type":"","overlay-color":"","overlay-opacity":"","overlay-gradient":""},"tablet":{"background-color":"","background-image":"","background-repeat":"repeat","background-position":"center center","background-size":"auto","background-attachment":"scroll","background-type":"","background-media":"","overlay-type":"","overlay-color":"","overlay-opacity":"","overlay-gradient":""},"mobile":{"background-color":"","background-image":"","background-repeat":"repeat","background-position":"center center","background-size":"auto","background-attachment":"scroll","background-type":"","background-media":"","overlay-type":"","overlay-color":"","overlay-opacity":"","overlay-gradient":""}},"ast-content-background-meta":{"desktop":{"background-color":"var(--ast-global-color-5)","background-image":"","background-repeat":"repeat","background-position":"center center","background-size":"auto","background-attachment":"scroll","background-type":"","background-media":"","overlay-type":"","overlay-color":"","overlay-opacity":"","overlay-gradient":""},"tablet":{"background-color":"var(--ast-global-color-5)","background-image":"","background-repeat":"repeat","background-position":"center center","background-size":"auto","background-attachment":"scroll","background-type":"","background-media":"","overlay-type":"","overlay-color":"","overlay-opacity":"","overlay-gradient":""},"mobile":{"background-color":"var(--ast-global-color-5)","background-image":"","background-repeat":"repeat","background-position":"center center","background-size":"auto","background-attachment":"scroll","background-type":"","background-media":"","overlay-type":"","overlay-color":"","overlay-opacity":"","overlay-gradient":""}}},"product_brand":[],"product_cat":[365,362],"product_tag":[],"berocket_brand":[],"class_list":{"0":"post-13183","1":"product","2":"type-product","3":"status-publish","4":"has-post-thumbnail","6":"product_cat-barojoss","7":"product_cat-sejas-krems","8":"desktop-align-left","9":"tablet-align-left","10":"mobile-align-left","12":"first","13":"outofstock","14":"taxable","15":"shipping-taxable","16":"purchasable","17":"product-type-simple","18":"add-to-wishlist-before_image"},"yoast_head":"<!-- This site is optimized with the Yoast SEO plugin v27.4 - https:\/\/yoast.com\/product\/yoast-seo-wordpress\/ -->\n<title>Round Lab Soybean Nourishing Cream 80ml - FACECORNER<\/title>\n<meta name=\"robots\" content=\"index, follow, max-snippet:-1, max-image-preview:large, max-video-preview:-1\" \/>\n<link rel=\"canonical\" href=\"https:\/\/www.facecorner.lv\/lv\/shop\/round-lab-soybean-nourishing-cream-80ml\/\" \/>\n<meta property=\"og:locale\" content=\"lv_LV\" \/>\n<meta property=\"og:type\" content=\"article\" \/>\n<meta property=\"og:title\" content=\"Round Lab Soybean Nourishing Cream 80ml - FACECORNER\" \/>\n<meta property=\"og:description\" content=\"Round Lab Sojas pupu barojo\u0161ais kr\u0113ms sniedz dzi\u013cu \u0101das baro\u0161anu un mitrin\u0101\u0161anu, efekt\u012bvi pal\u012bdz c\u012b\u0146\u0101 pret pirmaj\u0101m vecuma izmai\u0146\u0101m un paildzina jaun\u012bbu. Uzlabo epidermas tekst\u016bru, iev\u0113rojami sabiez\u0113 un stimul\u0113 viet\u0113jo imunit\u0101ti, stiprinot audu aizsargfunkcijas. Produkts palielina tvirtumu un elast\u012bbu, izl\u012bdzina mikroreljefu, izl\u012bdzina tonusu, nov\u0113r\u0161 lob\u012b\u0161anos un sausumu, padarot \u0101du maigu un mirdzo\u0161u. Produkts pies\u0101tina ar [&hellip;]\" \/>\n<meta property=\"og:url\" content=\"https:\/\/www.facecorner.lv\/lv\/shop\/round-lab-soybean-nourishing-cream-80ml\/\" \/>\n<meta property=\"og:site_name\" content=\"FACECORNER\" \/>\n<meta property=\"article:publisher\" content=\"https:\/\/www.facebook.com\/profile.php?id=100063824551839\" \/>\n<meta property=\"article:modified_time\" content=\"2024-10-25T11:54:31+00:00\" \/>\n<meta property=\"og:image\" content=\"https:\/\/www.facecorner.lv\/wp-content\/uploads\/2023\/12\/4B5BCE7E-4F40-4CB0-A41E-60E05309A81E.webp\" \/>\n\t<meta property=\"og:image:width\" content=\"2048\" \/>\n\t<meta property=\"og:image:height\" content=\"2048\" \/>\n\t<meta property=\"og:image:type\" content=\"image\/webp\" \/>\n<meta name=\"twitter:card\" content=\"summary_large_image\" \/>\n<meta name=\"twitter:label1\" content=\"Price\" \/>\n\t<meta name=\"twitter:data1\" content=\"&euro;26.00\" \/>\n\t<meta name=\"twitter:label2\" content=\"Availability\" \/>\n\t<meta name=\"twitter:data2\" content=\"Out of stock\" \/>\n<script type=\"application\/ld+json\" class=\"yoast-schema-graph\">{\"@context\":\"https:\\\/\\\/schema.org\",\"@graph\":[{\"@type\":\"WebPage\",\"@id\":\"https:\\\/\\\/www.facecorner.lv\\\/shop\\\/round-lab-soybean-nourishing-cream-80ml\\\/\",\"url\":\"https:\\\/\\\/www.facecorner.lv\\\/shop\\\/round-lab-soybean-nourishing-cream-80ml\\\/\",\"name\":\"Round Lab Soybean Nourishing Cream 80ml - FACECORNER\",\"isPartOf\":{\"@id\":\"https:\\\/\\\/www.facecorner.lv\\\/#website\"},\"primaryImageOfPage\":{\"@id\":\"https:\\\/\\\/www.facecorner.lv\\\/shop\\\/round-lab-soybean-nourishing-cream-80ml\\\/#primaryimage\"},\"image\":{\"@id\":\"https:\\\/\\\/www.facecorner.lv\\\/shop\\\/round-lab-soybean-nourishing-cream-80ml\\\/#primaryimage\"},\"thumbnailUrl\":\"https:\\\/\\\/www.facecorner.lv\\\/wp-content\\\/uploads\\\/2023\\\/12\\\/4B5BCE7E-4F40-4CB0-A41E-60E05309A81E.webp\",\"datePublished\":\"2023-12-01T10:37:15+00:00\",\"dateModified\":\"2024-10-25T11:54:31+00:00\",\"breadcrumb\":{\"@id\":\"https:\\\/\\\/www.facecorner.lv\\\/shop\\\/round-lab-soybean-nourishing-cream-80ml\\\/#breadcrumb\"},\"inLanguage\":\"lv-LV\",\"potentialAction\":[{\"@type\":\"ReadAction\",\"target\":[\"https:\\\/\\\/www.facecorner.lv\\\/shop\\\/round-lab-soybean-nourishing-cream-80ml\\\/\"]}]},{\"@type\":\"ImageObject\",\"inLanguage\":\"lv-LV\",\"@id\":\"https:\\\/\\\/www.facecorner.lv\\\/shop\\\/round-lab-soybean-nourishing-cream-80ml\\\/#primaryimage\",\"url\":\"https:\\\/\\\/www.facecorner.lv\\\/wp-content\\\/uploads\\\/2023\\\/12\\\/4B5BCE7E-4F40-4CB0-A41E-60E05309A81E.webp\",\"contentUrl\":\"https:\\\/\\\/www.facecorner.lv\\\/wp-content\\\/uploads\\\/2023\\\/12\\\/4B5BCE7E-4F40-4CB0-A41E-60E05309A81E.webp\",\"width\":2048,\"height\":2048},{\"@type\":\"BreadcrumbList\",\"@id\":\"https:\\\/\\\/www.facecorner.lv\\\/shop\\\/round-lab-soybean-nourishing-cream-80ml\\\/#breadcrumb\",\"itemListElement\":[{\"@type\":\"ListItem\",\"position\":1,\"name\":\"Home\",\"item\":\"https:\\\/\\\/www.facecorner.lv\\\/\"},{\"@type\":\"ListItem\",\"position\":2,\"name\":\"Veikals\",\"item\":\"https:\\\/\\\/www.facecorner.lv\\\/shop\\\/\"},{\"@type\":\"ListItem\",\"position\":3,\"name\":\"Round Lab Soybean Nourishing Cream 80ml\"}]},{\"@type\":\"WebSite\",\"@id\":\"https:\\\/\\\/www.facecorner.lv\\\/#website\",\"url\":\"https:\\\/\\\/www.facecorner.lv\\\/\",\"name\":\"Facecorner\",\"description\":\"\",\"publisher\":{\"@id\":\"https:\\\/\\\/www.facecorner.lv\\\/#organization\"},\"potentialAction\":[{\"@type\":\"SearchAction\",\"target\":{\"@type\":\"EntryPoint\",\"urlTemplate\":\"https:\\\/\\\/www.facecorner.lv\\\/?s={search_term_string}\"},\"query-input\":{\"@type\":\"PropertyValueSpecification\",\"valueRequired\":true,\"valueName\":\"search_term_string\"}}],\"inLanguage\":\"lv-LV\"},{\"@type\":\"Organization\",\"@id\":\"https:\\\/\\\/www.facecorner.lv\\\/#organization\",\"name\":\"Facecorner\",\"url\":\"https:\\\/\\\/www.facecorner.lv\\\/\",\"logo\":{\"@type\":\"ImageObject\",\"inLanguage\":\"lv-LV\",\"@id\":\"https:\\\/\\\/www.facecorner.lv\\\/#\\\/schema\\\/logo\\\/image\\\/\",\"url\":\"https:\\\/\\\/www.facecorner.lv\\\/wp-content\\\/uploads\\\/2024\\\/04\\\/fc-logo.jpg\",\"contentUrl\":\"https:\\\/\\\/www.facecorner.lv\\\/wp-content\\\/uploads\\\/2024\\\/04\\\/fc-logo.jpg\",\"width\":174,\"height\":28,\"caption\":\"Facecorner\"},\"image\":{\"@id\":\"https:\\\/\\\/www.facecorner.lv\\\/#\\\/schema\\\/logo\\\/image\\\/\"},\"sameAs\":[\"https:\\\/\\\/www.facebook.com\\\/profile.php?id=100063824551839\",\"https:\\\/\\\/www.instagram.com\\\/facecorner_shop\\\/\"]}]}<\/script>\n<meta property=\"product:price:amount\" content=\"26.00\" \/>\n<meta property=\"product:price:currency\" content=\"EUR\" \/>\n<meta property=\"og:availability\" content=\"out of stock\" \/>\n<meta property=\"product:availability\" content=\"out of stock\" \/>\n<meta property=\"product:condition\" content=\"new\" \/>\n<!-- \/ Yoast SEO plugin. -->","yoast_head_json":{"title":"Round Lab Soybean Nourishing Cream 80ml - FACECORNER","robots":{"index":"index","follow":"follow","max-snippet":"max-snippet:-1","max-image-preview":"max-image-preview:large","max-video-preview":"max-video-preview:-1"},"canonical":"https:\/\/www.facecorner.lv\/lv\/shop\/round-lab-soybean-nourishing-cream-80ml\/","og_locale":"lv_LV","og_type":"article","og_title":"Round Lab Soybean Nourishing Cream 80ml - FACECORNER","og_description":"Round Lab Sojas pupu barojo\u0161ais kr\u0113ms sniedz dzi\u013cu \u0101das baro\u0161anu un mitrin\u0101\u0161anu, efekt\u012bvi pal\u012bdz c\u012b\u0146\u0101 pret pirmaj\u0101m vecuma izmai\u0146\u0101m un paildzina jaun\u012bbu. Uzlabo epidermas tekst\u016bru, iev\u0113rojami sabiez\u0113 un stimul\u0113 viet\u0113jo imunit\u0101ti, stiprinot audu aizsargfunkcijas. Produkts palielina tvirtumu un elast\u012bbu, izl\u012bdzina mikroreljefu, izl\u012bdzina tonusu, nov\u0113r\u0161 lob\u012b\u0161anos un sausumu, padarot \u0101du maigu un mirdzo\u0161u. Produkts pies\u0101tina ar [&hellip;]","og_url":"https:\/\/www.facecorner.lv\/lv\/shop\/round-lab-soybean-nourishing-cream-80ml\/","og_site_name":"FACECORNER","article_publisher":"https:\/\/www.facebook.com\/profile.php?id=100063824551839","article_modified_time":"2024-10-25T11:54:31+00:00","og_image":[{"width":2048,"height":2048,"url":"https:\/\/www.facecorner.lv\/wp-content\/uploads\/2023\/12\/4B5BCE7E-4F40-4CB0-A41E-60E05309A81E.webp","type":"image\/webp"}],"twitter_card":"summary_large_image","twitter_misc":{"Price":"&euro;26.00","Availability":"Out of stock"},"schema":{"@context":"https:\/\/schema.org","@graph":[{"@type":"WebPage","@id":"https:\/\/www.facecorner.lv\/shop\/round-lab-soybean-nourishing-cream-80ml\/","url":"https:\/\/www.facecorner.lv\/shop\/round-lab-soybean-nourishing-cream-80ml\/","name":"Round Lab Soybean Nourishing Cream 80ml - FACECORNER","isPartOf":{"@id":"https:\/\/www.facecorner.lv\/#website"},"primaryImageOfPage":{"@id":"https:\/\/www.facecorner.lv\/shop\/round-lab-soybean-nourishing-cream-80ml\/#primaryimage"},"image":{"@id":"https:\/\/www.facecorner.lv\/shop\/round-lab-soybean-nourishing-cream-80ml\/#primaryimage"},"thumbnailUrl":"https:\/\/www.facecorner.lv\/wp-content\/uploads\/2023\/12\/4B5BCE7E-4F40-4CB0-A41E-60E05309A81E.webp","datePublished":"2023-12-01T10:37:15+00:00","dateModified":"2024-10-25T11:54:31+00:00","breadcrumb":{"@id":"https:\/\/www.facecorner.lv\/shop\/round-lab-soybean-nourishing-cream-80ml\/#breadcrumb"},"inLanguage":"lv-LV","potentialAction":[{"@type":"ReadAction","target":["https:\/\/www.facecorner.lv\/shop\/round-lab-soybean-nourishing-cream-80ml\/"]}]},{"@type":"ImageObject","inLanguage":"lv-LV","@id":"https:\/\/www.facecorner.lv\/shop\/round-lab-soybean-nourishing-cream-80ml\/#primaryimage","url":"https:\/\/www.facecorner.lv\/wp-content\/uploads\/2023\/12\/4B5BCE7E-4F40-4CB0-A41E-60E05309A81E.webp","contentUrl":"https:\/\/www.facecorner.lv\/wp-content\/uploads\/2023\/12\/4B5BCE7E-4F40-4CB0-A41E-60E05309A81E.webp","width":2048,"height":2048},{"@type":"BreadcrumbList","@id":"https:\/\/www.facecorner.lv\/shop\/round-lab-soybean-nourishing-cream-80ml\/#breadcrumb","itemListElement":[{"@type":"ListItem","position":1,"name":"Home","item":"https:\/\/www.facecorner.lv\/"},{"@type":"ListItem","position":2,"name":"Veikals","item":"https:\/\/www.facecorner.lv\/shop\/"},{"@type":"ListItem","position":3,"name":"Round Lab Soybean Nourishing Cream 80ml"}]},{"@type":"WebSite","@id":"https:\/\/www.facecorner.lv\/#website","url":"https:\/\/www.facecorner.lv\/","name":"Facecorner","description":"","publisher":{"@id":"https:\/\/www.facecorner.lv\/#organization"},"potentialAction":[{"@type":"SearchAction","target":{"@type":"EntryPoint","urlTemplate":"https:\/\/www.facecorner.lv\/?s={search_term_string}"},"query-input":{"@type":"PropertyValueSpecification","valueRequired":true,"valueName":"search_term_string"}}],"inLanguage":"lv-LV"},{"@type":"Organization","@id":"https:\/\/www.facecorner.lv\/#organization","name":"Facecorner","url":"https:\/\/www.facecorner.lv\/","logo":{"@type":"ImageObject","inLanguage":"lv-LV","@id":"https:\/\/www.facecorner.lv\/#\/schema\/logo\/image\/","url":"https:\/\/www.facecorner.lv\/wp-content\/uploads\/2024\/04\/fc-logo.jpg","contentUrl":"https:\/\/www.facecorner.lv\/wp-content\/uploads\/2024\/04\/fc-logo.jpg","width":174,"height":28,"caption":"Facecorner"},"image":{"@id":"https:\/\/www.facecorner.lv\/#\/schema\/logo\/image\/"},"sameAs":["https:\/\/www.facebook.com\/profile.php?id=100063824551839","https:\/\/www.instagram.com\/facecorner_shop\/"]}]},"product_price_amount":"26.00","product_price_currency":"EUR","og_availability":"out of stock","product_availability":"out of stock","product_condition":"new"},"_links":{"self":[{"href":"https:\/\/www.facecorner.lv\/lv\/wp-json\/wp\/v2\/product\/13183","targetHints":{"allow":["GET"]}}],"collection":[{"href":"https:\/\/www.facecorner.lv\/lv\/wp-json\/wp\/v2\/product"}],"about":[{"href":"https:\/\/www.facecorner.lv\/lv\/wp-json\/wp\/v2\/types\/product"}],"replies":[{"embeddable":true,"href":"https:\/\/www.facecorner.lv\/lv\/wp-json\/wp\/v2\/comments?post=13183"}],"wp:featuredmedia":[{"embeddable":true,"href":"https:\/\/www.facecorner.lv\/lv\/wp-json\/wp\/v2\/media\/13184"}],"wp:attachment":[{"href":"https:\/\/www.facecorner.lv\/lv\/wp-json\/wp\/v2\/media?parent=13183"}],"wp:term":[{"taxonomy":"product_brand","embeddable":true,"href":"https:\/\/www.facecorner.lv\/lv\/wp-json\/wp\/v2\/product_brand?post=13183"},{"taxonomy":"product_cat","embeddable":true,"href":"https:\/\/www.facecorner.lv\/lv\/wp-json\/wp\/v2\/product_cat?post=13183"},{"taxonomy":"product_tag","embeddable":true,"href":"https:\/\/www.facecorner.lv\/lv\/wp-json\/wp\/v2\/product_tag?post=13183"},{"taxonomy":"berocket_brand","embeddable":true,"href":"https:\/\/www.facecorner.lv\/lv\/wp-json\/wp\/v2\/berocket_brand?post=13183"}],"curies":[{"name":"wp","href":"https:\/\/api.w.org\/{rel}","templated":true}]}}