{"id":13181,"date":"2023-12-01T12:30:56","date_gmt":"2023-12-01T10:30:56","guid":{"rendered":"https:\/\/www.facecorner.lv\/?post_type=product&#038;p=13181"},"modified":"2025-04-26T13:21:46","modified_gmt":"2025-04-26T10:21:46","slug":"round-lab-soybean-nourishing-toner-300ml","status":"publish","type":"product","link":"https:\/\/www.facecorner.lv\/lv\/shop\/round-lab-soybean-nourishing-toner-300ml\/","title":{"rendered":"Round Lab Soybean Nourishing Toner 300ml"},"content":{"rendered":"<p>Round Lab Sojas pupu barojo\u0161ais toniks m\u012bkstina un izl\u012bdzina \u0101du, c\u012bn\u0101s ar sausumu un lob\u012b\u0161anos, nov\u0113r\u0161 dehidrat\u0101ciju un kairin\u0101jumu, ko izraisa temperat\u016bras izmai\u0146as, sauss v\u0113j\u0161 un citi faktori. Produkts samazina grumbu smagumu, padara \u0101du maigu un gludu.<\/p>\n<p>Produkts palielina elast\u012bbu un tvirtumu, nostiprina dabisko aizsargbarjeru un uztur optim\u0101lu mitruma l\u012bmeni. Bag\u0101t\u012bga kr\u0113mveida tekst\u016bra viegli kl\u0101jas. Hipoaler\u0123isk\u0101 formula neizraisa kairin\u0101jumu un ir piem\u0113rota jut\u012bgai \u0101dai.<\/p>\n<p>Satur meln\u0101s sojas pupi\u0146u ekstraktu (11 700 ppm), kas ieg\u016bts no augiem, kas aug D\u017eeongseonas sal\u0101, videi draudz\u012bg\u0101 Dienvidkorejas re\u0123ion\u0101. Meln\u0101s sojas ekstraktam piem\u012bt pretiekaisuma un pretnoveco\u0161an\u0101s iedarb\u012bba, piem\u012bt antioksidanta iedarb\u012bba, aizsarg\u0101jot pret br\u012bvajiem radik\u0101\u013ciem. Meln\u0101s sojas pupi\u0146as ir bag\u0101t\u0101kas ar vitam\u012bniem, olbaltumviel\u0101m un antioksidantiem nek\u0101 cita veida sojas pupi\u0146as.<\/p>\n<p><strong>Papildu akt\u012bv\u0101s sast\u0101vda\u013cas:<\/strong><\/p>\n<ul>\n<li>Keram\u012bdi, l\u012bdz\u012bgi k\u0101 epidermas lip\u012bdi, stiprina aizsarg\u0101jo\u0161o hidrolip\u012bdu sl\u0101ni, nov\u0113r\u0161 lob\u012b\u0161anos un sausumu, nov\u0113r\u0161 mitruma zudumu un samazina jut\u012bbu pret \u0101r\u0113jiem kairin\u0101t\u0101jiem.<\/li>\n<li>Adenoz\u012bns ir pretnoveco\u0161an\u0101s l\u012bdzeklis, kas stimul\u0113 kolag\u0113na prote\u012bna ra\u017eo\u0161anu, kas ir atbild\u012bgs par bl\u012bvumu un elast\u012bbu, k\u0101 ar\u012b grumbu neesam\u012bbu.<\/li>\n<li>Pantenols (B5 vitam\u012bns) pa\u0101trina dz\u012b\u0161anu, nomierina un mazina kairin\u0101jumu, k\u0101 ar\u012b atjauno epidermas integrit\u0101ti.<\/li>\n<li>Cukurniedru ekstrakts ir mitrin\u0101t\u0101js, kas pal\u012bdz \u0101dai piesaist\u012bt un saglab\u0101t mitrumu.<\/li>\n<li>N\u0101trija hialuron\u0101ts ir hialuronsk\u0101bes forma, kas iek\u013c\u016bst dzi\u013c\u0101k, pateicoties t\u0101 mazajam molekul\u0101rajam izm\u0113ram. Mitrina, palielina dabisko mitrin\u0101\u0161anas faktoru (NMF), pie\u0161\u0137ir elast\u012bbu.<\/li>\n<li>Kakao s\u0113klu ekstrakts toniz\u0113, mazina t\u016bsku, piem\u012bt antioksidanta iedarb\u012bba un stimul\u0113 dz\u012b\u0161anu.<\/li>\n<\/ul>\n<p><strong>Piem\u0113rots norm\u0101lai, kombin\u0113tai un sausai \u0101dai.<\/strong><\/p>\n<p><strong>S\u0101stavs:\u00a0<\/strong>Water, Propanediol, Butylene Glycol, 1,2-Hexanediol, Glycerin, Glycine Max (Soybean) Seed Extract (11,700 ppm), Ceramide NP, Chondrus Crispus Extract, Saccharum Officinarum (Sugarcane) Extract, Sodium Hyaluronate, Dipropylene Glycol, Panthenol, Pentylene Glycol, Diphenyl Dimethicone, Triethylhexanoin, Caprylyl Glycol, Hydrogenated Lecithin, Ethylhexylglycerin, Adenosine, Tromethamine, Caprylic\/Capric Triglyceride, Dextrin, Dipotassium Glycyrrhizate, Carbomer, Disodium EDTA, Theobroma Cacao (Cocoa) Seed Extract<\/p>\n","protected":false},"excerpt":{"rendered":"<p>Round Lab Sojas pupu barojo\u0161ais toniks m\u012bkstina un izl\u012bdzina \u0101du, c\u012bn\u0101s ar sausumu un lob\u012b\u0161anos, nov\u0113r\u0161 dehidrat\u0101ciju un kairin\u0101jumu, ko izraisa temperat\u016bras izmai\u0146as, sauss v\u0113j\u0161 un citi faktori. Produkts samazina grumbu smagumu, padara \u0101du maigu un gludu. Produkts palielina elast\u012bbu un tvirtumu, nostiprina dabisko aizsargbarjeru un uztur optim\u0101lu mitruma l\u012bmeni. Bag\u0101t\u012bga kr\u0113mveida tekst\u016bra viegli kl\u0101jas. [&hellip;]<\/p>\n","protected":false},"featured_media":13182,"comment_status":"open","ping_status":"closed","template":"","meta":{"site-sidebar-layout":"default","site-content-layout":"","ast-site-content-layout":"","site-content-style":"default","site-sidebar-style":"default","ast-global-header-display":"","ast-banner-title-visibility":"","ast-main-header-display":"","ast-hfb-above-header-display":"","ast-hfb-below-header-display":"","ast-hfb-mobile-header-display":"","site-post-title":"","ast-breadcrumbs-content":"","ast-featured-img":"","footer-sml-layout":"","theme-transparent-header-meta":"","adv-header-id-meta":"","stick-header-meta":"","header-above-stick-meta":"","header-main-stick-meta":"","header-below-stick-meta":"","astra-migrate-meta-layouts":"default","ast-page-background-enabled":"default","ast-page-background-meta":{"desktop":{"background-color":"var(--ast-global-color-4)","background-image":"","background-repeat":"repeat","background-position":"center center","background-size":"auto","background-attachment":"scroll","background-type":"","background-media":"","overlay-type":"","overlay-color":"","overlay-opacity":"","overlay-gradient":""},"tablet":{"background-color":"","background-image":"","background-repeat":"repeat","background-position":"center center","background-size":"auto","background-attachment":"scroll","background-type":"","background-media":"","overlay-type":"","overlay-color":"","overlay-opacity":"","overlay-gradient":""},"mobile":{"background-color":"","background-image":"","background-repeat":"repeat","background-position":"center center","background-size":"auto","background-attachment":"scroll","background-type":"","background-media":"","overlay-type":"","overlay-color":"","overlay-opacity":"","overlay-gradient":""}},"ast-content-background-meta":{"desktop":{"background-color":"var(--ast-global-color-5)","background-image":"","background-repeat":"repeat","background-position":"center center","background-size":"auto","background-attachment":"scroll","background-type":"","background-media":"","overlay-type":"","overlay-color":"","overlay-opacity":"","overlay-gradient":""},"tablet":{"background-color":"var(--ast-global-color-5)","background-image":"","background-repeat":"repeat","background-position":"center center","background-size":"auto","background-attachment":"scroll","background-type":"","background-media":"","overlay-type":"","overlay-color":"","overlay-opacity":"","overlay-gradient":""},"mobile":{"background-color":"var(--ast-global-color-5)","background-image":"","background-repeat":"repeat","background-position":"center center","background-size":"auto","background-attachment":"scroll","background-type":"","background-media":"","overlay-type":"","overlay-color":"","overlay-opacity":"","overlay-gradient":""}}},"product_brand":[],"product_cat":[375,377,378,364,376],"product_tag":[],"berocket_brand":[589],"class_list":{"0":"post-13181","1":"product","2":"type-product","3":"status-publish","4":"has-post-thumbnail","6":"product_cat-jutigai-adai-toneri","7":"product_cat-problematiskai-adai-toneri","8":"product_cat-sausai-adai-toneri","9":"product_cat-toneri","10":"product_cat-kombinetai-adai-toneri","11":"berocket_brand-round-lab","12":"desktop-align-left","13":"tablet-align-left","14":"mobile-align-left","16":"first","17":"outofstock","18":"taxable","19":"shipping-taxable","20":"purchasable","21":"product-type-simple","22":"add-to-wishlist-before_image"},"yoast_head":"<!-- This site is optimized with the Yoast SEO plugin v27.4 - https:\/\/yoast.com\/product\/yoast-seo-wordpress\/ -->\n<title>Round Lab Soybean Nourishing Toner 300ml - FACECORNER<\/title>\n<meta name=\"robots\" content=\"index, follow, max-snippet:-1, max-image-preview:large, max-video-preview:-1\" \/>\n<link rel=\"canonical\" href=\"https:\/\/www.facecorner.lv\/lv\/shop\/round-lab-soybean-nourishing-toner-300ml\/\" \/>\n<meta property=\"og:locale\" content=\"lv_LV\" \/>\n<meta property=\"og:type\" content=\"article\" \/>\n<meta property=\"og:title\" content=\"Round Lab Soybean Nourishing Toner 300ml - FACECORNER\" \/>\n<meta property=\"og:description\" content=\"Round Lab Sojas pupu barojo\u0161ais toniks m\u012bkstina un izl\u012bdzina \u0101du, c\u012bn\u0101s ar sausumu un lob\u012b\u0161anos, nov\u0113r\u0161 dehidrat\u0101ciju un kairin\u0101jumu, ko izraisa temperat\u016bras izmai\u0146as, sauss v\u0113j\u0161 un citi faktori. Produkts samazina grumbu smagumu, padara \u0101du maigu un gludu. Produkts palielina elast\u012bbu un tvirtumu, nostiprina dabisko aizsargbarjeru un uztur optim\u0101lu mitruma l\u012bmeni. Bag\u0101t\u012bga kr\u0113mveida tekst\u016bra viegli kl\u0101jas. [&hellip;]\" \/>\n<meta property=\"og:url\" content=\"https:\/\/www.facecorner.lv\/lv\/shop\/round-lab-soybean-nourishing-toner-300ml\/\" \/>\n<meta property=\"og:site_name\" content=\"FACECORNER\" \/>\n<meta property=\"article:publisher\" content=\"https:\/\/www.facebook.com\/profile.php?id=100063824551839\" \/>\n<meta property=\"article:modified_time\" content=\"2025-04-26T10:21:46+00:00\" \/>\n<meta property=\"og:image\" content=\"https:\/\/www.facecorner.lv\/wp-content\/uploads\/2023\/12\/61FFAybv3OL._AC_SL1500_2000x.jpeg\" \/>\n\t<meta property=\"og:image:width\" content=\"800\" \/>\n\t<meta property=\"og:image:height\" content=\"800\" \/>\n\t<meta property=\"og:image:type\" content=\"image\/jpeg\" \/>\n<meta name=\"twitter:card\" content=\"summary_large_image\" \/>\n<meta name=\"twitter:label1\" content=\"Price\" \/>\n\t<meta name=\"twitter:data1\" content=\"&euro;25.00\" \/>\n\t<meta name=\"twitter:label2\" content=\"Availability\" \/>\n\t<meta name=\"twitter:data2\" content=\"Out of stock\" \/>\n<script type=\"application\/ld+json\" class=\"yoast-schema-graph\">{\"@context\":\"https:\\\/\\\/schema.org\",\"@graph\":[{\"@type\":\"WebPage\",\"@id\":\"https:\\\/\\\/www.facecorner.lv\\\/shop\\\/round-lab-soybean-nourishing-toner-300ml\\\/\",\"url\":\"https:\\\/\\\/www.facecorner.lv\\\/shop\\\/round-lab-soybean-nourishing-toner-300ml\\\/\",\"name\":\"Round Lab Soybean Nourishing Toner 300ml - FACECORNER\",\"isPartOf\":{\"@id\":\"https:\\\/\\\/www.facecorner.lv\\\/#website\"},\"primaryImageOfPage\":{\"@id\":\"https:\\\/\\\/www.facecorner.lv\\\/shop\\\/round-lab-soybean-nourishing-toner-300ml\\\/#primaryimage\"},\"image\":{\"@id\":\"https:\\\/\\\/www.facecorner.lv\\\/shop\\\/round-lab-soybean-nourishing-toner-300ml\\\/#primaryimage\"},\"thumbnailUrl\":\"https:\\\/\\\/www.facecorner.lv\\\/wp-content\\\/uploads\\\/2023\\\/12\\\/61FFAybv3OL._AC_SL1500_2000x.jpeg\",\"datePublished\":\"2023-12-01T10:30:56+00:00\",\"dateModified\":\"2025-04-26T10:21:46+00:00\",\"breadcrumb\":{\"@id\":\"https:\\\/\\\/www.facecorner.lv\\\/shop\\\/round-lab-soybean-nourishing-toner-300ml\\\/#breadcrumb\"},\"inLanguage\":\"lv-LV\",\"potentialAction\":[{\"@type\":\"ReadAction\",\"target\":[\"https:\\\/\\\/www.facecorner.lv\\\/shop\\\/round-lab-soybean-nourishing-toner-300ml\\\/\"]}]},{\"@type\":\"ImageObject\",\"inLanguage\":\"lv-LV\",\"@id\":\"https:\\\/\\\/www.facecorner.lv\\\/shop\\\/round-lab-soybean-nourishing-toner-300ml\\\/#primaryimage\",\"url\":\"https:\\\/\\\/www.facecorner.lv\\\/wp-content\\\/uploads\\\/2023\\\/12\\\/61FFAybv3OL._AC_SL1500_2000x.jpeg\",\"contentUrl\":\"https:\\\/\\\/www.facecorner.lv\\\/wp-content\\\/uploads\\\/2023\\\/12\\\/61FFAybv3OL._AC_SL1500_2000x.jpeg\",\"width\":800,\"height\":800},{\"@type\":\"BreadcrumbList\",\"@id\":\"https:\\\/\\\/www.facecorner.lv\\\/shop\\\/round-lab-soybean-nourishing-toner-300ml\\\/#breadcrumb\",\"itemListElement\":[{\"@type\":\"ListItem\",\"position\":1,\"name\":\"Home\",\"item\":\"https:\\\/\\\/www.facecorner.lv\\\/\"},{\"@type\":\"ListItem\",\"position\":2,\"name\":\"Veikals\",\"item\":\"https:\\\/\\\/www.facecorner.lv\\\/shop\\\/\"},{\"@type\":\"ListItem\",\"position\":3,\"name\":\"Round Lab Soybean Nourishing Toner 300ml\"}]},{\"@type\":\"WebSite\",\"@id\":\"https:\\\/\\\/www.facecorner.lv\\\/#website\",\"url\":\"https:\\\/\\\/www.facecorner.lv\\\/\",\"name\":\"Facecorner\",\"description\":\"\",\"publisher\":{\"@id\":\"https:\\\/\\\/www.facecorner.lv\\\/#organization\"},\"potentialAction\":[{\"@type\":\"SearchAction\",\"target\":{\"@type\":\"EntryPoint\",\"urlTemplate\":\"https:\\\/\\\/www.facecorner.lv\\\/?s={search_term_string}\"},\"query-input\":{\"@type\":\"PropertyValueSpecification\",\"valueRequired\":true,\"valueName\":\"search_term_string\"}}],\"inLanguage\":\"lv-LV\"},{\"@type\":\"Organization\",\"@id\":\"https:\\\/\\\/www.facecorner.lv\\\/#organization\",\"name\":\"Facecorner\",\"url\":\"https:\\\/\\\/www.facecorner.lv\\\/\",\"logo\":{\"@type\":\"ImageObject\",\"inLanguage\":\"lv-LV\",\"@id\":\"https:\\\/\\\/www.facecorner.lv\\\/#\\\/schema\\\/logo\\\/image\\\/\",\"url\":\"https:\\\/\\\/www.facecorner.lv\\\/wp-content\\\/uploads\\\/2024\\\/04\\\/fc-logo.jpg\",\"contentUrl\":\"https:\\\/\\\/www.facecorner.lv\\\/wp-content\\\/uploads\\\/2024\\\/04\\\/fc-logo.jpg\",\"width\":174,\"height\":28,\"caption\":\"Facecorner\"},\"image\":{\"@id\":\"https:\\\/\\\/www.facecorner.lv\\\/#\\\/schema\\\/logo\\\/image\\\/\"},\"sameAs\":[\"https:\\\/\\\/www.facebook.com\\\/profile.php?id=100063824551839\",\"https:\\\/\\\/www.instagram.com\\\/facecorner_shop\\\/\"]}]}<\/script>\n<meta property=\"product:price:amount\" content=\"25.00\" \/>\n<meta property=\"product:price:currency\" content=\"EUR\" \/>\n<meta property=\"og:availability\" content=\"out of stock\" \/>\n<meta property=\"product:availability\" content=\"out of stock\" \/>\n<meta property=\"product:condition\" content=\"new\" \/>\n<!-- \/ Yoast SEO plugin. -->","yoast_head_json":{"title":"Round Lab Soybean Nourishing Toner 300ml - FACECORNER","robots":{"index":"index","follow":"follow","max-snippet":"max-snippet:-1","max-image-preview":"max-image-preview:large","max-video-preview":"max-video-preview:-1"},"canonical":"https:\/\/www.facecorner.lv\/lv\/shop\/round-lab-soybean-nourishing-toner-300ml\/","og_locale":"lv_LV","og_type":"article","og_title":"Round Lab Soybean Nourishing Toner 300ml - FACECORNER","og_description":"Round Lab Sojas pupu barojo\u0161ais toniks m\u012bkstina un izl\u012bdzina \u0101du, c\u012bn\u0101s ar sausumu un lob\u012b\u0161anos, nov\u0113r\u0161 dehidrat\u0101ciju un kairin\u0101jumu, ko izraisa temperat\u016bras izmai\u0146as, sauss v\u0113j\u0161 un citi faktori. Produkts samazina grumbu smagumu, padara \u0101du maigu un gludu. Produkts palielina elast\u012bbu un tvirtumu, nostiprina dabisko aizsargbarjeru un uztur optim\u0101lu mitruma l\u012bmeni. Bag\u0101t\u012bga kr\u0113mveida tekst\u016bra viegli kl\u0101jas. [&hellip;]","og_url":"https:\/\/www.facecorner.lv\/lv\/shop\/round-lab-soybean-nourishing-toner-300ml\/","og_site_name":"FACECORNER","article_publisher":"https:\/\/www.facebook.com\/profile.php?id=100063824551839","article_modified_time":"2025-04-26T10:21:46+00:00","og_image":[{"width":800,"height":800,"url":"https:\/\/www.facecorner.lv\/wp-content\/uploads\/2023\/12\/61FFAybv3OL._AC_SL1500_2000x.jpeg","type":"image\/jpeg"}],"twitter_card":"summary_large_image","twitter_misc":{"Price":"&euro;25.00","Availability":"Out of stock"},"schema":{"@context":"https:\/\/schema.org","@graph":[{"@type":"WebPage","@id":"https:\/\/www.facecorner.lv\/shop\/round-lab-soybean-nourishing-toner-300ml\/","url":"https:\/\/www.facecorner.lv\/shop\/round-lab-soybean-nourishing-toner-300ml\/","name":"Round Lab Soybean Nourishing Toner 300ml - FACECORNER","isPartOf":{"@id":"https:\/\/www.facecorner.lv\/#website"},"primaryImageOfPage":{"@id":"https:\/\/www.facecorner.lv\/shop\/round-lab-soybean-nourishing-toner-300ml\/#primaryimage"},"image":{"@id":"https:\/\/www.facecorner.lv\/shop\/round-lab-soybean-nourishing-toner-300ml\/#primaryimage"},"thumbnailUrl":"https:\/\/www.facecorner.lv\/wp-content\/uploads\/2023\/12\/61FFAybv3OL._AC_SL1500_2000x.jpeg","datePublished":"2023-12-01T10:30:56+00:00","dateModified":"2025-04-26T10:21:46+00:00","breadcrumb":{"@id":"https:\/\/www.facecorner.lv\/shop\/round-lab-soybean-nourishing-toner-300ml\/#breadcrumb"},"inLanguage":"lv-LV","potentialAction":[{"@type":"ReadAction","target":["https:\/\/www.facecorner.lv\/shop\/round-lab-soybean-nourishing-toner-300ml\/"]}]},{"@type":"ImageObject","inLanguage":"lv-LV","@id":"https:\/\/www.facecorner.lv\/shop\/round-lab-soybean-nourishing-toner-300ml\/#primaryimage","url":"https:\/\/www.facecorner.lv\/wp-content\/uploads\/2023\/12\/61FFAybv3OL._AC_SL1500_2000x.jpeg","contentUrl":"https:\/\/www.facecorner.lv\/wp-content\/uploads\/2023\/12\/61FFAybv3OL._AC_SL1500_2000x.jpeg","width":800,"height":800},{"@type":"BreadcrumbList","@id":"https:\/\/www.facecorner.lv\/shop\/round-lab-soybean-nourishing-toner-300ml\/#breadcrumb","itemListElement":[{"@type":"ListItem","position":1,"name":"Home","item":"https:\/\/www.facecorner.lv\/"},{"@type":"ListItem","position":2,"name":"Veikals","item":"https:\/\/www.facecorner.lv\/shop\/"},{"@type":"ListItem","position":3,"name":"Round Lab Soybean Nourishing Toner 300ml"}]},{"@type":"WebSite","@id":"https:\/\/www.facecorner.lv\/#website","url":"https:\/\/www.facecorner.lv\/","name":"Facecorner","description":"","publisher":{"@id":"https:\/\/www.facecorner.lv\/#organization"},"potentialAction":[{"@type":"SearchAction","target":{"@type":"EntryPoint","urlTemplate":"https:\/\/www.facecorner.lv\/?s={search_term_string}"},"query-input":{"@type":"PropertyValueSpecification","valueRequired":true,"valueName":"search_term_string"}}],"inLanguage":"lv-LV"},{"@type":"Organization","@id":"https:\/\/www.facecorner.lv\/#organization","name":"Facecorner","url":"https:\/\/www.facecorner.lv\/","logo":{"@type":"ImageObject","inLanguage":"lv-LV","@id":"https:\/\/www.facecorner.lv\/#\/schema\/logo\/image\/","url":"https:\/\/www.facecorner.lv\/wp-content\/uploads\/2024\/04\/fc-logo.jpg","contentUrl":"https:\/\/www.facecorner.lv\/wp-content\/uploads\/2024\/04\/fc-logo.jpg","width":174,"height":28,"caption":"Facecorner"},"image":{"@id":"https:\/\/www.facecorner.lv\/#\/schema\/logo\/image\/"},"sameAs":["https:\/\/www.facebook.com\/profile.php?id=100063824551839","https:\/\/www.instagram.com\/facecorner_shop\/"]}]},"product_price_amount":"25.00","product_price_currency":"EUR","og_availability":"out of stock","product_availability":"out of stock","product_condition":"new"},"_links":{"self":[{"href":"https:\/\/www.facecorner.lv\/lv\/wp-json\/wp\/v2\/product\/13181","targetHints":{"allow":["GET"]}}],"collection":[{"href":"https:\/\/www.facecorner.lv\/lv\/wp-json\/wp\/v2\/product"}],"about":[{"href":"https:\/\/www.facecorner.lv\/lv\/wp-json\/wp\/v2\/types\/product"}],"replies":[{"embeddable":true,"href":"https:\/\/www.facecorner.lv\/lv\/wp-json\/wp\/v2\/comments?post=13181"}],"wp:featuredmedia":[{"embeddable":true,"href":"https:\/\/www.facecorner.lv\/lv\/wp-json\/wp\/v2\/media\/13182"}],"wp:attachment":[{"href":"https:\/\/www.facecorner.lv\/lv\/wp-json\/wp\/v2\/media?parent=13181"}],"wp:term":[{"taxonomy":"product_brand","embeddable":true,"href":"https:\/\/www.facecorner.lv\/lv\/wp-json\/wp\/v2\/product_brand?post=13181"},{"taxonomy":"product_cat","embeddable":true,"href":"https:\/\/www.facecorner.lv\/lv\/wp-json\/wp\/v2\/product_cat?post=13181"},{"taxonomy":"product_tag","embeddable":true,"href":"https:\/\/www.facecorner.lv\/lv\/wp-json\/wp\/v2\/product_tag?post=13181"},{"taxonomy":"berocket_brand","embeddable":true,"href":"https:\/\/www.facecorner.lv\/lv\/wp-json\/wp\/v2\/berocket_brand?post=13181"}],"curies":[{"name":"wp","href":"https:\/\/api.w.org\/{rel}","templated":true}]}}