{"id":13174,"date":"2023-11-30T22:49:30","date_gmt":"2023-11-30T20:49:30","guid":{"rendered":"https:\/\/www.facecorner.lv\/?post_type=product&#038;p=13174"},"modified":"2024-01-10T20:17:28","modified_gmt":"2024-01-10T18:17:28","slug":"round-lab-birch-juice-moisturizing-cream-80ml","status":"publish","type":"product","link":"https:\/\/www.facecorner.lv\/lv\/shop\/round-lab-birch-juice-moisturizing-cream-80ml\/","title":{"rendered":"Round Lab Birch Juice Moisturizing Cream 80ml"},"content":{"rendered":"<p>Mitrino\u0161s kr\u0113ms ar b\u0113rzu sul\u0101m Round Lab Birch Juice Moisturizing Cream ir piem\u0113rots jut\u012bgas \u0101das kop\u0161anai, nomierina kairin\u0101jumu un aps\u0101rtumu, pies\u0101tina epidermu ar mitrumu un veicina t\u0101s aizturi \u0161\u016bnu iek\u0161ien\u0113. Tam ir bakteric\u012bda iedarb\u012bba un nov\u0113r\u0161 iekaisumu.<\/p>\n<p>Produkts saglab\u0101 \u0101das lip\u012bdu barjeru, kas aizsarg\u0101 pret \u0101r\u0113jo faktoru negat\u012bvo ietekmi. Kr\u0113ms atjauno \u0101das \u016bdens l\u012bdzsvaru un pal\u012bdz ilgsto\u0161i saglab\u0101t mitrumu. Stimul\u0113 \u0161\u016bnu atjauno\u0161anos un atjauno atvieglojumu. Izl\u012bdzina kop\u0113jo \u0101das toni un atjauno svaigu un atp\u016btu\u0161os izskatu.<\/p>\n<p>Kr\u0113ms satur mitrino\u0161as kapsulas, kas satur akt\u012bv\u0101s mitrino\u0161\u0101s sast\u0101vda\u013cas. Pateicoties \u012bpa\u0161ajai tehnolo\u0123ijai, kapsulas \u0101tri iek\u013c\u016bst dzi\u013cajos \u0101das sl\u0101\u0146os un maksim\u0101li efekt\u012bvi mitrina epidermu.<\/p>\n<p>Galven\u0101 akt\u012bv\u0101 viela ir b\u0113rzu sulas. \u0160is ir univers\u0101ls antibakteri\u0101ls l\u012bdzeklis visiem \u0101das tipiem. Tas sp\u0113j iz\u0101rst\u0113t p\u016bt\u012btes, p\u016bt\u012btes un normaliz\u0113t tauku dziedzeru sekr\u0113ciju. B\u0113rzu sulas pie\u0161\u0137ir gludumu un sp\u012bdumu.<\/p>\n<p><strong>Papildu akt\u012bv\u0101s sast\u0101vda\u013cas:<\/strong><\/p>\n<ul>\n<li>N\u012bma ekstrakts ir viena no visefekt\u012bv\u0101kaj\u0101m augu e\u013c\u013c\u0101m c\u012b\u0146\u0101 pret p\u016bt\u012bt\u0113m un p\u016bt\u012bt\u0113m. Piem\u012bt pretiekaisuma, re\u0123ener\u0113jo\u0161as \u012bpa\u0161\u012bbas.<\/li>\n<li>Kurkumas saknes ekstraktam piem\u012bt sp\u0113c\u012bga antioksidanta iedarb\u012bba, labi atjaunojas, att\u012bra un veicina izl\u012bdzin\u0101\u0161anu un atjauno\u0161anos, normaliz\u0113 tauku dziedzeru darb\u012bbu, ir barojo\u0161a un m\u012bkstino\u0161a iedarb\u012bba, pal\u012bdz \u0101tri mazin\u0101t kairin\u0101jumu, nomierina un piem\u012bt pretiekaisuma \u012bpa\u0161\u012bbas.<\/li>\n<li>C vitam\u012bnam ir izteikta antioksidanta iedarb\u012bba, tas efekt\u012bvi aizsarg\u0101 pret ultraviolet\u0101 starojuma rad\u012btajiem boj\u0101jumiem, ierosina sava kolag\u0113na ra\u017eo\u0161anu, pal\u012bdz palielin\u0101t elast\u012bbu, tvirtumu un mitrin\u0101\u0161anu, pal\u0113nina glik\u0101cijas procesu (kolag\u0113na \u0161\u0137iedru sal\u012bm\u0113\u0161anu ar glikozi), kas noved pie agr\u012bna. noveco \u0101du, samazina vecuma plankumus un p\u0113cp\u016bt\u012btes, izl\u012bdzina sejas kr\u0101su un pie\u0161\u0137ir vesel\u012bgu mirdzumu.<\/li>\n<\/ul>\n<p><strong>Piem\u0113rots \u0101dai ar noslieci uz sausumu.<\/strong><\/p>\n<p><strong>Lieto\u0161anas nor\u0101d\u012bjumi:<\/strong> uzkl\u0101jiet nelielu daudzumu k\u0101 p\u0113d\u0113jo kop\u0161anas soli.<\/p>\n<p><strong>S\u0101stavs:\u00a0<\/strong>Water, Glycerin, Isononyl Isononanoate,\u00a0Isododecane, 1,2-hexanediol, Pentylene Glycol, Polydecene, Birch tree water (10,000ppm), Jojoba Ester, Panthenol, Glyceryl Glucoside, Acacia Senegal Willdenow, Hydrolyzed Hibiscus Esculentus Extract, Sodium Hyaluronate, Hyaluronic Acid, White Lupin seed Extract, Moringa Oleifera Seed Extract, Neem leaf Extract, Neem flower extract,\u00a0 Coccinia Indica Fruit Extract, Aloe Vera Flower Extract,\u00a0 Solanum Melongena Fruit Extract, Holy BasilLeaf Extract, Corallina Officinalis Extract,\u00a0 Curcuma Longa Extract, Ascorbic Acid, PentaeryrhritylTetraethylhexanoate, Ammonium Acryloyldimethyltaurate\/VP Copolymer,Polyglyceryl-3 Methylglucose Distearate, Acrylates\/C10-30 Alkyl AcrylateCrosspolymer, Tromethamine, Glyceryl Acrylate\/Acrylic Acid Crosspolymer,Ethylhexylglycerin, Agar, Dipotassium Glycyrrhizate, Glyceryl Caprylate,Butylene Glycol, Disodium EDTA<\/p>\n","protected":false},"excerpt":{"rendered":"<p>Mitrino\u0161s kr\u0113ms ar b\u0113rzu sul\u0101m Round Lab Birch Juice Moisturizing Cream ir piem\u0113rots jut\u012bgas \u0101das kop\u0161anai, nomierina kairin\u0101jumu un aps\u0101rtumu, pies\u0101tina epidermu ar mitrumu un veicina t\u0101s aizturi \u0161\u016bnu iek\u0161ien\u0113. Tam ir bakteric\u012bda iedarb\u012bba un nov\u0113r\u0161 iekaisumu. Produkts saglab\u0101 \u0101das lip\u012bdu barjeru, kas aizsarg\u0101 pret \u0101r\u0113jo faktoru negat\u012bvo ietekmi. Kr\u0113ms atjauno \u0101das \u016bdens l\u012bdzsvaru un [&hellip;]<\/p>\n","protected":false},"featured_media":13175,"comment_status":"open","ping_status":"closed","template":"","meta":{"site-sidebar-layout":"default","site-content-layout":"","ast-site-content-layout":"","site-content-style":"default","site-sidebar-style":"default","ast-global-header-display":"","ast-banner-title-visibility":"","ast-main-header-display":"","ast-hfb-above-header-display":"","ast-hfb-below-header-display":"","ast-hfb-mobile-header-display":"","site-post-title":"","ast-breadcrumbs-content":"","ast-featured-img":"","footer-sml-layout":"","theme-transparent-header-meta":"","adv-header-id-meta":"","stick-header-meta":"","header-above-stick-meta":"","header-main-stick-meta":"","header-below-stick-meta":"","astra-migrate-meta-layouts":"default","ast-page-background-enabled":"default","ast-page-background-meta":{"desktop":{"background-color":"var(--ast-global-color-4)","background-image":"","background-repeat":"repeat","background-position":"center center","background-size":"auto","background-attachment":"scroll","background-type":"","background-media":"","overlay-type":"","overlay-color":"","overlay-opacity":"","overlay-gradient":""},"tablet":{"background-color":"","background-image":"","background-repeat":"repeat","background-position":"center center","background-size":"auto","background-attachment":"scroll","background-type":"","background-media":"","overlay-type":"","overlay-color":"","overlay-opacity":"","overlay-gradient":""},"mobile":{"background-color":"","background-image":"","background-repeat":"repeat","background-position":"center center","background-size":"auto","background-attachment":"scroll","background-type":"","background-media":"","overlay-type":"","overlay-color":"","overlay-opacity":"","overlay-gradient":""}},"ast-content-background-meta":{"desktop":{"background-color":"var(--ast-global-color-5)","background-image":"","background-repeat":"repeat","background-position":"center center","background-size":"auto","background-attachment":"scroll","background-type":"","background-media":"","overlay-type":"","overlay-color":"","overlay-opacity":"","overlay-gradient":""},"tablet":{"background-color":"var(--ast-global-color-5)","background-image":"","background-repeat":"repeat","background-position":"center center","background-size":"auto","background-attachment":"scroll","background-type":"","background-media":"","overlay-type":"","overlay-color":"","overlay-opacity":"","overlay-gradient":""},"mobile":{"background-color":"var(--ast-global-color-5)","background-image":"","background-repeat":"repeat","background-position":"center center","background-size":"auto","background-attachment":"scroll","background-type":"","background-media":"","overlay-type":"","overlay-color":"","overlay-opacity":"","overlay-gradient":""}}},"product_brand":[],"product_cat":[366,367,369,362],"product_tag":[],"berocket_brand":[],"class_list":{"0":"post-13174","1":"product","2":"type-product","3":"status-publish","4":"has-post-thumbnail","6":"product_cat-mitrinoss","7":"product_cat-nomierinoss","8":"product_cat-problematiskai-adai-sejas-krems","9":"product_cat-sejas-krems","10":"desktop-align-left","11":"tablet-align-left","12":"mobile-align-left","14":"first","15":"outofstock","16":"taxable","17":"shipping-taxable","18":"purchasable","19":"product-type-simple","20":"add-to-wishlist-before_image"},"yoast_head":"<!-- This site is optimized with the Yoast SEO plugin v27.4 - https:\/\/yoast.com\/product\/yoast-seo-wordpress\/ -->\n<title>Round Lab Birch Juice Moisturizing Cream 80ml - FACECORNER<\/title>\n<meta name=\"robots\" content=\"index, follow, max-snippet:-1, max-image-preview:large, max-video-preview:-1\" \/>\n<link rel=\"canonical\" href=\"https:\/\/www.facecorner.lv\/lv\/shop\/round-lab-birch-juice-moisturizing-cream-80ml\/\" \/>\n<meta property=\"og:locale\" content=\"lv_LV\" \/>\n<meta property=\"og:type\" content=\"article\" \/>\n<meta property=\"og:title\" content=\"Round Lab Birch Juice Moisturizing Cream 80ml - FACECORNER\" \/>\n<meta property=\"og:description\" content=\"Mitrino\u0161s kr\u0113ms ar b\u0113rzu sul\u0101m Round Lab Birch Juice Moisturizing Cream ir piem\u0113rots jut\u012bgas \u0101das kop\u0161anai, nomierina kairin\u0101jumu un aps\u0101rtumu, pies\u0101tina epidermu ar mitrumu un veicina t\u0101s aizturi \u0161\u016bnu iek\u0161ien\u0113. Tam ir bakteric\u012bda iedarb\u012bba un nov\u0113r\u0161 iekaisumu. Produkts saglab\u0101 \u0101das lip\u012bdu barjeru, kas aizsarg\u0101 pret \u0101r\u0113jo faktoru negat\u012bvo ietekmi. Kr\u0113ms atjauno \u0101das \u016bdens l\u012bdzsvaru un [&hellip;]\" \/>\n<meta property=\"og:url\" content=\"https:\/\/www.facecorner.lv\/lv\/shop\/round-lab-birch-juice-moisturizing-cream-80ml\/\" \/>\n<meta property=\"og:site_name\" content=\"FACECORNER\" \/>\n<meta property=\"article:publisher\" content=\"https:\/\/www.facebook.com\/profile.php?id=100063824551839\" \/>\n<meta property=\"article:modified_time\" content=\"2024-01-10T18:17:28+00:00\" \/>\n<meta property=\"og:image\" content=\"https:\/\/www.facecorner.lv\/wp-content\/uploads\/2023\/11\/image.webp\" \/>\n\t<meta property=\"og:image:width\" content=\"900\" \/>\n\t<meta property=\"og:image:height\" content=\"900\" \/>\n\t<meta property=\"og:image:type\" content=\"image\/webp\" \/>\n<meta name=\"twitter:card\" content=\"summary_large_image\" \/>\n<meta name=\"twitter:label1\" content=\"Price\" \/>\n\t<meta name=\"twitter:data1\" content=\"&euro;27.00\" \/>\n\t<meta name=\"twitter:label2\" content=\"Availability\" \/>\n\t<meta name=\"twitter:data2\" content=\"Out of stock\" \/>\n<script type=\"application\/ld+json\" class=\"yoast-schema-graph\">{\"@context\":\"https:\\\/\\\/schema.org\",\"@graph\":[{\"@type\":\"WebPage\",\"@id\":\"https:\\\/\\\/www.facecorner.lv\\\/shop\\\/round-lab-birch-juice-moisturizing-cream-80ml\\\/\",\"url\":\"https:\\\/\\\/www.facecorner.lv\\\/shop\\\/round-lab-birch-juice-moisturizing-cream-80ml\\\/\",\"name\":\"Round Lab Birch Juice Moisturizing Cream 80ml - FACECORNER\",\"isPartOf\":{\"@id\":\"https:\\\/\\\/www.facecorner.lv\\\/#website\"},\"primaryImageOfPage\":{\"@id\":\"https:\\\/\\\/www.facecorner.lv\\\/shop\\\/round-lab-birch-juice-moisturizing-cream-80ml\\\/#primaryimage\"},\"image\":{\"@id\":\"https:\\\/\\\/www.facecorner.lv\\\/shop\\\/round-lab-birch-juice-moisturizing-cream-80ml\\\/#primaryimage\"},\"thumbnailUrl\":\"https:\\\/\\\/www.facecorner.lv\\\/wp-content\\\/uploads\\\/2023\\\/11\\\/image.webp\",\"datePublished\":\"2023-11-30T20:49:30+00:00\",\"dateModified\":\"2024-01-10T18:17:28+00:00\",\"breadcrumb\":{\"@id\":\"https:\\\/\\\/www.facecorner.lv\\\/shop\\\/round-lab-birch-juice-moisturizing-cream-80ml\\\/#breadcrumb\"},\"inLanguage\":\"lv-LV\",\"potentialAction\":[{\"@type\":\"ReadAction\",\"target\":[\"https:\\\/\\\/www.facecorner.lv\\\/shop\\\/round-lab-birch-juice-moisturizing-cream-80ml\\\/\"]}]},{\"@type\":\"ImageObject\",\"inLanguage\":\"lv-LV\",\"@id\":\"https:\\\/\\\/www.facecorner.lv\\\/shop\\\/round-lab-birch-juice-moisturizing-cream-80ml\\\/#primaryimage\",\"url\":\"https:\\\/\\\/www.facecorner.lv\\\/wp-content\\\/uploads\\\/2023\\\/11\\\/image.webp\",\"contentUrl\":\"https:\\\/\\\/www.facecorner.lv\\\/wp-content\\\/uploads\\\/2023\\\/11\\\/image.webp\",\"width\":900,\"height\":900},{\"@type\":\"BreadcrumbList\",\"@id\":\"https:\\\/\\\/www.facecorner.lv\\\/shop\\\/round-lab-birch-juice-moisturizing-cream-80ml\\\/#breadcrumb\",\"itemListElement\":[{\"@type\":\"ListItem\",\"position\":1,\"name\":\"Home\",\"item\":\"https:\\\/\\\/www.facecorner.lv\\\/\"},{\"@type\":\"ListItem\",\"position\":2,\"name\":\"Veikals\",\"item\":\"https:\\\/\\\/www.facecorner.lv\\\/shop\\\/\"},{\"@type\":\"ListItem\",\"position\":3,\"name\":\"Round Lab Birch Juice Moisturizing Cream 80ml\"}]},{\"@type\":\"WebSite\",\"@id\":\"https:\\\/\\\/www.facecorner.lv\\\/#website\",\"url\":\"https:\\\/\\\/www.facecorner.lv\\\/\",\"name\":\"Facecorner\",\"description\":\"\",\"publisher\":{\"@id\":\"https:\\\/\\\/www.facecorner.lv\\\/#organization\"},\"potentialAction\":[{\"@type\":\"SearchAction\",\"target\":{\"@type\":\"EntryPoint\",\"urlTemplate\":\"https:\\\/\\\/www.facecorner.lv\\\/?s={search_term_string}\"},\"query-input\":{\"@type\":\"PropertyValueSpecification\",\"valueRequired\":true,\"valueName\":\"search_term_string\"}}],\"inLanguage\":\"lv-LV\"},{\"@type\":\"Organization\",\"@id\":\"https:\\\/\\\/www.facecorner.lv\\\/#organization\",\"name\":\"Facecorner\",\"url\":\"https:\\\/\\\/www.facecorner.lv\\\/\",\"logo\":{\"@type\":\"ImageObject\",\"inLanguage\":\"lv-LV\",\"@id\":\"https:\\\/\\\/www.facecorner.lv\\\/#\\\/schema\\\/logo\\\/image\\\/\",\"url\":\"https:\\\/\\\/www.facecorner.lv\\\/wp-content\\\/uploads\\\/2024\\\/04\\\/fc-logo.jpg\",\"contentUrl\":\"https:\\\/\\\/www.facecorner.lv\\\/wp-content\\\/uploads\\\/2024\\\/04\\\/fc-logo.jpg\",\"width\":174,\"height\":28,\"caption\":\"Facecorner\"},\"image\":{\"@id\":\"https:\\\/\\\/www.facecorner.lv\\\/#\\\/schema\\\/logo\\\/image\\\/\"},\"sameAs\":[\"https:\\\/\\\/www.facebook.com\\\/profile.php?id=100063824551839\",\"https:\\\/\\\/www.instagram.com\\\/facecorner_shop\\\/\"]}]}<\/script>\n<meta property=\"product:price:amount\" content=\"27.00\" \/>\n<meta property=\"product:price:currency\" content=\"EUR\" \/>\n<meta property=\"og:availability\" content=\"out of stock\" \/>\n<meta property=\"product:availability\" content=\"out of stock\" \/>\n<meta property=\"product:condition\" content=\"new\" \/>\n<!-- \/ Yoast SEO plugin. -->","yoast_head_json":{"title":"Round Lab Birch Juice Moisturizing Cream 80ml - FACECORNER","robots":{"index":"index","follow":"follow","max-snippet":"max-snippet:-1","max-image-preview":"max-image-preview:large","max-video-preview":"max-video-preview:-1"},"canonical":"https:\/\/www.facecorner.lv\/lv\/shop\/round-lab-birch-juice-moisturizing-cream-80ml\/","og_locale":"lv_LV","og_type":"article","og_title":"Round Lab Birch Juice Moisturizing Cream 80ml - FACECORNER","og_description":"Mitrino\u0161s kr\u0113ms ar b\u0113rzu sul\u0101m Round Lab Birch Juice Moisturizing Cream ir piem\u0113rots jut\u012bgas \u0101das kop\u0161anai, nomierina kairin\u0101jumu un aps\u0101rtumu, pies\u0101tina epidermu ar mitrumu un veicina t\u0101s aizturi \u0161\u016bnu iek\u0161ien\u0113. Tam ir bakteric\u012bda iedarb\u012bba un nov\u0113r\u0161 iekaisumu. Produkts saglab\u0101 \u0101das lip\u012bdu barjeru, kas aizsarg\u0101 pret \u0101r\u0113jo faktoru negat\u012bvo ietekmi. Kr\u0113ms atjauno \u0101das \u016bdens l\u012bdzsvaru un [&hellip;]","og_url":"https:\/\/www.facecorner.lv\/lv\/shop\/round-lab-birch-juice-moisturizing-cream-80ml\/","og_site_name":"FACECORNER","article_publisher":"https:\/\/www.facebook.com\/profile.php?id=100063824551839","article_modified_time":"2024-01-10T18:17:28+00:00","og_image":[{"width":900,"height":900,"url":"https:\/\/www.facecorner.lv\/wp-content\/uploads\/2023\/11\/image.webp","type":"image\/webp"}],"twitter_card":"summary_large_image","twitter_misc":{"Price":"&euro;27.00","Availability":"Out of stock"},"schema":{"@context":"https:\/\/schema.org","@graph":[{"@type":"WebPage","@id":"https:\/\/www.facecorner.lv\/shop\/round-lab-birch-juice-moisturizing-cream-80ml\/","url":"https:\/\/www.facecorner.lv\/shop\/round-lab-birch-juice-moisturizing-cream-80ml\/","name":"Round Lab Birch Juice Moisturizing Cream 80ml - FACECORNER","isPartOf":{"@id":"https:\/\/www.facecorner.lv\/#website"},"primaryImageOfPage":{"@id":"https:\/\/www.facecorner.lv\/shop\/round-lab-birch-juice-moisturizing-cream-80ml\/#primaryimage"},"image":{"@id":"https:\/\/www.facecorner.lv\/shop\/round-lab-birch-juice-moisturizing-cream-80ml\/#primaryimage"},"thumbnailUrl":"https:\/\/www.facecorner.lv\/wp-content\/uploads\/2023\/11\/image.webp","datePublished":"2023-11-30T20:49:30+00:00","dateModified":"2024-01-10T18:17:28+00:00","breadcrumb":{"@id":"https:\/\/www.facecorner.lv\/shop\/round-lab-birch-juice-moisturizing-cream-80ml\/#breadcrumb"},"inLanguage":"lv-LV","potentialAction":[{"@type":"ReadAction","target":["https:\/\/www.facecorner.lv\/shop\/round-lab-birch-juice-moisturizing-cream-80ml\/"]}]},{"@type":"ImageObject","inLanguage":"lv-LV","@id":"https:\/\/www.facecorner.lv\/shop\/round-lab-birch-juice-moisturizing-cream-80ml\/#primaryimage","url":"https:\/\/www.facecorner.lv\/wp-content\/uploads\/2023\/11\/image.webp","contentUrl":"https:\/\/www.facecorner.lv\/wp-content\/uploads\/2023\/11\/image.webp","width":900,"height":900},{"@type":"BreadcrumbList","@id":"https:\/\/www.facecorner.lv\/shop\/round-lab-birch-juice-moisturizing-cream-80ml\/#breadcrumb","itemListElement":[{"@type":"ListItem","position":1,"name":"Home","item":"https:\/\/www.facecorner.lv\/"},{"@type":"ListItem","position":2,"name":"Veikals","item":"https:\/\/www.facecorner.lv\/shop\/"},{"@type":"ListItem","position":3,"name":"Round Lab Birch Juice Moisturizing Cream 80ml"}]},{"@type":"WebSite","@id":"https:\/\/www.facecorner.lv\/#website","url":"https:\/\/www.facecorner.lv\/","name":"Facecorner","description":"","publisher":{"@id":"https:\/\/www.facecorner.lv\/#organization"},"potentialAction":[{"@type":"SearchAction","target":{"@type":"EntryPoint","urlTemplate":"https:\/\/www.facecorner.lv\/?s={search_term_string}"},"query-input":{"@type":"PropertyValueSpecification","valueRequired":true,"valueName":"search_term_string"}}],"inLanguage":"lv-LV"},{"@type":"Organization","@id":"https:\/\/www.facecorner.lv\/#organization","name":"Facecorner","url":"https:\/\/www.facecorner.lv\/","logo":{"@type":"ImageObject","inLanguage":"lv-LV","@id":"https:\/\/www.facecorner.lv\/#\/schema\/logo\/image\/","url":"https:\/\/www.facecorner.lv\/wp-content\/uploads\/2024\/04\/fc-logo.jpg","contentUrl":"https:\/\/www.facecorner.lv\/wp-content\/uploads\/2024\/04\/fc-logo.jpg","width":174,"height":28,"caption":"Facecorner"},"image":{"@id":"https:\/\/www.facecorner.lv\/#\/schema\/logo\/image\/"},"sameAs":["https:\/\/www.facebook.com\/profile.php?id=100063824551839","https:\/\/www.instagram.com\/facecorner_shop\/"]}]},"product_price_amount":"27.00","product_price_currency":"EUR","og_availability":"out of stock","product_availability":"out of stock","product_condition":"new"},"_links":{"self":[{"href":"https:\/\/www.facecorner.lv\/lv\/wp-json\/wp\/v2\/product\/13174","targetHints":{"allow":["GET"]}}],"collection":[{"href":"https:\/\/www.facecorner.lv\/lv\/wp-json\/wp\/v2\/product"}],"about":[{"href":"https:\/\/www.facecorner.lv\/lv\/wp-json\/wp\/v2\/types\/product"}],"replies":[{"embeddable":true,"href":"https:\/\/www.facecorner.lv\/lv\/wp-json\/wp\/v2\/comments?post=13174"}],"wp:featuredmedia":[{"embeddable":true,"href":"https:\/\/www.facecorner.lv\/lv\/wp-json\/wp\/v2\/media\/13175"}],"wp:attachment":[{"href":"https:\/\/www.facecorner.lv\/lv\/wp-json\/wp\/v2\/media?parent=13174"}],"wp:term":[{"taxonomy":"product_brand","embeddable":true,"href":"https:\/\/www.facecorner.lv\/lv\/wp-json\/wp\/v2\/product_brand?post=13174"},{"taxonomy":"product_cat","embeddable":true,"href":"https:\/\/www.facecorner.lv\/lv\/wp-json\/wp\/v2\/product_cat?post=13174"},{"taxonomy":"product_tag","embeddable":true,"href":"https:\/\/www.facecorner.lv\/lv\/wp-json\/wp\/v2\/product_tag?post=13174"},{"taxonomy":"berocket_brand","embeddable":true,"href":"https:\/\/www.facecorner.lv\/lv\/wp-json\/wp\/v2\/berocket_brand?post=13174"}],"curies":[{"name":"wp","href":"https:\/\/api.w.org\/{rel}","templated":true}]}}