{"id":13114,"date":"2023-11-27T14:18:41","date_gmt":"2023-11-27T12:18:41","guid":{"rendered":"https:\/\/www.facecorner.lv\/?post_type=product&#038;p=13114"},"modified":"2026-03-20T16:05:48","modified_gmt":"2026-03-20T13:05:48","slug":"by-wishtrend-sulfur-3-clean-gel-30ml","status":"publish","type":"product","link":"https:\/\/www.facecorner.lv\/lv\/shop\/by-wishtrend-sulfur-3-clean-gel-30ml\/","title":{"rendered":"By Wishtrend Sulfur 3% Clean Gel 30ml"},"content":{"rendered":"<p>By Wishtrend Sulphur 3% Clean Gel viet\u0113jai lieto\u0161anai ir rad\u012bts \u012bpa\u0161i problem\u0101tiskai \u0101dai, kas cie\u0161 no pinn\u0113m un iekaisumiem. Produkta galven\u0101 funkcionalit\u0101te ir iekaisuma mazin\u0101\u0161ana un p\u016bt\u012btes dz\u012b\u0161anas pa\u0101trin\u0101\u0161ana. G\u0113lam piem\u012bt antibakteri\u0101la iedarb\u012bba, att\u012bra poras, bet nesausina kairin\u0101tu \u0101du.<\/p>\n<p>Kolodi\u0101l\u0101 s\u0113ra galven\u0101 v\u0113rt\u012bba ir s\u0113rs \u2013 viens no galvenajiem miner\u0101liem, ko izmanto p\u016bt\u012b\u0161u \u0101rst\u0113\u0161an\u0101. S\u0113ram piem\u012bt sp\u0113c\u012bga pretiekaisuma un antibakteri\u0101la iedarb\u012bba, regul\u0113 sebuma veido\u0161anos un nov\u0113r\u0161 jaunu iekaisumu ra\u0161anos.<\/p>\n<p><strong>Piem\u0113rots kairin\u0101tai problem\u0101tiskai \u0101dai ar pinn\u0113m.<\/strong><\/p>\n<p><strong>Lieto\u0161anas nor\u0101d\u012bjumi:<\/strong> Uzkl\u0101jiet nepiecie\u0161amo \u017eelejas daudzumu lok\u0101li uz problem\u0101tisk\u0101s zonas. Produkts ir paredz\u0113ts tikai viet\u0113jai lieto\u0161anai, nav ieteicams to uzkl\u0101t uz visas sejas.<\/p>\n<p><strong>S\u0101stavs:\u00a0<\/strong>Aqua (Water), Methyl Trimethicone, Butylene Glycol, Glycerin, Sulfur, Acacia Senegal Gum, 1,2-Hexanediol, Cetearyl Alcohol, Sorbitan Isostearate, Polyglyceryl-3 Methylglucose Distearate, Glyceryl Stearate, Dicaprylyl Carbonate, Sodium Hyaluronate, Tocopherol, Caprylyl\/Capryl Glucoside, Xanthan Gum, Ammonium Acryloyldimethyltaurate\/VP Copolymer, Hydroxyethyl Acrylate\/Sodium Acryloyldimethyl Taurate Copolymer, Vinyl Dimethicone\/Methicone Silsesquioxane Crosspolymer, Denatonium Benzoate, Disodium EDTA, Alcohol, Ethylhexylglycerin<\/p>\n","protected":false},"excerpt":{"rendered":"<p>By Wishtrend Sulphur 3% Clean Gel viet\u0113jai lieto\u0161anai ir rad\u012bts \u012bpa\u0161i problem\u0101tiskai \u0101dai, kas cie\u0161 no pinn\u0113m un iekaisumiem. Produkta galven\u0101 funkcionalit\u0101te ir iekaisuma mazin\u0101\u0161ana un p\u016bt\u012btes dz\u012b\u0161anas pa\u0101trin\u0101\u0161ana. G\u0113lam piem\u012bt antibakteri\u0101la iedarb\u012bba, att\u012bra poras, bet nesausina kairin\u0101tu \u0101du. Kolodi\u0101l\u0101 s\u0113ra galven\u0101 v\u0113rt\u012bba ir s\u0113rs \u2013 viens no galvenajiem miner\u0101liem, ko izmanto p\u016bt\u012b\u0161u \u0101rst\u0113\u0161an\u0101. S\u0113ram [&hellip;]<\/p>\n","protected":false},"featured_media":13116,"comment_status":"open","ping_status":"closed","template":"","meta":{"site-sidebar-layout":"default","site-content-layout":"","ast-site-content-layout":"","site-content-style":"default","site-sidebar-style":"default","ast-global-header-display":"","ast-banner-title-visibility":"","ast-main-header-display":"","ast-hfb-above-header-display":"","ast-hfb-below-header-display":"","ast-hfb-mobile-header-display":"","site-post-title":"","ast-breadcrumbs-content":"","ast-featured-img":"","footer-sml-layout":"","theme-transparent-header-meta":"","adv-header-id-meta":"","stick-header-meta":"","header-above-stick-meta":"","header-main-stick-meta":"","header-below-stick-meta":"","astra-migrate-meta-layouts":"default","ast-page-background-enabled":"default","ast-page-background-meta":{"desktop":{"background-color":"var(--ast-global-color-4)","background-image":"","background-repeat":"repeat","background-position":"center center","background-size":"auto","background-attachment":"scroll","background-type":"","background-media":"","overlay-type":"","overlay-color":"","overlay-opacity":"","overlay-gradient":""},"tablet":{"background-color":"","background-image":"","background-repeat":"repeat","background-position":"center center","background-size":"auto","background-attachment":"scroll","background-type":"","background-media":"","overlay-type":"","overlay-color":"","overlay-opacity":"","overlay-gradient":""},"mobile":{"background-color":"","background-image":"","background-repeat":"repeat","background-position":"center center","background-size":"auto","background-attachment":"scroll","background-type":"","background-media":"","overlay-type":"","overlay-color":"","overlay-opacity":"","overlay-gradient":""}},"ast-content-background-meta":{"desktop":{"background-color":"var(--ast-global-color-5)","background-image":"","background-repeat":"repeat","background-position":"center center","background-size":"auto","background-attachment":"scroll","background-type":"","background-media":"","overlay-type":"","overlay-color":"","overlay-opacity":"","overlay-gradient":""},"tablet":{"background-color":"var(--ast-global-color-5)","background-image":"","background-repeat":"repeat","background-position":"center center","background-size":"auto","background-attachment":"scroll","background-type":"","background-media":"","overlay-type":"","overlay-color":"","overlay-opacity":"","overlay-gradient":""},"mobile":{"background-color":"var(--ast-global-color-5)","background-image":"","background-repeat":"repeat","background-position":"center center","background-size":"auto","background-attachment":"scroll","background-type":"","background-media":"","overlay-type":"","overlay-color":"","overlay-opacity":"","overlay-gradient":""}}},"product_brand":[],"product_cat":[380,369,381,307,362],"product_tag":[],"berocket_brand":[603],"class_list":{"0":"post-13114","1":"product","2":"type-product","3":"status-publish","4":"has-post-thumbnail","6":"product_cat-kombinetai-adai","7":"product_cat-problematiskai-adai-sejas-krems","8":"product_cat-problematiskai-un-taukainai-adai","9":"product_cat-sejai","10":"product_cat-sejas-krems","11":"berocket_brand-bywishtrend","12":"desktop-align-left","13":"tablet-align-left","14":"mobile-align-left","16":"first","17":"instock","18":"taxable","19":"shipping-taxable","20":"purchasable","21":"product-type-simple","22":"add-to-wishlist-before_image"},"yoast_head":"<!-- This site is optimized with the Yoast SEO plugin v27.4 - https:\/\/yoast.com\/product\/yoast-seo-wordpress\/ -->\n<title>By Wishtrend Sulfur 3% Clean Gel 30ml - FACECORNER<\/title>\n<meta name=\"robots\" content=\"index, follow, max-snippet:-1, max-image-preview:large, max-video-preview:-1\" \/>\n<link rel=\"canonical\" href=\"https:\/\/www.facecorner.lv\/lv\/shop\/by-wishtrend-sulfur-3-clean-gel-30ml\/\" \/>\n<meta property=\"og:locale\" content=\"lv_LV\" \/>\n<meta property=\"og:type\" content=\"article\" \/>\n<meta property=\"og:title\" content=\"By Wishtrend Sulfur 3% Clean Gel 30ml - FACECORNER\" \/>\n<meta property=\"og:description\" content=\"By Wishtrend Sulphur 3% Clean Gel viet\u0113jai lieto\u0161anai ir rad\u012bts \u012bpa\u0161i problem\u0101tiskai \u0101dai, kas cie\u0161 no pinn\u0113m un iekaisumiem. Produkta galven\u0101 funkcionalit\u0101te ir iekaisuma mazin\u0101\u0161ana un p\u016bt\u012btes dz\u012b\u0161anas pa\u0101trin\u0101\u0161ana. G\u0113lam piem\u012bt antibakteri\u0101la iedarb\u012bba, att\u012bra poras, bet nesausina kairin\u0101tu \u0101du. Kolodi\u0101l\u0101 s\u0113ra galven\u0101 v\u0113rt\u012bba ir s\u0113rs \u2013 viens no galvenajiem miner\u0101liem, ko izmanto p\u016bt\u012b\u0161u \u0101rst\u0113\u0161an\u0101. S\u0113ram [&hellip;]\" \/>\n<meta property=\"og:url\" content=\"https:\/\/www.facecorner.lv\/lv\/shop\/by-wishtrend-sulfur-3-clean-gel-30ml\/\" \/>\n<meta property=\"og:site_name\" content=\"FACECORNER\" \/>\n<meta property=\"article:publisher\" content=\"https:\/\/www.facebook.com\/profile.php?id=100063824551839\" \/>\n<meta property=\"article:modified_time\" content=\"2026-03-20T13:05:48+00:00\" \/>\n<meta property=\"og:image\" content=\"https:\/\/www.facecorner.lv\/wp-content\/uploads\/2023\/11\/L_g0123355028_000.jpeg\" \/>\n\t<meta property=\"og:image:width\" content=\"860\" \/>\n\t<meta property=\"og:image:height\" content=\"945\" \/>\n\t<meta property=\"og:image:type\" content=\"image\/jpeg\" \/>\n<meta name=\"twitter:card\" content=\"summary_large_image\" \/>\n<meta name=\"twitter:label1\" content=\"Price\" \/>\n\t<meta name=\"twitter:data1\" content=\"&euro;23.00\" \/>\n\t<meta name=\"twitter:label2\" content=\"Availability\" \/>\n\t<meta name=\"twitter:data2\" content=\"In stock\" \/>\n<script type=\"application\/ld+json\" class=\"yoast-schema-graph\">{\"@context\":\"https:\\\/\\\/schema.org\",\"@graph\":[{\"@type\":\"WebPage\",\"@id\":\"https:\\\/\\\/www.facecorner.lv\\\/shop\\\/by-wishtrend-sulfur-3-clean-gel-30ml\\\/\",\"url\":\"https:\\\/\\\/www.facecorner.lv\\\/shop\\\/by-wishtrend-sulfur-3-clean-gel-30ml\\\/\",\"name\":\"By Wishtrend Sulfur 3% Clean Gel 30ml - FACECORNER\",\"isPartOf\":{\"@id\":\"https:\\\/\\\/www.facecorner.lv\\\/#website\"},\"primaryImageOfPage\":{\"@id\":\"https:\\\/\\\/www.facecorner.lv\\\/shop\\\/by-wishtrend-sulfur-3-clean-gel-30ml\\\/#primaryimage\"},\"image\":{\"@id\":\"https:\\\/\\\/www.facecorner.lv\\\/shop\\\/by-wishtrend-sulfur-3-clean-gel-30ml\\\/#primaryimage\"},\"thumbnailUrl\":\"https:\\\/\\\/www.facecorner.lv\\\/wp-content\\\/uploads\\\/2023\\\/11\\\/L_g0123355028_000.jpeg\",\"datePublished\":\"2023-11-27T12:18:41+00:00\",\"dateModified\":\"2026-03-20T13:05:48+00:00\",\"breadcrumb\":{\"@id\":\"https:\\\/\\\/www.facecorner.lv\\\/shop\\\/by-wishtrend-sulfur-3-clean-gel-30ml\\\/#breadcrumb\"},\"inLanguage\":\"lv-LV\",\"potentialAction\":[{\"@type\":\"ReadAction\",\"target\":[\"https:\\\/\\\/www.facecorner.lv\\\/shop\\\/by-wishtrend-sulfur-3-clean-gel-30ml\\\/\"]}]},{\"@type\":\"ImageObject\",\"inLanguage\":\"lv-LV\",\"@id\":\"https:\\\/\\\/www.facecorner.lv\\\/shop\\\/by-wishtrend-sulfur-3-clean-gel-30ml\\\/#primaryimage\",\"url\":\"https:\\\/\\\/www.facecorner.lv\\\/wp-content\\\/uploads\\\/2023\\\/11\\\/L_g0123355028_000.jpeg\",\"contentUrl\":\"https:\\\/\\\/www.facecorner.lv\\\/wp-content\\\/uploads\\\/2023\\\/11\\\/L_g0123355028_000.jpeg\",\"width\":860,\"height\":945},{\"@type\":\"BreadcrumbList\",\"@id\":\"https:\\\/\\\/www.facecorner.lv\\\/shop\\\/by-wishtrend-sulfur-3-clean-gel-30ml\\\/#breadcrumb\",\"itemListElement\":[{\"@type\":\"ListItem\",\"position\":1,\"name\":\"Home\",\"item\":\"https:\\\/\\\/www.facecorner.lv\\\/\"},{\"@type\":\"ListItem\",\"position\":2,\"name\":\"Veikals\",\"item\":\"https:\\\/\\\/www.facecorner.lv\\\/shop\\\/\"},{\"@type\":\"ListItem\",\"position\":3,\"name\":\"By Wishtrend Sulfur 3% Clean Gel 30ml\"}]},{\"@type\":\"WebSite\",\"@id\":\"https:\\\/\\\/www.facecorner.lv\\\/#website\",\"url\":\"https:\\\/\\\/www.facecorner.lv\\\/\",\"name\":\"Facecorner\",\"description\":\"\",\"publisher\":{\"@id\":\"https:\\\/\\\/www.facecorner.lv\\\/#organization\"},\"potentialAction\":[{\"@type\":\"SearchAction\",\"target\":{\"@type\":\"EntryPoint\",\"urlTemplate\":\"https:\\\/\\\/www.facecorner.lv\\\/?s={search_term_string}\"},\"query-input\":{\"@type\":\"PropertyValueSpecification\",\"valueRequired\":true,\"valueName\":\"search_term_string\"}}],\"inLanguage\":\"lv-LV\"},{\"@type\":\"Organization\",\"@id\":\"https:\\\/\\\/www.facecorner.lv\\\/#organization\",\"name\":\"Facecorner\",\"url\":\"https:\\\/\\\/www.facecorner.lv\\\/\",\"logo\":{\"@type\":\"ImageObject\",\"inLanguage\":\"lv-LV\",\"@id\":\"https:\\\/\\\/www.facecorner.lv\\\/#\\\/schema\\\/logo\\\/image\\\/\",\"url\":\"https:\\\/\\\/www.facecorner.lv\\\/wp-content\\\/uploads\\\/2024\\\/04\\\/fc-logo.jpg\",\"contentUrl\":\"https:\\\/\\\/www.facecorner.lv\\\/wp-content\\\/uploads\\\/2024\\\/04\\\/fc-logo.jpg\",\"width\":174,\"height\":28,\"caption\":\"Facecorner\"},\"image\":{\"@id\":\"https:\\\/\\\/www.facecorner.lv\\\/#\\\/schema\\\/logo\\\/image\\\/\"},\"sameAs\":[\"https:\\\/\\\/www.facebook.com\\\/profile.php?id=100063824551839\",\"https:\\\/\\\/www.instagram.com\\\/facecorner_shop\\\/\"]}]}<\/script>\n<meta property=\"product:price:amount\" content=\"23.00\" \/>\n<meta property=\"product:price:currency\" content=\"EUR\" \/>\n<meta property=\"og:availability\" content=\"instock\" \/>\n<meta property=\"product:availability\" content=\"instock\" \/>\n<meta property=\"product:condition\" content=\"new\" \/>\n<!-- \/ Yoast SEO plugin. -->","yoast_head_json":{"title":"By Wishtrend Sulfur 3% Clean Gel 30ml - FACECORNER","robots":{"index":"index","follow":"follow","max-snippet":"max-snippet:-1","max-image-preview":"max-image-preview:large","max-video-preview":"max-video-preview:-1"},"canonical":"https:\/\/www.facecorner.lv\/lv\/shop\/by-wishtrend-sulfur-3-clean-gel-30ml\/","og_locale":"lv_LV","og_type":"article","og_title":"By Wishtrend Sulfur 3% Clean Gel 30ml - FACECORNER","og_description":"By Wishtrend Sulphur 3% Clean Gel viet\u0113jai lieto\u0161anai ir rad\u012bts \u012bpa\u0161i problem\u0101tiskai \u0101dai, kas cie\u0161 no pinn\u0113m un iekaisumiem. Produkta galven\u0101 funkcionalit\u0101te ir iekaisuma mazin\u0101\u0161ana un p\u016bt\u012btes dz\u012b\u0161anas pa\u0101trin\u0101\u0161ana. G\u0113lam piem\u012bt antibakteri\u0101la iedarb\u012bba, att\u012bra poras, bet nesausina kairin\u0101tu \u0101du. Kolodi\u0101l\u0101 s\u0113ra galven\u0101 v\u0113rt\u012bba ir s\u0113rs \u2013 viens no galvenajiem miner\u0101liem, ko izmanto p\u016bt\u012b\u0161u \u0101rst\u0113\u0161an\u0101. S\u0113ram [&hellip;]","og_url":"https:\/\/www.facecorner.lv\/lv\/shop\/by-wishtrend-sulfur-3-clean-gel-30ml\/","og_site_name":"FACECORNER","article_publisher":"https:\/\/www.facebook.com\/profile.php?id=100063824551839","article_modified_time":"2026-03-20T13:05:48+00:00","og_image":[{"width":860,"height":945,"url":"https:\/\/www.facecorner.lv\/wp-content\/uploads\/2023\/11\/L_g0123355028_000.jpeg","type":"image\/jpeg"}],"twitter_card":"summary_large_image","twitter_misc":{"Price":"&euro;23.00","Availability":"In stock"},"schema":{"@context":"https:\/\/schema.org","@graph":[{"@type":"WebPage","@id":"https:\/\/www.facecorner.lv\/shop\/by-wishtrend-sulfur-3-clean-gel-30ml\/","url":"https:\/\/www.facecorner.lv\/shop\/by-wishtrend-sulfur-3-clean-gel-30ml\/","name":"By Wishtrend Sulfur 3% Clean Gel 30ml - FACECORNER","isPartOf":{"@id":"https:\/\/www.facecorner.lv\/#website"},"primaryImageOfPage":{"@id":"https:\/\/www.facecorner.lv\/shop\/by-wishtrend-sulfur-3-clean-gel-30ml\/#primaryimage"},"image":{"@id":"https:\/\/www.facecorner.lv\/shop\/by-wishtrend-sulfur-3-clean-gel-30ml\/#primaryimage"},"thumbnailUrl":"https:\/\/www.facecorner.lv\/wp-content\/uploads\/2023\/11\/L_g0123355028_000.jpeg","datePublished":"2023-11-27T12:18:41+00:00","dateModified":"2026-03-20T13:05:48+00:00","breadcrumb":{"@id":"https:\/\/www.facecorner.lv\/shop\/by-wishtrend-sulfur-3-clean-gel-30ml\/#breadcrumb"},"inLanguage":"lv-LV","potentialAction":[{"@type":"ReadAction","target":["https:\/\/www.facecorner.lv\/shop\/by-wishtrend-sulfur-3-clean-gel-30ml\/"]}]},{"@type":"ImageObject","inLanguage":"lv-LV","@id":"https:\/\/www.facecorner.lv\/shop\/by-wishtrend-sulfur-3-clean-gel-30ml\/#primaryimage","url":"https:\/\/www.facecorner.lv\/wp-content\/uploads\/2023\/11\/L_g0123355028_000.jpeg","contentUrl":"https:\/\/www.facecorner.lv\/wp-content\/uploads\/2023\/11\/L_g0123355028_000.jpeg","width":860,"height":945},{"@type":"BreadcrumbList","@id":"https:\/\/www.facecorner.lv\/shop\/by-wishtrend-sulfur-3-clean-gel-30ml\/#breadcrumb","itemListElement":[{"@type":"ListItem","position":1,"name":"Home","item":"https:\/\/www.facecorner.lv\/"},{"@type":"ListItem","position":2,"name":"Veikals","item":"https:\/\/www.facecorner.lv\/shop\/"},{"@type":"ListItem","position":3,"name":"By Wishtrend Sulfur 3% Clean Gel 30ml"}]},{"@type":"WebSite","@id":"https:\/\/www.facecorner.lv\/#website","url":"https:\/\/www.facecorner.lv\/","name":"Facecorner","description":"","publisher":{"@id":"https:\/\/www.facecorner.lv\/#organization"},"potentialAction":[{"@type":"SearchAction","target":{"@type":"EntryPoint","urlTemplate":"https:\/\/www.facecorner.lv\/?s={search_term_string}"},"query-input":{"@type":"PropertyValueSpecification","valueRequired":true,"valueName":"search_term_string"}}],"inLanguage":"lv-LV"},{"@type":"Organization","@id":"https:\/\/www.facecorner.lv\/#organization","name":"Facecorner","url":"https:\/\/www.facecorner.lv\/","logo":{"@type":"ImageObject","inLanguage":"lv-LV","@id":"https:\/\/www.facecorner.lv\/#\/schema\/logo\/image\/","url":"https:\/\/www.facecorner.lv\/wp-content\/uploads\/2024\/04\/fc-logo.jpg","contentUrl":"https:\/\/www.facecorner.lv\/wp-content\/uploads\/2024\/04\/fc-logo.jpg","width":174,"height":28,"caption":"Facecorner"},"image":{"@id":"https:\/\/www.facecorner.lv\/#\/schema\/logo\/image\/"},"sameAs":["https:\/\/www.facebook.com\/profile.php?id=100063824551839","https:\/\/www.instagram.com\/facecorner_shop\/"]}]},"product_price_amount":"23.00","product_price_currency":"EUR","og_availability":"instock","product_availability":"instock","product_condition":"new"},"_links":{"self":[{"href":"https:\/\/www.facecorner.lv\/lv\/wp-json\/wp\/v2\/product\/13114","targetHints":{"allow":["GET"]}}],"collection":[{"href":"https:\/\/www.facecorner.lv\/lv\/wp-json\/wp\/v2\/product"}],"about":[{"href":"https:\/\/www.facecorner.lv\/lv\/wp-json\/wp\/v2\/types\/product"}],"replies":[{"embeddable":true,"href":"https:\/\/www.facecorner.lv\/lv\/wp-json\/wp\/v2\/comments?post=13114"}],"wp:featuredmedia":[{"embeddable":true,"href":"https:\/\/www.facecorner.lv\/lv\/wp-json\/wp\/v2\/media\/13116"}],"wp:attachment":[{"href":"https:\/\/www.facecorner.lv\/lv\/wp-json\/wp\/v2\/media?parent=13114"}],"wp:term":[{"taxonomy":"product_brand","embeddable":true,"href":"https:\/\/www.facecorner.lv\/lv\/wp-json\/wp\/v2\/product_brand?post=13114"},{"taxonomy":"product_cat","embeddable":true,"href":"https:\/\/www.facecorner.lv\/lv\/wp-json\/wp\/v2\/product_cat?post=13114"},{"taxonomy":"product_tag","embeddable":true,"href":"https:\/\/www.facecorner.lv\/lv\/wp-json\/wp\/v2\/product_tag?post=13114"},{"taxonomy":"berocket_brand","embeddable":true,"href":"https:\/\/www.facecorner.lv\/lv\/wp-json\/wp\/v2\/berocket_brand?post=13114"}],"curies":[{"name":"wp","href":"https:\/\/api.w.org\/{rel}","templated":true}]}}