{"id":13053,"date":"2023-11-23T22:51:43","date_gmt":"2023-11-23T20:51:43","guid":{"rendered":"https:\/\/www.facecorner.lv\/?post_type=product&#038;p=13053"},"modified":"2026-03-06T11:46:39","modified_gmt":"2026-03-06T08:46:39","slug":"medi-peel-gold-age-tox-cream-50ml","status":"publish","type":"product","link":"https:\/\/www.facecorner.lv\/lv\/shop\/medi-peel-gold-age-tox-cream-50ml\/","title":{"rendered":"Medi-Peel Gold Age Tox Cream 50ml"},"content":{"rendered":"<p>Pretnoveco\u0161an\u0101s kapsulas kr\u0113ms ar zelta z\u012bdt\u0101rpi\u0146a ekstraktu Medi-Peel Gold Age Tox Cream akt\u012bvi atjauno \u0101du. Palielina bl\u012bvumu un elast\u012bbu, izl\u012bdzina grumbas, uzlabo tonusu un dzi\u013ci mitrina.<\/p>\n<p>Kr\u0113ms uzreiz nov\u0113r\u0161 sasprindzin\u0101jumu un sausumu un uztur optim\u0101lu mitruma l\u012bmeni visas dienas garum\u0101. Padara \u0101du toniz\u0113t\u0101ku, atjauno \u0101das integrit\u0101ti, nostiprina epidermas \u0161\u0137iedras un izl\u012bdzina reljefu. Kr\u0113ms pies\u0101tina \u0101du ar bar\u012bbas viel\u0101m, uzlabo vielmai\u0146u un pa\u0101trina atjauno\u0161an\u0101s un re\u0123ener\u0101cijas procesus.<\/p>\n<p>Kr\u0113ma g\u0113la b\u0101ze satur zelta kr\u0113ma kapsulas. Uzkl\u0101jot uz \u0101das, g\u0113ls sajaucas ar k\u016bsto\u0161o kr\u0113ma kapsulu un ieg\u016bst viendab\u012bgu tekst\u016bru.<\/p>\n<p><strong>Galven\u0101s akt\u012bv\u0101s sast\u0101vda\u013cas:<\/strong><\/p>\n<ul>\n<li>Zelta z\u012bdt\u0101rpi\u0146a ekstrakts paaugstina \u0101das elast\u012bbu, likvid\u0113 s\u012bk\u0101s krunci\u0146as, savelk sejas ov\u0101lu un pal\u0113nina noveco\u0161an\u0101s procesu. Izl\u012bdzina \u0101das toni, izgaismo nev\u0113lamo pigment\u0101ciju un tai piem\u012bt maigas balino\u0161as \u012bpa\u0161\u012bbas.<\/li>\n<li>Pept\u012bdiem ir visaptvero\u0161a pretnoveco\u0161an\u0101s iedarb\u012bba: izl\u012bdzina, sabiezina un m\u012bkstina \u0101du, samazina grumbu dzi\u013cumu, stimul\u0113 kolag\u0113na un hialuronsk\u0101bes ra\u017eo\u0161anu un pal\u0113nina noveco\u0161an\u0101s procesu.<\/li>\n<li>Syn-Ake\u00ae pept\u012bdam ir musku\u013cu relaks\u0113jo\u0161a iedarb\u012bba, atsl\u0101binot sejas musku\u013cus, t\u0101d\u0113j\u0101di nov\u0113r\u0161ot m\u012bmikas grumbu par\u0101d\u012b\u0161anos, izl\u012bdzinot un palielinot elast\u012bbu.<\/li>\n<li>Aminosk\u0101bju komplekss atbild par past\u0101v\u012bgu \u0161\u016bnu re\u0123ener\u0101ciju un atjauno\u0161anos, piem\u012bt dzi\u013ca pretnoveco\u0161an\u0101s iedarb\u012bba, samazina grumbu redzam\u012bbu un nov\u0113r\u0161 jaunu veido\u0161anos, stimul\u0113 atjauno\u0161an\u0101s un re\u0123ener\u0101cijas procesus, pal\u0113nina \u0161\u016bnu noveco\u0161anos. Normaliz\u0113 kolag\u0113na un elast\u012bna ra\u017eo\u0161anu, izl\u012bdzina \u0101du, izl\u012bdzina reljefu. Uzlabo \u0101das kr\u0101su, pie\u0161\u0137ir tai vesel\u012bgu mirdzumu un elast\u012bbu.<\/li>\n<\/ul>\n<p><strong>Piem\u0113rots visiem \u0101das tipiem.<\/strong><\/p>\n<p><strong>Lieto\u0161anas nor\u0101d\u012bjumi:<\/strong> Iz\u0146emiet kapsulu no burci\u0146as un uzkl\u0101jiet uz sejas. Viegli izkl\u0101jiet pa seju un \u013caujiet tai ies\u016bkties.<\/p>\n<p>Transport\u0113\u0161anas laik\u0101 kr\u0113ma kapsulas var sajaukt ar g\u0113la tekst\u016bru: tas neietekm\u0113 produkta formulu un nav defekts.<\/p>\n<p><strong>S\u0101stavs:\u00a0<\/strong>Water, Glycerin, Caprylic\/Capric Triglyceride, Dipropylene Glycol, Niacinamide, 1,2-Hexanediol, Butyrospermum Parkii (Shea) Butter, Camellia Sinensis Leaf Extract, Carbomer, Dimethicone, Panthenol, Polyglyceryl-2 Stearate, Arachidyl Alcohol, Butylene Glycol, Propanediol, Glyceryl Stearate, Squalane, Glyceryl Glucoside, Stearyl Alcohol, Stearic<br \/>\nAcid, Palmitic Acid, C12-16 Alcohols, Ammonium Acryloyl-dimethyltaurate\/VP Copolymer, Hydrogenated Lecithin, Adenosine, Caprylyl Glycol, Tremella Fuciformis (Mushroom) Extract,Tremella fuciformis Sporocarp Extract, Xanthan Gum, Ethylhexylglycerin, Tocopheryl Acetate, Illicium Verum (Anise) Fruit Extract, Sodium Hyaluronate, Leuconostoc\/Radish Root Ferment Filtrate, Collagen, Proline, Hydroxyproline, Vegetable Amino Acids, Natto Gum, Silk Extract, Palmitoyl Pentapeptide-4, Copper Tripeptide-1, Palmitoyl Tripeptide-1, Acetyl Hexapeptide-8, Oligopeptide-1, Palmitoyl Tripeptide-5, Dipeptide Diaminobutyroyl Benzylamide Diacetate, Scutellaria Baicalensis Root Extract, Cetearyl Alcohol, Arachidyl Glucoside, Benzyl Glycol, Behenyl Alcohol, Ceramide3, Ceramide2, Phytosphingosine, Cholesterol, Hydrolyzed Elastin,Sericin, Ceramide4, Ceramide6(II), Gold(1.5 ppb), Lysine, Glycine, Alanine, Glutamic Acid, Serine, Leucine, Tryptophan, Aspartic Acid, Glutamine, Valine, Threonine, Isoleucine, Phenylalanine, Histidine, Methionine, Cystine, Tyrosine, Asparagine, Ceramide 1, Polyglyceryl-10 Laurate, CI 19140, CI 16255, Tromethamine, Fragrance, Limonene, Alpha-Isomethyl lonone<\/p>\n","protected":false},"excerpt":{"rendered":"<p>Pretnoveco\u0161an\u0101s kapsulas kr\u0113ms ar zelta z\u012bdt\u0101rpi\u0146a ekstraktu Medi-Peel Gold Age Tox Cream akt\u012bvi atjauno \u0101du. Palielina bl\u012bvumu un elast\u012bbu, izl\u012bdzina grumbas, uzlabo tonusu un dzi\u013ci mitrina. Kr\u0113ms uzreiz nov\u0113r\u0161 sasprindzin\u0101jumu un sausumu un uztur optim\u0101lu mitruma l\u012bmeni visas dienas garum\u0101. Padara \u0101du toniz\u0113t\u0101ku, atjauno \u0101das integrit\u0101ti, nostiprina epidermas \u0161\u0137iedras un izl\u012bdzina reljefu. Kr\u0113ms pies\u0101tina \u0101du [&hellip;]<\/p>\n","protected":false},"featured_media":13055,"comment_status":"open","ping_status":"closed","template":"","meta":{"site-sidebar-layout":"default","site-content-layout":"","ast-site-content-layout":"default","site-content-style":"default","site-sidebar-style":"default","ast-global-header-display":"","ast-banner-title-visibility":"","ast-main-header-display":"","ast-hfb-above-header-display":"","ast-hfb-below-header-display":"","ast-hfb-mobile-header-display":"","site-post-title":"","ast-breadcrumbs-content":"","ast-featured-img":"","footer-sml-layout":"","theme-transparent-header-meta":"default","adv-header-id-meta":"","stick-header-meta":"","header-above-stick-meta":"","header-main-stick-meta":"","header-below-stick-meta":"","astra-migrate-meta-layouts":"set","ast-page-background-enabled":"default","ast-page-background-meta":{"desktop":{"background-color":"var(--ast-global-color-4)","background-image":"","background-repeat":"repeat","background-position":"center center","background-size":"auto","background-attachment":"scroll","background-type":"","background-media":"","overlay-type":"","overlay-color":"","overlay-opacity":"","overlay-gradient":""},"tablet":{"background-color":"","background-image":"","background-repeat":"repeat","background-position":"center center","background-size":"auto","background-attachment":"scroll","background-type":"","background-media":"","overlay-type":"","overlay-color":"","overlay-opacity":"","overlay-gradient":""},"mobile":{"background-color":"","background-image":"","background-repeat":"repeat","background-position":"center center","background-size":"auto","background-attachment":"scroll","background-type":"","background-media":"","overlay-type":"","overlay-color":"","overlay-opacity":"","overlay-gradient":""}},"ast-content-background-meta":{"desktop":{"background-color":"var(--ast-global-color-5)","background-image":"","background-repeat":"repeat","background-position":"center center","background-size":"auto","background-attachment":"scroll","background-type":"","background-media":"","overlay-type":"","overlay-color":"","overlay-opacity":"","overlay-gradient":""},"tablet":{"background-color":"var(--ast-global-color-5)","background-image":"","background-repeat":"repeat","background-position":"center center","background-size":"auto","background-attachment":"scroll","background-type":"","background-media":"","overlay-type":"","overlay-color":"","overlay-opacity":"","overlay-gradient":""},"mobile":{"background-color":"var(--ast-global-color-5)","background-image":"","background-repeat":"repeat","background-position":"center center","background-size":"auto","background-attachment":"scroll","background-type":"","background-media":"","overlay-type":"","overlay-color":"","overlay-opacity":"","overlay-gradient":""}}},"product_brand":[],"product_cat":[365,366,367,368,307,362],"product_tag":[],"berocket_brand":[583],"class_list":{"0":"post-13053","1":"product","2":"type-product","3":"status-publish","4":"has-post-thumbnail","6":"product_cat-barojoss","7":"product_cat-mitrinoss","8":"product_cat-nomierinoss","9":"product_cat-pret-grumbam","10":"product_cat-sejai","11":"product_cat-sejas-krems","12":"berocket_brand-medi-peel","13":"desktop-align-left","14":"tablet-align-left","15":"mobile-align-left","17":"first","18":"instock","19":"taxable","20":"shipping-taxable","21":"purchasable","22":"product-type-simple","23":"add-to-wishlist-before_image"},"yoast_head":"<!-- This site is optimized with the Yoast SEO plugin v27.4 - https:\/\/yoast.com\/product\/yoast-seo-wordpress\/ -->\n<title>Medi-Peel Gold Age Tox Cream 50ml - FACECORNER<\/title>\n<meta name=\"robots\" content=\"index, follow, max-snippet:-1, max-image-preview:large, max-video-preview:-1\" \/>\n<link rel=\"canonical\" href=\"https:\/\/www.facecorner.lv\/lv\/shop\/medi-peel-gold-age-tox-cream-50ml\/\" \/>\n<meta property=\"og:locale\" content=\"lv_LV\" \/>\n<meta property=\"og:type\" content=\"article\" \/>\n<meta property=\"og:title\" content=\"Medi-Peel Gold Age Tox Cream 50ml - FACECORNER\" \/>\n<meta property=\"og:description\" content=\"Pretnoveco\u0161an\u0101s kapsulas kr\u0113ms ar zelta z\u012bdt\u0101rpi\u0146a ekstraktu Medi-Peel Gold Age Tox Cream akt\u012bvi atjauno \u0101du. Palielina bl\u012bvumu un elast\u012bbu, izl\u012bdzina grumbas, uzlabo tonusu un dzi\u013ci mitrina. Kr\u0113ms uzreiz nov\u0113r\u0161 sasprindzin\u0101jumu un sausumu un uztur optim\u0101lu mitruma l\u012bmeni visas dienas garum\u0101. Padara \u0101du toniz\u0113t\u0101ku, atjauno \u0101das integrit\u0101ti, nostiprina epidermas \u0161\u0137iedras un izl\u012bdzina reljefu. Kr\u0113ms pies\u0101tina \u0101du [&hellip;]\" \/>\n<meta property=\"og:url\" content=\"https:\/\/www.facecorner.lv\/lv\/shop\/medi-peel-gold-age-tox-cream-50ml\/\" \/>\n<meta property=\"og:site_name\" content=\"FACECORNER\" \/>\n<meta property=\"article:publisher\" content=\"https:\/\/www.facebook.com\/profile.php?id=100063824551839\" \/>\n<meta property=\"article:modified_time\" content=\"2026-03-06T08:46:39+00:00\" \/>\n<meta property=\"og:image\" content=\"https:\/\/www.facecorner.lv\/wp-content\/uploads\/2023\/11\/krem-dlya-lica-medi-peel-gold-age-tox-cream-glavna.jpg\" \/>\n\t<meta property=\"og:image:width\" content=\"800\" \/>\n\t<meta property=\"og:image:height\" content=\"800\" \/>\n\t<meta property=\"og:image:type\" content=\"image\/jpeg\" \/>\n<meta name=\"twitter:card\" content=\"summary_large_image\" \/>\n<meta name=\"twitter:label1\" content=\"Price\" \/>\n\t<meta name=\"twitter:data1\" content=\"&euro;28.00\" \/>\n\t<meta name=\"twitter:label2\" content=\"Availability\" \/>\n\t<meta name=\"twitter:data2\" content=\"In stock\" \/>\n<script type=\"application\/ld+json\" class=\"yoast-schema-graph\">{\"@context\":\"https:\\\/\\\/schema.org\",\"@graph\":[{\"@type\":\"WebPage\",\"@id\":\"https:\\\/\\\/www.facecorner.lv\\\/shop\\\/medi-peel-gold-age-tox-cream-50ml\\\/\",\"url\":\"https:\\\/\\\/www.facecorner.lv\\\/shop\\\/medi-peel-gold-age-tox-cream-50ml\\\/\",\"name\":\"Medi-Peel Gold Age Tox Cream 50ml - FACECORNER\",\"isPartOf\":{\"@id\":\"https:\\\/\\\/www.facecorner.lv\\\/#website\"},\"primaryImageOfPage\":{\"@id\":\"https:\\\/\\\/www.facecorner.lv\\\/shop\\\/medi-peel-gold-age-tox-cream-50ml\\\/#primaryimage\"},\"image\":{\"@id\":\"https:\\\/\\\/www.facecorner.lv\\\/shop\\\/medi-peel-gold-age-tox-cream-50ml\\\/#primaryimage\"},\"thumbnailUrl\":\"https:\\\/\\\/www.facecorner.lv\\\/wp-content\\\/uploads\\\/2023\\\/11\\\/krem-dlya-lica-medi-peel-gold-age-tox-cream-glavna.jpg\",\"datePublished\":\"2023-11-23T20:51:43+00:00\",\"dateModified\":\"2026-03-06T08:46:39+00:00\",\"breadcrumb\":{\"@id\":\"https:\\\/\\\/www.facecorner.lv\\\/shop\\\/medi-peel-gold-age-tox-cream-50ml\\\/#breadcrumb\"},\"inLanguage\":\"lv-LV\",\"potentialAction\":[{\"@type\":\"ReadAction\",\"target\":[\"https:\\\/\\\/www.facecorner.lv\\\/shop\\\/medi-peel-gold-age-tox-cream-50ml\\\/\"]}]},{\"@type\":\"ImageObject\",\"inLanguage\":\"lv-LV\",\"@id\":\"https:\\\/\\\/www.facecorner.lv\\\/shop\\\/medi-peel-gold-age-tox-cream-50ml\\\/#primaryimage\",\"url\":\"https:\\\/\\\/www.facecorner.lv\\\/wp-content\\\/uploads\\\/2023\\\/11\\\/krem-dlya-lica-medi-peel-gold-age-tox-cream-glavna.jpg\",\"contentUrl\":\"https:\\\/\\\/www.facecorner.lv\\\/wp-content\\\/uploads\\\/2023\\\/11\\\/krem-dlya-lica-medi-peel-gold-age-tox-cream-glavna.jpg\",\"width\":800,\"height\":800},{\"@type\":\"BreadcrumbList\",\"@id\":\"https:\\\/\\\/www.facecorner.lv\\\/shop\\\/medi-peel-gold-age-tox-cream-50ml\\\/#breadcrumb\",\"itemListElement\":[{\"@type\":\"ListItem\",\"position\":1,\"name\":\"Home\",\"item\":\"https:\\\/\\\/www.facecorner.lv\\\/\"},{\"@type\":\"ListItem\",\"position\":2,\"name\":\"Veikals\",\"item\":\"https:\\\/\\\/www.facecorner.lv\\\/shop\\\/\"},{\"@type\":\"ListItem\",\"position\":3,\"name\":\"Medi-Peel Gold Age Tox Cream 50ml\"}]},{\"@type\":\"WebSite\",\"@id\":\"https:\\\/\\\/www.facecorner.lv\\\/#website\",\"url\":\"https:\\\/\\\/www.facecorner.lv\\\/\",\"name\":\"Facecorner\",\"description\":\"\",\"publisher\":{\"@id\":\"https:\\\/\\\/www.facecorner.lv\\\/#organization\"},\"potentialAction\":[{\"@type\":\"SearchAction\",\"target\":{\"@type\":\"EntryPoint\",\"urlTemplate\":\"https:\\\/\\\/www.facecorner.lv\\\/?s={search_term_string}\"},\"query-input\":{\"@type\":\"PropertyValueSpecification\",\"valueRequired\":true,\"valueName\":\"search_term_string\"}}],\"inLanguage\":\"lv-LV\"},{\"@type\":\"Organization\",\"@id\":\"https:\\\/\\\/www.facecorner.lv\\\/#organization\",\"name\":\"Facecorner\",\"url\":\"https:\\\/\\\/www.facecorner.lv\\\/\",\"logo\":{\"@type\":\"ImageObject\",\"inLanguage\":\"lv-LV\",\"@id\":\"https:\\\/\\\/www.facecorner.lv\\\/#\\\/schema\\\/logo\\\/image\\\/\",\"url\":\"https:\\\/\\\/www.facecorner.lv\\\/wp-content\\\/uploads\\\/2024\\\/04\\\/fc-logo.jpg\",\"contentUrl\":\"https:\\\/\\\/www.facecorner.lv\\\/wp-content\\\/uploads\\\/2024\\\/04\\\/fc-logo.jpg\",\"width\":174,\"height\":28,\"caption\":\"Facecorner\"},\"image\":{\"@id\":\"https:\\\/\\\/www.facecorner.lv\\\/#\\\/schema\\\/logo\\\/image\\\/\"},\"sameAs\":[\"https:\\\/\\\/www.facebook.com\\\/profile.php?id=100063824551839\",\"https:\\\/\\\/www.instagram.com\\\/facecorner_shop\\\/\"]}]}<\/script>\n<meta property=\"product:price:amount\" content=\"28.00\" \/>\n<meta property=\"product:price:currency\" content=\"EUR\" \/>\n<meta property=\"og:availability\" content=\"instock\" \/>\n<meta property=\"product:availability\" content=\"instock\" \/>\n<meta property=\"product:condition\" content=\"new\" \/>\n<!-- \/ Yoast SEO plugin. -->","yoast_head_json":{"title":"Medi-Peel Gold Age Tox Cream 50ml - FACECORNER","robots":{"index":"index","follow":"follow","max-snippet":"max-snippet:-1","max-image-preview":"max-image-preview:large","max-video-preview":"max-video-preview:-1"},"canonical":"https:\/\/www.facecorner.lv\/lv\/shop\/medi-peel-gold-age-tox-cream-50ml\/","og_locale":"lv_LV","og_type":"article","og_title":"Medi-Peel Gold Age Tox Cream 50ml - FACECORNER","og_description":"Pretnoveco\u0161an\u0101s kapsulas kr\u0113ms ar zelta z\u012bdt\u0101rpi\u0146a ekstraktu Medi-Peel Gold Age Tox Cream akt\u012bvi atjauno \u0101du. Palielina bl\u012bvumu un elast\u012bbu, izl\u012bdzina grumbas, uzlabo tonusu un dzi\u013ci mitrina. Kr\u0113ms uzreiz nov\u0113r\u0161 sasprindzin\u0101jumu un sausumu un uztur optim\u0101lu mitruma l\u012bmeni visas dienas garum\u0101. Padara \u0101du toniz\u0113t\u0101ku, atjauno \u0101das integrit\u0101ti, nostiprina epidermas \u0161\u0137iedras un izl\u012bdzina reljefu. Kr\u0113ms pies\u0101tina \u0101du [&hellip;]","og_url":"https:\/\/www.facecorner.lv\/lv\/shop\/medi-peel-gold-age-tox-cream-50ml\/","og_site_name":"FACECORNER","article_publisher":"https:\/\/www.facebook.com\/profile.php?id=100063824551839","article_modified_time":"2026-03-06T08:46:39+00:00","og_image":[{"width":800,"height":800,"url":"https:\/\/www.facecorner.lv\/wp-content\/uploads\/2023\/11\/krem-dlya-lica-medi-peel-gold-age-tox-cream-glavna.jpg","type":"image\/jpeg"}],"twitter_card":"summary_large_image","twitter_misc":{"Price":"&euro;28.00","Availability":"In stock"},"schema":{"@context":"https:\/\/schema.org","@graph":[{"@type":"WebPage","@id":"https:\/\/www.facecorner.lv\/shop\/medi-peel-gold-age-tox-cream-50ml\/","url":"https:\/\/www.facecorner.lv\/shop\/medi-peel-gold-age-tox-cream-50ml\/","name":"Medi-Peel Gold Age Tox Cream 50ml - FACECORNER","isPartOf":{"@id":"https:\/\/www.facecorner.lv\/#website"},"primaryImageOfPage":{"@id":"https:\/\/www.facecorner.lv\/shop\/medi-peel-gold-age-tox-cream-50ml\/#primaryimage"},"image":{"@id":"https:\/\/www.facecorner.lv\/shop\/medi-peel-gold-age-tox-cream-50ml\/#primaryimage"},"thumbnailUrl":"https:\/\/www.facecorner.lv\/wp-content\/uploads\/2023\/11\/krem-dlya-lica-medi-peel-gold-age-tox-cream-glavna.jpg","datePublished":"2023-11-23T20:51:43+00:00","dateModified":"2026-03-06T08:46:39+00:00","breadcrumb":{"@id":"https:\/\/www.facecorner.lv\/shop\/medi-peel-gold-age-tox-cream-50ml\/#breadcrumb"},"inLanguage":"lv-LV","potentialAction":[{"@type":"ReadAction","target":["https:\/\/www.facecorner.lv\/shop\/medi-peel-gold-age-tox-cream-50ml\/"]}]},{"@type":"ImageObject","inLanguage":"lv-LV","@id":"https:\/\/www.facecorner.lv\/shop\/medi-peel-gold-age-tox-cream-50ml\/#primaryimage","url":"https:\/\/www.facecorner.lv\/wp-content\/uploads\/2023\/11\/krem-dlya-lica-medi-peel-gold-age-tox-cream-glavna.jpg","contentUrl":"https:\/\/www.facecorner.lv\/wp-content\/uploads\/2023\/11\/krem-dlya-lica-medi-peel-gold-age-tox-cream-glavna.jpg","width":800,"height":800},{"@type":"BreadcrumbList","@id":"https:\/\/www.facecorner.lv\/shop\/medi-peel-gold-age-tox-cream-50ml\/#breadcrumb","itemListElement":[{"@type":"ListItem","position":1,"name":"Home","item":"https:\/\/www.facecorner.lv\/"},{"@type":"ListItem","position":2,"name":"Veikals","item":"https:\/\/www.facecorner.lv\/shop\/"},{"@type":"ListItem","position":3,"name":"Medi-Peel Gold Age Tox Cream 50ml"}]},{"@type":"WebSite","@id":"https:\/\/www.facecorner.lv\/#website","url":"https:\/\/www.facecorner.lv\/","name":"Facecorner","description":"","publisher":{"@id":"https:\/\/www.facecorner.lv\/#organization"},"potentialAction":[{"@type":"SearchAction","target":{"@type":"EntryPoint","urlTemplate":"https:\/\/www.facecorner.lv\/?s={search_term_string}"},"query-input":{"@type":"PropertyValueSpecification","valueRequired":true,"valueName":"search_term_string"}}],"inLanguage":"lv-LV"},{"@type":"Organization","@id":"https:\/\/www.facecorner.lv\/#organization","name":"Facecorner","url":"https:\/\/www.facecorner.lv\/","logo":{"@type":"ImageObject","inLanguage":"lv-LV","@id":"https:\/\/www.facecorner.lv\/#\/schema\/logo\/image\/","url":"https:\/\/www.facecorner.lv\/wp-content\/uploads\/2024\/04\/fc-logo.jpg","contentUrl":"https:\/\/www.facecorner.lv\/wp-content\/uploads\/2024\/04\/fc-logo.jpg","width":174,"height":28,"caption":"Facecorner"},"image":{"@id":"https:\/\/www.facecorner.lv\/#\/schema\/logo\/image\/"},"sameAs":["https:\/\/www.facebook.com\/profile.php?id=100063824551839","https:\/\/www.instagram.com\/facecorner_shop\/"]}]},"product_price_amount":"28.00","product_price_currency":"EUR","og_availability":"instock","product_availability":"instock","product_condition":"new"},"_links":{"self":[{"href":"https:\/\/www.facecorner.lv\/lv\/wp-json\/wp\/v2\/product\/13053","targetHints":{"allow":["GET"]}}],"collection":[{"href":"https:\/\/www.facecorner.lv\/lv\/wp-json\/wp\/v2\/product"}],"about":[{"href":"https:\/\/www.facecorner.lv\/lv\/wp-json\/wp\/v2\/types\/product"}],"replies":[{"embeddable":true,"href":"https:\/\/www.facecorner.lv\/lv\/wp-json\/wp\/v2\/comments?post=13053"}],"wp:featuredmedia":[{"embeddable":true,"href":"https:\/\/www.facecorner.lv\/lv\/wp-json\/wp\/v2\/media\/13055"}],"wp:attachment":[{"href":"https:\/\/www.facecorner.lv\/lv\/wp-json\/wp\/v2\/media?parent=13053"}],"wp:term":[{"taxonomy":"product_brand","embeddable":true,"href":"https:\/\/www.facecorner.lv\/lv\/wp-json\/wp\/v2\/product_brand?post=13053"},{"taxonomy":"product_cat","embeddable":true,"href":"https:\/\/www.facecorner.lv\/lv\/wp-json\/wp\/v2\/product_cat?post=13053"},{"taxonomy":"product_tag","embeddable":true,"href":"https:\/\/www.facecorner.lv\/lv\/wp-json\/wp\/v2\/product_tag?post=13053"},{"taxonomy":"berocket_brand","embeddable":true,"href":"https:\/\/www.facecorner.lv\/lv\/wp-json\/wp\/v2\/berocket_brand?post=13053"}],"curies":[{"name":"wp","href":"https:\/\/api.w.org\/{rel}","templated":true}]}}