{"id":12832,"date":"2023-11-07T14:10:54","date_gmt":"2023-11-07T12:10:54","guid":{"rendered":"https:\/\/www.facecorner.lv\/?post_type=product&#038;p=12832"},"modified":"2024-01-08T20:31:22","modified_gmt":"2024-01-08T18:31:22","slug":"anua-heartleaf-80-soothing-ampoule-30ml","status":"publish","type":"product","link":"https:\/\/www.facecorner.lv\/lv\/shop\/anua-heartleaf-80-soothing-ampoule-30ml\/","title":{"rendered":"Anua Heartleaf 80% Soothing Ampoule 30ml"},"content":{"rendered":"<p>Anua Heartleaf 80% nomierino\u0161a ampula \u013boti koncentr\u0113ta ampula, kas satur v\u0113rt\u012bgu guttuinia sirsni\u0146u ekstraktu (80%), nevis parasti lietotu \u016bdeni, lai nomierin\u0101tu \u0101du, mitrin\u0101tu un atjaunotu l\u012bdzsvaru. Produkts pal\u012bdz nomierin\u0101t iekaisumu, likvid\u0113t un nov\u0113rst pinnes.<\/p>\n<p>Ampulai ir viegla g\u0113la tekst\u016bra, kas \u0101tri uzs\u016bcas un uzreiz iedarbojas mitrino\u0161i un nomierino\u0161i. P\u0113c uzkl\u0101\u0161anas nav nepat\u012bkamas taukainas pl\u0113ves vai sp\u012bduma saj\u016btas.<\/p>\n<p>Ar polifenoliem un aminosk\u0101b\u0113m bag\u0101tajam Guttuinia cordata ekstraktam piem\u012bt antibakteri\u0101las un atjaunojo\u0161as \u012bpa\u0161\u012bbas, kuru d\u0113\u013c tas nodro\u0161ina t\u016bl\u012bt\u0113ju \u0101das nomierin\u0101\u0161anu, efekt\u012bvi mazinot iekaisumu un kairin\u0101jumu, mitrina un atdz\u012bvina bl\u0101vu, jut\u012bgu un problem\u0101tisku \u0101du.<\/p>\n<p>Produkta sast\u0101vs izce\u013cas ar minim\u0101lu daudzumu tikai nepiecie\u0161amo komponentu, kam ir mitrino\u0161s un m\u012bkstino\u0161s efekts. Sennas s\u0113klu ekstrakts, kas bag\u0101ts ar labv\u0113l\u012bg\u0101m uzturviel\u0101m, pal\u012bdz saglab\u0101t mitrumu epidermas aug\u0161\u0113jos sl\u0101\u0146os, turkl\u0101t efekt\u012bvi att\u012bra \u0101du, stimul\u0113 vielmai\u0146as procesus taj\u0101 un mazina piet\u016bkumu. Sast\u0101v\u0101 eso\u0161ais pantenols intens\u012bvi mitrina \u0101du.<\/p>\n<p><strong>Lieto\u0161ana:<\/strong> p\u0113c \u0101das att\u012br\u012b\u0161anas un tonera uzkl\u0101\u0161anas uzkl\u0101jiet nelielu produkta daudzumu uz sejas un viegli ar pirkstu galiem iemas\u0113jiet to \u0101d\u0101.<\/p>\n<p><strong>S\u0101stavs:\u00a0<\/strong>Houttuynia Cordata Extract(80%), Butylene Glycol, Glycerin, 1,2-Hexandiol, Betaine, Cassia Obtusifolia Seed Extract, Panthenol, Hydroxyethylcellulose, Sodium Hyaluronate, Arginine, Carbomer, Ethylhexylglycerin.<\/p>\n","protected":false},"excerpt":{"rendered":"<p>Anua Heartleaf 80% nomierino\u0161a ampula \u013boti koncentr\u0113ta ampula, kas satur v\u0113rt\u012bgu guttuinia sirsni\u0146u ekstraktu (80%), nevis parasti lietotu \u016bdeni, lai nomierin\u0101tu \u0101du, mitrin\u0101tu un atjaunotu l\u012bdzsvaru. Produkts pal\u012bdz nomierin\u0101t iekaisumu, likvid\u0113t un nov\u0113rst pinnes. Ampulai ir viegla g\u0113la tekst\u016bra, kas \u0101tri uzs\u016bcas un uzreiz iedarbojas mitrino\u0161i un nomierino\u0161i. P\u0113c uzkl\u0101\u0161anas nav nepat\u012bkamas taukainas pl\u0113ves vai [&hellip;]<\/p>\n","protected":false},"featured_media":12834,"comment_status":"open","ping_status":"closed","template":"","meta":{"site-sidebar-layout":"default","site-content-layout":"","ast-site-content-layout":"","site-content-style":"default","site-sidebar-style":"default","ast-global-header-display":"","ast-banner-title-visibility":"","ast-main-header-display":"","ast-hfb-above-header-display":"","ast-hfb-below-header-display":"","ast-hfb-mobile-header-display":"","site-post-title":"","ast-breadcrumbs-content":"","ast-featured-img":"","footer-sml-layout":"","theme-transparent-header-meta":"","adv-header-id-meta":"","stick-header-meta":"","header-above-stick-meta":"","header-main-stick-meta":"","header-below-stick-meta":"","astra-migrate-meta-layouts":"default","ast-page-background-enabled":"default","ast-page-background-meta":{"desktop":{"background-color":"var(--ast-global-color-4)","background-image":"","background-repeat":"repeat","background-position":"center center","background-size":"auto","background-attachment":"scroll","background-type":"","background-media":"","overlay-type":"","overlay-color":"","overlay-opacity":"","overlay-gradient":""},"tablet":{"background-color":"","background-image":"","background-repeat":"repeat","background-position":"center center","background-size":"auto","background-attachment":"scroll","background-type":"","background-media":"","overlay-type":"","overlay-color":"","overlay-opacity":"","overlay-gradient":""},"mobile":{"background-color":"","background-image":"","background-repeat":"repeat","background-position":"center center","background-size":"auto","background-attachment":"scroll","background-type":"","background-media":"","overlay-type":"","overlay-color":"","overlay-opacity":"","overlay-gradient":""}},"ast-content-background-meta":{"desktop":{"background-color":"var(--ast-global-color-5)","background-image":"","background-repeat":"repeat","background-position":"center center","background-size":"auto","background-attachment":"scroll","background-type":"","background-media":"","overlay-type":"","overlay-color":"","overlay-opacity":"","overlay-gradient":""},"tablet":{"background-color":"var(--ast-global-color-5)","background-image":"","background-repeat":"repeat","background-position":"center center","background-size":"auto","background-attachment":"scroll","background-type":"","background-media":"","overlay-type":"","overlay-color":"","overlay-opacity":"","overlay-gradient":""},"mobile":{"background-color":"var(--ast-global-color-5)","background-image":"","background-repeat":"repeat","background-position":"center center","background-size":"auto","background-attachment":"scroll","background-type":"","background-media":"","overlay-type":"","overlay-color":"","overlay-opacity":"","overlay-gradient":""}}},"product_brand":[],"product_cat":[370,372,373,374,363],"product_tag":[],"berocket_brand":[],"class_list":{"0":"post-12832","1":"product","2":"type-product","3":"status-publish","4":"has-post-thumbnail","6":"product_cat-adas-mirdzumam","7":"product_cat-jutigai-adai-serumi","8":"product_cat-poras-sasaurinoss","9":"product_cat-pret-pinnem","10":"product_cat-serumi","11":"desktop-align-left","12":"tablet-align-left","13":"mobile-align-left","15":"first","16":"outofstock","17":"taxable","18":"shipping-taxable","19":"purchasable","20":"product-type-simple","21":"add-to-wishlist-before_image"},"yoast_head":"<!-- This site is optimized with the Yoast SEO plugin v27.4 - https:\/\/yoast.com\/product\/yoast-seo-wordpress\/ -->\n<title>Anua Heartleaf 80% Soothing Ampoule 30ml - FACECORNER<\/title>\n<meta name=\"robots\" content=\"index, follow, max-snippet:-1, max-image-preview:large, max-video-preview:-1\" \/>\n<link rel=\"canonical\" href=\"https:\/\/www.facecorner.lv\/lv\/shop\/anua-heartleaf-80-soothing-ampoule-30ml\/\" \/>\n<meta property=\"og:locale\" content=\"lv_LV\" \/>\n<meta property=\"og:type\" content=\"article\" \/>\n<meta property=\"og:title\" content=\"Anua Heartleaf 80% Soothing Ampoule 30ml - FACECORNER\" \/>\n<meta property=\"og:description\" content=\"Anua Heartleaf 80% nomierino\u0161a ampula \u013boti koncentr\u0113ta ampula, kas satur v\u0113rt\u012bgu guttuinia sirsni\u0146u ekstraktu (80%), nevis parasti lietotu \u016bdeni, lai nomierin\u0101tu \u0101du, mitrin\u0101tu un atjaunotu l\u012bdzsvaru. Produkts pal\u012bdz nomierin\u0101t iekaisumu, likvid\u0113t un nov\u0113rst pinnes. Ampulai ir viegla g\u0113la tekst\u016bra, kas \u0101tri uzs\u016bcas un uzreiz iedarbojas mitrino\u0161i un nomierino\u0161i. P\u0113c uzkl\u0101\u0161anas nav nepat\u012bkamas taukainas pl\u0113ves vai [&hellip;]\" \/>\n<meta property=\"og:url\" content=\"https:\/\/www.facecorner.lv\/lv\/shop\/anua-heartleaf-80-soothing-ampoule-30ml\/\" \/>\n<meta property=\"og:site_name\" content=\"FACECORNER\" \/>\n<meta property=\"article:publisher\" content=\"https:\/\/www.facebook.com\/profile.php?id=100063824551839\" \/>\n<meta property=\"article:modified_time\" content=\"2024-01-08T18:31:22+00:00\" \/>\n<meta property=\"og:image\" content=\"https:\/\/www.facecorner.lv\/wp-content\/uploads\/2023\/11\/500xNxanua-heartleaf-80-soothing-ampoule-30-ml.jpg.pagespeed.ic_.p3kLqSrk_U.jpeg\" \/>\n\t<meta property=\"og:image:width\" content=\"600\" \/>\n\t<meta property=\"og:image:height\" content=\"600\" \/>\n\t<meta property=\"og:image:type\" content=\"image\/jpeg\" \/>\n<meta name=\"twitter:card\" content=\"summary_large_image\" \/>\n<meta name=\"twitter:label1\" content=\"Price\" \/>\n\t<meta name=\"twitter:data1\" content=\"&euro;26.50\" \/>\n\t<meta name=\"twitter:label2\" content=\"Availability\" \/>\n\t<meta name=\"twitter:data2\" content=\"Out of stock\" \/>\n<script type=\"application\/ld+json\" class=\"yoast-schema-graph\">{\"@context\":\"https:\\\/\\\/schema.org\",\"@graph\":[{\"@type\":\"WebPage\",\"@id\":\"https:\\\/\\\/www.facecorner.lv\\\/shop\\\/anua-heartleaf-80-soothing-ampoule-30ml\\\/\",\"url\":\"https:\\\/\\\/www.facecorner.lv\\\/shop\\\/anua-heartleaf-80-soothing-ampoule-30ml\\\/\",\"name\":\"Anua Heartleaf 80% Soothing Ampoule 30ml - FACECORNER\",\"isPartOf\":{\"@id\":\"https:\\\/\\\/www.facecorner.lv\\\/#website\"},\"primaryImageOfPage\":{\"@id\":\"https:\\\/\\\/www.facecorner.lv\\\/shop\\\/anua-heartleaf-80-soothing-ampoule-30ml\\\/#primaryimage\"},\"image\":{\"@id\":\"https:\\\/\\\/www.facecorner.lv\\\/shop\\\/anua-heartleaf-80-soothing-ampoule-30ml\\\/#primaryimage\"},\"thumbnailUrl\":\"https:\\\/\\\/www.facecorner.lv\\\/wp-content\\\/uploads\\\/2023\\\/11\\\/500xNxanua-heartleaf-80-soothing-ampoule-30-ml.jpg.pagespeed.ic_.p3kLqSrk_U.jpeg\",\"datePublished\":\"2023-11-07T12:10:54+00:00\",\"dateModified\":\"2024-01-08T18:31:22+00:00\",\"breadcrumb\":{\"@id\":\"https:\\\/\\\/www.facecorner.lv\\\/shop\\\/anua-heartleaf-80-soothing-ampoule-30ml\\\/#breadcrumb\"},\"inLanguage\":\"lv-LV\",\"potentialAction\":[{\"@type\":\"ReadAction\",\"target\":[\"https:\\\/\\\/www.facecorner.lv\\\/shop\\\/anua-heartleaf-80-soothing-ampoule-30ml\\\/\"]}]},{\"@type\":\"ImageObject\",\"inLanguage\":\"lv-LV\",\"@id\":\"https:\\\/\\\/www.facecorner.lv\\\/shop\\\/anua-heartleaf-80-soothing-ampoule-30ml\\\/#primaryimage\",\"url\":\"https:\\\/\\\/www.facecorner.lv\\\/wp-content\\\/uploads\\\/2023\\\/11\\\/500xNxanua-heartleaf-80-soothing-ampoule-30-ml.jpg.pagespeed.ic_.p3kLqSrk_U.jpeg\",\"contentUrl\":\"https:\\\/\\\/www.facecorner.lv\\\/wp-content\\\/uploads\\\/2023\\\/11\\\/500xNxanua-heartleaf-80-soothing-ampoule-30-ml.jpg.pagespeed.ic_.p3kLqSrk_U.jpeg\",\"width\":600,\"height\":600},{\"@type\":\"BreadcrumbList\",\"@id\":\"https:\\\/\\\/www.facecorner.lv\\\/shop\\\/anua-heartleaf-80-soothing-ampoule-30ml\\\/#breadcrumb\",\"itemListElement\":[{\"@type\":\"ListItem\",\"position\":1,\"name\":\"Home\",\"item\":\"https:\\\/\\\/www.facecorner.lv\\\/\"},{\"@type\":\"ListItem\",\"position\":2,\"name\":\"Veikals\",\"item\":\"https:\\\/\\\/www.facecorner.lv\\\/shop\\\/\"},{\"@type\":\"ListItem\",\"position\":3,\"name\":\"Anua Heartleaf 80% Soothing Ampoule 30ml\"}]},{\"@type\":\"WebSite\",\"@id\":\"https:\\\/\\\/www.facecorner.lv\\\/#website\",\"url\":\"https:\\\/\\\/www.facecorner.lv\\\/\",\"name\":\"Facecorner\",\"description\":\"\",\"publisher\":{\"@id\":\"https:\\\/\\\/www.facecorner.lv\\\/#organization\"},\"potentialAction\":[{\"@type\":\"SearchAction\",\"target\":{\"@type\":\"EntryPoint\",\"urlTemplate\":\"https:\\\/\\\/www.facecorner.lv\\\/?s={search_term_string}\"},\"query-input\":{\"@type\":\"PropertyValueSpecification\",\"valueRequired\":true,\"valueName\":\"search_term_string\"}}],\"inLanguage\":\"lv-LV\"},{\"@type\":\"Organization\",\"@id\":\"https:\\\/\\\/www.facecorner.lv\\\/#organization\",\"name\":\"Facecorner\",\"url\":\"https:\\\/\\\/www.facecorner.lv\\\/\",\"logo\":{\"@type\":\"ImageObject\",\"inLanguage\":\"lv-LV\",\"@id\":\"https:\\\/\\\/www.facecorner.lv\\\/#\\\/schema\\\/logo\\\/image\\\/\",\"url\":\"https:\\\/\\\/www.facecorner.lv\\\/wp-content\\\/uploads\\\/2024\\\/04\\\/fc-logo.jpg\",\"contentUrl\":\"https:\\\/\\\/www.facecorner.lv\\\/wp-content\\\/uploads\\\/2024\\\/04\\\/fc-logo.jpg\",\"width\":174,\"height\":28,\"caption\":\"Facecorner\"},\"image\":{\"@id\":\"https:\\\/\\\/www.facecorner.lv\\\/#\\\/schema\\\/logo\\\/image\\\/\"},\"sameAs\":[\"https:\\\/\\\/www.facebook.com\\\/profile.php?id=100063824551839\",\"https:\\\/\\\/www.instagram.com\\\/facecorner_shop\\\/\"]}]}<\/script>\n<meta property=\"product:price:amount\" content=\"26.50\" \/>\n<meta property=\"product:price:currency\" content=\"EUR\" \/>\n<meta property=\"og:availability\" content=\"out of stock\" \/>\n<meta property=\"product:availability\" content=\"out of stock\" \/>\n<meta property=\"product:condition\" content=\"new\" \/>\n<!-- \/ Yoast SEO plugin. -->","yoast_head_json":{"title":"Anua Heartleaf 80% Soothing Ampoule 30ml - FACECORNER","robots":{"index":"index","follow":"follow","max-snippet":"max-snippet:-1","max-image-preview":"max-image-preview:large","max-video-preview":"max-video-preview:-1"},"canonical":"https:\/\/www.facecorner.lv\/lv\/shop\/anua-heartleaf-80-soothing-ampoule-30ml\/","og_locale":"lv_LV","og_type":"article","og_title":"Anua Heartleaf 80% Soothing Ampoule 30ml - FACECORNER","og_description":"Anua Heartleaf 80% nomierino\u0161a ampula \u013boti koncentr\u0113ta ampula, kas satur v\u0113rt\u012bgu guttuinia sirsni\u0146u ekstraktu (80%), nevis parasti lietotu \u016bdeni, lai nomierin\u0101tu \u0101du, mitrin\u0101tu un atjaunotu l\u012bdzsvaru. Produkts pal\u012bdz nomierin\u0101t iekaisumu, likvid\u0113t un nov\u0113rst pinnes. Ampulai ir viegla g\u0113la tekst\u016bra, kas \u0101tri uzs\u016bcas un uzreiz iedarbojas mitrino\u0161i un nomierino\u0161i. P\u0113c uzkl\u0101\u0161anas nav nepat\u012bkamas taukainas pl\u0113ves vai [&hellip;]","og_url":"https:\/\/www.facecorner.lv\/lv\/shop\/anua-heartleaf-80-soothing-ampoule-30ml\/","og_site_name":"FACECORNER","article_publisher":"https:\/\/www.facebook.com\/profile.php?id=100063824551839","article_modified_time":"2024-01-08T18:31:22+00:00","og_image":[{"width":600,"height":600,"url":"https:\/\/www.facecorner.lv\/wp-content\/uploads\/2023\/11\/500xNxanua-heartleaf-80-soothing-ampoule-30-ml.jpg.pagespeed.ic_.p3kLqSrk_U.jpeg","type":"image\/jpeg"}],"twitter_card":"summary_large_image","twitter_misc":{"Price":"&euro;26.50","Availability":"Out of stock"},"schema":{"@context":"https:\/\/schema.org","@graph":[{"@type":"WebPage","@id":"https:\/\/www.facecorner.lv\/shop\/anua-heartleaf-80-soothing-ampoule-30ml\/","url":"https:\/\/www.facecorner.lv\/shop\/anua-heartleaf-80-soothing-ampoule-30ml\/","name":"Anua Heartleaf 80% Soothing Ampoule 30ml - FACECORNER","isPartOf":{"@id":"https:\/\/www.facecorner.lv\/#website"},"primaryImageOfPage":{"@id":"https:\/\/www.facecorner.lv\/shop\/anua-heartleaf-80-soothing-ampoule-30ml\/#primaryimage"},"image":{"@id":"https:\/\/www.facecorner.lv\/shop\/anua-heartleaf-80-soothing-ampoule-30ml\/#primaryimage"},"thumbnailUrl":"https:\/\/www.facecorner.lv\/wp-content\/uploads\/2023\/11\/500xNxanua-heartleaf-80-soothing-ampoule-30-ml.jpg.pagespeed.ic_.p3kLqSrk_U.jpeg","datePublished":"2023-11-07T12:10:54+00:00","dateModified":"2024-01-08T18:31:22+00:00","breadcrumb":{"@id":"https:\/\/www.facecorner.lv\/shop\/anua-heartleaf-80-soothing-ampoule-30ml\/#breadcrumb"},"inLanguage":"lv-LV","potentialAction":[{"@type":"ReadAction","target":["https:\/\/www.facecorner.lv\/shop\/anua-heartleaf-80-soothing-ampoule-30ml\/"]}]},{"@type":"ImageObject","inLanguage":"lv-LV","@id":"https:\/\/www.facecorner.lv\/shop\/anua-heartleaf-80-soothing-ampoule-30ml\/#primaryimage","url":"https:\/\/www.facecorner.lv\/wp-content\/uploads\/2023\/11\/500xNxanua-heartleaf-80-soothing-ampoule-30-ml.jpg.pagespeed.ic_.p3kLqSrk_U.jpeg","contentUrl":"https:\/\/www.facecorner.lv\/wp-content\/uploads\/2023\/11\/500xNxanua-heartleaf-80-soothing-ampoule-30-ml.jpg.pagespeed.ic_.p3kLqSrk_U.jpeg","width":600,"height":600},{"@type":"BreadcrumbList","@id":"https:\/\/www.facecorner.lv\/shop\/anua-heartleaf-80-soothing-ampoule-30ml\/#breadcrumb","itemListElement":[{"@type":"ListItem","position":1,"name":"Home","item":"https:\/\/www.facecorner.lv\/"},{"@type":"ListItem","position":2,"name":"Veikals","item":"https:\/\/www.facecorner.lv\/shop\/"},{"@type":"ListItem","position":3,"name":"Anua Heartleaf 80% Soothing Ampoule 30ml"}]},{"@type":"WebSite","@id":"https:\/\/www.facecorner.lv\/#website","url":"https:\/\/www.facecorner.lv\/","name":"Facecorner","description":"","publisher":{"@id":"https:\/\/www.facecorner.lv\/#organization"},"potentialAction":[{"@type":"SearchAction","target":{"@type":"EntryPoint","urlTemplate":"https:\/\/www.facecorner.lv\/?s={search_term_string}"},"query-input":{"@type":"PropertyValueSpecification","valueRequired":true,"valueName":"search_term_string"}}],"inLanguage":"lv-LV"},{"@type":"Organization","@id":"https:\/\/www.facecorner.lv\/#organization","name":"Facecorner","url":"https:\/\/www.facecorner.lv\/","logo":{"@type":"ImageObject","inLanguage":"lv-LV","@id":"https:\/\/www.facecorner.lv\/#\/schema\/logo\/image\/","url":"https:\/\/www.facecorner.lv\/wp-content\/uploads\/2024\/04\/fc-logo.jpg","contentUrl":"https:\/\/www.facecorner.lv\/wp-content\/uploads\/2024\/04\/fc-logo.jpg","width":174,"height":28,"caption":"Facecorner"},"image":{"@id":"https:\/\/www.facecorner.lv\/#\/schema\/logo\/image\/"},"sameAs":["https:\/\/www.facebook.com\/profile.php?id=100063824551839","https:\/\/www.instagram.com\/facecorner_shop\/"]}]},"product_price_amount":"26.50","product_price_currency":"EUR","og_availability":"out of stock","product_availability":"out of stock","product_condition":"new"},"_links":{"self":[{"href":"https:\/\/www.facecorner.lv\/lv\/wp-json\/wp\/v2\/product\/12832","targetHints":{"allow":["GET"]}}],"collection":[{"href":"https:\/\/www.facecorner.lv\/lv\/wp-json\/wp\/v2\/product"}],"about":[{"href":"https:\/\/www.facecorner.lv\/lv\/wp-json\/wp\/v2\/types\/product"}],"replies":[{"embeddable":true,"href":"https:\/\/www.facecorner.lv\/lv\/wp-json\/wp\/v2\/comments?post=12832"}],"wp:featuredmedia":[{"embeddable":true,"href":"https:\/\/www.facecorner.lv\/lv\/wp-json\/wp\/v2\/media\/12834"}],"wp:attachment":[{"href":"https:\/\/www.facecorner.lv\/lv\/wp-json\/wp\/v2\/media?parent=12832"}],"wp:term":[{"taxonomy":"product_brand","embeddable":true,"href":"https:\/\/www.facecorner.lv\/lv\/wp-json\/wp\/v2\/product_brand?post=12832"},{"taxonomy":"product_cat","embeddable":true,"href":"https:\/\/www.facecorner.lv\/lv\/wp-json\/wp\/v2\/product_cat?post=12832"},{"taxonomy":"product_tag","embeddable":true,"href":"https:\/\/www.facecorner.lv\/lv\/wp-json\/wp\/v2\/product_tag?post=12832"},{"taxonomy":"berocket_brand","embeddable":true,"href":"https:\/\/www.facecorner.lv\/lv\/wp-json\/wp\/v2\/berocket_brand?post=12832"}],"curies":[{"name":"wp","href":"https:\/\/api.w.org\/{rel}","templated":true}]}}