{"id":12829,"date":"2023-11-07T14:04:30","date_gmt":"2023-11-07T12:04:30","guid":{"rendered":"https:\/\/www.facecorner.lv\/?post_type=product&#038;p=12829"},"modified":"2026-03-13T16:02:41","modified_gmt":"2026-03-13T13:02:41","slug":"anua-green-lemon-vitamin-c-blemish-serum-20ml","status":"publish","type":"product","link":"https:\/\/www.facecorner.lv\/lv\/shop\/anua-green-lemon-vitamin-c-blemish-serum-20ml\/","title":{"rendered":"Anua Green Lemon Vitamin C Blemish Serum 20ml"},"content":{"rendered":"<p>Serumam uz za\u013c\u0101 citrona (56%) un C vitam\u012bna (20%) b\u0101zes ir augst\u0101ka caurlaid\u012bba un tas izl\u012bdzina \u0101das toni.<\/p>\n<p>Serums satur kapsulas, kas sast\u0101v no pantenola, glutationa un bisabolola, kas caur \u0101das barjeru pal\u012bdz pieg\u0101d\u0101t C vitam\u012bnu \u0101das iek\u0161\u0113jiem sl\u0101\u0146iem.<\/p>\n<p>E vitam\u012bns un ferul\u012bnsk\u0101be atvieglo redzamo pigment\u0101ciju un pal\u012bdz c\u012bn\u012bties ar izsitumiem. Alfa-bisabololam un adenoz\u012bnam piem\u012bt pretnoveco\u0161an\u0101s iedarb\u012bba, nov\u0113r\u0161 grumbas un izl\u012bdzina tonusu.<\/p>\n<p><strong>Lieto\u0161anas veids:\u00a0<\/strong>Izmantojiet serumu p\u0113c tonera uzkl\u0101\u0161anas. P\u0113c seruma uzs\u016bk\u0161an\u0101s uzkl\u0101jiet mitrin\u0101t\u0101ju. P\u0113c atv\u0113r\u0161anas serumu ieteicams uzglab\u0101t ledusskap\u012b 3-10\u00b0C temperat\u016br\u0101.<\/p>\n<p><strong>S\u0101stavs:\u00a0<\/strong>Citrus Limon (Lemon) Fruit Extract (560,000 ppm), Ascorbic Acid (200,000 ppm), Propanediol, Butylene Glycol, Dipropylene Glycol, Cyclopentasiloxane, 1,2-Hexanediol, Cyclohasiloxane, Sodium Hydroxide, 12-14 Alketh-12, Alpha-Bisabolol, Sodium Polyacryloyldimethyl Taurate, Water, Polyacrylate Crosspolymer-6,Dimethicon\/Vinyldimethicon Crosspolymer, Xanthan Gum, Ethylhexylglycerin, Allantoin, Glycerin, Glutathione, Citrus Aurantium Dulcis (Orange) Flower Oil, Litsea Cubeba Fruit Oil, Adenosine, Citrus Paradisi (Grapefruit) Peel Oil, Disodium EDTA, Citrus Aurantium Bergamia (Bergamot) Fruit Oil, Mentha Viridis (Spearmint) Leaf Oil, Tocopherol, Ferulic Acid, Barosma Betulina Leaf Extract, n-Butyl Alcohol, Hydrogenated Lecithin, Polyglyceryl-10 Stearate, Sorbitol, Panthenol, Beta-Glucan, Sodium Hyaluronate, Sodium Ascorbyl Phosphate, Caprylic\/Capric Triglyceride, Helianthus Annuus (Sunflower) Seed Oil, Hyaluronic Acid, Sucrose Stearate, Glyceryl Stearates, Beta-Carotene, Sodium Hyaluronate Crosspolymer, Niacinamide, Hydrolyzed Sodium Hyaluronate, Hydrolyzed Hyaluronic Acid, Thioctic Acid, Lycopodium Clavatum Extract, Thioctic Acid, Lycopodium Clavatum Extract, Equisetum Arvense Extract, Sodium Acetylated Hyaluronate, Pyridoxine, Hydroxypropyltrimonium Hyaluronate, Folic Acid, Biotin, Ceramide NP, Ubiquinone, Cyanocobalamin, Thiamine HCl, Riboflavin, Linoleic Acid, Hesperidin, Ergothioneine, Limonene, Linalool, Citral<\/p>\n","protected":false},"excerpt":{"rendered":"<p>Serumam uz za\u013c\u0101 citrona (56%) un C vitam\u012bna (20%) b\u0101zes ir augst\u0101ka caurlaid\u012bba un tas izl\u012bdzina \u0101das toni. Serums satur kapsulas, kas sast\u0101v no pantenola, glutationa un bisabolola, kas caur \u0101das barjeru pal\u012bdz pieg\u0101d\u0101t C vitam\u012bnu \u0101das iek\u0161\u0113jiem sl\u0101\u0146iem. E vitam\u012bns un ferul\u012bnsk\u0101be atvieglo redzamo pigment\u0101ciju un pal\u012bdz c\u012bn\u012bties ar izsitumiem. Alfa-bisabololam un adenoz\u012bnam piem\u012bt [&hellip;]<\/p>\n","protected":false},"featured_media":12831,"comment_status":"open","ping_status":"closed","template":"","meta":{"site-sidebar-layout":"default","site-content-layout":"","ast-site-content-layout":"","site-content-style":"default","site-sidebar-style":"default","ast-global-header-display":"","ast-banner-title-visibility":"","ast-main-header-display":"","ast-hfb-above-header-display":"","ast-hfb-below-header-display":"","ast-hfb-mobile-header-display":"","site-post-title":"","ast-breadcrumbs-content":"","ast-featured-img":"","footer-sml-layout":"","theme-transparent-header-meta":"","adv-header-id-meta":"","stick-header-meta":"","header-above-stick-meta":"","header-main-stick-meta":"","header-below-stick-meta":"","astra-migrate-meta-layouts":"default","ast-page-background-enabled":"default","ast-page-background-meta":{"desktop":{"background-color":"var(--ast-global-color-4)","background-image":"","background-repeat":"repeat","background-position":"center center","background-size":"auto","background-attachment":"scroll","background-type":"","background-media":"","overlay-type":"","overlay-color":"","overlay-opacity":"","overlay-gradient":""},"tablet":{"background-color":"","background-image":"","background-repeat":"repeat","background-position":"center center","background-size":"auto","background-attachment":"scroll","background-type":"","background-media":"","overlay-type":"","overlay-color":"","overlay-opacity":"","overlay-gradient":""},"mobile":{"background-color":"","background-image":"","background-repeat":"repeat","background-position":"center center","background-size":"auto","background-attachment":"scroll","background-type":"","background-media":"","overlay-type":"","overlay-color":"","overlay-opacity":"","overlay-gradient":""}},"ast-content-background-meta":{"desktop":{"background-color":"var(--ast-global-color-5)","background-image":"","background-repeat":"repeat","background-position":"center center","background-size":"auto","background-attachment":"scroll","background-type":"","background-media":"","overlay-type":"","overlay-color":"","overlay-opacity":"","overlay-gradient":""},"tablet":{"background-color":"var(--ast-global-color-5)","background-image":"","background-repeat":"repeat","background-position":"center center","background-size":"auto","background-attachment":"scroll","background-type":"","background-media":"","overlay-type":"","overlay-color":"","overlay-opacity":"","overlay-gradient":""},"mobile":{"background-color":"var(--ast-global-color-5)","background-image":"","background-repeat":"repeat","background-position":"center center","background-size":"auto","background-attachment":"scroll","background-type":"","background-media":"","overlay-type":"","overlay-color":"","overlay-opacity":"","overlay-gradient":""}}},"product_brand":[],"product_cat":[370,371,372,373,374,363],"product_tag":[],"berocket_brand":[575],"class_list":{"0":"post-12829","1":"product","2":"type-product","3":"status-publish","4":"has-post-thumbnail","6":"product_cat-adas-mirdzumam","7":"product_cat-anti-age","8":"product_cat-jutigai-adai-serumi","9":"product_cat-poras-sasaurinoss","10":"product_cat-pret-pinnem","11":"product_cat-serumi","12":"berocket_brand-anua","13":"desktop-align-left","14":"tablet-align-left","15":"mobile-align-left","17":"first","18":"instock","19":"taxable","20":"shipping-taxable","21":"purchasable","22":"product-type-simple","23":"add-to-wishlist-before_image"},"yoast_head":"<!-- This site is optimized with the Yoast SEO plugin v27.3 - https:\/\/yoast.com\/product\/yoast-seo-wordpress\/ -->\n<title>Anua Green Lemon Vitamin C Blemish Serum 20ml - FACECORNER<\/title>\n<meta name=\"robots\" content=\"index, follow, max-snippet:-1, max-image-preview:large, max-video-preview:-1\" \/>\n<link rel=\"canonical\" href=\"https:\/\/www.facecorner.lv\/lv\/shop\/anua-green-lemon-vitamin-c-blemish-serum-20ml\/\" \/>\n<meta property=\"og:locale\" content=\"lv_LV\" \/>\n<meta property=\"og:type\" content=\"article\" \/>\n<meta property=\"og:title\" content=\"Anua Green Lemon Vitamin C Blemish Serum 20ml - FACECORNER\" \/>\n<meta property=\"og:description\" content=\"Serumam uz za\u013c\u0101 citrona (56%) un C vitam\u012bna (20%) b\u0101zes ir augst\u0101ka caurlaid\u012bba un tas izl\u012bdzina \u0101das toni. Serums satur kapsulas, kas sast\u0101v no pantenola, glutationa un bisabolola, kas caur \u0101das barjeru pal\u012bdz pieg\u0101d\u0101t C vitam\u012bnu \u0101das iek\u0161\u0113jiem sl\u0101\u0146iem. E vitam\u012bns un ferul\u012bnsk\u0101be atvieglo redzamo pigment\u0101ciju un pal\u012bdz c\u012bn\u012bties ar izsitumiem. Alfa-bisabololam un adenoz\u012bnam piem\u012bt [&hellip;]\" \/>\n<meta property=\"og:url\" content=\"https:\/\/www.facecorner.lv\/lv\/shop\/anua-green-lemon-vitamin-c-blemish-serum-20ml\/\" \/>\n<meta property=\"og:site_name\" content=\"FACECORNER\" \/>\n<meta property=\"article:publisher\" content=\"https:\/\/www.facebook.com\/profile.php?id=100063824551839\" \/>\n<meta property=\"article:modified_time\" content=\"2026-03-13T13:02:41+00:00\" \/>\n<meta property=\"og:image\" content=\"https:\/\/www.facecorner.lv\/wp-content\/uploads\/2023\/11\/anua-ampoule-serum-green-lemon-vitamin-c-blemish-serum-20ml-41202754748694.webp\" \/>\n\t<meta property=\"og:image:width\" content=\"1000\" \/>\n\t<meta property=\"og:image:height\" content=\"1000\" \/>\n\t<meta property=\"og:image:type\" content=\"image\/webp\" \/>\n<meta name=\"twitter:card\" content=\"summary_large_image\" \/>\n<meta name=\"twitter:label1\" content=\"Price\" \/>\n\t<meta name=\"twitter:data1\" content=\"&euro;29.80\" \/>\n\t<meta name=\"twitter:label2\" content=\"Availability\" \/>\n\t<meta name=\"twitter:data2\" content=\"In stock\" \/>\n<script type=\"application\/ld+json\" class=\"yoast-schema-graph\">{\"@context\":\"https:\\\/\\\/schema.org\",\"@graph\":[{\"@type\":\"WebPage\",\"@id\":\"https:\\\/\\\/www.facecorner.lv\\\/shop\\\/anua-green-lemon-vitamin-c-blemish-serum-20ml\\\/\",\"url\":\"https:\\\/\\\/www.facecorner.lv\\\/shop\\\/anua-green-lemon-vitamin-c-blemish-serum-20ml\\\/\",\"name\":\"Anua Green Lemon Vitamin C Blemish Serum 20ml - FACECORNER\",\"isPartOf\":{\"@id\":\"https:\\\/\\\/www.facecorner.lv\\\/#website\"},\"primaryImageOfPage\":{\"@id\":\"https:\\\/\\\/www.facecorner.lv\\\/shop\\\/anua-green-lemon-vitamin-c-blemish-serum-20ml\\\/#primaryimage\"},\"image\":{\"@id\":\"https:\\\/\\\/www.facecorner.lv\\\/shop\\\/anua-green-lemon-vitamin-c-blemish-serum-20ml\\\/#primaryimage\"},\"thumbnailUrl\":\"https:\\\/\\\/www.facecorner.lv\\\/wp-content\\\/uploads\\\/2023\\\/11\\\/anua-ampoule-serum-green-lemon-vitamin-c-blemish-serum-20ml-41202754748694.webp\",\"datePublished\":\"2023-11-07T12:04:30+00:00\",\"dateModified\":\"2026-03-13T13:02:41+00:00\",\"breadcrumb\":{\"@id\":\"https:\\\/\\\/www.facecorner.lv\\\/shop\\\/anua-green-lemon-vitamin-c-blemish-serum-20ml\\\/#breadcrumb\"},\"inLanguage\":\"lv-LV\",\"potentialAction\":[{\"@type\":\"ReadAction\",\"target\":[\"https:\\\/\\\/www.facecorner.lv\\\/shop\\\/anua-green-lemon-vitamin-c-blemish-serum-20ml\\\/\"]}]},{\"@type\":\"ImageObject\",\"inLanguage\":\"lv-LV\",\"@id\":\"https:\\\/\\\/www.facecorner.lv\\\/shop\\\/anua-green-lemon-vitamin-c-blemish-serum-20ml\\\/#primaryimage\",\"url\":\"https:\\\/\\\/www.facecorner.lv\\\/wp-content\\\/uploads\\\/2023\\\/11\\\/anua-ampoule-serum-green-lemon-vitamin-c-blemish-serum-20ml-41202754748694.webp\",\"contentUrl\":\"https:\\\/\\\/www.facecorner.lv\\\/wp-content\\\/uploads\\\/2023\\\/11\\\/anua-ampoule-serum-green-lemon-vitamin-c-blemish-serum-20ml-41202754748694.webp\",\"width\":1000,\"height\":1000},{\"@type\":\"BreadcrumbList\",\"@id\":\"https:\\\/\\\/www.facecorner.lv\\\/shop\\\/anua-green-lemon-vitamin-c-blemish-serum-20ml\\\/#breadcrumb\",\"itemListElement\":[{\"@type\":\"ListItem\",\"position\":1,\"name\":\"Home\",\"item\":\"https:\\\/\\\/www.facecorner.lv\\\/\"},{\"@type\":\"ListItem\",\"position\":2,\"name\":\"Veikals\",\"item\":\"https:\\\/\\\/www.facecorner.lv\\\/shop\\\/\"},{\"@type\":\"ListItem\",\"position\":3,\"name\":\"Anua Green Lemon Vitamin C Blemish Serum 20ml\"}]},{\"@type\":\"WebSite\",\"@id\":\"https:\\\/\\\/www.facecorner.lv\\\/#website\",\"url\":\"https:\\\/\\\/www.facecorner.lv\\\/\",\"name\":\"Facecorner\",\"description\":\"\",\"publisher\":{\"@id\":\"https:\\\/\\\/www.facecorner.lv\\\/#organization\"},\"potentialAction\":[{\"@type\":\"SearchAction\",\"target\":{\"@type\":\"EntryPoint\",\"urlTemplate\":\"https:\\\/\\\/www.facecorner.lv\\\/?s={search_term_string}\"},\"query-input\":{\"@type\":\"PropertyValueSpecification\",\"valueRequired\":true,\"valueName\":\"search_term_string\"}}],\"inLanguage\":\"lv-LV\"},{\"@type\":\"Organization\",\"@id\":\"https:\\\/\\\/www.facecorner.lv\\\/#organization\",\"name\":\"Facecorner\",\"url\":\"https:\\\/\\\/www.facecorner.lv\\\/\",\"logo\":{\"@type\":\"ImageObject\",\"inLanguage\":\"lv-LV\",\"@id\":\"https:\\\/\\\/www.facecorner.lv\\\/#\\\/schema\\\/logo\\\/image\\\/\",\"url\":\"https:\\\/\\\/www.facecorner.lv\\\/wp-content\\\/uploads\\\/2024\\\/04\\\/fc-logo.jpg\",\"contentUrl\":\"https:\\\/\\\/www.facecorner.lv\\\/wp-content\\\/uploads\\\/2024\\\/04\\\/fc-logo.jpg\",\"width\":174,\"height\":28,\"caption\":\"Facecorner\"},\"image\":{\"@id\":\"https:\\\/\\\/www.facecorner.lv\\\/#\\\/schema\\\/logo\\\/image\\\/\"},\"sameAs\":[\"https:\\\/\\\/www.facebook.com\\\/profile.php?id=100063824551839\",\"https:\\\/\\\/www.instagram.com\\\/facecorner_shop\\\/\"]}]}<\/script>\n<meta property=\"product:price:amount\" content=\"29.80\" \/>\n<meta property=\"product:price:currency\" content=\"EUR\" \/>\n<meta property=\"og:availability\" content=\"instock\" \/>\n<meta property=\"product:availability\" content=\"instock\" \/>\n<meta property=\"product:condition\" content=\"new\" \/>\n<!-- \/ Yoast SEO plugin. -->","yoast_head_json":{"title":"Anua Green Lemon Vitamin C Blemish Serum 20ml - FACECORNER","robots":{"index":"index","follow":"follow","max-snippet":"max-snippet:-1","max-image-preview":"max-image-preview:large","max-video-preview":"max-video-preview:-1"},"canonical":"https:\/\/www.facecorner.lv\/lv\/shop\/anua-green-lemon-vitamin-c-blemish-serum-20ml\/","og_locale":"lv_LV","og_type":"article","og_title":"Anua Green Lemon Vitamin C Blemish Serum 20ml - FACECORNER","og_description":"Serumam uz za\u013c\u0101 citrona (56%) un C vitam\u012bna (20%) b\u0101zes ir augst\u0101ka caurlaid\u012bba un tas izl\u012bdzina \u0101das toni. Serums satur kapsulas, kas sast\u0101v no pantenola, glutationa un bisabolola, kas caur \u0101das barjeru pal\u012bdz pieg\u0101d\u0101t C vitam\u012bnu \u0101das iek\u0161\u0113jiem sl\u0101\u0146iem. E vitam\u012bns un ferul\u012bnsk\u0101be atvieglo redzamo pigment\u0101ciju un pal\u012bdz c\u012bn\u012bties ar izsitumiem. Alfa-bisabololam un adenoz\u012bnam piem\u012bt [&hellip;]","og_url":"https:\/\/www.facecorner.lv\/lv\/shop\/anua-green-lemon-vitamin-c-blemish-serum-20ml\/","og_site_name":"FACECORNER","article_publisher":"https:\/\/www.facebook.com\/profile.php?id=100063824551839","article_modified_time":"2026-03-13T13:02:41+00:00","og_image":[{"width":1000,"height":1000,"url":"https:\/\/www.facecorner.lv\/wp-content\/uploads\/2023\/11\/anua-ampoule-serum-green-lemon-vitamin-c-blemish-serum-20ml-41202754748694.webp","type":"image\/webp"}],"twitter_card":"summary_large_image","twitter_misc":{"Price":"&euro;29.80","Availability":"In stock"},"schema":{"@context":"https:\/\/schema.org","@graph":[{"@type":"WebPage","@id":"https:\/\/www.facecorner.lv\/shop\/anua-green-lemon-vitamin-c-blemish-serum-20ml\/","url":"https:\/\/www.facecorner.lv\/shop\/anua-green-lemon-vitamin-c-blemish-serum-20ml\/","name":"Anua Green Lemon Vitamin C Blemish Serum 20ml - FACECORNER","isPartOf":{"@id":"https:\/\/www.facecorner.lv\/#website"},"primaryImageOfPage":{"@id":"https:\/\/www.facecorner.lv\/shop\/anua-green-lemon-vitamin-c-blemish-serum-20ml\/#primaryimage"},"image":{"@id":"https:\/\/www.facecorner.lv\/shop\/anua-green-lemon-vitamin-c-blemish-serum-20ml\/#primaryimage"},"thumbnailUrl":"https:\/\/www.facecorner.lv\/wp-content\/uploads\/2023\/11\/anua-ampoule-serum-green-lemon-vitamin-c-blemish-serum-20ml-41202754748694.webp","datePublished":"2023-11-07T12:04:30+00:00","dateModified":"2026-03-13T13:02:41+00:00","breadcrumb":{"@id":"https:\/\/www.facecorner.lv\/shop\/anua-green-lemon-vitamin-c-blemish-serum-20ml\/#breadcrumb"},"inLanguage":"lv-LV","potentialAction":[{"@type":"ReadAction","target":["https:\/\/www.facecorner.lv\/shop\/anua-green-lemon-vitamin-c-blemish-serum-20ml\/"]}]},{"@type":"ImageObject","inLanguage":"lv-LV","@id":"https:\/\/www.facecorner.lv\/shop\/anua-green-lemon-vitamin-c-blemish-serum-20ml\/#primaryimage","url":"https:\/\/www.facecorner.lv\/wp-content\/uploads\/2023\/11\/anua-ampoule-serum-green-lemon-vitamin-c-blemish-serum-20ml-41202754748694.webp","contentUrl":"https:\/\/www.facecorner.lv\/wp-content\/uploads\/2023\/11\/anua-ampoule-serum-green-lemon-vitamin-c-blemish-serum-20ml-41202754748694.webp","width":1000,"height":1000},{"@type":"BreadcrumbList","@id":"https:\/\/www.facecorner.lv\/shop\/anua-green-lemon-vitamin-c-blemish-serum-20ml\/#breadcrumb","itemListElement":[{"@type":"ListItem","position":1,"name":"Home","item":"https:\/\/www.facecorner.lv\/"},{"@type":"ListItem","position":2,"name":"Veikals","item":"https:\/\/www.facecorner.lv\/shop\/"},{"@type":"ListItem","position":3,"name":"Anua Green Lemon Vitamin C Blemish Serum 20ml"}]},{"@type":"WebSite","@id":"https:\/\/www.facecorner.lv\/#website","url":"https:\/\/www.facecorner.lv\/","name":"Facecorner","description":"","publisher":{"@id":"https:\/\/www.facecorner.lv\/#organization"},"potentialAction":[{"@type":"SearchAction","target":{"@type":"EntryPoint","urlTemplate":"https:\/\/www.facecorner.lv\/?s={search_term_string}"},"query-input":{"@type":"PropertyValueSpecification","valueRequired":true,"valueName":"search_term_string"}}],"inLanguage":"lv-LV"},{"@type":"Organization","@id":"https:\/\/www.facecorner.lv\/#organization","name":"Facecorner","url":"https:\/\/www.facecorner.lv\/","logo":{"@type":"ImageObject","inLanguage":"lv-LV","@id":"https:\/\/www.facecorner.lv\/#\/schema\/logo\/image\/","url":"https:\/\/www.facecorner.lv\/wp-content\/uploads\/2024\/04\/fc-logo.jpg","contentUrl":"https:\/\/www.facecorner.lv\/wp-content\/uploads\/2024\/04\/fc-logo.jpg","width":174,"height":28,"caption":"Facecorner"},"image":{"@id":"https:\/\/www.facecorner.lv\/#\/schema\/logo\/image\/"},"sameAs":["https:\/\/www.facebook.com\/profile.php?id=100063824551839","https:\/\/www.instagram.com\/facecorner_shop\/"]}]},"product_price_amount":"29.80","product_price_currency":"EUR","og_availability":"instock","product_availability":"instock","product_condition":"new"},"_links":{"self":[{"href":"https:\/\/www.facecorner.lv\/lv\/wp-json\/wp\/v2\/product\/12829","targetHints":{"allow":["GET"]}}],"collection":[{"href":"https:\/\/www.facecorner.lv\/lv\/wp-json\/wp\/v2\/product"}],"about":[{"href":"https:\/\/www.facecorner.lv\/lv\/wp-json\/wp\/v2\/types\/product"}],"replies":[{"embeddable":true,"href":"https:\/\/www.facecorner.lv\/lv\/wp-json\/wp\/v2\/comments?post=12829"}],"wp:featuredmedia":[{"embeddable":true,"href":"https:\/\/www.facecorner.lv\/lv\/wp-json\/wp\/v2\/media\/12831"}],"wp:attachment":[{"href":"https:\/\/www.facecorner.lv\/lv\/wp-json\/wp\/v2\/media?parent=12829"}],"wp:term":[{"taxonomy":"product_brand","embeddable":true,"href":"https:\/\/www.facecorner.lv\/lv\/wp-json\/wp\/v2\/product_brand?post=12829"},{"taxonomy":"product_cat","embeddable":true,"href":"https:\/\/www.facecorner.lv\/lv\/wp-json\/wp\/v2\/product_cat?post=12829"},{"taxonomy":"product_tag","embeddable":true,"href":"https:\/\/www.facecorner.lv\/lv\/wp-json\/wp\/v2\/product_tag?post=12829"},{"taxonomy":"berocket_brand","embeddable":true,"href":"https:\/\/www.facecorner.lv\/lv\/wp-json\/wp\/v2\/berocket_brand?post=12829"}],"curies":[{"name":"wp","href":"https:\/\/api.w.org\/{rel}","templated":true}]}}