{"id":12825,"date":"2023-11-07T13:52:42","date_gmt":"2023-11-07T11:52:42","guid":{"rendered":"https:\/\/www.facecorner.lv\/?post_type=product&#038;p=12825"},"modified":"2025-12-29T18:31:34","modified_gmt":"2025-12-29T15:31:34","slug":"anua-heartleaf-77-soothing-toner-250ml","status":"publish","type":"product","link":"https:\/\/www.facecorner.lv\/lv\/shop\/anua-heartleaf-77-soothing-toner-250ml\/","title":{"rendered":"ANUA Heartleaf 77% Soothing Toner 250ml"},"content":{"rendered":"<p>Nomierino\u0161s sejas toniks ar hauttuynia ekstraktu nodro\u0161ina \u0113rtu dzi\u013cu \u0101das mitrin\u0101\u0161anu, nov\u0113r\u0161ot aps\u0101rtumu un kairin\u0101jumu, k\u0101 ar\u012b \u0101rst\u0113 iekaisumu.<\/p>\n<p><strong>Priek\u0161roc\u012bbas:<\/strong><\/p>\n<ul>\n<li>Dzi\u013ci mitrina un m\u012bkstina \u0101du, nov\u0113r\u0161ot sausumu un dehidrat\u0101ciju, nov\u0113r\u0161ot mitruma zudumu un atjaunojot t\u0101s l\u012bdzsvaru p\u0113c mazg\u0101\u0161anas.<\/li>\n<li>Akt\u012bvi nomierina \u0101du, piem\u012bt intens\u012bva pretiekaisuma iedarb\u012bba, nov\u0113r\u0161 aps\u0101rtumu, kairin\u0101jumu un izsitumus.<\/li>\n<li>Maigi noloba un regul\u0113 tauku dziedzeru darb\u012bbu, nov\u0113r\u0161ot taukainu sp\u012bdumu un papla\u0161in\u0101tas poras.<\/li>\n<\/ul>\n<p><strong>Galven\u0101s sast\u0101vda\u013cas:<\/strong><\/p>\n<ul>\n<li>Houttuynia cordata ekstrakts nodro\u0161ina akt\u012bvu nomierino\u0161u un pretiekaisuma iedarb\u012bbu, mazinot aps\u0101rtumu un likvid\u0113jot izsitumus.<\/li>\n<li>Beta\u012bns dzi\u013ci mitrina \u0101du, stiprina \u0101das aizsargfunkciju, iedarbojas m\u012bkstino\u0161i un stiprina \u0161\u016bnu membr\u0101nas.<\/li>\n<li>Pantenolam piem\u012bt nomierino\u0161a un atjaunojo\u0161a iedarb\u012bba, mazina aps\u0101rtumu un kairin\u0101jumu, k\u0101 ar\u012b samazina \u0101das jut\u012bgumu.<\/li>\n<li>Cukurniedru ekstrakts maigi atjauno epidermas \u0161\u016bnas, pal\u012bdz izl\u012bdzin\u0101t \u0101das tekst\u016bru un uzlabo akt\u012bvo komponentu iek\u013c\u016b\u0161anu.<\/li>\n<li>Portulaka ekstrakts mazina iekaisumu, nomierina \u0101du un samazina t\u0101s jut\u012bgumu, k\u0101 ar\u012b regul\u0113 tauku dziedzeru darb\u012bbu.<\/li>\n<li>Kumel\u012b\u0161u ekstraktam piem\u012bt pretiekaisuma, antibakteri\u0101las un nomierino\u0161as \u012bpa\u0161\u012bbas, pal\u012bdz uzlabot mikrocirkul\u0101ciju.<\/li>\n<li>V\u012bnogu ekstraktam piem\u012bt pigmentu sa\u0161aurino\u0161a un sebumu regul\u0113jo\u0161a iedarb\u012bba.<\/li>\n<li>\u0100bolu ekstraktam piem\u012bt viegla p\u012blinga, pigmentu sa\u0161aurino\u0161a un antioksidanta iedarb\u012bba.<\/li>\n<li>\u0100zijas centella akt\u012bvi nomierina \u0101du, mazina aps\u0101rtumu un kairin\u0101jumu, samazina jut\u012bgumu un tai ir m\u012bkstino\u0161a iedarb\u012bba.<\/li>\n<\/ul>\n<p><strong>Lieto\u0161ana :<\/strong> K\u0101 pirmo kop\u0161anas posmu uzkl\u0101jiet nepiecie\u0161amo produkta daudzumu uz att\u012br\u012btas sejas \u0101das, izmantojot vates disku vai plaukstas, izkl\u0101jiet l\u012bdz piln\u012bgai uzs\u016bk\u0161an\u0101s, tad p\u0101rejiet pie atliku\u0161ajiem kop\u0161anas posmiem.<\/p>\n<p><strong>S\u0101stavs:\u00a0<\/strong>Guttuinia Cordata Extract (77%), Water, 1,2-Hexanediol, Glycerin, Betaine, Panthenol, Sugarcane Extract, Purslane Extract, Butylene Glycol, Witkes Sacred Extract, Chamomile Flower Extract, Burdock Root Extract, Sanghwan Mushroom Extract, Grape Extract, apple extract, centella asiatica extract, isopentyldaol, methylpropanediol, cross-polymer acrylate\/C10-30 alkyl acrylate, tromethamine, disodium EDTA<\/p>\n","protected":false},"excerpt":{"rendered":"<p>Nomierino\u0161s sejas toniks ar hauttuynia ekstraktu nodro\u0161ina \u0113rtu dzi\u013cu \u0101das mitrin\u0101\u0161anu, nov\u0113r\u0161ot aps\u0101rtumu un kairin\u0101jumu, k\u0101 ar\u012b \u0101rst\u0113 iekaisumu. Priek\u0161roc\u012bbas: Dzi\u013ci mitrina un m\u012bkstina \u0101du, nov\u0113r\u0161ot sausumu un dehidrat\u0101ciju, nov\u0113r\u0161ot mitruma zudumu un atjaunojot t\u0101s l\u012bdzsvaru p\u0113c mazg\u0101\u0161anas. Akt\u012bvi nomierina \u0101du, piem\u012bt intens\u012bva pretiekaisuma iedarb\u012bba, nov\u0113r\u0161 aps\u0101rtumu, kairin\u0101jumu un izsitumus. Maigi noloba un regul\u0113 tauku [&hellip;]<\/p>\n","protected":false},"featured_media":22290,"comment_status":"open","ping_status":"closed","template":"","meta":{"site-sidebar-layout":"default","site-content-layout":"","ast-site-content-layout":"default","site-content-style":"default","site-sidebar-style":"default","ast-global-header-display":"","ast-banner-title-visibility":"","ast-main-header-display":"","ast-hfb-above-header-display":"","ast-hfb-below-header-display":"","ast-hfb-mobile-header-display":"","site-post-title":"","ast-breadcrumbs-content":"","ast-featured-img":"","footer-sml-layout":"","theme-transparent-header-meta":"default","adv-header-id-meta":"","stick-header-meta":"","header-above-stick-meta":"","header-main-stick-meta":"","header-below-stick-meta":"","astra-migrate-meta-layouts":"set","ast-page-background-enabled":"default","ast-page-background-meta":{"desktop":{"background-color":"var(--ast-global-color-4)","background-image":"","background-repeat":"repeat","background-position":"center center","background-size":"auto","background-attachment":"scroll","background-type":"","background-media":"","overlay-type":"","overlay-color":"","overlay-opacity":"","overlay-gradient":""},"tablet":{"background-color":"","background-image":"","background-repeat":"repeat","background-position":"center center","background-size":"auto","background-attachment":"scroll","background-type":"","background-media":"","overlay-type":"","overlay-color":"","overlay-opacity":"","overlay-gradient":""},"mobile":{"background-color":"","background-image":"","background-repeat":"repeat","background-position":"center center","background-size":"auto","background-attachment":"scroll","background-type":"","background-media":"","overlay-type":"","overlay-color":"","overlay-opacity":"","overlay-gradient":""}},"ast-content-background-meta":{"desktop":{"background-color":"var(--ast-global-color-5)","background-image":"","background-repeat":"repeat","background-position":"center center","background-size":"auto","background-attachment":"scroll","background-type":"","background-media":"","overlay-type":"","overlay-color":"","overlay-opacity":"","overlay-gradient":""},"tablet":{"background-color":"var(--ast-global-color-5)","background-image":"","background-repeat":"repeat","background-position":"center center","background-size":"auto","background-attachment":"scroll","background-type":"","background-media":"","overlay-type":"","overlay-color":"","overlay-opacity":"","overlay-gradient":""},"mobile":{"background-color":"var(--ast-global-color-5)","background-image":"","background-repeat":"repeat","background-position":"center center","background-size":"auto","background-attachment":"scroll","background-type":"","background-media":"","overlay-type":"","overlay-color":"","overlay-opacity":"","overlay-gradient":""}}},"product_brand":[],"product_cat":[511,364],"product_tag":[],"berocket_brand":[575],"class_list":{"0":"post-12825","1":"product","2":"type-product","3":"status-publish","4":"has-post-thumbnail","6":"product_cat-atlaides","7":"product_cat-toneri","8":"berocket_brand-anua","9":"desktop-align-left","10":"tablet-align-left","11":"mobile-align-left","13":"first","14":"outofstock","15":"sale","16":"taxable","17":"shipping-taxable","18":"purchasable","19":"product-type-simple","20":"add-to-wishlist-before_image"},"yoast_head":"<!-- This site is optimized with the Yoast SEO plugin v27.4 - https:\/\/yoast.com\/product\/yoast-seo-wordpress\/ -->\n<title>ANUA Heartleaf 77% Soothing Toner 250ml - FACECORNER<\/title>\n<meta name=\"robots\" content=\"index, follow, max-snippet:-1, max-image-preview:large, max-video-preview:-1\" \/>\n<link rel=\"canonical\" href=\"https:\/\/www.facecorner.lv\/lv\/shop\/anua-heartleaf-77-soothing-toner-250ml\/\" \/>\n<meta property=\"og:locale\" content=\"lv_LV\" \/>\n<meta property=\"og:type\" content=\"article\" \/>\n<meta property=\"og:title\" content=\"ANUA Heartleaf 77% Soothing Toner 250ml - FACECORNER\" \/>\n<meta property=\"og:description\" content=\"Nomierino\u0161s sejas toniks ar hauttuynia ekstraktu nodro\u0161ina \u0113rtu dzi\u013cu \u0101das mitrin\u0101\u0161anu, nov\u0113r\u0161ot aps\u0101rtumu un kairin\u0101jumu, k\u0101 ar\u012b \u0101rst\u0113 iekaisumu. Priek\u0161roc\u012bbas: Dzi\u013ci mitrina un m\u012bkstina \u0101du, nov\u0113r\u0161ot sausumu un dehidrat\u0101ciju, nov\u0113r\u0161ot mitruma zudumu un atjaunojot t\u0101s l\u012bdzsvaru p\u0113c mazg\u0101\u0161anas. Akt\u012bvi nomierina \u0101du, piem\u012bt intens\u012bva pretiekaisuma iedarb\u012bba, nov\u0113r\u0161 aps\u0101rtumu, kairin\u0101jumu un izsitumus. Maigi noloba un regul\u0113 tauku [&hellip;]\" \/>\n<meta property=\"og:url\" content=\"https:\/\/www.facecorner.lv\/lv\/shop\/anua-heartleaf-77-soothing-toner-250ml\/\" \/>\n<meta property=\"og:site_name\" content=\"FACECORNER\" \/>\n<meta property=\"article:publisher\" content=\"https:\/\/www.facebook.com\/profile.php?id=100063824551839\" \/>\n<meta property=\"article:modified_time\" content=\"2025-12-29T15:31:34+00:00\" \/>\n<meta property=\"og:image\" content=\"https:\/\/www.facecorner.lv\/wp-content\/uploads\/2023\/11\/AnuaHeartleaf77_SoothingToner.webp\" \/>\n\t<meta property=\"og:image:width\" content=\"950\" \/>\n\t<meta property=\"og:image:height\" content=\"950\" \/>\n\t<meta property=\"og:image:type\" content=\"image\/webp\" \/>\n<meta name=\"twitter:card\" content=\"summary_large_image\" \/>\n<meta name=\"twitter:label1\" content=\"Price\" \/>\n\t<meta name=\"twitter:data1\" content=\"&euro;19.99\" \/>\n\t<meta name=\"twitter:label2\" content=\"Availability\" \/>\n\t<meta name=\"twitter:data2\" content=\"Out of stock\" \/>\n<script type=\"application\/ld+json\" class=\"yoast-schema-graph\">{\"@context\":\"https:\\\/\\\/schema.org\",\"@graph\":[{\"@type\":\"WebPage\",\"@id\":\"https:\\\/\\\/www.facecorner.lv\\\/shop\\\/anua-heartleaf-77-soothing-toner-250ml\\\/\",\"url\":\"https:\\\/\\\/www.facecorner.lv\\\/shop\\\/anua-heartleaf-77-soothing-toner-250ml\\\/\",\"name\":\"ANUA Heartleaf 77% Soothing Toner 250ml - FACECORNER\",\"isPartOf\":{\"@id\":\"https:\\\/\\\/www.facecorner.lv\\\/#website\"},\"primaryImageOfPage\":{\"@id\":\"https:\\\/\\\/www.facecorner.lv\\\/shop\\\/anua-heartleaf-77-soothing-toner-250ml\\\/#primaryimage\"},\"image\":{\"@id\":\"https:\\\/\\\/www.facecorner.lv\\\/shop\\\/anua-heartleaf-77-soothing-toner-250ml\\\/#primaryimage\"},\"thumbnailUrl\":\"https:\\\/\\\/www.facecorner.lv\\\/wp-content\\\/uploads\\\/2023\\\/11\\\/AnuaHeartleaf77_SoothingToner.webp\",\"datePublished\":\"2023-11-07T11:52:42+00:00\",\"dateModified\":\"2025-12-29T15:31:34+00:00\",\"breadcrumb\":{\"@id\":\"https:\\\/\\\/www.facecorner.lv\\\/shop\\\/anua-heartleaf-77-soothing-toner-250ml\\\/#breadcrumb\"},\"inLanguage\":\"lv-LV\",\"potentialAction\":[{\"@type\":\"ReadAction\",\"target\":[\"https:\\\/\\\/www.facecorner.lv\\\/shop\\\/anua-heartleaf-77-soothing-toner-250ml\\\/\"]}]},{\"@type\":\"ImageObject\",\"inLanguage\":\"lv-LV\",\"@id\":\"https:\\\/\\\/www.facecorner.lv\\\/shop\\\/anua-heartleaf-77-soothing-toner-250ml\\\/#primaryimage\",\"url\":\"https:\\\/\\\/www.facecorner.lv\\\/wp-content\\\/uploads\\\/2023\\\/11\\\/AnuaHeartleaf77_SoothingToner.webp\",\"contentUrl\":\"https:\\\/\\\/www.facecorner.lv\\\/wp-content\\\/uploads\\\/2023\\\/11\\\/AnuaHeartleaf77_SoothingToner.webp\",\"width\":950,\"height\":950},{\"@type\":\"BreadcrumbList\",\"@id\":\"https:\\\/\\\/www.facecorner.lv\\\/shop\\\/anua-heartleaf-77-soothing-toner-250ml\\\/#breadcrumb\",\"itemListElement\":[{\"@type\":\"ListItem\",\"position\":1,\"name\":\"Home\",\"item\":\"https:\\\/\\\/www.facecorner.lv\\\/\"},{\"@type\":\"ListItem\",\"position\":2,\"name\":\"Veikals\",\"item\":\"https:\\\/\\\/www.facecorner.lv\\\/shop\\\/\"},{\"@type\":\"ListItem\",\"position\":3,\"name\":\"ANUA Heartleaf 77% Soothing Toner 250ml\"}]},{\"@type\":\"WebSite\",\"@id\":\"https:\\\/\\\/www.facecorner.lv\\\/#website\",\"url\":\"https:\\\/\\\/www.facecorner.lv\\\/\",\"name\":\"Facecorner\",\"description\":\"\",\"publisher\":{\"@id\":\"https:\\\/\\\/www.facecorner.lv\\\/#organization\"},\"potentialAction\":[{\"@type\":\"SearchAction\",\"target\":{\"@type\":\"EntryPoint\",\"urlTemplate\":\"https:\\\/\\\/www.facecorner.lv\\\/?s={search_term_string}\"},\"query-input\":{\"@type\":\"PropertyValueSpecification\",\"valueRequired\":true,\"valueName\":\"search_term_string\"}}],\"inLanguage\":\"lv-LV\"},{\"@type\":\"Organization\",\"@id\":\"https:\\\/\\\/www.facecorner.lv\\\/#organization\",\"name\":\"Facecorner\",\"url\":\"https:\\\/\\\/www.facecorner.lv\\\/\",\"logo\":{\"@type\":\"ImageObject\",\"inLanguage\":\"lv-LV\",\"@id\":\"https:\\\/\\\/www.facecorner.lv\\\/#\\\/schema\\\/logo\\\/image\\\/\",\"url\":\"https:\\\/\\\/www.facecorner.lv\\\/wp-content\\\/uploads\\\/2024\\\/04\\\/fc-logo.jpg\",\"contentUrl\":\"https:\\\/\\\/www.facecorner.lv\\\/wp-content\\\/uploads\\\/2024\\\/04\\\/fc-logo.jpg\",\"width\":174,\"height\":28,\"caption\":\"Facecorner\"},\"image\":{\"@id\":\"https:\\\/\\\/www.facecorner.lv\\\/#\\\/schema\\\/logo\\\/image\\\/\"},\"sameAs\":[\"https:\\\/\\\/www.facebook.com\\\/profile.php?id=100063824551839\",\"https:\\\/\\\/www.instagram.com\\\/facecorner_shop\\\/\"]}]}<\/script>\n<meta property=\"product:price:amount\" content=\"19.99\" \/>\n<meta property=\"product:price:currency\" content=\"EUR\" \/>\n<meta property=\"og:availability\" content=\"out of stock\" \/>\n<meta property=\"product:availability\" content=\"out of stock\" \/>\n<meta property=\"product:condition\" content=\"new\" \/>\n<!-- \/ Yoast SEO plugin. -->","yoast_head_json":{"title":"ANUA Heartleaf 77% Soothing Toner 250ml - FACECORNER","robots":{"index":"index","follow":"follow","max-snippet":"max-snippet:-1","max-image-preview":"max-image-preview:large","max-video-preview":"max-video-preview:-1"},"canonical":"https:\/\/www.facecorner.lv\/lv\/shop\/anua-heartleaf-77-soothing-toner-250ml\/","og_locale":"lv_LV","og_type":"article","og_title":"ANUA Heartleaf 77% Soothing Toner 250ml - FACECORNER","og_description":"Nomierino\u0161s sejas toniks ar hauttuynia ekstraktu nodro\u0161ina \u0113rtu dzi\u013cu \u0101das mitrin\u0101\u0161anu, nov\u0113r\u0161ot aps\u0101rtumu un kairin\u0101jumu, k\u0101 ar\u012b \u0101rst\u0113 iekaisumu. Priek\u0161roc\u012bbas: Dzi\u013ci mitrina un m\u012bkstina \u0101du, nov\u0113r\u0161ot sausumu un dehidrat\u0101ciju, nov\u0113r\u0161ot mitruma zudumu un atjaunojot t\u0101s l\u012bdzsvaru p\u0113c mazg\u0101\u0161anas. Akt\u012bvi nomierina \u0101du, piem\u012bt intens\u012bva pretiekaisuma iedarb\u012bba, nov\u0113r\u0161 aps\u0101rtumu, kairin\u0101jumu un izsitumus. Maigi noloba un regul\u0113 tauku [&hellip;]","og_url":"https:\/\/www.facecorner.lv\/lv\/shop\/anua-heartleaf-77-soothing-toner-250ml\/","og_site_name":"FACECORNER","article_publisher":"https:\/\/www.facebook.com\/profile.php?id=100063824551839","article_modified_time":"2025-12-29T15:31:34+00:00","og_image":[{"width":950,"height":950,"url":"https:\/\/www.facecorner.lv\/wp-content\/uploads\/2023\/11\/AnuaHeartleaf77_SoothingToner.webp","type":"image\/webp"}],"twitter_card":"summary_large_image","twitter_misc":{"Price":"&euro;19.99","Availability":"Out of stock"},"schema":{"@context":"https:\/\/schema.org","@graph":[{"@type":"WebPage","@id":"https:\/\/www.facecorner.lv\/shop\/anua-heartleaf-77-soothing-toner-250ml\/","url":"https:\/\/www.facecorner.lv\/shop\/anua-heartleaf-77-soothing-toner-250ml\/","name":"ANUA Heartleaf 77% Soothing Toner 250ml - FACECORNER","isPartOf":{"@id":"https:\/\/www.facecorner.lv\/#website"},"primaryImageOfPage":{"@id":"https:\/\/www.facecorner.lv\/shop\/anua-heartleaf-77-soothing-toner-250ml\/#primaryimage"},"image":{"@id":"https:\/\/www.facecorner.lv\/shop\/anua-heartleaf-77-soothing-toner-250ml\/#primaryimage"},"thumbnailUrl":"https:\/\/www.facecorner.lv\/wp-content\/uploads\/2023\/11\/AnuaHeartleaf77_SoothingToner.webp","datePublished":"2023-11-07T11:52:42+00:00","dateModified":"2025-12-29T15:31:34+00:00","breadcrumb":{"@id":"https:\/\/www.facecorner.lv\/shop\/anua-heartleaf-77-soothing-toner-250ml\/#breadcrumb"},"inLanguage":"lv-LV","potentialAction":[{"@type":"ReadAction","target":["https:\/\/www.facecorner.lv\/shop\/anua-heartleaf-77-soothing-toner-250ml\/"]}]},{"@type":"ImageObject","inLanguage":"lv-LV","@id":"https:\/\/www.facecorner.lv\/shop\/anua-heartleaf-77-soothing-toner-250ml\/#primaryimage","url":"https:\/\/www.facecorner.lv\/wp-content\/uploads\/2023\/11\/AnuaHeartleaf77_SoothingToner.webp","contentUrl":"https:\/\/www.facecorner.lv\/wp-content\/uploads\/2023\/11\/AnuaHeartleaf77_SoothingToner.webp","width":950,"height":950},{"@type":"BreadcrumbList","@id":"https:\/\/www.facecorner.lv\/shop\/anua-heartleaf-77-soothing-toner-250ml\/#breadcrumb","itemListElement":[{"@type":"ListItem","position":1,"name":"Home","item":"https:\/\/www.facecorner.lv\/"},{"@type":"ListItem","position":2,"name":"Veikals","item":"https:\/\/www.facecorner.lv\/shop\/"},{"@type":"ListItem","position":3,"name":"ANUA Heartleaf 77% Soothing Toner 250ml"}]},{"@type":"WebSite","@id":"https:\/\/www.facecorner.lv\/#website","url":"https:\/\/www.facecorner.lv\/","name":"Facecorner","description":"","publisher":{"@id":"https:\/\/www.facecorner.lv\/#organization"},"potentialAction":[{"@type":"SearchAction","target":{"@type":"EntryPoint","urlTemplate":"https:\/\/www.facecorner.lv\/?s={search_term_string}"},"query-input":{"@type":"PropertyValueSpecification","valueRequired":true,"valueName":"search_term_string"}}],"inLanguage":"lv-LV"},{"@type":"Organization","@id":"https:\/\/www.facecorner.lv\/#organization","name":"Facecorner","url":"https:\/\/www.facecorner.lv\/","logo":{"@type":"ImageObject","inLanguage":"lv-LV","@id":"https:\/\/www.facecorner.lv\/#\/schema\/logo\/image\/","url":"https:\/\/www.facecorner.lv\/wp-content\/uploads\/2024\/04\/fc-logo.jpg","contentUrl":"https:\/\/www.facecorner.lv\/wp-content\/uploads\/2024\/04\/fc-logo.jpg","width":174,"height":28,"caption":"Facecorner"},"image":{"@id":"https:\/\/www.facecorner.lv\/#\/schema\/logo\/image\/"},"sameAs":["https:\/\/www.facebook.com\/profile.php?id=100063824551839","https:\/\/www.instagram.com\/facecorner_shop\/"]}]},"product_price_amount":"19.99","product_price_currency":"EUR","og_availability":"out of stock","product_availability":"out of stock","product_condition":"new"},"_links":{"self":[{"href":"https:\/\/www.facecorner.lv\/lv\/wp-json\/wp\/v2\/product\/12825","targetHints":{"allow":["GET"]}}],"collection":[{"href":"https:\/\/www.facecorner.lv\/lv\/wp-json\/wp\/v2\/product"}],"about":[{"href":"https:\/\/www.facecorner.lv\/lv\/wp-json\/wp\/v2\/types\/product"}],"replies":[{"embeddable":true,"href":"https:\/\/www.facecorner.lv\/lv\/wp-json\/wp\/v2\/comments?post=12825"}],"wp:featuredmedia":[{"embeddable":true,"href":"https:\/\/www.facecorner.lv\/lv\/wp-json\/wp\/v2\/media\/22290"}],"wp:attachment":[{"href":"https:\/\/www.facecorner.lv\/lv\/wp-json\/wp\/v2\/media?parent=12825"}],"wp:term":[{"taxonomy":"product_brand","embeddable":true,"href":"https:\/\/www.facecorner.lv\/lv\/wp-json\/wp\/v2\/product_brand?post=12825"},{"taxonomy":"product_cat","embeddable":true,"href":"https:\/\/www.facecorner.lv\/lv\/wp-json\/wp\/v2\/product_cat?post=12825"},{"taxonomy":"product_tag","embeddable":true,"href":"https:\/\/www.facecorner.lv\/lv\/wp-json\/wp\/v2\/product_tag?post=12825"},{"taxonomy":"berocket_brand","embeddable":true,"href":"https:\/\/www.facecorner.lv\/lv\/wp-json\/wp\/v2\/berocket_brand?post=12825"}],"curies":[{"name":"wp","href":"https:\/\/api.w.org\/{rel}","templated":true}]}}