{"id":12681,"date":"2023-10-24T16:35:06","date_gmt":"2023-10-24T14:35:06","guid":{"rendered":"https:\/\/www.facecorner.lv\/?post_type=product&#038;p=12681"},"modified":"2026-02-23T15:19:59","modified_gmt":"2026-02-23T12:19:59","slug":"k-secret-instant-relief-eye-gel-patches","status":"publish","type":"product","link":"https:\/\/www.facecorner.lv\/lv\/shop\/k-secret-instant-relief-eye-gel-patches\/","title":{"rendered":"K-Secret Instant Relief Eye Gel Patches"},"content":{"rendered":"<p>Korejas hidrog\u0113la pl\u0101ksteri K-SECRET Instant Relief Eye Gel Pl\u0101ksteri piet\u016bkumam ar kofe\u012bnu. Neparast\u0101kie un liel\u0101kie iel\u0101pi korejie\u0161u kosm\u0113tik\u0101. Pl\u0101ksteri ar kofe\u012bnu lieliski mazina piet\u016bkumu, nov\u0113r\u0161 noguruma paz\u012bmes un nomierina jut\u012bgu \u0101du.<\/p>\n<p>Esences sast\u0101v\u0101 eso\u0161ais kofe\u012bns ir ar\u012b sp\u0113c\u012bgs antioksidants, kura m\u0113r\u0137is ir samazin\u0101t m\u012bmikas grumbi\u0146as un pal\u0113nin\u0101t noveco\u0161an\u0101s procesu. Pl\u0101ksteriem piem\u012bt antioksidanta un pretiekaisuma iedarb\u012bba, pal\u012bdzot samazin\u0101t t\u016bsku zem ac\u012bm un pamodin\u0101t \u0101du, vienlaikus nodro\u0161inot t\u016bl\u012bt\u0113ju mitrin\u0101\u0161anu.<\/p>\n<p><strong>Galven\u0101s akt\u012bv\u0101s sast\u0101vda\u013cas:<\/strong><\/p>\n<ul>\n<li><strong>Niacinam\u012bds<\/strong> \u2013 pal\u012bdz stimul\u0113t kolag\u0113na sint\u0113zi un uzlabo \u0101das aizsargfunkcijas, m\u012bkstina, paaugstina \u0101das elast\u012bbu, mitrina, izl\u012bdzina \u0101das toni, nov\u0113r\u0161 ar vecumu saist\u012btu pigment\u0101ciju<\/li>\n<li><strong>Adenoz\u012bns<\/strong> ir sp\u0113c\u012bgs pretnoveco\u0161an\u0101s komponents, kas savelk \u0101du, kav\u0113 t\u0101s noveco\u0161anos, c\u012bn\u0101s ar m\u012bmikas l\u012bnij\u0101m un stimul\u0113 sava kolag\u0113na ra\u017eo\u0161anu.<\/li>\n<li><strong>Astaksant\u012bns \u2013<\/strong> c\u012bn\u0101s ar pigment\u0101ciju, \u0101das elast\u012bbas zudumu, piem\u012bt antibakteri\u0101las \u012bpa\u0161\u012bbas.<\/li>\n<\/ul>\n<p><strong>S\u0101stavs:\u00a0<\/strong><span style=\"color: var(--g5-color-text-main); font-family: var(--g5-body-font); font-size: var(--g5-body-font-size); font-style: var(--g5-body-font-style); letter-spacing: var(--g5-body-letter-spacing); text-transform: var(--g5-body-text-transform);\">Water, Glycerin, Carrageenan, Niacinamide, Butylene Glycol, Camellia Sinensis Leaf Extract, Hydrogenated Lecithin, Glycine Soja (Soybean) Sterols, Hydroxydecyl Ubiquinone, Astaxanthin, Resveratrol, Ubiquinone, Oleoyl Pine Bark Extract, Propanediol, Pentylene Glycol, Cocos Nucifera (Coconut) Fruit Extract, Pinus Sylvestris Leaf Extract, PEG-60 Hydrogenated Castor Oil, Ceratonia Siliqua (Carob) Gum, Sucrose, Potassium Chloride, Cyamopsis Tetragonoloba (Guar) Gum, Synthetic Fluorphlogopite, Tin Oxide, Titanium Dioxide, Calcium Chloride, Allantoin, Cellulose Gum, Caffeine, Sodium Hyaluronate, Calcium Lactate, Adenosine, Disodium EDTA, Dipotassium Glycyrrhizate, Arginine, Ricinus Communis (Castor) Seed Oil, Ethylhexylglycerin, Caprylyl Glycol, Ethyl Hexanediol, 1,2-Hexanediol, Chlorphenesin, Fragrance<\/span><\/p>\n","protected":false},"excerpt":{"rendered":"<p>Korejas hidrog\u0113la pl\u0101ksteri K-SECRET Instant Relief Eye Gel Pl\u0101ksteri piet\u016bkumam ar kofe\u012bnu. Neparast\u0101kie un liel\u0101kie iel\u0101pi korejie\u0161u kosm\u0113tik\u0101. Pl\u0101ksteri ar kofe\u012bnu lieliski mazina piet\u016bkumu, nov\u0113r\u0161 noguruma paz\u012bmes un nomierina jut\u012bgu \u0101du. Esences sast\u0101v\u0101 eso\u0161ais kofe\u012bns ir ar\u012b sp\u0113c\u012bgs antioksidants, kura m\u0113r\u0137is ir samazin\u0101t m\u012bmikas grumbi\u0146as un pal\u0113nin\u0101t noveco\u0161an\u0101s procesu. Pl\u0101ksteriem piem\u012bt antioksidanta un pretiekaisuma iedarb\u012bba, [&hellip;]<\/p>\n","protected":false},"featured_media":12682,"comment_status":"open","ping_status":"closed","template":"","meta":{"site-sidebar-layout":"default","site-content-layout":"","ast-site-content-layout":"default","site-content-style":"default","site-sidebar-style":"default","ast-global-header-display":"","ast-banner-title-visibility":"","ast-main-header-display":"","ast-hfb-above-header-display":"","ast-hfb-below-header-display":"","ast-hfb-mobile-header-display":"","site-post-title":"","ast-breadcrumbs-content":"","ast-featured-img":"","footer-sml-layout":"","theme-transparent-header-meta":"default","adv-header-id-meta":"","stick-header-meta":"","header-above-stick-meta":"","header-main-stick-meta":"","header-below-stick-meta":"","astra-migrate-meta-layouts":"set","ast-page-background-enabled":"default","ast-page-background-meta":{"desktop":{"background-color":"var(--ast-global-color-4)","background-image":"","background-repeat":"repeat","background-position":"center center","background-size":"auto","background-attachment":"scroll","background-type":"","background-media":"","overlay-type":"","overlay-color":"","overlay-opacity":"","overlay-gradient":""},"tablet":{"background-color":"","background-image":"","background-repeat":"repeat","background-position":"center center","background-size":"auto","background-attachment":"scroll","background-type":"","background-media":"","overlay-type":"","overlay-color":"","overlay-opacity":"","overlay-gradient":""},"mobile":{"background-color":"","background-image":"","background-repeat":"repeat","background-position":"center center","background-size":"auto","background-attachment":"scroll","background-type":"","background-media":"","overlay-type":"","overlay-color":"","overlay-opacity":"","overlay-gradient":""}},"ast-content-background-meta":{"desktop":{"background-color":"var(--ast-global-color-5)","background-image":"","background-repeat":"repeat","background-position":"center center","background-size":"auto","background-attachment":"scroll","background-type":"","background-media":"","overlay-type":"","overlay-color":"","overlay-opacity":"","overlay-gradient":""},"tablet":{"background-color":"var(--ast-global-color-5)","background-image":"","background-repeat":"repeat","background-position":"center center","background-size":"auto","background-attachment":"scroll","background-type":"","background-media":"","overlay-type":"","overlay-color":"","overlay-opacity":"","overlay-gradient":""},"mobile":{"background-color":"var(--ast-global-color-5)","background-image":"","background-repeat":"repeat","background-position":"center center","background-size":"auto","background-attachment":"scroll","background-type":"","background-media":"","overlay-type":"","overlay-color":"","overlay-opacity":"","overlay-gradient":""}}},"product_brand":[],"product_cat":[327],"product_tag":[],"berocket_brand":[628],"class_list":{"0":"post-12681","1":"product","2":"type-product","3":"status-publish","4":"has-post-thumbnail","6":"product_cat-patci","7":"berocket_brand-k-secret","8":"desktop-align-left","9":"tablet-align-left","10":"mobile-align-left","12":"first","13":"outofstock","14":"sale","15":"taxable","16":"shipping-taxable","17":"purchasable","18":"product-type-simple","19":"add-to-wishlist-before_image"},"yoast_head":"<!-- This site is optimized with the Yoast SEO plugin v27.4 - https:\/\/yoast.com\/product\/yoast-seo-wordpress\/ -->\n<title>K-Secret Instant Relief Eye Gel Patches - FACECORNER<\/title>\n<meta name=\"robots\" content=\"index, follow, max-snippet:-1, max-image-preview:large, max-video-preview:-1\" \/>\n<link rel=\"canonical\" href=\"https:\/\/www.facecorner.lv\/lv\/shop\/k-secret-instant-relief-eye-gel-patches\/\" \/>\n<meta property=\"og:locale\" content=\"lv_LV\" \/>\n<meta property=\"og:type\" content=\"article\" \/>\n<meta property=\"og:title\" content=\"K-Secret Instant Relief Eye Gel Patches - FACECORNER\" \/>\n<meta property=\"og:description\" content=\"Korejas hidrog\u0113la pl\u0101ksteri K-SECRET Instant Relief Eye Gel Pl\u0101ksteri piet\u016bkumam ar kofe\u012bnu. Neparast\u0101kie un liel\u0101kie iel\u0101pi korejie\u0161u kosm\u0113tik\u0101. Pl\u0101ksteri ar kofe\u012bnu lieliski mazina piet\u016bkumu, nov\u0113r\u0161 noguruma paz\u012bmes un nomierina jut\u012bgu \u0101du. Esences sast\u0101v\u0101 eso\u0161ais kofe\u012bns ir ar\u012b sp\u0113c\u012bgs antioksidants, kura m\u0113r\u0137is ir samazin\u0101t m\u012bmikas grumbi\u0146as un pal\u0113nin\u0101t noveco\u0161an\u0101s procesu. Pl\u0101ksteriem piem\u012bt antioksidanta un pretiekaisuma iedarb\u012bba, [&hellip;]\" \/>\n<meta property=\"og:url\" content=\"https:\/\/www.facecorner.lv\/lv\/shop\/k-secret-instant-relief-eye-gel-patches\/\" \/>\n<meta property=\"og:site_name\" content=\"FACECORNER\" \/>\n<meta property=\"article:publisher\" content=\"https:\/\/www.facebook.com\/profile.php?id=100063824551839\" \/>\n<meta property=\"article:modified_time\" content=\"2026-02-23T12:19:59+00:00\" \/>\n<meta property=\"og:image\" content=\"https:\/\/www.facecorner.lv\/wp-content\/uploads\/2023\/10\/K-SECRET_\u041f\u0430\u0442\u0447\u0438_\u043f\u0440\u043e\u0442\u0438\u0432_\u043e\u0442\u0435\u043a\u043e\u0432_\u043f\u043e\u0434_\u0433\u043b\u0430\u0437\u0430\u043c\u0438_\u0441_\u043a\u043e\u0444\u0435\u0438\u043d\u043e\u043c_K-Secret_Instant_Relief_Eye_Gel_Patches__CAF.png\" \/>\n\t<meta property=\"og:image:width\" content=\"1188\" \/>\n\t<meta property=\"og:image:height\" content=\"1188\" \/>\n\t<meta property=\"og:image:type\" content=\"image\/png\" \/>\n<meta name=\"twitter:card\" content=\"summary_large_image\" \/>\n<meta name=\"twitter:label1\" content=\"Price\" \/>\n\t<meta name=\"twitter:data1\" content=\"&euro;27.90\" \/>\n\t<meta name=\"twitter:label2\" content=\"Availability\" \/>\n\t<meta name=\"twitter:data2\" content=\"Out of stock\" \/>\n<script type=\"application\/ld+json\" class=\"yoast-schema-graph\">{\"@context\":\"https:\\\/\\\/schema.org\",\"@graph\":[{\"@type\":\"WebPage\",\"@id\":\"https:\\\/\\\/www.facecorner.lv\\\/shop\\\/k-secret-instant-relief-eye-gel-patches\\\/\",\"url\":\"https:\\\/\\\/www.facecorner.lv\\\/shop\\\/k-secret-instant-relief-eye-gel-patches\\\/\",\"name\":\"K-Secret Instant Relief Eye Gel Patches - FACECORNER\",\"isPartOf\":{\"@id\":\"https:\\\/\\\/www.facecorner.lv\\\/#website\"},\"primaryImageOfPage\":{\"@id\":\"https:\\\/\\\/www.facecorner.lv\\\/shop\\\/k-secret-instant-relief-eye-gel-patches\\\/#primaryimage\"},\"image\":{\"@id\":\"https:\\\/\\\/www.facecorner.lv\\\/shop\\\/k-secret-instant-relief-eye-gel-patches\\\/#primaryimage\"},\"thumbnailUrl\":\"https:\\\/\\\/www.facecorner.lv\\\/wp-content\\\/uploads\\\/2023\\\/10\\\/K-SECRET_\u041f\u0430\u0442\u0447\u0438_\u043f\u0440\u043e\u0442\u0438\u0432_\u043e\u0442\u0435\u043a\u043e\u0432_\u043f\u043e\u0434_\u0433\u043b\u0430\u0437\u0430\u043c\u0438_\u0441_\u043a\u043e\u0444\u0435\u0438\u043d\u043e\u043c_K-Secret_Instant_Relief_Eye_Gel_Patches__CAF.png\",\"datePublished\":\"2023-10-24T14:35:06+00:00\",\"dateModified\":\"2026-02-23T12:19:59+00:00\",\"breadcrumb\":{\"@id\":\"https:\\\/\\\/www.facecorner.lv\\\/shop\\\/k-secret-instant-relief-eye-gel-patches\\\/#breadcrumb\"},\"inLanguage\":\"lv-LV\",\"potentialAction\":[{\"@type\":\"ReadAction\",\"target\":[\"https:\\\/\\\/www.facecorner.lv\\\/shop\\\/k-secret-instant-relief-eye-gel-patches\\\/\"]}]},{\"@type\":\"ImageObject\",\"inLanguage\":\"lv-LV\",\"@id\":\"https:\\\/\\\/www.facecorner.lv\\\/shop\\\/k-secret-instant-relief-eye-gel-patches\\\/#primaryimage\",\"url\":\"https:\\\/\\\/www.facecorner.lv\\\/wp-content\\\/uploads\\\/2023\\\/10\\\/K-SECRET_\u041f\u0430\u0442\u0447\u0438_\u043f\u0440\u043e\u0442\u0438\u0432_\u043e\u0442\u0435\u043a\u043e\u0432_\u043f\u043e\u0434_\u0433\u043b\u0430\u0437\u0430\u043c\u0438_\u0441_\u043a\u043e\u0444\u0435\u0438\u043d\u043e\u043c_K-Secret_Instant_Relief_Eye_Gel_Patches__CAF.png\",\"contentUrl\":\"https:\\\/\\\/www.facecorner.lv\\\/wp-content\\\/uploads\\\/2023\\\/10\\\/K-SECRET_\u041f\u0430\u0442\u0447\u0438_\u043f\u0440\u043e\u0442\u0438\u0432_\u043e\u0442\u0435\u043a\u043e\u0432_\u043f\u043e\u0434_\u0433\u043b\u0430\u0437\u0430\u043c\u0438_\u0441_\u043a\u043e\u0444\u0435\u0438\u043d\u043e\u043c_K-Secret_Instant_Relief_Eye_Gel_Patches__CAF.png\",\"width\":1188,\"height\":1188},{\"@type\":\"BreadcrumbList\",\"@id\":\"https:\\\/\\\/www.facecorner.lv\\\/shop\\\/k-secret-instant-relief-eye-gel-patches\\\/#breadcrumb\",\"itemListElement\":[{\"@type\":\"ListItem\",\"position\":1,\"name\":\"Home\",\"item\":\"https:\\\/\\\/www.facecorner.lv\\\/\"},{\"@type\":\"ListItem\",\"position\":2,\"name\":\"Veikals\",\"item\":\"https:\\\/\\\/www.facecorner.lv\\\/shop\\\/\"},{\"@type\":\"ListItem\",\"position\":3,\"name\":\"K-Secret Instant Relief Eye Gel Patches\"}]},{\"@type\":\"WebSite\",\"@id\":\"https:\\\/\\\/www.facecorner.lv\\\/#website\",\"url\":\"https:\\\/\\\/www.facecorner.lv\\\/\",\"name\":\"Facecorner\",\"description\":\"\",\"publisher\":{\"@id\":\"https:\\\/\\\/www.facecorner.lv\\\/#organization\"},\"potentialAction\":[{\"@type\":\"SearchAction\",\"target\":{\"@type\":\"EntryPoint\",\"urlTemplate\":\"https:\\\/\\\/www.facecorner.lv\\\/?s={search_term_string}\"},\"query-input\":{\"@type\":\"PropertyValueSpecification\",\"valueRequired\":true,\"valueName\":\"search_term_string\"}}],\"inLanguage\":\"lv-LV\"},{\"@type\":\"Organization\",\"@id\":\"https:\\\/\\\/www.facecorner.lv\\\/#organization\",\"name\":\"Facecorner\",\"url\":\"https:\\\/\\\/www.facecorner.lv\\\/\",\"logo\":{\"@type\":\"ImageObject\",\"inLanguage\":\"lv-LV\",\"@id\":\"https:\\\/\\\/www.facecorner.lv\\\/#\\\/schema\\\/logo\\\/image\\\/\",\"url\":\"https:\\\/\\\/www.facecorner.lv\\\/wp-content\\\/uploads\\\/2024\\\/04\\\/fc-logo.jpg\",\"contentUrl\":\"https:\\\/\\\/www.facecorner.lv\\\/wp-content\\\/uploads\\\/2024\\\/04\\\/fc-logo.jpg\",\"width\":174,\"height\":28,\"caption\":\"Facecorner\"},\"image\":{\"@id\":\"https:\\\/\\\/www.facecorner.lv\\\/#\\\/schema\\\/logo\\\/image\\\/\"},\"sameAs\":[\"https:\\\/\\\/www.facebook.com\\\/profile.php?id=100063824551839\",\"https:\\\/\\\/www.instagram.com\\\/facecorner_shop\\\/\"]}]}<\/script>\n<meta property=\"product:price:amount\" content=\"27.90\" \/>\n<meta property=\"product:price:currency\" content=\"EUR\" \/>\n<meta property=\"og:availability\" content=\"out of stock\" \/>\n<meta property=\"product:availability\" content=\"out of stock\" \/>\n<meta property=\"product:condition\" content=\"new\" \/>\n<!-- \/ Yoast SEO plugin. -->","yoast_head_json":{"title":"K-Secret Instant Relief Eye Gel Patches - FACECORNER","robots":{"index":"index","follow":"follow","max-snippet":"max-snippet:-1","max-image-preview":"max-image-preview:large","max-video-preview":"max-video-preview:-1"},"canonical":"https:\/\/www.facecorner.lv\/lv\/shop\/k-secret-instant-relief-eye-gel-patches\/","og_locale":"lv_LV","og_type":"article","og_title":"K-Secret Instant Relief Eye Gel Patches - FACECORNER","og_description":"Korejas hidrog\u0113la pl\u0101ksteri K-SECRET Instant Relief Eye Gel Pl\u0101ksteri piet\u016bkumam ar kofe\u012bnu. Neparast\u0101kie un liel\u0101kie iel\u0101pi korejie\u0161u kosm\u0113tik\u0101. Pl\u0101ksteri ar kofe\u012bnu lieliski mazina piet\u016bkumu, nov\u0113r\u0161 noguruma paz\u012bmes un nomierina jut\u012bgu \u0101du. Esences sast\u0101v\u0101 eso\u0161ais kofe\u012bns ir ar\u012b sp\u0113c\u012bgs antioksidants, kura m\u0113r\u0137is ir samazin\u0101t m\u012bmikas grumbi\u0146as un pal\u0113nin\u0101t noveco\u0161an\u0101s procesu. Pl\u0101ksteriem piem\u012bt antioksidanta un pretiekaisuma iedarb\u012bba, [&hellip;]","og_url":"https:\/\/www.facecorner.lv\/lv\/shop\/k-secret-instant-relief-eye-gel-patches\/","og_site_name":"FACECORNER","article_publisher":"https:\/\/www.facebook.com\/profile.php?id=100063824551839","article_modified_time":"2026-02-23T12:19:59+00:00","og_image":[{"width":1188,"height":1188,"url":"https:\/\/www.facecorner.lv\/wp-content\/uploads\/2023\/10\/K-SECRET_\u041f\u0430\u0442\u0447\u0438_\u043f\u0440\u043e\u0442\u0438\u0432_\u043e\u0442\u0435\u043a\u043e\u0432_\u043f\u043e\u0434_\u0433\u043b\u0430\u0437\u0430\u043c\u0438_\u0441_\u043a\u043e\u0444\u0435\u0438\u043d\u043e\u043c_K-Secret_Instant_Relief_Eye_Gel_Patches__CAF.png","type":"image\/png"}],"twitter_card":"summary_large_image","twitter_misc":{"Price":"&euro;27.90","Availability":"Out of stock"},"schema":{"@context":"https:\/\/schema.org","@graph":[{"@type":"WebPage","@id":"https:\/\/www.facecorner.lv\/shop\/k-secret-instant-relief-eye-gel-patches\/","url":"https:\/\/www.facecorner.lv\/shop\/k-secret-instant-relief-eye-gel-patches\/","name":"K-Secret Instant Relief Eye Gel Patches - FACECORNER","isPartOf":{"@id":"https:\/\/www.facecorner.lv\/#website"},"primaryImageOfPage":{"@id":"https:\/\/www.facecorner.lv\/shop\/k-secret-instant-relief-eye-gel-patches\/#primaryimage"},"image":{"@id":"https:\/\/www.facecorner.lv\/shop\/k-secret-instant-relief-eye-gel-patches\/#primaryimage"},"thumbnailUrl":"https:\/\/www.facecorner.lv\/wp-content\/uploads\/2023\/10\/K-SECRET_\u041f\u0430\u0442\u0447\u0438_\u043f\u0440\u043e\u0442\u0438\u0432_\u043e\u0442\u0435\u043a\u043e\u0432_\u043f\u043e\u0434_\u0433\u043b\u0430\u0437\u0430\u043c\u0438_\u0441_\u043a\u043e\u0444\u0435\u0438\u043d\u043e\u043c_K-Secret_Instant_Relief_Eye_Gel_Patches__CAF.png","datePublished":"2023-10-24T14:35:06+00:00","dateModified":"2026-02-23T12:19:59+00:00","breadcrumb":{"@id":"https:\/\/www.facecorner.lv\/shop\/k-secret-instant-relief-eye-gel-patches\/#breadcrumb"},"inLanguage":"lv-LV","potentialAction":[{"@type":"ReadAction","target":["https:\/\/www.facecorner.lv\/shop\/k-secret-instant-relief-eye-gel-patches\/"]}]},{"@type":"ImageObject","inLanguage":"lv-LV","@id":"https:\/\/www.facecorner.lv\/shop\/k-secret-instant-relief-eye-gel-patches\/#primaryimage","url":"https:\/\/www.facecorner.lv\/wp-content\/uploads\/2023\/10\/K-SECRET_\u041f\u0430\u0442\u0447\u0438_\u043f\u0440\u043e\u0442\u0438\u0432_\u043e\u0442\u0435\u043a\u043e\u0432_\u043f\u043e\u0434_\u0433\u043b\u0430\u0437\u0430\u043c\u0438_\u0441_\u043a\u043e\u0444\u0435\u0438\u043d\u043e\u043c_K-Secret_Instant_Relief_Eye_Gel_Patches__CAF.png","contentUrl":"https:\/\/www.facecorner.lv\/wp-content\/uploads\/2023\/10\/K-SECRET_\u041f\u0430\u0442\u0447\u0438_\u043f\u0440\u043e\u0442\u0438\u0432_\u043e\u0442\u0435\u043a\u043e\u0432_\u043f\u043e\u0434_\u0433\u043b\u0430\u0437\u0430\u043c\u0438_\u0441_\u043a\u043e\u0444\u0435\u0438\u043d\u043e\u043c_K-Secret_Instant_Relief_Eye_Gel_Patches__CAF.png","width":1188,"height":1188},{"@type":"BreadcrumbList","@id":"https:\/\/www.facecorner.lv\/shop\/k-secret-instant-relief-eye-gel-patches\/#breadcrumb","itemListElement":[{"@type":"ListItem","position":1,"name":"Home","item":"https:\/\/www.facecorner.lv\/"},{"@type":"ListItem","position":2,"name":"Veikals","item":"https:\/\/www.facecorner.lv\/shop\/"},{"@type":"ListItem","position":3,"name":"K-Secret Instant Relief Eye Gel Patches"}]},{"@type":"WebSite","@id":"https:\/\/www.facecorner.lv\/#website","url":"https:\/\/www.facecorner.lv\/","name":"Facecorner","description":"","publisher":{"@id":"https:\/\/www.facecorner.lv\/#organization"},"potentialAction":[{"@type":"SearchAction","target":{"@type":"EntryPoint","urlTemplate":"https:\/\/www.facecorner.lv\/?s={search_term_string}"},"query-input":{"@type":"PropertyValueSpecification","valueRequired":true,"valueName":"search_term_string"}}],"inLanguage":"lv-LV"},{"@type":"Organization","@id":"https:\/\/www.facecorner.lv\/#organization","name":"Facecorner","url":"https:\/\/www.facecorner.lv\/","logo":{"@type":"ImageObject","inLanguage":"lv-LV","@id":"https:\/\/www.facecorner.lv\/#\/schema\/logo\/image\/","url":"https:\/\/www.facecorner.lv\/wp-content\/uploads\/2024\/04\/fc-logo.jpg","contentUrl":"https:\/\/www.facecorner.lv\/wp-content\/uploads\/2024\/04\/fc-logo.jpg","width":174,"height":28,"caption":"Facecorner"},"image":{"@id":"https:\/\/www.facecorner.lv\/#\/schema\/logo\/image\/"},"sameAs":["https:\/\/www.facebook.com\/profile.php?id=100063824551839","https:\/\/www.instagram.com\/facecorner_shop\/"]}]},"product_price_amount":"27.90","product_price_currency":"EUR","og_availability":"out of stock","product_availability":"out of stock","product_condition":"new"},"_links":{"self":[{"href":"https:\/\/www.facecorner.lv\/lv\/wp-json\/wp\/v2\/product\/12681","targetHints":{"allow":["GET"]}}],"collection":[{"href":"https:\/\/www.facecorner.lv\/lv\/wp-json\/wp\/v2\/product"}],"about":[{"href":"https:\/\/www.facecorner.lv\/lv\/wp-json\/wp\/v2\/types\/product"}],"replies":[{"embeddable":true,"href":"https:\/\/www.facecorner.lv\/lv\/wp-json\/wp\/v2\/comments?post=12681"}],"wp:featuredmedia":[{"embeddable":true,"href":"https:\/\/www.facecorner.lv\/lv\/wp-json\/wp\/v2\/media\/12682"}],"wp:attachment":[{"href":"https:\/\/www.facecorner.lv\/lv\/wp-json\/wp\/v2\/media?parent=12681"}],"wp:term":[{"taxonomy":"product_brand","embeddable":true,"href":"https:\/\/www.facecorner.lv\/lv\/wp-json\/wp\/v2\/product_brand?post=12681"},{"taxonomy":"product_cat","embeddable":true,"href":"https:\/\/www.facecorner.lv\/lv\/wp-json\/wp\/v2\/product_cat?post=12681"},{"taxonomy":"product_tag","embeddable":true,"href":"https:\/\/www.facecorner.lv\/lv\/wp-json\/wp\/v2\/product_tag?post=12681"},{"taxonomy":"berocket_brand","embeddable":true,"href":"https:\/\/www.facecorner.lv\/lv\/wp-json\/wp\/v2\/berocket_brand?post=12681"}],"curies":[{"name":"wp","href":"https:\/\/api.w.org\/{rel}","templated":true}]}}