{"id":12645,"date":"2023-10-21T12:22:10","date_gmt":"2023-10-21T10:22:10","guid":{"rendered":"https:\/\/www.facecorner.lv\/?post_type=product&#038;p=12645"},"modified":"2026-02-02T21:42:49","modified_gmt":"2026-02-02T18:42:49","slug":"trimay-spicule-tox-active-daily-cream-40ml","status":"publish","type":"product","link":"https:\/\/www.facecorner.lv\/lv\/shop\/trimay-spicule-tox-active-daily-cream-40ml\/","title":{"rendered":"Trimay Spicule Tox Active Daily Cream  40ml"},"content":{"rendered":"<p>Pirmk\u0101rt, Trimay Spicule Tox Active Daily Cream ir sp\u0113c\u012bgs pretnoveco\u0161an\u0101s kokteilis ar augstu hidroliz\u0113ta kolag\u0113na (57%), aminosk\u0101bju, hialuronsk\u0101bes un pept\u012bdu saturu. Tie efekt\u012bvi samazina \u0101das grumbu dzi\u013cumu, samazina m\u012bmikas un vecuma grumbu smagumu, izl\u012bdzina mikroreljefu, padara \u0101du gludu un toniz\u0113tu, k\u0101 ar\u012b nov\u0113r\u0161 pumpas un nel\u012bdzenumus. T\u0101p\u0113c \u0161\u012b kr\u0113ma galvenais m\u0113r\u0137is ir c\u012bn\u012bties ar noveco\u0161anos, nov\u0113rst agr\u012bnas ar vecumu saist\u012btas izmai\u0146as un c\u012bn\u012bties ar pirmaj\u0101m grumb\u0101m.<\/p>\n<p>Turkl\u0101t produktam ir ar\u012b antibakteri\u0101la iedarb\u012bba. Nok\u013c\u016bstot \u0101d\u0101, spicu porain\u0101, porain\u0101 strukt\u016bra piesaista bakt\u0113rijas un mikrobus, att\u012brot \u0101du un mazinot iekaisumu un kairin\u0101jumu. Tie efekt\u012bvi samazina p\u016bt\u012btes un citus izsitumus, izl\u012bdzina r\u0113tas un no\u0146em p\u0113das p\u0113c pinn\u0113m, k\u0101 ar\u012b nov\u0113r\u0161 nepiln\u012bbu atk\u0101rtotu par\u0101d\u012b\u0161anos.<\/p>\n<p><strong>Lietojot kr\u0113mu ar mikroadat\u0101m, var sajust vieglu dedzino\u0161u saj\u016btu. T\u0101 ir dabiska \u0101das reakcija, kas noz\u012bm\u0113, ka mikroadatas ir iek\u013cuvu\u0161as epidermas aug\u0161\u0113jos sl\u0101\u0146os un s\u0101ku\u0161as savu stimul\u0113jo\u0161u iedarb\u012bbu. Spicules piln\u012bb\u0101 iz\u0161\u0137\u012bst p\u0113c 72 stund\u0101m, bet visas noder\u012bg\u0101s sast\u0101vda\u013cas paliek iek\u0161\u0101 un s\u0101k darboties. Spicules ir piln\u012bgi dro\u0161as \u0101dai, t\u0101p\u0113c t\u0101s var lietot pat ar paaugstin\u0101tu jut\u012bbu, noslieci uz kairin\u0101jumu un izsitumiem. Tie ir piem\u0113roti ar\u012b stipri boj\u0101tai, \u013coti sausai un nobriedu\u0161ai \u0101dai.<\/strong><\/p>\n<p>Spicule Tox Active Daily Cream lieto\u0161ana samazina \u0101das atjauno\u0161anas periodu no parastaj\u0101m 28 dien\u0101m l\u012bdz ned\u0113\u013cai. Mikroadatas pa\u0101trina epidermas vielmai\u0146u, un blakuspar\u0101d\u012bbu neesam\u012bba padara spikulas par patiesi univers\u0101lu sast\u0101vda\u013cu.<\/p>\n<p><strong>Galven\u0101s sast\u0101vda\u013cas:<\/strong><\/p>\n<ul>\n<li>Hidroliz\u0113ts kolag\u0113ns (57%) atjauno epidermas strukt\u016bru no \u0101rpuses un iek\u0161puses, nostiprina \u0161\u016bnu sienas, uzlabo olbaltumvielu vielmai\u0146u. Zem\u0101s molekulmasas d\u0113\u013c tas dzi\u013ci ies\u016bcas \u0101d\u0101, b\u016btiski uzlabojot t\u0101s st\u0101vokli. Hidroliz\u0113ts kolag\u0113ns veido aizsardz\u012bbu uz \u0101das, samazina mitruma zudumu iztvaiko\u0161anas rezult\u0101t\u0101 un papildus mitrina un mazina kairin\u0101jumu. Bet hidroliz\u0113t\u0101 kolag\u0113na galven\u0101 funkcija ir atjaunot tvirtumu un elast\u012bbu, atjaunot \u0101du, izl\u012bdzin\u0101t krunci\u0146as un nov\u0113rst jaunu par\u0101d\u012b\u0161anos.<\/li>\n<li>8 da\u017e\u0101du molekulmasu hialuronsk\u0101bes veidi veido aizsargpl\u0113vi uz \u0101das, nov\u0113r\u0161ot mitruma zudumu, uzlabo \u0101das aizsargfunkcijas, saglab\u0101 mitrumu, iek\u013c\u016bst dzi\u013c\u0101kajos \u0101das sl\u0101\u0146os, mitrina p\u0113c iesp\u0113jas nep\u0101rtraukti, neskatoties uz temperat\u016bru , izl\u012bdzina grumbas, palielina elast\u012bbu un \u0161\u016bnu atjauno\u0161anos, ilgsto\u0161i mitrina.<\/li>\n<li>17 aminosk\u0101bju komplekss ir atbild\u012bgs par past\u0101v\u012bgu \u0161\u016bnu atjauno\u0161anos un atjauno\u0161anos, ir dzi\u013ca pretnoveco\u0161an\u0101s iedarb\u012bba, samazina grumbu redzam\u012bbu un nov\u0113r\u0161 to veido\u0161anos, stimul\u0113 atjauno\u0161an\u0101s un re\u0123ener\u0101cijas procesus, pal\u0113nina \u0161\u016bnu noveco\u0161anos. Normaliz\u0113 kolag\u0113na un elast\u012bna ra\u017eo\u0161anu, izl\u012bdzina \u0101du, izl\u012bdzina reljefu. Uzlabo \u0101das kr\u0101su, pie\u0161\u0137ir tai vesel\u012bgu mirdzumu un elast\u012bbu.<\/li>\n<li>4 pept\u012bdu komplekss, kam ir svar\u012bga loma norm\u0101las \u0161\u016bnu darb\u012bbas atjauno\u0161an\u0101 un kuriem ir augsta antioksidanta aktivit\u0101te, t\u0101p\u0113c to ietekm\u0113 \u0101da atjaunojas un pal\u0113nin\u0101s kop\u0113j\u0101 noveco\u0161an\u0101s. Pept\u012bdi aktiviz\u0113 kolag\u0113na un elast\u012bna sint\u0113zi \u0101das \u0161\u016bn\u0101s, iedarbojas atjaunojo\u0161i, aizsarg\u0101 \u0101du no dehidrat\u0101cijas un agres\u012bviem \u0101r\u0113jiem faktoriem, veicina uzturvielu komponentu dzi\u013cu iek\u013c\u016b\u0161anu un b\u016btiski pal\u0113nina \u0101das noveco\u0161an\u0101s procesus.<\/li>\n<\/ul>\n<p>Produkts ir funkcion\u0101ls pretgrumbu un tonusu uzlabojo\u0161s kosm\u0113tikas l\u012bdzeklis.<\/p>\n<p><strong>Lieto\u0161anas nor\u0101d\u012bjumi<\/strong>: Uzkl\u0101jiet uz att\u012br\u012btas un toniz\u0113tas \u0101das ar viegl\u0101m mas\u0101\u017eas kust\u012bb\u0101m.<\/p>\n<p><strong>S\u0101stavs: \u00a0<\/strong>Hydrolyzed Collagen Extract, Water, Caprylic\/Capric Triglyceride, Glycerin, Macadamia Ternifolia Seed Oil, Niacinamide, Butylene Glycol, 1,2-Hexanediol, cetearyl olivate, Cetearyl Alcohol, Ammonium Acryloyldimethyltaurate\/VP Copolymer, Hydroxyacetophenone, Sorbitan olivate, Squalane, Hydrolyzed Sponge, Carbomer, Tromethamine, Panthenol, Hydrogenated Lecithin, Disodium EDTA, Adenosine, Xanthan Gum, Glycine, Aspartic Acid, Serine, Glutamic Acid, Leucine, Lysine, Histidine, Arginine, Threonine, Proline, Alanine, Valine, Methionine, Isoleucine, Tyrosine, Phenylalanine, Cysteine, Ethylhexylglycerin, sh-Decapeptide-7, sh-Octapeptide-4, sh-Oligopeptide-9, sh-Pentapeptide-19, Hydrolyzed Hyaluronic Acid, Hyaluronic Acid, Hydroxypropyltrimonium Hyaluronate, Sodium Hyaluronate, Sodium Acetylated Hyaluronate, Sodium Hyaluronate Crosspolymer, Hydrolyzed Sodium Hyaluronate, Potassium Hyaluronate<\/p>\n","protected":false},"excerpt":{"rendered":"<p>Pirmk\u0101rt, Trimay Spicule Tox Active Daily Cream ir sp\u0113c\u012bgs pretnoveco\u0161an\u0101s kokteilis ar augstu hidroliz\u0113ta kolag\u0113na (57%), aminosk\u0101bju, hialuronsk\u0101bes un pept\u012bdu saturu. Tie efekt\u012bvi samazina \u0101das grumbu dzi\u013cumu, samazina m\u012bmikas un vecuma grumbu smagumu, izl\u012bdzina mikroreljefu, padara \u0101du gludu un toniz\u0113tu, k\u0101 ar\u012b nov\u0113r\u0161 pumpas un nel\u012bdzenumus. T\u0101p\u0113c \u0161\u012b kr\u0113ma galvenais m\u0113r\u0137is ir c\u012bn\u012bties ar noveco\u0161anos, [&hellip;]<\/p>\n","protected":false},"featured_media":12646,"comment_status":"open","ping_status":"closed","template":"","meta":{"site-sidebar-layout":"default","site-content-layout":"","ast-site-content-layout":"","site-content-style":"default","site-sidebar-style":"default","ast-global-header-display":"","ast-banner-title-visibility":"","ast-main-header-display":"","ast-hfb-above-header-display":"","ast-hfb-below-header-display":"","ast-hfb-mobile-header-display":"","site-post-title":"","ast-breadcrumbs-content":"","ast-featured-img":"","footer-sml-layout":"","theme-transparent-header-meta":"","adv-header-id-meta":"","stick-header-meta":"","header-above-stick-meta":"","header-main-stick-meta":"","header-below-stick-meta":"","astra-migrate-meta-layouts":"default","ast-page-background-enabled":"default","ast-page-background-meta":{"desktop":{"background-color":"var(--ast-global-color-4)","background-image":"","background-repeat":"repeat","background-position":"center center","background-size":"auto","background-attachment":"scroll","background-type":"","background-media":"","overlay-type":"","overlay-color":"","overlay-opacity":"","overlay-gradient":""},"tablet":{"background-color":"","background-image":"","background-repeat":"repeat","background-position":"center center","background-size":"auto","background-attachment":"scroll","background-type":"","background-media":"","overlay-type":"","overlay-color":"","overlay-opacity":"","overlay-gradient":""},"mobile":{"background-color":"","background-image":"","background-repeat":"repeat","background-position":"center center","background-size":"auto","background-attachment":"scroll","background-type":"","background-media":"","overlay-type":"","overlay-color":"","overlay-opacity":"","overlay-gradient":""}},"ast-content-background-meta":{"desktop":{"background-color":"var(--ast-global-color-5)","background-image":"","background-repeat":"repeat","background-position":"center center","background-size":"auto","background-attachment":"scroll","background-type":"","background-media":"","overlay-type":"","overlay-color":"","overlay-opacity":"","overlay-gradient":""},"tablet":{"background-color":"var(--ast-global-color-5)","background-image":"","background-repeat":"repeat","background-position":"center center","background-size":"auto","background-attachment":"scroll","background-type":"","background-media":"","overlay-type":"","overlay-color":"","overlay-opacity":"","overlay-gradient":""},"mobile":{"background-color":"var(--ast-global-color-5)","background-image":"","background-repeat":"repeat","background-position":"center center","background-size":"auto","background-attachment":"scroll","background-type":"","background-media":"","overlay-type":"","overlay-color":"","overlay-opacity":"","overlay-gradient":""}}},"product_brand":[],"product_cat":[380,366,367,368,379,307,362],"product_tag":[],"berocket_brand":[],"class_list":{"0":"post-12645","1":"product","2":"type-product","3":"status-publish","4":"has-post-thumbnail","6":"product_cat-kombinetai-adai","7":"product_cat-mitrinoss","8":"product_cat-nomierinoss","9":"product_cat-pret-grumbam","10":"product_cat-sausai-adai-anti-age","11":"product_cat-sejai","12":"product_cat-sejas-krems","13":"desktop-align-left","14":"tablet-align-left","15":"mobile-align-left","17":"first","18":"instock","19":"taxable","20":"shipping-taxable","21":"purchasable","22":"product-type-simple","23":"add-to-wishlist-before_image"},"yoast_head":"<!-- This site is optimized with the Yoast SEO plugin v27.4 - https:\/\/yoast.com\/product\/yoast-seo-wordpress\/ -->\n<title>Trimay Spicule Tox Active Daily Cream 40ml - FACECORNER<\/title>\n<meta name=\"robots\" content=\"index, follow, max-snippet:-1, max-image-preview:large, max-video-preview:-1\" \/>\n<link rel=\"canonical\" href=\"https:\/\/www.facecorner.lv\/lv\/shop\/trimay-spicule-tox-active-daily-cream-40ml\/\" \/>\n<meta property=\"og:locale\" content=\"lv_LV\" \/>\n<meta property=\"og:type\" content=\"article\" \/>\n<meta property=\"og:title\" content=\"Trimay Spicule Tox Active Daily Cream 40ml - FACECORNER\" \/>\n<meta property=\"og:description\" content=\"Pirmk\u0101rt, Trimay Spicule Tox Active Daily Cream ir sp\u0113c\u012bgs pretnoveco\u0161an\u0101s kokteilis ar augstu hidroliz\u0113ta kolag\u0113na (57%), aminosk\u0101bju, hialuronsk\u0101bes un pept\u012bdu saturu. Tie efekt\u012bvi samazina \u0101das grumbu dzi\u013cumu, samazina m\u012bmikas un vecuma grumbu smagumu, izl\u012bdzina mikroreljefu, padara \u0101du gludu un toniz\u0113tu, k\u0101 ar\u012b nov\u0113r\u0161 pumpas un nel\u012bdzenumus. T\u0101p\u0113c \u0161\u012b kr\u0113ma galvenais m\u0113r\u0137is ir c\u012bn\u012bties ar noveco\u0161anos, [&hellip;]\" \/>\n<meta property=\"og:url\" content=\"https:\/\/www.facecorner.lv\/lv\/shop\/trimay-spicule-tox-active-daily-cream-40ml\/\" \/>\n<meta property=\"og:site_name\" content=\"FACECORNER\" \/>\n<meta property=\"article:publisher\" content=\"https:\/\/www.facebook.com\/profile.php?id=100063824551839\" \/>\n<meta property=\"article:modified_time\" content=\"2026-02-02T18:42:49+00:00\" \/>\n<meta property=\"og:image\" content=\"https:\/\/www.facecorner.lv\/wp-content\/uploads\/2023\/10\/d566a1be68f6b0088d3fbbd0887c68f1c4d458bd_original.jpeg\" \/>\n\t<meta property=\"og:image:width\" content=\"650\" \/>\n\t<meta property=\"og:image:height\" content=\"650\" \/>\n\t<meta property=\"og:image:type\" content=\"image\/jpeg\" \/>\n<meta name=\"twitter:card\" content=\"summary_large_image\" \/>\n<meta name=\"twitter:label1\" content=\"Price\" \/>\n\t<meta name=\"twitter:data1\" content=\"&euro;31.00\" \/>\n\t<meta name=\"twitter:label2\" content=\"Availability\" \/>\n\t<meta name=\"twitter:data2\" content=\"In stock\" \/>\n<script type=\"application\/ld+json\" class=\"yoast-schema-graph\">{\"@context\":\"https:\\\/\\\/schema.org\",\"@graph\":[{\"@type\":\"WebPage\",\"@id\":\"https:\\\/\\\/www.facecorner.lv\\\/ru\\\/shop\\\/trimay-spicule-tox-active-daily-cream-40ml\\\/\",\"url\":\"https:\\\/\\\/www.facecorner.lv\\\/ru\\\/shop\\\/trimay-spicule-tox-active-daily-cream-40ml\\\/\",\"name\":\"Trimay Spicule Tox Active Daily Cream 40ml - FACECORNER\",\"isPartOf\":{\"@id\":\"https:\\\/\\\/www.facecorner.lv\\\/#website\"},\"primaryImageOfPage\":{\"@id\":\"https:\\\/\\\/www.facecorner.lv\\\/ru\\\/shop\\\/trimay-spicule-tox-active-daily-cream-40ml\\\/#primaryimage\"},\"image\":{\"@id\":\"https:\\\/\\\/www.facecorner.lv\\\/ru\\\/shop\\\/trimay-spicule-tox-active-daily-cream-40ml\\\/#primaryimage\"},\"thumbnailUrl\":\"https:\\\/\\\/www.facecorner.lv\\\/wp-content\\\/uploads\\\/2023\\\/10\\\/d566a1be68f6b0088d3fbbd0887c68f1c4d458bd_original.jpeg\",\"datePublished\":\"2023-10-21T10:22:10+00:00\",\"dateModified\":\"2026-02-02T18:42:49+00:00\",\"breadcrumb\":{\"@id\":\"https:\\\/\\\/www.facecorner.lv\\\/ru\\\/shop\\\/trimay-spicule-tox-active-daily-cream-40ml\\\/#breadcrumb\"},\"inLanguage\":\"lv-LV\",\"potentialAction\":[{\"@type\":\"ReadAction\",\"target\":[\"https:\\\/\\\/www.facecorner.lv\\\/ru\\\/shop\\\/trimay-spicule-tox-active-daily-cream-40ml\\\/\"]}]},{\"@type\":\"ImageObject\",\"inLanguage\":\"lv-LV\",\"@id\":\"https:\\\/\\\/www.facecorner.lv\\\/ru\\\/shop\\\/trimay-spicule-tox-active-daily-cream-40ml\\\/#primaryimage\",\"url\":\"https:\\\/\\\/www.facecorner.lv\\\/wp-content\\\/uploads\\\/2023\\\/10\\\/d566a1be68f6b0088d3fbbd0887c68f1c4d458bd_original.jpeg\",\"contentUrl\":\"https:\\\/\\\/www.facecorner.lv\\\/wp-content\\\/uploads\\\/2023\\\/10\\\/d566a1be68f6b0088d3fbbd0887c68f1c4d458bd_original.jpeg\",\"width\":650,\"height\":650},{\"@type\":\"BreadcrumbList\",\"@id\":\"https:\\\/\\\/www.facecorner.lv\\\/ru\\\/shop\\\/trimay-spicule-tox-active-daily-cream-40ml\\\/#breadcrumb\",\"itemListElement\":[{\"@type\":\"ListItem\",\"position\":1,\"name\":\"Home\",\"item\":\"https:\\\/\\\/www.facecorner.lv\\\/\"},{\"@type\":\"ListItem\",\"position\":2,\"name\":\"Veikals\",\"item\":\"https:\\\/\\\/www.facecorner.lv\\\/shop\\\/\"},{\"@type\":\"ListItem\",\"position\":3,\"name\":\"Trimay Spicule Tox Active Daily Cream 40ml\"}]},{\"@type\":\"WebSite\",\"@id\":\"https:\\\/\\\/www.facecorner.lv\\\/#website\",\"url\":\"https:\\\/\\\/www.facecorner.lv\\\/\",\"name\":\"Facecorner\",\"description\":\"\",\"publisher\":{\"@id\":\"https:\\\/\\\/www.facecorner.lv\\\/#organization\"},\"potentialAction\":[{\"@type\":\"SearchAction\",\"target\":{\"@type\":\"EntryPoint\",\"urlTemplate\":\"https:\\\/\\\/www.facecorner.lv\\\/?s={search_term_string}\"},\"query-input\":{\"@type\":\"PropertyValueSpecification\",\"valueRequired\":true,\"valueName\":\"search_term_string\"}}],\"inLanguage\":\"lv-LV\"},{\"@type\":\"Organization\",\"@id\":\"https:\\\/\\\/www.facecorner.lv\\\/#organization\",\"name\":\"Facecorner\",\"url\":\"https:\\\/\\\/www.facecorner.lv\\\/\",\"logo\":{\"@type\":\"ImageObject\",\"inLanguage\":\"lv-LV\",\"@id\":\"https:\\\/\\\/www.facecorner.lv\\\/#\\\/schema\\\/logo\\\/image\\\/\",\"url\":\"https:\\\/\\\/www.facecorner.lv\\\/wp-content\\\/uploads\\\/2024\\\/04\\\/fc-logo.jpg\",\"contentUrl\":\"https:\\\/\\\/www.facecorner.lv\\\/wp-content\\\/uploads\\\/2024\\\/04\\\/fc-logo.jpg\",\"width\":174,\"height\":28,\"caption\":\"Facecorner\"},\"image\":{\"@id\":\"https:\\\/\\\/www.facecorner.lv\\\/#\\\/schema\\\/logo\\\/image\\\/\"},\"sameAs\":[\"https:\\\/\\\/www.facebook.com\\\/profile.php?id=100063824551839\",\"https:\\\/\\\/www.instagram.com\\\/facecorner_shop\\\/\"]}]}<\/script>\n<meta property=\"product:price:amount\" content=\"31.00\" \/>\n<meta property=\"product:price:currency\" content=\"EUR\" \/>\n<meta property=\"og:availability\" content=\"instock\" \/>\n<meta property=\"product:availability\" content=\"instock\" \/>\n<meta property=\"product:condition\" content=\"new\" \/>\n<!-- \/ Yoast SEO plugin. -->","yoast_head_json":{"title":"Trimay Spicule Tox Active Daily Cream 40ml - FACECORNER","robots":{"index":"index","follow":"follow","max-snippet":"max-snippet:-1","max-image-preview":"max-image-preview:large","max-video-preview":"max-video-preview:-1"},"canonical":"https:\/\/www.facecorner.lv\/lv\/shop\/trimay-spicule-tox-active-daily-cream-40ml\/","og_locale":"lv_LV","og_type":"article","og_title":"Trimay Spicule Tox Active Daily Cream 40ml - FACECORNER","og_description":"Pirmk\u0101rt, Trimay Spicule Tox Active Daily Cream ir sp\u0113c\u012bgs pretnoveco\u0161an\u0101s kokteilis ar augstu hidroliz\u0113ta kolag\u0113na (57%), aminosk\u0101bju, hialuronsk\u0101bes un pept\u012bdu saturu. Tie efekt\u012bvi samazina \u0101das grumbu dzi\u013cumu, samazina m\u012bmikas un vecuma grumbu smagumu, izl\u012bdzina mikroreljefu, padara \u0101du gludu un toniz\u0113tu, k\u0101 ar\u012b nov\u0113r\u0161 pumpas un nel\u012bdzenumus. T\u0101p\u0113c \u0161\u012b kr\u0113ma galvenais m\u0113r\u0137is ir c\u012bn\u012bties ar noveco\u0161anos, [&hellip;]","og_url":"https:\/\/www.facecorner.lv\/lv\/shop\/trimay-spicule-tox-active-daily-cream-40ml\/","og_site_name":"FACECORNER","article_publisher":"https:\/\/www.facebook.com\/profile.php?id=100063824551839","article_modified_time":"2026-02-02T18:42:49+00:00","og_image":[{"width":650,"height":650,"url":"https:\/\/www.facecorner.lv\/wp-content\/uploads\/2023\/10\/d566a1be68f6b0088d3fbbd0887c68f1c4d458bd_original.jpeg","type":"image\/jpeg"}],"twitter_card":"summary_large_image","twitter_misc":{"Price":"&euro;31.00","Availability":"In stock"},"schema":{"@context":"https:\/\/schema.org","@graph":[{"@type":"WebPage","@id":"https:\/\/www.facecorner.lv\/ru\/shop\/trimay-spicule-tox-active-daily-cream-40ml\/","url":"https:\/\/www.facecorner.lv\/ru\/shop\/trimay-spicule-tox-active-daily-cream-40ml\/","name":"Trimay Spicule Tox Active Daily Cream 40ml - FACECORNER","isPartOf":{"@id":"https:\/\/www.facecorner.lv\/#website"},"primaryImageOfPage":{"@id":"https:\/\/www.facecorner.lv\/ru\/shop\/trimay-spicule-tox-active-daily-cream-40ml\/#primaryimage"},"image":{"@id":"https:\/\/www.facecorner.lv\/ru\/shop\/trimay-spicule-tox-active-daily-cream-40ml\/#primaryimage"},"thumbnailUrl":"https:\/\/www.facecorner.lv\/wp-content\/uploads\/2023\/10\/d566a1be68f6b0088d3fbbd0887c68f1c4d458bd_original.jpeg","datePublished":"2023-10-21T10:22:10+00:00","dateModified":"2026-02-02T18:42:49+00:00","breadcrumb":{"@id":"https:\/\/www.facecorner.lv\/ru\/shop\/trimay-spicule-tox-active-daily-cream-40ml\/#breadcrumb"},"inLanguage":"lv-LV","potentialAction":[{"@type":"ReadAction","target":["https:\/\/www.facecorner.lv\/ru\/shop\/trimay-spicule-tox-active-daily-cream-40ml\/"]}]},{"@type":"ImageObject","inLanguage":"lv-LV","@id":"https:\/\/www.facecorner.lv\/ru\/shop\/trimay-spicule-tox-active-daily-cream-40ml\/#primaryimage","url":"https:\/\/www.facecorner.lv\/wp-content\/uploads\/2023\/10\/d566a1be68f6b0088d3fbbd0887c68f1c4d458bd_original.jpeg","contentUrl":"https:\/\/www.facecorner.lv\/wp-content\/uploads\/2023\/10\/d566a1be68f6b0088d3fbbd0887c68f1c4d458bd_original.jpeg","width":650,"height":650},{"@type":"BreadcrumbList","@id":"https:\/\/www.facecorner.lv\/ru\/shop\/trimay-spicule-tox-active-daily-cream-40ml\/#breadcrumb","itemListElement":[{"@type":"ListItem","position":1,"name":"Home","item":"https:\/\/www.facecorner.lv\/"},{"@type":"ListItem","position":2,"name":"Veikals","item":"https:\/\/www.facecorner.lv\/shop\/"},{"@type":"ListItem","position":3,"name":"Trimay Spicule Tox Active Daily Cream 40ml"}]},{"@type":"WebSite","@id":"https:\/\/www.facecorner.lv\/#website","url":"https:\/\/www.facecorner.lv\/","name":"Facecorner","description":"","publisher":{"@id":"https:\/\/www.facecorner.lv\/#organization"},"potentialAction":[{"@type":"SearchAction","target":{"@type":"EntryPoint","urlTemplate":"https:\/\/www.facecorner.lv\/?s={search_term_string}"},"query-input":{"@type":"PropertyValueSpecification","valueRequired":true,"valueName":"search_term_string"}}],"inLanguage":"lv-LV"},{"@type":"Organization","@id":"https:\/\/www.facecorner.lv\/#organization","name":"Facecorner","url":"https:\/\/www.facecorner.lv\/","logo":{"@type":"ImageObject","inLanguage":"lv-LV","@id":"https:\/\/www.facecorner.lv\/#\/schema\/logo\/image\/","url":"https:\/\/www.facecorner.lv\/wp-content\/uploads\/2024\/04\/fc-logo.jpg","contentUrl":"https:\/\/www.facecorner.lv\/wp-content\/uploads\/2024\/04\/fc-logo.jpg","width":174,"height":28,"caption":"Facecorner"},"image":{"@id":"https:\/\/www.facecorner.lv\/#\/schema\/logo\/image\/"},"sameAs":["https:\/\/www.facebook.com\/profile.php?id=100063824551839","https:\/\/www.instagram.com\/facecorner_shop\/"]}]},"product_price_amount":"31.00","product_price_currency":"EUR","og_availability":"instock","product_availability":"instock","product_condition":"new"},"_links":{"self":[{"href":"https:\/\/www.facecorner.lv\/lv\/wp-json\/wp\/v2\/product\/12645","targetHints":{"allow":["GET"]}}],"collection":[{"href":"https:\/\/www.facecorner.lv\/lv\/wp-json\/wp\/v2\/product"}],"about":[{"href":"https:\/\/www.facecorner.lv\/lv\/wp-json\/wp\/v2\/types\/product"}],"replies":[{"embeddable":true,"href":"https:\/\/www.facecorner.lv\/lv\/wp-json\/wp\/v2\/comments?post=12645"}],"wp:featuredmedia":[{"embeddable":true,"href":"https:\/\/www.facecorner.lv\/lv\/wp-json\/wp\/v2\/media\/12646"}],"wp:attachment":[{"href":"https:\/\/www.facecorner.lv\/lv\/wp-json\/wp\/v2\/media?parent=12645"}],"wp:term":[{"taxonomy":"product_brand","embeddable":true,"href":"https:\/\/www.facecorner.lv\/lv\/wp-json\/wp\/v2\/product_brand?post=12645"},{"taxonomy":"product_cat","embeddable":true,"href":"https:\/\/www.facecorner.lv\/lv\/wp-json\/wp\/v2\/product_cat?post=12645"},{"taxonomy":"product_tag","embeddable":true,"href":"https:\/\/www.facecorner.lv\/lv\/wp-json\/wp\/v2\/product_tag?post=12645"},{"taxonomy":"berocket_brand","embeddable":true,"href":"https:\/\/www.facecorner.lv\/lv\/wp-json\/wp\/v2\/berocket_brand?post=12645"}],"curies":[{"name":"wp","href":"https:\/\/api.w.org\/{rel}","templated":true}]}}