{"id":12559,"date":"2023-10-09T17:17:57","date_gmt":"2023-10-09T15:17:57","guid":{"rendered":"https:\/\/www.facecorner.lv\/?post_type=product&#038;p=12559"},"modified":"2024-09-27T10:03:25","modified_gmt":"2024-09-27T08:03:25","slug":"jm-solution-water-luminous-s-o-s-ringer-mask-premium","status":"publish","type":"product","link":"https:\/\/www.facecorner.lv\/lv\/shop\/jm-solution-water-luminous-s-o-s-ringer-mask-premium\/","title":{"rendered":"JM SOLUTION WATER LUMINOUS S.O.S RINGER MASK PREMIUM"},"content":{"rendered":"<p>Jm Solution Water Luminous S.O.S Ringer Mask Premium Intens\u012bvi mitrina un atjauno \u0101du, pal\u0113nina noveco\u0161an\u0101s procesus un pa\u0101trina \u0101das \u0161\u016bnu atjauno\u0161anos. Maskai ir ilgsto\u0161a mitrino\u0161a iedarb\u012bba, kas nov\u0113r\u0161 \u0101das \u0161\u016bnu dehidrat\u0101ciju un dehidrat\u0101ciju.<\/p>\n<p>Produkts \u012bs\u0101 laika period\u0101 maksim\u0101li pies\u0101tina \u0101du ar mitrumu un nov\u0113r\u0161 sausumu. Pietiekams mitruma l\u012bmenis \u0101das \u0161\u016bn\u0101s var pal\u0113nin\u0101t noveco\u0161an\u0101s procesu, sa\u0161aurin\u0101t poras, stiprin\u0101t \u0101das turgoru un nov\u0113rst aps\u0101rtumu. Atjauno \u0101das hidrolip\u012bdu barjeru un aizsarg\u0101 pret negat\u012bvu vides ietekmi. \u012apa\u0161i pl\u0101na celulozes maska \u200b\u200bcie\u0161i piegu\u013c \u0101dai un nov\u0113r\u0161 mitruma iztvaiko\u0161anu.<\/p>\n<p><strong>Lieto\u0161anas nor\u0101d\u012bjumi:<\/strong> Uzkl\u0101jiet masku uz iepriek\u0161 att\u012br\u012btas \u0101das. Izl\u012bdziniet un atst\u0101jiet 15 &#8211; 20 min\u016btes, p\u0113c tam no\u0146emiet un uzman\u012bgi sadaliet atliku\u0161o esenci ar mas\u0101\u017eas kust\u012bb\u0101m pa seju, l\u012bdz t\u0101 piln\u012bb\u0101 ies\u016bcas.<\/p>\n","protected":false},"excerpt":{"rendered":"<p>Jm Solution Water Luminous S.O.S Ringer Mask Premium Intens\u012bvi mitrina un atjauno \u0101du, pal\u0113nina noveco\u0161an\u0101s procesus un pa\u0101trina \u0101das \u0161\u016bnu atjauno\u0161anos. Maskai ir ilgsto\u0161a mitrino\u0161a iedarb\u012bba, kas nov\u0113r\u0161 \u0101das \u0161\u016bnu dehidrat\u0101ciju un dehidrat\u0101ciju. Produkts \u012bs\u0101 laika period\u0101 maksim\u0101li pies\u0101tina \u0101du ar mitrumu un nov\u0113r\u0161 sausumu. Pietiekams mitruma l\u012bmenis \u0101das \u0161\u016bn\u0101s var pal\u0113nin\u0101t noveco\u0161an\u0101s procesu, sa\u0161aurin\u0101t [&hellip;]<\/p>\n","protected":false},"featured_media":12560,"comment_status":"open","ping_status":"closed","template":"","meta":{"site-sidebar-layout":"default","site-content-layout":"","ast-site-content-layout":"","site-content-style":"default","site-sidebar-style":"default","ast-global-header-display":"","ast-banner-title-visibility":"","ast-main-header-display":"","ast-hfb-above-header-display":"","ast-hfb-below-header-display":"","ast-hfb-mobile-header-display":"","site-post-title":"","ast-breadcrumbs-content":"","ast-featured-img":"","footer-sml-layout":"","theme-transparent-header-meta":"","adv-header-id-meta":"","stick-header-meta":"","header-above-stick-meta":"","header-main-stick-meta":"","header-below-stick-meta":"","astra-migrate-meta-layouts":"default","ast-page-background-enabled":"default","ast-page-background-meta":{"desktop":{"background-color":"var(--ast-global-color-4)","background-image":"","background-repeat":"repeat","background-position":"center center","background-size":"auto","background-attachment":"scroll","background-type":"","background-media":"","overlay-type":"","overlay-color":"","overlay-opacity":"","overlay-gradient":""},"tablet":{"background-color":"","background-image":"","background-repeat":"repeat","background-position":"center center","background-size":"auto","background-attachment":"scroll","background-type":"","background-media":"","overlay-type":"","overlay-color":"","overlay-opacity":"","overlay-gradient":""},"mobile":{"background-color":"","background-image":"","background-repeat":"repeat","background-position":"center center","background-size":"auto","background-attachment":"scroll","background-type":"","background-media":"","overlay-type":"","overlay-color":"","overlay-opacity":"","overlay-gradient":""}},"ast-content-background-meta":{"desktop":{"background-color":"var(--ast-global-color-5)","background-image":"","background-repeat":"repeat","background-position":"center center","background-size":"auto","background-attachment":"scroll","background-type":"","background-media":"","overlay-type":"","overlay-color":"","overlay-opacity":"","overlay-gradient":""},"tablet":{"background-color":"var(--ast-global-color-5)","background-image":"","background-repeat":"repeat","background-position":"center center","background-size":"auto","background-attachment":"scroll","background-type":"","background-media":"","overlay-type":"","overlay-color":"","overlay-opacity":"","overlay-gradient":""},"mobile":{"background-color":"var(--ast-global-color-5)","background-image":"","background-repeat":"repeat","background-position":"center center","background-size":"auto","background-attachment":"scroll","background-type":"","background-media":"","overlay-type":"","overlay-color":"","overlay-opacity":"","overlay-gradient":""}}},"product_brand":[],"product_cat":[324,315],"product_tag":[],"berocket_brand":[],"class_list":{"0":"post-12559","1":"product","2":"type-product","3":"status-publish","4":"has-post-thumbnail","6":"product_cat-auduma","7":"product_cat-maskas","8":"desktop-align-left","9":"tablet-align-left","10":"mobile-align-left","12":"first","13":"outofstock","14":"taxable","15":"shipping-taxable","16":"purchasable","17":"product-type-simple","18":"add-to-wishlist-before_image"},"yoast_head":"<!-- This site is optimized with the Yoast SEO plugin v27.3 - https:\/\/yoast.com\/product\/yoast-seo-wordpress\/ -->\n<title>JM SOLUTION WATER LUMINOUS S.O.S RINGER MASK PREMIUM - FACECORNER<\/title>\n<meta name=\"robots\" content=\"index, follow, max-snippet:-1, max-image-preview:large, max-video-preview:-1\" \/>\n<link rel=\"canonical\" href=\"https:\/\/www.facecorner.lv\/lv\/shop\/jm-solution-water-luminous-s-o-s-ringer-mask-premium\/\" \/>\n<meta property=\"og:locale\" content=\"lv_LV\" \/>\n<meta property=\"og:type\" content=\"article\" \/>\n<meta property=\"og:title\" content=\"JM SOLUTION WATER LUMINOUS S.O.S RINGER MASK PREMIUM - FACECORNER\" \/>\n<meta property=\"og:description\" content=\"Jm Solution Water Luminous S.O.S Ringer Mask Premium Intens\u012bvi mitrina un atjauno \u0101du, pal\u0113nina noveco\u0161an\u0101s procesus un pa\u0101trina \u0101das \u0161\u016bnu atjauno\u0161anos. Maskai ir ilgsto\u0161a mitrino\u0161a iedarb\u012bba, kas nov\u0113r\u0161 \u0101das \u0161\u016bnu dehidrat\u0101ciju un dehidrat\u0101ciju. Produkts \u012bs\u0101 laika period\u0101 maksim\u0101li pies\u0101tina \u0101du ar mitrumu un nov\u0113r\u0161 sausumu. Pietiekams mitruma l\u012bmenis \u0101das \u0161\u016bn\u0101s var pal\u0113nin\u0101t noveco\u0161an\u0101s procesu, sa\u0161aurin\u0101t [&hellip;]\" \/>\n<meta property=\"og:url\" content=\"https:\/\/www.facecorner.lv\/lv\/shop\/jm-solution-water-luminous-s-o-s-ringer-mask-premium\/\" \/>\n<meta property=\"og:site_name\" content=\"FACECORNER\" \/>\n<meta property=\"article:publisher\" content=\"https:\/\/www.facebook.com\/profile.php?id=100063824551839\" \/>\n<meta property=\"article:modified_time\" content=\"2024-09-27T08:03:25+00:00\" \/>\n<meta property=\"og:image\" content=\"https:\/\/www.facecorner.lv\/wp-content\/uploads\/2023\/10\/max_50039.jpeg\" \/>\n\t<meta property=\"og:image:width\" content=\"750\" \/>\n\t<meta property=\"og:image:height\" content=\"750\" \/>\n\t<meta property=\"og:image:type\" content=\"image\/jpeg\" \/>\n<meta name=\"twitter:card\" content=\"summary_large_image\" \/>\n<meta name=\"twitter:label1\" content=\"Price\" \/>\n\t<meta name=\"twitter:data1\" content=\"&euro;3.50\" \/>\n\t<meta name=\"twitter:label2\" content=\"Availability\" \/>\n\t<meta name=\"twitter:data2\" content=\"Out of stock\" \/>\n<script type=\"application\/ld+json\" class=\"yoast-schema-graph\">{\"@context\":\"https:\\\/\\\/schema.org\",\"@graph\":[{\"@type\":\"WebPage\",\"@id\":\"https:\\\/\\\/www.facecorner.lv\\\/shop\\\/jm-solution-water-luminous-s-o-s-ringer-mask-premium\\\/\",\"url\":\"https:\\\/\\\/www.facecorner.lv\\\/shop\\\/jm-solution-water-luminous-s-o-s-ringer-mask-premium\\\/\",\"name\":\"JM SOLUTION WATER LUMINOUS S.O.S RINGER MASK PREMIUM - FACECORNER\",\"isPartOf\":{\"@id\":\"https:\\\/\\\/www.facecorner.lv\\\/#website\"},\"primaryImageOfPage\":{\"@id\":\"https:\\\/\\\/www.facecorner.lv\\\/shop\\\/jm-solution-water-luminous-s-o-s-ringer-mask-premium\\\/#primaryimage\"},\"image\":{\"@id\":\"https:\\\/\\\/www.facecorner.lv\\\/shop\\\/jm-solution-water-luminous-s-o-s-ringer-mask-premium\\\/#primaryimage\"},\"thumbnailUrl\":\"https:\\\/\\\/www.facecorner.lv\\\/wp-content\\\/uploads\\\/2023\\\/10\\\/max_50039.jpeg\",\"datePublished\":\"2023-10-09T15:17:57+00:00\",\"dateModified\":\"2024-09-27T08:03:25+00:00\",\"breadcrumb\":{\"@id\":\"https:\\\/\\\/www.facecorner.lv\\\/shop\\\/jm-solution-water-luminous-s-o-s-ringer-mask-premium\\\/#breadcrumb\"},\"inLanguage\":\"lv-LV\",\"potentialAction\":[{\"@type\":\"ReadAction\",\"target\":[\"https:\\\/\\\/www.facecorner.lv\\\/shop\\\/jm-solution-water-luminous-s-o-s-ringer-mask-premium\\\/\"]}]},{\"@type\":\"ImageObject\",\"inLanguage\":\"lv-LV\",\"@id\":\"https:\\\/\\\/www.facecorner.lv\\\/shop\\\/jm-solution-water-luminous-s-o-s-ringer-mask-premium\\\/#primaryimage\",\"url\":\"https:\\\/\\\/www.facecorner.lv\\\/wp-content\\\/uploads\\\/2023\\\/10\\\/max_50039.jpeg\",\"contentUrl\":\"https:\\\/\\\/www.facecorner.lv\\\/wp-content\\\/uploads\\\/2023\\\/10\\\/max_50039.jpeg\",\"width\":750,\"height\":750},{\"@type\":\"BreadcrumbList\",\"@id\":\"https:\\\/\\\/www.facecorner.lv\\\/shop\\\/jm-solution-water-luminous-s-o-s-ringer-mask-premium\\\/#breadcrumb\",\"itemListElement\":[{\"@type\":\"ListItem\",\"position\":1,\"name\":\"Home\",\"item\":\"https:\\\/\\\/www.facecorner.lv\\\/\"},{\"@type\":\"ListItem\",\"position\":2,\"name\":\"Veikals\",\"item\":\"https:\\\/\\\/www.facecorner.lv\\\/shop\\\/\"},{\"@type\":\"ListItem\",\"position\":3,\"name\":\"JM SOLUTION WATER LUMINOUS S.O.S RINGER MASK PREMIUM\"}]},{\"@type\":\"WebSite\",\"@id\":\"https:\\\/\\\/www.facecorner.lv\\\/#website\",\"url\":\"https:\\\/\\\/www.facecorner.lv\\\/\",\"name\":\"Facecorner\",\"description\":\"\",\"publisher\":{\"@id\":\"https:\\\/\\\/www.facecorner.lv\\\/#organization\"},\"potentialAction\":[{\"@type\":\"SearchAction\",\"target\":{\"@type\":\"EntryPoint\",\"urlTemplate\":\"https:\\\/\\\/www.facecorner.lv\\\/?s={search_term_string}\"},\"query-input\":{\"@type\":\"PropertyValueSpecification\",\"valueRequired\":true,\"valueName\":\"search_term_string\"}}],\"inLanguage\":\"lv-LV\"},{\"@type\":\"Organization\",\"@id\":\"https:\\\/\\\/www.facecorner.lv\\\/#organization\",\"name\":\"Facecorner\",\"url\":\"https:\\\/\\\/www.facecorner.lv\\\/\",\"logo\":{\"@type\":\"ImageObject\",\"inLanguage\":\"lv-LV\",\"@id\":\"https:\\\/\\\/www.facecorner.lv\\\/#\\\/schema\\\/logo\\\/image\\\/\",\"url\":\"https:\\\/\\\/www.facecorner.lv\\\/wp-content\\\/uploads\\\/2024\\\/04\\\/fc-logo.jpg\",\"contentUrl\":\"https:\\\/\\\/www.facecorner.lv\\\/wp-content\\\/uploads\\\/2024\\\/04\\\/fc-logo.jpg\",\"width\":174,\"height\":28,\"caption\":\"Facecorner\"},\"image\":{\"@id\":\"https:\\\/\\\/www.facecorner.lv\\\/#\\\/schema\\\/logo\\\/image\\\/\"},\"sameAs\":[\"https:\\\/\\\/www.facebook.com\\\/profile.php?id=100063824551839\",\"https:\\\/\\\/www.instagram.com\\\/facecorner_shop\\\/\"]}]}<\/script>\n<meta property=\"product:price:amount\" content=\"3.50\" \/>\n<meta property=\"product:price:currency\" content=\"EUR\" \/>\n<meta property=\"og:availability\" content=\"out of stock\" \/>\n<meta property=\"product:availability\" content=\"out of stock\" \/>\n<meta property=\"product:condition\" content=\"new\" \/>\n<!-- \/ Yoast SEO plugin. -->","yoast_head_json":{"title":"JM SOLUTION WATER LUMINOUS S.O.S RINGER MASK PREMIUM - FACECORNER","robots":{"index":"index","follow":"follow","max-snippet":"max-snippet:-1","max-image-preview":"max-image-preview:large","max-video-preview":"max-video-preview:-1"},"canonical":"https:\/\/www.facecorner.lv\/lv\/shop\/jm-solution-water-luminous-s-o-s-ringer-mask-premium\/","og_locale":"lv_LV","og_type":"article","og_title":"JM SOLUTION WATER LUMINOUS S.O.S RINGER MASK PREMIUM - FACECORNER","og_description":"Jm Solution Water Luminous S.O.S Ringer Mask Premium Intens\u012bvi mitrina un atjauno \u0101du, pal\u0113nina noveco\u0161an\u0101s procesus un pa\u0101trina \u0101das \u0161\u016bnu atjauno\u0161anos. Maskai ir ilgsto\u0161a mitrino\u0161a iedarb\u012bba, kas nov\u0113r\u0161 \u0101das \u0161\u016bnu dehidrat\u0101ciju un dehidrat\u0101ciju. Produkts \u012bs\u0101 laika period\u0101 maksim\u0101li pies\u0101tina \u0101du ar mitrumu un nov\u0113r\u0161 sausumu. Pietiekams mitruma l\u012bmenis \u0101das \u0161\u016bn\u0101s var pal\u0113nin\u0101t noveco\u0161an\u0101s procesu, sa\u0161aurin\u0101t [&hellip;]","og_url":"https:\/\/www.facecorner.lv\/lv\/shop\/jm-solution-water-luminous-s-o-s-ringer-mask-premium\/","og_site_name":"FACECORNER","article_publisher":"https:\/\/www.facebook.com\/profile.php?id=100063824551839","article_modified_time":"2024-09-27T08:03:25+00:00","og_image":[{"width":750,"height":750,"url":"https:\/\/www.facecorner.lv\/wp-content\/uploads\/2023\/10\/max_50039.jpeg","type":"image\/jpeg"}],"twitter_card":"summary_large_image","twitter_misc":{"Price":"&euro;3.50","Availability":"Out of stock"},"schema":{"@context":"https:\/\/schema.org","@graph":[{"@type":"WebPage","@id":"https:\/\/www.facecorner.lv\/shop\/jm-solution-water-luminous-s-o-s-ringer-mask-premium\/","url":"https:\/\/www.facecorner.lv\/shop\/jm-solution-water-luminous-s-o-s-ringer-mask-premium\/","name":"JM SOLUTION WATER LUMINOUS S.O.S RINGER MASK PREMIUM - FACECORNER","isPartOf":{"@id":"https:\/\/www.facecorner.lv\/#website"},"primaryImageOfPage":{"@id":"https:\/\/www.facecorner.lv\/shop\/jm-solution-water-luminous-s-o-s-ringer-mask-premium\/#primaryimage"},"image":{"@id":"https:\/\/www.facecorner.lv\/shop\/jm-solution-water-luminous-s-o-s-ringer-mask-premium\/#primaryimage"},"thumbnailUrl":"https:\/\/www.facecorner.lv\/wp-content\/uploads\/2023\/10\/max_50039.jpeg","datePublished":"2023-10-09T15:17:57+00:00","dateModified":"2024-09-27T08:03:25+00:00","breadcrumb":{"@id":"https:\/\/www.facecorner.lv\/shop\/jm-solution-water-luminous-s-o-s-ringer-mask-premium\/#breadcrumb"},"inLanguage":"lv-LV","potentialAction":[{"@type":"ReadAction","target":["https:\/\/www.facecorner.lv\/shop\/jm-solution-water-luminous-s-o-s-ringer-mask-premium\/"]}]},{"@type":"ImageObject","inLanguage":"lv-LV","@id":"https:\/\/www.facecorner.lv\/shop\/jm-solution-water-luminous-s-o-s-ringer-mask-premium\/#primaryimage","url":"https:\/\/www.facecorner.lv\/wp-content\/uploads\/2023\/10\/max_50039.jpeg","contentUrl":"https:\/\/www.facecorner.lv\/wp-content\/uploads\/2023\/10\/max_50039.jpeg","width":750,"height":750},{"@type":"BreadcrumbList","@id":"https:\/\/www.facecorner.lv\/shop\/jm-solution-water-luminous-s-o-s-ringer-mask-premium\/#breadcrumb","itemListElement":[{"@type":"ListItem","position":1,"name":"Home","item":"https:\/\/www.facecorner.lv\/"},{"@type":"ListItem","position":2,"name":"Veikals","item":"https:\/\/www.facecorner.lv\/shop\/"},{"@type":"ListItem","position":3,"name":"JM SOLUTION WATER LUMINOUS S.O.S RINGER MASK PREMIUM"}]},{"@type":"WebSite","@id":"https:\/\/www.facecorner.lv\/#website","url":"https:\/\/www.facecorner.lv\/","name":"Facecorner","description":"","publisher":{"@id":"https:\/\/www.facecorner.lv\/#organization"},"potentialAction":[{"@type":"SearchAction","target":{"@type":"EntryPoint","urlTemplate":"https:\/\/www.facecorner.lv\/?s={search_term_string}"},"query-input":{"@type":"PropertyValueSpecification","valueRequired":true,"valueName":"search_term_string"}}],"inLanguage":"lv-LV"},{"@type":"Organization","@id":"https:\/\/www.facecorner.lv\/#organization","name":"Facecorner","url":"https:\/\/www.facecorner.lv\/","logo":{"@type":"ImageObject","inLanguage":"lv-LV","@id":"https:\/\/www.facecorner.lv\/#\/schema\/logo\/image\/","url":"https:\/\/www.facecorner.lv\/wp-content\/uploads\/2024\/04\/fc-logo.jpg","contentUrl":"https:\/\/www.facecorner.lv\/wp-content\/uploads\/2024\/04\/fc-logo.jpg","width":174,"height":28,"caption":"Facecorner"},"image":{"@id":"https:\/\/www.facecorner.lv\/#\/schema\/logo\/image\/"},"sameAs":["https:\/\/www.facebook.com\/profile.php?id=100063824551839","https:\/\/www.instagram.com\/facecorner_shop\/"]}]},"product_price_amount":"3.50","product_price_currency":"EUR","og_availability":"out of stock","product_availability":"out of stock","product_condition":"new"},"_links":{"self":[{"href":"https:\/\/www.facecorner.lv\/lv\/wp-json\/wp\/v2\/product\/12559","targetHints":{"allow":["GET"]}}],"collection":[{"href":"https:\/\/www.facecorner.lv\/lv\/wp-json\/wp\/v2\/product"}],"about":[{"href":"https:\/\/www.facecorner.lv\/lv\/wp-json\/wp\/v2\/types\/product"}],"replies":[{"embeddable":true,"href":"https:\/\/www.facecorner.lv\/lv\/wp-json\/wp\/v2\/comments?post=12559"}],"wp:featuredmedia":[{"embeddable":true,"href":"https:\/\/www.facecorner.lv\/lv\/wp-json\/wp\/v2\/media\/12560"}],"wp:attachment":[{"href":"https:\/\/www.facecorner.lv\/lv\/wp-json\/wp\/v2\/media?parent=12559"}],"wp:term":[{"taxonomy":"product_brand","embeddable":true,"href":"https:\/\/www.facecorner.lv\/lv\/wp-json\/wp\/v2\/product_brand?post=12559"},{"taxonomy":"product_cat","embeddable":true,"href":"https:\/\/www.facecorner.lv\/lv\/wp-json\/wp\/v2\/product_cat?post=12559"},{"taxonomy":"product_tag","embeddable":true,"href":"https:\/\/www.facecorner.lv\/lv\/wp-json\/wp\/v2\/product_tag?post=12559"},{"taxonomy":"berocket_brand","embeddable":true,"href":"https:\/\/www.facecorner.lv\/lv\/wp-json\/wp\/v2\/berocket_brand?post=12559"}],"curies":[{"name":"wp","href":"https:\/\/api.w.org\/{rel}","templated":true}]}}