{"id":12554,"date":"2023-10-09T17:10:58","date_gmt":"2023-10-09T15:10:58","guid":{"rendered":"https:\/\/www.facecorner.lv\/?post_type=product&#038;p=12554"},"modified":"2024-10-25T15:25:04","modified_gmt":"2024-10-25T12:25:04","slug":"jmsolution-honey-luminous-royal-propolis-mask-premium","status":"publish","type":"product","link":"https:\/\/www.facecorner.lv\/lv\/shop\/jmsolution-honey-luminous-royal-propolis-mask-premium\/","title":{"rendered":"JmSolution Honey Luminous Royal Propolis Mask Premium"},"content":{"rendered":"<p>JmSolution Honey Luminous Royal Propolis Mask Premium ir lielisks l\u012bdzeklis \u0101das atjauno\u0161anai, dziedin\u0101\u0161anai un toniz\u0113\u0161anai. Produkts satur ekstraktus, pept\u012bdus un aminosk\u0101bes, kas uzlabo dermas turgoru, padarot to nostieptu un elast\u012bgu.<\/p>\n<p>\u0160\u012b maska \u200b\u200bir paredz\u0113ta kvalitat\u012bvai \u0101das atjauno\u0161anai un nostiprin\u0101\u0161anai. P\u0113c \u0161\u012b produkta lieto\u0161anas j\u016bsu \u0101da k\u013c\u016bs elast\u012bg\u0101ka, mirdzo\u0161\u0101ka un pat\u012bkam\u0101ka taustei.<\/p>\n<p><strong>Lieto\u0161anas nor\u0101d\u012bjumi:<\/strong> Uzkl\u0101jiet masku uz iepriek\u0161 att\u012br\u012btas \u0101das. Izl\u012bdziniet un atst\u0101jiet 15 &#8211; 20 min\u016btes, p\u0113c tam no\u0146emiet un uzman\u012bgi sadaliet atliku\u0161o esenci ar mas\u0101\u017eas kust\u012bb\u0101m pa seju, l\u012bdz t\u0101 piln\u012bb\u0101 ies\u016bcas.<\/p>\n","protected":false},"excerpt":{"rendered":"<p>JmSolution Honey Luminous Royal Propolis Mask Premium ir lielisks l\u012bdzeklis \u0101das atjauno\u0161anai, dziedin\u0101\u0161anai un toniz\u0113\u0161anai. Produkts satur ekstraktus, pept\u012bdus un aminosk\u0101bes, kas uzlabo dermas turgoru, padarot to nostieptu un elast\u012bgu. \u0160\u012b maska \u200b\u200bir paredz\u0113ta kvalitat\u012bvai \u0101das atjauno\u0161anai un nostiprin\u0101\u0161anai. P\u0113c \u0161\u012b produkta lieto\u0161anas j\u016bsu \u0101da k\u013c\u016bs elast\u012bg\u0101ka, mirdzo\u0161\u0101ka un pat\u012bkam\u0101ka taustei. Lieto\u0161anas nor\u0101d\u012bjumi: Uzkl\u0101jiet masku [&hellip;]<\/p>\n","protected":false},"featured_media":12555,"comment_status":"open","ping_status":"closed","template":"","meta":{"site-sidebar-layout":"default","site-content-layout":"","ast-site-content-layout":"","site-content-style":"default","site-sidebar-style":"default","ast-global-header-display":"","ast-banner-title-visibility":"","ast-main-header-display":"","ast-hfb-above-header-display":"","ast-hfb-below-header-display":"","ast-hfb-mobile-header-display":"","site-post-title":"","ast-breadcrumbs-content":"","ast-featured-img":"","footer-sml-layout":"","theme-transparent-header-meta":"","adv-header-id-meta":"","stick-header-meta":"","header-above-stick-meta":"","header-main-stick-meta":"","header-below-stick-meta":"","astra-migrate-meta-layouts":"default","ast-page-background-enabled":"default","ast-page-background-meta":{"desktop":{"background-color":"var(--ast-global-color-4)","background-image":"","background-repeat":"repeat","background-position":"center center","background-size":"auto","background-attachment":"scroll","background-type":"","background-media":"","overlay-type":"","overlay-color":"","overlay-opacity":"","overlay-gradient":""},"tablet":{"background-color":"","background-image":"","background-repeat":"repeat","background-position":"center center","background-size":"auto","background-attachment":"scroll","background-type":"","background-media":"","overlay-type":"","overlay-color":"","overlay-opacity":"","overlay-gradient":""},"mobile":{"background-color":"","background-image":"","background-repeat":"repeat","background-position":"center center","background-size":"auto","background-attachment":"scroll","background-type":"","background-media":"","overlay-type":"","overlay-color":"","overlay-opacity":"","overlay-gradient":""}},"ast-content-background-meta":{"desktop":{"background-color":"var(--ast-global-color-5)","background-image":"","background-repeat":"repeat","background-position":"center center","background-size":"auto","background-attachment":"scroll","background-type":"","background-media":"","overlay-type":"","overlay-color":"","overlay-opacity":"","overlay-gradient":""},"tablet":{"background-color":"var(--ast-global-color-5)","background-image":"","background-repeat":"repeat","background-position":"center center","background-size":"auto","background-attachment":"scroll","background-type":"","background-media":"","overlay-type":"","overlay-color":"","overlay-opacity":"","overlay-gradient":""},"mobile":{"background-color":"var(--ast-global-color-5)","background-image":"","background-repeat":"repeat","background-position":"center center","background-size":"auto","background-attachment":"scroll","background-type":"","background-media":"","overlay-type":"","overlay-color":"","overlay-opacity":"","overlay-gradient":""}}},"product_brand":[],"product_cat":[324,315],"product_tag":[],"berocket_brand":[],"class_list":{"0":"post-12554","1":"product","2":"type-product","3":"status-publish","4":"has-post-thumbnail","6":"product_cat-auduma","7":"product_cat-maskas","8":"desktop-align-left","9":"tablet-align-left","10":"mobile-align-left","12":"first","13":"instock","14":"taxable","15":"shipping-taxable","16":"purchasable","17":"product-type-simple","18":"add-to-wishlist-before_image"},"yoast_head":"<!-- This site is optimized with the Yoast SEO plugin v27.3 - https:\/\/yoast.com\/product\/yoast-seo-wordpress\/ -->\n<title>JmSolution Honey Luminous Royal Propolis Mask Premium - FACECORNER<\/title>\n<meta name=\"robots\" content=\"index, follow, max-snippet:-1, max-image-preview:large, max-video-preview:-1\" \/>\n<link rel=\"canonical\" href=\"https:\/\/www.facecorner.lv\/lv\/shop\/jmsolution-honey-luminous-royal-propolis-mask-premium\/\" \/>\n<meta property=\"og:locale\" content=\"lv_LV\" \/>\n<meta property=\"og:type\" content=\"article\" \/>\n<meta property=\"og:title\" content=\"JmSolution Honey Luminous Royal Propolis Mask Premium - FACECORNER\" \/>\n<meta property=\"og:description\" content=\"JmSolution Honey Luminous Royal Propolis Mask Premium ir lielisks l\u012bdzeklis \u0101das atjauno\u0161anai, dziedin\u0101\u0161anai un toniz\u0113\u0161anai. Produkts satur ekstraktus, pept\u012bdus un aminosk\u0101bes, kas uzlabo dermas turgoru, padarot to nostieptu un elast\u012bgu. \u0160\u012b maska \u200b\u200bir paredz\u0113ta kvalitat\u012bvai \u0101das atjauno\u0161anai un nostiprin\u0101\u0161anai. P\u0113c \u0161\u012b produkta lieto\u0161anas j\u016bsu \u0101da k\u013c\u016bs elast\u012bg\u0101ka, mirdzo\u0161\u0101ka un pat\u012bkam\u0101ka taustei. Lieto\u0161anas nor\u0101d\u012bjumi: Uzkl\u0101jiet masku [&hellip;]\" \/>\n<meta property=\"og:url\" content=\"https:\/\/www.facecorner.lv\/lv\/shop\/jmsolution-honey-luminous-royal-propolis-mask-premium\/\" \/>\n<meta property=\"og:site_name\" content=\"FACECORNER\" \/>\n<meta property=\"article:publisher\" content=\"https:\/\/www.facebook.com\/profile.php?id=100063824551839\" \/>\n<meta property=\"article:modified_time\" content=\"2024-10-25T12:25:04+00:00\" \/>\n<meta property=\"og:image\" content=\"https:\/\/www.facecorner.lv\/wp-content\/uploads\/2023\/10\/JmSolution_Honey_Luminous_Royal_Propolis_Mask_Premium-6ff9ec51bc4391b99e7fb870a6fb2e1c.jpeg\" \/>\n\t<meta property=\"og:image:width\" content=\"600\" \/>\n\t<meta property=\"og:image:height\" content=\"600\" \/>\n\t<meta property=\"og:image:type\" content=\"image\/jpeg\" \/>\n<meta name=\"twitter:card\" content=\"summary_large_image\" \/>\n<meta name=\"twitter:label1\" content=\"Price\" \/>\n\t<meta name=\"twitter:data1\" content=\"&euro;3.50\" \/>\n\t<meta name=\"twitter:label2\" content=\"Availability\" \/>\n\t<meta name=\"twitter:data2\" content=\"In stock\" \/>\n<script type=\"application\/ld+json\" class=\"yoast-schema-graph\">{\"@context\":\"https:\\\/\\\/schema.org\",\"@graph\":[{\"@type\":\"WebPage\",\"@id\":\"https:\\\/\\\/www.facecorner.lv\\\/shop\\\/jmsolution-honey-luminous-royal-propolis-mask-premium\\\/\",\"url\":\"https:\\\/\\\/www.facecorner.lv\\\/shop\\\/jmsolution-honey-luminous-royal-propolis-mask-premium\\\/\",\"name\":\"JmSolution Honey Luminous Royal Propolis Mask Premium - FACECORNER\",\"isPartOf\":{\"@id\":\"https:\\\/\\\/www.facecorner.lv\\\/#website\"},\"primaryImageOfPage\":{\"@id\":\"https:\\\/\\\/www.facecorner.lv\\\/shop\\\/jmsolution-honey-luminous-royal-propolis-mask-premium\\\/#primaryimage\"},\"image\":{\"@id\":\"https:\\\/\\\/www.facecorner.lv\\\/shop\\\/jmsolution-honey-luminous-royal-propolis-mask-premium\\\/#primaryimage\"},\"thumbnailUrl\":\"https:\\\/\\\/www.facecorner.lv\\\/wp-content\\\/uploads\\\/2023\\\/10\\\/JmSolution_Honey_Luminous_Royal_Propolis_Mask_Premium-6ff9ec51bc4391b99e7fb870a6fb2e1c.jpeg\",\"datePublished\":\"2023-10-09T15:10:58+00:00\",\"dateModified\":\"2024-10-25T12:25:04+00:00\",\"breadcrumb\":{\"@id\":\"https:\\\/\\\/www.facecorner.lv\\\/shop\\\/jmsolution-honey-luminous-royal-propolis-mask-premium\\\/#breadcrumb\"},\"inLanguage\":\"lv-LV\",\"potentialAction\":[{\"@type\":\"ReadAction\",\"target\":[\"https:\\\/\\\/www.facecorner.lv\\\/shop\\\/jmsolution-honey-luminous-royal-propolis-mask-premium\\\/\"]}]},{\"@type\":\"ImageObject\",\"inLanguage\":\"lv-LV\",\"@id\":\"https:\\\/\\\/www.facecorner.lv\\\/shop\\\/jmsolution-honey-luminous-royal-propolis-mask-premium\\\/#primaryimage\",\"url\":\"https:\\\/\\\/www.facecorner.lv\\\/wp-content\\\/uploads\\\/2023\\\/10\\\/JmSolution_Honey_Luminous_Royal_Propolis_Mask_Premium-6ff9ec51bc4391b99e7fb870a6fb2e1c.jpeg\",\"contentUrl\":\"https:\\\/\\\/www.facecorner.lv\\\/wp-content\\\/uploads\\\/2023\\\/10\\\/JmSolution_Honey_Luminous_Royal_Propolis_Mask_Premium-6ff9ec51bc4391b99e7fb870a6fb2e1c.jpeg\",\"width\":600,\"height\":600},{\"@type\":\"BreadcrumbList\",\"@id\":\"https:\\\/\\\/www.facecorner.lv\\\/shop\\\/jmsolution-honey-luminous-royal-propolis-mask-premium\\\/#breadcrumb\",\"itemListElement\":[{\"@type\":\"ListItem\",\"position\":1,\"name\":\"Home\",\"item\":\"https:\\\/\\\/www.facecorner.lv\\\/\"},{\"@type\":\"ListItem\",\"position\":2,\"name\":\"Veikals\",\"item\":\"https:\\\/\\\/www.facecorner.lv\\\/shop\\\/\"},{\"@type\":\"ListItem\",\"position\":3,\"name\":\"JmSolution Honey Luminous Royal Propolis Mask Premium\"}]},{\"@type\":\"WebSite\",\"@id\":\"https:\\\/\\\/www.facecorner.lv\\\/#website\",\"url\":\"https:\\\/\\\/www.facecorner.lv\\\/\",\"name\":\"Facecorner\",\"description\":\"\",\"publisher\":{\"@id\":\"https:\\\/\\\/www.facecorner.lv\\\/#organization\"},\"potentialAction\":[{\"@type\":\"SearchAction\",\"target\":{\"@type\":\"EntryPoint\",\"urlTemplate\":\"https:\\\/\\\/www.facecorner.lv\\\/?s={search_term_string}\"},\"query-input\":{\"@type\":\"PropertyValueSpecification\",\"valueRequired\":true,\"valueName\":\"search_term_string\"}}],\"inLanguage\":\"lv-LV\"},{\"@type\":\"Organization\",\"@id\":\"https:\\\/\\\/www.facecorner.lv\\\/#organization\",\"name\":\"Facecorner\",\"url\":\"https:\\\/\\\/www.facecorner.lv\\\/\",\"logo\":{\"@type\":\"ImageObject\",\"inLanguage\":\"lv-LV\",\"@id\":\"https:\\\/\\\/www.facecorner.lv\\\/#\\\/schema\\\/logo\\\/image\\\/\",\"url\":\"https:\\\/\\\/www.facecorner.lv\\\/wp-content\\\/uploads\\\/2024\\\/04\\\/fc-logo.jpg\",\"contentUrl\":\"https:\\\/\\\/www.facecorner.lv\\\/wp-content\\\/uploads\\\/2024\\\/04\\\/fc-logo.jpg\",\"width\":174,\"height\":28,\"caption\":\"Facecorner\"},\"image\":{\"@id\":\"https:\\\/\\\/www.facecorner.lv\\\/#\\\/schema\\\/logo\\\/image\\\/\"},\"sameAs\":[\"https:\\\/\\\/www.facebook.com\\\/profile.php?id=100063824551839\",\"https:\\\/\\\/www.instagram.com\\\/facecorner_shop\\\/\"]}]}<\/script>\n<meta property=\"product:price:amount\" content=\"3.50\" \/>\n<meta property=\"product:price:currency\" content=\"EUR\" \/>\n<meta property=\"og:availability\" content=\"instock\" \/>\n<meta property=\"product:availability\" content=\"instock\" \/>\n<meta property=\"product:condition\" content=\"new\" \/>\n<!-- \/ Yoast SEO plugin. -->","yoast_head_json":{"title":"JmSolution Honey Luminous Royal Propolis Mask Premium - FACECORNER","robots":{"index":"index","follow":"follow","max-snippet":"max-snippet:-1","max-image-preview":"max-image-preview:large","max-video-preview":"max-video-preview:-1"},"canonical":"https:\/\/www.facecorner.lv\/lv\/shop\/jmsolution-honey-luminous-royal-propolis-mask-premium\/","og_locale":"lv_LV","og_type":"article","og_title":"JmSolution Honey Luminous Royal Propolis Mask Premium - FACECORNER","og_description":"JmSolution Honey Luminous Royal Propolis Mask Premium ir lielisks l\u012bdzeklis \u0101das atjauno\u0161anai, dziedin\u0101\u0161anai un toniz\u0113\u0161anai. Produkts satur ekstraktus, pept\u012bdus un aminosk\u0101bes, kas uzlabo dermas turgoru, padarot to nostieptu un elast\u012bgu. \u0160\u012b maska \u200b\u200bir paredz\u0113ta kvalitat\u012bvai \u0101das atjauno\u0161anai un nostiprin\u0101\u0161anai. P\u0113c \u0161\u012b produkta lieto\u0161anas j\u016bsu \u0101da k\u013c\u016bs elast\u012bg\u0101ka, mirdzo\u0161\u0101ka un pat\u012bkam\u0101ka taustei. Lieto\u0161anas nor\u0101d\u012bjumi: Uzkl\u0101jiet masku [&hellip;]","og_url":"https:\/\/www.facecorner.lv\/lv\/shop\/jmsolution-honey-luminous-royal-propolis-mask-premium\/","og_site_name":"FACECORNER","article_publisher":"https:\/\/www.facebook.com\/profile.php?id=100063824551839","article_modified_time":"2024-10-25T12:25:04+00:00","og_image":[{"width":600,"height":600,"url":"https:\/\/www.facecorner.lv\/wp-content\/uploads\/2023\/10\/JmSolution_Honey_Luminous_Royal_Propolis_Mask_Premium-6ff9ec51bc4391b99e7fb870a6fb2e1c.jpeg","type":"image\/jpeg"}],"twitter_card":"summary_large_image","twitter_misc":{"Price":"&euro;3.50","Availability":"In stock"},"schema":{"@context":"https:\/\/schema.org","@graph":[{"@type":"WebPage","@id":"https:\/\/www.facecorner.lv\/shop\/jmsolution-honey-luminous-royal-propolis-mask-premium\/","url":"https:\/\/www.facecorner.lv\/shop\/jmsolution-honey-luminous-royal-propolis-mask-premium\/","name":"JmSolution Honey Luminous Royal Propolis Mask Premium - FACECORNER","isPartOf":{"@id":"https:\/\/www.facecorner.lv\/#website"},"primaryImageOfPage":{"@id":"https:\/\/www.facecorner.lv\/shop\/jmsolution-honey-luminous-royal-propolis-mask-premium\/#primaryimage"},"image":{"@id":"https:\/\/www.facecorner.lv\/shop\/jmsolution-honey-luminous-royal-propolis-mask-premium\/#primaryimage"},"thumbnailUrl":"https:\/\/www.facecorner.lv\/wp-content\/uploads\/2023\/10\/JmSolution_Honey_Luminous_Royal_Propolis_Mask_Premium-6ff9ec51bc4391b99e7fb870a6fb2e1c.jpeg","datePublished":"2023-10-09T15:10:58+00:00","dateModified":"2024-10-25T12:25:04+00:00","breadcrumb":{"@id":"https:\/\/www.facecorner.lv\/shop\/jmsolution-honey-luminous-royal-propolis-mask-premium\/#breadcrumb"},"inLanguage":"lv-LV","potentialAction":[{"@type":"ReadAction","target":["https:\/\/www.facecorner.lv\/shop\/jmsolution-honey-luminous-royal-propolis-mask-premium\/"]}]},{"@type":"ImageObject","inLanguage":"lv-LV","@id":"https:\/\/www.facecorner.lv\/shop\/jmsolution-honey-luminous-royal-propolis-mask-premium\/#primaryimage","url":"https:\/\/www.facecorner.lv\/wp-content\/uploads\/2023\/10\/JmSolution_Honey_Luminous_Royal_Propolis_Mask_Premium-6ff9ec51bc4391b99e7fb870a6fb2e1c.jpeg","contentUrl":"https:\/\/www.facecorner.lv\/wp-content\/uploads\/2023\/10\/JmSolution_Honey_Luminous_Royal_Propolis_Mask_Premium-6ff9ec51bc4391b99e7fb870a6fb2e1c.jpeg","width":600,"height":600},{"@type":"BreadcrumbList","@id":"https:\/\/www.facecorner.lv\/shop\/jmsolution-honey-luminous-royal-propolis-mask-premium\/#breadcrumb","itemListElement":[{"@type":"ListItem","position":1,"name":"Home","item":"https:\/\/www.facecorner.lv\/"},{"@type":"ListItem","position":2,"name":"Veikals","item":"https:\/\/www.facecorner.lv\/shop\/"},{"@type":"ListItem","position":3,"name":"JmSolution Honey Luminous Royal Propolis Mask Premium"}]},{"@type":"WebSite","@id":"https:\/\/www.facecorner.lv\/#website","url":"https:\/\/www.facecorner.lv\/","name":"Facecorner","description":"","publisher":{"@id":"https:\/\/www.facecorner.lv\/#organization"},"potentialAction":[{"@type":"SearchAction","target":{"@type":"EntryPoint","urlTemplate":"https:\/\/www.facecorner.lv\/?s={search_term_string}"},"query-input":{"@type":"PropertyValueSpecification","valueRequired":true,"valueName":"search_term_string"}}],"inLanguage":"lv-LV"},{"@type":"Organization","@id":"https:\/\/www.facecorner.lv\/#organization","name":"Facecorner","url":"https:\/\/www.facecorner.lv\/","logo":{"@type":"ImageObject","inLanguage":"lv-LV","@id":"https:\/\/www.facecorner.lv\/#\/schema\/logo\/image\/","url":"https:\/\/www.facecorner.lv\/wp-content\/uploads\/2024\/04\/fc-logo.jpg","contentUrl":"https:\/\/www.facecorner.lv\/wp-content\/uploads\/2024\/04\/fc-logo.jpg","width":174,"height":28,"caption":"Facecorner"},"image":{"@id":"https:\/\/www.facecorner.lv\/#\/schema\/logo\/image\/"},"sameAs":["https:\/\/www.facebook.com\/profile.php?id=100063824551839","https:\/\/www.instagram.com\/facecorner_shop\/"]}]},"product_price_amount":"3.50","product_price_currency":"EUR","og_availability":"instock","product_availability":"instock","product_condition":"new"},"_links":{"self":[{"href":"https:\/\/www.facecorner.lv\/lv\/wp-json\/wp\/v2\/product\/12554","targetHints":{"allow":["GET"]}}],"collection":[{"href":"https:\/\/www.facecorner.lv\/lv\/wp-json\/wp\/v2\/product"}],"about":[{"href":"https:\/\/www.facecorner.lv\/lv\/wp-json\/wp\/v2\/types\/product"}],"replies":[{"embeddable":true,"href":"https:\/\/www.facecorner.lv\/lv\/wp-json\/wp\/v2\/comments?post=12554"}],"wp:featuredmedia":[{"embeddable":true,"href":"https:\/\/www.facecorner.lv\/lv\/wp-json\/wp\/v2\/media\/12555"}],"wp:attachment":[{"href":"https:\/\/www.facecorner.lv\/lv\/wp-json\/wp\/v2\/media?parent=12554"}],"wp:term":[{"taxonomy":"product_brand","embeddable":true,"href":"https:\/\/www.facecorner.lv\/lv\/wp-json\/wp\/v2\/product_brand?post=12554"},{"taxonomy":"product_cat","embeddable":true,"href":"https:\/\/www.facecorner.lv\/lv\/wp-json\/wp\/v2\/product_cat?post=12554"},{"taxonomy":"product_tag","embeddable":true,"href":"https:\/\/www.facecorner.lv\/lv\/wp-json\/wp\/v2\/product_tag?post=12554"},{"taxonomy":"berocket_brand","embeddable":true,"href":"https:\/\/www.facecorner.lv\/lv\/wp-json\/wp\/v2\/berocket_brand?post=12554"}],"curies":[{"name":"wp","href":"https:\/\/api.w.org\/{rel}","templated":true}]}}