{"id":12552,"date":"2023-10-09T17:01:38","date_gmt":"2023-10-09T15:01:38","guid":{"rendered":"https:\/\/www.facecorner.lv\/?post_type=product&#038;p=12552"},"modified":"2025-02-22T08:25:47","modified_gmt":"2025-02-22T05:25:47","slug":"marymay-blackberry-complex-glow-wash-off-pack-125g","status":"publish","type":"product","link":"https:\/\/www.facecorner.lv\/lv\/shop\/marymay-blackberry-complex-glow-wash-off-pack-125g\/","title":{"rendered":"Mary&#038;May Blackberry Complex Glow Wash Off Pack 125g"},"content":{"rendered":"<p>Antioksidanta m\u0101lu maska \u200b\u200bar kazen\u0113m Mary&amp;May Blackberry Complex Glow Wash Off Pack ir izstr\u0101d\u0101ta, lai c\u012bn\u012btos ar pirmaj\u0101m noveco\u0161an\u0101s paz\u012bm\u0113m, blo\u0137\u0113 br\u012bvo radik\u0101\u013cu darb\u012bbu, kuras m\u0113r\u0137is ir izn\u012bcin\u0101t kolag\u0113na un elast\u012bna \u0161\u0137iedras. Maigi noloba epidermas stratum corneum, att\u012bra un no\u0146em lieko sebumu.<\/p>\n<p>Satur augstu kazenes pulvera un ekstrakta koncentr\u0101ciju (7050 ppm), kas ir bag\u0101t\u012bgs antocian\u012bnu avots \u2013 sp\u0113c\u012bgs antioksidants, kas pal\u0113nina noveco\u0161an\u0101s procesus, izvada toks\u012bnus un att\u012bra poras. Kazenes ekstrakts labv\u0113l\u012bgi ietekm\u0113 ar\u012b \u0101du ar rosaceju: samazina kapil\u0101ru caurlaid\u012bbu, palielina asinsvadu elast\u012bbu, stimul\u0113 kolag\u0113na sint\u0113zi un savelk audus.<\/p>\n<p>Pateicoties augstajam augu komponentu saturam, maska \u200b\u200bneizraisa sausumu un dehidrat\u0101ciju, atst\u0101jot \u0101du barotu un mitrin\u0101tu ar\u012b p\u0113c lieto\u0161anas.<\/p>\n<p><strong>Papildu akt\u012bv\u0101s sast\u0101vda\u013cas:<\/strong><\/p>\n<ul>\n<li>4 veidu m\u0101li (Kan\u0101das led\u0101ju, balt\u0101 Amazones un fran\u010du roz\u0101 un za\u013c\u0101) ir sp\u0113c\u012bg\u0101kie absorbenti, kas sp\u0113j absorb\u0113t lieko sebumu un visa veida net\u012brumus, att\u012br\u012bt poras un iz\u0161\u0137\u012bdin\u0101t komedonus. Normaliz\u0113 tauku dziedzeru darb\u012bbu un samazina \u0101das taukain\u012bbu.<\/li>\n<li>Meln\u0101s t\u0113jas ekstrakts toniz\u0113 un uzlabo imunit\u0101ti, nov\u0113r\u0161 bl\u0101vumu, mitrina un baro. Tam ir izteikta antioksidanta iedarb\u012bba, stiprina \u0101das turgoru un uzlabo audu caurlaid\u012bbu, k\u0101 rezult\u0101t\u0101 visas produkta sast\u0101vda\u013cas iek\u013c\u016bst dzi\u013c\u0101k \u0101d\u0101 un lab\u0101k uzs\u016bcas taj\u0101.<\/li>\n<\/ul>\n<p><strong>Lieto\u0161anas nor\u0101d\u012bjumi:<\/strong> p\u0113c att\u012br\u012b\u0161anas uzkl\u0101t masku uz sausas \u0101das, uzkl\u0101t uz sejas, izvairoties no acu un mutes zonas, un atst\u0101t uz 10-15 min\u016bt\u0113m. Noskalojiet ar siltu \u016bdeni.<\/p>\n<p><strong>S\u0101stavs:<\/strong> Purified water, kaolin, glycerin, bentonite, 1,2-hexanediol, dipropylene glycol, western raspberry extract, kelp extract, nasturtium leaf extract, black tea extract, hydrogenated lecithin, butylene glycol, xanthan gum, sweet Almond shell powder, allantoin, fructo-oligosaccharides, maniquagan clay, beta-glucan, Canadian colloidal clay, tocopherol, yeast fermentation filtrate, illite, hydrolyzed hyaluronic acid, montmorillonite, fragrance, Ethylhexylglycerin, Black Iron Oxide, Red Iron Oxide<\/p>\n","protected":false},"excerpt":{"rendered":"<p>Antioksidanta m\u0101lu maska \u200b\u200bar kazen\u0113m Mary&amp;May Blackberry Complex Glow Wash Off Pack ir izstr\u0101d\u0101ta, lai c\u012bn\u012btos ar pirmaj\u0101m noveco\u0161an\u0101s paz\u012bm\u0113m, blo\u0137\u0113 br\u012bvo radik\u0101\u013cu darb\u012bbu, kuras m\u0113r\u0137is ir izn\u012bcin\u0101t kolag\u0113na un elast\u012bna \u0161\u0137iedras. Maigi noloba epidermas stratum corneum, att\u012bra un no\u0146em lieko sebumu. Satur augstu kazenes pulvera un ekstrakta koncentr\u0101ciju (7050 ppm), kas ir bag\u0101t\u012bgs antocian\u012bnu [&hellip;]<\/p>\n","protected":false},"featured_media":12553,"comment_status":"open","ping_status":"closed","template":"","meta":{"site-sidebar-layout":"default","site-content-layout":"","ast-site-content-layout":"","site-content-style":"default","site-sidebar-style":"default","ast-global-header-display":"","ast-banner-title-visibility":"","ast-main-header-display":"","ast-hfb-above-header-display":"","ast-hfb-below-header-display":"","ast-hfb-mobile-header-display":"","site-post-title":"","ast-breadcrumbs-content":"","ast-featured-img":"","footer-sml-layout":"","theme-transparent-header-meta":"","adv-header-id-meta":"","stick-header-meta":"","header-above-stick-meta":"","header-main-stick-meta":"","header-below-stick-meta":"","astra-migrate-meta-layouts":"default","ast-page-background-enabled":"default","ast-page-background-meta":{"desktop":{"background-color":"var(--ast-global-color-4)","background-image":"","background-repeat":"repeat","background-position":"center center","background-size":"auto","background-attachment":"scroll","background-type":"","background-media":"","overlay-type":"","overlay-color":"","overlay-opacity":"","overlay-gradient":""},"tablet":{"background-color":"","background-image":"","background-repeat":"repeat","background-position":"center center","background-size":"auto","background-attachment":"scroll","background-type":"","background-media":"","overlay-type":"","overlay-color":"","overlay-opacity":"","overlay-gradient":""},"mobile":{"background-color":"","background-image":"","background-repeat":"repeat","background-position":"center center","background-size":"auto","background-attachment":"scroll","background-type":"","background-media":"","overlay-type":"","overlay-color":"","overlay-opacity":"","overlay-gradient":""}},"ast-content-background-meta":{"desktop":{"background-color":"var(--ast-global-color-5)","background-image":"","background-repeat":"repeat","background-position":"center center","background-size":"auto","background-attachment":"scroll","background-type":"","background-media":"","overlay-type":"","overlay-color":"","overlay-opacity":"","overlay-gradient":""},"tablet":{"background-color":"var(--ast-global-color-5)","background-image":"","background-repeat":"repeat","background-position":"center center","background-size":"auto","background-attachment":"scroll","background-type":"","background-media":"","overlay-type":"","overlay-color":"","overlay-opacity":"","overlay-gradient":""},"mobile":{"background-color":"var(--ast-global-color-5)","background-image":"","background-repeat":"repeat","background-position":"center center","background-size":"auto","background-attachment":"scroll","background-type":"","background-media":"","overlay-type":"","overlay-color":"","overlay-opacity":"","overlay-gradient":""}}},"product_brand":[],"product_cat":[316,315],"product_tag":[],"berocket_brand":[],"class_list":{"0":"post-12552","1":"product","2":"type-product","3":"status-publish","4":"has-post-thumbnail","6":"product_cat-attirosas","7":"product_cat-maskas","8":"desktop-align-left","9":"tablet-align-left","10":"mobile-align-left","12":"first","13":"outofstock","14":"taxable","15":"shipping-taxable","16":"purchasable","17":"product-type-simple","18":"add-to-wishlist-before_image"},"yoast_head":"<!-- This site is optimized with the Yoast SEO plugin v27.4 - https:\/\/yoast.com\/product\/yoast-seo-wordpress\/ -->\n<title>Mary&amp;May Blackberry Complex Glow Wash Off Pack 125g - FACECORNER<\/title>\n<meta name=\"robots\" content=\"index, follow, max-snippet:-1, max-image-preview:large, max-video-preview:-1\" \/>\n<link rel=\"canonical\" href=\"https:\/\/www.facecorner.lv\/lv\/shop\/marymay-blackberry-complex-glow-wash-off-pack-125g\/\" \/>\n<meta property=\"og:locale\" content=\"lv_LV\" \/>\n<meta property=\"og:type\" content=\"article\" \/>\n<meta property=\"og:title\" content=\"Mary&amp;May Blackberry Complex Glow Wash Off Pack 125g - FACECORNER\" \/>\n<meta property=\"og:description\" content=\"Antioksidanta m\u0101lu maska \u200b\u200bar kazen\u0113m Mary&amp;May Blackberry Complex Glow Wash Off Pack ir izstr\u0101d\u0101ta, lai c\u012bn\u012btos ar pirmaj\u0101m noveco\u0161an\u0101s paz\u012bm\u0113m, blo\u0137\u0113 br\u012bvo radik\u0101\u013cu darb\u012bbu, kuras m\u0113r\u0137is ir izn\u012bcin\u0101t kolag\u0113na un elast\u012bna \u0161\u0137iedras. Maigi noloba epidermas stratum corneum, att\u012bra un no\u0146em lieko sebumu. Satur augstu kazenes pulvera un ekstrakta koncentr\u0101ciju (7050 ppm), kas ir bag\u0101t\u012bgs antocian\u012bnu [&hellip;]\" \/>\n<meta property=\"og:url\" content=\"https:\/\/www.facecorner.lv\/lv\/shop\/marymay-blackberry-complex-glow-wash-off-pack-125g\/\" \/>\n<meta property=\"og:site_name\" content=\"FACECORNER\" \/>\n<meta property=\"article:publisher\" content=\"https:\/\/www.facebook.com\/profile.php?id=100063824551839\" \/>\n<meta property=\"article:modified_time\" content=\"2025-02-22T05:25:47+00:00\" \/>\n<meta property=\"og:image\" content=\"https:\/\/www.facecorner.lv\/wp-content\/uploads\/2023\/10\/2_900x.webp\" \/>\n\t<meta property=\"og:image:width\" content=\"750\" \/>\n\t<meta property=\"og:image:height\" content=\"750\" \/>\n\t<meta property=\"og:image:type\" content=\"image\/webp\" \/>\n<meta name=\"twitter:card\" content=\"summary_large_image\" \/>\n<meta name=\"twitter:label1\" content=\"Price\" \/>\n\t<meta name=\"twitter:data1\" content=\"&euro;28.00\" \/>\n\t<meta name=\"twitter:label2\" content=\"Availability\" \/>\n\t<meta name=\"twitter:data2\" content=\"Out of stock\" \/>\n<script type=\"application\/ld+json\" class=\"yoast-schema-graph\">{\"@context\":\"https:\\\/\\\/schema.org\",\"@graph\":[{\"@type\":\"WebPage\",\"@id\":\"https:\\\/\\\/www.facecorner.lv\\\/shop\\\/marymay-blackberry-complex-glow-wash-off-pack-125g\\\/\",\"url\":\"https:\\\/\\\/www.facecorner.lv\\\/shop\\\/marymay-blackberry-complex-glow-wash-off-pack-125g\\\/\",\"name\":\"Mary&May Blackberry Complex Glow Wash Off Pack 125g - FACECORNER\",\"isPartOf\":{\"@id\":\"https:\\\/\\\/www.facecorner.lv\\\/#website\"},\"primaryImageOfPage\":{\"@id\":\"https:\\\/\\\/www.facecorner.lv\\\/shop\\\/marymay-blackberry-complex-glow-wash-off-pack-125g\\\/#primaryimage\"},\"image\":{\"@id\":\"https:\\\/\\\/www.facecorner.lv\\\/shop\\\/marymay-blackberry-complex-glow-wash-off-pack-125g\\\/#primaryimage\"},\"thumbnailUrl\":\"https:\\\/\\\/www.facecorner.lv\\\/wp-content\\\/uploads\\\/2023\\\/10\\\/2_900x.webp\",\"datePublished\":\"2023-10-09T15:01:38+00:00\",\"dateModified\":\"2025-02-22T05:25:47+00:00\",\"breadcrumb\":{\"@id\":\"https:\\\/\\\/www.facecorner.lv\\\/shop\\\/marymay-blackberry-complex-glow-wash-off-pack-125g\\\/#breadcrumb\"},\"inLanguage\":\"lv-LV\",\"potentialAction\":[{\"@type\":\"ReadAction\",\"target\":[\"https:\\\/\\\/www.facecorner.lv\\\/shop\\\/marymay-blackberry-complex-glow-wash-off-pack-125g\\\/\"]}]},{\"@type\":\"ImageObject\",\"inLanguage\":\"lv-LV\",\"@id\":\"https:\\\/\\\/www.facecorner.lv\\\/shop\\\/marymay-blackberry-complex-glow-wash-off-pack-125g\\\/#primaryimage\",\"url\":\"https:\\\/\\\/www.facecorner.lv\\\/wp-content\\\/uploads\\\/2023\\\/10\\\/2_900x.webp\",\"contentUrl\":\"https:\\\/\\\/www.facecorner.lv\\\/wp-content\\\/uploads\\\/2023\\\/10\\\/2_900x.webp\",\"width\":750,\"height\":750},{\"@type\":\"BreadcrumbList\",\"@id\":\"https:\\\/\\\/www.facecorner.lv\\\/shop\\\/marymay-blackberry-complex-glow-wash-off-pack-125g\\\/#breadcrumb\",\"itemListElement\":[{\"@type\":\"ListItem\",\"position\":1,\"name\":\"Home\",\"item\":\"https:\\\/\\\/www.facecorner.lv\\\/\"},{\"@type\":\"ListItem\",\"position\":2,\"name\":\"Veikals\",\"item\":\"https:\\\/\\\/www.facecorner.lv\\\/shop\\\/\"},{\"@type\":\"ListItem\",\"position\":3,\"name\":\"Mary&#038;May Blackberry Complex Glow Wash Off Pack 125g\"}]},{\"@type\":\"WebSite\",\"@id\":\"https:\\\/\\\/www.facecorner.lv\\\/#website\",\"url\":\"https:\\\/\\\/www.facecorner.lv\\\/\",\"name\":\"Facecorner\",\"description\":\"\",\"publisher\":{\"@id\":\"https:\\\/\\\/www.facecorner.lv\\\/#organization\"},\"potentialAction\":[{\"@type\":\"SearchAction\",\"target\":{\"@type\":\"EntryPoint\",\"urlTemplate\":\"https:\\\/\\\/www.facecorner.lv\\\/?s={search_term_string}\"},\"query-input\":{\"@type\":\"PropertyValueSpecification\",\"valueRequired\":true,\"valueName\":\"search_term_string\"}}],\"inLanguage\":\"lv-LV\"},{\"@type\":\"Organization\",\"@id\":\"https:\\\/\\\/www.facecorner.lv\\\/#organization\",\"name\":\"Facecorner\",\"url\":\"https:\\\/\\\/www.facecorner.lv\\\/\",\"logo\":{\"@type\":\"ImageObject\",\"inLanguage\":\"lv-LV\",\"@id\":\"https:\\\/\\\/www.facecorner.lv\\\/#\\\/schema\\\/logo\\\/image\\\/\",\"url\":\"https:\\\/\\\/www.facecorner.lv\\\/wp-content\\\/uploads\\\/2024\\\/04\\\/fc-logo.jpg\",\"contentUrl\":\"https:\\\/\\\/www.facecorner.lv\\\/wp-content\\\/uploads\\\/2024\\\/04\\\/fc-logo.jpg\",\"width\":174,\"height\":28,\"caption\":\"Facecorner\"},\"image\":{\"@id\":\"https:\\\/\\\/www.facecorner.lv\\\/#\\\/schema\\\/logo\\\/image\\\/\"},\"sameAs\":[\"https:\\\/\\\/www.facebook.com\\\/profile.php?id=100063824551839\",\"https:\\\/\\\/www.instagram.com\\\/facecorner_shop\\\/\"]}]}<\/script>\n<meta property=\"product:price:amount\" content=\"28.00\" \/>\n<meta property=\"product:price:currency\" content=\"EUR\" \/>\n<meta property=\"og:availability\" content=\"out of stock\" \/>\n<meta property=\"product:availability\" content=\"out of stock\" \/>\n<meta property=\"product:condition\" content=\"new\" \/>\n<!-- \/ Yoast SEO plugin. -->","yoast_head_json":{"title":"Mary&May Blackberry Complex Glow Wash Off Pack 125g - FACECORNER","robots":{"index":"index","follow":"follow","max-snippet":"max-snippet:-1","max-image-preview":"max-image-preview:large","max-video-preview":"max-video-preview:-1"},"canonical":"https:\/\/www.facecorner.lv\/lv\/shop\/marymay-blackberry-complex-glow-wash-off-pack-125g\/","og_locale":"lv_LV","og_type":"article","og_title":"Mary&May Blackberry Complex Glow Wash Off Pack 125g - FACECORNER","og_description":"Antioksidanta m\u0101lu maska \u200b\u200bar kazen\u0113m Mary&amp;May Blackberry Complex Glow Wash Off Pack ir izstr\u0101d\u0101ta, lai c\u012bn\u012btos ar pirmaj\u0101m noveco\u0161an\u0101s paz\u012bm\u0113m, blo\u0137\u0113 br\u012bvo radik\u0101\u013cu darb\u012bbu, kuras m\u0113r\u0137is ir izn\u012bcin\u0101t kolag\u0113na un elast\u012bna \u0161\u0137iedras. Maigi noloba epidermas stratum corneum, att\u012bra un no\u0146em lieko sebumu. Satur augstu kazenes pulvera un ekstrakta koncentr\u0101ciju (7050 ppm), kas ir bag\u0101t\u012bgs antocian\u012bnu [&hellip;]","og_url":"https:\/\/www.facecorner.lv\/lv\/shop\/marymay-blackberry-complex-glow-wash-off-pack-125g\/","og_site_name":"FACECORNER","article_publisher":"https:\/\/www.facebook.com\/profile.php?id=100063824551839","article_modified_time":"2025-02-22T05:25:47+00:00","og_image":[{"width":750,"height":750,"url":"https:\/\/www.facecorner.lv\/wp-content\/uploads\/2023\/10\/2_900x.webp","type":"image\/webp"}],"twitter_card":"summary_large_image","twitter_misc":{"Price":"&euro;28.00","Availability":"Out of stock"},"schema":{"@context":"https:\/\/schema.org","@graph":[{"@type":"WebPage","@id":"https:\/\/www.facecorner.lv\/shop\/marymay-blackberry-complex-glow-wash-off-pack-125g\/","url":"https:\/\/www.facecorner.lv\/shop\/marymay-blackberry-complex-glow-wash-off-pack-125g\/","name":"Mary&May Blackberry Complex Glow Wash Off Pack 125g - FACECORNER","isPartOf":{"@id":"https:\/\/www.facecorner.lv\/#website"},"primaryImageOfPage":{"@id":"https:\/\/www.facecorner.lv\/shop\/marymay-blackberry-complex-glow-wash-off-pack-125g\/#primaryimage"},"image":{"@id":"https:\/\/www.facecorner.lv\/shop\/marymay-blackberry-complex-glow-wash-off-pack-125g\/#primaryimage"},"thumbnailUrl":"https:\/\/www.facecorner.lv\/wp-content\/uploads\/2023\/10\/2_900x.webp","datePublished":"2023-10-09T15:01:38+00:00","dateModified":"2025-02-22T05:25:47+00:00","breadcrumb":{"@id":"https:\/\/www.facecorner.lv\/shop\/marymay-blackberry-complex-glow-wash-off-pack-125g\/#breadcrumb"},"inLanguage":"lv-LV","potentialAction":[{"@type":"ReadAction","target":["https:\/\/www.facecorner.lv\/shop\/marymay-blackberry-complex-glow-wash-off-pack-125g\/"]}]},{"@type":"ImageObject","inLanguage":"lv-LV","@id":"https:\/\/www.facecorner.lv\/shop\/marymay-blackberry-complex-glow-wash-off-pack-125g\/#primaryimage","url":"https:\/\/www.facecorner.lv\/wp-content\/uploads\/2023\/10\/2_900x.webp","contentUrl":"https:\/\/www.facecorner.lv\/wp-content\/uploads\/2023\/10\/2_900x.webp","width":750,"height":750},{"@type":"BreadcrumbList","@id":"https:\/\/www.facecorner.lv\/shop\/marymay-blackberry-complex-glow-wash-off-pack-125g\/#breadcrumb","itemListElement":[{"@type":"ListItem","position":1,"name":"Home","item":"https:\/\/www.facecorner.lv\/"},{"@type":"ListItem","position":2,"name":"Veikals","item":"https:\/\/www.facecorner.lv\/shop\/"},{"@type":"ListItem","position":3,"name":"Mary&#038;May Blackberry Complex Glow Wash Off Pack 125g"}]},{"@type":"WebSite","@id":"https:\/\/www.facecorner.lv\/#website","url":"https:\/\/www.facecorner.lv\/","name":"Facecorner","description":"","publisher":{"@id":"https:\/\/www.facecorner.lv\/#organization"},"potentialAction":[{"@type":"SearchAction","target":{"@type":"EntryPoint","urlTemplate":"https:\/\/www.facecorner.lv\/?s={search_term_string}"},"query-input":{"@type":"PropertyValueSpecification","valueRequired":true,"valueName":"search_term_string"}}],"inLanguage":"lv-LV"},{"@type":"Organization","@id":"https:\/\/www.facecorner.lv\/#organization","name":"Facecorner","url":"https:\/\/www.facecorner.lv\/","logo":{"@type":"ImageObject","inLanguage":"lv-LV","@id":"https:\/\/www.facecorner.lv\/#\/schema\/logo\/image\/","url":"https:\/\/www.facecorner.lv\/wp-content\/uploads\/2024\/04\/fc-logo.jpg","contentUrl":"https:\/\/www.facecorner.lv\/wp-content\/uploads\/2024\/04\/fc-logo.jpg","width":174,"height":28,"caption":"Facecorner"},"image":{"@id":"https:\/\/www.facecorner.lv\/#\/schema\/logo\/image\/"},"sameAs":["https:\/\/www.facebook.com\/profile.php?id=100063824551839","https:\/\/www.instagram.com\/facecorner_shop\/"]}]},"product_price_amount":"28.00","product_price_currency":"EUR","og_availability":"out of stock","product_availability":"out of stock","product_condition":"new"},"_links":{"self":[{"href":"https:\/\/www.facecorner.lv\/lv\/wp-json\/wp\/v2\/product\/12552","targetHints":{"allow":["GET"]}}],"collection":[{"href":"https:\/\/www.facecorner.lv\/lv\/wp-json\/wp\/v2\/product"}],"about":[{"href":"https:\/\/www.facecorner.lv\/lv\/wp-json\/wp\/v2\/types\/product"}],"replies":[{"embeddable":true,"href":"https:\/\/www.facecorner.lv\/lv\/wp-json\/wp\/v2\/comments?post=12552"}],"wp:featuredmedia":[{"embeddable":true,"href":"https:\/\/www.facecorner.lv\/lv\/wp-json\/wp\/v2\/media\/12553"}],"wp:attachment":[{"href":"https:\/\/www.facecorner.lv\/lv\/wp-json\/wp\/v2\/media?parent=12552"}],"wp:term":[{"taxonomy":"product_brand","embeddable":true,"href":"https:\/\/www.facecorner.lv\/lv\/wp-json\/wp\/v2\/product_brand?post=12552"},{"taxonomy":"product_cat","embeddable":true,"href":"https:\/\/www.facecorner.lv\/lv\/wp-json\/wp\/v2\/product_cat?post=12552"},{"taxonomy":"product_tag","embeddable":true,"href":"https:\/\/www.facecorner.lv\/lv\/wp-json\/wp\/v2\/product_tag?post=12552"},{"taxonomy":"berocket_brand","embeddable":true,"href":"https:\/\/www.facecorner.lv\/lv\/wp-json\/wp\/v2\/berocket_brand?post=12552"}],"curies":[{"name":"wp","href":"https:\/\/api.w.org\/{rel}","templated":true}]}}