{"id":12533,"date":"2023-10-09T12:58:05","date_gmt":"2023-10-09T10:58:05","guid":{"rendered":"https:\/\/www.facecorner.lv\/?post_type=product&#038;p=12533"},"modified":"2023-12-23T15:25:45","modified_gmt":"2023-12-23T13:25:45","slug":"tocobo-multi-ceramide-cream-50ml","status":"publish","type":"product","link":"https:\/\/www.facecorner.lv\/lv\/shop\/tocobo-multi-ceramide-cream-50ml\/","title":{"rendered":"Tocobo Multi Ceramide Cream 50ml"},"content":{"rendered":"<p>Atjaunojo\u0161ais kr\u0113ms ar multikeram\u012bdu Tocobo Multi Ceramide Cream ir v\u0113rsts uz sp\u0113c\u012bgu epidermas barjerfunkciju atjauno\u0161anu, atjauno lip\u012bdu sl\u0101ni un efekt\u012bvi nov\u0113r\u0161 sausumu un lob\u012b\u0161anos.<\/p>\n<p>Veido aizsargbarjeru uz \u0101das virsmas, kas nofiks\u0113 mitrumu \u0161\u016bn\u0101s, uztur optim\u0101lu hidrat\u0101cijas l\u012bmeni un nov\u0113r\u0161 dehidrat\u0101ciju. Lieliski piem\u0113rots dehidr\u0113tai \u0101dai.<\/p>\n<p>Stiprina im\u016bnsist\u0113mu, uzlabo vesel\u012bbu, papildina miner\u0101lvielu un vitam\u012bnu tr\u016bkumu, kas nepiecie\u0161ami dz\u012bv\u012bbas procesu pareizai darb\u012bbai. Nomierina kairin\u0101jumu, mazina niezi un aps\u0101rtumu.<\/p>\n<p>Kr\u0113juma galven\u0101 sast\u0101vda\u013ca ir <strong>5 keram\u012bdu komplekss<\/strong> (1000 ppm):<\/p>\n<ul>\n<li><strong>Ceramide NP<\/strong> &#8211; intens\u012bvi mitrina un saglab\u0101 mitrumu epiderm\u0101;<\/li>\n<li><strong>Ceramide NS<\/strong> &#8211; palielina \u0101das uzs\u016bk\u0161anas sp\u0113ju un aizsarg\u0101 pret p\u0101rm\u0113r\u012bgu mitruma zudumu;<\/li>\n<li><strong>Ceramide AP<\/strong> &#8211; veido aizsargbarjeru, kas atjauno lip\u012bdu sl\u0101ni un nov\u0113r\u0161 dehidrat\u0101ciju;<\/li>\n<li><strong>Ceramide AS<\/strong> &#8211; ievada mitrumu dzi\u013ci \u0161\u016bn\u0101s, atjauno vesel\u012bgu mirdzumu un tonusu;<\/li>\n<li><strong>Ceramide EOP<\/strong> &#8211; stiprina \u016bdens-lip\u012bdu barjeru, aizsarg\u0101 pret vides faktoru agres\u012bvo ietekmi.<\/li>\n<li>Piem\u0113rots sausai, norm\u0101lai un kombin\u0113tai \u0101dai.<\/li>\n<\/ul>\n<p>Produktam ir \u0161erbeta tekst\u016bra, tas k\u016bst, saskaroties ar siltu \u0101du, un viegli kl\u0101jas pa seju, neatst\u0101jot nek\u0101du lip\u012bgumu.<\/p>\n<p><strong>Lieto\u0161anas nor\u0101d\u012bjumi:<\/strong> Uzkl\u0101jiet nepiecie\u0161amo kr\u0113ma daudzumu k\u0101 p\u0113d\u0113jo soli.<\/p>\n<p><strong>S\u0101stavs: <\/strong>Purified water, glycerin, coco-caprylate\/caprate, polyglyceryl-3 methyl glucose distearate, squalane, caprylic\/capric triglyceride, pentylene glycol, propanediol, polyglyceryl-3 distea rate, cyclohexasiloxane, 1,2-hexanediol, butylene glycol, chlorella extract, shea butter, hyaluronic acid, hydrolyzed hyaluronic acid, sodium hyaluronate, cetearyloli Bate, diphenyldimethicone, diphenylsiloxyphenyltrimethicone, sorbitan olivate, hydrogenated coco-glyceride, glyceryl stearate, polymethylsilsesquioxane, glucose, hydroxyacetophenone, acrylate \/C10-30 alkyl acrylate crosspolymer, fructooligosaccharide, fructose, sodium polyacrylate starch, tromethamine, glyceryl stearate citrate, panthenol, hydroxyethyl acrylate \/ sodium acrylo Yldimethyltaurate copolymer, hydrogenated lecithin, sodium phytate, stearic acid, ethylhexylglycerin, beta-glucan, ceramide NP, ceramide NS, cholesterol, phytosphingosine, ceramide AP, ceramide ACE, ceramide IO , cetearyl alcohol, xanthan gum, fragrance, linalool, hexylcinnamal, benzyl benzoate, eugenol, hydroxycitronellal<\/p>\n<p>&nbsp;<\/p>\n","protected":false},"excerpt":{"rendered":"<p>Atjaunojo\u0161ais kr\u0113ms ar multikeram\u012bdu Tocobo Multi Ceramide Cream ir v\u0113rsts uz sp\u0113c\u012bgu epidermas barjerfunkciju atjauno\u0161anu, atjauno lip\u012bdu sl\u0101ni un efekt\u012bvi nov\u0113r\u0161 sausumu un lob\u012b\u0161anos. Veido aizsargbarjeru uz \u0101das virsmas, kas nofiks\u0113 mitrumu \u0161\u016bn\u0101s, uztur optim\u0101lu hidrat\u0101cijas l\u012bmeni un nov\u0113r\u0161 dehidrat\u0101ciju. Lieliski piem\u0113rots dehidr\u0113tai \u0101dai. Stiprina im\u016bnsist\u0113mu, uzlabo vesel\u012bbu, papildina miner\u0101lvielu un vitam\u012bnu tr\u016bkumu, kas nepiecie\u0161ami [&hellip;]<\/p>\n","protected":false},"featured_media":12534,"comment_status":"open","ping_status":"closed","template":"","meta":{"site-sidebar-layout":"default","site-content-layout":"","ast-site-content-layout":"","site-content-style":"default","site-sidebar-style":"default","ast-global-header-display":"","ast-banner-title-visibility":"","ast-main-header-display":"","ast-hfb-above-header-display":"","ast-hfb-below-header-display":"","ast-hfb-mobile-header-display":"","site-post-title":"","ast-breadcrumbs-content":"","ast-featured-img":"","footer-sml-layout":"","theme-transparent-header-meta":"","adv-header-id-meta":"","stick-header-meta":"","header-above-stick-meta":"","header-main-stick-meta":"","header-below-stick-meta":"","astra-migrate-meta-layouts":"default","ast-page-background-enabled":"default","ast-page-background-meta":{"desktop":{"background-color":"var(--ast-global-color-4)","background-image":"","background-repeat":"repeat","background-position":"center center","background-size":"auto","background-attachment":"scroll","background-type":"","background-media":"","overlay-type":"","overlay-color":"","overlay-opacity":"","overlay-gradient":""},"tablet":{"background-color":"","background-image":"","background-repeat":"repeat","background-position":"center center","background-size":"auto","background-attachment":"scroll","background-type":"","background-media":"","overlay-type":"","overlay-color":"","overlay-opacity":"","overlay-gradient":""},"mobile":{"background-color":"","background-image":"","background-repeat":"repeat","background-position":"center center","background-size":"auto","background-attachment":"scroll","background-type":"","background-media":"","overlay-type":"","overlay-color":"","overlay-opacity":"","overlay-gradient":""}},"ast-content-background-meta":{"desktop":{"background-color":"var(--ast-global-color-5)","background-image":"","background-repeat":"repeat","background-position":"center center","background-size":"auto","background-attachment":"scroll","background-type":"","background-media":"","overlay-type":"","overlay-color":"","overlay-opacity":"","overlay-gradient":""},"tablet":{"background-color":"var(--ast-global-color-5)","background-image":"","background-repeat":"repeat","background-position":"center center","background-size":"auto","background-attachment":"scroll","background-type":"","background-media":"","overlay-type":"","overlay-color":"","overlay-opacity":"","overlay-gradient":""},"mobile":{"background-color":"var(--ast-global-color-5)","background-image":"","background-repeat":"repeat","background-position":"center center","background-size":"auto","background-attachment":"scroll","background-type":"","background-media":"","overlay-type":"","overlay-color":"","overlay-opacity":"","overlay-gradient":""}}},"product_brand":[],"product_cat":[365,380,366,367,379,307,362],"product_tag":[],"berocket_brand":[],"class_list":{"0":"post-12533","1":"product","2":"type-product","3":"status-publish","4":"has-post-thumbnail","6":"product_cat-barojoss","7":"product_cat-kombinetai-adai","8":"product_cat-mitrinoss","9":"product_cat-nomierinoss","10":"product_cat-sausai-adai-anti-age","11":"product_cat-sejai","12":"product_cat-sejas-krems","13":"desktop-align-left","14":"tablet-align-left","15":"mobile-align-left","17":"first","18":"outofstock","19":"taxable","20":"shipping-taxable","21":"purchasable","22":"product-type-simple","23":"add-to-wishlist-before_image"},"yoast_head":"<!-- This site is optimized with the Yoast SEO plugin v27.3 - https:\/\/yoast.com\/product\/yoast-seo-wordpress\/ -->\n<title>Tocobo Multi Ceramide Cream 50ml - FACECORNER<\/title>\n<meta name=\"robots\" content=\"index, follow, max-snippet:-1, max-image-preview:large, max-video-preview:-1\" \/>\n<link rel=\"canonical\" href=\"https:\/\/www.facecorner.lv\/lv\/shop\/tocobo-multi-ceramide-cream-50ml\/\" \/>\n<meta property=\"og:locale\" content=\"lv_LV\" \/>\n<meta property=\"og:type\" content=\"article\" \/>\n<meta property=\"og:title\" content=\"Tocobo Multi Ceramide Cream 50ml - FACECORNER\" \/>\n<meta property=\"og:description\" content=\"Atjaunojo\u0161ais kr\u0113ms ar multikeram\u012bdu Tocobo Multi Ceramide Cream ir v\u0113rsts uz sp\u0113c\u012bgu epidermas barjerfunkciju atjauno\u0161anu, atjauno lip\u012bdu sl\u0101ni un efekt\u012bvi nov\u0113r\u0161 sausumu un lob\u012b\u0161anos. Veido aizsargbarjeru uz \u0101das virsmas, kas nofiks\u0113 mitrumu \u0161\u016bn\u0101s, uztur optim\u0101lu hidrat\u0101cijas l\u012bmeni un nov\u0113r\u0161 dehidrat\u0101ciju. Lieliski piem\u0113rots dehidr\u0113tai \u0101dai. Stiprina im\u016bnsist\u0113mu, uzlabo vesel\u012bbu, papildina miner\u0101lvielu un vitam\u012bnu tr\u016bkumu, kas nepiecie\u0161ami [&hellip;]\" \/>\n<meta property=\"og:url\" content=\"https:\/\/www.facecorner.lv\/lv\/shop\/tocobo-multi-ceramide-cream-50ml\/\" \/>\n<meta property=\"og:site_name\" content=\"FACECORNER\" \/>\n<meta property=\"article:publisher\" content=\"https:\/\/www.facebook.com\/profile.php?id=100063824551839\" \/>\n<meta property=\"article:modified_time\" content=\"2023-12-23T13:25:45+00:00\" \/>\n<meta property=\"og:image\" content=\"https:\/\/www.facecorner.lv\/wp-content\/uploads\/2023\/10\/1774_-04-500x500-1.webp\" \/>\n\t<meta property=\"og:image:width\" content=\"500\" \/>\n\t<meta property=\"og:image:height\" content=\"500\" \/>\n\t<meta property=\"og:image:type\" content=\"image\/webp\" \/>\n<meta name=\"twitter:card\" content=\"summary_large_image\" \/>\n<meta name=\"twitter:label1\" content=\"Price\" \/>\n\t<meta name=\"twitter:data1\" content=\"&euro;23.50\" \/>\n\t<meta name=\"twitter:label2\" content=\"Availability\" \/>\n\t<meta name=\"twitter:data2\" content=\"Out of stock\" \/>\n<script type=\"application\/ld+json\" class=\"yoast-schema-graph\">{\"@context\":\"https:\\\/\\\/schema.org\",\"@graph\":[{\"@type\":\"WebPage\",\"@id\":\"https:\\\/\\\/www.facecorner.lv\\\/shop\\\/tocobo-multi-ceramide-cream-50ml\\\/\",\"url\":\"https:\\\/\\\/www.facecorner.lv\\\/shop\\\/tocobo-multi-ceramide-cream-50ml\\\/\",\"name\":\"Tocobo Multi Ceramide Cream 50ml - FACECORNER\",\"isPartOf\":{\"@id\":\"https:\\\/\\\/www.facecorner.lv\\\/#website\"},\"primaryImageOfPage\":{\"@id\":\"https:\\\/\\\/www.facecorner.lv\\\/shop\\\/tocobo-multi-ceramide-cream-50ml\\\/#primaryimage\"},\"image\":{\"@id\":\"https:\\\/\\\/www.facecorner.lv\\\/shop\\\/tocobo-multi-ceramide-cream-50ml\\\/#primaryimage\"},\"thumbnailUrl\":\"https:\\\/\\\/www.facecorner.lv\\\/wp-content\\\/uploads\\\/2023\\\/10\\\/1774_-04-500x500-1.webp\",\"datePublished\":\"2023-10-09T10:58:05+00:00\",\"dateModified\":\"2023-12-23T13:25:45+00:00\",\"breadcrumb\":{\"@id\":\"https:\\\/\\\/www.facecorner.lv\\\/shop\\\/tocobo-multi-ceramide-cream-50ml\\\/#breadcrumb\"},\"inLanguage\":\"lv-LV\",\"potentialAction\":[{\"@type\":\"ReadAction\",\"target\":[\"https:\\\/\\\/www.facecorner.lv\\\/shop\\\/tocobo-multi-ceramide-cream-50ml\\\/\"]}]},{\"@type\":\"ImageObject\",\"inLanguage\":\"lv-LV\",\"@id\":\"https:\\\/\\\/www.facecorner.lv\\\/shop\\\/tocobo-multi-ceramide-cream-50ml\\\/#primaryimage\",\"url\":\"https:\\\/\\\/www.facecorner.lv\\\/wp-content\\\/uploads\\\/2023\\\/10\\\/1774_-04-500x500-1.webp\",\"contentUrl\":\"https:\\\/\\\/www.facecorner.lv\\\/wp-content\\\/uploads\\\/2023\\\/10\\\/1774_-04-500x500-1.webp\",\"width\":500,\"height\":500},{\"@type\":\"BreadcrumbList\",\"@id\":\"https:\\\/\\\/www.facecorner.lv\\\/shop\\\/tocobo-multi-ceramide-cream-50ml\\\/#breadcrumb\",\"itemListElement\":[{\"@type\":\"ListItem\",\"position\":1,\"name\":\"Home\",\"item\":\"https:\\\/\\\/www.facecorner.lv\\\/\"},{\"@type\":\"ListItem\",\"position\":2,\"name\":\"Veikals\",\"item\":\"https:\\\/\\\/www.facecorner.lv\\\/shop\\\/\"},{\"@type\":\"ListItem\",\"position\":3,\"name\":\"Tocobo Multi Ceramide Cream 50ml\"}]},{\"@type\":\"WebSite\",\"@id\":\"https:\\\/\\\/www.facecorner.lv\\\/#website\",\"url\":\"https:\\\/\\\/www.facecorner.lv\\\/\",\"name\":\"Facecorner\",\"description\":\"\",\"publisher\":{\"@id\":\"https:\\\/\\\/www.facecorner.lv\\\/#organization\"},\"potentialAction\":[{\"@type\":\"SearchAction\",\"target\":{\"@type\":\"EntryPoint\",\"urlTemplate\":\"https:\\\/\\\/www.facecorner.lv\\\/?s={search_term_string}\"},\"query-input\":{\"@type\":\"PropertyValueSpecification\",\"valueRequired\":true,\"valueName\":\"search_term_string\"}}],\"inLanguage\":\"lv-LV\"},{\"@type\":\"Organization\",\"@id\":\"https:\\\/\\\/www.facecorner.lv\\\/#organization\",\"name\":\"Facecorner\",\"url\":\"https:\\\/\\\/www.facecorner.lv\\\/\",\"logo\":{\"@type\":\"ImageObject\",\"inLanguage\":\"lv-LV\",\"@id\":\"https:\\\/\\\/www.facecorner.lv\\\/#\\\/schema\\\/logo\\\/image\\\/\",\"url\":\"https:\\\/\\\/www.facecorner.lv\\\/wp-content\\\/uploads\\\/2024\\\/04\\\/fc-logo.jpg\",\"contentUrl\":\"https:\\\/\\\/www.facecorner.lv\\\/wp-content\\\/uploads\\\/2024\\\/04\\\/fc-logo.jpg\",\"width\":174,\"height\":28,\"caption\":\"Facecorner\"},\"image\":{\"@id\":\"https:\\\/\\\/www.facecorner.lv\\\/#\\\/schema\\\/logo\\\/image\\\/\"},\"sameAs\":[\"https:\\\/\\\/www.facebook.com\\\/profile.php?id=100063824551839\",\"https:\\\/\\\/www.instagram.com\\\/facecorner_shop\\\/\"]}]}<\/script>\n<meta property=\"product:price:amount\" content=\"23.50\" \/>\n<meta property=\"product:price:currency\" content=\"EUR\" \/>\n<meta property=\"og:availability\" content=\"out of stock\" \/>\n<meta property=\"product:availability\" content=\"out of stock\" \/>\n<meta property=\"product:condition\" content=\"new\" \/>\n<!-- \/ Yoast SEO plugin. -->","yoast_head_json":{"title":"Tocobo Multi Ceramide Cream 50ml - FACECORNER","robots":{"index":"index","follow":"follow","max-snippet":"max-snippet:-1","max-image-preview":"max-image-preview:large","max-video-preview":"max-video-preview:-1"},"canonical":"https:\/\/www.facecorner.lv\/lv\/shop\/tocobo-multi-ceramide-cream-50ml\/","og_locale":"lv_LV","og_type":"article","og_title":"Tocobo Multi Ceramide Cream 50ml - FACECORNER","og_description":"Atjaunojo\u0161ais kr\u0113ms ar multikeram\u012bdu Tocobo Multi Ceramide Cream ir v\u0113rsts uz sp\u0113c\u012bgu epidermas barjerfunkciju atjauno\u0161anu, atjauno lip\u012bdu sl\u0101ni un efekt\u012bvi nov\u0113r\u0161 sausumu un lob\u012b\u0161anos. Veido aizsargbarjeru uz \u0101das virsmas, kas nofiks\u0113 mitrumu \u0161\u016bn\u0101s, uztur optim\u0101lu hidrat\u0101cijas l\u012bmeni un nov\u0113r\u0161 dehidrat\u0101ciju. Lieliski piem\u0113rots dehidr\u0113tai \u0101dai. Stiprina im\u016bnsist\u0113mu, uzlabo vesel\u012bbu, papildina miner\u0101lvielu un vitam\u012bnu tr\u016bkumu, kas nepiecie\u0161ami [&hellip;]","og_url":"https:\/\/www.facecorner.lv\/lv\/shop\/tocobo-multi-ceramide-cream-50ml\/","og_site_name":"FACECORNER","article_publisher":"https:\/\/www.facebook.com\/profile.php?id=100063824551839","article_modified_time":"2023-12-23T13:25:45+00:00","og_image":[{"width":500,"height":500,"url":"https:\/\/www.facecorner.lv\/wp-content\/uploads\/2023\/10\/1774_-04-500x500-1.webp","type":"image\/webp"}],"twitter_card":"summary_large_image","twitter_misc":{"Price":"&euro;23.50","Availability":"Out of stock"},"schema":{"@context":"https:\/\/schema.org","@graph":[{"@type":"WebPage","@id":"https:\/\/www.facecorner.lv\/shop\/tocobo-multi-ceramide-cream-50ml\/","url":"https:\/\/www.facecorner.lv\/shop\/tocobo-multi-ceramide-cream-50ml\/","name":"Tocobo Multi Ceramide Cream 50ml - FACECORNER","isPartOf":{"@id":"https:\/\/www.facecorner.lv\/#website"},"primaryImageOfPage":{"@id":"https:\/\/www.facecorner.lv\/shop\/tocobo-multi-ceramide-cream-50ml\/#primaryimage"},"image":{"@id":"https:\/\/www.facecorner.lv\/shop\/tocobo-multi-ceramide-cream-50ml\/#primaryimage"},"thumbnailUrl":"https:\/\/www.facecorner.lv\/wp-content\/uploads\/2023\/10\/1774_-04-500x500-1.webp","datePublished":"2023-10-09T10:58:05+00:00","dateModified":"2023-12-23T13:25:45+00:00","breadcrumb":{"@id":"https:\/\/www.facecorner.lv\/shop\/tocobo-multi-ceramide-cream-50ml\/#breadcrumb"},"inLanguage":"lv-LV","potentialAction":[{"@type":"ReadAction","target":["https:\/\/www.facecorner.lv\/shop\/tocobo-multi-ceramide-cream-50ml\/"]}]},{"@type":"ImageObject","inLanguage":"lv-LV","@id":"https:\/\/www.facecorner.lv\/shop\/tocobo-multi-ceramide-cream-50ml\/#primaryimage","url":"https:\/\/www.facecorner.lv\/wp-content\/uploads\/2023\/10\/1774_-04-500x500-1.webp","contentUrl":"https:\/\/www.facecorner.lv\/wp-content\/uploads\/2023\/10\/1774_-04-500x500-1.webp","width":500,"height":500},{"@type":"BreadcrumbList","@id":"https:\/\/www.facecorner.lv\/shop\/tocobo-multi-ceramide-cream-50ml\/#breadcrumb","itemListElement":[{"@type":"ListItem","position":1,"name":"Home","item":"https:\/\/www.facecorner.lv\/"},{"@type":"ListItem","position":2,"name":"Veikals","item":"https:\/\/www.facecorner.lv\/shop\/"},{"@type":"ListItem","position":3,"name":"Tocobo Multi Ceramide Cream 50ml"}]},{"@type":"WebSite","@id":"https:\/\/www.facecorner.lv\/#website","url":"https:\/\/www.facecorner.lv\/","name":"Facecorner","description":"","publisher":{"@id":"https:\/\/www.facecorner.lv\/#organization"},"potentialAction":[{"@type":"SearchAction","target":{"@type":"EntryPoint","urlTemplate":"https:\/\/www.facecorner.lv\/?s={search_term_string}"},"query-input":{"@type":"PropertyValueSpecification","valueRequired":true,"valueName":"search_term_string"}}],"inLanguage":"lv-LV"},{"@type":"Organization","@id":"https:\/\/www.facecorner.lv\/#organization","name":"Facecorner","url":"https:\/\/www.facecorner.lv\/","logo":{"@type":"ImageObject","inLanguage":"lv-LV","@id":"https:\/\/www.facecorner.lv\/#\/schema\/logo\/image\/","url":"https:\/\/www.facecorner.lv\/wp-content\/uploads\/2024\/04\/fc-logo.jpg","contentUrl":"https:\/\/www.facecorner.lv\/wp-content\/uploads\/2024\/04\/fc-logo.jpg","width":174,"height":28,"caption":"Facecorner"},"image":{"@id":"https:\/\/www.facecorner.lv\/#\/schema\/logo\/image\/"},"sameAs":["https:\/\/www.facebook.com\/profile.php?id=100063824551839","https:\/\/www.instagram.com\/facecorner_shop\/"]}]},"product_price_amount":"23.50","product_price_currency":"EUR","og_availability":"out of stock","product_availability":"out of stock","product_condition":"new"},"_links":{"self":[{"href":"https:\/\/www.facecorner.lv\/lv\/wp-json\/wp\/v2\/product\/12533","targetHints":{"allow":["GET"]}}],"collection":[{"href":"https:\/\/www.facecorner.lv\/lv\/wp-json\/wp\/v2\/product"}],"about":[{"href":"https:\/\/www.facecorner.lv\/lv\/wp-json\/wp\/v2\/types\/product"}],"replies":[{"embeddable":true,"href":"https:\/\/www.facecorner.lv\/lv\/wp-json\/wp\/v2\/comments?post=12533"}],"wp:featuredmedia":[{"embeddable":true,"href":"https:\/\/www.facecorner.lv\/lv\/wp-json\/wp\/v2\/media\/12534"}],"wp:attachment":[{"href":"https:\/\/www.facecorner.lv\/lv\/wp-json\/wp\/v2\/media?parent=12533"}],"wp:term":[{"taxonomy":"product_brand","embeddable":true,"href":"https:\/\/www.facecorner.lv\/lv\/wp-json\/wp\/v2\/product_brand?post=12533"},{"taxonomy":"product_cat","embeddable":true,"href":"https:\/\/www.facecorner.lv\/lv\/wp-json\/wp\/v2\/product_cat?post=12533"},{"taxonomy":"product_tag","embeddable":true,"href":"https:\/\/www.facecorner.lv\/lv\/wp-json\/wp\/v2\/product_tag?post=12533"},{"taxonomy":"berocket_brand","embeddable":true,"href":"https:\/\/www.facecorner.lv\/lv\/wp-json\/wp\/v2\/berocket_brand?post=12533"}],"curies":[{"name":"wp","href":"https:\/\/api.w.org\/{rel}","templated":true}]}}