{"id":12373,"date":"2023-09-27T19:25:13","date_gmt":"2023-09-27T17:25:13","guid":{"rendered":"https:\/\/www.facecorner.lv\/?post_type=product&#038;p=12373"},"modified":"2025-09-04T15:37:04","modified_gmt":"2025-09-04T12:37:04","slug":"some-by-mi-v10-hyal-antioxidant-sunscreen-spf50-pa-40ml","status":"publish","type":"product","link":"https:\/\/www.facecorner.lv\/lv\/shop\/some-by-mi-v10-hyal-antioxidant-sunscreen-spf50-pa-40ml\/","title":{"rendered":"Some By Mi V10 Hyal Antioxidant Sunscreen SPF50+ PA++++ 40ml"},"content":{"rendered":"<p>Saules aizsargkr\u0113ms ar antioksidantiem Some By Mi V10 Hyal Antioxidant Sunscreen SPF50+ PA++++ dro\u0161i aizsarg\u0101 \u0101du no ultraviolet\u0101 starojuma agres\u012bv\u0101s iedarb\u012bbas, blo\u0137\u0113 melan\u012bna sint\u0113zi un nov\u0113r\u0161 kolag\u0113na \u0161\u0137iedru izn\u012bcin\u0101\u0161anu. Neitraliz\u0113 br\u012bvo radik\u0101\u013cu iedarb\u012bbu, pal\u0113ninot noveco\u0161an\u0101s procesu un uzlabojot sejas kr\u0101su, pal\u012bdz c\u012b\u0146\u0101 pret nev\u0113lamu pigment\u0101ciju.<\/p>\n<p>Jaun\u0101s paaudzes fizisko filtru un \u0137\u012bmisko filtru kombin\u0101cijai ir rakstur\u012bga augsta fotostabilit\u0101te un iztur\u012bba. Neatst\u0101j lip\u012bgumu un nebalina.<\/p>\n<p>Produktam ir viegla, bezsvara konsistence, \u0101tri ies\u016bcas un neatst\u0101j lip\u012bgumu.<\/p>\n<p>10 veidu vitam\u012bni (9000 ppm) darbojas k\u0101 galvenais kop\u0161anas komplekss:<\/p>\n<ul>\n<li>A vitam\u012bns stimul\u0113 \u0161\u016bnu atjauno\u0161anos, k\u0101 rezult\u0101t\u0101 izl\u012bdzina tekst\u016bru, samazina m\u012bmikas grumbu un kroku redzam\u012bbu, izgaismo vecuma plankumus un izl\u012bdzina tonusu.<\/li>\n<li>B5 vitam\u012bns pa\u0101trina dz\u012b\u0161anu, m\u012bkstina nel\u012bdzenas vietas, palielina barjeras funkcijas, nov\u0113r\u0161 kairin\u0101jumu un aps\u0101rtumu, k\u0101 ar\u012b stiprina hidrolip\u012bdu apvalku.<\/li>\n<li>B12 vitam\u012bns ir iesaist\u012bts \u0161\u016bnu dal\u012b\u0161an\u0101s proces\u0101. Pal\u012bdz samazin\u0101t m\u012bmikas grumbas, sa\u0161aurina poras, pa\u0101trina \u0161\u016bnu atjauno\u0161an\u0101s procesus un aktiviz\u0113 vielmai\u0146as procesus epidermas \u0161\u016bn\u0101s.<\/li>\n<\/ul>\n<p>Piem\u0113rots norm\u0101lai, kombin\u0113tai un taukainai \u0101dai.<\/p>\n<p><strong>Lieto\u0161anas nor\u0101d\u012bjumi:<\/strong> Uzkl\u0101jiet nepiecie\u0161amo kr\u0113ma daudzumu k\u0101 p\u0113d\u0113jo kop\u0161anas soli. Pirms lieto\u0161anas r\u016bp\u012bgi sakratiet.<\/p>\n<p><strong>S\u0101stavs: \u00a0<\/strong>Water, Dibutyl Adipate, Butyloctyl Salicylate, Alcohol, Titanium Dioxide (CI 77891), Phenethyl Benzoate, Isononyl Isononanoate, Diethylamino Hydroxybenzoyl Hexyl Benzoate, Diphenylsiloxy Phenyl Trimethicone, Niacinamide, Polyglyceryl-6 Stearate, Polymethylsilsesquioxane, Bis-Ethylhexyloxyphenol Methoxyphenyl Triazine, Ethylhexyl Triazone, Polysilicone-15, Sodium Acrylates Crosspolymer-2, Terephthalylidene Dicamphor Sulfonic Acid, 1,2-Hexanediol, Panthenol, Pentylene Glycol, Potassium Cetyl Phosphate, Polyhydroxystearic Acid, Sorbitan Sesquioleate, Tromethamine, Aluminum Hydroxide, Hydroxyacetophenone, Stearic Acid, Isododecane, Octyldodecanol, Hydroxyethyl Acrylate\/Sodium Acryloyldimethyl Taurate Copolymer, Polyglyceryl-6 Behenate, Sodium Hyaluronate, Fragrance, Glycerin, Polyglyceryl-4 Isostearate, Polyglyceryl-2 Dipolyhydroxystearate, Sodium Polyacrylate, Isopropyl Titanium Triisostearate, Adenosine, Limonene, Sodium Phytate, Hydroxypropyl Cyclodextrin, Tocopherol, Linalool, 7-Dehydrocholesterol, Biotin, Glutathione, 4-Terpineol, Butylene Glycol, Caprylic\/Capric Triglyceride, Hydrogenated Lecithin, Polyglyceryl-10 Diisostearate, Linoleic Acid, Ceramide NP, Bioflavonoids, Cyanocobalamin, Menadione, Retinol, Hyaluronic Acid, Ethylhexylglycerin, Ascorbic Acid,\u00a0Perfume,\u00a0limonene,\u00a0linalool<\/p>\n","protected":false},"excerpt":{"rendered":"<p>Saules aizsargkr\u0113ms ar antioksidantiem Some By Mi V10 Hyal Antioxidant Sunscreen SPF50+ PA++++ dro\u0161i aizsarg\u0101 \u0101du no ultraviolet\u0101 starojuma agres\u012bv\u0101s iedarb\u012bbas, blo\u0137\u0113 melan\u012bna sint\u0113zi un nov\u0113r\u0161 kolag\u0113na \u0161\u0137iedru izn\u012bcin\u0101\u0161anu. Neitraliz\u0113 br\u012bvo radik\u0101\u013cu iedarb\u012bbu, pal\u0113ninot noveco\u0161an\u0101s procesu un uzlabojot sejas kr\u0101su, pal\u012bdz c\u012b\u0146\u0101 pret nev\u0113lamu pigment\u0101ciju. Jaun\u0101s paaudzes fizisko filtru un \u0137\u012bmisko filtru kombin\u0101cijai ir rakstur\u012bga [&hellip;]<\/p>\n","protected":false},"featured_media":12374,"comment_status":"open","ping_status":"closed","template":"","meta":{"site-sidebar-layout":"default","site-content-layout":"","ast-site-content-layout":"","site-content-style":"default","site-sidebar-style":"default","ast-global-header-display":"","ast-banner-title-visibility":"","ast-main-header-display":"","ast-hfb-above-header-display":"","ast-hfb-below-header-display":"","ast-hfb-mobile-header-display":"","site-post-title":"","ast-breadcrumbs-content":"","ast-featured-img":"","footer-sml-layout":"","theme-transparent-header-meta":"","adv-header-id-meta":"","stick-header-meta":"","header-above-stick-meta":"","header-main-stick-meta":"","header-below-stick-meta":"","astra-migrate-meta-layouts":"default","ast-page-background-enabled":"default","ast-page-background-meta":{"desktop":{"background-color":"var(--ast-global-color-4)","background-image":"","background-repeat":"repeat","background-position":"center center","background-size":"auto","background-attachment":"scroll","background-type":"","background-media":"","overlay-type":"","overlay-color":"","overlay-opacity":"","overlay-gradient":""},"tablet":{"background-color":"","background-image":"","background-repeat":"repeat","background-position":"center center","background-size":"auto","background-attachment":"scroll","background-type":"","background-media":"","overlay-type":"","overlay-color":"","overlay-opacity":"","overlay-gradient":""},"mobile":{"background-color":"","background-image":"","background-repeat":"repeat","background-position":"center center","background-size":"auto","background-attachment":"scroll","background-type":"","background-media":"","overlay-type":"","overlay-color":"","overlay-opacity":"","overlay-gradient":""}},"ast-content-background-meta":{"desktop":{"background-color":"var(--ast-global-color-5)","background-image":"","background-repeat":"repeat","background-position":"center center","background-size":"auto","background-attachment":"scroll","background-type":"","background-media":"","overlay-type":"","overlay-color":"","overlay-opacity":"","overlay-gradient":""},"tablet":{"background-color":"var(--ast-global-color-5)","background-image":"","background-repeat":"repeat","background-position":"center center","background-size":"auto","background-attachment":"scroll","background-type":"","background-media":"","overlay-type":"","overlay-color":"","overlay-opacity":"","overlay-gradient":""},"mobile":{"background-color":"var(--ast-global-color-5)","background-image":"","background-repeat":"repeat","background-position":"center center","background-size":"auto","background-attachment":"scroll","background-type":"","background-media":"","overlay-type":"","overlay-color":"","overlay-opacity":"","overlay-gradient":""}}},"product_brand":[],"product_cat":[360,362,512],"product_tag":[],"berocket_brand":[581],"class_list":{"0":"post-12373","1":"product","2":"type-product","3":"status-publish","4":"has-post-thumbnail","6":"product_cat-saules-aizsarglidzekli","7":"product_cat-sejas-krems","8":"product_cat-spf","9":"berocket_brand-some-by-mi","10":"desktop-align-left","11":"tablet-align-left","12":"mobile-align-left","14":"first","15":"outofstock","16":"taxable","17":"shipping-taxable","18":"purchasable","19":"product-type-simple","20":"add-to-wishlist-before_image"},"yoast_head":"<!-- This site is optimized with the Yoast SEO plugin v27.4 - https:\/\/yoast.com\/product\/yoast-seo-wordpress\/ -->\n<title>Some By Mi V10 Hyal Antioxidant Sunscreen SPF50+ PA++++ 40ml - FACECORNER<\/title>\n<meta name=\"robots\" content=\"index, follow, max-snippet:-1, max-image-preview:large, max-video-preview:-1\" \/>\n<link rel=\"canonical\" href=\"https:\/\/www.facecorner.lv\/lv\/shop\/some-by-mi-v10-hyal-antioxidant-sunscreen-spf50-pa-40ml\/\" \/>\n<meta property=\"og:locale\" content=\"lv_LV\" \/>\n<meta property=\"og:type\" content=\"article\" \/>\n<meta property=\"og:title\" content=\"Some By Mi V10 Hyal Antioxidant Sunscreen SPF50+ PA++++ 40ml - FACECORNER\" \/>\n<meta property=\"og:description\" content=\"Saules aizsargkr\u0113ms ar antioksidantiem Some By Mi V10 Hyal Antioxidant Sunscreen SPF50+ PA++++ dro\u0161i aizsarg\u0101 \u0101du no ultraviolet\u0101 starojuma agres\u012bv\u0101s iedarb\u012bbas, blo\u0137\u0113 melan\u012bna sint\u0113zi un nov\u0113r\u0161 kolag\u0113na \u0161\u0137iedru izn\u012bcin\u0101\u0161anu. Neitraliz\u0113 br\u012bvo radik\u0101\u013cu iedarb\u012bbu, pal\u0113ninot noveco\u0161an\u0101s procesu un uzlabojot sejas kr\u0101su, pal\u012bdz c\u012b\u0146\u0101 pret nev\u0113lamu pigment\u0101ciju. Jaun\u0101s paaudzes fizisko filtru un \u0137\u012bmisko filtru kombin\u0101cijai ir rakstur\u012bga [&hellip;]\" \/>\n<meta property=\"og:url\" content=\"https:\/\/www.facecorner.lv\/lv\/shop\/some-by-mi-v10-hyal-antioxidant-sunscreen-spf50-pa-40ml\/\" \/>\n<meta property=\"og:site_name\" content=\"FACECORNER\" \/>\n<meta property=\"article:publisher\" content=\"https:\/\/www.facebook.com\/profile.php?id=100063824551839\" \/>\n<meta property=\"article:modified_time\" content=\"2025-09-04T12:37:04+00:00\" \/>\n<meta property=\"og:image\" content=\"https:\/\/www.facecorner.lv\/wp-content\/uploads\/2023\/09\/19_373c529d-2325-4229-b7db-37e536be0d18.webp\" \/>\n\t<meta property=\"og:image:width\" content=\"1080\" \/>\n\t<meta property=\"og:image:height\" content=\"1080\" \/>\n\t<meta property=\"og:image:type\" content=\"image\/webp\" \/>\n<meta name=\"twitter:card\" content=\"summary_large_image\" \/>\n<meta name=\"twitter:label1\" content=\"Price\" \/>\n\t<meta name=\"twitter:data1\" content=\"&euro;17.50\" \/>\n\t<meta name=\"twitter:label2\" content=\"Availability\" \/>\n\t<meta name=\"twitter:data2\" content=\"Out of stock\" \/>\n<script type=\"application\/ld+json\" class=\"yoast-schema-graph\">{\"@context\":\"https:\\\/\\\/schema.org\",\"@graph\":[{\"@type\":\"WebPage\",\"@id\":\"https:\\\/\\\/www.facecorner.lv\\\/shop\\\/some-by-mi-v10-hyal-antioxidant-sunscreen-spf50-pa-40ml\\\/\",\"url\":\"https:\\\/\\\/www.facecorner.lv\\\/shop\\\/some-by-mi-v10-hyal-antioxidant-sunscreen-spf50-pa-40ml\\\/\",\"name\":\"Some By Mi V10 Hyal Antioxidant Sunscreen SPF50+ PA++++ 40ml - FACECORNER\",\"isPartOf\":{\"@id\":\"https:\\\/\\\/www.facecorner.lv\\\/#website\"},\"primaryImageOfPage\":{\"@id\":\"https:\\\/\\\/www.facecorner.lv\\\/shop\\\/some-by-mi-v10-hyal-antioxidant-sunscreen-spf50-pa-40ml\\\/#primaryimage\"},\"image\":{\"@id\":\"https:\\\/\\\/www.facecorner.lv\\\/shop\\\/some-by-mi-v10-hyal-antioxidant-sunscreen-spf50-pa-40ml\\\/#primaryimage\"},\"thumbnailUrl\":\"https:\\\/\\\/www.facecorner.lv\\\/wp-content\\\/uploads\\\/2023\\\/09\\\/19_373c529d-2325-4229-b7db-37e536be0d18.webp\",\"datePublished\":\"2023-09-27T17:25:13+00:00\",\"dateModified\":\"2025-09-04T12:37:04+00:00\",\"breadcrumb\":{\"@id\":\"https:\\\/\\\/www.facecorner.lv\\\/shop\\\/some-by-mi-v10-hyal-antioxidant-sunscreen-spf50-pa-40ml\\\/#breadcrumb\"},\"inLanguage\":\"lv-LV\",\"potentialAction\":[{\"@type\":\"ReadAction\",\"target\":[\"https:\\\/\\\/www.facecorner.lv\\\/shop\\\/some-by-mi-v10-hyal-antioxidant-sunscreen-spf50-pa-40ml\\\/\"]}]},{\"@type\":\"ImageObject\",\"inLanguage\":\"lv-LV\",\"@id\":\"https:\\\/\\\/www.facecorner.lv\\\/shop\\\/some-by-mi-v10-hyal-antioxidant-sunscreen-spf50-pa-40ml\\\/#primaryimage\",\"url\":\"https:\\\/\\\/www.facecorner.lv\\\/wp-content\\\/uploads\\\/2023\\\/09\\\/19_373c529d-2325-4229-b7db-37e536be0d18.webp\",\"contentUrl\":\"https:\\\/\\\/www.facecorner.lv\\\/wp-content\\\/uploads\\\/2023\\\/09\\\/19_373c529d-2325-4229-b7db-37e536be0d18.webp\",\"width\":1080,\"height\":1080},{\"@type\":\"BreadcrumbList\",\"@id\":\"https:\\\/\\\/www.facecorner.lv\\\/shop\\\/some-by-mi-v10-hyal-antioxidant-sunscreen-spf50-pa-40ml\\\/#breadcrumb\",\"itemListElement\":[{\"@type\":\"ListItem\",\"position\":1,\"name\":\"Home\",\"item\":\"https:\\\/\\\/www.facecorner.lv\\\/\"},{\"@type\":\"ListItem\",\"position\":2,\"name\":\"Veikals\",\"item\":\"https:\\\/\\\/www.facecorner.lv\\\/shop\\\/\"},{\"@type\":\"ListItem\",\"position\":3,\"name\":\"Some By Mi V10 Hyal Antioxidant Sunscreen SPF50+ PA++++ 40ml\"}]},{\"@type\":\"WebSite\",\"@id\":\"https:\\\/\\\/www.facecorner.lv\\\/#website\",\"url\":\"https:\\\/\\\/www.facecorner.lv\\\/\",\"name\":\"Facecorner\",\"description\":\"\",\"publisher\":{\"@id\":\"https:\\\/\\\/www.facecorner.lv\\\/#organization\"},\"potentialAction\":[{\"@type\":\"SearchAction\",\"target\":{\"@type\":\"EntryPoint\",\"urlTemplate\":\"https:\\\/\\\/www.facecorner.lv\\\/?s={search_term_string}\"},\"query-input\":{\"@type\":\"PropertyValueSpecification\",\"valueRequired\":true,\"valueName\":\"search_term_string\"}}],\"inLanguage\":\"lv-LV\"},{\"@type\":\"Organization\",\"@id\":\"https:\\\/\\\/www.facecorner.lv\\\/#organization\",\"name\":\"Facecorner\",\"url\":\"https:\\\/\\\/www.facecorner.lv\\\/\",\"logo\":{\"@type\":\"ImageObject\",\"inLanguage\":\"lv-LV\",\"@id\":\"https:\\\/\\\/www.facecorner.lv\\\/#\\\/schema\\\/logo\\\/image\\\/\",\"url\":\"https:\\\/\\\/www.facecorner.lv\\\/wp-content\\\/uploads\\\/2024\\\/04\\\/fc-logo.jpg\",\"contentUrl\":\"https:\\\/\\\/www.facecorner.lv\\\/wp-content\\\/uploads\\\/2024\\\/04\\\/fc-logo.jpg\",\"width\":174,\"height\":28,\"caption\":\"Facecorner\"},\"image\":{\"@id\":\"https:\\\/\\\/www.facecorner.lv\\\/#\\\/schema\\\/logo\\\/image\\\/\"},\"sameAs\":[\"https:\\\/\\\/www.facebook.com\\\/profile.php?id=100063824551839\",\"https:\\\/\\\/www.instagram.com\\\/facecorner_shop\\\/\"]}]}<\/script>\n<meta property=\"product:price:amount\" content=\"17.50\" \/>\n<meta property=\"product:price:currency\" content=\"EUR\" \/>\n<meta property=\"og:availability\" content=\"out of stock\" \/>\n<meta property=\"product:availability\" content=\"out of stock\" \/>\n<meta property=\"product:condition\" content=\"new\" \/>\n<!-- \/ Yoast SEO plugin. -->","yoast_head_json":{"title":"Some By Mi V10 Hyal Antioxidant Sunscreen SPF50+ PA++++ 40ml - FACECORNER","robots":{"index":"index","follow":"follow","max-snippet":"max-snippet:-1","max-image-preview":"max-image-preview:large","max-video-preview":"max-video-preview:-1"},"canonical":"https:\/\/www.facecorner.lv\/lv\/shop\/some-by-mi-v10-hyal-antioxidant-sunscreen-spf50-pa-40ml\/","og_locale":"lv_LV","og_type":"article","og_title":"Some By Mi V10 Hyal Antioxidant Sunscreen SPF50+ PA++++ 40ml - FACECORNER","og_description":"Saules aizsargkr\u0113ms ar antioksidantiem Some By Mi V10 Hyal Antioxidant Sunscreen SPF50+ PA++++ dro\u0161i aizsarg\u0101 \u0101du no ultraviolet\u0101 starojuma agres\u012bv\u0101s iedarb\u012bbas, blo\u0137\u0113 melan\u012bna sint\u0113zi un nov\u0113r\u0161 kolag\u0113na \u0161\u0137iedru izn\u012bcin\u0101\u0161anu. Neitraliz\u0113 br\u012bvo radik\u0101\u013cu iedarb\u012bbu, pal\u0113ninot noveco\u0161an\u0101s procesu un uzlabojot sejas kr\u0101su, pal\u012bdz c\u012b\u0146\u0101 pret nev\u0113lamu pigment\u0101ciju. Jaun\u0101s paaudzes fizisko filtru un \u0137\u012bmisko filtru kombin\u0101cijai ir rakstur\u012bga [&hellip;]","og_url":"https:\/\/www.facecorner.lv\/lv\/shop\/some-by-mi-v10-hyal-antioxidant-sunscreen-spf50-pa-40ml\/","og_site_name":"FACECORNER","article_publisher":"https:\/\/www.facebook.com\/profile.php?id=100063824551839","article_modified_time":"2025-09-04T12:37:04+00:00","og_image":[{"width":1080,"height":1080,"url":"https:\/\/www.facecorner.lv\/wp-content\/uploads\/2023\/09\/19_373c529d-2325-4229-b7db-37e536be0d18.webp","type":"image\/webp"}],"twitter_card":"summary_large_image","twitter_misc":{"Price":"&euro;17.50","Availability":"Out of stock"},"schema":{"@context":"https:\/\/schema.org","@graph":[{"@type":"WebPage","@id":"https:\/\/www.facecorner.lv\/shop\/some-by-mi-v10-hyal-antioxidant-sunscreen-spf50-pa-40ml\/","url":"https:\/\/www.facecorner.lv\/shop\/some-by-mi-v10-hyal-antioxidant-sunscreen-spf50-pa-40ml\/","name":"Some By Mi V10 Hyal Antioxidant Sunscreen SPF50+ PA++++ 40ml - FACECORNER","isPartOf":{"@id":"https:\/\/www.facecorner.lv\/#website"},"primaryImageOfPage":{"@id":"https:\/\/www.facecorner.lv\/shop\/some-by-mi-v10-hyal-antioxidant-sunscreen-spf50-pa-40ml\/#primaryimage"},"image":{"@id":"https:\/\/www.facecorner.lv\/shop\/some-by-mi-v10-hyal-antioxidant-sunscreen-spf50-pa-40ml\/#primaryimage"},"thumbnailUrl":"https:\/\/www.facecorner.lv\/wp-content\/uploads\/2023\/09\/19_373c529d-2325-4229-b7db-37e536be0d18.webp","datePublished":"2023-09-27T17:25:13+00:00","dateModified":"2025-09-04T12:37:04+00:00","breadcrumb":{"@id":"https:\/\/www.facecorner.lv\/shop\/some-by-mi-v10-hyal-antioxidant-sunscreen-spf50-pa-40ml\/#breadcrumb"},"inLanguage":"lv-LV","potentialAction":[{"@type":"ReadAction","target":["https:\/\/www.facecorner.lv\/shop\/some-by-mi-v10-hyal-antioxidant-sunscreen-spf50-pa-40ml\/"]}]},{"@type":"ImageObject","inLanguage":"lv-LV","@id":"https:\/\/www.facecorner.lv\/shop\/some-by-mi-v10-hyal-antioxidant-sunscreen-spf50-pa-40ml\/#primaryimage","url":"https:\/\/www.facecorner.lv\/wp-content\/uploads\/2023\/09\/19_373c529d-2325-4229-b7db-37e536be0d18.webp","contentUrl":"https:\/\/www.facecorner.lv\/wp-content\/uploads\/2023\/09\/19_373c529d-2325-4229-b7db-37e536be0d18.webp","width":1080,"height":1080},{"@type":"BreadcrumbList","@id":"https:\/\/www.facecorner.lv\/shop\/some-by-mi-v10-hyal-antioxidant-sunscreen-spf50-pa-40ml\/#breadcrumb","itemListElement":[{"@type":"ListItem","position":1,"name":"Home","item":"https:\/\/www.facecorner.lv\/"},{"@type":"ListItem","position":2,"name":"Veikals","item":"https:\/\/www.facecorner.lv\/shop\/"},{"@type":"ListItem","position":3,"name":"Some By Mi V10 Hyal Antioxidant Sunscreen SPF50+ PA++++ 40ml"}]},{"@type":"WebSite","@id":"https:\/\/www.facecorner.lv\/#website","url":"https:\/\/www.facecorner.lv\/","name":"Facecorner","description":"","publisher":{"@id":"https:\/\/www.facecorner.lv\/#organization"},"potentialAction":[{"@type":"SearchAction","target":{"@type":"EntryPoint","urlTemplate":"https:\/\/www.facecorner.lv\/?s={search_term_string}"},"query-input":{"@type":"PropertyValueSpecification","valueRequired":true,"valueName":"search_term_string"}}],"inLanguage":"lv-LV"},{"@type":"Organization","@id":"https:\/\/www.facecorner.lv\/#organization","name":"Facecorner","url":"https:\/\/www.facecorner.lv\/","logo":{"@type":"ImageObject","inLanguage":"lv-LV","@id":"https:\/\/www.facecorner.lv\/#\/schema\/logo\/image\/","url":"https:\/\/www.facecorner.lv\/wp-content\/uploads\/2024\/04\/fc-logo.jpg","contentUrl":"https:\/\/www.facecorner.lv\/wp-content\/uploads\/2024\/04\/fc-logo.jpg","width":174,"height":28,"caption":"Facecorner"},"image":{"@id":"https:\/\/www.facecorner.lv\/#\/schema\/logo\/image\/"},"sameAs":["https:\/\/www.facebook.com\/profile.php?id=100063824551839","https:\/\/www.instagram.com\/facecorner_shop\/"]}]},"product_price_amount":"17.50","product_price_currency":"EUR","og_availability":"out of stock","product_availability":"out of stock","product_condition":"new"},"_links":{"self":[{"href":"https:\/\/www.facecorner.lv\/lv\/wp-json\/wp\/v2\/product\/12373","targetHints":{"allow":["GET"]}}],"collection":[{"href":"https:\/\/www.facecorner.lv\/lv\/wp-json\/wp\/v2\/product"}],"about":[{"href":"https:\/\/www.facecorner.lv\/lv\/wp-json\/wp\/v2\/types\/product"}],"replies":[{"embeddable":true,"href":"https:\/\/www.facecorner.lv\/lv\/wp-json\/wp\/v2\/comments?post=12373"}],"wp:featuredmedia":[{"embeddable":true,"href":"https:\/\/www.facecorner.lv\/lv\/wp-json\/wp\/v2\/media\/12374"}],"wp:attachment":[{"href":"https:\/\/www.facecorner.lv\/lv\/wp-json\/wp\/v2\/media?parent=12373"}],"wp:term":[{"taxonomy":"product_brand","embeddable":true,"href":"https:\/\/www.facecorner.lv\/lv\/wp-json\/wp\/v2\/product_brand?post=12373"},{"taxonomy":"product_cat","embeddable":true,"href":"https:\/\/www.facecorner.lv\/lv\/wp-json\/wp\/v2\/product_cat?post=12373"},{"taxonomy":"product_tag","embeddable":true,"href":"https:\/\/www.facecorner.lv\/lv\/wp-json\/wp\/v2\/product_tag?post=12373"},{"taxonomy":"berocket_brand","embeddable":true,"href":"https:\/\/www.facecorner.lv\/lv\/wp-json\/wp\/v2\/berocket_brand?post=12373"}],"curies":[{"name":"wp","href":"https:\/\/api.w.org\/{rel}","templated":true}]}}