{"id":12370,"date":"2023-09-27T19:18:17","date_gmt":"2023-09-27T17:18:17","guid":{"rendered":"https:\/\/www.facecorner.lv\/?post_type=product&#038;p=12370"},"modified":"2026-02-02T23:31:36","modified_gmt":"2026-02-02T20:31:36","slug":"some-by-mi-v10-hyal-lip-sun-protector-spf15","status":"publish","type":"product","link":"https:\/\/www.facecorner.lv\/lv\/shop\/some-by-mi-v10-hyal-lip-sun-protector-spf15\/","title":{"rendered":"Some By Mi V10 Hyal Lip Sun Protector SPF15"},"content":{"rendered":"<p>Sau\u013co\u0161an\u0101s l\u016bpu balzams ar vitam\u012bnu kompleksu Some By Mi V10 Hyal Lip Sun Protector SPF15 blo\u0137\u0113 ultraviolet\u0101 starojuma agres\u012bvo iedarb\u012bbu un samazina kolag\u0113na un elast\u012bna \u0161\u0137iedru izn\u012bcin\u0101\u0161anu. Tam ir augsta antioksidanta aktivit\u0101te, tas intens\u012bvi mitrina un mazina sausumu.<\/p>\n<p>E\u013c\u013cu komplekss akt\u012bvi baro, nov\u0113r\u0161 lob\u012b\u0161anos un m\u012bkstina raupjus \u0101das laukumus. Stimul\u0113 boj\u0101t\u0101 lip\u012bdu sl\u0101\u0146a atjauno\u0161anos un sadz\u012b\u0161anu, izl\u012bdzina nelielas plaisas.<\/p>\n<p><strong>Lieto\u0161anas nor\u0101d\u012bjumi:<\/strong> K\u0101 p\u0113d\u0113jo dienas kop\u0161anas soli uzkl\u0101jiet biezu balzama k\u0101rtu uz l\u016bp\u0101m 15 min\u016btes pirms do\u0161an\u0101s saul\u0113. Atjaunot aizsargk\u0101rtu ik p\u0113c 2 stund\u0101m, ik p\u0113c 80 min\u016bt\u0113m saskares ar \u016bdeni laik\u0101 (piem\u0113ram, pludmal\u0113) un uzreiz p\u0113c \u017e\u0101v\u0113\u0161anas ar dvieli.<\/p>\n<p><strong>S\u0101stavs:\u00a0<\/strong>Bis-Diglyceryl Polyacyladipate-2, Polyglyceryl-2 Isostearate\/Dimer Dilinoleate Copolymer, Diisostearyl Malate, Hydrogenated Castor Oil Isostearate, Pentaerythrityl Tetraisostearate, Ethylhexyl Methoxycinnamate, Hydrogenated Polyisobutene, Bis-Behenyl\/Isostearyl\/Phytosteryl Dimer Dilinoleyl Dimer Dilinoleate, Phytosteryl\/Isostearyl\/Cetyl\/Stearyl\/Behenyl Dimer Dilinoleate, Tocopheryl Acetate, Euphorbia Cerifera (Candelilla) Wax, Ethylhexyl Salicylate, Caprylic\/Capric Triglyceride, Microcrystalline Wax, Butyrospermum Parkii (Shea) Butter, Glyceryl Behenate\/eicosadioate, Olea Europaea (Olive) Fruit Oil, Citrus Limon (Lemon) Peel Oil, Citrus Aurantium Dulcis (Orange) Peel Oil, Dehydroacetic Acid, Hydrolyzed Hyaluronic Acid, Sodium Hyaluronate, Glyceri, Water, Hydrogenated Lecithin, Polyglyceryl-10 Stearate, Panthenol, Sodium Ascorbyl Phosphate, Niacinamide, Thiamine HCl, Biotin, Retinyl Palmitate, Folic Acid, Pyridoxine, Cyanocobalamin,\u00a0dehydroacetic acid,\u00a0limonen,\u00a0citral<\/p>\n","protected":false},"excerpt":{"rendered":"<p>Sau\u013co\u0161an\u0101s l\u016bpu balzams ar vitam\u012bnu kompleksu Some By Mi V10 Hyal Lip Sun Protector SPF15 blo\u0137\u0113 ultraviolet\u0101 starojuma agres\u012bvo iedarb\u012bbu un samazina kolag\u0113na un elast\u012bna \u0161\u0137iedru izn\u012bcin\u0101\u0161anu. Tam ir augsta antioksidanta aktivit\u0101te, tas intens\u012bvi mitrina un mazina sausumu. E\u013c\u013cu komplekss akt\u012bvi baro, nov\u0113r\u0161 lob\u012b\u0161anos un m\u012bkstina raupjus \u0101das laukumus. Stimul\u0113 boj\u0101t\u0101 lip\u012bdu sl\u0101\u0146a atjauno\u0161anos un [&hellip;]<\/p>\n","protected":false},"featured_media":12371,"comment_status":"open","ping_status":"closed","template":"","meta":{"site-sidebar-layout":"default","site-content-layout":"","ast-site-content-layout":"","site-content-style":"default","site-sidebar-style":"default","ast-global-header-display":"","ast-banner-title-visibility":"","ast-main-header-display":"","ast-hfb-above-header-display":"","ast-hfb-below-header-display":"","ast-hfb-mobile-header-display":"","site-post-title":"","ast-breadcrumbs-content":"","ast-featured-img":"","footer-sml-layout":"","theme-transparent-header-meta":"","adv-header-id-meta":"","stick-header-meta":"","header-above-stick-meta":"","header-main-stick-meta":"","header-below-stick-meta":"","astra-migrate-meta-layouts":"default","ast-page-background-enabled":"default","ast-page-background-meta":{"desktop":{"background-color":"var(--ast-global-color-4)","background-image":"","background-repeat":"repeat","background-position":"center center","background-size":"auto","background-attachment":"scroll","background-type":"","background-media":"","overlay-type":"","overlay-color":"","overlay-opacity":"","overlay-gradient":""},"tablet":{"background-color":"","background-image":"","background-repeat":"repeat","background-position":"center center","background-size":"auto","background-attachment":"scroll","background-type":"","background-media":"","overlay-type":"","overlay-color":"","overlay-opacity":"","overlay-gradient":""},"mobile":{"background-color":"","background-image":"","background-repeat":"repeat","background-position":"center center","background-size":"auto","background-attachment":"scroll","background-type":"","background-media":"","overlay-type":"","overlay-color":"","overlay-opacity":"","overlay-gradient":""}},"ast-content-background-meta":{"desktop":{"background-color":"var(--ast-global-color-5)","background-image":"","background-repeat":"repeat","background-position":"center center","background-size":"auto","background-attachment":"scroll","background-type":"","background-media":"","overlay-type":"","overlay-color":"","overlay-opacity":"","overlay-gradient":""},"tablet":{"background-color":"var(--ast-global-color-5)","background-image":"","background-repeat":"repeat","background-position":"center center","background-size":"auto","background-attachment":"scroll","background-type":"","background-media":"","overlay-type":"","overlay-color":"","overlay-opacity":"","overlay-gradient":""},"mobile":{"background-color":"var(--ast-global-color-5)","background-image":"","background-repeat":"repeat","background-position":"center center","background-size":"auto","background-attachment":"scroll","background-type":"","background-media":"","overlay-type":"","overlay-color":"","overlay-opacity":"","overlay-gradient":""}}},"product_brand":[],"product_cat":[320,512],"product_tag":[],"berocket_brand":[581],"class_list":{"0":"post-12370","1":"product","2":"type-product","3":"status-publish","4":"has-post-thumbnail","6":"product_cat-lupu-kopsana","7":"product_cat-spf","8":"berocket_brand-some-by-mi","9":"desktop-align-left","10":"tablet-align-left","11":"mobile-align-left","13":"first","14":"instock","15":"taxable","16":"shipping-taxable","17":"purchasable","18":"product-type-simple","19":"add-to-wishlist-before_image"},"yoast_head":"<!-- This site is optimized with the Yoast SEO plugin v27.3 - https:\/\/yoast.com\/product\/yoast-seo-wordpress\/ -->\n<title>Some By Mi V10 Hyal Lip Sun Protector SPF15 - FACECORNER<\/title>\n<meta name=\"robots\" content=\"index, follow, max-snippet:-1, max-image-preview:large, max-video-preview:-1\" \/>\n<link rel=\"canonical\" href=\"https:\/\/www.facecorner.lv\/lv\/shop\/some-by-mi-v10-hyal-lip-sun-protector-spf15\/\" \/>\n<meta property=\"og:locale\" content=\"lv_LV\" \/>\n<meta property=\"og:type\" content=\"article\" \/>\n<meta property=\"og:title\" content=\"Some By Mi V10 Hyal Lip Sun Protector SPF15 - FACECORNER\" \/>\n<meta property=\"og:description\" content=\"Sau\u013co\u0161an\u0101s l\u016bpu balzams ar vitam\u012bnu kompleksu Some By Mi V10 Hyal Lip Sun Protector SPF15 blo\u0137\u0113 ultraviolet\u0101 starojuma agres\u012bvo iedarb\u012bbu un samazina kolag\u0113na un elast\u012bna \u0161\u0137iedru izn\u012bcin\u0101\u0161anu. Tam ir augsta antioksidanta aktivit\u0101te, tas intens\u012bvi mitrina un mazina sausumu. E\u013c\u013cu komplekss akt\u012bvi baro, nov\u0113r\u0161 lob\u012b\u0161anos un m\u012bkstina raupjus \u0101das laukumus. Stimul\u0113 boj\u0101t\u0101 lip\u012bdu sl\u0101\u0146a atjauno\u0161anos un [&hellip;]\" \/>\n<meta property=\"og:url\" content=\"https:\/\/www.facecorner.lv\/lv\/shop\/some-by-mi-v10-hyal-lip-sun-protector-spf15\/\" \/>\n<meta property=\"og:site_name\" content=\"FACECORNER\" \/>\n<meta property=\"article:publisher\" content=\"https:\/\/www.facebook.com\/profile.php?id=100063824551839\" \/>\n<meta property=\"article:modified_time\" content=\"2026-02-02T20:31:36+00:00\" \/>\n<meta property=\"og:image\" content=\"https:\/\/www.facecorner.lv\/wp-content\/uploads\/2023\/09\/some-by-mi-v10-hyal-lip-sun-protector-aizsargajoss-lupu-balzams-spf-15_.webp\" \/>\n\t<meta property=\"og:image:width\" content=\"1200\" \/>\n\t<meta property=\"og:image:height\" content=\"630\" \/>\n\t<meta property=\"og:image:type\" content=\"image\/webp\" \/>\n<meta name=\"twitter:card\" content=\"summary_large_image\" \/>\n<meta name=\"twitter:label1\" content=\"Price\" \/>\n\t<meta name=\"twitter:data1\" content=\"&euro;9.50\" \/>\n\t<meta name=\"twitter:label2\" content=\"Availability\" \/>\n\t<meta name=\"twitter:data2\" content=\"In stock\" \/>\n<script type=\"application\/ld+json\" class=\"yoast-schema-graph\">{\"@context\":\"https:\\\/\\\/schema.org\",\"@graph\":[{\"@type\":\"WebPage\",\"@id\":\"https:\\\/\\\/www.facecorner.lv\\\/shop\\\/some-by-mi-v10-hyal-lip-sun-protector-spf15\\\/\",\"url\":\"https:\\\/\\\/www.facecorner.lv\\\/shop\\\/some-by-mi-v10-hyal-lip-sun-protector-spf15\\\/\",\"name\":\"Some By Mi V10 Hyal Lip Sun Protector SPF15 - FACECORNER\",\"isPartOf\":{\"@id\":\"https:\\\/\\\/www.facecorner.lv\\\/#website\"},\"primaryImageOfPage\":{\"@id\":\"https:\\\/\\\/www.facecorner.lv\\\/shop\\\/some-by-mi-v10-hyal-lip-sun-protector-spf15\\\/#primaryimage\"},\"image\":{\"@id\":\"https:\\\/\\\/www.facecorner.lv\\\/shop\\\/some-by-mi-v10-hyal-lip-sun-protector-spf15\\\/#primaryimage\"},\"thumbnailUrl\":\"https:\\\/\\\/www.facecorner.lv\\\/wp-content\\\/uploads\\\/2023\\\/09\\\/some-by-mi-v10-hyal-lip-sun-protector-aizsargajoss-lupu-balzams-spf-15_.webp\",\"datePublished\":\"2023-09-27T17:18:17+00:00\",\"dateModified\":\"2026-02-02T20:31:36+00:00\",\"breadcrumb\":{\"@id\":\"https:\\\/\\\/www.facecorner.lv\\\/shop\\\/some-by-mi-v10-hyal-lip-sun-protector-spf15\\\/#breadcrumb\"},\"inLanguage\":\"lv-LV\",\"potentialAction\":[{\"@type\":\"ReadAction\",\"target\":[\"https:\\\/\\\/www.facecorner.lv\\\/shop\\\/some-by-mi-v10-hyal-lip-sun-protector-spf15\\\/\"]}]},{\"@type\":\"ImageObject\",\"inLanguage\":\"lv-LV\",\"@id\":\"https:\\\/\\\/www.facecorner.lv\\\/shop\\\/some-by-mi-v10-hyal-lip-sun-protector-spf15\\\/#primaryimage\",\"url\":\"https:\\\/\\\/www.facecorner.lv\\\/wp-content\\\/uploads\\\/2023\\\/09\\\/some-by-mi-v10-hyal-lip-sun-protector-aizsargajoss-lupu-balzams-spf-15_.webp\",\"contentUrl\":\"https:\\\/\\\/www.facecorner.lv\\\/wp-content\\\/uploads\\\/2023\\\/09\\\/some-by-mi-v10-hyal-lip-sun-protector-aizsargajoss-lupu-balzams-spf-15_.webp\",\"width\":1200,\"height\":630},{\"@type\":\"BreadcrumbList\",\"@id\":\"https:\\\/\\\/www.facecorner.lv\\\/shop\\\/some-by-mi-v10-hyal-lip-sun-protector-spf15\\\/#breadcrumb\",\"itemListElement\":[{\"@type\":\"ListItem\",\"position\":1,\"name\":\"Home\",\"item\":\"https:\\\/\\\/www.facecorner.lv\\\/\"},{\"@type\":\"ListItem\",\"position\":2,\"name\":\"Veikals\",\"item\":\"https:\\\/\\\/www.facecorner.lv\\\/shop\\\/\"},{\"@type\":\"ListItem\",\"position\":3,\"name\":\"Some By Mi V10 Hyal Lip Sun Protector SPF15\"}]},{\"@type\":\"WebSite\",\"@id\":\"https:\\\/\\\/www.facecorner.lv\\\/#website\",\"url\":\"https:\\\/\\\/www.facecorner.lv\\\/\",\"name\":\"Facecorner\",\"description\":\"\",\"publisher\":{\"@id\":\"https:\\\/\\\/www.facecorner.lv\\\/#organization\"},\"potentialAction\":[{\"@type\":\"SearchAction\",\"target\":{\"@type\":\"EntryPoint\",\"urlTemplate\":\"https:\\\/\\\/www.facecorner.lv\\\/?s={search_term_string}\"},\"query-input\":{\"@type\":\"PropertyValueSpecification\",\"valueRequired\":true,\"valueName\":\"search_term_string\"}}],\"inLanguage\":\"lv-LV\"},{\"@type\":\"Organization\",\"@id\":\"https:\\\/\\\/www.facecorner.lv\\\/#organization\",\"name\":\"Facecorner\",\"url\":\"https:\\\/\\\/www.facecorner.lv\\\/\",\"logo\":{\"@type\":\"ImageObject\",\"inLanguage\":\"lv-LV\",\"@id\":\"https:\\\/\\\/www.facecorner.lv\\\/#\\\/schema\\\/logo\\\/image\\\/\",\"url\":\"https:\\\/\\\/www.facecorner.lv\\\/wp-content\\\/uploads\\\/2024\\\/04\\\/fc-logo.jpg\",\"contentUrl\":\"https:\\\/\\\/www.facecorner.lv\\\/wp-content\\\/uploads\\\/2024\\\/04\\\/fc-logo.jpg\",\"width\":174,\"height\":28,\"caption\":\"Facecorner\"},\"image\":{\"@id\":\"https:\\\/\\\/www.facecorner.lv\\\/#\\\/schema\\\/logo\\\/image\\\/\"},\"sameAs\":[\"https:\\\/\\\/www.facebook.com\\\/profile.php?id=100063824551839\",\"https:\\\/\\\/www.instagram.com\\\/facecorner_shop\\\/\"]}]}<\/script>\n<meta property=\"product:price:amount\" content=\"9.50\" \/>\n<meta property=\"product:price:currency\" content=\"EUR\" \/>\n<meta property=\"og:availability\" content=\"instock\" \/>\n<meta property=\"product:availability\" content=\"instock\" \/>\n<meta property=\"product:condition\" content=\"new\" \/>\n<!-- \/ Yoast SEO plugin. -->","yoast_head_json":{"title":"Some By Mi V10 Hyal Lip Sun Protector SPF15 - FACECORNER","robots":{"index":"index","follow":"follow","max-snippet":"max-snippet:-1","max-image-preview":"max-image-preview:large","max-video-preview":"max-video-preview:-1"},"canonical":"https:\/\/www.facecorner.lv\/lv\/shop\/some-by-mi-v10-hyal-lip-sun-protector-spf15\/","og_locale":"lv_LV","og_type":"article","og_title":"Some By Mi V10 Hyal Lip Sun Protector SPF15 - FACECORNER","og_description":"Sau\u013co\u0161an\u0101s l\u016bpu balzams ar vitam\u012bnu kompleksu Some By Mi V10 Hyal Lip Sun Protector SPF15 blo\u0137\u0113 ultraviolet\u0101 starojuma agres\u012bvo iedarb\u012bbu un samazina kolag\u0113na un elast\u012bna \u0161\u0137iedru izn\u012bcin\u0101\u0161anu. Tam ir augsta antioksidanta aktivit\u0101te, tas intens\u012bvi mitrina un mazina sausumu. E\u013c\u013cu komplekss akt\u012bvi baro, nov\u0113r\u0161 lob\u012b\u0161anos un m\u012bkstina raupjus \u0101das laukumus. Stimul\u0113 boj\u0101t\u0101 lip\u012bdu sl\u0101\u0146a atjauno\u0161anos un [&hellip;]","og_url":"https:\/\/www.facecorner.lv\/lv\/shop\/some-by-mi-v10-hyal-lip-sun-protector-spf15\/","og_site_name":"FACECORNER","article_publisher":"https:\/\/www.facebook.com\/profile.php?id=100063824551839","article_modified_time":"2026-02-02T20:31:36+00:00","og_image":[{"width":1200,"height":630,"url":"https:\/\/www.facecorner.lv\/wp-content\/uploads\/2023\/09\/some-by-mi-v10-hyal-lip-sun-protector-aizsargajoss-lupu-balzams-spf-15_.webp","type":"image\/webp"}],"twitter_card":"summary_large_image","twitter_misc":{"Price":"&euro;9.50","Availability":"In stock"},"schema":{"@context":"https:\/\/schema.org","@graph":[{"@type":"WebPage","@id":"https:\/\/www.facecorner.lv\/shop\/some-by-mi-v10-hyal-lip-sun-protector-spf15\/","url":"https:\/\/www.facecorner.lv\/shop\/some-by-mi-v10-hyal-lip-sun-protector-spf15\/","name":"Some By Mi V10 Hyal Lip Sun Protector SPF15 - FACECORNER","isPartOf":{"@id":"https:\/\/www.facecorner.lv\/#website"},"primaryImageOfPage":{"@id":"https:\/\/www.facecorner.lv\/shop\/some-by-mi-v10-hyal-lip-sun-protector-spf15\/#primaryimage"},"image":{"@id":"https:\/\/www.facecorner.lv\/shop\/some-by-mi-v10-hyal-lip-sun-protector-spf15\/#primaryimage"},"thumbnailUrl":"https:\/\/www.facecorner.lv\/wp-content\/uploads\/2023\/09\/some-by-mi-v10-hyal-lip-sun-protector-aizsargajoss-lupu-balzams-spf-15_.webp","datePublished":"2023-09-27T17:18:17+00:00","dateModified":"2026-02-02T20:31:36+00:00","breadcrumb":{"@id":"https:\/\/www.facecorner.lv\/shop\/some-by-mi-v10-hyal-lip-sun-protector-spf15\/#breadcrumb"},"inLanguage":"lv-LV","potentialAction":[{"@type":"ReadAction","target":["https:\/\/www.facecorner.lv\/shop\/some-by-mi-v10-hyal-lip-sun-protector-spf15\/"]}]},{"@type":"ImageObject","inLanguage":"lv-LV","@id":"https:\/\/www.facecorner.lv\/shop\/some-by-mi-v10-hyal-lip-sun-protector-spf15\/#primaryimage","url":"https:\/\/www.facecorner.lv\/wp-content\/uploads\/2023\/09\/some-by-mi-v10-hyal-lip-sun-protector-aizsargajoss-lupu-balzams-spf-15_.webp","contentUrl":"https:\/\/www.facecorner.lv\/wp-content\/uploads\/2023\/09\/some-by-mi-v10-hyal-lip-sun-protector-aizsargajoss-lupu-balzams-spf-15_.webp","width":1200,"height":630},{"@type":"BreadcrumbList","@id":"https:\/\/www.facecorner.lv\/shop\/some-by-mi-v10-hyal-lip-sun-protector-spf15\/#breadcrumb","itemListElement":[{"@type":"ListItem","position":1,"name":"Home","item":"https:\/\/www.facecorner.lv\/"},{"@type":"ListItem","position":2,"name":"Veikals","item":"https:\/\/www.facecorner.lv\/shop\/"},{"@type":"ListItem","position":3,"name":"Some By Mi V10 Hyal Lip Sun Protector SPF15"}]},{"@type":"WebSite","@id":"https:\/\/www.facecorner.lv\/#website","url":"https:\/\/www.facecorner.lv\/","name":"Facecorner","description":"","publisher":{"@id":"https:\/\/www.facecorner.lv\/#organization"},"potentialAction":[{"@type":"SearchAction","target":{"@type":"EntryPoint","urlTemplate":"https:\/\/www.facecorner.lv\/?s={search_term_string}"},"query-input":{"@type":"PropertyValueSpecification","valueRequired":true,"valueName":"search_term_string"}}],"inLanguage":"lv-LV"},{"@type":"Organization","@id":"https:\/\/www.facecorner.lv\/#organization","name":"Facecorner","url":"https:\/\/www.facecorner.lv\/","logo":{"@type":"ImageObject","inLanguage":"lv-LV","@id":"https:\/\/www.facecorner.lv\/#\/schema\/logo\/image\/","url":"https:\/\/www.facecorner.lv\/wp-content\/uploads\/2024\/04\/fc-logo.jpg","contentUrl":"https:\/\/www.facecorner.lv\/wp-content\/uploads\/2024\/04\/fc-logo.jpg","width":174,"height":28,"caption":"Facecorner"},"image":{"@id":"https:\/\/www.facecorner.lv\/#\/schema\/logo\/image\/"},"sameAs":["https:\/\/www.facebook.com\/profile.php?id=100063824551839","https:\/\/www.instagram.com\/facecorner_shop\/"]}]},"product_price_amount":"9.50","product_price_currency":"EUR","og_availability":"instock","product_availability":"instock","product_condition":"new"},"_links":{"self":[{"href":"https:\/\/www.facecorner.lv\/lv\/wp-json\/wp\/v2\/product\/12370","targetHints":{"allow":["GET"]}}],"collection":[{"href":"https:\/\/www.facecorner.lv\/lv\/wp-json\/wp\/v2\/product"}],"about":[{"href":"https:\/\/www.facecorner.lv\/lv\/wp-json\/wp\/v2\/types\/product"}],"replies":[{"embeddable":true,"href":"https:\/\/www.facecorner.lv\/lv\/wp-json\/wp\/v2\/comments?post=12370"}],"wp:featuredmedia":[{"embeddable":true,"href":"https:\/\/www.facecorner.lv\/lv\/wp-json\/wp\/v2\/media\/12371"}],"wp:attachment":[{"href":"https:\/\/www.facecorner.lv\/lv\/wp-json\/wp\/v2\/media?parent=12370"}],"wp:term":[{"taxonomy":"product_brand","embeddable":true,"href":"https:\/\/www.facecorner.lv\/lv\/wp-json\/wp\/v2\/product_brand?post=12370"},{"taxonomy":"product_cat","embeddable":true,"href":"https:\/\/www.facecorner.lv\/lv\/wp-json\/wp\/v2\/product_cat?post=12370"},{"taxonomy":"product_tag","embeddable":true,"href":"https:\/\/www.facecorner.lv\/lv\/wp-json\/wp\/v2\/product_tag?post=12370"},{"taxonomy":"berocket_brand","embeddable":true,"href":"https:\/\/www.facecorner.lv\/lv\/wp-json\/wp\/v2\/berocket_brand?post=12370"}],"curies":[{"name":"wp","href":"https:\/\/api.w.org\/{rel}","templated":true}]}}