{"id":12335,"date":"2023-09-25T14:30:06","date_gmt":"2023-09-25T12:30:06","guid":{"rendered":"https:\/\/www.facecorner.lv\/?post_type=product&#038;p=12335"},"modified":"2024-12-02T15:01:03","modified_gmt":"2024-12-02T12:01:03","slug":"some-by-mi-beta-panthenol-repair-gel-cleanser-120ml","status":"publish","type":"product","link":"https:\/\/www.facecorner.lv\/lv\/shop\/some-by-mi-beta-panthenol-repair-gel-cleanser-120ml\/","title":{"rendered":"Some By Mi Beta Panthenol Repair Gel Cleanser 120ml"},"content":{"rendered":"<p>G\u0113la mazg\u0101\u0161ana ar beta pantenolu un probiotik\u0101m Some By Mi Beta Panthenol Repair Gel Cleanser maigi no\u0146em kosm\u0113tikas atlikumus, putek\u013cus un citus net\u012brumus no \u0101das virsmas, neizjaucot optim\u0101lo pH l\u012bdzsvaru. \u0160\u012b att\u012br\u012b\u0161ana ir ide\u0101li piem\u0113rota \u013coti sausai, jut\u012bgai un atopiskai \u0101dai.<\/p>\n<p>Maigi noloba atmiru\u0161\u0101s epidermas \u0161\u016bnas, stimul\u0113 atjauno\u0161an\u0101s procesus un iz\u0161\u0137\u012bdina lieko sebumu. Saglab\u0101 nepiecie\u0161amo mitruma l\u012bmeni ar\u012b p\u0113c mazg\u0101\u0161anas, neizraisa herm\u0113tiskumu un lob\u012b\u0161anos.<\/p>\n<p><strong>Produkta galven\u0101s sast\u0101vda\u013cas:<\/strong><\/p>\n<ul>\n<li>D-pantenolam ir izteikta nomierino\u0161a iedarb\u012bba (24 reizes liel\u0101ka nek\u0101 parastajam pantenolam), normaliz\u0113 lipo\u0123en\u0113zes procesu, kas \u013cauj uztur\u0113t nepiecie\u0161amo mitruma l\u012bmeni \u0161\u016bn\u0101s un pasarg\u0101 no dehidrat\u0101cijas.<\/li>\n<li>Probiotikas komplekss uztur norm\u0101lu mikrofloru, k\u0101 ar\u012b pal\u012bdz izgaismot pigment\u0101ciju un izl\u012bdzin\u0101t tonusu. Mitrina, nov\u0113r\u0161 aps\u0101rtumu, regul\u0113 melan\u012bna veido\u0161anos epiderm\u0101, maigi noloba raga sl\u0101ni un pa\u0101trina re\u0123ener\u0101cijas procesus.<\/li>\n<\/ul>\n<p>Piem\u0113rots sausai, norm\u0101lai un jut\u012bgai \u0101dai.<\/p>\n<p><strong>Lieto\u0161anas nor\u0101d\u012bjumi:<\/strong> uzkl\u0101jiet nepiecie\u0161amo \u017eelejas daudzumu uz sausas \u0101das un iemas\u0113jiet, noskalojiet atliku\u0161o l\u012bdzekli ar \u016bdeni.<\/p>\n<p><strong>S\u0101stavs:\u00a0<\/strong>Purified Water, Sodium Cocoyl Isethionate, Sodium Methyl Cocoyl Taurate, Glycerin, Dipropylene Glycol, Coco Betaine, Lauryl Hydroxysulfate, Panthenol (10,000 ppm), 1,2-Hexanediol, Glyceryl Stearate, Sodium Chloride, Propylene Glycol Urate, Polyglyceryl-3 Methyl Glucose Distearate, Glycol Distearate, Musa Sapientum (Banana) Fruit Extract, Rosa Damask Rose Water, Polyquaternium-67, Pyrus Communis Fruit Extract, Prunus Domestica Extract, Citric Acid, Ethylhexylglycerin, Cucumis Melo (Melon) Fruit Extract, Disodium EDTA, Hedera Helix Leaf\/Stem Extract, Gluconolactone, Sea Water, Propanediol, Sodium Acetate, Arginine, Hydrogenated Native Lecithin, Sorbitan Olivate, Cetearyl Olivate, Beta-Sitosterol (750 ppb), Lactococcus Fermentation Lysate, Bifida Fermentation Lysate, Lactobacillus Fermentation Lysate, Phytosterol, Tocopherol, Glycine, Serine, Glutamic Acid, Aspar TIC Acid, Leucine, Alanine, Lysine, Tyrosine, Phenylalanine, Valine, Threonine, Proline, Isoleucine, Histidine, Methionine, Cysteine.<\/p>\n","protected":false},"excerpt":{"rendered":"<p>G\u0113la mazg\u0101\u0161ana ar beta pantenolu un probiotik\u0101m Some By Mi Beta Panthenol Repair Gel Cleanser maigi no\u0146em kosm\u0113tikas atlikumus, putek\u013cus un citus net\u012brumus no \u0101das virsmas, neizjaucot optim\u0101lo pH l\u012bdzsvaru. \u0160\u012b att\u012br\u012b\u0161ana ir ide\u0101li piem\u0113rota \u013coti sausai, jut\u012bgai un atopiskai \u0101dai. Maigi noloba atmiru\u0161\u0101s epidermas \u0161\u016bnas, stimul\u0113 atjauno\u0161an\u0101s procesus un iz\u0161\u0137\u012bdina lieko sebumu. Saglab\u0101 nepiecie\u0161amo [&hellip;]<\/p>\n","protected":false},"featured_media":12336,"comment_status":"open","ping_status":"closed","template":"","meta":{"site-sidebar-layout":"default","site-content-layout":"","ast-site-content-layout":"","site-content-style":"default","site-sidebar-style":"default","ast-global-header-display":"","ast-banner-title-visibility":"","ast-main-header-display":"","ast-hfb-above-header-display":"","ast-hfb-below-header-display":"","ast-hfb-mobile-header-display":"","site-post-title":"","ast-breadcrumbs-content":"","ast-featured-img":"","footer-sml-layout":"","theme-transparent-header-meta":"","adv-header-id-meta":"","stick-header-meta":"","header-above-stick-meta":"","header-main-stick-meta":"","header-below-stick-meta":"","astra-migrate-meta-layouts":"default","ast-page-background-enabled":"default","ast-page-background-meta":{"desktop":{"background-color":"var(--ast-global-color-4)","background-image":"","background-repeat":"repeat","background-position":"center center","background-size":"auto","background-attachment":"scroll","background-type":"","background-media":"","overlay-type":"","overlay-color":"","overlay-opacity":"","overlay-gradient":""},"tablet":{"background-color":"","background-image":"","background-repeat":"repeat","background-position":"center center","background-size":"auto","background-attachment":"scroll","background-type":"","background-media":"","overlay-type":"","overlay-color":"","overlay-opacity":"","overlay-gradient":""},"mobile":{"background-color":"","background-image":"","background-repeat":"repeat","background-position":"center center","background-size":"auto","background-attachment":"scroll","background-type":"","background-media":"","overlay-type":"","overlay-color":"","overlay-opacity":"","overlay-gradient":""}},"ast-content-background-meta":{"desktop":{"background-color":"var(--ast-global-color-5)","background-image":"","background-repeat":"repeat","background-position":"center center","background-size":"auto","background-attachment":"scroll","background-type":"","background-media":"","overlay-type":"","overlay-color":"","overlay-opacity":"","overlay-gradient":""},"tablet":{"background-color":"var(--ast-global-color-5)","background-image":"","background-repeat":"repeat","background-position":"center center","background-size":"auto","background-attachment":"scroll","background-type":"","background-media":"","overlay-type":"","overlay-color":"","overlay-opacity":"","overlay-gradient":""},"mobile":{"background-color":"var(--ast-global-color-5)","background-image":"","background-repeat":"repeat","background-position":"center center","background-size":"auto","background-attachment":"scroll","background-type":"","background-media":"","overlay-type":"","overlay-color":"","overlay-opacity":"","overlay-gradient":""}}},"product_brand":[],"product_cat":[310,311,312,380,313,381,317,379,314],"product_tag":[],"berocket_brand":[],"class_list":{"0":"post-12335","1":"product","2":"type-product","3":"status-publish","4":"has-post-thumbnail","6":"product_cat-attirisana","7":"product_cat-jutigai-adai-attirisana","8":"product_cat-kombinetai-adai-attirisana","9":"product_cat-kombinetai-adai","10":"product_cat-problematiskai-adai-attirisana","11":"product_cat-problematiskai-un-taukainai-adai","12":"product_cat-sausai-adai-attirisana","13":"product_cat-sausai-adai-anti-age","14":"product_cat-taukainai-adai-attirisana","15":"desktop-align-left","16":"tablet-align-left","17":"mobile-align-left","19":"first","20":"outofstock","21":"taxable","22":"shipping-taxable","23":"purchasable","24":"product-type-simple","25":"add-to-wishlist-before_image"},"yoast_head":"<!-- This site is optimized with the Yoast SEO plugin v27.4 - https:\/\/yoast.com\/product\/yoast-seo-wordpress\/ -->\n<title>Some By Mi Beta Panthenol Repair Gel Cleanser 120ml - FACECORNER<\/title>\n<meta name=\"robots\" content=\"index, follow, max-snippet:-1, max-image-preview:large, max-video-preview:-1\" \/>\n<link rel=\"canonical\" href=\"https:\/\/www.facecorner.lv\/lv\/shop\/some-by-mi-beta-panthenol-repair-gel-cleanser-120ml\/\" \/>\n<meta property=\"og:locale\" content=\"lv_LV\" \/>\n<meta property=\"og:type\" content=\"article\" \/>\n<meta property=\"og:title\" content=\"Some By Mi Beta Panthenol Repair Gel Cleanser 120ml - FACECORNER\" \/>\n<meta property=\"og:description\" content=\"G\u0113la mazg\u0101\u0161ana ar beta pantenolu un probiotik\u0101m Some By Mi Beta Panthenol Repair Gel Cleanser maigi no\u0146em kosm\u0113tikas atlikumus, putek\u013cus un citus net\u012brumus no \u0101das virsmas, neizjaucot optim\u0101lo pH l\u012bdzsvaru. \u0160\u012b att\u012br\u012b\u0161ana ir ide\u0101li piem\u0113rota \u013coti sausai, jut\u012bgai un atopiskai \u0101dai. Maigi noloba atmiru\u0161\u0101s epidermas \u0161\u016bnas, stimul\u0113 atjauno\u0161an\u0101s procesus un iz\u0161\u0137\u012bdina lieko sebumu. Saglab\u0101 nepiecie\u0161amo [&hellip;]\" \/>\n<meta property=\"og:url\" content=\"https:\/\/www.facecorner.lv\/lv\/shop\/some-by-mi-beta-panthenol-repair-gel-cleanser-120ml\/\" \/>\n<meta property=\"og:site_name\" content=\"FACECORNER\" \/>\n<meta property=\"article:publisher\" content=\"https:\/\/www.facebook.com\/profile.php?id=100063824551839\" \/>\n<meta property=\"article:modified_time\" content=\"2024-12-02T12:01:03+00:00\" \/>\n<meta property=\"og:image\" content=\"https:\/\/www.facecorner.lv\/wp-content\/uploads\/2023\/09\/gel-_1_.png\" \/>\n\t<meta property=\"og:image:width\" content=\"1000\" \/>\n\t<meta property=\"og:image:height\" content=\"1000\" \/>\n\t<meta property=\"og:image:type\" content=\"image\/png\" \/>\n<meta name=\"twitter:card\" content=\"summary_large_image\" \/>\n<meta name=\"twitter:label1\" content=\"Price\" \/>\n\t<meta name=\"twitter:data1\" content=\"&euro;18.00\" \/>\n\t<meta name=\"twitter:label2\" content=\"Availability\" \/>\n\t<meta name=\"twitter:data2\" content=\"Out of stock\" \/>\n<script type=\"application\/ld+json\" class=\"yoast-schema-graph\">{\"@context\":\"https:\\\/\\\/schema.org\",\"@graph\":[{\"@type\":\"WebPage\",\"@id\":\"https:\\\/\\\/www.facecorner.lv\\\/shop\\\/some-by-mi-beta-panthenol-repair-gel-cleanser-120ml\\\/\",\"url\":\"https:\\\/\\\/www.facecorner.lv\\\/shop\\\/some-by-mi-beta-panthenol-repair-gel-cleanser-120ml\\\/\",\"name\":\"Some By Mi Beta Panthenol Repair Gel Cleanser 120ml - FACECORNER\",\"isPartOf\":{\"@id\":\"https:\\\/\\\/www.facecorner.lv\\\/#website\"},\"primaryImageOfPage\":{\"@id\":\"https:\\\/\\\/www.facecorner.lv\\\/shop\\\/some-by-mi-beta-panthenol-repair-gel-cleanser-120ml\\\/#primaryimage\"},\"image\":{\"@id\":\"https:\\\/\\\/www.facecorner.lv\\\/shop\\\/some-by-mi-beta-panthenol-repair-gel-cleanser-120ml\\\/#primaryimage\"},\"thumbnailUrl\":\"https:\\\/\\\/www.facecorner.lv\\\/wp-content\\\/uploads\\\/2023\\\/09\\\/gel-_1_.png\",\"datePublished\":\"2023-09-25T12:30:06+00:00\",\"dateModified\":\"2024-12-02T12:01:03+00:00\",\"breadcrumb\":{\"@id\":\"https:\\\/\\\/www.facecorner.lv\\\/shop\\\/some-by-mi-beta-panthenol-repair-gel-cleanser-120ml\\\/#breadcrumb\"},\"inLanguage\":\"lv-LV\",\"potentialAction\":[{\"@type\":\"ReadAction\",\"target\":[\"https:\\\/\\\/www.facecorner.lv\\\/shop\\\/some-by-mi-beta-panthenol-repair-gel-cleanser-120ml\\\/\"]}]},{\"@type\":\"ImageObject\",\"inLanguage\":\"lv-LV\",\"@id\":\"https:\\\/\\\/www.facecorner.lv\\\/shop\\\/some-by-mi-beta-panthenol-repair-gel-cleanser-120ml\\\/#primaryimage\",\"url\":\"https:\\\/\\\/www.facecorner.lv\\\/wp-content\\\/uploads\\\/2023\\\/09\\\/gel-_1_.png\",\"contentUrl\":\"https:\\\/\\\/www.facecorner.lv\\\/wp-content\\\/uploads\\\/2023\\\/09\\\/gel-_1_.png\",\"width\":1000,\"height\":1000},{\"@type\":\"BreadcrumbList\",\"@id\":\"https:\\\/\\\/www.facecorner.lv\\\/shop\\\/some-by-mi-beta-panthenol-repair-gel-cleanser-120ml\\\/#breadcrumb\",\"itemListElement\":[{\"@type\":\"ListItem\",\"position\":1,\"name\":\"Home\",\"item\":\"https:\\\/\\\/www.facecorner.lv\\\/\"},{\"@type\":\"ListItem\",\"position\":2,\"name\":\"Veikals\",\"item\":\"https:\\\/\\\/www.facecorner.lv\\\/shop\\\/\"},{\"@type\":\"ListItem\",\"position\":3,\"name\":\"Some By Mi Beta Panthenol Repair Gel Cleanser 120ml\"}]},{\"@type\":\"WebSite\",\"@id\":\"https:\\\/\\\/www.facecorner.lv\\\/#website\",\"url\":\"https:\\\/\\\/www.facecorner.lv\\\/\",\"name\":\"Facecorner\",\"description\":\"\",\"publisher\":{\"@id\":\"https:\\\/\\\/www.facecorner.lv\\\/#organization\"},\"potentialAction\":[{\"@type\":\"SearchAction\",\"target\":{\"@type\":\"EntryPoint\",\"urlTemplate\":\"https:\\\/\\\/www.facecorner.lv\\\/?s={search_term_string}\"},\"query-input\":{\"@type\":\"PropertyValueSpecification\",\"valueRequired\":true,\"valueName\":\"search_term_string\"}}],\"inLanguage\":\"lv-LV\"},{\"@type\":\"Organization\",\"@id\":\"https:\\\/\\\/www.facecorner.lv\\\/#organization\",\"name\":\"Facecorner\",\"url\":\"https:\\\/\\\/www.facecorner.lv\\\/\",\"logo\":{\"@type\":\"ImageObject\",\"inLanguage\":\"lv-LV\",\"@id\":\"https:\\\/\\\/www.facecorner.lv\\\/#\\\/schema\\\/logo\\\/image\\\/\",\"url\":\"https:\\\/\\\/www.facecorner.lv\\\/wp-content\\\/uploads\\\/2024\\\/04\\\/fc-logo.jpg\",\"contentUrl\":\"https:\\\/\\\/www.facecorner.lv\\\/wp-content\\\/uploads\\\/2024\\\/04\\\/fc-logo.jpg\",\"width\":174,\"height\":28,\"caption\":\"Facecorner\"},\"image\":{\"@id\":\"https:\\\/\\\/www.facecorner.lv\\\/#\\\/schema\\\/logo\\\/image\\\/\"},\"sameAs\":[\"https:\\\/\\\/www.facebook.com\\\/profile.php?id=100063824551839\",\"https:\\\/\\\/www.instagram.com\\\/facecorner_shop\\\/\"]}]}<\/script>\n<meta property=\"product:price:amount\" content=\"18.00\" \/>\n<meta property=\"product:price:currency\" content=\"EUR\" \/>\n<meta property=\"og:availability\" content=\"out of stock\" \/>\n<meta property=\"product:availability\" content=\"out of stock\" \/>\n<meta property=\"product:condition\" content=\"new\" \/>\n<!-- \/ Yoast SEO plugin. -->","yoast_head_json":{"title":"Some By Mi Beta Panthenol Repair Gel Cleanser 120ml - FACECORNER","robots":{"index":"index","follow":"follow","max-snippet":"max-snippet:-1","max-image-preview":"max-image-preview:large","max-video-preview":"max-video-preview:-1"},"canonical":"https:\/\/www.facecorner.lv\/lv\/shop\/some-by-mi-beta-panthenol-repair-gel-cleanser-120ml\/","og_locale":"lv_LV","og_type":"article","og_title":"Some By Mi Beta Panthenol Repair Gel Cleanser 120ml - FACECORNER","og_description":"G\u0113la mazg\u0101\u0161ana ar beta pantenolu un probiotik\u0101m Some By Mi Beta Panthenol Repair Gel Cleanser maigi no\u0146em kosm\u0113tikas atlikumus, putek\u013cus un citus net\u012brumus no \u0101das virsmas, neizjaucot optim\u0101lo pH l\u012bdzsvaru. \u0160\u012b att\u012br\u012b\u0161ana ir ide\u0101li piem\u0113rota \u013coti sausai, jut\u012bgai un atopiskai \u0101dai. Maigi noloba atmiru\u0161\u0101s epidermas \u0161\u016bnas, stimul\u0113 atjauno\u0161an\u0101s procesus un iz\u0161\u0137\u012bdina lieko sebumu. Saglab\u0101 nepiecie\u0161amo [&hellip;]","og_url":"https:\/\/www.facecorner.lv\/lv\/shop\/some-by-mi-beta-panthenol-repair-gel-cleanser-120ml\/","og_site_name":"FACECORNER","article_publisher":"https:\/\/www.facebook.com\/profile.php?id=100063824551839","article_modified_time":"2024-12-02T12:01:03+00:00","og_image":[{"width":1000,"height":1000,"url":"https:\/\/www.facecorner.lv\/wp-content\/uploads\/2023\/09\/gel-_1_.png","type":"image\/png"}],"twitter_card":"summary_large_image","twitter_misc":{"Price":"&euro;18.00","Availability":"Out of stock"},"schema":{"@context":"https:\/\/schema.org","@graph":[{"@type":"WebPage","@id":"https:\/\/www.facecorner.lv\/shop\/some-by-mi-beta-panthenol-repair-gel-cleanser-120ml\/","url":"https:\/\/www.facecorner.lv\/shop\/some-by-mi-beta-panthenol-repair-gel-cleanser-120ml\/","name":"Some By Mi Beta Panthenol Repair Gel Cleanser 120ml - FACECORNER","isPartOf":{"@id":"https:\/\/www.facecorner.lv\/#website"},"primaryImageOfPage":{"@id":"https:\/\/www.facecorner.lv\/shop\/some-by-mi-beta-panthenol-repair-gel-cleanser-120ml\/#primaryimage"},"image":{"@id":"https:\/\/www.facecorner.lv\/shop\/some-by-mi-beta-panthenol-repair-gel-cleanser-120ml\/#primaryimage"},"thumbnailUrl":"https:\/\/www.facecorner.lv\/wp-content\/uploads\/2023\/09\/gel-_1_.png","datePublished":"2023-09-25T12:30:06+00:00","dateModified":"2024-12-02T12:01:03+00:00","breadcrumb":{"@id":"https:\/\/www.facecorner.lv\/shop\/some-by-mi-beta-panthenol-repair-gel-cleanser-120ml\/#breadcrumb"},"inLanguage":"lv-LV","potentialAction":[{"@type":"ReadAction","target":["https:\/\/www.facecorner.lv\/shop\/some-by-mi-beta-panthenol-repair-gel-cleanser-120ml\/"]}]},{"@type":"ImageObject","inLanguage":"lv-LV","@id":"https:\/\/www.facecorner.lv\/shop\/some-by-mi-beta-panthenol-repair-gel-cleanser-120ml\/#primaryimage","url":"https:\/\/www.facecorner.lv\/wp-content\/uploads\/2023\/09\/gel-_1_.png","contentUrl":"https:\/\/www.facecorner.lv\/wp-content\/uploads\/2023\/09\/gel-_1_.png","width":1000,"height":1000},{"@type":"BreadcrumbList","@id":"https:\/\/www.facecorner.lv\/shop\/some-by-mi-beta-panthenol-repair-gel-cleanser-120ml\/#breadcrumb","itemListElement":[{"@type":"ListItem","position":1,"name":"Home","item":"https:\/\/www.facecorner.lv\/"},{"@type":"ListItem","position":2,"name":"Veikals","item":"https:\/\/www.facecorner.lv\/shop\/"},{"@type":"ListItem","position":3,"name":"Some By Mi Beta Panthenol Repair Gel Cleanser 120ml"}]},{"@type":"WebSite","@id":"https:\/\/www.facecorner.lv\/#website","url":"https:\/\/www.facecorner.lv\/","name":"Facecorner","description":"","publisher":{"@id":"https:\/\/www.facecorner.lv\/#organization"},"potentialAction":[{"@type":"SearchAction","target":{"@type":"EntryPoint","urlTemplate":"https:\/\/www.facecorner.lv\/?s={search_term_string}"},"query-input":{"@type":"PropertyValueSpecification","valueRequired":true,"valueName":"search_term_string"}}],"inLanguage":"lv-LV"},{"@type":"Organization","@id":"https:\/\/www.facecorner.lv\/#organization","name":"Facecorner","url":"https:\/\/www.facecorner.lv\/","logo":{"@type":"ImageObject","inLanguage":"lv-LV","@id":"https:\/\/www.facecorner.lv\/#\/schema\/logo\/image\/","url":"https:\/\/www.facecorner.lv\/wp-content\/uploads\/2024\/04\/fc-logo.jpg","contentUrl":"https:\/\/www.facecorner.lv\/wp-content\/uploads\/2024\/04\/fc-logo.jpg","width":174,"height":28,"caption":"Facecorner"},"image":{"@id":"https:\/\/www.facecorner.lv\/#\/schema\/logo\/image\/"},"sameAs":["https:\/\/www.facebook.com\/profile.php?id=100063824551839","https:\/\/www.instagram.com\/facecorner_shop\/"]}]},"product_price_amount":"18.00","product_price_currency":"EUR","og_availability":"out of stock","product_availability":"out of stock","product_condition":"new"},"_links":{"self":[{"href":"https:\/\/www.facecorner.lv\/lv\/wp-json\/wp\/v2\/product\/12335","targetHints":{"allow":["GET"]}}],"collection":[{"href":"https:\/\/www.facecorner.lv\/lv\/wp-json\/wp\/v2\/product"}],"about":[{"href":"https:\/\/www.facecorner.lv\/lv\/wp-json\/wp\/v2\/types\/product"}],"replies":[{"embeddable":true,"href":"https:\/\/www.facecorner.lv\/lv\/wp-json\/wp\/v2\/comments?post=12335"}],"wp:featuredmedia":[{"embeddable":true,"href":"https:\/\/www.facecorner.lv\/lv\/wp-json\/wp\/v2\/media\/12336"}],"wp:attachment":[{"href":"https:\/\/www.facecorner.lv\/lv\/wp-json\/wp\/v2\/media?parent=12335"}],"wp:term":[{"taxonomy":"product_brand","embeddable":true,"href":"https:\/\/www.facecorner.lv\/lv\/wp-json\/wp\/v2\/product_brand?post=12335"},{"taxonomy":"product_cat","embeddable":true,"href":"https:\/\/www.facecorner.lv\/lv\/wp-json\/wp\/v2\/product_cat?post=12335"},{"taxonomy":"product_tag","embeddable":true,"href":"https:\/\/www.facecorner.lv\/lv\/wp-json\/wp\/v2\/product_tag?post=12335"},{"taxonomy":"berocket_brand","embeddable":true,"href":"https:\/\/www.facecorner.lv\/lv\/wp-json\/wp\/v2\/berocket_brand?post=12335"}],"curies":[{"name":"wp","href":"https:\/\/api.w.org\/{rel}","templated":true}]}}