{"id":12315,"date":"2023-09-21T14:57:30","date_gmt":"2023-09-21T12:57:30","guid":{"rendered":"https:\/\/www.facecorner.lv\/?post_type=product&#038;p=12315"},"modified":"2025-02-10T22:12:16","modified_gmt":"2025-02-10T19:12:16","slug":"some-by-mi-beta-panthenol-repair-toner-150ml","status":"publish","type":"product","link":"https:\/\/www.facecorner.lv\/lv\/shop\/some-by-mi-beta-panthenol-repair-toner-150ml\/","title":{"rendered":"Some By Mi Beta Panthenol Repair Toner 150ml"},"content":{"rendered":"<p>Atjaunojo\u0161s toneris ar beta pantenolu un probiotik\u0101m Some By Mi Beta Panthenol Repair Toner dzi\u013cai mitrin\u0101\u0161anai un intens\u012bvai c\u012b\u0146ai pret sausumu un dehidrat\u0101ciju. Normaliz\u0113 hidrolip\u012bdu l\u012bdzsvaru, m\u012bkstina un nov\u0113r\u0161 lob\u012b\u0161anos.<\/p>\n<p>Nostiprina epidermas aizsarg\u0101jo\u0161\u0101s \u012bpa\u0161\u012bbas un neitraliz\u0113 \u0101r\u0113jo faktoru posto\u0161o ietekmi, saglab\u0101jot \u0101du jaunekl\u012bgu un t\u012bru. Tam ir izteikta nomierino\u0161a iedarb\u012bba, mazina niezi un aps\u0101rtumu. Tas labv\u0113l\u012bgi ietekm\u0113 rosacejas izpausmes, samazinot audu caurlaid\u012bbu un asinsvadu t\u012bkla smagumu.<\/p>\n<p>Vieglas kr\u0113mveida esences konsistence acumirkl\u012b nov\u0113r\u0161 sausumu, baro un atjauno dabisko mirdzumu.<\/p>\n<p><strong>Produkta galven\u0101s sast\u0101vda\u013cas:<\/strong><\/p>\n<ul>\n<li>D-pantenolam ir izteikta nomierino\u0161a iedarb\u012bba (24 reizes liel\u0101ka nek\u0101 parastajam pantenolam), normaliz\u0113 lipo\u0123en\u0113zes procesu, kas \u013cauj uztur\u0113t nepiecie\u0161amo mitruma l\u012bmeni \u0161\u016bn\u0101s un pasarg\u0101 no dehidrat\u0101cijas.<\/li>\n<li>Probiotikas komplekss uztur norm\u0101lu mikrofloru, k\u0101 ar\u012b pal\u012bdz izgaismot pigment\u0101ciju un izl\u012bdzin\u0101t tonusu. Mitrina, nov\u0113r\u0161 aps\u0101rtumu, regul\u0113 melan\u012bna veido\u0161anos epiderm\u0101, maigi noloba raga sl\u0101ni un pa\u0101trina re\u0123ener\u0101cijas procesus.<\/li>\n<\/ul>\n<p>Piem\u0113rots sausai, jut\u012bgai un norm\u0101lai \u0101dai.<\/p>\n<p><strong>Lieto\u0161anas nor\u0101d\u012bjumi:<\/strong> Uzkl\u0101jiet nepiecie\u0161amo tonera daudzumu uz t\u012bras \u0101das, izmantojot vates spilventi\u0146u vai plaukstas.<\/p>\n<p><strong>S\u0101stavs: \u00a0<\/strong>Purified Water, Propanediol, Methylpropanediol, Niacinamide, Glycerin, 1,2-Hexanediol, Panthenol (10,000 ppm), Betaine, C12-14 Alkes-12, Caprylic\/Capric Triglycerin Lide, Trehalose, Ceramide NP, Ethylhexylglycerin, Adenosine, Idrogenated Lecithin, Dipropylene Glycol, Hydrolyzed Hyaluronic Acid, Hyaluronic Acid, Allantoin, Xylitol, Glyceryl Glucoside, Musa Sapientum (Banana) Fruit Extract, Rosa Damask Rose Water, Beta-Glucan, Sodium Citrate, Pyrus Communis Fruit Extract, Prunus Domestica Extract, Sorbitan Olivate, Cucumis Melo (Melon) Fruit Extract, Cetearyl Olive, Citric Acid, Sodium Phytate, Hedera Helix Leaf\/Stem Extract, Glucose, Macadamia Ternifolia Seed Oil, Sodium Hyaluronate, Beta-Sitosterol (750ppb), Bifida Fermentation Lysate, Lactococcus Fermentation Lysate, Lactobacillus Fermentation Lysate, Phytosterol, Hydroxypropyltrimonium Hyaluronate, Sodium Acetylated Hyaluronate, Hydrolyzed Sodium Hyaluronate, Sodium Hyaluronate Crosspolymer, Potassium Hyaluronate.<\/p>\n","protected":false},"excerpt":{"rendered":"<p>Atjaunojo\u0161s toneris ar beta pantenolu un probiotik\u0101m Some By Mi Beta Panthenol Repair Toner dzi\u013cai mitrin\u0101\u0161anai un intens\u012bvai c\u012b\u0146ai pret sausumu un dehidrat\u0101ciju. Normaliz\u0113 hidrolip\u012bdu l\u012bdzsvaru, m\u012bkstina un nov\u0113r\u0161 lob\u012b\u0161anos. Nostiprina epidermas aizsarg\u0101jo\u0161\u0101s \u012bpa\u0161\u012bbas un neitraliz\u0113 \u0101r\u0113jo faktoru posto\u0161o ietekmi, saglab\u0101jot \u0101du jaunekl\u012bgu un t\u012bru. Tam ir izteikta nomierino\u0161a iedarb\u012bba, mazina niezi un aps\u0101rtumu. Tas [&hellip;]<\/p>\n","protected":false},"featured_media":12316,"comment_status":"open","ping_status":"closed","template":"","meta":{"site-sidebar-layout":"default","site-content-layout":"","ast-site-content-layout":"","site-content-style":"default","site-sidebar-style":"default","ast-global-header-display":"","ast-banner-title-visibility":"","ast-main-header-display":"","ast-hfb-above-header-display":"","ast-hfb-below-header-display":"","ast-hfb-mobile-header-display":"","site-post-title":"","ast-breadcrumbs-content":"","ast-featured-img":"","footer-sml-layout":"","theme-transparent-header-meta":"","adv-header-id-meta":"","stick-header-meta":"","header-above-stick-meta":"","header-main-stick-meta":"","header-below-stick-meta":"","astra-migrate-meta-layouts":"default","ast-page-background-enabled":"default","ast-page-background-meta":{"desktop":{"background-color":"var(--ast-global-color-4)","background-image":"","background-repeat":"repeat","background-position":"center center","background-size":"auto","background-attachment":"scroll","background-type":"","background-media":"","overlay-type":"","overlay-color":"","overlay-opacity":"","overlay-gradient":""},"tablet":{"background-color":"","background-image":"","background-repeat":"repeat","background-position":"center center","background-size":"auto","background-attachment":"scroll","background-type":"","background-media":"","overlay-type":"","overlay-color":"","overlay-opacity":"","overlay-gradient":""},"mobile":{"background-color":"","background-image":"","background-repeat":"repeat","background-position":"center center","background-size":"auto","background-attachment":"scroll","background-type":"","background-media":"","overlay-type":"","overlay-color":"","overlay-opacity":"","overlay-gradient":""}},"ast-content-background-meta":{"desktop":{"background-color":"var(--ast-global-color-5)","background-image":"","background-repeat":"repeat","background-position":"center center","background-size":"auto","background-attachment":"scroll","background-type":"","background-media":"","overlay-type":"","overlay-color":"","overlay-opacity":"","overlay-gradient":""},"tablet":{"background-color":"var(--ast-global-color-5)","background-image":"","background-repeat":"repeat","background-position":"center center","background-size":"auto","background-attachment":"scroll","background-type":"","background-media":"","overlay-type":"","overlay-color":"","overlay-opacity":"","overlay-gradient":""},"mobile":{"background-color":"var(--ast-global-color-5)","background-image":"","background-repeat":"repeat","background-position":"center center","background-size":"auto","background-attachment":"scroll","background-type":"","background-media":"","overlay-type":"","overlay-color":"","overlay-opacity":"","overlay-gradient":""}}},"product_brand":[],"product_cat":[375,380,378,379,364,376],"product_tag":[],"berocket_brand":[581],"class_list":{"0":"post-12315","1":"product","2":"type-product","3":"status-publish","4":"has-post-thumbnail","6":"product_cat-jutigai-adai-toneri","7":"product_cat-kombinetai-adai","8":"product_cat-sausai-adai-toneri","9":"product_cat-sausai-adai-anti-age","10":"product_cat-toneri","11":"product_cat-kombinetai-adai-toneri","12":"berocket_brand-some-by-mi","13":"desktop-align-left","14":"tablet-align-left","15":"mobile-align-left","17":"first","18":"outofstock","19":"taxable","20":"shipping-taxable","21":"purchasable","22":"product-type-simple","23":"add-to-wishlist-before_image"},"yoast_head":"<!-- This site is optimized with the Yoast SEO plugin v27.3 - https:\/\/yoast.com\/product\/yoast-seo-wordpress\/ -->\n<title>Some By Mi Beta Panthenol Repair Toner 150ml - FACECORNER<\/title>\n<meta name=\"robots\" content=\"index, follow, max-snippet:-1, max-image-preview:large, max-video-preview:-1\" \/>\n<link rel=\"canonical\" href=\"https:\/\/www.facecorner.lv\/lv\/shop\/some-by-mi-beta-panthenol-repair-toner-150ml\/\" \/>\n<meta property=\"og:locale\" content=\"lv_LV\" \/>\n<meta property=\"og:type\" content=\"article\" \/>\n<meta property=\"og:title\" content=\"Some By Mi Beta Panthenol Repair Toner 150ml - FACECORNER\" \/>\n<meta property=\"og:description\" content=\"Atjaunojo\u0161s toneris ar beta pantenolu un probiotik\u0101m Some By Mi Beta Panthenol Repair Toner dzi\u013cai mitrin\u0101\u0161anai un intens\u012bvai c\u012b\u0146ai pret sausumu un dehidrat\u0101ciju. Normaliz\u0113 hidrolip\u012bdu l\u012bdzsvaru, m\u012bkstina un nov\u0113r\u0161 lob\u012b\u0161anos. Nostiprina epidermas aizsarg\u0101jo\u0161\u0101s \u012bpa\u0161\u012bbas un neitraliz\u0113 \u0101r\u0113jo faktoru posto\u0161o ietekmi, saglab\u0101jot \u0101du jaunekl\u012bgu un t\u012bru. Tam ir izteikta nomierino\u0161a iedarb\u012bba, mazina niezi un aps\u0101rtumu. Tas [&hellip;]\" \/>\n<meta property=\"og:url\" content=\"https:\/\/www.facecorner.lv\/lv\/shop\/some-by-mi-beta-panthenol-repair-toner-150ml\/\" \/>\n<meta property=\"og:site_name\" content=\"FACECORNER\" \/>\n<meta property=\"article:publisher\" content=\"https:\/\/www.facebook.com\/profile.php?id=100063824551839\" \/>\n<meta property=\"article:modified_time\" content=\"2025-02-10T19:12:16+00:00\" \/>\n<meta property=\"og:image\" content=\"https:\/\/www.facecorner.lv\/wp-content\/uploads\/2023\/09\/image-1-_3_.png\" \/>\n\t<meta property=\"og:image:width\" content=\"1000\" \/>\n\t<meta property=\"og:image:height\" content=\"1000\" \/>\n\t<meta property=\"og:image:type\" content=\"image\/png\" \/>\n<meta name=\"twitter:card\" content=\"summary_large_image\" \/>\n<meta name=\"twitter:label1\" content=\"Price\" \/>\n\t<meta name=\"twitter:data1\" content=\"&euro;19.00\" \/>\n\t<meta name=\"twitter:label2\" content=\"Availability\" \/>\n\t<meta name=\"twitter:data2\" content=\"Out of stock\" \/>\n<script type=\"application\/ld+json\" class=\"yoast-schema-graph\">{\"@context\":\"https:\\\/\\\/schema.org\",\"@graph\":[{\"@type\":\"WebPage\",\"@id\":\"https:\\\/\\\/www.facecorner.lv\\\/shop\\\/some-by-mi-beta-panthenol-repair-toner-150ml\\\/\",\"url\":\"https:\\\/\\\/www.facecorner.lv\\\/shop\\\/some-by-mi-beta-panthenol-repair-toner-150ml\\\/\",\"name\":\"Some By Mi Beta Panthenol Repair Toner 150ml - FACECORNER\",\"isPartOf\":{\"@id\":\"https:\\\/\\\/www.facecorner.lv\\\/#website\"},\"primaryImageOfPage\":{\"@id\":\"https:\\\/\\\/www.facecorner.lv\\\/shop\\\/some-by-mi-beta-panthenol-repair-toner-150ml\\\/#primaryimage\"},\"image\":{\"@id\":\"https:\\\/\\\/www.facecorner.lv\\\/shop\\\/some-by-mi-beta-panthenol-repair-toner-150ml\\\/#primaryimage\"},\"thumbnailUrl\":\"https:\\\/\\\/www.facecorner.lv\\\/wp-content\\\/uploads\\\/2023\\\/09\\\/image-1-_3_.png\",\"datePublished\":\"2023-09-21T12:57:30+00:00\",\"dateModified\":\"2025-02-10T19:12:16+00:00\",\"breadcrumb\":{\"@id\":\"https:\\\/\\\/www.facecorner.lv\\\/shop\\\/some-by-mi-beta-panthenol-repair-toner-150ml\\\/#breadcrumb\"},\"inLanguage\":\"lv-LV\",\"potentialAction\":[{\"@type\":\"ReadAction\",\"target\":[\"https:\\\/\\\/www.facecorner.lv\\\/shop\\\/some-by-mi-beta-panthenol-repair-toner-150ml\\\/\"]}]},{\"@type\":\"ImageObject\",\"inLanguage\":\"lv-LV\",\"@id\":\"https:\\\/\\\/www.facecorner.lv\\\/shop\\\/some-by-mi-beta-panthenol-repair-toner-150ml\\\/#primaryimage\",\"url\":\"https:\\\/\\\/www.facecorner.lv\\\/wp-content\\\/uploads\\\/2023\\\/09\\\/image-1-_3_.png\",\"contentUrl\":\"https:\\\/\\\/www.facecorner.lv\\\/wp-content\\\/uploads\\\/2023\\\/09\\\/image-1-_3_.png\",\"width\":1000,\"height\":1000},{\"@type\":\"BreadcrumbList\",\"@id\":\"https:\\\/\\\/www.facecorner.lv\\\/shop\\\/some-by-mi-beta-panthenol-repair-toner-150ml\\\/#breadcrumb\",\"itemListElement\":[{\"@type\":\"ListItem\",\"position\":1,\"name\":\"Home\",\"item\":\"https:\\\/\\\/www.facecorner.lv\\\/\"},{\"@type\":\"ListItem\",\"position\":2,\"name\":\"Veikals\",\"item\":\"https:\\\/\\\/www.facecorner.lv\\\/shop\\\/\"},{\"@type\":\"ListItem\",\"position\":3,\"name\":\"Some By Mi Beta Panthenol Repair Toner 150ml\"}]},{\"@type\":\"WebSite\",\"@id\":\"https:\\\/\\\/www.facecorner.lv\\\/#website\",\"url\":\"https:\\\/\\\/www.facecorner.lv\\\/\",\"name\":\"Facecorner\",\"description\":\"\",\"publisher\":{\"@id\":\"https:\\\/\\\/www.facecorner.lv\\\/#organization\"},\"potentialAction\":[{\"@type\":\"SearchAction\",\"target\":{\"@type\":\"EntryPoint\",\"urlTemplate\":\"https:\\\/\\\/www.facecorner.lv\\\/?s={search_term_string}\"},\"query-input\":{\"@type\":\"PropertyValueSpecification\",\"valueRequired\":true,\"valueName\":\"search_term_string\"}}],\"inLanguage\":\"lv-LV\"},{\"@type\":\"Organization\",\"@id\":\"https:\\\/\\\/www.facecorner.lv\\\/#organization\",\"name\":\"Facecorner\",\"url\":\"https:\\\/\\\/www.facecorner.lv\\\/\",\"logo\":{\"@type\":\"ImageObject\",\"inLanguage\":\"lv-LV\",\"@id\":\"https:\\\/\\\/www.facecorner.lv\\\/#\\\/schema\\\/logo\\\/image\\\/\",\"url\":\"https:\\\/\\\/www.facecorner.lv\\\/wp-content\\\/uploads\\\/2024\\\/04\\\/fc-logo.jpg\",\"contentUrl\":\"https:\\\/\\\/www.facecorner.lv\\\/wp-content\\\/uploads\\\/2024\\\/04\\\/fc-logo.jpg\",\"width\":174,\"height\":28,\"caption\":\"Facecorner\"},\"image\":{\"@id\":\"https:\\\/\\\/www.facecorner.lv\\\/#\\\/schema\\\/logo\\\/image\\\/\"},\"sameAs\":[\"https:\\\/\\\/www.facebook.com\\\/profile.php?id=100063824551839\",\"https:\\\/\\\/www.instagram.com\\\/facecorner_shop\\\/\"]}]}<\/script>\n<meta property=\"product:price:amount\" content=\"19.00\" \/>\n<meta property=\"product:price:currency\" content=\"EUR\" \/>\n<meta property=\"og:availability\" content=\"out of stock\" \/>\n<meta property=\"product:availability\" content=\"out of stock\" \/>\n<meta property=\"product:condition\" content=\"new\" \/>\n<!-- \/ Yoast SEO plugin. -->","yoast_head_json":{"title":"Some By Mi Beta Panthenol Repair Toner 150ml - FACECORNER","robots":{"index":"index","follow":"follow","max-snippet":"max-snippet:-1","max-image-preview":"max-image-preview:large","max-video-preview":"max-video-preview:-1"},"canonical":"https:\/\/www.facecorner.lv\/lv\/shop\/some-by-mi-beta-panthenol-repair-toner-150ml\/","og_locale":"lv_LV","og_type":"article","og_title":"Some By Mi Beta Panthenol Repair Toner 150ml - FACECORNER","og_description":"Atjaunojo\u0161s toneris ar beta pantenolu un probiotik\u0101m Some By Mi Beta Panthenol Repair Toner dzi\u013cai mitrin\u0101\u0161anai un intens\u012bvai c\u012b\u0146ai pret sausumu un dehidrat\u0101ciju. Normaliz\u0113 hidrolip\u012bdu l\u012bdzsvaru, m\u012bkstina un nov\u0113r\u0161 lob\u012b\u0161anos. Nostiprina epidermas aizsarg\u0101jo\u0161\u0101s \u012bpa\u0161\u012bbas un neitraliz\u0113 \u0101r\u0113jo faktoru posto\u0161o ietekmi, saglab\u0101jot \u0101du jaunekl\u012bgu un t\u012bru. Tam ir izteikta nomierino\u0161a iedarb\u012bba, mazina niezi un aps\u0101rtumu. Tas [&hellip;]","og_url":"https:\/\/www.facecorner.lv\/lv\/shop\/some-by-mi-beta-panthenol-repair-toner-150ml\/","og_site_name":"FACECORNER","article_publisher":"https:\/\/www.facebook.com\/profile.php?id=100063824551839","article_modified_time":"2025-02-10T19:12:16+00:00","og_image":[{"width":1000,"height":1000,"url":"https:\/\/www.facecorner.lv\/wp-content\/uploads\/2023\/09\/image-1-_3_.png","type":"image\/png"}],"twitter_card":"summary_large_image","twitter_misc":{"Price":"&euro;19.00","Availability":"Out of stock"},"schema":{"@context":"https:\/\/schema.org","@graph":[{"@type":"WebPage","@id":"https:\/\/www.facecorner.lv\/shop\/some-by-mi-beta-panthenol-repair-toner-150ml\/","url":"https:\/\/www.facecorner.lv\/shop\/some-by-mi-beta-panthenol-repair-toner-150ml\/","name":"Some By Mi Beta Panthenol Repair Toner 150ml - FACECORNER","isPartOf":{"@id":"https:\/\/www.facecorner.lv\/#website"},"primaryImageOfPage":{"@id":"https:\/\/www.facecorner.lv\/shop\/some-by-mi-beta-panthenol-repair-toner-150ml\/#primaryimage"},"image":{"@id":"https:\/\/www.facecorner.lv\/shop\/some-by-mi-beta-panthenol-repair-toner-150ml\/#primaryimage"},"thumbnailUrl":"https:\/\/www.facecorner.lv\/wp-content\/uploads\/2023\/09\/image-1-_3_.png","datePublished":"2023-09-21T12:57:30+00:00","dateModified":"2025-02-10T19:12:16+00:00","breadcrumb":{"@id":"https:\/\/www.facecorner.lv\/shop\/some-by-mi-beta-panthenol-repair-toner-150ml\/#breadcrumb"},"inLanguage":"lv-LV","potentialAction":[{"@type":"ReadAction","target":["https:\/\/www.facecorner.lv\/shop\/some-by-mi-beta-panthenol-repair-toner-150ml\/"]}]},{"@type":"ImageObject","inLanguage":"lv-LV","@id":"https:\/\/www.facecorner.lv\/shop\/some-by-mi-beta-panthenol-repair-toner-150ml\/#primaryimage","url":"https:\/\/www.facecorner.lv\/wp-content\/uploads\/2023\/09\/image-1-_3_.png","contentUrl":"https:\/\/www.facecorner.lv\/wp-content\/uploads\/2023\/09\/image-1-_3_.png","width":1000,"height":1000},{"@type":"BreadcrumbList","@id":"https:\/\/www.facecorner.lv\/shop\/some-by-mi-beta-panthenol-repair-toner-150ml\/#breadcrumb","itemListElement":[{"@type":"ListItem","position":1,"name":"Home","item":"https:\/\/www.facecorner.lv\/"},{"@type":"ListItem","position":2,"name":"Veikals","item":"https:\/\/www.facecorner.lv\/shop\/"},{"@type":"ListItem","position":3,"name":"Some By Mi Beta Panthenol Repair Toner 150ml"}]},{"@type":"WebSite","@id":"https:\/\/www.facecorner.lv\/#website","url":"https:\/\/www.facecorner.lv\/","name":"Facecorner","description":"","publisher":{"@id":"https:\/\/www.facecorner.lv\/#organization"},"potentialAction":[{"@type":"SearchAction","target":{"@type":"EntryPoint","urlTemplate":"https:\/\/www.facecorner.lv\/?s={search_term_string}"},"query-input":{"@type":"PropertyValueSpecification","valueRequired":true,"valueName":"search_term_string"}}],"inLanguage":"lv-LV"},{"@type":"Organization","@id":"https:\/\/www.facecorner.lv\/#organization","name":"Facecorner","url":"https:\/\/www.facecorner.lv\/","logo":{"@type":"ImageObject","inLanguage":"lv-LV","@id":"https:\/\/www.facecorner.lv\/#\/schema\/logo\/image\/","url":"https:\/\/www.facecorner.lv\/wp-content\/uploads\/2024\/04\/fc-logo.jpg","contentUrl":"https:\/\/www.facecorner.lv\/wp-content\/uploads\/2024\/04\/fc-logo.jpg","width":174,"height":28,"caption":"Facecorner"},"image":{"@id":"https:\/\/www.facecorner.lv\/#\/schema\/logo\/image\/"},"sameAs":["https:\/\/www.facebook.com\/profile.php?id=100063824551839","https:\/\/www.instagram.com\/facecorner_shop\/"]}]},"product_price_amount":"19.00","product_price_currency":"EUR","og_availability":"out of stock","product_availability":"out of stock","product_condition":"new"},"_links":{"self":[{"href":"https:\/\/www.facecorner.lv\/lv\/wp-json\/wp\/v2\/product\/12315","targetHints":{"allow":["GET"]}}],"collection":[{"href":"https:\/\/www.facecorner.lv\/lv\/wp-json\/wp\/v2\/product"}],"about":[{"href":"https:\/\/www.facecorner.lv\/lv\/wp-json\/wp\/v2\/types\/product"}],"replies":[{"embeddable":true,"href":"https:\/\/www.facecorner.lv\/lv\/wp-json\/wp\/v2\/comments?post=12315"}],"wp:featuredmedia":[{"embeddable":true,"href":"https:\/\/www.facecorner.lv\/lv\/wp-json\/wp\/v2\/media\/12316"}],"wp:attachment":[{"href":"https:\/\/www.facecorner.lv\/lv\/wp-json\/wp\/v2\/media?parent=12315"}],"wp:term":[{"taxonomy":"product_brand","embeddable":true,"href":"https:\/\/www.facecorner.lv\/lv\/wp-json\/wp\/v2\/product_brand?post=12315"},{"taxonomy":"product_cat","embeddable":true,"href":"https:\/\/www.facecorner.lv\/lv\/wp-json\/wp\/v2\/product_cat?post=12315"},{"taxonomy":"product_tag","embeddable":true,"href":"https:\/\/www.facecorner.lv\/lv\/wp-json\/wp\/v2\/product_tag?post=12315"},{"taxonomy":"berocket_brand","embeddable":true,"href":"https:\/\/www.facecorner.lv\/lv\/wp-json\/wp\/v2\/berocket_brand?post=12315"}],"curies":[{"name":"wp","href":"https:\/\/api.w.org\/{rel}","templated":true}]}}