{"id":12144,"date":"2023-08-29T11:14:08","date_gmt":"2023-08-29T09:14:08","guid":{"rendered":"https:\/\/www.facecorner.lv\/?post_type=product&#038;p=12144"},"modified":"2024-06-30T12:18:53","modified_gmt":"2024-06-30T10:18:53","slug":"some-by-mi-retinol-intense-reactivating-serum-30ml","status":"publish","type":"product","link":"https:\/\/www.facecorner.lv\/lv\/shop\/some-by-mi-retinol-intense-reactivating-serum-30ml\/","title":{"rendered":"Some By Mi Retinol Intense Reactivating Serum 30ml"},"content":{"rendered":"<p>Some By Mi Retinol Intense Reactivating Serum uzlabo \u0101das tekst\u016bru, iedarbojoties efekt\u012bvi, vienlaikus ir \u013coti maigs, bez kairin\u0101juma un sausuma: samazina grumbu dzi\u013cumu, savelk papla\u0161in\u0101t\u0101s poras, palielina elast\u012bbu un izl\u012bdzina tekst\u016bru.<\/p>\n<p><strong>Satur A vitam\u012bna formas &#8211; retinolu (0,1%)<\/strong> un t\u012bkleni (1 ppm). A vitam\u012bnam ir pier\u0101d\u012bta efektivit\u0101te: tam ir redzama pretnoveco\u0161an\u0101s iedarb\u012bba, tas aktiviz\u0113 \u0161\u016bnu atjauno\u0161anos, padara \u0101du elast\u012bgu, bl\u012bvu, toniz\u0113tu un mirdzo\u0161u, izgaismo pigment\u0101ciju un mazina iekaisumus, normaliz\u0113 tauku dziedzeru darb\u012bbu un samazina taukaino sp\u012bdumu.<\/p>\n<p><strong>Satur 5000 ppm Bakuchiol,<\/strong> augu b\u0101zes retinolu, kas ir lieliski piem\u0113rots jut\u012bgai \u0101dai. Bakuchiol pastiprina retino\u012bdu iedarb\u012bbu un taj\u0101 pa\u0161\u0101 laik\u0101 stabiliz\u0113 tos, ir pretnoveco\u0161an\u0101s efekts.<\/p>\n<p><strong>K\u0101 lietot:<\/strong> P\u0113c t\u012br\u012b\u0161anas un toniz\u0113\u0161anas uzkl\u0101jiet serumu uz sausas sejas, uzkl\u0101jiet pa \u0101du. Ieteicams vakara lieto\u0161anai. Lietojot dienas laik\u0101, izmantojiet sau\u013co\u0161an\u0101s l\u012bdzekli ar SPF 50 PA++++.<\/p>\n<p><strong>Uzman\u012bbu<\/strong>! Ja iepriek\u0161 neesat lietojis retinola produktus, ieviesiet produktu sav\u0101 apr\u016bp\u0113 pak\u0101peniski: piem\u0113ram, lietojiet produktu 2 reizes ned\u0113\u013c\u0101 2 ned\u0113\u013cas. P\u0113c tam, ja \u0101da neizr\u0101da kairin\u0101juma paz\u012bmes, uzkl\u0101jiet serumu 3 reizes ned\u0113\u013c\u0101 2 ned\u0113\u013cas un pak\u0101peniski palieliniet lieto\u0161anas bie\u017eumu.<\/p>\n<p><strong>Nelietot serumu vien\u0101 \u0101rst\u0113\u0161an\u0101 ar sk\u0101biem produktiem un produktiem ar augstu C vitam\u012bna saturu. Nelietot p\u0113c kosm\u0113tisk\u0101m proced\u016br\u0101m.<\/strong><\/p>\n<p><strong>S\u0101stavs:<\/strong> Water, Cyclohexasiloxane, Dicaprylyl Carbonate, Glycerin, Methylpropanediol, 1,2-Hexanediol, Niacinamide, Hydrogenated Poly(C6-14 Olefin), Panthenol, Tocopheryl Acetate, Piper Methysticum Leaf\/Root\/Stem Extract, Centella Asiatica Extract, Panax Ginseng Berry Extract, Glycyrrhiza Glabra (Licorice) Root Extract, Ficus Carica (Fig) Fruit Extract, Centella Asiatica Leaf Extract, Centella Asiatica Root Extract, Melaleuca Alternifolia (Tea Tree) Leaf Extract, Artemisia Capillaris Extract, Eclipta Prostrata Extract, Melia Azadirachta Leaf Extract, Elaeis Guineensis (Palm) Oil, Hydrogenated Lecithin, Glyceryl Stearate, Bakuchiol, Palmitic Acid, Sodium Polyacrylate, Stearic Acid, Xanthan Gum, Retinol (0.1 %), Acrylates\/C10-30 Alkyl Acrylate Crosspolymer, Butylene Glycol, Dipotassium Glycyrrhizate, Adenosine, Tromethamine, Polyquaternium-51, Beta-Glucan, Cetyl Alcohol, BHT, Collagen, Myristic Acid, BHA, Leuconostoc\/Radish Root Ferment Filtrate, Tocopherol, Bifida Ferment Lysate, Ceramide NP, Saccharomyces Ferment, Retinal, Asiaticoside, Glyceryl Polymethacrylate, Madecassoside, Propylene Glycol, Polyglyceryl-10 Oleate, Glycolipids, Glycine Soja (Soybean) Peptide, Resveratrol, Sucrose Distearate, Asiatic Acid, Madecassic Acid, Palmitoyl Tripeptide-1, Moringa Oleifera Seed Oil, PEG-100 Stearate, Polysorbate 20, Fragrance, Ethylhexylglycerin<\/p>\n","protected":false},"excerpt":{"rendered":"<p>Some By Mi Retinol Intense Reactivating Serum uzlabo \u0101das tekst\u016bru, iedarbojoties efekt\u012bvi, vienlaikus ir \u013coti maigs, bez kairin\u0101juma un sausuma: samazina grumbu dzi\u013cumu, savelk papla\u0161in\u0101t\u0101s poras, palielina elast\u012bbu un izl\u012bdzina tekst\u016bru. Satur A vitam\u012bna formas &#8211; retinolu (0,1%) un t\u012bkleni (1 ppm). A vitam\u012bnam ir pier\u0101d\u012bta efektivit\u0101te: tam ir redzama pretnoveco\u0161an\u0101s iedarb\u012bba, tas aktiviz\u0113 \u0161\u016bnu [&hellip;]<\/p>\n","protected":false},"featured_media":12146,"comment_status":"open","ping_status":"closed","template":"","meta":{"site-sidebar-layout":"default","site-content-layout":"","ast-site-content-layout":"","site-content-style":"default","site-sidebar-style":"default","ast-global-header-display":"","ast-banner-title-visibility":"","ast-main-header-display":"","ast-hfb-above-header-display":"","ast-hfb-below-header-display":"","ast-hfb-mobile-header-display":"","site-post-title":"","ast-breadcrumbs-content":"","ast-featured-img":"","footer-sml-layout":"","theme-transparent-header-meta":"","adv-header-id-meta":"","stick-header-meta":"","header-above-stick-meta":"","header-main-stick-meta":"","header-below-stick-meta":"","astra-migrate-meta-layouts":"default","ast-page-background-enabled":"default","ast-page-background-meta":{"desktop":{"background-color":"var(--ast-global-color-4)","background-image":"","background-repeat":"repeat","background-position":"center center","background-size":"auto","background-attachment":"scroll","background-type":"","background-media":"","overlay-type":"","overlay-color":"","overlay-opacity":"","overlay-gradient":""},"tablet":{"background-color":"","background-image":"","background-repeat":"repeat","background-position":"center center","background-size":"auto","background-attachment":"scroll","background-type":"","background-media":"","overlay-type":"","overlay-color":"","overlay-opacity":"","overlay-gradient":""},"mobile":{"background-color":"","background-image":"","background-repeat":"repeat","background-position":"center center","background-size":"auto","background-attachment":"scroll","background-type":"","background-media":"","overlay-type":"","overlay-color":"","overlay-opacity":"","overlay-gradient":""}},"ast-content-background-meta":{"desktop":{"background-color":"var(--ast-global-color-5)","background-image":"","background-repeat":"repeat","background-position":"center center","background-size":"auto","background-attachment":"scroll","background-type":"","background-media":"","overlay-type":"","overlay-color":"","overlay-opacity":"","overlay-gradient":""},"tablet":{"background-color":"var(--ast-global-color-5)","background-image":"","background-repeat":"repeat","background-position":"center center","background-size":"auto","background-attachment":"scroll","background-type":"","background-media":"","overlay-type":"","overlay-color":"","overlay-opacity":"","overlay-gradient":""},"mobile":{"background-color":"var(--ast-global-color-5)","background-image":"","background-repeat":"repeat","background-position":"center center","background-size":"auto","background-attachment":"scroll","background-type":"","background-media":"","overlay-type":"","overlay-color":"","overlay-opacity":"","overlay-gradient":""}}},"product_brand":[],"product_cat":[370,371,372,380,373,374,381,472,379,363],"product_tag":[],"berocket_brand":[],"class_list":{"0":"post-12144","1":"product","2":"type-product","3":"status-publish","4":"has-post-thumbnail","6":"product_cat-adas-mirdzumam","7":"product_cat-anti-age","8":"product_cat-jutigai-adai-serumi","9":"product_cat-kombinetai-adai","10":"product_cat-poras-sasaurinoss","11":"product_cat-pret-pinnem","12":"product_cat-problematiskai-un-taukainai-adai","13":"product_cat-retinols","14":"product_cat-sausai-adai-anti-age","15":"product_cat-serumi","16":"desktop-align-left","17":"tablet-align-left","18":"mobile-align-left","20":"first","21":"outofstock","22":"taxable","23":"shipping-taxable","24":"purchasable","25":"product-type-simple","26":"add-to-wishlist-before_image"},"yoast_head":"<!-- This site is optimized with the Yoast SEO plugin v27.4 - https:\/\/yoast.com\/product\/yoast-seo-wordpress\/ -->\n<title>Some By Mi Retinol Intense Reactivating Serum 30ml - FACECORNER<\/title>\n<meta name=\"robots\" content=\"index, follow, max-snippet:-1, max-image-preview:large, max-video-preview:-1\" \/>\n<link rel=\"canonical\" href=\"https:\/\/www.facecorner.lv\/lv\/shop\/some-by-mi-retinol-intense-reactivating-serum-30ml\/\" \/>\n<meta property=\"og:locale\" content=\"lv_LV\" \/>\n<meta property=\"og:type\" content=\"article\" \/>\n<meta property=\"og:title\" content=\"Some By Mi Retinol Intense Reactivating Serum 30ml - FACECORNER\" \/>\n<meta property=\"og:description\" content=\"Some By Mi Retinol Intense Reactivating Serum uzlabo \u0101das tekst\u016bru, iedarbojoties efekt\u012bvi, vienlaikus ir \u013coti maigs, bez kairin\u0101juma un sausuma: samazina grumbu dzi\u013cumu, savelk papla\u0161in\u0101t\u0101s poras, palielina elast\u012bbu un izl\u012bdzina tekst\u016bru. Satur A vitam\u012bna formas &#8211; retinolu (0,1%) un t\u012bkleni (1 ppm). A vitam\u012bnam ir pier\u0101d\u012bta efektivit\u0101te: tam ir redzama pretnoveco\u0161an\u0101s iedarb\u012bba, tas aktiviz\u0113 \u0161\u016bnu [&hellip;]\" \/>\n<meta property=\"og:url\" content=\"https:\/\/www.facecorner.lv\/lv\/shop\/some-by-mi-retinol-intense-reactivating-serum-30ml\/\" \/>\n<meta property=\"og:site_name\" content=\"FACECORNER\" \/>\n<meta property=\"article:publisher\" content=\"https:\/\/www.facebook.com\/profile.php?id=100063824551839\" \/>\n<meta property=\"article:modified_time\" content=\"2024-06-30T10:18:53+00:00\" \/>\n<meta property=\"og:image\" content=\"https:\/\/www.facecorner.lv\/wp-content\/uploads\/2023\/08\/image-1.jpeg\" \/>\n\t<meta property=\"og:image:width\" content=\"1000\" \/>\n\t<meta property=\"og:image:height\" content=\"1000\" \/>\n\t<meta property=\"og:image:type\" content=\"image\/jpeg\" \/>\n<meta name=\"twitter:card\" content=\"summary_large_image\" \/>\n<meta name=\"twitter:label1\" content=\"Price\" \/>\n\t<meta name=\"twitter:data1\" content=\"&euro;21.00\" \/>\n\t<meta name=\"twitter:label2\" content=\"Availability\" \/>\n\t<meta name=\"twitter:data2\" content=\"Out of stock\" \/>\n<script type=\"application\/ld+json\" class=\"yoast-schema-graph\">{\"@context\":\"https:\\\/\\\/schema.org\",\"@graph\":[{\"@type\":\"WebPage\",\"@id\":\"https:\\\/\\\/www.facecorner.lv\\\/ru\\\/shop\\\/some-by-mi-retinol-intense-reactivating-serum-30ml\\\/\",\"url\":\"https:\\\/\\\/www.facecorner.lv\\\/ru\\\/shop\\\/some-by-mi-retinol-intense-reactivating-serum-30ml\\\/\",\"name\":\"Some By Mi Retinol Intense Reactivating Serum 30ml - FACECORNER\",\"isPartOf\":{\"@id\":\"https:\\\/\\\/www.facecorner.lv\\\/#website\"},\"primaryImageOfPage\":{\"@id\":\"https:\\\/\\\/www.facecorner.lv\\\/ru\\\/shop\\\/some-by-mi-retinol-intense-reactivating-serum-30ml\\\/#primaryimage\"},\"image\":{\"@id\":\"https:\\\/\\\/www.facecorner.lv\\\/ru\\\/shop\\\/some-by-mi-retinol-intense-reactivating-serum-30ml\\\/#primaryimage\"},\"thumbnailUrl\":\"https:\\\/\\\/www.facecorner.lv\\\/wp-content\\\/uploads\\\/2023\\\/08\\\/image-1.jpeg\",\"datePublished\":\"2023-08-29T09:14:08+00:00\",\"dateModified\":\"2024-06-30T10:18:53+00:00\",\"breadcrumb\":{\"@id\":\"https:\\\/\\\/www.facecorner.lv\\\/ru\\\/shop\\\/some-by-mi-retinol-intense-reactivating-serum-30ml\\\/#breadcrumb\"},\"inLanguage\":\"lv-LV\",\"potentialAction\":[{\"@type\":\"ReadAction\",\"target\":[\"https:\\\/\\\/www.facecorner.lv\\\/ru\\\/shop\\\/some-by-mi-retinol-intense-reactivating-serum-30ml\\\/\"]}]},{\"@type\":\"ImageObject\",\"inLanguage\":\"lv-LV\",\"@id\":\"https:\\\/\\\/www.facecorner.lv\\\/ru\\\/shop\\\/some-by-mi-retinol-intense-reactivating-serum-30ml\\\/#primaryimage\",\"url\":\"https:\\\/\\\/www.facecorner.lv\\\/wp-content\\\/uploads\\\/2023\\\/08\\\/image-1.jpeg\",\"contentUrl\":\"https:\\\/\\\/www.facecorner.lv\\\/wp-content\\\/uploads\\\/2023\\\/08\\\/image-1.jpeg\",\"width\":1000,\"height\":1000},{\"@type\":\"BreadcrumbList\",\"@id\":\"https:\\\/\\\/www.facecorner.lv\\\/ru\\\/shop\\\/some-by-mi-retinol-intense-reactivating-serum-30ml\\\/#breadcrumb\",\"itemListElement\":[{\"@type\":\"ListItem\",\"position\":1,\"name\":\"Home\",\"item\":\"https:\\\/\\\/www.facecorner.lv\\\/\"},{\"@type\":\"ListItem\",\"position\":2,\"name\":\"Veikals\",\"item\":\"https:\\\/\\\/www.facecorner.lv\\\/shop\\\/\"},{\"@type\":\"ListItem\",\"position\":3,\"name\":\"Some By Mi Retinol Intense Reactivating Serum 30ml\"}]},{\"@type\":\"WebSite\",\"@id\":\"https:\\\/\\\/www.facecorner.lv\\\/#website\",\"url\":\"https:\\\/\\\/www.facecorner.lv\\\/\",\"name\":\"Facecorner\",\"description\":\"\",\"publisher\":{\"@id\":\"https:\\\/\\\/www.facecorner.lv\\\/#organization\"},\"potentialAction\":[{\"@type\":\"SearchAction\",\"target\":{\"@type\":\"EntryPoint\",\"urlTemplate\":\"https:\\\/\\\/www.facecorner.lv\\\/?s={search_term_string}\"},\"query-input\":{\"@type\":\"PropertyValueSpecification\",\"valueRequired\":true,\"valueName\":\"search_term_string\"}}],\"inLanguage\":\"lv-LV\"},{\"@type\":\"Organization\",\"@id\":\"https:\\\/\\\/www.facecorner.lv\\\/#organization\",\"name\":\"Facecorner\",\"url\":\"https:\\\/\\\/www.facecorner.lv\\\/\",\"logo\":{\"@type\":\"ImageObject\",\"inLanguage\":\"lv-LV\",\"@id\":\"https:\\\/\\\/www.facecorner.lv\\\/#\\\/schema\\\/logo\\\/image\\\/\",\"url\":\"https:\\\/\\\/www.facecorner.lv\\\/wp-content\\\/uploads\\\/2024\\\/04\\\/fc-logo.jpg\",\"contentUrl\":\"https:\\\/\\\/www.facecorner.lv\\\/wp-content\\\/uploads\\\/2024\\\/04\\\/fc-logo.jpg\",\"width\":174,\"height\":28,\"caption\":\"Facecorner\"},\"image\":{\"@id\":\"https:\\\/\\\/www.facecorner.lv\\\/#\\\/schema\\\/logo\\\/image\\\/\"},\"sameAs\":[\"https:\\\/\\\/www.facebook.com\\\/profile.php?id=100063824551839\",\"https:\\\/\\\/www.instagram.com\\\/facecorner_shop\\\/\"]}]}<\/script>\n<meta property=\"product:price:amount\" content=\"21.00\" \/>\n<meta property=\"product:price:currency\" content=\"EUR\" \/>\n<meta property=\"og:availability\" content=\"out of stock\" \/>\n<meta property=\"product:availability\" content=\"out of stock\" \/>\n<meta property=\"product:condition\" content=\"new\" \/>\n<!-- \/ Yoast SEO plugin. -->","yoast_head_json":{"title":"Some By Mi Retinol Intense Reactivating Serum 30ml - FACECORNER","robots":{"index":"index","follow":"follow","max-snippet":"max-snippet:-1","max-image-preview":"max-image-preview:large","max-video-preview":"max-video-preview:-1"},"canonical":"https:\/\/www.facecorner.lv\/lv\/shop\/some-by-mi-retinol-intense-reactivating-serum-30ml\/","og_locale":"lv_LV","og_type":"article","og_title":"Some By Mi Retinol Intense Reactivating Serum 30ml - FACECORNER","og_description":"Some By Mi Retinol Intense Reactivating Serum uzlabo \u0101das tekst\u016bru, iedarbojoties efekt\u012bvi, vienlaikus ir \u013coti maigs, bez kairin\u0101juma un sausuma: samazina grumbu dzi\u013cumu, savelk papla\u0161in\u0101t\u0101s poras, palielina elast\u012bbu un izl\u012bdzina tekst\u016bru. Satur A vitam\u012bna formas &#8211; retinolu (0,1%) un t\u012bkleni (1 ppm). A vitam\u012bnam ir pier\u0101d\u012bta efektivit\u0101te: tam ir redzama pretnoveco\u0161an\u0101s iedarb\u012bba, tas aktiviz\u0113 \u0161\u016bnu [&hellip;]","og_url":"https:\/\/www.facecorner.lv\/lv\/shop\/some-by-mi-retinol-intense-reactivating-serum-30ml\/","og_site_name":"FACECORNER","article_publisher":"https:\/\/www.facebook.com\/profile.php?id=100063824551839","article_modified_time":"2024-06-30T10:18:53+00:00","og_image":[{"width":1000,"height":1000,"url":"https:\/\/www.facecorner.lv\/wp-content\/uploads\/2023\/08\/image-1.jpeg","type":"image\/jpeg"}],"twitter_card":"summary_large_image","twitter_misc":{"Price":"&euro;21.00","Availability":"Out of stock"},"schema":{"@context":"https:\/\/schema.org","@graph":[{"@type":"WebPage","@id":"https:\/\/www.facecorner.lv\/ru\/shop\/some-by-mi-retinol-intense-reactivating-serum-30ml\/","url":"https:\/\/www.facecorner.lv\/ru\/shop\/some-by-mi-retinol-intense-reactivating-serum-30ml\/","name":"Some By Mi Retinol Intense Reactivating Serum 30ml - FACECORNER","isPartOf":{"@id":"https:\/\/www.facecorner.lv\/#website"},"primaryImageOfPage":{"@id":"https:\/\/www.facecorner.lv\/ru\/shop\/some-by-mi-retinol-intense-reactivating-serum-30ml\/#primaryimage"},"image":{"@id":"https:\/\/www.facecorner.lv\/ru\/shop\/some-by-mi-retinol-intense-reactivating-serum-30ml\/#primaryimage"},"thumbnailUrl":"https:\/\/www.facecorner.lv\/wp-content\/uploads\/2023\/08\/image-1.jpeg","datePublished":"2023-08-29T09:14:08+00:00","dateModified":"2024-06-30T10:18:53+00:00","breadcrumb":{"@id":"https:\/\/www.facecorner.lv\/ru\/shop\/some-by-mi-retinol-intense-reactivating-serum-30ml\/#breadcrumb"},"inLanguage":"lv-LV","potentialAction":[{"@type":"ReadAction","target":["https:\/\/www.facecorner.lv\/ru\/shop\/some-by-mi-retinol-intense-reactivating-serum-30ml\/"]}]},{"@type":"ImageObject","inLanguage":"lv-LV","@id":"https:\/\/www.facecorner.lv\/ru\/shop\/some-by-mi-retinol-intense-reactivating-serum-30ml\/#primaryimage","url":"https:\/\/www.facecorner.lv\/wp-content\/uploads\/2023\/08\/image-1.jpeg","contentUrl":"https:\/\/www.facecorner.lv\/wp-content\/uploads\/2023\/08\/image-1.jpeg","width":1000,"height":1000},{"@type":"BreadcrumbList","@id":"https:\/\/www.facecorner.lv\/ru\/shop\/some-by-mi-retinol-intense-reactivating-serum-30ml\/#breadcrumb","itemListElement":[{"@type":"ListItem","position":1,"name":"Home","item":"https:\/\/www.facecorner.lv\/"},{"@type":"ListItem","position":2,"name":"Veikals","item":"https:\/\/www.facecorner.lv\/shop\/"},{"@type":"ListItem","position":3,"name":"Some By Mi Retinol Intense Reactivating Serum 30ml"}]},{"@type":"WebSite","@id":"https:\/\/www.facecorner.lv\/#website","url":"https:\/\/www.facecorner.lv\/","name":"Facecorner","description":"","publisher":{"@id":"https:\/\/www.facecorner.lv\/#organization"},"potentialAction":[{"@type":"SearchAction","target":{"@type":"EntryPoint","urlTemplate":"https:\/\/www.facecorner.lv\/?s={search_term_string}"},"query-input":{"@type":"PropertyValueSpecification","valueRequired":true,"valueName":"search_term_string"}}],"inLanguage":"lv-LV"},{"@type":"Organization","@id":"https:\/\/www.facecorner.lv\/#organization","name":"Facecorner","url":"https:\/\/www.facecorner.lv\/","logo":{"@type":"ImageObject","inLanguage":"lv-LV","@id":"https:\/\/www.facecorner.lv\/#\/schema\/logo\/image\/","url":"https:\/\/www.facecorner.lv\/wp-content\/uploads\/2024\/04\/fc-logo.jpg","contentUrl":"https:\/\/www.facecorner.lv\/wp-content\/uploads\/2024\/04\/fc-logo.jpg","width":174,"height":28,"caption":"Facecorner"},"image":{"@id":"https:\/\/www.facecorner.lv\/#\/schema\/logo\/image\/"},"sameAs":["https:\/\/www.facebook.com\/profile.php?id=100063824551839","https:\/\/www.instagram.com\/facecorner_shop\/"]}]},"product_price_amount":"21.00","product_price_currency":"EUR","og_availability":"out of stock","product_availability":"out of stock","product_condition":"new"},"_links":{"self":[{"href":"https:\/\/www.facecorner.lv\/lv\/wp-json\/wp\/v2\/product\/12144","targetHints":{"allow":["GET"]}}],"collection":[{"href":"https:\/\/www.facecorner.lv\/lv\/wp-json\/wp\/v2\/product"}],"about":[{"href":"https:\/\/www.facecorner.lv\/lv\/wp-json\/wp\/v2\/types\/product"}],"replies":[{"embeddable":true,"href":"https:\/\/www.facecorner.lv\/lv\/wp-json\/wp\/v2\/comments?post=12144"}],"wp:featuredmedia":[{"embeddable":true,"href":"https:\/\/www.facecorner.lv\/lv\/wp-json\/wp\/v2\/media\/12146"}],"wp:attachment":[{"href":"https:\/\/www.facecorner.lv\/lv\/wp-json\/wp\/v2\/media?parent=12144"}],"wp:term":[{"taxonomy":"product_brand","embeddable":true,"href":"https:\/\/www.facecorner.lv\/lv\/wp-json\/wp\/v2\/product_brand?post=12144"},{"taxonomy":"product_cat","embeddable":true,"href":"https:\/\/www.facecorner.lv\/lv\/wp-json\/wp\/v2\/product_cat?post=12144"},{"taxonomy":"product_tag","embeddable":true,"href":"https:\/\/www.facecorner.lv\/lv\/wp-json\/wp\/v2\/product_tag?post=12144"},{"taxonomy":"berocket_brand","embeddable":true,"href":"https:\/\/www.facecorner.lv\/lv\/wp-json\/wp\/v2\/berocket_brand?post=12144"}],"curies":[{"name":"wp","href":"https:\/\/api.w.org\/{rel}","templated":true}]}}