{"id":11869,"date":"2023-08-10T12:49:57","date_gmt":"2023-08-10T10:49:57","guid":{"rendered":"https:\/\/www.facecorner.lv\/?post_type=product&#038;p=11869"},"modified":"2026-02-11T14:19:59","modified_gmt":"2026-02-11T11:19:59","slug":"esthetic-house-cp-1-3-seconds-hair-ringer-hair-fill-up-ampoule","status":"publish","type":"product","link":"https:\/\/www.facecorner.lv\/lv\/shop\/esthetic-house-cp-1-3-seconds-hair-ringer-hair-fill-up-ampoule\/","title":{"rendered":"Esthetic House CP-1 3 Seconds Hair Ringer Hair Fill-up Ampoule"},"content":{"rendered":"<p>Esthetic House CP-1 3 Seconds Hair Ringer Hair Fill-up Ampoule ir t\u016bl\u012bt\u0113ja un kumulat\u012bva iedarb\u012bba. Jau p\u0113c pirm\u0101s lieto\u0161anas reizes tas man\u0101mi uzlabo un atjauno matu strukt\u016bru, sabiezina \u0161\u0137ipsnas, m\u012bkstina, stiprina, pie\u0161\u0137ir sp\u012bdumu un mirdzumu.<\/p>\n<p>Filler ir t\u016bl\u012bt\u0113js matu atjaunojo\u0161s serums, kas var iev\u0113rojami uzlabot cirtas st\u0101vokli tikai 3 sekund\u0113s. Tas piepilda matus ar nepiecie\u0161amaj\u0101m bar\u012bbas viel\u0101m, uztur optim\u0101lu mitruma l\u012bmeni, m\u012bkstina, atjauno matiem z\u012bdainumu un sp\u012bdumu.<\/p>\n<p>Produkts padara matus vad\u0101mus, nobl\u012bv\u0113 \u0161\u0137eltos matu galus, pal\u012bdz c\u012bn\u012bties ar sausumu un trauslumu, k\u0101 ar\u012b padara tos neticami m\u012bkstus un gludus. Tas aptver katru \u0161\u0137ipsnu no sakn\u0113m l\u012bdz galiem, veidojot aizsargbarjeru, kas pasarg\u0101 matus no priek\u0161laic\u012bga pies\u0101r\u0146ojuma, trausluma un agres\u012bviem \u0101r\u0113jiem faktoriem.<\/p>\n<p><strong>Lieto\u0161anas veids:<\/strong><\/p>\n<p>1. Sajauc pildvielu ar \u016bdeni proporcij\u0101s 1:1. (nepiecie\u0161ams no 13 l\u012bdz 30 ml atkar\u012bb\u0101 no matu garuma).<\/p>\n<p>2. R\u016bp\u012bgi samaisiet. Atst\u0101j uz 1-2 min\u016bt\u0113m. \u0160aj\u0101 laik\u0101 produkts sabiez\u0113s l\u012bdz parastajai matu maskas konsistencei.<\/p>\n<p>3. P\u0113c tam uzkl\u0101jiet l\u012bdzekli ar dvieli nosusin\u0101tos matos. \u012apa\u0161u uzman\u012bbu piev\u0113rsiet galiem un boj\u0101taj\u0101m viet\u0101m.<\/p>\n<p>4. Lai pastiprin\u0101tu efektu, uzvelc termocepuri vai ietin matus maisi\u0146\u0101\/dviel\u012b. Ja lietojat termov\u0101ci\u0146u, atst\u0101jiet l\u012bdzekli uz 10-15 min\u016bt\u0113m, ja lietosiet dvieli, tad proced\u016bra ilgs nedaudz ilg\u0101k par 20-25 min\u016bt\u0113m.<\/p>\n<p>5. P\u0113c proced\u016bras izmazg\u0101jiet matus BEZ \u0161amp\u016bna lieto\u0161anas.<\/p>\n<p>&nbsp;<\/p>\n","protected":false},"excerpt":{"rendered":"<p>Esthetic House CP-1 3 Seconds Hair Ringer Hair Fill-up Ampoule ir t\u016bl\u012bt\u0113ja un kumulat\u012bva iedarb\u012bba. Jau p\u0113c pirm\u0101s lieto\u0161anas reizes tas man\u0101mi uzlabo un atjauno matu strukt\u016bru, sabiezina \u0161\u0137ipsnas, m\u012bkstina, stiprina, pie\u0161\u0137ir sp\u012bdumu un mirdzumu. Filler ir t\u016bl\u012bt\u0113js matu atjaunojo\u0161s serums, kas var iev\u0113rojami uzlabot cirtas st\u0101vokli tikai 3 sekund\u0113s. Tas piepilda matus ar nepiecie\u0161amaj\u0101m [&hellip;]<\/p>\n","protected":false},"featured_media":11870,"comment_status":"open","ping_status":"closed","template":"","meta":{"site-sidebar-layout":"default","site-content-layout":"","ast-site-content-layout":"default","site-content-style":"default","site-sidebar-style":"default","ast-global-header-display":"","ast-banner-title-visibility":"","ast-main-header-display":"","ast-hfb-above-header-display":"","ast-hfb-below-header-display":"","ast-hfb-mobile-header-display":"","site-post-title":"","ast-breadcrumbs-content":"","ast-featured-img":"","footer-sml-layout":"","theme-transparent-header-meta":"default","adv-header-id-meta":"","stick-header-meta":"","header-above-stick-meta":"","header-main-stick-meta":"","header-below-stick-meta":"","astra-migrate-meta-layouts":"set","ast-page-background-enabled":"default","ast-page-background-meta":{"desktop":{"background-color":"var(--ast-global-color-4)","background-image":"","background-repeat":"repeat","background-position":"center center","background-size":"auto","background-attachment":"scroll","background-type":"","background-media":"","overlay-type":"","overlay-color":"","overlay-opacity":"","overlay-gradient":""},"tablet":{"background-color":"","background-image":"","background-repeat":"repeat","background-position":"center center","background-size":"auto","background-attachment":"scroll","background-type":"","background-media":"","overlay-type":"","overlay-color":"","overlay-opacity":"","overlay-gradient":""},"mobile":{"background-color":"","background-image":"","background-repeat":"repeat","background-position":"center center","background-size":"auto","background-attachment":"scroll","background-type":"","background-media":"","overlay-type":"","overlay-color":"","overlay-opacity":"","overlay-gradient":""}},"ast-content-background-meta":{"desktop":{"background-color":"var(--ast-global-color-5)","background-image":"","background-repeat":"repeat","background-position":"center center","background-size":"auto","background-attachment":"scroll","background-type":"","background-media":"","overlay-type":"","overlay-color":"","overlay-opacity":"","overlay-gradient":""},"tablet":{"background-color":"var(--ast-global-color-5)","background-image":"","background-repeat":"repeat","background-position":"center center","background-size":"auto","background-attachment":"scroll","background-type":"","background-media":"","overlay-type":"","overlay-color":"","overlay-opacity":"","overlay-gradient":""},"mobile":{"background-color":"var(--ast-global-color-5)","background-image":"","background-repeat":"repeat","background-position":"center center","background-size":"auto","background-attachment":"scroll","background-type":"","background-media":"","overlay-type":"","overlay-color":"","overlay-opacity":"","overlay-gradient":""}}},"product_brand":[],"product_cat":[354,330,351],"product_tag":[],"berocket_brand":[592],"class_list":{"0":"post-11869","1":"product","2":"type-product","3":"status-publish","4":"has-post-thumbnail","6":"product_cat-filleri-un-serumi","7":"product_cat-matiem","8":"product_cat-matu-maskas","9":"berocket_brand-esthetic-house","10":"desktop-align-left","11":"tablet-align-left","12":"mobile-align-left","14":"first","15":"outofstock","16":"taxable","17":"shipping-taxable","18":"purchasable","19":"product-type-simple","20":"add-to-wishlist-before_image"},"yoast_head":"<!-- This site is optimized with the Yoast SEO plugin v27.4 - https:\/\/yoast.com\/product\/yoast-seo-wordpress\/ -->\n<title>Esthetic House CP-1 3 Seconds Hair Ringer Hair Fill-up Ampoule - FACECORNER<\/title>\n<meta name=\"robots\" content=\"index, follow, max-snippet:-1, max-image-preview:large, max-video-preview:-1\" \/>\n<link rel=\"canonical\" href=\"https:\/\/www.facecorner.lv\/lv\/shop\/esthetic-house-cp-1-3-seconds-hair-ringer-hair-fill-up-ampoule\/\" \/>\n<meta property=\"og:locale\" content=\"lv_LV\" \/>\n<meta property=\"og:type\" content=\"article\" \/>\n<meta property=\"og:title\" content=\"Esthetic House CP-1 3 Seconds Hair Ringer Hair Fill-up Ampoule - FACECORNER\" \/>\n<meta property=\"og:description\" content=\"Esthetic House CP-1 3 Seconds Hair Ringer Hair Fill-up Ampoule ir t\u016bl\u012bt\u0113ja un kumulat\u012bva iedarb\u012bba. Jau p\u0113c pirm\u0101s lieto\u0161anas reizes tas man\u0101mi uzlabo un atjauno matu strukt\u016bru, sabiezina \u0161\u0137ipsnas, m\u012bkstina, stiprina, pie\u0161\u0137ir sp\u012bdumu un mirdzumu. Filler ir t\u016bl\u012bt\u0113js matu atjaunojo\u0161s serums, kas var iev\u0113rojami uzlabot cirtas st\u0101vokli tikai 3 sekund\u0113s. Tas piepilda matus ar nepiecie\u0161amaj\u0101m [&hellip;]\" \/>\n<meta property=\"og:url\" content=\"https:\/\/www.facecorner.lv\/lv\/shop\/esthetic-house-cp-1-3-seconds-hair-ringer-hair-fill-up-ampoule\/\" \/>\n<meta property=\"og:site_name\" content=\"FACECORNER\" \/>\n<meta property=\"article:publisher\" content=\"https:\/\/www.facebook.com\/profile.php?id=100063824551839\" \/>\n<meta property=\"article:modified_time\" content=\"2026-02-11T11:19:59+00:00\" \/>\n<meta property=\"og:image\" content=\"https:\/\/www.facecorner.lv\/wp-content\/uploads\/2023\/08\/filler-dlya-volos-esthetic-house-cp-1-3-seconds-hair-ringer-hair-fill-up-ampoule-700x700-1.jpeg\" \/>\n\t<meta property=\"og:image:width\" content=\"700\" \/>\n\t<meta property=\"og:image:height\" content=\"700\" \/>\n\t<meta property=\"og:image:type\" content=\"image\/jpeg\" \/>\n<meta name=\"twitter:card\" content=\"summary_large_image\" \/>\n<meta name=\"twitter:label1\" content=\"Price\" \/>\n\t<meta name=\"twitter:data1\" content=\"&euro;1.50\" \/>\n\t<meta name=\"twitter:label2\" content=\"Availability\" \/>\n\t<meta name=\"twitter:data2\" content=\"Out of stock\" \/>\n<script type=\"application\/ld+json\" class=\"yoast-schema-graph\">{\"@context\":\"https:\\\/\\\/schema.org\",\"@graph\":[{\"@type\":\"WebPage\",\"@id\":\"https:\\\/\\\/www.facecorner.lv\\\/shop\\\/esthetic-house-cp-1-3-seconds-hair-ringer-hair-fill-up-ampoule\\\/\",\"url\":\"https:\\\/\\\/www.facecorner.lv\\\/shop\\\/esthetic-house-cp-1-3-seconds-hair-ringer-hair-fill-up-ampoule\\\/\",\"name\":\"Esthetic House CP-1 3 Seconds Hair Ringer Hair Fill-up Ampoule - FACECORNER\",\"isPartOf\":{\"@id\":\"https:\\\/\\\/www.facecorner.lv\\\/#website\"},\"primaryImageOfPage\":{\"@id\":\"https:\\\/\\\/www.facecorner.lv\\\/shop\\\/esthetic-house-cp-1-3-seconds-hair-ringer-hair-fill-up-ampoule\\\/#primaryimage\"},\"image\":{\"@id\":\"https:\\\/\\\/www.facecorner.lv\\\/shop\\\/esthetic-house-cp-1-3-seconds-hair-ringer-hair-fill-up-ampoule\\\/#primaryimage\"},\"thumbnailUrl\":\"https:\\\/\\\/www.facecorner.lv\\\/wp-content\\\/uploads\\\/2023\\\/08\\\/filler-dlya-volos-esthetic-house-cp-1-3-seconds-hair-ringer-hair-fill-up-ampoule-700x700-1.jpeg\",\"datePublished\":\"2023-08-10T10:49:57+00:00\",\"dateModified\":\"2026-02-11T11:19:59+00:00\",\"breadcrumb\":{\"@id\":\"https:\\\/\\\/www.facecorner.lv\\\/shop\\\/esthetic-house-cp-1-3-seconds-hair-ringer-hair-fill-up-ampoule\\\/#breadcrumb\"},\"inLanguage\":\"lv-LV\",\"potentialAction\":[{\"@type\":\"ReadAction\",\"target\":[\"https:\\\/\\\/www.facecorner.lv\\\/shop\\\/esthetic-house-cp-1-3-seconds-hair-ringer-hair-fill-up-ampoule\\\/\"]}]},{\"@type\":\"ImageObject\",\"inLanguage\":\"lv-LV\",\"@id\":\"https:\\\/\\\/www.facecorner.lv\\\/shop\\\/esthetic-house-cp-1-3-seconds-hair-ringer-hair-fill-up-ampoule\\\/#primaryimage\",\"url\":\"https:\\\/\\\/www.facecorner.lv\\\/wp-content\\\/uploads\\\/2023\\\/08\\\/filler-dlya-volos-esthetic-house-cp-1-3-seconds-hair-ringer-hair-fill-up-ampoule-700x700-1.jpeg\",\"contentUrl\":\"https:\\\/\\\/www.facecorner.lv\\\/wp-content\\\/uploads\\\/2023\\\/08\\\/filler-dlya-volos-esthetic-house-cp-1-3-seconds-hair-ringer-hair-fill-up-ampoule-700x700-1.jpeg\",\"width\":700,\"height\":700},{\"@type\":\"BreadcrumbList\",\"@id\":\"https:\\\/\\\/www.facecorner.lv\\\/shop\\\/esthetic-house-cp-1-3-seconds-hair-ringer-hair-fill-up-ampoule\\\/#breadcrumb\",\"itemListElement\":[{\"@type\":\"ListItem\",\"position\":1,\"name\":\"Home\",\"item\":\"https:\\\/\\\/www.facecorner.lv\\\/\"},{\"@type\":\"ListItem\",\"position\":2,\"name\":\"Veikals\",\"item\":\"https:\\\/\\\/www.facecorner.lv\\\/shop\\\/\"},{\"@type\":\"ListItem\",\"position\":3,\"name\":\"Esthetic House CP-1 3 Seconds Hair Ringer Hair Fill-up Ampoule\"}]},{\"@type\":\"WebSite\",\"@id\":\"https:\\\/\\\/www.facecorner.lv\\\/#website\",\"url\":\"https:\\\/\\\/www.facecorner.lv\\\/\",\"name\":\"Facecorner\",\"description\":\"\",\"publisher\":{\"@id\":\"https:\\\/\\\/www.facecorner.lv\\\/#organization\"},\"potentialAction\":[{\"@type\":\"SearchAction\",\"target\":{\"@type\":\"EntryPoint\",\"urlTemplate\":\"https:\\\/\\\/www.facecorner.lv\\\/?s={search_term_string}\"},\"query-input\":{\"@type\":\"PropertyValueSpecification\",\"valueRequired\":true,\"valueName\":\"search_term_string\"}}],\"inLanguage\":\"lv-LV\"},{\"@type\":\"Organization\",\"@id\":\"https:\\\/\\\/www.facecorner.lv\\\/#organization\",\"name\":\"Facecorner\",\"url\":\"https:\\\/\\\/www.facecorner.lv\\\/\",\"logo\":{\"@type\":\"ImageObject\",\"inLanguage\":\"lv-LV\",\"@id\":\"https:\\\/\\\/www.facecorner.lv\\\/#\\\/schema\\\/logo\\\/image\\\/\",\"url\":\"https:\\\/\\\/www.facecorner.lv\\\/wp-content\\\/uploads\\\/2024\\\/04\\\/fc-logo.jpg\",\"contentUrl\":\"https:\\\/\\\/www.facecorner.lv\\\/wp-content\\\/uploads\\\/2024\\\/04\\\/fc-logo.jpg\",\"width\":174,\"height\":28,\"caption\":\"Facecorner\"},\"image\":{\"@id\":\"https:\\\/\\\/www.facecorner.lv\\\/#\\\/schema\\\/logo\\\/image\\\/\"},\"sameAs\":[\"https:\\\/\\\/www.facebook.com\\\/profile.php?id=100063824551839\",\"https:\\\/\\\/www.instagram.com\\\/facecorner_shop\\\/\"]}]}<\/script>\n<meta property=\"product:price:amount\" content=\"1.50\" \/>\n<meta property=\"product:price:currency\" content=\"EUR\" \/>\n<meta property=\"og:availability\" content=\"out of stock\" \/>\n<meta property=\"product:availability\" content=\"out of stock\" \/>\n<meta property=\"product:condition\" content=\"new\" \/>\n<!-- \/ Yoast SEO plugin. -->","yoast_head_json":{"title":"Esthetic House CP-1 3 Seconds Hair Ringer Hair Fill-up Ampoule - FACECORNER","robots":{"index":"index","follow":"follow","max-snippet":"max-snippet:-1","max-image-preview":"max-image-preview:large","max-video-preview":"max-video-preview:-1"},"canonical":"https:\/\/www.facecorner.lv\/lv\/shop\/esthetic-house-cp-1-3-seconds-hair-ringer-hair-fill-up-ampoule\/","og_locale":"lv_LV","og_type":"article","og_title":"Esthetic House CP-1 3 Seconds Hair Ringer Hair Fill-up Ampoule - FACECORNER","og_description":"Esthetic House CP-1 3 Seconds Hair Ringer Hair Fill-up Ampoule ir t\u016bl\u012bt\u0113ja un kumulat\u012bva iedarb\u012bba. Jau p\u0113c pirm\u0101s lieto\u0161anas reizes tas man\u0101mi uzlabo un atjauno matu strukt\u016bru, sabiezina \u0161\u0137ipsnas, m\u012bkstina, stiprina, pie\u0161\u0137ir sp\u012bdumu un mirdzumu. Filler ir t\u016bl\u012bt\u0113js matu atjaunojo\u0161s serums, kas var iev\u0113rojami uzlabot cirtas st\u0101vokli tikai 3 sekund\u0113s. Tas piepilda matus ar nepiecie\u0161amaj\u0101m [&hellip;]","og_url":"https:\/\/www.facecorner.lv\/lv\/shop\/esthetic-house-cp-1-3-seconds-hair-ringer-hair-fill-up-ampoule\/","og_site_name":"FACECORNER","article_publisher":"https:\/\/www.facebook.com\/profile.php?id=100063824551839","article_modified_time":"2026-02-11T11:19:59+00:00","og_image":[{"width":700,"height":700,"url":"https:\/\/www.facecorner.lv\/wp-content\/uploads\/2023\/08\/filler-dlya-volos-esthetic-house-cp-1-3-seconds-hair-ringer-hair-fill-up-ampoule-700x700-1.jpeg","type":"image\/jpeg"}],"twitter_card":"summary_large_image","twitter_misc":{"Price":"&euro;1.50","Availability":"Out of stock"},"schema":{"@context":"https:\/\/schema.org","@graph":[{"@type":"WebPage","@id":"https:\/\/www.facecorner.lv\/shop\/esthetic-house-cp-1-3-seconds-hair-ringer-hair-fill-up-ampoule\/","url":"https:\/\/www.facecorner.lv\/shop\/esthetic-house-cp-1-3-seconds-hair-ringer-hair-fill-up-ampoule\/","name":"Esthetic House CP-1 3 Seconds Hair Ringer Hair Fill-up Ampoule - FACECORNER","isPartOf":{"@id":"https:\/\/www.facecorner.lv\/#website"},"primaryImageOfPage":{"@id":"https:\/\/www.facecorner.lv\/shop\/esthetic-house-cp-1-3-seconds-hair-ringer-hair-fill-up-ampoule\/#primaryimage"},"image":{"@id":"https:\/\/www.facecorner.lv\/shop\/esthetic-house-cp-1-3-seconds-hair-ringer-hair-fill-up-ampoule\/#primaryimage"},"thumbnailUrl":"https:\/\/www.facecorner.lv\/wp-content\/uploads\/2023\/08\/filler-dlya-volos-esthetic-house-cp-1-3-seconds-hair-ringer-hair-fill-up-ampoule-700x700-1.jpeg","datePublished":"2023-08-10T10:49:57+00:00","dateModified":"2026-02-11T11:19:59+00:00","breadcrumb":{"@id":"https:\/\/www.facecorner.lv\/shop\/esthetic-house-cp-1-3-seconds-hair-ringer-hair-fill-up-ampoule\/#breadcrumb"},"inLanguage":"lv-LV","potentialAction":[{"@type":"ReadAction","target":["https:\/\/www.facecorner.lv\/shop\/esthetic-house-cp-1-3-seconds-hair-ringer-hair-fill-up-ampoule\/"]}]},{"@type":"ImageObject","inLanguage":"lv-LV","@id":"https:\/\/www.facecorner.lv\/shop\/esthetic-house-cp-1-3-seconds-hair-ringer-hair-fill-up-ampoule\/#primaryimage","url":"https:\/\/www.facecorner.lv\/wp-content\/uploads\/2023\/08\/filler-dlya-volos-esthetic-house-cp-1-3-seconds-hair-ringer-hair-fill-up-ampoule-700x700-1.jpeg","contentUrl":"https:\/\/www.facecorner.lv\/wp-content\/uploads\/2023\/08\/filler-dlya-volos-esthetic-house-cp-1-3-seconds-hair-ringer-hair-fill-up-ampoule-700x700-1.jpeg","width":700,"height":700},{"@type":"BreadcrumbList","@id":"https:\/\/www.facecorner.lv\/shop\/esthetic-house-cp-1-3-seconds-hair-ringer-hair-fill-up-ampoule\/#breadcrumb","itemListElement":[{"@type":"ListItem","position":1,"name":"Home","item":"https:\/\/www.facecorner.lv\/"},{"@type":"ListItem","position":2,"name":"Veikals","item":"https:\/\/www.facecorner.lv\/shop\/"},{"@type":"ListItem","position":3,"name":"Esthetic House CP-1 3 Seconds Hair Ringer Hair Fill-up Ampoule"}]},{"@type":"WebSite","@id":"https:\/\/www.facecorner.lv\/#website","url":"https:\/\/www.facecorner.lv\/","name":"Facecorner","description":"","publisher":{"@id":"https:\/\/www.facecorner.lv\/#organization"},"potentialAction":[{"@type":"SearchAction","target":{"@type":"EntryPoint","urlTemplate":"https:\/\/www.facecorner.lv\/?s={search_term_string}"},"query-input":{"@type":"PropertyValueSpecification","valueRequired":true,"valueName":"search_term_string"}}],"inLanguage":"lv-LV"},{"@type":"Organization","@id":"https:\/\/www.facecorner.lv\/#organization","name":"Facecorner","url":"https:\/\/www.facecorner.lv\/","logo":{"@type":"ImageObject","inLanguage":"lv-LV","@id":"https:\/\/www.facecorner.lv\/#\/schema\/logo\/image\/","url":"https:\/\/www.facecorner.lv\/wp-content\/uploads\/2024\/04\/fc-logo.jpg","contentUrl":"https:\/\/www.facecorner.lv\/wp-content\/uploads\/2024\/04\/fc-logo.jpg","width":174,"height":28,"caption":"Facecorner"},"image":{"@id":"https:\/\/www.facecorner.lv\/#\/schema\/logo\/image\/"},"sameAs":["https:\/\/www.facebook.com\/profile.php?id=100063824551839","https:\/\/www.instagram.com\/facecorner_shop\/"]}]},"product_price_amount":"1.50","product_price_currency":"EUR","og_availability":"out of stock","product_availability":"out of stock","product_condition":"new"},"_links":{"self":[{"href":"https:\/\/www.facecorner.lv\/lv\/wp-json\/wp\/v2\/product\/11869","targetHints":{"allow":["GET"]}}],"collection":[{"href":"https:\/\/www.facecorner.lv\/lv\/wp-json\/wp\/v2\/product"}],"about":[{"href":"https:\/\/www.facecorner.lv\/lv\/wp-json\/wp\/v2\/types\/product"}],"replies":[{"embeddable":true,"href":"https:\/\/www.facecorner.lv\/lv\/wp-json\/wp\/v2\/comments?post=11869"}],"wp:featuredmedia":[{"embeddable":true,"href":"https:\/\/www.facecorner.lv\/lv\/wp-json\/wp\/v2\/media\/11870"}],"wp:attachment":[{"href":"https:\/\/www.facecorner.lv\/lv\/wp-json\/wp\/v2\/media?parent=11869"}],"wp:term":[{"taxonomy":"product_brand","embeddable":true,"href":"https:\/\/www.facecorner.lv\/lv\/wp-json\/wp\/v2\/product_brand?post=11869"},{"taxonomy":"product_cat","embeddable":true,"href":"https:\/\/www.facecorner.lv\/lv\/wp-json\/wp\/v2\/product_cat?post=11869"},{"taxonomy":"product_tag","embeddable":true,"href":"https:\/\/www.facecorner.lv\/lv\/wp-json\/wp\/v2\/product_tag?post=11869"},{"taxonomy":"berocket_brand","embeddable":true,"href":"https:\/\/www.facecorner.lv\/lv\/wp-json\/wp\/v2\/berocket_brand?post=11869"}],"curies":[{"name":"wp","href":"https:\/\/api.w.org\/{rel}","templated":true}]}}