{"id":11864,"date":"2023-08-10T11:13:08","date_gmt":"2023-08-10T09:13:08","guid":{"rendered":"https:\/\/www.facecorner.lv\/?post_type=product&#038;p=11864"},"modified":"2023-12-20T22:32:01","modified_gmt":"2023-12-20T20:32:01","slug":"medi-peel-peptide-9-mela-stick","status":"publish","type":"product","link":"https:\/\/www.facecorner.lv\/lv\/shop\/medi-peel-peptide-9-mela-stick\/","title":{"rendered":"Medi-Peel Peptide 9 Mela Stick"},"content":{"rendered":"<p>Medi-Peel Peptide 9 Mela Stick balino\u0161\u0101 pretnoveco\u0161an\u0101s sejas n\u016bja iedarbojas uzreiz 3 virzienos:<\/p>\n<ul>\n<li>Tas izl\u012bdzina toni, izgaismo pigment\u0101ciju un pal\u0113nina melan\u012bna sint\u0113zi, nov\u0113r\u0161ot jaunu vecuma plankumu par\u0101d\u012b\u0161anos.<\/li>\n<li>Izl\u012bdzina s\u012bk\u0101s krunci\u0146as ap ac\u012bm un l\u016bp\u0101m, c\u012bn\u0101s ar dzi\u013caj\u0101m krunci\u0146\u0101m uz kakla un dekolt\u0113.<\/li>\n<li>Acumirkl\u012b mitrina sausas vietas, nov\u0113r\u0161 savilk\u0161anas un lob\u012b\u0161an\u0101s saj\u016btu.<\/li>\n<\/ul>\n<p>Sp\u0113c\u012bga 9 pept\u012bdu kombin\u0101cija palielina \u0101das bl\u012bvumu un elast\u012bbu, izl\u012bdzina mikroreljefu, izl\u012bdzina un savelk, pal\u0113nina noveco\u0161an\u0101s procesu, stimul\u0113jot kolag\u0113na sint\u0113zi.<\/p>\n<p>Univers\u0101l\u0101 koci\u0146a forma \u013cauj higi\u0113niski lietot produktu ne tikai m\u0101j\u0101s, bet ar\u012b ce\u013c\u0101 \u2013 kompakt\u0101 pudele viegli iek\u013caujas som\u0101.<\/p>\n<p>Produkta formulas pamat\u0101 ir barojo\u0161a saulespu\u0137u s\u0113klu e\u013c\u013ca, kas ir bag\u0101ta ar tokoferolu, toniz\u0113jo\u0161u sast\u0101vda\u013cu, kas samazina grumbu dzi\u013cumu, kas aizsarg\u0101 \u0161\u016bnas no br\u012bvajiem radik\u0101\u013ciem.<\/p>\n<p><strong>Lieto\u0161ana<\/strong>: Uzkl\u0101jiet produktu uz att\u012br\u012btas \u0101das p\u0113c tonika lieto\u0161anas k\u0101 nakts kop\u0161anas l\u012bdzekli vai zem dekorat\u012bv\u0101s kosm\u0113tikas. P\u0101rvelciet koci\u0146u viet\u0101s, kur par\u0101d\u0101s krunci\u0146as: uz pieres, gar nasolabi\u0101laj\u0101m krok\u0101m, deguna asaru rievu, zem ac\u012bm, gar kaklu un dekolt\u0113, piev\u0113r\u0161ot uzman\u012bbu saus\u0101m un zv\u012b\u0146ojo\u0161\u0101m \u0101das viet\u0101m.<\/p>\n<p><strong>S\u0101stavs:\u00a0<\/strong>Helianthus Annuus Seed Oil, Phytosteryl\/ Isostearyl\/ Cetyl\/ Stearyl\/ Behenyl Dimer Dilinoleate, Polyglyceryl-2 Triisostearate, Bis-Diglyceryl Polyacyladipate-2, Dipentaerythrityl Hexahydroxystearate\/ Hexastearate\/ Hexarosinate, Water, Polyisobutene, Microcrystalline Wax, Octyldodecanol, Ceresin, Synthetic Wax, Niacinamide, Dimethicone, Jojoba esters, Tocopheryl Acetate, C10-18 Triglycerides, Helianthus Annuus Seed Wax, Ethylene\/propylene copolymer, Ethylhexylglycerin, Caprylyl Glycol, Eclipta Prostrata Extract, Curcuma Longa Root Extract, Melia Azadirachta Leaf Extract, Acacia decurrens flower wax, Polyglycerin-3, Melia Azadirachta Flower Extract, Adenosine, Glycerin, Simmondsia Chinensis Seed Oil, Coccinia Indica Fruit Extract, Argania Spinosa Kernel Oil, Moringa Oleifera Seed Oil, Papain, Limnanthes Alba Seed Oil, Hydrogenated Polyisobutene, Corallina Officinalis Extract, Glyceryl Glucoside, Melia Azadirachta Bark Extract, Butylene Glycol, Ocimum Sanctum Leaf Extract, Solanum Melongena Fruit Extract, Propanediol, Canola Oil, Artemisia vulgaris extract, Vitis Vinifera Seed Oil, Prunus Armeniaca Kernel Oil, Tranexamic Acid, Butyrospermum Parkii Butter, Squalane, 1,2-Hexanediol, Solanum Lycopersicum Fruit Extract, Macadamia Integrifolia Seed Oil, Ceramide NP, Phytosphingosine, Sodium Hyaluronate, Hydrolyzed Pea Protein, Phytosterols, Lecithin, Olea Europaea Fruit Oil, Pancratium Maritimum Extract, Hyaluronic Acid, Hydrolyzed Hyaluronic Acid, Hydrolyzed Sodium Hyaluronate, Sodium Hyaluronate Crosspolymer, Palmitoyl Tetrapeptide-7, Anemarrhena Asphodeloides Root Extract, Acetyl Hexapeptide-8, Copper Tripeptide-1, Ascorbic Acid, Biotin, Glutathione, Folic acid, Palmitoyl Tripeptide-1, Panthenol, Sodium Acetylated Hyaluronate, Inositol, Hydroxypropyltrimonium Hyaluronate, Oligopeptide-29, Oligopeptide-32, Tocopherol, Hexapeptide-9, Acetyl Octapeptide-3, Palmitoyl Pentapeptide-4, Fragrance<\/p>\n","protected":false},"excerpt":{"rendered":"<p>Medi-Peel Peptide 9 Mela Stick balino\u0161\u0101 pretnoveco\u0161an\u0101s sejas n\u016bja iedarbojas uzreiz 3 virzienos: Tas izl\u012bdzina toni, izgaismo pigment\u0101ciju un pal\u0113nina melan\u012bna sint\u0113zi, nov\u0113r\u0161ot jaunu vecuma plankumu par\u0101d\u012b\u0161anos. Izl\u012bdzina s\u012bk\u0101s krunci\u0146as ap ac\u012bm un l\u016bp\u0101m, c\u012bn\u0101s ar dzi\u013caj\u0101m krunci\u0146\u0101m uz kakla un dekolt\u0113. Acumirkl\u012b mitrina sausas vietas, nov\u0113r\u0161 savilk\u0161anas un lob\u012b\u0161an\u0101s saj\u016btu. Sp\u0113c\u012bga 9 pept\u012bdu kombin\u0101cija [&hellip;]<\/p>\n","protected":false},"featured_media":11865,"comment_status":"open","ping_status":"closed","template":"","meta":{"site-sidebar-layout":"default","site-content-layout":"","ast-site-content-layout":"","site-content-style":"default","site-sidebar-style":"default","ast-global-header-display":"","ast-banner-title-visibility":"","ast-main-header-display":"","ast-hfb-above-header-display":"","ast-hfb-below-header-display":"","ast-hfb-mobile-header-display":"","site-post-title":"","ast-breadcrumbs-content":"","ast-featured-img":"","footer-sml-layout":"","theme-transparent-header-meta":"","adv-header-id-meta":"","stick-header-meta":"","header-above-stick-meta":"","header-main-stick-meta":"","header-below-stick-meta":"","astra-migrate-meta-layouts":"default","ast-page-background-enabled":"default","ast-page-background-meta":{"desktop":{"background-color":"var(--ast-global-color-4)","background-image":"","background-repeat":"repeat","background-position":"center center","background-size":"auto","background-attachment":"scroll","background-type":"","background-media":"","overlay-type":"","overlay-color":"","overlay-opacity":"","overlay-gradient":""},"tablet":{"background-color":"","background-image":"","background-repeat":"repeat","background-position":"center center","background-size":"auto","background-attachment":"scroll","background-type":"","background-media":"","overlay-type":"","overlay-color":"","overlay-opacity":"","overlay-gradient":""},"mobile":{"background-color":"","background-image":"","background-repeat":"repeat","background-position":"center center","background-size":"auto","background-attachment":"scroll","background-type":"","background-media":"","overlay-type":"","overlay-color":"","overlay-opacity":"","overlay-gradient":""}},"ast-content-background-meta":{"desktop":{"background-color":"var(--ast-global-color-5)","background-image":"","background-repeat":"repeat","background-position":"center center","background-size":"auto","background-attachment":"scroll","background-type":"","background-media":"","overlay-type":"","overlay-color":"","overlay-opacity":"","overlay-gradient":""},"tablet":{"background-color":"var(--ast-global-color-5)","background-image":"","background-repeat":"repeat","background-position":"center center","background-size":"auto","background-attachment":"scroll","background-type":"","background-media":"","overlay-type":"","overlay-color":"","overlay-opacity":"","overlay-gradient":""},"mobile":{"background-color":"var(--ast-global-color-5)","background-image":"","background-repeat":"repeat","background-position":"center center","background-size":"auto","background-attachment":"scroll","background-type":"","background-media":"","overlay-type":"","overlay-color":"","overlay-opacity":"","overlay-gradient":""}}},"product_brand":[],"product_cat":[370,371,365,380,368,379,362,363],"product_tag":[],"berocket_brand":[],"class_list":{"0":"post-11864","1":"product","2":"type-product","3":"status-publish","4":"has-post-thumbnail","6":"product_cat-adas-mirdzumam","7":"product_cat-anti-age","8":"product_cat-barojoss","9":"product_cat-kombinetai-adai","10":"product_cat-pret-grumbam","11":"product_cat-sausai-adai-anti-age","12":"product_cat-sejas-krems","13":"product_cat-serumi","14":"desktop-align-left","15":"tablet-align-left","16":"mobile-align-left","18":"first","19":"outofstock","20":"taxable","21":"shipping-taxable","22":"purchasable","23":"product-type-simple","24":"add-to-wishlist-before_image"},"yoast_head":"<!-- This site is optimized with the Yoast SEO plugin v27.4 - https:\/\/yoast.com\/product\/yoast-seo-wordpress\/ -->\n<title>Medi-Peel Peptide 9 Mela Stick - FACECORNER<\/title>\n<meta name=\"robots\" content=\"index, follow, max-snippet:-1, max-image-preview:large, max-video-preview:-1\" \/>\n<link rel=\"canonical\" href=\"https:\/\/www.facecorner.lv\/lv\/shop\/medi-peel-peptide-9-mela-stick\/\" \/>\n<meta property=\"og:locale\" content=\"lv_LV\" \/>\n<meta property=\"og:type\" content=\"article\" \/>\n<meta property=\"og:title\" content=\"Medi-Peel Peptide 9 Mela Stick - FACECORNER\" \/>\n<meta property=\"og:description\" content=\"Medi-Peel Peptide 9 Mela Stick balino\u0161\u0101 pretnoveco\u0161an\u0101s sejas n\u016bja iedarbojas uzreiz 3 virzienos: Tas izl\u012bdzina toni, izgaismo pigment\u0101ciju un pal\u0113nina melan\u012bna sint\u0113zi, nov\u0113r\u0161ot jaunu vecuma plankumu par\u0101d\u012b\u0161anos. Izl\u012bdzina s\u012bk\u0101s krunci\u0146as ap ac\u012bm un l\u016bp\u0101m, c\u012bn\u0101s ar dzi\u013caj\u0101m krunci\u0146\u0101m uz kakla un dekolt\u0113. Acumirkl\u012b mitrina sausas vietas, nov\u0113r\u0161 savilk\u0161anas un lob\u012b\u0161an\u0101s saj\u016btu. Sp\u0113c\u012bga 9 pept\u012bdu kombin\u0101cija [&hellip;]\" \/>\n<meta property=\"og:url\" content=\"https:\/\/www.facecorner.lv\/lv\/shop\/medi-peel-peptide-9-mela-stick\/\" \/>\n<meta property=\"og:site_name\" content=\"FACECORNER\" \/>\n<meta property=\"article:publisher\" content=\"https:\/\/www.facebook.com\/profile.php?id=100063824551839\" \/>\n<meta property=\"article:modified_time\" content=\"2023-12-20T20:32:01+00:00\" \/>\n<meta property=\"og:image\" content=\"https:\/\/www.facecorner.lv\/wp-content\/uploads\/2023\/08\/medi-peel_Peptide-9-Mela-Stick-174a9928aaa5a721c9e3c8c06a67c86c.jpeg\" \/>\n\t<meta property=\"og:image:width\" content=\"900\" \/>\n\t<meta property=\"og:image:height\" content=\"900\" \/>\n\t<meta property=\"og:image:type\" content=\"image\/jpeg\" \/>\n<meta name=\"twitter:card\" content=\"summary_large_image\" \/>\n<meta name=\"twitter:label1\" content=\"Price\" \/>\n\t<meta name=\"twitter:data1\" content=\"&euro;25.00\" \/>\n\t<meta name=\"twitter:label2\" content=\"Availability\" \/>\n\t<meta name=\"twitter:data2\" content=\"Out of stock\" \/>\n<script type=\"application\/ld+json\" class=\"yoast-schema-graph\">{\"@context\":\"https:\\\/\\\/schema.org\",\"@graph\":[{\"@type\":\"WebPage\",\"@id\":\"https:\\\/\\\/www.facecorner.lv\\\/shop\\\/medi-peel-peptide-9-mela-stick\\\/\",\"url\":\"https:\\\/\\\/www.facecorner.lv\\\/shop\\\/medi-peel-peptide-9-mela-stick\\\/\",\"name\":\"Medi-Peel Peptide 9 Mela Stick - FACECORNER\",\"isPartOf\":{\"@id\":\"https:\\\/\\\/www.facecorner.lv\\\/#website\"},\"primaryImageOfPage\":{\"@id\":\"https:\\\/\\\/www.facecorner.lv\\\/shop\\\/medi-peel-peptide-9-mela-stick\\\/#primaryimage\"},\"image\":{\"@id\":\"https:\\\/\\\/www.facecorner.lv\\\/shop\\\/medi-peel-peptide-9-mela-stick\\\/#primaryimage\"},\"thumbnailUrl\":\"https:\\\/\\\/www.facecorner.lv\\\/wp-content\\\/uploads\\\/2023\\\/08\\\/medi-peel_Peptide-9-Mela-Stick-174a9928aaa5a721c9e3c8c06a67c86c.jpeg\",\"datePublished\":\"2023-08-10T09:13:08+00:00\",\"dateModified\":\"2023-12-20T20:32:01+00:00\",\"breadcrumb\":{\"@id\":\"https:\\\/\\\/www.facecorner.lv\\\/shop\\\/medi-peel-peptide-9-mela-stick\\\/#breadcrumb\"},\"inLanguage\":\"lv-LV\",\"potentialAction\":[{\"@type\":\"ReadAction\",\"target\":[\"https:\\\/\\\/www.facecorner.lv\\\/shop\\\/medi-peel-peptide-9-mela-stick\\\/\"]}]},{\"@type\":\"ImageObject\",\"inLanguage\":\"lv-LV\",\"@id\":\"https:\\\/\\\/www.facecorner.lv\\\/shop\\\/medi-peel-peptide-9-mela-stick\\\/#primaryimage\",\"url\":\"https:\\\/\\\/www.facecorner.lv\\\/wp-content\\\/uploads\\\/2023\\\/08\\\/medi-peel_Peptide-9-Mela-Stick-174a9928aaa5a721c9e3c8c06a67c86c.jpeg\",\"contentUrl\":\"https:\\\/\\\/www.facecorner.lv\\\/wp-content\\\/uploads\\\/2023\\\/08\\\/medi-peel_Peptide-9-Mela-Stick-174a9928aaa5a721c9e3c8c06a67c86c.jpeg\",\"width\":900,\"height\":900},{\"@type\":\"BreadcrumbList\",\"@id\":\"https:\\\/\\\/www.facecorner.lv\\\/shop\\\/medi-peel-peptide-9-mela-stick\\\/#breadcrumb\",\"itemListElement\":[{\"@type\":\"ListItem\",\"position\":1,\"name\":\"Home\",\"item\":\"https:\\\/\\\/www.facecorner.lv\\\/\"},{\"@type\":\"ListItem\",\"position\":2,\"name\":\"Veikals\",\"item\":\"https:\\\/\\\/www.facecorner.lv\\\/shop\\\/\"},{\"@type\":\"ListItem\",\"position\":3,\"name\":\"Medi-Peel Peptide 9 Mela Stick\"}]},{\"@type\":\"WebSite\",\"@id\":\"https:\\\/\\\/www.facecorner.lv\\\/#website\",\"url\":\"https:\\\/\\\/www.facecorner.lv\\\/\",\"name\":\"Facecorner\",\"description\":\"\",\"publisher\":{\"@id\":\"https:\\\/\\\/www.facecorner.lv\\\/#organization\"},\"potentialAction\":[{\"@type\":\"SearchAction\",\"target\":{\"@type\":\"EntryPoint\",\"urlTemplate\":\"https:\\\/\\\/www.facecorner.lv\\\/?s={search_term_string}\"},\"query-input\":{\"@type\":\"PropertyValueSpecification\",\"valueRequired\":true,\"valueName\":\"search_term_string\"}}],\"inLanguage\":\"lv-LV\"},{\"@type\":\"Organization\",\"@id\":\"https:\\\/\\\/www.facecorner.lv\\\/#organization\",\"name\":\"Facecorner\",\"url\":\"https:\\\/\\\/www.facecorner.lv\\\/\",\"logo\":{\"@type\":\"ImageObject\",\"inLanguage\":\"lv-LV\",\"@id\":\"https:\\\/\\\/www.facecorner.lv\\\/#\\\/schema\\\/logo\\\/image\\\/\",\"url\":\"https:\\\/\\\/www.facecorner.lv\\\/wp-content\\\/uploads\\\/2024\\\/04\\\/fc-logo.jpg\",\"contentUrl\":\"https:\\\/\\\/www.facecorner.lv\\\/wp-content\\\/uploads\\\/2024\\\/04\\\/fc-logo.jpg\",\"width\":174,\"height\":28,\"caption\":\"Facecorner\"},\"image\":{\"@id\":\"https:\\\/\\\/www.facecorner.lv\\\/#\\\/schema\\\/logo\\\/image\\\/\"},\"sameAs\":[\"https:\\\/\\\/www.facebook.com\\\/profile.php?id=100063824551839\",\"https:\\\/\\\/www.instagram.com\\\/facecorner_shop\\\/\"]}]}<\/script>\n<meta property=\"product:price:amount\" content=\"25.00\" \/>\n<meta property=\"product:price:currency\" content=\"EUR\" \/>\n<meta property=\"og:availability\" content=\"out of stock\" \/>\n<meta property=\"product:availability\" content=\"out of stock\" \/>\n<meta property=\"product:condition\" content=\"new\" \/>\n<!-- \/ Yoast SEO plugin. -->","yoast_head_json":{"title":"Medi-Peel Peptide 9 Mela Stick - FACECORNER","robots":{"index":"index","follow":"follow","max-snippet":"max-snippet:-1","max-image-preview":"max-image-preview:large","max-video-preview":"max-video-preview:-1"},"canonical":"https:\/\/www.facecorner.lv\/lv\/shop\/medi-peel-peptide-9-mela-stick\/","og_locale":"lv_LV","og_type":"article","og_title":"Medi-Peel Peptide 9 Mela Stick - FACECORNER","og_description":"Medi-Peel Peptide 9 Mela Stick balino\u0161\u0101 pretnoveco\u0161an\u0101s sejas n\u016bja iedarbojas uzreiz 3 virzienos: Tas izl\u012bdzina toni, izgaismo pigment\u0101ciju un pal\u0113nina melan\u012bna sint\u0113zi, nov\u0113r\u0161ot jaunu vecuma plankumu par\u0101d\u012b\u0161anos. Izl\u012bdzina s\u012bk\u0101s krunci\u0146as ap ac\u012bm un l\u016bp\u0101m, c\u012bn\u0101s ar dzi\u013caj\u0101m krunci\u0146\u0101m uz kakla un dekolt\u0113. Acumirkl\u012b mitrina sausas vietas, nov\u0113r\u0161 savilk\u0161anas un lob\u012b\u0161an\u0101s saj\u016btu. Sp\u0113c\u012bga 9 pept\u012bdu kombin\u0101cija [&hellip;]","og_url":"https:\/\/www.facecorner.lv\/lv\/shop\/medi-peel-peptide-9-mela-stick\/","og_site_name":"FACECORNER","article_publisher":"https:\/\/www.facebook.com\/profile.php?id=100063824551839","article_modified_time":"2023-12-20T20:32:01+00:00","og_image":[{"width":900,"height":900,"url":"https:\/\/www.facecorner.lv\/wp-content\/uploads\/2023\/08\/medi-peel_Peptide-9-Mela-Stick-174a9928aaa5a721c9e3c8c06a67c86c.jpeg","type":"image\/jpeg"}],"twitter_card":"summary_large_image","twitter_misc":{"Price":"&euro;25.00","Availability":"Out of stock"},"schema":{"@context":"https:\/\/schema.org","@graph":[{"@type":"WebPage","@id":"https:\/\/www.facecorner.lv\/shop\/medi-peel-peptide-9-mela-stick\/","url":"https:\/\/www.facecorner.lv\/shop\/medi-peel-peptide-9-mela-stick\/","name":"Medi-Peel Peptide 9 Mela Stick - FACECORNER","isPartOf":{"@id":"https:\/\/www.facecorner.lv\/#website"},"primaryImageOfPage":{"@id":"https:\/\/www.facecorner.lv\/shop\/medi-peel-peptide-9-mela-stick\/#primaryimage"},"image":{"@id":"https:\/\/www.facecorner.lv\/shop\/medi-peel-peptide-9-mela-stick\/#primaryimage"},"thumbnailUrl":"https:\/\/www.facecorner.lv\/wp-content\/uploads\/2023\/08\/medi-peel_Peptide-9-Mela-Stick-174a9928aaa5a721c9e3c8c06a67c86c.jpeg","datePublished":"2023-08-10T09:13:08+00:00","dateModified":"2023-12-20T20:32:01+00:00","breadcrumb":{"@id":"https:\/\/www.facecorner.lv\/shop\/medi-peel-peptide-9-mela-stick\/#breadcrumb"},"inLanguage":"lv-LV","potentialAction":[{"@type":"ReadAction","target":["https:\/\/www.facecorner.lv\/shop\/medi-peel-peptide-9-mela-stick\/"]}]},{"@type":"ImageObject","inLanguage":"lv-LV","@id":"https:\/\/www.facecorner.lv\/shop\/medi-peel-peptide-9-mela-stick\/#primaryimage","url":"https:\/\/www.facecorner.lv\/wp-content\/uploads\/2023\/08\/medi-peel_Peptide-9-Mela-Stick-174a9928aaa5a721c9e3c8c06a67c86c.jpeg","contentUrl":"https:\/\/www.facecorner.lv\/wp-content\/uploads\/2023\/08\/medi-peel_Peptide-9-Mela-Stick-174a9928aaa5a721c9e3c8c06a67c86c.jpeg","width":900,"height":900},{"@type":"BreadcrumbList","@id":"https:\/\/www.facecorner.lv\/shop\/medi-peel-peptide-9-mela-stick\/#breadcrumb","itemListElement":[{"@type":"ListItem","position":1,"name":"Home","item":"https:\/\/www.facecorner.lv\/"},{"@type":"ListItem","position":2,"name":"Veikals","item":"https:\/\/www.facecorner.lv\/shop\/"},{"@type":"ListItem","position":3,"name":"Medi-Peel Peptide 9 Mela Stick"}]},{"@type":"WebSite","@id":"https:\/\/www.facecorner.lv\/#website","url":"https:\/\/www.facecorner.lv\/","name":"Facecorner","description":"","publisher":{"@id":"https:\/\/www.facecorner.lv\/#organization"},"potentialAction":[{"@type":"SearchAction","target":{"@type":"EntryPoint","urlTemplate":"https:\/\/www.facecorner.lv\/?s={search_term_string}"},"query-input":{"@type":"PropertyValueSpecification","valueRequired":true,"valueName":"search_term_string"}}],"inLanguage":"lv-LV"},{"@type":"Organization","@id":"https:\/\/www.facecorner.lv\/#organization","name":"Facecorner","url":"https:\/\/www.facecorner.lv\/","logo":{"@type":"ImageObject","inLanguage":"lv-LV","@id":"https:\/\/www.facecorner.lv\/#\/schema\/logo\/image\/","url":"https:\/\/www.facecorner.lv\/wp-content\/uploads\/2024\/04\/fc-logo.jpg","contentUrl":"https:\/\/www.facecorner.lv\/wp-content\/uploads\/2024\/04\/fc-logo.jpg","width":174,"height":28,"caption":"Facecorner"},"image":{"@id":"https:\/\/www.facecorner.lv\/#\/schema\/logo\/image\/"},"sameAs":["https:\/\/www.facebook.com\/profile.php?id=100063824551839","https:\/\/www.instagram.com\/facecorner_shop\/"]}]},"product_price_amount":"25.00","product_price_currency":"EUR","og_availability":"out of stock","product_availability":"out of stock","product_condition":"new"},"_links":{"self":[{"href":"https:\/\/www.facecorner.lv\/lv\/wp-json\/wp\/v2\/product\/11864","targetHints":{"allow":["GET"]}}],"collection":[{"href":"https:\/\/www.facecorner.lv\/lv\/wp-json\/wp\/v2\/product"}],"about":[{"href":"https:\/\/www.facecorner.lv\/lv\/wp-json\/wp\/v2\/types\/product"}],"replies":[{"embeddable":true,"href":"https:\/\/www.facecorner.lv\/lv\/wp-json\/wp\/v2\/comments?post=11864"}],"wp:featuredmedia":[{"embeddable":true,"href":"https:\/\/www.facecorner.lv\/lv\/wp-json\/wp\/v2\/media\/11865"}],"wp:attachment":[{"href":"https:\/\/www.facecorner.lv\/lv\/wp-json\/wp\/v2\/media?parent=11864"}],"wp:term":[{"taxonomy":"product_brand","embeddable":true,"href":"https:\/\/www.facecorner.lv\/lv\/wp-json\/wp\/v2\/product_brand?post=11864"},{"taxonomy":"product_cat","embeddable":true,"href":"https:\/\/www.facecorner.lv\/lv\/wp-json\/wp\/v2\/product_cat?post=11864"},{"taxonomy":"product_tag","embeddable":true,"href":"https:\/\/www.facecorner.lv\/lv\/wp-json\/wp\/v2\/product_tag?post=11864"},{"taxonomy":"berocket_brand","embeddable":true,"href":"https:\/\/www.facecorner.lv\/lv\/wp-json\/wp\/v2\/berocket_brand?post=11864"}],"curies":[{"name":"wp","href":"https:\/\/api.w.org\/{rel}","templated":true}]}}