{"id":11854,"date":"2023-08-10T10:54:00","date_gmt":"2023-08-10T08:54:00","guid":{"rendered":"https:\/\/www.facecorner.lv\/?post_type=product&#038;p=11854"},"modified":"2024-02-27T14:59:44","modified_gmt":"2024-02-27T12:59:44","slug":"esthetic-house-cp-1-3seconds-hair-fill-up-shampoo-500ml","status":"publish","type":"product","link":"https:\/\/www.facecorner.lv\/lv\/shop\/esthetic-house-cp-1-3seconds-hair-fill-up-shampoo-500ml\/","title":{"rendered":"ESTHETIC HOUSE CP-1 3SECONDS HAIR FILL-UP SHAMPOO 500ml"},"content":{"rendered":"<p>CP-1 3Seconds Hair Fill-Up \u0161amp\u016bns dzi\u013ci att\u012bra un mitrina galvas \u0101du. Baro boj\u0101tus matus, padara tz\u012bdainus, neitraliz\u0113 trauslumu un \u0161\u0137\u0113rsgriezumu, nov\u0113r\u0161 matu izkri\u0161anu.<\/p>\n<p>Tai ir dziedino\u0161s efekts, stiprina matus, padara tos kupl\u0101kus un iztur\u012bg\u0101kus pret \u0101r\u0113jo faktoru kait\u012bgo ietekmi. Nov\u0113r\u0161 sausumu un apjukumu, pies\u0101tina ar mitrumu, miner\u0101lviel\u0101m un barojo\u0161\u0101m e\u013c\u013c\u0101m. Atjauno matu dabisko strukt\u016bru, samazina jut\u012bbu pret termisko apstr\u0101di, ultravioleto starojumu un citiem kosm\u0113tiskajiem efektiem. Nesatur silikonus<\/p>\n<p>\u0160amp\u016bns satur \u012bpa\u0161u patent\u0113tu AQUAXYL kompleksu, kura m\u0113r\u0137is ir intens\u012bva mitrin\u0101\u0161ana un matu atjauno\u0161ana. Veido aizsargapvalku ap matiem, aizsarg\u0101 pret agres\u012bv\u0101m ietekm\u0113m, uzlabo cirtas strukt\u016bru, pie\u0161\u0137ir dabisku sp\u012bdumu. Maigi iedarbojas uz galvas \u0101du, neitraliz\u0113 cieta teko\u0161a \u016bdens un virsmakt\u012bvo vielu iedarb\u012bbu.<\/p>\n<p><strong>Lieto\u0161ana:<\/strong> Uzkl\u0101jiet nepiecie\u0161amo \u0161amp\u016bna daudzumu mitros matos, iemas\u0113jiet galvas \u0101du. Nomazg\u0101t ar siltu \u016bdeni.<\/p>\n<p><strong>S\u0101stavs: \u00a0<\/strong>Water, Cocamidopropyl Betaine, Sodium C14-16 Olefin Sulfonate, Sodium Cocoyl Alaninate, Carboxymethyl Chitosan, Lauramidopropyl Betaine, Glycerin, Dipropylene Glycol, Sodium Chloride, PEG-7 Glyceryl Cocoate, Citric Acid, Menthol, Polyquaternium-10, Guar Hydroxypropyltrimonium Chloride, Silk Amino Acids, Camphor, Argania Spinosa Kernel Oil, Olea Europaea (Olive) Fruit Oil, Adansonia Digitata Seed Oil, Hydrolyzed Collagen, Hydrolyzed Keratin, Avena Sativa (Oat) Protein Extract, Hydrolyzed Corn Protein, Hydrolyzed Soy Protein, Hydrolyzed Wheat Protein, Corchorus Olitorius Leaf Extract, Camellia Sinensis Leaf Extract, Portulaca Oleracea Extract, Lithospermum Erythrorhizon Root Extract, Aloe Barbadensis Leaf Juice, Xylitylglucoside, Anhydroxylitol, Xylitol, Disodium EDTA, Caprylyl Glycol, Sodium Benzoate, Perfume, Butylphenyl Methylpropional, Benzyl Benzoate, Linalool.<\/p>\n","protected":false},"excerpt":{"rendered":"<p>CP-1 3Seconds Hair Fill-Up \u0161amp\u016bns dzi\u013ci att\u012bra un mitrina galvas \u0101du. Baro boj\u0101tus matus, padara tz\u012bdainus, neitraliz\u0113 trauslumu un \u0161\u0137\u0113rsgriezumu, nov\u0113r\u0161 matu izkri\u0161anu. Tai ir dziedino\u0161s efekts, stiprina matus, padara tos kupl\u0101kus un iztur\u012bg\u0101kus pret \u0101r\u0113jo faktoru kait\u012bgo ietekmi. Nov\u0113r\u0161 sausumu un apjukumu, pies\u0101tina ar mitrumu, miner\u0101lviel\u0101m un barojo\u0161\u0101m e\u013c\u013c\u0101m. Atjauno matu dabisko strukt\u016bru, samazina [&hellip;]<\/p>\n","protected":false},"featured_media":11855,"comment_status":"open","ping_status":"closed","template":"","meta":{"site-sidebar-layout":"default","site-content-layout":"","ast-site-content-layout":"","site-content-style":"default","site-sidebar-style":"default","ast-global-header-display":"","ast-banner-title-visibility":"","ast-main-header-display":"","ast-hfb-above-header-display":"","ast-hfb-below-header-display":"","ast-hfb-mobile-header-display":"","site-post-title":"","ast-breadcrumbs-content":"","ast-featured-img":"","footer-sml-layout":"","theme-transparent-header-meta":"","adv-header-id-meta":"","stick-header-meta":"","header-above-stick-meta":"","header-main-stick-meta":"","header-below-stick-meta":"","astra-migrate-meta-layouts":"default","ast-page-background-enabled":"default","ast-page-background-meta":{"desktop":{"background-color":"var(--ast-global-color-4)","background-image":"","background-repeat":"repeat","background-position":"center center","background-size":"auto","background-attachment":"scroll","background-type":"","background-media":"","overlay-type":"","overlay-color":"","overlay-opacity":"","overlay-gradient":""},"tablet":{"background-color":"","background-image":"","background-repeat":"repeat","background-position":"center center","background-size":"auto","background-attachment":"scroll","background-type":"","background-media":"","overlay-type":"","overlay-color":"","overlay-opacity":"","overlay-gradient":""},"mobile":{"background-color":"","background-image":"","background-repeat":"repeat","background-position":"center center","background-size":"auto","background-attachment":"scroll","background-type":"","background-media":"","overlay-type":"","overlay-color":"","overlay-opacity":"","overlay-gradient":""}},"ast-content-background-meta":{"desktop":{"background-color":"var(--ast-global-color-5)","background-image":"","background-repeat":"repeat","background-position":"center center","background-size":"auto","background-attachment":"scroll","background-type":"","background-media":"","overlay-type":"","overlay-color":"","overlay-opacity":"","overlay-gradient":""},"tablet":{"background-color":"var(--ast-global-color-5)","background-image":"","background-repeat":"repeat","background-position":"center center","background-size":"auto","background-attachment":"scroll","background-type":"","background-media":"","overlay-type":"","overlay-color":"","overlay-opacity":"","overlay-gradient":""},"mobile":{"background-color":"var(--ast-global-color-5)","background-image":"","background-repeat":"repeat","background-position":"center center","background-size":"auto","background-attachment":"scroll","background-type":"","background-media":"","overlay-type":"","overlay-color":"","overlay-opacity":"","overlay-gradient":""}}},"product_brand":[],"product_cat":[330,357],"product_tag":[],"berocket_brand":[],"class_list":{"0":"post-11854","1":"product","2":"type-product","3":"status-publish","4":"has-post-thumbnail","6":"product_cat-matiem","7":"product_cat-sampuni","8":"desktop-align-left","9":"tablet-align-left","10":"mobile-align-left","12":"first","13":"outofstock","14":"taxable","15":"shipping-taxable","16":"purchasable","17":"product-type-simple","18":"add-to-wishlist-before_image"},"yoast_head":"<!-- This site is optimized with the Yoast SEO plugin v27.3 - https:\/\/yoast.com\/product\/yoast-seo-wordpress\/ -->\n<title>ESTHETIC HOUSE CP-1 3SECONDS HAIR FILL-UP SHAMPOO 500ml - FACECORNER<\/title>\n<meta name=\"robots\" content=\"index, follow, max-snippet:-1, max-image-preview:large, max-video-preview:-1\" \/>\n<link rel=\"canonical\" href=\"https:\/\/www.facecorner.lv\/lv\/shop\/esthetic-house-cp-1-3seconds-hair-fill-up-shampoo-500ml\/\" \/>\n<meta property=\"og:locale\" content=\"lv_LV\" \/>\n<meta property=\"og:type\" content=\"article\" \/>\n<meta property=\"og:title\" content=\"ESTHETIC HOUSE CP-1 3SECONDS HAIR FILL-UP SHAMPOO 500ml - FACECORNER\" \/>\n<meta property=\"og:description\" content=\"CP-1 3Seconds Hair Fill-Up \u0161amp\u016bns dzi\u013ci att\u012bra un mitrina galvas \u0101du. Baro boj\u0101tus matus, padara tz\u012bdainus, neitraliz\u0113 trauslumu un \u0161\u0137\u0113rsgriezumu, nov\u0113r\u0161 matu izkri\u0161anu. Tai ir dziedino\u0161s efekts, stiprina matus, padara tos kupl\u0101kus un iztur\u012bg\u0101kus pret \u0101r\u0113jo faktoru kait\u012bgo ietekmi. Nov\u0113r\u0161 sausumu un apjukumu, pies\u0101tina ar mitrumu, miner\u0101lviel\u0101m un barojo\u0161\u0101m e\u013c\u013c\u0101m. Atjauno matu dabisko strukt\u016bru, samazina [&hellip;]\" \/>\n<meta property=\"og:url\" content=\"https:\/\/www.facecorner.lv\/lv\/shop\/esthetic-house-cp-1-3seconds-hair-fill-up-shampoo-500ml\/\" \/>\n<meta property=\"og:site_name\" content=\"FACECORNER\" \/>\n<meta property=\"article:publisher\" content=\"https:\/\/www.facebook.com\/profile.php?id=100063824551839\" \/>\n<meta property=\"article:modified_time\" content=\"2024-02-27T12:59:44+00:00\" \/>\n<meta property=\"og:image\" content=\"https:\/\/www.facecorner.lv\/wp-content\/uploads\/2023\/08\/8ac0a2b3f7c97ac3acc72eb847ab89d8_600x.jpeg\" \/>\n\t<meta property=\"og:image:width\" content=\"600\" \/>\n\t<meta property=\"og:image:height\" content=\"600\" \/>\n\t<meta property=\"og:image:type\" content=\"image\/jpeg\" \/>\n<meta name=\"twitter:card\" content=\"summary_large_image\" \/>\n<meta name=\"twitter:label1\" content=\"Price\" \/>\n\t<meta name=\"twitter:data1\" content=\"&euro;18.00\" \/>\n\t<meta name=\"twitter:label2\" content=\"Availability\" \/>\n\t<meta name=\"twitter:data2\" content=\"Out of stock\" \/>\n<script type=\"application\/ld+json\" class=\"yoast-schema-graph\">{\"@context\":\"https:\\\/\\\/schema.org\",\"@graph\":[{\"@type\":\"WebPage\",\"@id\":\"https:\\\/\\\/www.facecorner.lv\\\/shop\\\/esthetic-house-cp-1-3seconds-hair-fill-up-shampoo-500ml\\\/\",\"url\":\"https:\\\/\\\/www.facecorner.lv\\\/shop\\\/esthetic-house-cp-1-3seconds-hair-fill-up-shampoo-500ml\\\/\",\"name\":\"ESTHETIC HOUSE CP-1 3SECONDS HAIR FILL-UP SHAMPOO 500ml - FACECORNER\",\"isPartOf\":{\"@id\":\"https:\\\/\\\/www.facecorner.lv\\\/#website\"},\"primaryImageOfPage\":{\"@id\":\"https:\\\/\\\/www.facecorner.lv\\\/shop\\\/esthetic-house-cp-1-3seconds-hair-fill-up-shampoo-500ml\\\/#primaryimage\"},\"image\":{\"@id\":\"https:\\\/\\\/www.facecorner.lv\\\/shop\\\/esthetic-house-cp-1-3seconds-hair-fill-up-shampoo-500ml\\\/#primaryimage\"},\"thumbnailUrl\":\"https:\\\/\\\/www.facecorner.lv\\\/wp-content\\\/uploads\\\/2023\\\/08\\\/8ac0a2b3f7c97ac3acc72eb847ab89d8_600x.jpeg\",\"datePublished\":\"2023-08-10T08:54:00+00:00\",\"dateModified\":\"2024-02-27T12:59:44+00:00\",\"breadcrumb\":{\"@id\":\"https:\\\/\\\/www.facecorner.lv\\\/shop\\\/esthetic-house-cp-1-3seconds-hair-fill-up-shampoo-500ml\\\/#breadcrumb\"},\"inLanguage\":\"lv-LV\",\"potentialAction\":[{\"@type\":\"ReadAction\",\"target\":[\"https:\\\/\\\/www.facecorner.lv\\\/shop\\\/esthetic-house-cp-1-3seconds-hair-fill-up-shampoo-500ml\\\/\"]}]},{\"@type\":\"ImageObject\",\"inLanguage\":\"lv-LV\",\"@id\":\"https:\\\/\\\/www.facecorner.lv\\\/shop\\\/esthetic-house-cp-1-3seconds-hair-fill-up-shampoo-500ml\\\/#primaryimage\",\"url\":\"https:\\\/\\\/www.facecorner.lv\\\/wp-content\\\/uploads\\\/2023\\\/08\\\/8ac0a2b3f7c97ac3acc72eb847ab89d8_600x.jpeg\",\"contentUrl\":\"https:\\\/\\\/www.facecorner.lv\\\/wp-content\\\/uploads\\\/2023\\\/08\\\/8ac0a2b3f7c97ac3acc72eb847ab89d8_600x.jpeg\",\"width\":600,\"height\":600},{\"@type\":\"BreadcrumbList\",\"@id\":\"https:\\\/\\\/www.facecorner.lv\\\/shop\\\/esthetic-house-cp-1-3seconds-hair-fill-up-shampoo-500ml\\\/#breadcrumb\",\"itemListElement\":[{\"@type\":\"ListItem\",\"position\":1,\"name\":\"Home\",\"item\":\"https:\\\/\\\/www.facecorner.lv\\\/\"},{\"@type\":\"ListItem\",\"position\":2,\"name\":\"Veikals\",\"item\":\"https:\\\/\\\/www.facecorner.lv\\\/shop\\\/\"},{\"@type\":\"ListItem\",\"position\":3,\"name\":\"ESTHETIC HOUSE CP-1 3SECONDS HAIR FILL-UP SHAMPOO 500ml\"}]},{\"@type\":\"WebSite\",\"@id\":\"https:\\\/\\\/www.facecorner.lv\\\/#website\",\"url\":\"https:\\\/\\\/www.facecorner.lv\\\/\",\"name\":\"Facecorner\",\"description\":\"\",\"publisher\":{\"@id\":\"https:\\\/\\\/www.facecorner.lv\\\/#organization\"},\"potentialAction\":[{\"@type\":\"SearchAction\",\"target\":{\"@type\":\"EntryPoint\",\"urlTemplate\":\"https:\\\/\\\/www.facecorner.lv\\\/?s={search_term_string}\"},\"query-input\":{\"@type\":\"PropertyValueSpecification\",\"valueRequired\":true,\"valueName\":\"search_term_string\"}}],\"inLanguage\":\"lv-LV\"},{\"@type\":\"Organization\",\"@id\":\"https:\\\/\\\/www.facecorner.lv\\\/#organization\",\"name\":\"Facecorner\",\"url\":\"https:\\\/\\\/www.facecorner.lv\\\/\",\"logo\":{\"@type\":\"ImageObject\",\"inLanguage\":\"lv-LV\",\"@id\":\"https:\\\/\\\/www.facecorner.lv\\\/#\\\/schema\\\/logo\\\/image\\\/\",\"url\":\"https:\\\/\\\/www.facecorner.lv\\\/wp-content\\\/uploads\\\/2024\\\/04\\\/fc-logo.jpg\",\"contentUrl\":\"https:\\\/\\\/www.facecorner.lv\\\/wp-content\\\/uploads\\\/2024\\\/04\\\/fc-logo.jpg\",\"width\":174,\"height\":28,\"caption\":\"Facecorner\"},\"image\":{\"@id\":\"https:\\\/\\\/www.facecorner.lv\\\/#\\\/schema\\\/logo\\\/image\\\/\"},\"sameAs\":[\"https:\\\/\\\/www.facebook.com\\\/profile.php?id=100063824551839\",\"https:\\\/\\\/www.instagram.com\\\/facecorner_shop\\\/\"]}]}<\/script>\n<meta property=\"product:price:amount\" content=\"18.00\" \/>\n<meta property=\"product:price:currency\" content=\"EUR\" \/>\n<meta property=\"og:availability\" content=\"out of stock\" \/>\n<meta property=\"product:availability\" content=\"out of stock\" \/>\n<meta property=\"product:condition\" content=\"new\" \/>\n<!-- \/ Yoast SEO plugin. -->","yoast_head_json":{"title":"ESTHETIC HOUSE CP-1 3SECONDS HAIR FILL-UP SHAMPOO 500ml - FACECORNER","robots":{"index":"index","follow":"follow","max-snippet":"max-snippet:-1","max-image-preview":"max-image-preview:large","max-video-preview":"max-video-preview:-1"},"canonical":"https:\/\/www.facecorner.lv\/lv\/shop\/esthetic-house-cp-1-3seconds-hair-fill-up-shampoo-500ml\/","og_locale":"lv_LV","og_type":"article","og_title":"ESTHETIC HOUSE CP-1 3SECONDS HAIR FILL-UP SHAMPOO 500ml - FACECORNER","og_description":"CP-1 3Seconds Hair Fill-Up \u0161amp\u016bns dzi\u013ci att\u012bra un mitrina galvas \u0101du. Baro boj\u0101tus matus, padara tz\u012bdainus, neitraliz\u0113 trauslumu un \u0161\u0137\u0113rsgriezumu, nov\u0113r\u0161 matu izkri\u0161anu. Tai ir dziedino\u0161s efekts, stiprina matus, padara tos kupl\u0101kus un iztur\u012bg\u0101kus pret \u0101r\u0113jo faktoru kait\u012bgo ietekmi. Nov\u0113r\u0161 sausumu un apjukumu, pies\u0101tina ar mitrumu, miner\u0101lviel\u0101m un barojo\u0161\u0101m e\u013c\u013c\u0101m. Atjauno matu dabisko strukt\u016bru, samazina [&hellip;]","og_url":"https:\/\/www.facecorner.lv\/lv\/shop\/esthetic-house-cp-1-3seconds-hair-fill-up-shampoo-500ml\/","og_site_name":"FACECORNER","article_publisher":"https:\/\/www.facebook.com\/profile.php?id=100063824551839","article_modified_time":"2024-02-27T12:59:44+00:00","og_image":[{"width":600,"height":600,"url":"https:\/\/www.facecorner.lv\/wp-content\/uploads\/2023\/08\/8ac0a2b3f7c97ac3acc72eb847ab89d8_600x.jpeg","type":"image\/jpeg"}],"twitter_card":"summary_large_image","twitter_misc":{"Price":"&euro;18.00","Availability":"Out of stock"},"schema":{"@context":"https:\/\/schema.org","@graph":[{"@type":"WebPage","@id":"https:\/\/www.facecorner.lv\/shop\/esthetic-house-cp-1-3seconds-hair-fill-up-shampoo-500ml\/","url":"https:\/\/www.facecorner.lv\/shop\/esthetic-house-cp-1-3seconds-hair-fill-up-shampoo-500ml\/","name":"ESTHETIC HOUSE CP-1 3SECONDS HAIR FILL-UP SHAMPOO 500ml - FACECORNER","isPartOf":{"@id":"https:\/\/www.facecorner.lv\/#website"},"primaryImageOfPage":{"@id":"https:\/\/www.facecorner.lv\/shop\/esthetic-house-cp-1-3seconds-hair-fill-up-shampoo-500ml\/#primaryimage"},"image":{"@id":"https:\/\/www.facecorner.lv\/shop\/esthetic-house-cp-1-3seconds-hair-fill-up-shampoo-500ml\/#primaryimage"},"thumbnailUrl":"https:\/\/www.facecorner.lv\/wp-content\/uploads\/2023\/08\/8ac0a2b3f7c97ac3acc72eb847ab89d8_600x.jpeg","datePublished":"2023-08-10T08:54:00+00:00","dateModified":"2024-02-27T12:59:44+00:00","breadcrumb":{"@id":"https:\/\/www.facecorner.lv\/shop\/esthetic-house-cp-1-3seconds-hair-fill-up-shampoo-500ml\/#breadcrumb"},"inLanguage":"lv-LV","potentialAction":[{"@type":"ReadAction","target":["https:\/\/www.facecorner.lv\/shop\/esthetic-house-cp-1-3seconds-hair-fill-up-shampoo-500ml\/"]}]},{"@type":"ImageObject","inLanguage":"lv-LV","@id":"https:\/\/www.facecorner.lv\/shop\/esthetic-house-cp-1-3seconds-hair-fill-up-shampoo-500ml\/#primaryimage","url":"https:\/\/www.facecorner.lv\/wp-content\/uploads\/2023\/08\/8ac0a2b3f7c97ac3acc72eb847ab89d8_600x.jpeg","contentUrl":"https:\/\/www.facecorner.lv\/wp-content\/uploads\/2023\/08\/8ac0a2b3f7c97ac3acc72eb847ab89d8_600x.jpeg","width":600,"height":600},{"@type":"BreadcrumbList","@id":"https:\/\/www.facecorner.lv\/shop\/esthetic-house-cp-1-3seconds-hair-fill-up-shampoo-500ml\/#breadcrumb","itemListElement":[{"@type":"ListItem","position":1,"name":"Home","item":"https:\/\/www.facecorner.lv\/"},{"@type":"ListItem","position":2,"name":"Veikals","item":"https:\/\/www.facecorner.lv\/shop\/"},{"@type":"ListItem","position":3,"name":"ESTHETIC HOUSE CP-1 3SECONDS HAIR FILL-UP SHAMPOO 500ml"}]},{"@type":"WebSite","@id":"https:\/\/www.facecorner.lv\/#website","url":"https:\/\/www.facecorner.lv\/","name":"Facecorner","description":"","publisher":{"@id":"https:\/\/www.facecorner.lv\/#organization"},"potentialAction":[{"@type":"SearchAction","target":{"@type":"EntryPoint","urlTemplate":"https:\/\/www.facecorner.lv\/?s={search_term_string}"},"query-input":{"@type":"PropertyValueSpecification","valueRequired":true,"valueName":"search_term_string"}}],"inLanguage":"lv-LV"},{"@type":"Organization","@id":"https:\/\/www.facecorner.lv\/#organization","name":"Facecorner","url":"https:\/\/www.facecorner.lv\/","logo":{"@type":"ImageObject","inLanguage":"lv-LV","@id":"https:\/\/www.facecorner.lv\/#\/schema\/logo\/image\/","url":"https:\/\/www.facecorner.lv\/wp-content\/uploads\/2024\/04\/fc-logo.jpg","contentUrl":"https:\/\/www.facecorner.lv\/wp-content\/uploads\/2024\/04\/fc-logo.jpg","width":174,"height":28,"caption":"Facecorner"},"image":{"@id":"https:\/\/www.facecorner.lv\/#\/schema\/logo\/image\/"},"sameAs":["https:\/\/www.facebook.com\/profile.php?id=100063824551839","https:\/\/www.instagram.com\/facecorner_shop\/"]}]},"product_price_amount":"18.00","product_price_currency":"EUR","og_availability":"out of stock","product_availability":"out of stock","product_condition":"new"},"_links":{"self":[{"href":"https:\/\/www.facecorner.lv\/lv\/wp-json\/wp\/v2\/product\/11854","targetHints":{"allow":["GET"]}}],"collection":[{"href":"https:\/\/www.facecorner.lv\/lv\/wp-json\/wp\/v2\/product"}],"about":[{"href":"https:\/\/www.facecorner.lv\/lv\/wp-json\/wp\/v2\/types\/product"}],"replies":[{"embeddable":true,"href":"https:\/\/www.facecorner.lv\/lv\/wp-json\/wp\/v2\/comments?post=11854"}],"wp:featuredmedia":[{"embeddable":true,"href":"https:\/\/www.facecorner.lv\/lv\/wp-json\/wp\/v2\/media\/11855"}],"wp:attachment":[{"href":"https:\/\/www.facecorner.lv\/lv\/wp-json\/wp\/v2\/media?parent=11854"}],"wp:term":[{"taxonomy":"product_brand","embeddable":true,"href":"https:\/\/www.facecorner.lv\/lv\/wp-json\/wp\/v2\/product_brand?post=11854"},{"taxonomy":"product_cat","embeddable":true,"href":"https:\/\/www.facecorner.lv\/lv\/wp-json\/wp\/v2\/product_cat?post=11854"},{"taxonomy":"product_tag","embeddable":true,"href":"https:\/\/www.facecorner.lv\/lv\/wp-json\/wp\/v2\/product_tag?post=11854"},{"taxonomy":"berocket_brand","embeddable":true,"href":"https:\/\/www.facecorner.lv\/lv\/wp-json\/wp\/v2\/berocket_brand?post=11854"}],"curies":[{"name":"wp","href":"https:\/\/api.w.org\/{rel}","templated":true}]}}