{"id":11848,"date":"2023-08-10T09:47:02","date_gmt":"2023-08-10T07:47:02","guid":{"rendered":"https:\/\/www.facecorner.lv\/?post_type=product&#038;p=11848"},"modified":"2026-05-06T13:36:23","modified_gmt":"2026-05-06T10:36:23","slug":"esthetic-house-cp-1-bright-complex-intense-nourishing-shampoo-500ml","status":"publish","type":"product","link":"https:\/\/www.facecorner.lv\/lv\/shop\/esthetic-house-cp-1-bright-complex-intense-nourishing-shampoo-500ml\/","title":{"rendered":"ESTHETIC HOUSE CP-1 BRIGHT COMPLEX INTENSE NOURISHING SHAMPOO prote\u012bna \u0161amp\u016bns ar kolag\u0113nu 100\/500ml"},"content":{"rendered":"<p>Esthetic House CP-1 Bright Complex Intense Nourishing Shampoo &#8211; prote\u012bna \u0161amp\u016bns ar kolag\u0113nu. Paredz\u0113ts m\u0101jas matu kop\u0161anai un proced\u016br\u0101m salonos.\u00a0\u0160amp\u016bns ir piem\u0113rots jebkura veida matiem, var tikt izmantots, lai nov\u0113rstu probl\u0113mas un atjaunotu matus, kas boj\u0101ti kr\u0101so\u0161anas, ilgvi\u013c\u0146u vai nepareizas kop\u0161anas rezult\u0101t\u0101.<\/p>\n<p>\u0160amp\u016bnu var lietot katru dienu: tas &#8220;netauko&#8221; matus un neat\u0146em tiem apjomu, regul\u0101ri lietojot. \u0160amp\u016bns iedarbojas uzreiz: redzamu rezult\u0101tu paman\u012bsit jau p\u0113c pirm\u0101 \u0161amp\u016bna lieto\u0161anas. Mati tiks labi att\u012br\u012bti no sebuma, putek\u013ciem un veido\u0161anas l\u012bdzek\u013ciem, k\u013c\u016bs elast\u012bgi, gludi un sp\u012bd\u012bgi. Turkl\u0101t intens\u012bv\u0101 apstr\u0101de pasarg\u0101s no augst\u0101m temperat\u016br\u0101m, j\u016bras \u016bdens un gaisa kondicion\u0113\u0161anas, radot neredzamu barjeru uz katra mati\u0146a.<\/p>\n<p>\u0160amp\u016bns atjauno boj\u0101tus matus no iek\u0161puses, \u0161\u016bnu l\u012bmen\u012b, pateicoties kam efekts b\u016bs ne tikai \u0101r\u0113js: cirtas patie\u0161\u0101m k\u013c\u016bs vesel\u012bg\u0101kas.<\/p>\n<p><strong>Lieto\u0161ana:<\/strong> Izdaliet nelielu daudzumu \u0161amp\u016bna pa mitriem matiem. Mas\u0113jiet da\u017eas min\u016btes, \u012bpa\u0161u uzman\u012bbu piev\u0113r\u0161ot sakn\u0113m. Nomazg\u0101jiet ieg\u016bt\u0101s putas ar lielu daudzumu silta \u016bdens<\/p>\n<p><strong>S\u0101stavs:\u00a0<\/strong>Aqua, Sodium C14-16 Olefin Sulfonate, Cocamidopropyl Betaine, Disodium Laureth Sulfosuccinate, Methylpolysiloxane Emulsion, Glycerin, Dipropylene Glycol, Glycol Distearate, Amodimethicone, Sodium Chloride, Menthol, Guar Hydroxypropyltrimonium Chloride, Citric Acid, Caprylyl Glycol, Polyquaternium-10, Argania Spinosa Kernel Oil, Prunus Amygdalus Dulcis (Sweet Almond) Oil, Cocos Nucifera (Coconut) Oil, Glycyrrhiza Glabra (Licorice) Root Extract, Simmondsia Chinensis (Jojoba) Seed Oil, Collagen, Hydrolyzed Wheat Protein, Elastin, Keratin Amino Acids, Hydrolyzed Silk, Hydrolyzed Corn Protein, Hydrolyzed Soy Protein, Hydrolyzed Rice Protein, Silkworm Cocoon Extract, Hydrolyzed Keratin, Lysine, Histidine, Arginine, Aspartic Acid, Threonine, Serine, Glutamic Acid, Proline, Glycine, Alanine, Valine, Methionine, Leucine, Isoleucine, Tyrosine, Phenylalanine, Cysteine, Disodium EDTA, Panthenol, Sodium Benzoate, Perfume.<\/p>\n<p><strong>Kontaktinform\u0101cija:\u00a0<\/strong><\/p>\n<p class=\"p1\">YJN Europe s.r.o. 6F, M.R.Stefanika, 010 01, Zilina, Slovak Republic, yjneurope@gmail.com<\/p>\n<p><strong>BR\u012aDIN\u0100JUMI!<\/strong><\/p>\n<ul>\n<li>Tikai \u0101r\u012bgai lieto\u0161anai.<\/li>\n<li>Izvair\u012bties no saskares ar ac\u012bm.<\/li>\n<li>Uzglab\u0101t b\u0113rniem nepieejam\u0101 viet\u0101.<\/li>\n<li>Nelietot uz boj\u0101tas vai kairin\u0101tas \u0101das.<\/li>\n<li>Izlietot 12 m\u0113ne\u0161u laik\u0101 p\u0113c atv\u0113r\u0161anas.<\/li>\n<li>Lietojot produktu, izvair\u012bties no tie\u0161as saules iedarb\u012bbas.<\/li>\n<\/ul>\n<p class=\"p1\">\n","protected":false},"excerpt":{"rendered":"<p>Esthetic House CP-1 Bright Complex Intense Nourishing Shampoo &#8211; prote\u012bna \u0161amp\u016bns ar kolag\u0113nu. Paredz\u0113ts m\u0101jas matu kop\u0161anai un proced\u016br\u0101m salonos.\u00a0\u0160amp\u016bns ir piem\u0113rots jebkura veida matiem, var tikt izmantots, lai nov\u0113rstu probl\u0113mas un atjaunotu matus, kas boj\u0101ti kr\u0101so\u0161anas, ilgvi\u013c\u0146u vai nepareizas kop\u0161anas rezult\u0101t\u0101. \u0160amp\u016bnu var lietot katru dienu: tas &#8220;netauko&#8221; matus un neat\u0146em tiem apjomu, regul\u0101ri [&hellip;]<\/p>\n","protected":false},"featured_media":11849,"comment_status":"open","ping_status":"closed","template":"","meta":{"site-sidebar-layout":"default","site-content-layout":"","ast-site-content-layout":"default","site-content-style":"default","site-sidebar-style":"default","ast-global-header-display":"","ast-banner-title-visibility":"","ast-main-header-display":"","ast-hfb-above-header-display":"","ast-hfb-below-header-display":"","ast-hfb-mobile-header-display":"","site-post-title":"","ast-breadcrumbs-content":"","ast-featured-img":"","footer-sml-layout":"","theme-transparent-header-meta":"default","adv-header-id-meta":"","stick-header-meta":"","header-above-stick-meta":"","header-main-stick-meta":"","header-below-stick-meta":"","astra-migrate-meta-layouts":"set","ast-page-background-enabled":"default","ast-page-background-meta":{"desktop":{"background-color":"var(--ast-global-color-4)","background-image":"","background-repeat":"repeat","background-position":"center center","background-size":"auto","background-attachment":"scroll","background-type":"","background-media":"","overlay-type":"","overlay-color":"","overlay-opacity":"","overlay-gradient":""},"tablet":{"background-color":"","background-image":"","background-repeat":"repeat","background-position":"center center","background-size":"auto","background-attachment":"scroll","background-type":"","background-media":"","overlay-type":"","overlay-color":"","overlay-opacity":"","overlay-gradient":""},"mobile":{"background-color":"","background-image":"","background-repeat":"repeat","background-position":"center center","background-size":"auto","background-attachment":"scroll","background-type":"","background-media":"","overlay-type":"","overlay-color":"","overlay-opacity":"","overlay-gradient":""}},"ast-content-background-meta":{"desktop":{"background-color":"var(--ast-global-color-5)","background-image":"","background-repeat":"repeat","background-position":"center center","background-size":"auto","background-attachment":"scroll","background-type":"","background-media":"","overlay-type":"","overlay-color":"","overlay-opacity":"","overlay-gradient":""},"tablet":{"background-color":"var(--ast-global-color-5)","background-image":"","background-repeat":"repeat","background-position":"center center","background-size":"auto","background-attachment":"scroll","background-type":"","background-media":"","overlay-type":"","overlay-color":"","overlay-opacity":"","overlay-gradient":""},"mobile":{"background-color":"var(--ast-global-color-5)","background-image":"","background-repeat":"repeat","background-position":"center center","background-size":"auto","background-attachment":"scroll","background-type":"","background-media":"","overlay-type":"","overlay-color":"","overlay-opacity":"","overlay-gradient":""}}},"product_brand":[],"product_cat":[330,357],"product_tag":[],"berocket_brand":[592],"class_list":{"0":"post-11848","1":"product","2":"type-product","3":"status-publish","4":"has-post-thumbnail","6":"product_cat-matiem","7":"product_cat-sampuni","8":"berocket_brand-esthetic-house","9":"desktop-align-left","10":"tablet-align-left","11":"mobile-align-left","13":"first","14":"instock","15":"taxable","16":"shipping-taxable","17":"purchasable","18":"product-type-variable","19":"add-to-wishlist-before_image"},"yoast_head":"<!-- This site is optimized with the Yoast SEO plugin v27.4 - https:\/\/yoast.com\/product\/yoast-seo-wordpress\/ -->\n<title>ESTHETIC HOUSE CP-1 BRIGHT COMPLEX INTENSE NOURISHING SHAMPOO prote\u012bna \u0161amp\u016bns ar kolag\u0113nu 100\/500ml - FACECORNER<\/title>\n<meta name=\"robots\" content=\"index, follow, max-snippet:-1, max-image-preview:large, max-video-preview:-1\" \/>\n<link rel=\"canonical\" href=\"https:\/\/www.facecorner.lv\/lv\/shop\/esthetic-house-cp-1-bright-complex-intense-nourishing-shampoo-500ml\/\" \/>\n<meta property=\"og:locale\" content=\"lv_LV\" \/>\n<meta property=\"og:type\" content=\"article\" \/>\n<meta property=\"og:title\" content=\"ESTHETIC HOUSE CP-1 BRIGHT COMPLEX INTENSE NOURISHING SHAMPOO prote\u012bna \u0161amp\u016bns ar kolag\u0113nu 100\/500ml - FACECORNER\" \/>\n<meta property=\"og:description\" content=\"Esthetic House CP-1 Bright Complex Intense Nourishing Shampoo &#8211; prote\u012bna \u0161amp\u016bns ar kolag\u0113nu. Paredz\u0113ts m\u0101jas matu kop\u0161anai un proced\u016br\u0101m salonos.\u00a0\u0160amp\u016bns ir piem\u0113rots jebkura veida matiem, var tikt izmantots, lai nov\u0113rstu probl\u0113mas un atjaunotu matus, kas boj\u0101ti kr\u0101so\u0161anas, ilgvi\u013c\u0146u vai nepareizas kop\u0161anas rezult\u0101t\u0101. \u0160amp\u016bnu var lietot katru dienu: tas &#8220;netauko&#8221; matus un neat\u0146em tiem apjomu, regul\u0101ri [&hellip;]\" \/>\n<meta property=\"og:url\" content=\"https:\/\/www.facecorner.lv\/lv\/shop\/esthetic-house-cp-1-bright-complex-intense-nourishing-shampoo-500ml\/\" \/>\n<meta property=\"og:site_name\" content=\"FACECORNER\" \/>\n<meta property=\"article:publisher\" content=\"https:\/\/www.facebook.com\/profile.php?id=100063824551839\" \/>\n<meta property=\"article:modified_time\" content=\"2026-05-06T10:36:23+00:00\" \/>\n<meta property=\"og:image\" content=\"https:\/\/www.facecorner.lv\/wp-content\/uploads\/2023\/08\/CP-1_Bright_Complex_Intense_Nourishing_Shampoo.webp\" \/>\n\t<meta property=\"og:image:width\" content=\"1200\" \/>\n\t<meta property=\"og:image:height\" content=\"1200\" \/>\n\t<meta property=\"og:image:type\" content=\"image\/webp\" \/>\n<meta name=\"twitter:card\" content=\"summary_large_image\" \/>\n<meta name=\"twitter:label1\" content=\"Availability\" \/>\n\t<meta name=\"twitter:data1\" content=\"In stock\" \/>\n<script type=\"application\/ld+json\" class=\"yoast-schema-graph\">{\"@context\":\"https:\\\/\\\/schema.org\",\"@graph\":[{\"@type\":\"WebPage\",\"@id\":\"https:\\\/\\\/www.facecorner.lv\\\/shop\\\/esthetic-house-cp-1-bright-complex-intense-nourishing-shampoo-500ml\\\/\",\"url\":\"https:\\\/\\\/www.facecorner.lv\\\/shop\\\/esthetic-house-cp-1-bright-complex-intense-nourishing-shampoo-500ml\\\/\",\"name\":\"ESTHETIC HOUSE CP-1 BRIGHT COMPLEX INTENSE NOURISHING SHAMPOO prote\u012bna \u0161amp\u016bns ar kolag\u0113nu 100\\\/500ml - FACECORNER\",\"isPartOf\":{\"@id\":\"https:\\\/\\\/www.facecorner.lv\\\/#website\"},\"primaryImageOfPage\":{\"@id\":\"https:\\\/\\\/www.facecorner.lv\\\/shop\\\/esthetic-house-cp-1-bright-complex-intense-nourishing-shampoo-500ml\\\/#primaryimage\"},\"image\":{\"@id\":\"https:\\\/\\\/www.facecorner.lv\\\/shop\\\/esthetic-house-cp-1-bright-complex-intense-nourishing-shampoo-500ml\\\/#primaryimage\"},\"thumbnailUrl\":\"https:\\\/\\\/www.facecorner.lv\\\/wp-content\\\/uploads\\\/2023\\\/08\\\/CP-1_Bright_Complex_Intense_Nourishing_Shampoo.webp\",\"datePublished\":\"2023-08-10T07:47:02+00:00\",\"dateModified\":\"2026-05-06T10:36:23+00:00\",\"breadcrumb\":{\"@id\":\"https:\\\/\\\/www.facecorner.lv\\\/shop\\\/esthetic-house-cp-1-bright-complex-intense-nourishing-shampoo-500ml\\\/#breadcrumb\"},\"inLanguage\":\"lv-LV\",\"potentialAction\":[{\"@type\":\"ReadAction\",\"target\":[\"https:\\\/\\\/www.facecorner.lv\\\/shop\\\/esthetic-house-cp-1-bright-complex-intense-nourishing-shampoo-500ml\\\/\"]}]},{\"@type\":\"ImageObject\",\"inLanguage\":\"lv-LV\",\"@id\":\"https:\\\/\\\/www.facecorner.lv\\\/shop\\\/esthetic-house-cp-1-bright-complex-intense-nourishing-shampoo-500ml\\\/#primaryimage\",\"url\":\"https:\\\/\\\/www.facecorner.lv\\\/wp-content\\\/uploads\\\/2023\\\/08\\\/CP-1_Bright_Complex_Intense_Nourishing_Shampoo.webp\",\"contentUrl\":\"https:\\\/\\\/www.facecorner.lv\\\/wp-content\\\/uploads\\\/2023\\\/08\\\/CP-1_Bright_Complex_Intense_Nourishing_Shampoo.webp\",\"width\":1200,\"height\":1200},{\"@type\":\"BreadcrumbList\",\"@id\":\"https:\\\/\\\/www.facecorner.lv\\\/shop\\\/esthetic-house-cp-1-bright-complex-intense-nourishing-shampoo-500ml\\\/#breadcrumb\",\"itemListElement\":[{\"@type\":\"ListItem\",\"position\":1,\"name\":\"Home\",\"item\":\"https:\\\/\\\/www.facecorner.lv\\\/\"},{\"@type\":\"ListItem\",\"position\":2,\"name\":\"Veikals\",\"item\":\"https:\\\/\\\/www.facecorner.lv\\\/shop\\\/\"},{\"@type\":\"ListItem\",\"position\":3,\"name\":\"ESTHETIC HOUSE CP-1 BRIGHT COMPLEX INTENSE NOURISHING SHAMPOO prote\u012bna \u0161amp\u016bns ar kolag\u0113nu 100\\\/500ml\"}]},{\"@type\":\"WebSite\",\"@id\":\"https:\\\/\\\/www.facecorner.lv\\\/#website\",\"url\":\"https:\\\/\\\/www.facecorner.lv\\\/\",\"name\":\"Facecorner\",\"description\":\"\",\"publisher\":{\"@id\":\"https:\\\/\\\/www.facecorner.lv\\\/#organization\"},\"potentialAction\":[{\"@type\":\"SearchAction\",\"target\":{\"@type\":\"EntryPoint\",\"urlTemplate\":\"https:\\\/\\\/www.facecorner.lv\\\/?s={search_term_string}\"},\"query-input\":{\"@type\":\"PropertyValueSpecification\",\"valueRequired\":true,\"valueName\":\"search_term_string\"}}],\"inLanguage\":\"lv-LV\"},{\"@type\":\"Organization\",\"@id\":\"https:\\\/\\\/www.facecorner.lv\\\/#organization\",\"name\":\"Facecorner\",\"url\":\"https:\\\/\\\/www.facecorner.lv\\\/\",\"logo\":{\"@type\":\"ImageObject\",\"inLanguage\":\"lv-LV\",\"@id\":\"https:\\\/\\\/www.facecorner.lv\\\/#\\\/schema\\\/logo\\\/image\\\/\",\"url\":\"https:\\\/\\\/www.facecorner.lv\\\/wp-content\\\/uploads\\\/2024\\\/04\\\/fc-logo.jpg\",\"contentUrl\":\"https:\\\/\\\/www.facecorner.lv\\\/wp-content\\\/uploads\\\/2024\\\/04\\\/fc-logo.jpg\",\"width\":174,\"height\":28,\"caption\":\"Facecorner\"},\"image\":{\"@id\":\"https:\\\/\\\/www.facecorner.lv\\\/#\\\/schema\\\/logo\\\/image\\\/\"},\"sameAs\":[\"https:\\\/\\\/www.facebook.com\\\/profile.php?id=100063824551839\",\"https:\\\/\\\/www.instagram.com\\\/facecorner_shop\\\/\"]}]}<\/script>\n<meta property=\"og:availability\" content=\"instock\" \/>\n<meta property=\"product:availability\" content=\"instock\" \/>\n<meta property=\"product:condition\" content=\"new\" \/>\n<!-- \/ Yoast SEO plugin. -->","yoast_head_json":{"title":"ESTHETIC HOUSE CP-1 BRIGHT COMPLEX INTENSE NOURISHING SHAMPOO prote\u012bna \u0161amp\u016bns ar kolag\u0113nu 100\/500ml - FACECORNER","robots":{"index":"index","follow":"follow","max-snippet":"max-snippet:-1","max-image-preview":"max-image-preview:large","max-video-preview":"max-video-preview:-1"},"canonical":"https:\/\/www.facecorner.lv\/lv\/shop\/esthetic-house-cp-1-bright-complex-intense-nourishing-shampoo-500ml\/","og_locale":"lv_LV","og_type":"article","og_title":"ESTHETIC HOUSE CP-1 BRIGHT COMPLEX INTENSE NOURISHING SHAMPOO prote\u012bna \u0161amp\u016bns ar kolag\u0113nu 100\/500ml - FACECORNER","og_description":"Esthetic House CP-1 Bright Complex Intense Nourishing Shampoo &#8211; prote\u012bna \u0161amp\u016bns ar kolag\u0113nu. Paredz\u0113ts m\u0101jas matu kop\u0161anai un proced\u016br\u0101m salonos.\u00a0\u0160amp\u016bns ir piem\u0113rots jebkura veida matiem, var tikt izmantots, lai nov\u0113rstu probl\u0113mas un atjaunotu matus, kas boj\u0101ti kr\u0101so\u0161anas, ilgvi\u013c\u0146u vai nepareizas kop\u0161anas rezult\u0101t\u0101. \u0160amp\u016bnu var lietot katru dienu: tas &#8220;netauko&#8221; matus un neat\u0146em tiem apjomu, regul\u0101ri [&hellip;]","og_url":"https:\/\/www.facecorner.lv\/lv\/shop\/esthetic-house-cp-1-bright-complex-intense-nourishing-shampoo-500ml\/","og_site_name":"FACECORNER","article_publisher":"https:\/\/www.facebook.com\/profile.php?id=100063824551839","article_modified_time":"2026-05-06T10:36:23+00:00","og_image":[{"width":1200,"height":1200,"url":"https:\/\/www.facecorner.lv\/wp-content\/uploads\/2023\/08\/CP-1_Bright_Complex_Intense_Nourishing_Shampoo.webp","type":"image\/webp"}],"twitter_card":"summary_large_image","twitter_misc":{"Availability":"In stock"},"schema":{"@context":"https:\/\/schema.org","@graph":[{"@type":"WebPage","@id":"https:\/\/www.facecorner.lv\/shop\/esthetic-house-cp-1-bright-complex-intense-nourishing-shampoo-500ml\/","url":"https:\/\/www.facecorner.lv\/shop\/esthetic-house-cp-1-bright-complex-intense-nourishing-shampoo-500ml\/","name":"ESTHETIC HOUSE CP-1 BRIGHT COMPLEX INTENSE NOURISHING SHAMPOO prote\u012bna \u0161amp\u016bns ar kolag\u0113nu 100\/500ml - FACECORNER","isPartOf":{"@id":"https:\/\/www.facecorner.lv\/#website"},"primaryImageOfPage":{"@id":"https:\/\/www.facecorner.lv\/shop\/esthetic-house-cp-1-bright-complex-intense-nourishing-shampoo-500ml\/#primaryimage"},"image":{"@id":"https:\/\/www.facecorner.lv\/shop\/esthetic-house-cp-1-bright-complex-intense-nourishing-shampoo-500ml\/#primaryimage"},"thumbnailUrl":"https:\/\/www.facecorner.lv\/wp-content\/uploads\/2023\/08\/CP-1_Bright_Complex_Intense_Nourishing_Shampoo.webp","datePublished":"2023-08-10T07:47:02+00:00","dateModified":"2026-05-06T10:36:23+00:00","breadcrumb":{"@id":"https:\/\/www.facecorner.lv\/shop\/esthetic-house-cp-1-bright-complex-intense-nourishing-shampoo-500ml\/#breadcrumb"},"inLanguage":"lv-LV","potentialAction":[{"@type":"ReadAction","target":["https:\/\/www.facecorner.lv\/shop\/esthetic-house-cp-1-bright-complex-intense-nourishing-shampoo-500ml\/"]}]},{"@type":"ImageObject","inLanguage":"lv-LV","@id":"https:\/\/www.facecorner.lv\/shop\/esthetic-house-cp-1-bright-complex-intense-nourishing-shampoo-500ml\/#primaryimage","url":"https:\/\/www.facecorner.lv\/wp-content\/uploads\/2023\/08\/CP-1_Bright_Complex_Intense_Nourishing_Shampoo.webp","contentUrl":"https:\/\/www.facecorner.lv\/wp-content\/uploads\/2023\/08\/CP-1_Bright_Complex_Intense_Nourishing_Shampoo.webp","width":1200,"height":1200},{"@type":"BreadcrumbList","@id":"https:\/\/www.facecorner.lv\/shop\/esthetic-house-cp-1-bright-complex-intense-nourishing-shampoo-500ml\/#breadcrumb","itemListElement":[{"@type":"ListItem","position":1,"name":"Home","item":"https:\/\/www.facecorner.lv\/"},{"@type":"ListItem","position":2,"name":"Veikals","item":"https:\/\/www.facecorner.lv\/shop\/"},{"@type":"ListItem","position":3,"name":"ESTHETIC HOUSE CP-1 BRIGHT COMPLEX INTENSE NOURISHING SHAMPOO prote\u012bna \u0161amp\u016bns ar kolag\u0113nu 100\/500ml"}]},{"@type":"WebSite","@id":"https:\/\/www.facecorner.lv\/#website","url":"https:\/\/www.facecorner.lv\/","name":"Facecorner","description":"","publisher":{"@id":"https:\/\/www.facecorner.lv\/#organization"},"potentialAction":[{"@type":"SearchAction","target":{"@type":"EntryPoint","urlTemplate":"https:\/\/www.facecorner.lv\/?s={search_term_string}"},"query-input":{"@type":"PropertyValueSpecification","valueRequired":true,"valueName":"search_term_string"}}],"inLanguage":"lv-LV"},{"@type":"Organization","@id":"https:\/\/www.facecorner.lv\/#organization","name":"Facecorner","url":"https:\/\/www.facecorner.lv\/","logo":{"@type":"ImageObject","inLanguage":"lv-LV","@id":"https:\/\/www.facecorner.lv\/#\/schema\/logo\/image\/","url":"https:\/\/www.facecorner.lv\/wp-content\/uploads\/2024\/04\/fc-logo.jpg","contentUrl":"https:\/\/www.facecorner.lv\/wp-content\/uploads\/2024\/04\/fc-logo.jpg","width":174,"height":28,"caption":"Facecorner"},"image":{"@id":"https:\/\/www.facecorner.lv\/#\/schema\/logo\/image\/"},"sameAs":["https:\/\/www.facebook.com\/profile.php?id=100063824551839","https:\/\/www.instagram.com\/facecorner_shop\/"]}]},"og_availability":"instock","product_availability":"instock","product_condition":"new"},"_links":{"self":[{"href":"https:\/\/www.facecorner.lv\/lv\/wp-json\/wp\/v2\/product\/11848","targetHints":{"allow":["GET"]}}],"collection":[{"href":"https:\/\/www.facecorner.lv\/lv\/wp-json\/wp\/v2\/product"}],"about":[{"href":"https:\/\/www.facecorner.lv\/lv\/wp-json\/wp\/v2\/types\/product"}],"replies":[{"embeddable":true,"href":"https:\/\/www.facecorner.lv\/lv\/wp-json\/wp\/v2\/comments?post=11848"}],"wp:featuredmedia":[{"embeddable":true,"href":"https:\/\/www.facecorner.lv\/lv\/wp-json\/wp\/v2\/media\/11849"}],"wp:attachment":[{"href":"https:\/\/www.facecorner.lv\/lv\/wp-json\/wp\/v2\/media?parent=11848"}],"wp:term":[{"taxonomy":"product_brand","embeddable":true,"href":"https:\/\/www.facecorner.lv\/lv\/wp-json\/wp\/v2\/product_brand?post=11848"},{"taxonomy":"product_cat","embeddable":true,"href":"https:\/\/www.facecorner.lv\/lv\/wp-json\/wp\/v2\/product_cat?post=11848"},{"taxonomy":"product_tag","embeddable":true,"href":"https:\/\/www.facecorner.lv\/lv\/wp-json\/wp\/v2\/product_tag?post=11848"},{"taxonomy":"berocket_brand","embeddable":true,"href":"https:\/\/www.facecorner.lv\/lv\/wp-json\/wp\/v2\/berocket_brand?post=11848"}],"curies":[{"name":"wp","href":"https:\/\/api.w.org\/{rel}","templated":true}]}}