{"id":11744,"date":"2023-08-01T10:15:09","date_gmt":"2023-08-01T08:15:09","guid":{"rendered":"https:\/\/www.facecorner.lv\/?post_type=product&#038;p=11744"},"modified":"2025-03-04T15:24:37","modified_gmt":"2025-03-04T12:24:37","slug":"hanskin-vitamin-c-glow-mask-70ml","status":"publish","type":"product","link":"https:\/\/www.facecorner.lv\/lv\/shop\/hanskin-vitamin-c-glow-mask-70ml\/","title":{"rendered":"HANSKIN Vitamin C Glow Mask 70ml"},"content":{"rendered":"<p>HANSKIN C vitam\u012bna mirdzuma maska \u200b\u200b70ml C vitam\u012bns izgaismo vecuma plankumus un padara \u0101das toni vienm\u0113r\u012bg\u0101ku. Kaol\u012bns un benton\u012bta m\u0101li pal\u012bdz sa\u0161aurin\u0101t poras un absorb\u0113t lieko e\u013c\u013cu. N\u0101trija hialuron\u0101ts nov\u0113r\u0161 sausumu un padara \u0101du maigu, hidrat\u0113tu un mitrin\u0101tu. Piem\u0113rots visiem \u0101das tipiem.<\/p>\n<p><strong>Galven\u0101s akt\u012bv\u0101s sast\u0101vda\u013cas:<\/strong><\/p>\n<ul>\n<li>Kaol\u012bna m\u0101ls\u00a0Pal\u012bdz kontrol\u0113t taukus un atbr\u012bvot poras<\/li>\n<li><span style=\"color: var(--g5-color-text-main); font-family: var(--g5-body-font); font-size: var(--g5-body-font-size); font-style: var(--g5-body-font-style); letter-spacing: var(--g5-body-letter-spacing); text-transform: var(--g5-body-text-transform);\">Marokas lavas m\u0101ls\u00a0<\/span><span style=\"color: var(--g5-color-text-main); font-family: var(--g5-body-font); font-size: var(--g5-body-font-size); font-style: var(--g5-body-font-style); letter-spacing: var(--g5-body-letter-spacing); text-transform: var(--g5-body-text-transform);\">Ar miner\u0101lviel\u0101m bag\u0101ti m\u0101li, kas l\u012bdzsvaro \u0101du, to nesausinot<\/span><\/li>\n<li>C vitam\u012bns (askorb\u012bnsk\u0101be)\u00a0Sp\u0113c\u012bgs antioksidants, kas uzlabo smalko grumbi\u0146u, tum\u0161o plankumu izskatu un nevienm\u0113r\u012bgu \u0101das toni<\/li>\n<\/ul>\n<p><strong>Priek\u0161roc\u012bbas:<\/strong><\/p>\n<ul>\n<li>satur C vitam\u012bnu<\/li>\n<li>dzi\u013ca poru att\u012br\u012b\u0161ana<\/li>\n<li>\u00a0izgaismo pigmenta plankumus<\/li>\n<\/ul>\n<p><strong>Lieto\u0161anas veids:<\/strong><\/p>\n<p>Uzkl\u0101jiet pl\u0101nu k\u0101rtu uz t\u012bras, sausas \u0101das, izvairoties no acu zonas. \u013baujiet no\u017e\u016bt 15-20 min\u016btes, p\u0113c tam r\u016bp\u012bgi noskalojiet ar siltu \u016bdeni.<\/p>\n<p><strong>S\u0101stavs: \u00a0<\/strong>Water, Kaolin, Glycerin, Bentonite, Palmitic Acid, 1,2-Hexanediol, Chlorella Vulgaris Extract, Zea Mays (Corn) Starch, Sodium Hyaluronate, Citrus Paradisi (Grapefruit) Fruit Extract, Stearic Acid, Cetyl Ethylhexanoate, Glyceryl Stearate SE, Glucose, Butylene Glycol, Ethylhexylglycerin, Caprylyl Glycol, Fructooligosaccharides, Fructose, Magnesium Aluminum Silicate, Microcrystalline Cellulose, Mannitol, Sucrose, Myristic Acid, Arachidic Acid, Tocopheryl Acetate, Lauric Acid, Oleic Acid, Tocopherol, Ascorbic Acid, Cetearyl Alcohol, Xanthan Gum, Disodium EDTA, Iron Oxides (CI 77492)<\/p>\n","protected":false},"excerpt":{"rendered":"<p>HANSKIN C vitam\u012bna mirdzuma maska \u200b\u200b70ml C vitam\u012bns izgaismo vecuma plankumus un padara \u0101das toni vienm\u0113r\u012bg\u0101ku. Kaol\u012bns un benton\u012bta m\u0101li pal\u012bdz sa\u0161aurin\u0101t poras un absorb\u0113t lieko e\u013c\u013cu. N\u0101trija hialuron\u0101ts nov\u0113r\u0161 sausumu un padara \u0101du maigu, hidrat\u0113tu un mitrin\u0101tu. Piem\u0113rots visiem \u0101das tipiem. Galven\u0101s akt\u012bv\u0101s sast\u0101vda\u013cas: Kaol\u012bna m\u0101ls\u00a0Pal\u012bdz kontrol\u0113t taukus un atbr\u012bvot poras Marokas lavas m\u0101ls\u00a0Ar [&hellip;]<\/p>\n","protected":false},"featured_media":11746,"comment_status":"open","ping_status":"closed","template":"","meta":{"site-sidebar-layout":"default","site-content-layout":"","ast-site-content-layout":"","site-content-style":"default","site-sidebar-style":"default","ast-global-header-display":"","ast-banner-title-visibility":"","ast-main-header-display":"","ast-hfb-above-header-display":"","ast-hfb-below-header-display":"","ast-hfb-mobile-header-display":"","site-post-title":"","ast-breadcrumbs-content":"","ast-featured-img":"","footer-sml-layout":"","theme-transparent-header-meta":"","adv-header-id-meta":"","stick-header-meta":"","header-above-stick-meta":"","header-main-stick-meta":"","header-below-stick-meta":"","astra-migrate-meta-layouts":"default","ast-page-background-enabled":"default","ast-page-background-meta":{"desktop":{"background-color":"var(--ast-global-color-4)","background-image":"","background-repeat":"repeat","background-position":"center center","background-size":"auto","background-attachment":"scroll","background-type":"","background-media":"","overlay-type":"","overlay-color":"","overlay-opacity":"","overlay-gradient":""},"tablet":{"background-color":"","background-image":"","background-repeat":"repeat","background-position":"center center","background-size":"auto","background-attachment":"scroll","background-type":"","background-media":"","overlay-type":"","overlay-color":"","overlay-opacity":"","overlay-gradient":""},"mobile":{"background-color":"","background-image":"","background-repeat":"repeat","background-position":"center center","background-size":"auto","background-attachment":"scroll","background-type":"","background-media":"","overlay-type":"","overlay-color":"","overlay-opacity":"","overlay-gradient":""}},"ast-content-background-meta":{"desktop":{"background-color":"var(--ast-global-color-5)","background-image":"","background-repeat":"repeat","background-position":"center center","background-size":"auto","background-attachment":"scroll","background-type":"","background-media":"","overlay-type":"","overlay-color":"","overlay-opacity":"","overlay-gradient":""},"tablet":{"background-color":"var(--ast-global-color-5)","background-image":"","background-repeat":"repeat","background-position":"center center","background-size":"auto","background-attachment":"scroll","background-type":"","background-media":"","overlay-type":"","overlay-color":"","overlay-opacity":"","overlay-gradient":""},"mobile":{"background-color":"var(--ast-global-color-5)","background-image":"","background-repeat":"repeat","background-position":"center center","background-size":"auto","background-attachment":"scroll","background-type":"","background-media":"","overlay-type":"","overlay-color":"","overlay-opacity":"","overlay-gradient":""}}},"product_brand":[],"product_cat":[316,380,315,326,381,379],"product_tag":[],"berocket_brand":[],"class_list":{"0":"post-11744","1":"product","2":"type-product","3":"status-publish","4":"has-post-thumbnail","6":"product_cat-attirosas","7":"product_cat-kombinetai-adai","8":"product_cat-maskas","9":"product_cat-mitrinosas","10":"product_cat-problematiskai-un-taukainai-adai","11":"product_cat-sausai-adai-anti-age","12":"desktop-align-left","13":"tablet-align-left","14":"mobile-align-left","16":"first","17":"instock","18":"taxable","19":"shipping-taxable","20":"purchasable","21":"product-type-simple","22":"add-to-wishlist-before_image"},"yoast_head":"<!-- This site is optimized with the Yoast SEO plugin v27.3 - https:\/\/yoast.com\/product\/yoast-seo-wordpress\/ -->\n<title>HANSKIN Vitamin C Glow Mask 70ml - FACECORNER<\/title>\n<meta name=\"robots\" content=\"index, follow, max-snippet:-1, max-image-preview:large, max-video-preview:-1\" \/>\n<link rel=\"canonical\" href=\"https:\/\/www.facecorner.lv\/lv\/shop\/hanskin-vitamin-c-glow-mask-70ml\/\" \/>\n<meta property=\"og:locale\" content=\"lv_LV\" \/>\n<meta property=\"og:type\" content=\"article\" \/>\n<meta property=\"og:title\" content=\"HANSKIN Vitamin C Glow Mask 70ml - FACECORNER\" \/>\n<meta property=\"og:description\" content=\"HANSKIN C vitam\u012bna mirdzuma maska \u200b\u200b70ml C vitam\u012bns izgaismo vecuma plankumus un padara \u0101das toni vienm\u0113r\u012bg\u0101ku. Kaol\u012bns un benton\u012bta m\u0101li pal\u012bdz sa\u0161aurin\u0101t poras un absorb\u0113t lieko e\u013c\u013cu. N\u0101trija hialuron\u0101ts nov\u0113r\u0161 sausumu un padara \u0101du maigu, hidrat\u0113tu un mitrin\u0101tu. Piem\u0113rots visiem \u0101das tipiem. Galven\u0101s akt\u012bv\u0101s sast\u0101vda\u013cas: Kaol\u012bna m\u0101ls\u00a0Pal\u012bdz kontrol\u0113t taukus un atbr\u012bvot poras Marokas lavas m\u0101ls\u00a0Ar [&hellip;]\" \/>\n<meta property=\"og:url\" content=\"https:\/\/www.facecorner.lv\/lv\/shop\/hanskin-vitamin-c-glow-mask-70ml\/\" \/>\n<meta property=\"og:site_name\" content=\"FACECORNER\" \/>\n<meta property=\"article:publisher\" content=\"https:\/\/www.facebook.com\/profile.php?id=100063824551839\" \/>\n<meta property=\"article:modified_time\" content=\"2025-03-04T12:24:37+00:00\" \/>\n<meta property=\"og:image\" content=\"https:\/\/www.facecorner.lv\/wp-content\/uploads\/2023\/08\/71FQlw7P2fL._AC_UF10001000_QL80_.jpeg\" \/>\n\t<meta property=\"og:image:width\" content=\"1000\" \/>\n\t<meta property=\"og:image:height\" content=\"1000\" \/>\n\t<meta property=\"og:image:type\" content=\"image\/jpeg\" \/>\n<meta name=\"twitter:card\" content=\"summary_large_image\" \/>\n<meta name=\"twitter:label1\" content=\"Price\" \/>\n\t<meta name=\"twitter:data1\" content=\"&euro;28.00\" \/>\n\t<meta name=\"twitter:label2\" content=\"Availability\" \/>\n\t<meta name=\"twitter:data2\" content=\"In stock\" \/>\n<script type=\"application\/ld+json\" class=\"yoast-schema-graph\">{\"@context\":\"https:\\\/\\\/schema.org\",\"@graph\":[{\"@type\":\"WebPage\",\"@id\":\"https:\\\/\\\/www.facecorner.lv\\\/shop\\\/hanskin-vitamin-c-glow-mask-70ml\\\/\",\"url\":\"https:\\\/\\\/www.facecorner.lv\\\/shop\\\/hanskin-vitamin-c-glow-mask-70ml\\\/\",\"name\":\"HANSKIN Vitamin C Glow Mask 70ml - FACECORNER\",\"isPartOf\":{\"@id\":\"https:\\\/\\\/www.facecorner.lv\\\/#website\"},\"primaryImageOfPage\":{\"@id\":\"https:\\\/\\\/www.facecorner.lv\\\/shop\\\/hanskin-vitamin-c-glow-mask-70ml\\\/#primaryimage\"},\"image\":{\"@id\":\"https:\\\/\\\/www.facecorner.lv\\\/shop\\\/hanskin-vitamin-c-glow-mask-70ml\\\/#primaryimage\"},\"thumbnailUrl\":\"https:\\\/\\\/www.facecorner.lv\\\/wp-content\\\/uploads\\\/2023\\\/08\\\/71FQlw7P2fL._AC_UF10001000_QL80_.jpeg\",\"datePublished\":\"2023-08-01T08:15:09+00:00\",\"dateModified\":\"2025-03-04T12:24:37+00:00\",\"breadcrumb\":{\"@id\":\"https:\\\/\\\/www.facecorner.lv\\\/shop\\\/hanskin-vitamin-c-glow-mask-70ml\\\/#breadcrumb\"},\"inLanguage\":\"lv-LV\",\"potentialAction\":[{\"@type\":\"ReadAction\",\"target\":[\"https:\\\/\\\/www.facecorner.lv\\\/shop\\\/hanskin-vitamin-c-glow-mask-70ml\\\/\"]}]},{\"@type\":\"ImageObject\",\"inLanguage\":\"lv-LV\",\"@id\":\"https:\\\/\\\/www.facecorner.lv\\\/shop\\\/hanskin-vitamin-c-glow-mask-70ml\\\/#primaryimage\",\"url\":\"https:\\\/\\\/www.facecorner.lv\\\/wp-content\\\/uploads\\\/2023\\\/08\\\/71FQlw7P2fL._AC_UF10001000_QL80_.jpeg\",\"contentUrl\":\"https:\\\/\\\/www.facecorner.lv\\\/wp-content\\\/uploads\\\/2023\\\/08\\\/71FQlw7P2fL._AC_UF10001000_QL80_.jpeg\",\"width\":1000,\"height\":1000},{\"@type\":\"BreadcrumbList\",\"@id\":\"https:\\\/\\\/www.facecorner.lv\\\/shop\\\/hanskin-vitamin-c-glow-mask-70ml\\\/#breadcrumb\",\"itemListElement\":[{\"@type\":\"ListItem\",\"position\":1,\"name\":\"Home\",\"item\":\"https:\\\/\\\/www.facecorner.lv\\\/\"},{\"@type\":\"ListItem\",\"position\":2,\"name\":\"Veikals\",\"item\":\"https:\\\/\\\/www.facecorner.lv\\\/shop\\\/\"},{\"@type\":\"ListItem\",\"position\":3,\"name\":\"HANSKIN Vitamin C Glow Mask 70ml\"}]},{\"@type\":\"WebSite\",\"@id\":\"https:\\\/\\\/www.facecorner.lv\\\/#website\",\"url\":\"https:\\\/\\\/www.facecorner.lv\\\/\",\"name\":\"Facecorner\",\"description\":\"\",\"publisher\":{\"@id\":\"https:\\\/\\\/www.facecorner.lv\\\/#organization\"},\"potentialAction\":[{\"@type\":\"SearchAction\",\"target\":{\"@type\":\"EntryPoint\",\"urlTemplate\":\"https:\\\/\\\/www.facecorner.lv\\\/?s={search_term_string}\"},\"query-input\":{\"@type\":\"PropertyValueSpecification\",\"valueRequired\":true,\"valueName\":\"search_term_string\"}}],\"inLanguage\":\"lv-LV\"},{\"@type\":\"Organization\",\"@id\":\"https:\\\/\\\/www.facecorner.lv\\\/#organization\",\"name\":\"Facecorner\",\"url\":\"https:\\\/\\\/www.facecorner.lv\\\/\",\"logo\":{\"@type\":\"ImageObject\",\"inLanguage\":\"lv-LV\",\"@id\":\"https:\\\/\\\/www.facecorner.lv\\\/#\\\/schema\\\/logo\\\/image\\\/\",\"url\":\"https:\\\/\\\/www.facecorner.lv\\\/wp-content\\\/uploads\\\/2024\\\/04\\\/fc-logo.jpg\",\"contentUrl\":\"https:\\\/\\\/www.facecorner.lv\\\/wp-content\\\/uploads\\\/2024\\\/04\\\/fc-logo.jpg\",\"width\":174,\"height\":28,\"caption\":\"Facecorner\"},\"image\":{\"@id\":\"https:\\\/\\\/www.facecorner.lv\\\/#\\\/schema\\\/logo\\\/image\\\/\"},\"sameAs\":[\"https:\\\/\\\/www.facebook.com\\\/profile.php?id=100063824551839\",\"https:\\\/\\\/www.instagram.com\\\/facecorner_shop\\\/\"]}]}<\/script>\n<meta property=\"product:price:amount\" content=\"28.00\" \/>\n<meta property=\"product:price:currency\" content=\"EUR\" \/>\n<meta property=\"og:availability\" content=\"instock\" \/>\n<meta property=\"product:availability\" content=\"instock\" \/>\n<meta property=\"product:condition\" content=\"new\" \/>\n<!-- \/ Yoast SEO plugin. -->","yoast_head_json":{"title":"HANSKIN Vitamin C Glow Mask 70ml - FACECORNER","robots":{"index":"index","follow":"follow","max-snippet":"max-snippet:-1","max-image-preview":"max-image-preview:large","max-video-preview":"max-video-preview:-1"},"canonical":"https:\/\/www.facecorner.lv\/lv\/shop\/hanskin-vitamin-c-glow-mask-70ml\/","og_locale":"lv_LV","og_type":"article","og_title":"HANSKIN Vitamin C Glow Mask 70ml - FACECORNER","og_description":"HANSKIN C vitam\u012bna mirdzuma maska \u200b\u200b70ml C vitam\u012bns izgaismo vecuma plankumus un padara \u0101das toni vienm\u0113r\u012bg\u0101ku. Kaol\u012bns un benton\u012bta m\u0101li pal\u012bdz sa\u0161aurin\u0101t poras un absorb\u0113t lieko e\u013c\u013cu. N\u0101trija hialuron\u0101ts nov\u0113r\u0161 sausumu un padara \u0101du maigu, hidrat\u0113tu un mitrin\u0101tu. Piem\u0113rots visiem \u0101das tipiem. Galven\u0101s akt\u012bv\u0101s sast\u0101vda\u013cas: Kaol\u012bna m\u0101ls\u00a0Pal\u012bdz kontrol\u0113t taukus un atbr\u012bvot poras Marokas lavas m\u0101ls\u00a0Ar [&hellip;]","og_url":"https:\/\/www.facecorner.lv\/lv\/shop\/hanskin-vitamin-c-glow-mask-70ml\/","og_site_name":"FACECORNER","article_publisher":"https:\/\/www.facebook.com\/profile.php?id=100063824551839","article_modified_time":"2025-03-04T12:24:37+00:00","og_image":[{"width":1000,"height":1000,"url":"https:\/\/www.facecorner.lv\/wp-content\/uploads\/2023\/08\/71FQlw7P2fL._AC_UF10001000_QL80_.jpeg","type":"image\/jpeg"}],"twitter_card":"summary_large_image","twitter_misc":{"Price":"&euro;28.00","Availability":"In stock"},"schema":{"@context":"https:\/\/schema.org","@graph":[{"@type":"WebPage","@id":"https:\/\/www.facecorner.lv\/shop\/hanskin-vitamin-c-glow-mask-70ml\/","url":"https:\/\/www.facecorner.lv\/shop\/hanskin-vitamin-c-glow-mask-70ml\/","name":"HANSKIN Vitamin C Glow Mask 70ml - FACECORNER","isPartOf":{"@id":"https:\/\/www.facecorner.lv\/#website"},"primaryImageOfPage":{"@id":"https:\/\/www.facecorner.lv\/shop\/hanskin-vitamin-c-glow-mask-70ml\/#primaryimage"},"image":{"@id":"https:\/\/www.facecorner.lv\/shop\/hanskin-vitamin-c-glow-mask-70ml\/#primaryimage"},"thumbnailUrl":"https:\/\/www.facecorner.lv\/wp-content\/uploads\/2023\/08\/71FQlw7P2fL._AC_UF10001000_QL80_.jpeg","datePublished":"2023-08-01T08:15:09+00:00","dateModified":"2025-03-04T12:24:37+00:00","breadcrumb":{"@id":"https:\/\/www.facecorner.lv\/shop\/hanskin-vitamin-c-glow-mask-70ml\/#breadcrumb"},"inLanguage":"lv-LV","potentialAction":[{"@type":"ReadAction","target":["https:\/\/www.facecorner.lv\/shop\/hanskin-vitamin-c-glow-mask-70ml\/"]}]},{"@type":"ImageObject","inLanguage":"lv-LV","@id":"https:\/\/www.facecorner.lv\/shop\/hanskin-vitamin-c-glow-mask-70ml\/#primaryimage","url":"https:\/\/www.facecorner.lv\/wp-content\/uploads\/2023\/08\/71FQlw7P2fL._AC_UF10001000_QL80_.jpeg","contentUrl":"https:\/\/www.facecorner.lv\/wp-content\/uploads\/2023\/08\/71FQlw7P2fL._AC_UF10001000_QL80_.jpeg","width":1000,"height":1000},{"@type":"BreadcrumbList","@id":"https:\/\/www.facecorner.lv\/shop\/hanskin-vitamin-c-glow-mask-70ml\/#breadcrumb","itemListElement":[{"@type":"ListItem","position":1,"name":"Home","item":"https:\/\/www.facecorner.lv\/"},{"@type":"ListItem","position":2,"name":"Veikals","item":"https:\/\/www.facecorner.lv\/shop\/"},{"@type":"ListItem","position":3,"name":"HANSKIN Vitamin C Glow Mask 70ml"}]},{"@type":"WebSite","@id":"https:\/\/www.facecorner.lv\/#website","url":"https:\/\/www.facecorner.lv\/","name":"Facecorner","description":"","publisher":{"@id":"https:\/\/www.facecorner.lv\/#organization"},"potentialAction":[{"@type":"SearchAction","target":{"@type":"EntryPoint","urlTemplate":"https:\/\/www.facecorner.lv\/?s={search_term_string}"},"query-input":{"@type":"PropertyValueSpecification","valueRequired":true,"valueName":"search_term_string"}}],"inLanguage":"lv-LV"},{"@type":"Organization","@id":"https:\/\/www.facecorner.lv\/#organization","name":"Facecorner","url":"https:\/\/www.facecorner.lv\/","logo":{"@type":"ImageObject","inLanguage":"lv-LV","@id":"https:\/\/www.facecorner.lv\/#\/schema\/logo\/image\/","url":"https:\/\/www.facecorner.lv\/wp-content\/uploads\/2024\/04\/fc-logo.jpg","contentUrl":"https:\/\/www.facecorner.lv\/wp-content\/uploads\/2024\/04\/fc-logo.jpg","width":174,"height":28,"caption":"Facecorner"},"image":{"@id":"https:\/\/www.facecorner.lv\/#\/schema\/logo\/image\/"},"sameAs":["https:\/\/www.facebook.com\/profile.php?id=100063824551839","https:\/\/www.instagram.com\/facecorner_shop\/"]}]},"product_price_amount":"28.00","product_price_currency":"EUR","og_availability":"instock","product_availability":"instock","product_condition":"new"},"_links":{"self":[{"href":"https:\/\/www.facecorner.lv\/lv\/wp-json\/wp\/v2\/product\/11744","targetHints":{"allow":["GET"]}}],"collection":[{"href":"https:\/\/www.facecorner.lv\/lv\/wp-json\/wp\/v2\/product"}],"about":[{"href":"https:\/\/www.facecorner.lv\/lv\/wp-json\/wp\/v2\/types\/product"}],"replies":[{"embeddable":true,"href":"https:\/\/www.facecorner.lv\/lv\/wp-json\/wp\/v2\/comments?post=11744"}],"wp:featuredmedia":[{"embeddable":true,"href":"https:\/\/www.facecorner.lv\/lv\/wp-json\/wp\/v2\/media\/11746"}],"wp:attachment":[{"href":"https:\/\/www.facecorner.lv\/lv\/wp-json\/wp\/v2\/media?parent=11744"}],"wp:term":[{"taxonomy":"product_brand","embeddable":true,"href":"https:\/\/www.facecorner.lv\/lv\/wp-json\/wp\/v2\/product_brand?post=11744"},{"taxonomy":"product_cat","embeddable":true,"href":"https:\/\/www.facecorner.lv\/lv\/wp-json\/wp\/v2\/product_cat?post=11744"},{"taxonomy":"product_tag","embeddable":true,"href":"https:\/\/www.facecorner.lv\/lv\/wp-json\/wp\/v2\/product_tag?post=11744"},{"taxonomy":"berocket_brand","embeddable":true,"href":"https:\/\/www.facecorner.lv\/lv\/wp-json\/wp\/v2\/berocket_brand?post=11744"}],"curies":[{"name":"wp","href":"https:\/\/api.w.org\/{rel}","templated":true}]}}