{"id":11726,"date":"2023-07-31T19:56:28","date_gmt":"2023-07-31T17:56:28","guid":{"rendered":"https:\/\/www.facecorner.lv\/?post_type=product&#038;p=11726"},"modified":"2023-11-30T13:25:05","modified_gmt":"2023-11-30T11:25:05","slug":"hanskin-pore-cleansing-oil-aha-300ml","status":"publish","type":"product","link":"https:\/\/www.facecorner.lv\/lv\/shop\/hanskin-pore-cleansing-oil-aha-300ml\/","title":{"rendered":"Hanskin Pore Cleansing Oil AHA 300ml"},"content":{"rendered":"<p>\u0160\u012b augu b\u0101zes hidrofil\u0101 e\u013c\u013ca, kas ir ide\u0101li piem\u0113rota sausai \u0101dai, efekt\u012bvi no\u0146em dekorat\u012bvo kosm\u0113tiku un atmiru\u0161\u0101s \u0101das \u0161\u016bnas, vienlaikus atbr\u012bvojot poras.<\/p>\n<p>Visefekt\u012bv\u0101k\u0101s AHA ir piensk\u0101be un glikolsk\u0101be.<\/p>\n<ul>\n<li>Piensk\u0101be &#8211; sniedz \u013coti maigu un maigu iedarb\u012bbu bez \u0101das kairin\u0101juma, jo t\u0101s molekulas ir pietiekami lielas, t\u0101p\u0113c t\u0101 nevar iek\u013c\u016bt dzi\u013ci \u0101d\u0101 un izrais\u012bt kairin\u0101jumu. Piensk\u0101be pal\u012bdz nostiprin\u0101t \u0101das aizsargbarjeru, palielinot dermas keram\u012bdu ra\u017eo\u0161anu un labi balina \u0101du, pal\u012bdzot c\u012bn\u012bties ar vecumu un foto-hiperpigment\u0101ciju.<\/li>\n<li>Glikolsk\u0101bei piem\u012bt pretnoveco\u0161an\u0101s, balino\u0161a iedarb\u012bba, dzi\u013ci mitrina \u0101du. Tam ir mazas molekulas un tas ies\u016bcas daudz dzi\u013c\u0101k \u0101d\u0101 nek\u0101 piens, t\u0101p\u0113c sp\u0113j nolob\u012bt saus\u0101k\u0101s un dzi\u013c\u0101k\u0101s atmiru\u0161o \u0161\u016bnu uzkr\u0101jumus.<\/li>\n<li>Visas p\u0101r\u0113j\u0101s AHA sk\u0101bes \u2013 \u0101bolsk\u0101be, citronsk\u0101be, v\u012bnsk\u0101be, pirov\u012bnsk\u0101be un fit\u012bnsk\u0101be tiek izmantotas k\u0101 efekt\u012bvas pal\u012bgvielas, uzlabojot piensk\u0101bes un gliuolsk\u0101bes \u012bpa\u0161\u012bbas.<\/li>\n<\/ul>\n<p><strong>Lieto\u0161ana:<\/strong> ar saus\u0101m rok\u0101m uz sausas sejas uzkl\u0101t l\u012bdzekli (pietiek ar 1-2 pumpi\u0146\u0101m), maigi iemas\u0113t ap\u013cveida kust\u012bb\u0101m, ar\u012b zonu ap ac\u012bm. Noskalo ar siltu \u016bdeni \u2013 e\u013c\u013ca p\u0101rv\u0113rt\u012bsies pien\u0101 un lieliski nomazg\u0101s kosm\u0113tiku. T\u0101l\u0101k nomazg\u0101jiet ar put\u0101m.<\/p>\n<p><strong>S\u0101stavs:\u00a0<\/strong>Ethylhexyl Palmitate, Mineral Oil, Helia- nthus Annuus (Sunflower) Seed Oil, PEG-20 Glyceryl Trisostearate, Caprylic\/Capric Triglyceride, 1,2-Hexanediol, Tocopheryl Acetate, Litsea Cubeba Fruit Oil, Pentaerythrityl Tetra-di-t-Butyl Hydroxyhyd rocinnamate Citrus Aurantium Dulcis (Orange) Peel Oil, sustitelia l avender) Oil, Pelargonium Graveolens avende Oil, Water, Canarium Luzonicum Gum Nonvolatiles, Rosmarinus Officinalis (Rosemary) Leaf Oil, Eucalyptus Globulus Leaf Oil, Lactic Acid(45ppm), Glycolic Acid , Citric Acid(20ppm), Aurantium Citrus Nobilis Amara Flower Oil, (Bitter Orange Camellia Japonica Seed Oil,Argania Spinosa Kernel Oil, Simmondsia Chinensis (Jojoba) Seed Butylene Glycol, Glycine, Camellia Japonica Flower Extract Flower Oil, Anthemis inhal Glycerin, Oil Lysine, Leucine, Methionine, Ficus Carica (Fig) Fruit Extract, Valine, Centella Asiatica Extract, Rhus Semialata Gall Extract, Oxygen, Ceramide NP, Sodium Hyaluronate, Cysteine, Aspartic Acid, Isoleucine, Alanine, Arginine, Tyrosine, Phenylalanine, Proline, Hyd- rogenated Lecithin, Histidine<\/p>\n","protected":false},"excerpt":{"rendered":"<p>\u0160\u012b augu b\u0101zes hidrofil\u0101 e\u013c\u013ca, kas ir ide\u0101li piem\u0113rota sausai \u0101dai, efekt\u012bvi no\u0146em dekorat\u012bvo kosm\u0113tiku un atmiru\u0161\u0101s \u0101das \u0161\u016bnas, vienlaikus atbr\u012bvojot poras. Visefekt\u012bv\u0101k\u0101s AHA ir piensk\u0101be un glikolsk\u0101be. Piensk\u0101be &#8211; sniedz \u013coti maigu un maigu iedarb\u012bbu bez \u0101das kairin\u0101juma, jo t\u0101s molekulas ir pietiekami lielas, t\u0101p\u0113c t\u0101 nevar iek\u013c\u016bt dzi\u013ci \u0101d\u0101 un izrais\u012bt kairin\u0101jumu. Piensk\u0101be [&hellip;]<\/p>\n","protected":false},"featured_media":11728,"comment_status":"open","ping_status":"closed","template":"","meta":{"site-sidebar-layout":"default","site-content-layout":"","ast-site-content-layout":"","site-content-style":"default","site-sidebar-style":"default","ast-global-header-display":"","ast-banner-title-visibility":"","ast-main-header-display":"","ast-hfb-above-header-display":"","ast-hfb-below-header-display":"","ast-hfb-mobile-header-display":"","site-post-title":"","ast-breadcrumbs-content":"","ast-featured-img":"","footer-sml-layout":"","theme-transparent-header-meta":"","adv-header-id-meta":"","stick-header-meta":"","header-above-stick-meta":"","header-main-stick-meta":"","header-below-stick-meta":"","astra-migrate-meta-layouts":"default","ast-page-background-enabled":"default","ast-page-background-meta":{"desktop":{"background-color":"var(--ast-global-color-4)","background-image":"","background-repeat":"repeat","background-position":"center center","background-size":"auto","background-attachment":"scroll","background-type":"","background-media":"","overlay-type":"","overlay-color":"","overlay-opacity":"","overlay-gradient":""},"tablet":{"background-color":"","background-image":"","background-repeat":"repeat","background-position":"center center","background-size":"auto","background-attachment":"scroll","background-type":"","background-media":"","overlay-type":"","overlay-color":"","overlay-opacity":"","overlay-gradient":""},"mobile":{"background-color":"","background-image":"","background-repeat":"repeat","background-position":"center center","background-size":"auto","background-attachment":"scroll","background-type":"","background-media":"","overlay-type":"","overlay-color":"","overlay-opacity":"","overlay-gradient":""}},"ast-content-background-meta":{"desktop":{"background-color":"var(--ast-global-color-5)","background-image":"","background-repeat":"repeat","background-position":"center center","background-size":"auto","background-attachment":"scroll","background-type":"","background-media":"","overlay-type":"","overlay-color":"","overlay-opacity":"","overlay-gradient":""},"tablet":{"background-color":"var(--ast-global-color-5)","background-image":"","background-repeat":"repeat","background-position":"center center","background-size":"auto","background-attachment":"scroll","background-type":"","background-media":"","overlay-type":"","overlay-color":"","overlay-opacity":"","overlay-gradient":""},"mobile":{"background-color":"var(--ast-global-color-5)","background-image":"","background-repeat":"repeat","background-position":"center center","background-size":"auto","background-attachment":"scroll","background-type":"","background-media":"","overlay-type":"","overlay-color":"","overlay-opacity":"","overlay-gradient":""}}},"product_brand":[],"product_cat":[321],"product_tag":[],"berocket_brand":[],"class_list":{"0":"post-11726","1":"product","2":"type-product","3":"status-publish","4":"has-post-thumbnail","6":"product_cat-hidrofila-ella","7":"desktop-align-left","8":"tablet-align-left","9":"mobile-align-left","11":"first","12":"outofstock","13":"taxable","14":"shipping-taxable","15":"purchasable","16":"product-type-simple","17":"add-to-wishlist-before_image"},"yoast_head":"<!-- This site is optimized with the Yoast SEO plugin v27.4 - https:\/\/yoast.com\/product\/yoast-seo-wordpress\/ -->\n<title>Hanskin Pore Cleansing Oil AHA 300ml - FACECORNER<\/title>\n<meta name=\"robots\" content=\"index, follow, max-snippet:-1, max-image-preview:large, max-video-preview:-1\" \/>\n<link rel=\"canonical\" href=\"https:\/\/www.facecorner.lv\/lv\/shop\/hanskin-pore-cleansing-oil-aha-300ml\/\" \/>\n<meta property=\"og:locale\" content=\"lv_LV\" \/>\n<meta property=\"og:type\" content=\"article\" \/>\n<meta property=\"og:title\" content=\"Hanskin Pore Cleansing Oil AHA 300ml - FACECORNER\" \/>\n<meta property=\"og:description\" content=\"\u0160\u012b augu b\u0101zes hidrofil\u0101 e\u013c\u013ca, kas ir ide\u0101li piem\u0113rota sausai \u0101dai, efekt\u012bvi no\u0146em dekorat\u012bvo kosm\u0113tiku un atmiru\u0161\u0101s \u0101das \u0161\u016bnas, vienlaikus atbr\u012bvojot poras. Visefekt\u012bv\u0101k\u0101s AHA ir piensk\u0101be un glikolsk\u0101be. Piensk\u0101be &#8211; sniedz \u013coti maigu un maigu iedarb\u012bbu bez \u0101das kairin\u0101juma, jo t\u0101s molekulas ir pietiekami lielas, t\u0101p\u0113c t\u0101 nevar iek\u013c\u016bt dzi\u013ci \u0101d\u0101 un izrais\u012bt kairin\u0101jumu. Piensk\u0101be [&hellip;]\" \/>\n<meta property=\"og:url\" content=\"https:\/\/www.facecorner.lv\/lv\/shop\/hanskin-pore-cleansing-oil-aha-300ml\/\" \/>\n<meta property=\"og:site_name\" content=\"FACECORNER\" \/>\n<meta property=\"article:publisher\" content=\"https:\/\/www.facebook.com\/profile.php?id=100063824551839\" \/>\n<meta property=\"article:modified_time\" content=\"2023-11-30T11:25:05+00:00\" \/>\n<meta property=\"og:image\" content=\"https:\/\/www.facecorner.lv\/wp-content\/uploads\/2023\/07\/hanskin_p45__a_h_a_pore_cleansing_oil-_-1645626642.webp\" \/>\n\t<meta property=\"og:image:width\" content=\"1000\" \/>\n\t<meta property=\"og:image:height\" content=\"1000\" \/>\n\t<meta property=\"og:image:type\" content=\"image\/webp\" \/>\n<meta name=\"twitter:card\" content=\"summary_large_image\" \/>\n<meta name=\"twitter:label1\" content=\"Price\" \/>\n\t<meta name=\"twitter:data1\" content=\"&euro;29.00\" \/>\n\t<meta name=\"twitter:label2\" content=\"Availability\" \/>\n\t<meta name=\"twitter:data2\" content=\"Out of stock\" \/>\n<script type=\"application\/ld+json\" class=\"yoast-schema-graph\">{\"@context\":\"https:\\\/\\\/schema.org\",\"@graph\":[{\"@type\":\"WebPage\",\"@id\":\"https:\\\/\\\/www.facecorner.lv\\\/shop\\\/hanskin-pore-cleansing-oil-aha-300ml\\\/\",\"url\":\"https:\\\/\\\/www.facecorner.lv\\\/shop\\\/hanskin-pore-cleansing-oil-aha-300ml\\\/\",\"name\":\"Hanskin Pore Cleansing Oil AHA 300ml - FACECORNER\",\"isPartOf\":{\"@id\":\"https:\\\/\\\/www.facecorner.lv\\\/#website\"},\"primaryImageOfPage\":{\"@id\":\"https:\\\/\\\/www.facecorner.lv\\\/shop\\\/hanskin-pore-cleansing-oil-aha-300ml\\\/#primaryimage\"},\"image\":{\"@id\":\"https:\\\/\\\/www.facecorner.lv\\\/shop\\\/hanskin-pore-cleansing-oil-aha-300ml\\\/#primaryimage\"},\"thumbnailUrl\":\"https:\\\/\\\/www.facecorner.lv\\\/wp-content\\\/uploads\\\/2023\\\/07\\\/hanskin_p45__a_h_a_pore_cleansing_oil-_-1645626642.webp\",\"datePublished\":\"2023-07-31T17:56:28+00:00\",\"dateModified\":\"2023-11-30T11:25:05+00:00\",\"breadcrumb\":{\"@id\":\"https:\\\/\\\/www.facecorner.lv\\\/shop\\\/hanskin-pore-cleansing-oil-aha-300ml\\\/#breadcrumb\"},\"inLanguage\":\"lv-LV\",\"potentialAction\":[{\"@type\":\"ReadAction\",\"target\":[\"https:\\\/\\\/www.facecorner.lv\\\/shop\\\/hanskin-pore-cleansing-oil-aha-300ml\\\/\"]}]},{\"@type\":\"ImageObject\",\"inLanguage\":\"lv-LV\",\"@id\":\"https:\\\/\\\/www.facecorner.lv\\\/shop\\\/hanskin-pore-cleansing-oil-aha-300ml\\\/#primaryimage\",\"url\":\"https:\\\/\\\/www.facecorner.lv\\\/wp-content\\\/uploads\\\/2023\\\/07\\\/hanskin_p45__a_h_a_pore_cleansing_oil-_-1645626642.webp\",\"contentUrl\":\"https:\\\/\\\/www.facecorner.lv\\\/wp-content\\\/uploads\\\/2023\\\/07\\\/hanskin_p45__a_h_a_pore_cleansing_oil-_-1645626642.webp\",\"width\":1000,\"height\":1000},{\"@type\":\"BreadcrumbList\",\"@id\":\"https:\\\/\\\/www.facecorner.lv\\\/shop\\\/hanskin-pore-cleansing-oil-aha-300ml\\\/#breadcrumb\",\"itemListElement\":[{\"@type\":\"ListItem\",\"position\":1,\"name\":\"Home\",\"item\":\"https:\\\/\\\/www.facecorner.lv\\\/\"},{\"@type\":\"ListItem\",\"position\":2,\"name\":\"Veikals\",\"item\":\"https:\\\/\\\/www.facecorner.lv\\\/shop\\\/\"},{\"@type\":\"ListItem\",\"position\":3,\"name\":\"Hanskin Pore Cleansing Oil AHA 300ml\"}]},{\"@type\":\"WebSite\",\"@id\":\"https:\\\/\\\/www.facecorner.lv\\\/#website\",\"url\":\"https:\\\/\\\/www.facecorner.lv\\\/\",\"name\":\"Facecorner\",\"description\":\"\",\"publisher\":{\"@id\":\"https:\\\/\\\/www.facecorner.lv\\\/#organization\"},\"potentialAction\":[{\"@type\":\"SearchAction\",\"target\":{\"@type\":\"EntryPoint\",\"urlTemplate\":\"https:\\\/\\\/www.facecorner.lv\\\/?s={search_term_string}\"},\"query-input\":{\"@type\":\"PropertyValueSpecification\",\"valueRequired\":true,\"valueName\":\"search_term_string\"}}],\"inLanguage\":\"lv-LV\"},{\"@type\":\"Organization\",\"@id\":\"https:\\\/\\\/www.facecorner.lv\\\/#organization\",\"name\":\"Facecorner\",\"url\":\"https:\\\/\\\/www.facecorner.lv\\\/\",\"logo\":{\"@type\":\"ImageObject\",\"inLanguage\":\"lv-LV\",\"@id\":\"https:\\\/\\\/www.facecorner.lv\\\/#\\\/schema\\\/logo\\\/image\\\/\",\"url\":\"https:\\\/\\\/www.facecorner.lv\\\/wp-content\\\/uploads\\\/2024\\\/04\\\/fc-logo.jpg\",\"contentUrl\":\"https:\\\/\\\/www.facecorner.lv\\\/wp-content\\\/uploads\\\/2024\\\/04\\\/fc-logo.jpg\",\"width\":174,\"height\":28,\"caption\":\"Facecorner\"},\"image\":{\"@id\":\"https:\\\/\\\/www.facecorner.lv\\\/#\\\/schema\\\/logo\\\/image\\\/\"},\"sameAs\":[\"https:\\\/\\\/www.facebook.com\\\/profile.php?id=100063824551839\",\"https:\\\/\\\/www.instagram.com\\\/facecorner_shop\\\/\"]}]}<\/script>\n<meta property=\"product:price:amount\" content=\"29.00\" \/>\n<meta property=\"product:price:currency\" content=\"EUR\" \/>\n<meta property=\"og:availability\" content=\"out of stock\" \/>\n<meta property=\"product:availability\" content=\"out of stock\" \/>\n<meta property=\"product:condition\" content=\"new\" \/>\n<!-- \/ Yoast SEO plugin. -->","yoast_head_json":{"title":"Hanskin Pore Cleansing Oil AHA 300ml - FACECORNER","robots":{"index":"index","follow":"follow","max-snippet":"max-snippet:-1","max-image-preview":"max-image-preview:large","max-video-preview":"max-video-preview:-1"},"canonical":"https:\/\/www.facecorner.lv\/lv\/shop\/hanskin-pore-cleansing-oil-aha-300ml\/","og_locale":"lv_LV","og_type":"article","og_title":"Hanskin Pore Cleansing Oil AHA 300ml - FACECORNER","og_description":"\u0160\u012b augu b\u0101zes hidrofil\u0101 e\u013c\u013ca, kas ir ide\u0101li piem\u0113rota sausai \u0101dai, efekt\u012bvi no\u0146em dekorat\u012bvo kosm\u0113tiku un atmiru\u0161\u0101s \u0101das \u0161\u016bnas, vienlaikus atbr\u012bvojot poras. Visefekt\u012bv\u0101k\u0101s AHA ir piensk\u0101be un glikolsk\u0101be. Piensk\u0101be &#8211; sniedz \u013coti maigu un maigu iedarb\u012bbu bez \u0101das kairin\u0101juma, jo t\u0101s molekulas ir pietiekami lielas, t\u0101p\u0113c t\u0101 nevar iek\u013c\u016bt dzi\u013ci \u0101d\u0101 un izrais\u012bt kairin\u0101jumu. Piensk\u0101be [&hellip;]","og_url":"https:\/\/www.facecorner.lv\/lv\/shop\/hanskin-pore-cleansing-oil-aha-300ml\/","og_site_name":"FACECORNER","article_publisher":"https:\/\/www.facebook.com\/profile.php?id=100063824551839","article_modified_time":"2023-11-30T11:25:05+00:00","og_image":[{"width":1000,"height":1000,"url":"https:\/\/www.facecorner.lv\/wp-content\/uploads\/2023\/07\/hanskin_p45__a_h_a_pore_cleansing_oil-_-1645626642.webp","type":"image\/webp"}],"twitter_card":"summary_large_image","twitter_misc":{"Price":"&euro;29.00","Availability":"Out of stock"},"schema":{"@context":"https:\/\/schema.org","@graph":[{"@type":"WebPage","@id":"https:\/\/www.facecorner.lv\/shop\/hanskin-pore-cleansing-oil-aha-300ml\/","url":"https:\/\/www.facecorner.lv\/shop\/hanskin-pore-cleansing-oil-aha-300ml\/","name":"Hanskin Pore Cleansing Oil AHA 300ml - FACECORNER","isPartOf":{"@id":"https:\/\/www.facecorner.lv\/#website"},"primaryImageOfPage":{"@id":"https:\/\/www.facecorner.lv\/shop\/hanskin-pore-cleansing-oil-aha-300ml\/#primaryimage"},"image":{"@id":"https:\/\/www.facecorner.lv\/shop\/hanskin-pore-cleansing-oil-aha-300ml\/#primaryimage"},"thumbnailUrl":"https:\/\/www.facecorner.lv\/wp-content\/uploads\/2023\/07\/hanskin_p45__a_h_a_pore_cleansing_oil-_-1645626642.webp","datePublished":"2023-07-31T17:56:28+00:00","dateModified":"2023-11-30T11:25:05+00:00","breadcrumb":{"@id":"https:\/\/www.facecorner.lv\/shop\/hanskin-pore-cleansing-oil-aha-300ml\/#breadcrumb"},"inLanguage":"lv-LV","potentialAction":[{"@type":"ReadAction","target":["https:\/\/www.facecorner.lv\/shop\/hanskin-pore-cleansing-oil-aha-300ml\/"]}]},{"@type":"ImageObject","inLanguage":"lv-LV","@id":"https:\/\/www.facecorner.lv\/shop\/hanskin-pore-cleansing-oil-aha-300ml\/#primaryimage","url":"https:\/\/www.facecorner.lv\/wp-content\/uploads\/2023\/07\/hanskin_p45__a_h_a_pore_cleansing_oil-_-1645626642.webp","contentUrl":"https:\/\/www.facecorner.lv\/wp-content\/uploads\/2023\/07\/hanskin_p45__a_h_a_pore_cleansing_oil-_-1645626642.webp","width":1000,"height":1000},{"@type":"BreadcrumbList","@id":"https:\/\/www.facecorner.lv\/shop\/hanskin-pore-cleansing-oil-aha-300ml\/#breadcrumb","itemListElement":[{"@type":"ListItem","position":1,"name":"Home","item":"https:\/\/www.facecorner.lv\/"},{"@type":"ListItem","position":2,"name":"Veikals","item":"https:\/\/www.facecorner.lv\/shop\/"},{"@type":"ListItem","position":3,"name":"Hanskin Pore Cleansing Oil AHA 300ml"}]},{"@type":"WebSite","@id":"https:\/\/www.facecorner.lv\/#website","url":"https:\/\/www.facecorner.lv\/","name":"Facecorner","description":"","publisher":{"@id":"https:\/\/www.facecorner.lv\/#organization"},"potentialAction":[{"@type":"SearchAction","target":{"@type":"EntryPoint","urlTemplate":"https:\/\/www.facecorner.lv\/?s={search_term_string}"},"query-input":{"@type":"PropertyValueSpecification","valueRequired":true,"valueName":"search_term_string"}}],"inLanguage":"lv-LV"},{"@type":"Organization","@id":"https:\/\/www.facecorner.lv\/#organization","name":"Facecorner","url":"https:\/\/www.facecorner.lv\/","logo":{"@type":"ImageObject","inLanguage":"lv-LV","@id":"https:\/\/www.facecorner.lv\/#\/schema\/logo\/image\/","url":"https:\/\/www.facecorner.lv\/wp-content\/uploads\/2024\/04\/fc-logo.jpg","contentUrl":"https:\/\/www.facecorner.lv\/wp-content\/uploads\/2024\/04\/fc-logo.jpg","width":174,"height":28,"caption":"Facecorner"},"image":{"@id":"https:\/\/www.facecorner.lv\/#\/schema\/logo\/image\/"},"sameAs":["https:\/\/www.facebook.com\/profile.php?id=100063824551839","https:\/\/www.instagram.com\/facecorner_shop\/"]}]},"product_price_amount":"29.00","product_price_currency":"EUR","og_availability":"out of stock","product_availability":"out of stock","product_condition":"new"},"_links":{"self":[{"href":"https:\/\/www.facecorner.lv\/lv\/wp-json\/wp\/v2\/product\/11726","targetHints":{"allow":["GET"]}}],"collection":[{"href":"https:\/\/www.facecorner.lv\/lv\/wp-json\/wp\/v2\/product"}],"about":[{"href":"https:\/\/www.facecorner.lv\/lv\/wp-json\/wp\/v2\/types\/product"}],"replies":[{"embeddable":true,"href":"https:\/\/www.facecorner.lv\/lv\/wp-json\/wp\/v2\/comments?post=11726"}],"wp:featuredmedia":[{"embeddable":true,"href":"https:\/\/www.facecorner.lv\/lv\/wp-json\/wp\/v2\/media\/11728"}],"wp:attachment":[{"href":"https:\/\/www.facecorner.lv\/lv\/wp-json\/wp\/v2\/media?parent=11726"}],"wp:term":[{"taxonomy":"product_brand","embeddable":true,"href":"https:\/\/www.facecorner.lv\/lv\/wp-json\/wp\/v2\/product_brand?post=11726"},{"taxonomy":"product_cat","embeddable":true,"href":"https:\/\/www.facecorner.lv\/lv\/wp-json\/wp\/v2\/product_cat?post=11726"},{"taxonomy":"product_tag","embeddable":true,"href":"https:\/\/www.facecorner.lv\/lv\/wp-json\/wp\/v2\/product_tag?post=11726"},{"taxonomy":"berocket_brand","embeddable":true,"href":"https:\/\/www.facecorner.lv\/lv\/wp-json\/wp\/v2\/berocket_brand?post=11726"}],"curies":[{"name":"wp","href":"https:\/\/api.w.org\/{rel}","templated":true}]}}