{"id":11720,"date":"2023-07-31T19:43:14","date_gmt":"2023-07-31T17:43:14","guid":{"rendered":"https:\/\/www.facecorner.lv\/?post_type=product&#038;p=11720"},"modified":"2024-03-14T14:45:14","modified_gmt":"2024-03-14T12:45:14","slug":"hanskin-cleansing-oilblackhead-bha-300ml","status":"publish","type":"product","link":"https:\/\/www.facecorner.lv\/lv\/shop\/hanskin-cleansing-oilblackhead-bha-300ml\/","title":{"rendered":"Hanskin Cleansing Oil&#038;Blackhead BHA 300ml"},"content":{"rendered":"<p>\u0160\u012b hidrof\u012bl\u0101 e\u013c\u013ca akt\u012bvi c\u012bn\u0101s ar melnajiem punktiem un lieliski att\u012bra poras, pateicoties aug\u013cu e\u013c\u013cu mais\u012bjumam, tostarp apels\u012bnu, citronu un greipfr\u016btu, k\u0101 ar\u012b ol\u012bvu un jojobas e\u013c\u013cu mais\u012bjumam. Iz\u0161\u0137\u012bdina dekorat\u012bvo kosm\u0113tiku un ikdienas net\u012brumus.<\/p>\n<p><strong>Att\u012bro\u0161\u0101 e\u013c\u013ca ir ide\u0101li piem\u0113rota kombin\u0113tai vai taukainai \u0101dai.<\/strong><\/p>\n<p>Salicilsk\u0101be (BHA-sk\u0101be) ir taukos \u0161\u0137\u012bsto\u0161a, kas \u013cauj tai ne tikai nolob\u012bt atmiru\u0161o virsk\u0101rtu, bet caur por\u0101m iek\u013c\u016bt tauku dziedzeros, nolob\u012bt un iz\u0161\u0137\u012bdin\u0101t \u0101das sebumu un tai pielipu\u0161\u0101s atmiru\u0161\u0101s \u0161\u016bnas. Salicilsk\u0101bei piem\u012bt sp\u0113c\u012bga pretiekaisuma un pretmikrobu iedarb\u012bba, t\u0101 mazina iekaisumus un no\u0146em to izrais\u012bto \u0101das aps\u0101rtumu.<\/p>\n<p><strong>Lieto\u0161ana:<\/strong> ar saus\u0101m rok\u0101m uz sausas sejas uzkl\u0101t l\u012bdzekli (pietiek ar 1-2 pumpi\u0146\u0101m), maigi iemas\u0113t ap\u013cveida kust\u012bb\u0101m, ar\u012b zonu ap ac\u012bm. Noskalo ar siltu \u016bdeni \u2013 e\u013c\u013ca p\u0101rv\u0113rt\u012bsies pien\u0101 un lieliski nomazg\u0101s kosm\u0113tiku. T\u0101l\u0101k nomazg\u0101jiet ar put\u0101m.<\/p>\n<p><strong>S\u0101stavs:<\/strong> Water, PEG-7 Glyceryl Cocoate, Dipropylene Glycol, Ethylhexyl Palmitate, Glycerin, 1,2-Hexanediol, Dicaprylyl Ether, Coco-Caprylate\/Caprate, Hydroxyacetophenone, Citric Acid, Litsea Cubeba Fruit Oil, Disodium EDTA, Ethylhexylglycerin, Butylene Glycol, Citrus Aurantium Dulcis (Orange) Peel Oil, Lavandula Angustifolia (Lavender) Oil, Betaine Salicylate(100ppm), Sodium Citrate, Simmondsia Chinensis (Jojoba) Seed Oil, Pelargonium Graveolens Oil, Canarium Luzonicum Gum Nonvolatiles, Rosmarinus Officinalis (Rosemary) Leaf Oil, Eucalyptus Globulus Leaf Oil, Citrus Aurantium Amara (Bitter Orange) Flower Oil, Anthemis Nobilis Flower Oil, Enantia Chlorantha Bark Extract, Rhus Semialata Gall Extract, Camellia Japonica Flower Extract, Chenopodium Quinoa Seed Extract, Oenothera Biennis (Evening Primrose) Flower Extract, Ulmus Davidiana Root Extract, Pinus Palustris Leaf Extract, Pueraria Lobata Root Extract, Oleanolic Acid, Oxygen<\/p>\n","protected":false},"excerpt":{"rendered":"<p>\u0160\u012b hidrof\u012bl\u0101 e\u013c\u013ca akt\u012bvi c\u012bn\u0101s ar melnajiem punktiem un lieliski att\u012bra poras, pateicoties aug\u013cu e\u013c\u013cu mais\u012bjumam, tostarp apels\u012bnu, citronu un greipfr\u016btu, k\u0101 ar\u012b ol\u012bvu un jojobas e\u013c\u013cu mais\u012bjumam. Iz\u0161\u0137\u012bdina dekorat\u012bvo kosm\u0113tiku un ikdienas net\u012brumus. Att\u012bro\u0161\u0101 e\u013c\u013ca ir ide\u0101li piem\u0113rota kombin\u0113tai vai taukainai \u0101dai. Salicilsk\u0101be (BHA-sk\u0101be) ir taukos \u0161\u0137\u012bsto\u0161a, kas \u013cauj tai ne tikai nolob\u012bt atmiru\u0161o [&hellip;]<\/p>\n","protected":false},"featured_media":11722,"comment_status":"open","ping_status":"closed","template":"","meta":{"site-sidebar-layout":"default","site-content-layout":"","ast-site-content-layout":"","site-content-style":"default","site-sidebar-style":"default","ast-global-header-display":"","ast-banner-title-visibility":"","ast-main-header-display":"","ast-hfb-above-header-display":"","ast-hfb-below-header-display":"","ast-hfb-mobile-header-display":"","site-post-title":"","ast-breadcrumbs-content":"","ast-featured-img":"","footer-sml-layout":"","theme-transparent-header-meta":"","adv-header-id-meta":"","stick-header-meta":"","header-above-stick-meta":"","header-main-stick-meta":"","header-below-stick-meta":"","astra-migrate-meta-layouts":"default","ast-page-background-enabled":"default","ast-page-background-meta":{"desktop":{"background-color":"var(--ast-global-color-4)","background-image":"","background-repeat":"repeat","background-position":"center center","background-size":"auto","background-attachment":"scroll","background-type":"","background-media":"","overlay-type":"","overlay-color":"","overlay-opacity":"","overlay-gradient":""},"tablet":{"background-color":"","background-image":"","background-repeat":"repeat","background-position":"center center","background-size":"auto","background-attachment":"scroll","background-type":"","background-media":"","overlay-type":"","overlay-color":"","overlay-opacity":"","overlay-gradient":""},"mobile":{"background-color":"","background-image":"","background-repeat":"repeat","background-position":"center center","background-size":"auto","background-attachment":"scroll","background-type":"","background-media":"","overlay-type":"","overlay-color":"","overlay-opacity":"","overlay-gradient":""}},"ast-content-background-meta":{"desktop":{"background-color":"var(--ast-global-color-5)","background-image":"","background-repeat":"repeat","background-position":"center center","background-size":"auto","background-attachment":"scroll","background-type":"","background-media":"","overlay-type":"","overlay-color":"","overlay-opacity":"","overlay-gradient":""},"tablet":{"background-color":"var(--ast-global-color-5)","background-image":"","background-repeat":"repeat","background-position":"center center","background-size":"auto","background-attachment":"scroll","background-type":"","background-media":"","overlay-type":"","overlay-color":"","overlay-opacity":"","overlay-gradient":""},"mobile":{"background-color":"var(--ast-global-color-5)","background-image":"","background-repeat":"repeat","background-position":"center center","background-size":"auto","background-attachment":"scroll","background-type":"","background-media":"","overlay-type":"","overlay-color":"","overlay-opacity":"","overlay-gradient":""}}},"product_brand":[],"product_cat":[321],"product_tag":[],"berocket_brand":[],"class_list":{"0":"post-11720","1":"product","2":"type-product","3":"status-publish","4":"has-post-thumbnail","6":"product_cat-hidrofila-ella","7":"desktop-align-left","8":"tablet-align-left","9":"mobile-align-left","11":"first","12":"outofstock","13":"taxable","14":"shipping-taxable","15":"purchasable","16":"product-type-simple","17":"add-to-wishlist-before_image"},"yoast_head":"<!-- This site is optimized with the Yoast SEO plugin v27.4 - https:\/\/yoast.com\/product\/yoast-seo-wordpress\/ -->\n<title>Hanskin Cleansing Oil&amp;Blackhead BHA 300ml - FACECORNER<\/title>\n<meta name=\"robots\" content=\"index, follow, max-snippet:-1, max-image-preview:large, max-video-preview:-1\" \/>\n<link rel=\"canonical\" href=\"https:\/\/www.facecorner.lv\/lv\/shop\/hanskin-cleansing-oilblackhead-bha-300ml\/\" \/>\n<meta property=\"og:locale\" content=\"lv_LV\" \/>\n<meta property=\"og:type\" content=\"article\" \/>\n<meta property=\"og:title\" content=\"Hanskin Cleansing Oil&amp;Blackhead BHA 300ml - FACECORNER\" \/>\n<meta property=\"og:description\" content=\"\u0160\u012b hidrof\u012bl\u0101 e\u013c\u013ca akt\u012bvi c\u012bn\u0101s ar melnajiem punktiem un lieliski att\u012bra poras, pateicoties aug\u013cu e\u013c\u013cu mais\u012bjumam, tostarp apels\u012bnu, citronu un greipfr\u016btu, k\u0101 ar\u012b ol\u012bvu un jojobas e\u013c\u013cu mais\u012bjumam. Iz\u0161\u0137\u012bdina dekorat\u012bvo kosm\u0113tiku un ikdienas net\u012brumus. Att\u012bro\u0161\u0101 e\u013c\u013ca ir ide\u0101li piem\u0113rota kombin\u0113tai vai taukainai \u0101dai. Salicilsk\u0101be (BHA-sk\u0101be) ir taukos \u0161\u0137\u012bsto\u0161a, kas \u013cauj tai ne tikai nolob\u012bt atmiru\u0161o [&hellip;]\" \/>\n<meta property=\"og:url\" content=\"https:\/\/www.facecorner.lv\/lv\/shop\/hanskin-cleansing-oilblackhead-bha-300ml\/\" \/>\n<meta property=\"og:site_name\" content=\"FACECORNER\" \/>\n<meta property=\"article:publisher\" content=\"https:\/\/www.facebook.com\/profile.php?id=100063824551839\" \/>\n<meta property=\"article:modified_time\" content=\"2024-03-14T12:45:14+00:00\" \/>\n<meta property=\"og:image\" content=\"https:\/\/www.facecorner.lv\/wp-content\/uploads\/2023\/07\/Uea015fb43e7c4b578494dbc38ea2043fF.jpeg\" \/>\n\t<meta property=\"og:image:width\" content=\"1000\" \/>\n\t<meta property=\"og:image:height\" content=\"1000\" \/>\n\t<meta property=\"og:image:type\" content=\"image\/jpeg\" \/>\n<meta name=\"twitter:card\" content=\"summary_large_image\" \/>\n<meta name=\"twitter:label1\" content=\"Price\" \/>\n\t<meta name=\"twitter:data1\" content=\"&euro;29.00\" \/>\n\t<meta name=\"twitter:label2\" content=\"Availability\" \/>\n\t<meta name=\"twitter:data2\" content=\"Out of stock\" \/>\n<script type=\"application\/ld+json\" class=\"yoast-schema-graph\">{\"@context\":\"https:\\\/\\\/schema.org\",\"@graph\":[{\"@type\":\"WebPage\",\"@id\":\"https:\\\/\\\/www.facecorner.lv\\\/shop\\\/hanskin-cleansing-oilblackhead-bha-300ml\\\/\",\"url\":\"https:\\\/\\\/www.facecorner.lv\\\/shop\\\/hanskin-cleansing-oilblackhead-bha-300ml\\\/\",\"name\":\"Hanskin Cleansing Oil&Blackhead BHA 300ml - FACECORNER\",\"isPartOf\":{\"@id\":\"https:\\\/\\\/www.facecorner.lv\\\/#website\"},\"primaryImageOfPage\":{\"@id\":\"https:\\\/\\\/www.facecorner.lv\\\/shop\\\/hanskin-cleansing-oilblackhead-bha-300ml\\\/#primaryimage\"},\"image\":{\"@id\":\"https:\\\/\\\/www.facecorner.lv\\\/shop\\\/hanskin-cleansing-oilblackhead-bha-300ml\\\/#primaryimage\"},\"thumbnailUrl\":\"https:\\\/\\\/www.facecorner.lv\\\/wp-content\\\/uploads\\\/2023\\\/07\\\/Uea015fb43e7c4b578494dbc38ea2043fF.jpeg\",\"datePublished\":\"2023-07-31T17:43:14+00:00\",\"dateModified\":\"2024-03-14T12:45:14+00:00\",\"breadcrumb\":{\"@id\":\"https:\\\/\\\/www.facecorner.lv\\\/shop\\\/hanskin-cleansing-oilblackhead-bha-300ml\\\/#breadcrumb\"},\"inLanguage\":\"lv-LV\",\"potentialAction\":[{\"@type\":\"ReadAction\",\"target\":[\"https:\\\/\\\/www.facecorner.lv\\\/shop\\\/hanskin-cleansing-oilblackhead-bha-300ml\\\/\"]}]},{\"@type\":\"ImageObject\",\"inLanguage\":\"lv-LV\",\"@id\":\"https:\\\/\\\/www.facecorner.lv\\\/shop\\\/hanskin-cleansing-oilblackhead-bha-300ml\\\/#primaryimage\",\"url\":\"https:\\\/\\\/www.facecorner.lv\\\/wp-content\\\/uploads\\\/2023\\\/07\\\/Uea015fb43e7c4b578494dbc38ea2043fF.jpeg\",\"contentUrl\":\"https:\\\/\\\/www.facecorner.lv\\\/wp-content\\\/uploads\\\/2023\\\/07\\\/Uea015fb43e7c4b578494dbc38ea2043fF.jpeg\",\"width\":1000,\"height\":1000},{\"@type\":\"BreadcrumbList\",\"@id\":\"https:\\\/\\\/www.facecorner.lv\\\/shop\\\/hanskin-cleansing-oilblackhead-bha-300ml\\\/#breadcrumb\",\"itemListElement\":[{\"@type\":\"ListItem\",\"position\":1,\"name\":\"Home\",\"item\":\"https:\\\/\\\/www.facecorner.lv\\\/\"},{\"@type\":\"ListItem\",\"position\":2,\"name\":\"Veikals\",\"item\":\"https:\\\/\\\/www.facecorner.lv\\\/shop\\\/\"},{\"@type\":\"ListItem\",\"position\":3,\"name\":\"Hanskin Cleansing Oil&#038;Blackhead BHA 300ml\"}]},{\"@type\":\"WebSite\",\"@id\":\"https:\\\/\\\/www.facecorner.lv\\\/#website\",\"url\":\"https:\\\/\\\/www.facecorner.lv\\\/\",\"name\":\"Facecorner\",\"description\":\"\",\"publisher\":{\"@id\":\"https:\\\/\\\/www.facecorner.lv\\\/#organization\"},\"potentialAction\":[{\"@type\":\"SearchAction\",\"target\":{\"@type\":\"EntryPoint\",\"urlTemplate\":\"https:\\\/\\\/www.facecorner.lv\\\/?s={search_term_string}\"},\"query-input\":{\"@type\":\"PropertyValueSpecification\",\"valueRequired\":true,\"valueName\":\"search_term_string\"}}],\"inLanguage\":\"lv-LV\"},{\"@type\":\"Organization\",\"@id\":\"https:\\\/\\\/www.facecorner.lv\\\/#organization\",\"name\":\"Facecorner\",\"url\":\"https:\\\/\\\/www.facecorner.lv\\\/\",\"logo\":{\"@type\":\"ImageObject\",\"inLanguage\":\"lv-LV\",\"@id\":\"https:\\\/\\\/www.facecorner.lv\\\/#\\\/schema\\\/logo\\\/image\\\/\",\"url\":\"https:\\\/\\\/www.facecorner.lv\\\/wp-content\\\/uploads\\\/2024\\\/04\\\/fc-logo.jpg\",\"contentUrl\":\"https:\\\/\\\/www.facecorner.lv\\\/wp-content\\\/uploads\\\/2024\\\/04\\\/fc-logo.jpg\",\"width\":174,\"height\":28,\"caption\":\"Facecorner\"},\"image\":{\"@id\":\"https:\\\/\\\/www.facecorner.lv\\\/#\\\/schema\\\/logo\\\/image\\\/\"},\"sameAs\":[\"https:\\\/\\\/www.facebook.com\\\/profile.php?id=100063824551839\",\"https:\\\/\\\/www.instagram.com\\\/facecorner_shop\\\/\"]}]}<\/script>\n<meta property=\"product:price:amount\" content=\"29.00\" \/>\n<meta property=\"product:price:currency\" content=\"EUR\" \/>\n<meta property=\"og:availability\" content=\"out of stock\" \/>\n<meta property=\"product:availability\" content=\"out of stock\" \/>\n<meta property=\"product:condition\" content=\"new\" \/>\n<!-- \/ Yoast SEO plugin. -->","yoast_head_json":{"title":"Hanskin Cleansing Oil&Blackhead BHA 300ml - FACECORNER","robots":{"index":"index","follow":"follow","max-snippet":"max-snippet:-1","max-image-preview":"max-image-preview:large","max-video-preview":"max-video-preview:-1"},"canonical":"https:\/\/www.facecorner.lv\/lv\/shop\/hanskin-cleansing-oilblackhead-bha-300ml\/","og_locale":"lv_LV","og_type":"article","og_title":"Hanskin Cleansing Oil&Blackhead BHA 300ml - FACECORNER","og_description":"\u0160\u012b hidrof\u012bl\u0101 e\u013c\u013ca akt\u012bvi c\u012bn\u0101s ar melnajiem punktiem un lieliski att\u012bra poras, pateicoties aug\u013cu e\u013c\u013cu mais\u012bjumam, tostarp apels\u012bnu, citronu un greipfr\u016btu, k\u0101 ar\u012b ol\u012bvu un jojobas e\u013c\u013cu mais\u012bjumam. Iz\u0161\u0137\u012bdina dekorat\u012bvo kosm\u0113tiku un ikdienas net\u012brumus. Att\u012bro\u0161\u0101 e\u013c\u013ca ir ide\u0101li piem\u0113rota kombin\u0113tai vai taukainai \u0101dai. Salicilsk\u0101be (BHA-sk\u0101be) ir taukos \u0161\u0137\u012bsto\u0161a, kas \u013cauj tai ne tikai nolob\u012bt atmiru\u0161o [&hellip;]","og_url":"https:\/\/www.facecorner.lv\/lv\/shop\/hanskin-cleansing-oilblackhead-bha-300ml\/","og_site_name":"FACECORNER","article_publisher":"https:\/\/www.facebook.com\/profile.php?id=100063824551839","article_modified_time":"2024-03-14T12:45:14+00:00","og_image":[{"width":1000,"height":1000,"url":"https:\/\/www.facecorner.lv\/wp-content\/uploads\/2023\/07\/Uea015fb43e7c4b578494dbc38ea2043fF.jpeg","type":"image\/jpeg"}],"twitter_card":"summary_large_image","twitter_misc":{"Price":"&euro;29.00","Availability":"Out of stock"},"schema":{"@context":"https:\/\/schema.org","@graph":[{"@type":"WebPage","@id":"https:\/\/www.facecorner.lv\/shop\/hanskin-cleansing-oilblackhead-bha-300ml\/","url":"https:\/\/www.facecorner.lv\/shop\/hanskin-cleansing-oilblackhead-bha-300ml\/","name":"Hanskin Cleansing Oil&Blackhead BHA 300ml - FACECORNER","isPartOf":{"@id":"https:\/\/www.facecorner.lv\/#website"},"primaryImageOfPage":{"@id":"https:\/\/www.facecorner.lv\/shop\/hanskin-cleansing-oilblackhead-bha-300ml\/#primaryimage"},"image":{"@id":"https:\/\/www.facecorner.lv\/shop\/hanskin-cleansing-oilblackhead-bha-300ml\/#primaryimage"},"thumbnailUrl":"https:\/\/www.facecorner.lv\/wp-content\/uploads\/2023\/07\/Uea015fb43e7c4b578494dbc38ea2043fF.jpeg","datePublished":"2023-07-31T17:43:14+00:00","dateModified":"2024-03-14T12:45:14+00:00","breadcrumb":{"@id":"https:\/\/www.facecorner.lv\/shop\/hanskin-cleansing-oilblackhead-bha-300ml\/#breadcrumb"},"inLanguage":"lv-LV","potentialAction":[{"@type":"ReadAction","target":["https:\/\/www.facecorner.lv\/shop\/hanskin-cleansing-oilblackhead-bha-300ml\/"]}]},{"@type":"ImageObject","inLanguage":"lv-LV","@id":"https:\/\/www.facecorner.lv\/shop\/hanskin-cleansing-oilblackhead-bha-300ml\/#primaryimage","url":"https:\/\/www.facecorner.lv\/wp-content\/uploads\/2023\/07\/Uea015fb43e7c4b578494dbc38ea2043fF.jpeg","contentUrl":"https:\/\/www.facecorner.lv\/wp-content\/uploads\/2023\/07\/Uea015fb43e7c4b578494dbc38ea2043fF.jpeg","width":1000,"height":1000},{"@type":"BreadcrumbList","@id":"https:\/\/www.facecorner.lv\/shop\/hanskin-cleansing-oilblackhead-bha-300ml\/#breadcrumb","itemListElement":[{"@type":"ListItem","position":1,"name":"Home","item":"https:\/\/www.facecorner.lv\/"},{"@type":"ListItem","position":2,"name":"Veikals","item":"https:\/\/www.facecorner.lv\/shop\/"},{"@type":"ListItem","position":3,"name":"Hanskin Cleansing Oil&#038;Blackhead BHA 300ml"}]},{"@type":"WebSite","@id":"https:\/\/www.facecorner.lv\/#website","url":"https:\/\/www.facecorner.lv\/","name":"Facecorner","description":"","publisher":{"@id":"https:\/\/www.facecorner.lv\/#organization"},"potentialAction":[{"@type":"SearchAction","target":{"@type":"EntryPoint","urlTemplate":"https:\/\/www.facecorner.lv\/?s={search_term_string}"},"query-input":{"@type":"PropertyValueSpecification","valueRequired":true,"valueName":"search_term_string"}}],"inLanguage":"lv-LV"},{"@type":"Organization","@id":"https:\/\/www.facecorner.lv\/#organization","name":"Facecorner","url":"https:\/\/www.facecorner.lv\/","logo":{"@type":"ImageObject","inLanguage":"lv-LV","@id":"https:\/\/www.facecorner.lv\/#\/schema\/logo\/image\/","url":"https:\/\/www.facecorner.lv\/wp-content\/uploads\/2024\/04\/fc-logo.jpg","contentUrl":"https:\/\/www.facecorner.lv\/wp-content\/uploads\/2024\/04\/fc-logo.jpg","width":174,"height":28,"caption":"Facecorner"},"image":{"@id":"https:\/\/www.facecorner.lv\/#\/schema\/logo\/image\/"},"sameAs":["https:\/\/www.facebook.com\/profile.php?id=100063824551839","https:\/\/www.instagram.com\/facecorner_shop\/"]}]},"product_price_amount":"29.00","product_price_currency":"EUR","og_availability":"out of stock","product_availability":"out of stock","product_condition":"new"},"_links":{"self":[{"href":"https:\/\/www.facecorner.lv\/lv\/wp-json\/wp\/v2\/product\/11720","targetHints":{"allow":["GET"]}}],"collection":[{"href":"https:\/\/www.facecorner.lv\/lv\/wp-json\/wp\/v2\/product"}],"about":[{"href":"https:\/\/www.facecorner.lv\/lv\/wp-json\/wp\/v2\/types\/product"}],"replies":[{"embeddable":true,"href":"https:\/\/www.facecorner.lv\/lv\/wp-json\/wp\/v2\/comments?post=11720"}],"wp:featuredmedia":[{"embeddable":true,"href":"https:\/\/www.facecorner.lv\/lv\/wp-json\/wp\/v2\/media\/11722"}],"wp:attachment":[{"href":"https:\/\/www.facecorner.lv\/lv\/wp-json\/wp\/v2\/media?parent=11720"}],"wp:term":[{"taxonomy":"product_brand","embeddable":true,"href":"https:\/\/www.facecorner.lv\/lv\/wp-json\/wp\/v2\/product_brand?post=11720"},{"taxonomy":"product_cat","embeddable":true,"href":"https:\/\/www.facecorner.lv\/lv\/wp-json\/wp\/v2\/product_cat?post=11720"},{"taxonomy":"product_tag","embeddable":true,"href":"https:\/\/www.facecorner.lv\/lv\/wp-json\/wp\/v2\/product_tag?post=11720"},{"taxonomy":"berocket_brand","embeddable":true,"href":"https:\/\/www.facecorner.lv\/lv\/wp-json\/wp\/v2\/berocket_brand?post=11720"}],"curies":[{"name":"wp","href":"https:\/\/api.w.org\/{rel}","templated":true}]}}