{"id":11553,"date":"2023-07-18T12:00:21","date_gmt":"2023-07-18T10:00:21","guid":{"rendered":"https:\/\/www.facecorner.lv\/?post_type=product&#038;p=11553"},"modified":"2025-04-30T15:33:52","modified_gmt":"2025-04-30T12:33:52","slug":"dear-klairs-supple-preparation-unscented-toner-180ml","status":"publish","type":"product","link":"https:\/\/www.facecorner.lv\/lv\/shop\/dear-klairs-supple-preparation-unscented-toner-180ml\/","title":{"rendered":"Dear, Klairs Supple Preparation Unscented Toner 180ml"},"content":{"rendered":"<p>Toneris Klairs Supple Preparation bez smar\u017eas atjauno optim\u0101lo pH l\u012bdzsvaru p\u0113c \u0101das att\u012br\u012b\u0161anas un uzlabo visu turpm\u0101ko \u0101das kop\u0161anas darb\u012bbu efektivit\u0101ti. Produkts intens\u012bvi mitrina un baro \u0101du, nov\u0113r\u0161 lob\u012b\u0161anos un sausumu, neizraisa kairin\u0101jumu un regul\u0113 \u0101das sebuma veido\u0161anos.<\/p>\n<p>Tonera viegl\u0101 formula nesatur e\u013c\u013cu un nenoslogo \u0101du, k\u0101 ar\u012b nesatur smar\u017evielas un kait\u012bgas sast\u0101vda\u013cas, piem\u0113ram, alkoholu, parab\u0113nus un citas akt\u012bv\u0101s vielas, kas var izrais\u012bt kairin\u0101jumu.<\/p>\n<p>Produkta maig\u0101 tekst\u016bra \u0101tri sadal\u0101s, neatst\u0101jot smaguma saj\u016btu, neveido lip\u012bgu pl\u0113v\u012bti.<\/p>\n<p>Galven\u0101s akt\u012bv\u0101s sast\u0101vda\u013cas:<\/p>\n<ul>\n<li>Sojas polipept\u012bdi ir Bacillis natti bakt\u0113riju sojas prote\u012bnu ferment\u0101cijas produkts, pept\u012bdu un aminosk\u0101bju mais\u012bjums. Tie uzlabo sava mitrino\u0161\u0101 faktora veido\u0161anos, palielina \u0101das elast\u012bbu, no\u0146em kerat\u012bna atlikumus no \u0101das uz epidermas virsmas un atjauno elast\u012bbu.<\/li>\n<li>Vara Tripept\u012bds-1 &#8211; atjauno boj\u0101to fibroblastu funkcijas, uzs\u0101k un uztur kolag\u0113na sint\u0113zi, stimul\u0113 intraderm\u0101lo atjauno\u0161anos. Nodro\u0161ina \u0101das r\u0113tu rezorbciju un reorganiz\u0101ciju. Aktiviz\u0113 snaudo\u0161\u0101s cilmes \u0161\u016bnas. Piem\u012bt antioksidanta iedarb\u012bba, samazina \u0101das iekaisuma potenci\u0101lu un traumatismu no \u0101r\u0113jas stresa ietekmes.<\/li>\n<li>Hialuronsk\u0101be rada uz \u0101das neredzamu barjeru, kas ne\u013cauj mitrumam iztvaikot, uzlabo \u0101das strukt\u016bru, veicina \u0101das \u0161\u016bnu atjauno\u0161anos, samazina s\u012bk\u0101s krunci\u0146as, padara \u0101du gludu un maigu.<\/li>\n<\/ul>\n<p><strong>Piem\u0113rots jut\u012bgai \u0101dai ar noslieci uz taukain\u012bbu.<\/strong><\/p>\n<p><strong>Lieto\u0161ana:<\/strong> Uzkl\u0101jiet nepiecie\u0161amo produkta daudzumu uz sejas \u0101das p\u0113c mazg\u0101\u0161anas un sadaliet ar pirkstu galiem.<\/p>\n<p><strong>S\u0101stavs:<\/strong> Water, Butylene Glycol, Dimethyl Sulfone, Betaine, Caprylic\/Capric Triglyceride, Natto Gum, Sodium Hyaluronate, Disodium EDTA, Centella Asiatica Extract, Glycyrrhiza Glabra (Licorice) Root Extract, Polyquaternium-51, Chlorphenesin, Tocopheryl Acetate, Carbomer, Panthenol, Arginine, Luffa Cylindrica Fruit\/Leaf\/Stem Extract, Beta-Glucan, Althaea Rosea Flower Extract, Aloe Barbadensis Leaf Extract, Hydroxyethylcellulose, Portulaca Oleracea Extract, Lysine HCL, Proline, Sodium Ascorbyl Phosphate, Acetyl Methionine, Theanine, Copper Tripeptide-1<\/p>\n","protected":false},"excerpt":{"rendered":"<p>Toneris Klairs Supple Preparation bez smar\u017eas atjauno optim\u0101lo pH l\u012bdzsvaru p\u0113c \u0101das att\u012br\u012b\u0161anas un uzlabo visu turpm\u0101ko \u0101das kop\u0161anas darb\u012bbu efektivit\u0101ti. Produkts intens\u012bvi mitrina un baro \u0101du, nov\u0113r\u0161 lob\u012b\u0161anos un sausumu, neizraisa kairin\u0101jumu un regul\u0113 \u0101das sebuma veido\u0161anos. Tonera viegl\u0101 formula nesatur e\u013c\u013cu un nenoslogo \u0101du, k\u0101 ar\u012b nesatur smar\u017evielas un kait\u012bgas sast\u0101vda\u013cas, piem\u0113ram, alkoholu, [&hellip;]<\/p>\n","protected":false},"featured_media":11555,"comment_status":"open","ping_status":"closed","template":"","meta":{"site-sidebar-layout":"default","site-content-layout":"","ast-site-content-layout":"","site-content-style":"default","site-sidebar-style":"default","ast-global-header-display":"","ast-banner-title-visibility":"","ast-main-header-display":"","ast-hfb-above-header-display":"","ast-hfb-below-header-display":"","ast-hfb-mobile-header-display":"","site-post-title":"","ast-breadcrumbs-content":"","ast-featured-img":"","footer-sml-layout":"","theme-transparent-header-meta":"","adv-header-id-meta":"","stick-header-meta":"","header-above-stick-meta":"","header-main-stick-meta":"","header-below-stick-meta":"","astra-migrate-meta-layouts":"default","ast-page-background-enabled":"default","ast-page-background-meta":{"desktop":{"background-color":"var(--ast-global-color-4)","background-image":"","background-repeat":"repeat","background-position":"center center","background-size":"auto","background-attachment":"scroll","background-type":"","background-media":"","overlay-type":"","overlay-color":"","overlay-opacity":"","overlay-gradient":""},"tablet":{"background-color":"","background-image":"","background-repeat":"repeat","background-position":"center center","background-size":"auto","background-attachment":"scroll","background-type":"","background-media":"","overlay-type":"","overlay-color":"","overlay-opacity":"","overlay-gradient":""},"mobile":{"background-color":"","background-image":"","background-repeat":"repeat","background-position":"center center","background-size":"auto","background-attachment":"scroll","background-type":"","background-media":"","overlay-type":"","overlay-color":"","overlay-opacity":"","overlay-gradient":""}},"ast-content-background-meta":{"desktop":{"background-color":"var(--ast-global-color-5)","background-image":"","background-repeat":"repeat","background-position":"center center","background-size":"auto","background-attachment":"scroll","background-type":"","background-media":"","overlay-type":"","overlay-color":"","overlay-opacity":"","overlay-gradient":""},"tablet":{"background-color":"var(--ast-global-color-5)","background-image":"","background-repeat":"repeat","background-position":"center center","background-size":"auto","background-attachment":"scroll","background-type":"","background-media":"","overlay-type":"","overlay-color":"","overlay-opacity":"","overlay-gradient":""},"mobile":{"background-color":"var(--ast-global-color-5)","background-image":"","background-repeat":"repeat","background-position":"center center","background-size":"auto","background-attachment":"scroll","background-type":"","background-media":"","overlay-type":"","overlay-color":"","overlay-opacity":"","overlay-gradient":""}}},"product_brand":[],"product_cat":[375,380,377,381,378,379,364,376],"product_tag":[],"berocket_brand":[],"class_list":{"0":"post-11553","1":"product","2":"type-product","3":"status-publish","4":"has-post-thumbnail","6":"product_cat-jutigai-adai-toneri","7":"product_cat-kombinetai-adai","8":"product_cat-problematiskai-adai-toneri","9":"product_cat-problematiskai-un-taukainai-adai","10":"product_cat-sausai-adai-toneri","11":"product_cat-sausai-adai-anti-age","12":"product_cat-toneri","13":"product_cat-kombinetai-adai-toneri","14":"desktop-align-left","15":"tablet-align-left","16":"mobile-align-left","18":"first","19":"outofstock","20":"taxable","21":"shipping-taxable","22":"purchasable","23":"product-type-simple","24":"add-to-wishlist-before_image"},"yoast_head":"<!-- This site is optimized with the Yoast SEO plugin v27.3 - https:\/\/yoast.com\/product\/yoast-seo-wordpress\/ -->\n<title>Dear, Klairs Supple Preparation Unscented Toner 180ml - FACECORNER<\/title>\n<meta name=\"robots\" content=\"index, follow, max-snippet:-1, max-image-preview:large, max-video-preview:-1\" \/>\n<link rel=\"canonical\" href=\"https:\/\/www.facecorner.lv\/lv\/shop\/dear-klairs-supple-preparation-unscented-toner-180ml\/\" \/>\n<meta property=\"og:locale\" content=\"lv_LV\" \/>\n<meta property=\"og:type\" content=\"article\" \/>\n<meta property=\"og:title\" content=\"Dear, Klairs Supple Preparation Unscented Toner 180ml - FACECORNER\" \/>\n<meta property=\"og:description\" content=\"Toneris Klairs Supple Preparation bez smar\u017eas atjauno optim\u0101lo pH l\u012bdzsvaru p\u0113c \u0101das att\u012br\u012b\u0161anas un uzlabo visu turpm\u0101ko \u0101das kop\u0161anas darb\u012bbu efektivit\u0101ti. Produkts intens\u012bvi mitrina un baro \u0101du, nov\u0113r\u0161 lob\u012b\u0161anos un sausumu, neizraisa kairin\u0101jumu un regul\u0113 \u0101das sebuma veido\u0161anos. Tonera viegl\u0101 formula nesatur e\u013c\u013cu un nenoslogo \u0101du, k\u0101 ar\u012b nesatur smar\u017evielas un kait\u012bgas sast\u0101vda\u013cas, piem\u0113ram, alkoholu, [&hellip;]\" \/>\n<meta property=\"og:url\" content=\"https:\/\/www.facecorner.lv\/lv\/shop\/dear-klairs-supple-preparation-unscented-toner-180ml\/\" \/>\n<meta property=\"og:site_name\" content=\"FACECORNER\" \/>\n<meta property=\"article:publisher\" content=\"https:\/\/www.facebook.com\/profile.php?id=100063824551839\" \/>\n<meta property=\"article:modified_time\" content=\"2025-04-30T12:33:52+00:00\" \/>\n<meta property=\"og:image\" content=\"https:\/\/www.facecorner.lv\/wp-content\/uploads\/2023\/07\/61lG6gyvW6S.jpeg\" \/>\n\t<meta property=\"og:image:width\" content=\"1080\" \/>\n\t<meta property=\"og:image:height\" content=\"1080\" \/>\n\t<meta property=\"og:image:type\" content=\"image\/jpeg\" \/>\n<meta name=\"twitter:card\" content=\"summary_large_image\" \/>\n<meta name=\"twitter:label1\" content=\"Price\" \/>\n\t<meta name=\"twitter:data1\" content=\"&euro;25.00\" \/>\n\t<meta name=\"twitter:label2\" content=\"Availability\" \/>\n\t<meta name=\"twitter:data2\" content=\"Out of stock\" \/>\n<script type=\"application\/ld+json\" class=\"yoast-schema-graph\">{\"@context\":\"https:\\\/\\\/schema.org\",\"@graph\":[{\"@type\":\"WebPage\",\"@id\":\"https:\\\/\\\/www.facecorner.lv\\\/shop\\\/dear-klairs-supple-preparation-unscented-toner-180ml\\\/\",\"url\":\"https:\\\/\\\/www.facecorner.lv\\\/shop\\\/dear-klairs-supple-preparation-unscented-toner-180ml\\\/\",\"name\":\"Dear, Klairs Supple Preparation Unscented Toner 180ml - FACECORNER\",\"isPartOf\":{\"@id\":\"https:\\\/\\\/www.facecorner.lv\\\/#website\"},\"primaryImageOfPage\":{\"@id\":\"https:\\\/\\\/www.facecorner.lv\\\/shop\\\/dear-klairs-supple-preparation-unscented-toner-180ml\\\/#primaryimage\"},\"image\":{\"@id\":\"https:\\\/\\\/www.facecorner.lv\\\/shop\\\/dear-klairs-supple-preparation-unscented-toner-180ml\\\/#primaryimage\"},\"thumbnailUrl\":\"https:\\\/\\\/www.facecorner.lv\\\/wp-content\\\/uploads\\\/2023\\\/07\\\/61lG6gyvW6S.jpeg\",\"datePublished\":\"2023-07-18T10:00:21+00:00\",\"dateModified\":\"2025-04-30T12:33:52+00:00\",\"breadcrumb\":{\"@id\":\"https:\\\/\\\/www.facecorner.lv\\\/shop\\\/dear-klairs-supple-preparation-unscented-toner-180ml\\\/#breadcrumb\"},\"inLanguage\":\"lv-LV\",\"potentialAction\":[{\"@type\":\"ReadAction\",\"target\":[\"https:\\\/\\\/www.facecorner.lv\\\/shop\\\/dear-klairs-supple-preparation-unscented-toner-180ml\\\/\"]}]},{\"@type\":\"ImageObject\",\"inLanguage\":\"lv-LV\",\"@id\":\"https:\\\/\\\/www.facecorner.lv\\\/shop\\\/dear-klairs-supple-preparation-unscented-toner-180ml\\\/#primaryimage\",\"url\":\"https:\\\/\\\/www.facecorner.lv\\\/wp-content\\\/uploads\\\/2023\\\/07\\\/61lG6gyvW6S.jpeg\",\"contentUrl\":\"https:\\\/\\\/www.facecorner.lv\\\/wp-content\\\/uploads\\\/2023\\\/07\\\/61lG6gyvW6S.jpeg\",\"width\":1080,\"height\":1080},{\"@type\":\"BreadcrumbList\",\"@id\":\"https:\\\/\\\/www.facecorner.lv\\\/shop\\\/dear-klairs-supple-preparation-unscented-toner-180ml\\\/#breadcrumb\",\"itemListElement\":[{\"@type\":\"ListItem\",\"position\":1,\"name\":\"Home\",\"item\":\"https:\\\/\\\/www.facecorner.lv\\\/\"},{\"@type\":\"ListItem\",\"position\":2,\"name\":\"Veikals\",\"item\":\"https:\\\/\\\/www.facecorner.lv\\\/shop\\\/\"},{\"@type\":\"ListItem\",\"position\":3,\"name\":\"Dear, Klairs Supple Preparation Unscented Toner 180ml\"}]},{\"@type\":\"WebSite\",\"@id\":\"https:\\\/\\\/www.facecorner.lv\\\/#website\",\"url\":\"https:\\\/\\\/www.facecorner.lv\\\/\",\"name\":\"Facecorner\",\"description\":\"\",\"publisher\":{\"@id\":\"https:\\\/\\\/www.facecorner.lv\\\/#organization\"},\"potentialAction\":[{\"@type\":\"SearchAction\",\"target\":{\"@type\":\"EntryPoint\",\"urlTemplate\":\"https:\\\/\\\/www.facecorner.lv\\\/?s={search_term_string}\"},\"query-input\":{\"@type\":\"PropertyValueSpecification\",\"valueRequired\":true,\"valueName\":\"search_term_string\"}}],\"inLanguage\":\"lv-LV\"},{\"@type\":\"Organization\",\"@id\":\"https:\\\/\\\/www.facecorner.lv\\\/#organization\",\"name\":\"Facecorner\",\"url\":\"https:\\\/\\\/www.facecorner.lv\\\/\",\"logo\":{\"@type\":\"ImageObject\",\"inLanguage\":\"lv-LV\",\"@id\":\"https:\\\/\\\/www.facecorner.lv\\\/#\\\/schema\\\/logo\\\/image\\\/\",\"url\":\"https:\\\/\\\/www.facecorner.lv\\\/wp-content\\\/uploads\\\/2024\\\/04\\\/fc-logo.jpg\",\"contentUrl\":\"https:\\\/\\\/www.facecorner.lv\\\/wp-content\\\/uploads\\\/2024\\\/04\\\/fc-logo.jpg\",\"width\":174,\"height\":28,\"caption\":\"Facecorner\"},\"image\":{\"@id\":\"https:\\\/\\\/www.facecorner.lv\\\/#\\\/schema\\\/logo\\\/image\\\/\"},\"sameAs\":[\"https:\\\/\\\/www.facebook.com\\\/profile.php?id=100063824551839\",\"https:\\\/\\\/www.instagram.com\\\/facecorner_shop\\\/\"]}]}<\/script>\n<meta property=\"product:price:amount\" content=\"25.00\" \/>\n<meta property=\"product:price:currency\" content=\"EUR\" \/>\n<meta property=\"og:availability\" content=\"out of stock\" \/>\n<meta property=\"product:availability\" content=\"out of stock\" \/>\n<meta property=\"product:condition\" content=\"new\" \/>\n<!-- \/ Yoast SEO plugin. -->","yoast_head_json":{"title":"Dear, Klairs Supple Preparation Unscented Toner 180ml - FACECORNER","robots":{"index":"index","follow":"follow","max-snippet":"max-snippet:-1","max-image-preview":"max-image-preview:large","max-video-preview":"max-video-preview:-1"},"canonical":"https:\/\/www.facecorner.lv\/lv\/shop\/dear-klairs-supple-preparation-unscented-toner-180ml\/","og_locale":"lv_LV","og_type":"article","og_title":"Dear, Klairs Supple Preparation Unscented Toner 180ml - FACECORNER","og_description":"Toneris Klairs Supple Preparation bez smar\u017eas atjauno optim\u0101lo pH l\u012bdzsvaru p\u0113c \u0101das att\u012br\u012b\u0161anas un uzlabo visu turpm\u0101ko \u0101das kop\u0161anas darb\u012bbu efektivit\u0101ti. Produkts intens\u012bvi mitrina un baro \u0101du, nov\u0113r\u0161 lob\u012b\u0161anos un sausumu, neizraisa kairin\u0101jumu un regul\u0113 \u0101das sebuma veido\u0161anos. Tonera viegl\u0101 formula nesatur e\u013c\u013cu un nenoslogo \u0101du, k\u0101 ar\u012b nesatur smar\u017evielas un kait\u012bgas sast\u0101vda\u013cas, piem\u0113ram, alkoholu, [&hellip;]","og_url":"https:\/\/www.facecorner.lv\/lv\/shop\/dear-klairs-supple-preparation-unscented-toner-180ml\/","og_site_name":"FACECORNER","article_publisher":"https:\/\/www.facebook.com\/profile.php?id=100063824551839","article_modified_time":"2025-04-30T12:33:52+00:00","og_image":[{"width":1080,"height":1080,"url":"https:\/\/www.facecorner.lv\/wp-content\/uploads\/2023\/07\/61lG6gyvW6S.jpeg","type":"image\/jpeg"}],"twitter_card":"summary_large_image","twitter_misc":{"Price":"&euro;25.00","Availability":"Out of stock"},"schema":{"@context":"https:\/\/schema.org","@graph":[{"@type":"WebPage","@id":"https:\/\/www.facecorner.lv\/shop\/dear-klairs-supple-preparation-unscented-toner-180ml\/","url":"https:\/\/www.facecorner.lv\/shop\/dear-klairs-supple-preparation-unscented-toner-180ml\/","name":"Dear, Klairs Supple Preparation Unscented Toner 180ml - FACECORNER","isPartOf":{"@id":"https:\/\/www.facecorner.lv\/#website"},"primaryImageOfPage":{"@id":"https:\/\/www.facecorner.lv\/shop\/dear-klairs-supple-preparation-unscented-toner-180ml\/#primaryimage"},"image":{"@id":"https:\/\/www.facecorner.lv\/shop\/dear-klairs-supple-preparation-unscented-toner-180ml\/#primaryimage"},"thumbnailUrl":"https:\/\/www.facecorner.lv\/wp-content\/uploads\/2023\/07\/61lG6gyvW6S.jpeg","datePublished":"2023-07-18T10:00:21+00:00","dateModified":"2025-04-30T12:33:52+00:00","breadcrumb":{"@id":"https:\/\/www.facecorner.lv\/shop\/dear-klairs-supple-preparation-unscented-toner-180ml\/#breadcrumb"},"inLanguage":"lv-LV","potentialAction":[{"@type":"ReadAction","target":["https:\/\/www.facecorner.lv\/shop\/dear-klairs-supple-preparation-unscented-toner-180ml\/"]}]},{"@type":"ImageObject","inLanguage":"lv-LV","@id":"https:\/\/www.facecorner.lv\/shop\/dear-klairs-supple-preparation-unscented-toner-180ml\/#primaryimage","url":"https:\/\/www.facecorner.lv\/wp-content\/uploads\/2023\/07\/61lG6gyvW6S.jpeg","contentUrl":"https:\/\/www.facecorner.lv\/wp-content\/uploads\/2023\/07\/61lG6gyvW6S.jpeg","width":1080,"height":1080},{"@type":"BreadcrumbList","@id":"https:\/\/www.facecorner.lv\/shop\/dear-klairs-supple-preparation-unscented-toner-180ml\/#breadcrumb","itemListElement":[{"@type":"ListItem","position":1,"name":"Home","item":"https:\/\/www.facecorner.lv\/"},{"@type":"ListItem","position":2,"name":"Veikals","item":"https:\/\/www.facecorner.lv\/shop\/"},{"@type":"ListItem","position":3,"name":"Dear, Klairs Supple Preparation Unscented Toner 180ml"}]},{"@type":"WebSite","@id":"https:\/\/www.facecorner.lv\/#website","url":"https:\/\/www.facecorner.lv\/","name":"Facecorner","description":"","publisher":{"@id":"https:\/\/www.facecorner.lv\/#organization"},"potentialAction":[{"@type":"SearchAction","target":{"@type":"EntryPoint","urlTemplate":"https:\/\/www.facecorner.lv\/?s={search_term_string}"},"query-input":{"@type":"PropertyValueSpecification","valueRequired":true,"valueName":"search_term_string"}}],"inLanguage":"lv-LV"},{"@type":"Organization","@id":"https:\/\/www.facecorner.lv\/#organization","name":"Facecorner","url":"https:\/\/www.facecorner.lv\/","logo":{"@type":"ImageObject","inLanguage":"lv-LV","@id":"https:\/\/www.facecorner.lv\/#\/schema\/logo\/image\/","url":"https:\/\/www.facecorner.lv\/wp-content\/uploads\/2024\/04\/fc-logo.jpg","contentUrl":"https:\/\/www.facecorner.lv\/wp-content\/uploads\/2024\/04\/fc-logo.jpg","width":174,"height":28,"caption":"Facecorner"},"image":{"@id":"https:\/\/www.facecorner.lv\/#\/schema\/logo\/image\/"},"sameAs":["https:\/\/www.facebook.com\/profile.php?id=100063824551839","https:\/\/www.instagram.com\/facecorner_shop\/"]}]},"product_price_amount":"25.00","product_price_currency":"EUR","og_availability":"out of stock","product_availability":"out of stock","product_condition":"new"},"_links":{"self":[{"href":"https:\/\/www.facecorner.lv\/lv\/wp-json\/wp\/v2\/product\/11553","targetHints":{"allow":["GET"]}}],"collection":[{"href":"https:\/\/www.facecorner.lv\/lv\/wp-json\/wp\/v2\/product"}],"about":[{"href":"https:\/\/www.facecorner.lv\/lv\/wp-json\/wp\/v2\/types\/product"}],"replies":[{"embeddable":true,"href":"https:\/\/www.facecorner.lv\/lv\/wp-json\/wp\/v2\/comments?post=11553"}],"wp:featuredmedia":[{"embeddable":true,"href":"https:\/\/www.facecorner.lv\/lv\/wp-json\/wp\/v2\/media\/11555"}],"wp:attachment":[{"href":"https:\/\/www.facecorner.lv\/lv\/wp-json\/wp\/v2\/media?parent=11553"}],"wp:term":[{"taxonomy":"product_brand","embeddable":true,"href":"https:\/\/www.facecorner.lv\/lv\/wp-json\/wp\/v2\/product_brand?post=11553"},{"taxonomy":"product_cat","embeddable":true,"href":"https:\/\/www.facecorner.lv\/lv\/wp-json\/wp\/v2\/product_cat?post=11553"},{"taxonomy":"product_tag","embeddable":true,"href":"https:\/\/www.facecorner.lv\/lv\/wp-json\/wp\/v2\/product_tag?post=11553"},{"taxonomy":"berocket_brand","embeddable":true,"href":"https:\/\/www.facecorner.lv\/lv\/wp-json\/wp\/v2\/berocket_brand?post=11553"}],"curies":[{"name":"wp","href":"https:\/\/api.w.org\/{rel}","templated":true}]}}