{"id":11455,"date":"2023-07-07T15:53:14","date_gmt":"2023-07-07T13:53:14","guid":{"rendered":"https:\/\/www.facecorner.lv\/?post_type=product&#038;p=11455"},"modified":"2026-04-26T00:11:08","modified_gmt":"2026-04-25T21:11:08","slug":"by-wishtrend-vitamin-a-mazing-bakuchiol-night-cream-30ml","status":"publish","type":"product","link":"https:\/\/www.facecorner.lv\/lv\/shop\/by-wishtrend-vitamin-a-mazing-bakuchiol-night-cream-30ml\/","title":{"rendered":"By Wishtrend Vitamin A-mazing Bakuchiol Night Cream 30ml"},"content":{"rendered":"<p>By Wishtrend Vitamin A-mazing Bakuchiol nakts kr\u0113ms samazina grumbu dzi\u013cumu un nov\u0113r\u0161 to par\u0101d\u012b\u0161anos, izl\u012bdzina mikroreljefu, uzlabo elast\u012bbu, pal\u012bdz c\u012bn\u012bties ar pinn\u0113m un mitrina.<\/p>\n<p>Produkts satur efekt\u012bvus pretnoveco\u0161an\u0101s komponentus, kas neizraisa kairin\u0101jumu un ir piem\u0113roti pat jut\u012bgai \u0101dai. Formula ir sabalans\u0113ta ar mitrino\u0161\u0101m un barojo\u0161\u0101m sast\u0101vda\u013c\u0101m, kas nov\u0113r\u0161 sausumu un lob\u012b\u0161anos.<\/p>\n<p>Viena no galvenaj\u0101m sast\u0101vda\u013c\u0101m ir t\u012bklene (300 ppm) &#8211; A vitam\u012bna atvasin\u0101ta forma. Tas uzs\u0101k intens\u012bvu atjauno\u0161an\u0101s procesu, pie\u0161\u0137ir elast\u012bbu, sabiez\u0113, stiprina \u0101rpus\u0161\u016bnu matricu, normaliz\u0113 hidrolip\u012bdu l\u012bdzsvaru, palielina kolag\u0113na ra\u017eo\u0161anu, samazina grumbu smagumu. un p\u016bt\u012b\u0161u par\u0101d\u012b\u0161an\u0101s. Darbojas \u0101tr\u0101k nek\u0101 citi A vitam\u012bna veidi.<\/p>\n<p>Bakuchiol (10 000 ppm), kas ir retinola augu analogs, stimul\u0113 dabisk\u0101 kolag\u0113na veido\u0161anos \u0161\u016bn\u0101s, c\u012bn\u0101s ar grumb\u0101m, uzlabo elast\u012bbu un kav\u0113 melan\u012bna ra\u017eo\u0161anu, lieliski piem\u0113rots jut\u012bgai \u0101dai.<\/p>\n<p>Kr\u0113ms atjauno vienm\u0113r\u012bgu toni un dabisku mirdzumu. Produktam ir ar\u012b pat\u012bkama netaukaina tekst\u016bra.<\/p>\n<p>Piem\u0113rots visiem \u0101das tipiem.<\/p>\n<p><strong>Lieto\u0161ana:<\/strong> Uzkl\u0101jiet uz sausas sejas p\u0113c t\u012br\u012b\u0161anas, toniz\u0113\u0161anas un seruma. Ieteicams lietot k\u0101 nakts kop\u0161anu, bet dienas laik\u0101 uzkl\u0101t l\u012bdzekli ar SPF.<\/p>\n<p>Ja jums ir jut\u012bga \u0101da vai iepriek\u0161 neesat lietojis retinola produktus, kr\u0113mu sav\u0101 apr\u016bp\u0113 ieviesiet pak\u0101peniski (piem\u0113ram, lietojiet l\u012bdzekli 2 reizes ned\u0113\u013c\u0101 2 ned\u0113\u013cas, p\u0113c tam, ja \u0101da neizr\u0101da kairin\u0101juma paz\u012bmes, uzkl\u0101jiet kr\u0113mu 3 reizes ned\u0113\u013c\u0101 ilg\u0101k par 2 ned\u0113\u013c\u0101m).<\/p>\n<p><strong>S\u0101stavs: <\/strong>Aqua(Water), Glycerin, Hydrogenated Polydecene, Caprylic\/Capric Triglyceride, Betaine, Phenyl Trimethicone, Polyglyceryl-3 Methylglucose Distearate, Cetyl Alcohol, Macadamia Integrifolia Seed Oil, Niacinamide, Glyceryl Glucoside, Glyceryl Stearate, Bakuchiol, Trehalose, Behenyl Alcohol, Pentaerythrityl Distearate, 1,2-Hexanediol, Polyglyceryl-10 Laurate, Ammonium Acryloyldimethyltaurate\/VP Copolymer, Dipropylene Glycol, Hydroxyacetophenone, Laminaria Japonica Extract, Eclipta Prostrata Leaf Extract, Sodium Stearoyl Glutamate, Ethylhexylglycerin, Adenosine, Glucose, Fructooligosaccharides, Butylene Glycol, Sodium Hyaluronate, Retinal, Hydrogenated Lecithin, Beta-Glucan, Hydrolyzed Hyaluronic Acid, Centella Asiatica Extract, Ficus Carica (Fig) Fruit Extract, Ceramide NP, Tocopherol, Collagen, Leuconostoc\/Radish Root Ferment Filtrate, Palmitoyl Tripeptide-8, Dextran<\/p>\n","protected":false},"excerpt":{"rendered":"<p>By Wishtrend Vitamin A-mazing Bakuchiol nakts kr\u0113ms samazina grumbu dzi\u013cumu un nov\u0113r\u0161 to par\u0101d\u012b\u0161anos, izl\u012bdzina mikroreljefu, uzlabo elast\u012bbu, pal\u012bdz c\u012bn\u012bties ar pinn\u0113m un mitrina. Produkts satur efekt\u012bvus pretnoveco\u0161an\u0101s komponentus, kas neizraisa kairin\u0101jumu un ir piem\u0113roti pat jut\u012bgai \u0101dai. Formula ir sabalans\u0113ta ar mitrino\u0161\u0101m un barojo\u0161\u0101m sast\u0101vda\u013c\u0101m, kas nov\u0113r\u0161 sausumu un lob\u012b\u0161anos. Viena no galvenaj\u0101m sast\u0101vda\u013c\u0101m [&hellip;]<\/p>\n","protected":false},"featured_media":11456,"comment_status":"open","ping_status":"closed","template":"","meta":{"site-sidebar-layout":"default","site-content-layout":"","ast-site-content-layout":"","site-content-style":"default","site-sidebar-style":"default","ast-global-header-display":"","ast-banner-title-visibility":"","ast-main-header-display":"","ast-hfb-above-header-display":"","ast-hfb-below-header-display":"","ast-hfb-mobile-header-display":"","site-post-title":"","ast-breadcrumbs-content":"","ast-featured-img":"","footer-sml-layout":"","theme-transparent-header-meta":"","adv-header-id-meta":"","stick-header-meta":"","header-above-stick-meta":"","header-main-stick-meta":"","header-below-stick-meta":"","astra-migrate-meta-layouts":"default","ast-page-background-enabled":"default","ast-page-background-meta":{"desktop":{"background-color":"var(--ast-global-color-4)","background-image":"","background-repeat":"repeat","background-position":"center center","background-size":"auto","background-attachment":"scroll","background-type":"","background-media":"","overlay-type":"","overlay-color":"","overlay-opacity":"","overlay-gradient":""},"tablet":{"background-color":"","background-image":"","background-repeat":"repeat","background-position":"center center","background-size":"auto","background-attachment":"scroll","background-type":"","background-media":"","overlay-type":"","overlay-color":"","overlay-opacity":"","overlay-gradient":""},"mobile":{"background-color":"","background-image":"","background-repeat":"repeat","background-position":"center center","background-size":"auto","background-attachment":"scroll","background-type":"","background-media":"","overlay-type":"","overlay-color":"","overlay-opacity":"","overlay-gradient":""}},"ast-content-background-meta":{"desktop":{"background-color":"var(--ast-global-color-5)","background-image":"","background-repeat":"repeat","background-position":"center center","background-size":"auto","background-attachment":"scroll","background-type":"","background-media":"","overlay-type":"","overlay-color":"","overlay-opacity":"","overlay-gradient":""},"tablet":{"background-color":"var(--ast-global-color-5)","background-image":"","background-repeat":"repeat","background-position":"center center","background-size":"auto","background-attachment":"scroll","background-type":"","background-media":"","overlay-type":"","overlay-color":"","overlay-opacity":"","overlay-gradient":""},"mobile":{"background-color":"var(--ast-global-color-5)","background-image":"","background-repeat":"repeat","background-position":"center center","background-size":"auto","background-attachment":"scroll","background-type":"","background-media":"","overlay-type":"","overlay-color":"","overlay-opacity":"","overlay-gradient":""}}},"product_brand":[],"product_cat":[365,380,366,367,368,369,381,472,379,362],"product_tag":[],"berocket_brand":[603],"class_list":{"0":"post-11455","1":"product","2":"type-product","3":"status-publish","4":"has-post-thumbnail","6":"product_cat-barojoss","7":"product_cat-kombinetai-adai","8":"product_cat-mitrinoss","9":"product_cat-nomierinoss","10":"product_cat-pret-grumbam","11":"product_cat-problematiskai-adai-sejas-krems","12":"product_cat-problematiskai-un-taukainai-adai","13":"product_cat-retinols","14":"product_cat-sausai-adai-anti-age","15":"product_cat-sejas-krems","16":"berocket_brand-bywishtrend","17":"desktop-align-left","18":"tablet-align-left","19":"mobile-align-left","21":"first","22":"outofstock","23":"taxable","24":"shipping-taxable","25":"purchasable","26":"product-type-simple","27":"add-to-wishlist-before_image"},"yoast_head":"<!-- This site is optimized with the Yoast SEO plugin v27.4 - https:\/\/yoast.com\/product\/yoast-seo-wordpress\/ -->\n<title>By Wishtrend Vitamin A-mazing Bakuchiol Night Cream 30ml - FACECORNER<\/title>\n<meta name=\"robots\" content=\"index, follow, max-snippet:-1, max-image-preview:large, max-video-preview:-1\" \/>\n<link rel=\"canonical\" href=\"https:\/\/www.facecorner.lv\/lv\/shop\/by-wishtrend-vitamin-a-mazing-bakuchiol-night-cream-30ml\/\" \/>\n<meta property=\"og:locale\" content=\"lv_LV\" \/>\n<meta property=\"og:type\" content=\"article\" \/>\n<meta property=\"og:title\" content=\"By Wishtrend Vitamin A-mazing Bakuchiol Night Cream 30ml - FACECORNER\" \/>\n<meta property=\"og:description\" content=\"By Wishtrend Vitamin A-mazing Bakuchiol nakts kr\u0113ms samazina grumbu dzi\u013cumu un nov\u0113r\u0161 to par\u0101d\u012b\u0161anos, izl\u012bdzina mikroreljefu, uzlabo elast\u012bbu, pal\u012bdz c\u012bn\u012bties ar pinn\u0113m un mitrina. Produkts satur efekt\u012bvus pretnoveco\u0161an\u0101s komponentus, kas neizraisa kairin\u0101jumu un ir piem\u0113roti pat jut\u012bgai \u0101dai. Formula ir sabalans\u0113ta ar mitrino\u0161\u0101m un barojo\u0161\u0101m sast\u0101vda\u013c\u0101m, kas nov\u0113r\u0161 sausumu un lob\u012b\u0161anos. Viena no galvenaj\u0101m sast\u0101vda\u013c\u0101m [&hellip;]\" \/>\n<meta property=\"og:url\" content=\"https:\/\/www.facecorner.lv\/lv\/shop\/by-wishtrend-vitamin-a-mazing-bakuchiol-night-cream-30ml\/\" \/>\n<meta property=\"og:site_name\" content=\"FACECORNER\" \/>\n<meta property=\"article:publisher\" content=\"https:\/\/www.facebook.com\/profile.php?id=100063824551839\" \/>\n<meta property=\"article:modified_time\" content=\"2026-04-25T21:11:08+00:00\" \/>\n<meta property=\"og:image\" content=\"https:\/\/www.facecorner.lv\/wp-content\/uploads\/2023\/07\/614Ml5BJmhL.jpeg\" \/>\n\t<meta property=\"og:image:width\" content=\"1600\" \/>\n\t<meta property=\"og:image:height\" content=\"1600\" \/>\n\t<meta property=\"og:image:type\" content=\"image\/jpeg\" \/>\n<meta name=\"twitter:card\" content=\"summary_large_image\" \/>\n<meta name=\"twitter:label1\" content=\"Price\" \/>\n\t<meta name=\"twitter:data1\" content=\"&euro;45.00\" \/>\n\t<meta name=\"twitter:label2\" content=\"Availability\" \/>\n\t<meta name=\"twitter:data2\" content=\"Out of stock\" \/>\n<script type=\"application\/ld+json\" class=\"yoast-schema-graph\">{\"@context\":\"https:\\\/\\\/schema.org\",\"@graph\":[{\"@type\":\"WebPage\",\"@id\":\"https:\\\/\\\/www.facecorner.lv\\\/shop\\\/by-wishtrend-vitamin-a-mazing-bakuchiol-night-cream-30ml\\\/\",\"url\":\"https:\\\/\\\/www.facecorner.lv\\\/shop\\\/by-wishtrend-vitamin-a-mazing-bakuchiol-night-cream-30ml\\\/\",\"name\":\"By Wishtrend Vitamin A-mazing Bakuchiol Night Cream 30ml - FACECORNER\",\"isPartOf\":{\"@id\":\"https:\\\/\\\/www.facecorner.lv\\\/#website\"},\"primaryImageOfPage\":{\"@id\":\"https:\\\/\\\/www.facecorner.lv\\\/shop\\\/by-wishtrend-vitamin-a-mazing-bakuchiol-night-cream-30ml\\\/#primaryimage\"},\"image\":{\"@id\":\"https:\\\/\\\/www.facecorner.lv\\\/shop\\\/by-wishtrend-vitamin-a-mazing-bakuchiol-night-cream-30ml\\\/#primaryimage\"},\"thumbnailUrl\":\"https:\\\/\\\/www.facecorner.lv\\\/wp-content\\\/uploads\\\/2023\\\/07\\\/614Ml5BJmhL.jpeg\",\"datePublished\":\"2023-07-07T13:53:14+00:00\",\"dateModified\":\"2026-04-25T21:11:08+00:00\",\"breadcrumb\":{\"@id\":\"https:\\\/\\\/www.facecorner.lv\\\/shop\\\/by-wishtrend-vitamin-a-mazing-bakuchiol-night-cream-30ml\\\/#breadcrumb\"},\"inLanguage\":\"lv-LV\",\"potentialAction\":[{\"@type\":\"ReadAction\",\"target\":[\"https:\\\/\\\/www.facecorner.lv\\\/shop\\\/by-wishtrend-vitamin-a-mazing-bakuchiol-night-cream-30ml\\\/\"]}]},{\"@type\":\"ImageObject\",\"inLanguage\":\"lv-LV\",\"@id\":\"https:\\\/\\\/www.facecorner.lv\\\/shop\\\/by-wishtrend-vitamin-a-mazing-bakuchiol-night-cream-30ml\\\/#primaryimage\",\"url\":\"https:\\\/\\\/www.facecorner.lv\\\/wp-content\\\/uploads\\\/2023\\\/07\\\/614Ml5BJmhL.jpeg\",\"contentUrl\":\"https:\\\/\\\/www.facecorner.lv\\\/wp-content\\\/uploads\\\/2023\\\/07\\\/614Ml5BJmhL.jpeg\",\"width\":1600,\"height\":1600},{\"@type\":\"BreadcrumbList\",\"@id\":\"https:\\\/\\\/www.facecorner.lv\\\/shop\\\/by-wishtrend-vitamin-a-mazing-bakuchiol-night-cream-30ml\\\/#breadcrumb\",\"itemListElement\":[{\"@type\":\"ListItem\",\"position\":1,\"name\":\"Home\",\"item\":\"https:\\\/\\\/www.facecorner.lv\\\/\"},{\"@type\":\"ListItem\",\"position\":2,\"name\":\"Veikals\",\"item\":\"https:\\\/\\\/www.facecorner.lv\\\/shop\\\/\"},{\"@type\":\"ListItem\",\"position\":3,\"name\":\"By Wishtrend Vitamin A-mazing Bakuchiol Night Cream 30ml\"}]},{\"@type\":\"WebSite\",\"@id\":\"https:\\\/\\\/www.facecorner.lv\\\/#website\",\"url\":\"https:\\\/\\\/www.facecorner.lv\\\/\",\"name\":\"Facecorner\",\"description\":\"\",\"publisher\":{\"@id\":\"https:\\\/\\\/www.facecorner.lv\\\/#organization\"},\"potentialAction\":[{\"@type\":\"SearchAction\",\"target\":{\"@type\":\"EntryPoint\",\"urlTemplate\":\"https:\\\/\\\/www.facecorner.lv\\\/?s={search_term_string}\"},\"query-input\":{\"@type\":\"PropertyValueSpecification\",\"valueRequired\":true,\"valueName\":\"search_term_string\"}}],\"inLanguage\":\"lv-LV\"},{\"@type\":\"Organization\",\"@id\":\"https:\\\/\\\/www.facecorner.lv\\\/#organization\",\"name\":\"Facecorner\",\"url\":\"https:\\\/\\\/www.facecorner.lv\\\/\",\"logo\":{\"@type\":\"ImageObject\",\"inLanguage\":\"lv-LV\",\"@id\":\"https:\\\/\\\/www.facecorner.lv\\\/#\\\/schema\\\/logo\\\/image\\\/\",\"url\":\"https:\\\/\\\/www.facecorner.lv\\\/wp-content\\\/uploads\\\/2024\\\/04\\\/fc-logo.jpg\",\"contentUrl\":\"https:\\\/\\\/www.facecorner.lv\\\/wp-content\\\/uploads\\\/2024\\\/04\\\/fc-logo.jpg\",\"width\":174,\"height\":28,\"caption\":\"Facecorner\"},\"image\":{\"@id\":\"https:\\\/\\\/www.facecorner.lv\\\/#\\\/schema\\\/logo\\\/image\\\/\"},\"sameAs\":[\"https:\\\/\\\/www.facebook.com\\\/profile.php?id=100063824551839\",\"https:\\\/\\\/www.instagram.com\\\/facecorner_shop\\\/\"]}]}<\/script>\n<meta property=\"product:price:amount\" content=\"45.00\" \/>\n<meta property=\"product:price:currency\" content=\"EUR\" \/>\n<meta property=\"og:availability\" content=\"out of stock\" \/>\n<meta property=\"product:availability\" content=\"out of stock\" \/>\n<meta property=\"product:condition\" content=\"new\" \/>\n<!-- \/ Yoast SEO plugin. -->","yoast_head_json":{"title":"By Wishtrend Vitamin A-mazing Bakuchiol Night Cream 30ml - FACECORNER","robots":{"index":"index","follow":"follow","max-snippet":"max-snippet:-1","max-image-preview":"max-image-preview:large","max-video-preview":"max-video-preview:-1"},"canonical":"https:\/\/www.facecorner.lv\/lv\/shop\/by-wishtrend-vitamin-a-mazing-bakuchiol-night-cream-30ml\/","og_locale":"lv_LV","og_type":"article","og_title":"By Wishtrend Vitamin A-mazing Bakuchiol Night Cream 30ml - FACECORNER","og_description":"By Wishtrend Vitamin A-mazing Bakuchiol nakts kr\u0113ms samazina grumbu dzi\u013cumu un nov\u0113r\u0161 to par\u0101d\u012b\u0161anos, izl\u012bdzina mikroreljefu, uzlabo elast\u012bbu, pal\u012bdz c\u012bn\u012bties ar pinn\u0113m un mitrina. Produkts satur efekt\u012bvus pretnoveco\u0161an\u0101s komponentus, kas neizraisa kairin\u0101jumu un ir piem\u0113roti pat jut\u012bgai \u0101dai. Formula ir sabalans\u0113ta ar mitrino\u0161\u0101m un barojo\u0161\u0101m sast\u0101vda\u013c\u0101m, kas nov\u0113r\u0161 sausumu un lob\u012b\u0161anos. Viena no galvenaj\u0101m sast\u0101vda\u013c\u0101m [&hellip;]","og_url":"https:\/\/www.facecorner.lv\/lv\/shop\/by-wishtrend-vitamin-a-mazing-bakuchiol-night-cream-30ml\/","og_site_name":"FACECORNER","article_publisher":"https:\/\/www.facebook.com\/profile.php?id=100063824551839","article_modified_time":"2026-04-25T21:11:08+00:00","og_image":[{"width":1600,"height":1600,"url":"https:\/\/www.facecorner.lv\/wp-content\/uploads\/2023\/07\/614Ml5BJmhL.jpeg","type":"image\/jpeg"}],"twitter_card":"summary_large_image","twitter_misc":{"Price":"&euro;45.00","Availability":"Out of stock"},"schema":{"@context":"https:\/\/schema.org","@graph":[{"@type":"WebPage","@id":"https:\/\/www.facecorner.lv\/shop\/by-wishtrend-vitamin-a-mazing-bakuchiol-night-cream-30ml\/","url":"https:\/\/www.facecorner.lv\/shop\/by-wishtrend-vitamin-a-mazing-bakuchiol-night-cream-30ml\/","name":"By Wishtrend Vitamin A-mazing Bakuchiol Night Cream 30ml - FACECORNER","isPartOf":{"@id":"https:\/\/www.facecorner.lv\/#website"},"primaryImageOfPage":{"@id":"https:\/\/www.facecorner.lv\/shop\/by-wishtrend-vitamin-a-mazing-bakuchiol-night-cream-30ml\/#primaryimage"},"image":{"@id":"https:\/\/www.facecorner.lv\/shop\/by-wishtrend-vitamin-a-mazing-bakuchiol-night-cream-30ml\/#primaryimage"},"thumbnailUrl":"https:\/\/www.facecorner.lv\/wp-content\/uploads\/2023\/07\/614Ml5BJmhL.jpeg","datePublished":"2023-07-07T13:53:14+00:00","dateModified":"2026-04-25T21:11:08+00:00","breadcrumb":{"@id":"https:\/\/www.facecorner.lv\/shop\/by-wishtrend-vitamin-a-mazing-bakuchiol-night-cream-30ml\/#breadcrumb"},"inLanguage":"lv-LV","potentialAction":[{"@type":"ReadAction","target":["https:\/\/www.facecorner.lv\/shop\/by-wishtrend-vitamin-a-mazing-bakuchiol-night-cream-30ml\/"]}]},{"@type":"ImageObject","inLanguage":"lv-LV","@id":"https:\/\/www.facecorner.lv\/shop\/by-wishtrend-vitamin-a-mazing-bakuchiol-night-cream-30ml\/#primaryimage","url":"https:\/\/www.facecorner.lv\/wp-content\/uploads\/2023\/07\/614Ml5BJmhL.jpeg","contentUrl":"https:\/\/www.facecorner.lv\/wp-content\/uploads\/2023\/07\/614Ml5BJmhL.jpeg","width":1600,"height":1600},{"@type":"BreadcrumbList","@id":"https:\/\/www.facecorner.lv\/shop\/by-wishtrend-vitamin-a-mazing-bakuchiol-night-cream-30ml\/#breadcrumb","itemListElement":[{"@type":"ListItem","position":1,"name":"Home","item":"https:\/\/www.facecorner.lv\/"},{"@type":"ListItem","position":2,"name":"Veikals","item":"https:\/\/www.facecorner.lv\/shop\/"},{"@type":"ListItem","position":3,"name":"By Wishtrend Vitamin A-mazing Bakuchiol Night Cream 30ml"}]},{"@type":"WebSite","@id":"https:\/\/www.facecorner.lv\/#website","url":"https:\/\/www.facecorner.lv\/","name":"Facecorner","description":"","publisher":{"@id":"https:\/\/www.facecorner.lv\/#organization"},"potentialAction":[{"@type":"SearchAction","target":{"@type":"EntryPoint","urlTemplate":"https:\/\/www.facecorner.lv\/?s={search_term_string}"},"query-input":{"@type":"PropertyValueSpecification","valueRequired":true,"valueName":"search_term_string"}}],"inLanguage":"lv-LV"},{"@type":"Organization","@id":"https:\/\/www.facecorner.lv\/#organization","name":"Facecorner","url":"https:\/\/www.facecorner.lv\/","logo":{"@type":"ImageObject","inLanguage":"lv-LV","@id":"https:\/\/www.facecorner.lv\/#\/schema\/logo\/image\/","url":"https:\/\/www.facecorner.lv\/wp-content\/uploads\/2024\/04\/fc-logo.jpg","contentUrl":"https:\/\/www.facecorner.lv\/wp-content\/uploads\/2024\/04\/fc-logo.jpg","width":174,"height":28,"caption":"Facecorner"},"image":{"@id":"https:\/\/www.facecorner.lv\/#\/schema\/logo\/image\/"},"sameAs":["https:\/\/www.facebook.com\/profile.php?id=100063824551839","https:\/\/www.instagram.com\/facecorner_shop\/"]}]},"product_price_amount":"45.00","product_price_currency":"EUR","og_availability":"out of stock","product_availability":"out of stock","product_condition":"new"},"_links":{"self":[{"href":"https:\/\/www.facecorner.lv\/lv\/wp-json\/wp\/v2\/product\/11455","targetHints":{"allow":["GET"]}}],"collection":[{"href":"https:\/\/www.facecorner.lv\/lv\/wp-json\/wp\/v2\/product"}],"about":[{"href":"https:\/\/www.facecorner.lv\/lv\/wp-json\/wp\/v2\/types\/product"}],"replies":[{"embeddable":true,"href":"https:\/\/www.facecorner.lv\/lv\/wp-json\/wp\/v2\/comments?post=11455"}],"wp:featuredmedia":[{"embeddable":true,"href":"https:\/\/www.facecorner.lv\/lv\/wp-json\/wp\/v2\/media\/11456"}],"wp:attachment":[{"href":"https:\/\/www.facecorner.lv\/lv\/wp-json\/wp\/v2\/media?parent=11455"}],"wp:term":[{"taxonomy":"product_brand","embeddable":true,"href":"https:\/\/www.facecorner.lv\/lv\/wp-json\/wp\/v2\/product_brand?post=11455"},{"taxonomy":"product_cat","embeddable":true,"href":"https:\/\/www.facecorner.lv\/lv\/wp-json\/wp\/v2\/product_cat?post=11455"},{"taxonomy":"product_tag","embeddable":true,"href":"https:\/\/www.facecorner.lv\/lv\/wp-json\/wp\/v2\/product_tag?post=11455"},{"taxonomy":"berocket_brand","embeddable":true,"href":"https:\/\/www.facecorner.lv\/lv\/wp-json\/wp\/v2\/berocket_brand?post=11455"}],"curies":[{"name":"wp","href":"https:\/\/api.w.org\/{rel}","templated":true}]}}