{"id":11451,"date":"2023-07-07T15:08:28","date_gmt":"2023-07-07T13:08:28","guid":{"rendered":"https:\/\/www.facecorner.lv\/?post_type=product&#038;p=11451"},"modified":"2024-05-31T14:05:56","modified_gmt":"2024-05-31T12:05:56","slug":"klairs-gentle-black-sugar-facial-polish-110g","status":"publish","type":"product","link":"https:\/\/www.facecorner.lv\/lv\/shop\/klairs-gentle-black-sugar-facial-polish-110g\/","title":{"rendered":"Klairs Gentle Black Sugar Facial Polish 110g"},"content":{"rendered":"<p>Klairs Gentle Black Sugar Facial\u00a0skrubis paredz\u0113ta visiem \u0101das tipiem. Tas ir paredz\u0113ts, lai nospodrin\u0101tu \u0101du un pie\u0161\u0137irtu tai liel\u0101ku elast\u012bbu, tvirtumu un gludumu. Tas ar\u012b \u013cauj no\u0146emt lob\u012b\u0161anos, atmiru\u0161\u0101s \u0101das da\u013ci\u0146as un pabarot to dzi\u013c\u0101 sl\u0101n\u012b.<\/p>\n<p>Lietojot \u0161o produktu, \u0101da k\u013c\u016bst mitrin\u0101t\u0101ka, m\u012bkst\u0101ka un sp\u012bd\u012bg\u0101ka. Produkta formula nodro\u0161ina komfortablu \u0101das st\u0101vokli, pal\u012bdz tai elpot un atjaunoties, uzlabo t\u0101s kr\u0101su un izl\u012bdzina virsmu. Tas ir piem\u0113rots ar\u012b jut\u012bgai \u0101dai.<\/p>\n<p>Skrubja lieto\u0161anas rezult\u0101t\u0101 \u0101da izskat\u0101s mitrin\u0101t\u0101ka, m\u012bkst\u0101ka un sp\u012bd\u012bg\u0101ka: tas ir efekts, ko vajadz\u0113tu sagaid\u012bt no produkta. T\u0101s formula nodro\u0161ina \u0101du komfortablu st\u0101vokli, pal\u012bdz tai elpot un atjaunoties, uzlabo t\u0101s kr\u0101su un izl\u012bdzina virsmu.<\/p>\n<p>Skrubis padara \u0101du maigu un maigu, piem\u0113ram, mazu\u013ca \u0101du. Tas efekt\u012bvi att\u012bra un noloba, neizraisot kairin\u0101jumu pat viskapr\u012bz\u0101kaj\u0101 un jut\u012bg\u0101kaj\u0101 \u0101d\u0101. Pateicoties tam, produkts b\u016bs lieliska d\u0101vana, jo nav tik vienk\u0101r\u0161i atrast patiesi efekt\u012bvu, m\u012bkstu un transform\u0113jo\u0161u skrubi.<\/p>\n<p><strong>Lieto\u0161ana:<\/strong> Uzkl\u0101jiet v\u0113lamo skrubja daudzumu uz mitras \u0101das. Mas\u0113jiet visu seju, iz\u0146emot zonu ap ac\u012bm, p\u0113c tam nomazg\u0101jiet seju ar \u016bdeni. Izbaudiet \u0101das izskatu<\/p>\n<p><strong>S\u0101stavs:\u00a0<\/strong>Water, CetylEthylhexanoate, Butylene Glycol, Glycerin, Sodium Hyaluronate, Caprylic\/CapricTriglyceride, CentellaAsiaticaExtract, SorbitanStearate, CetylAlcohol, ButyrospermumParkii(SheaButter), ArganiaSpinosaKernel Oil, SimmondsiaChinensis(Jojoba) Seed Oil, SorbitanSesquioleate, Glyceryl Stearate, Stearic Acid, PortulacaOleraceaExtract, AnthemisNobilisFlower Extract, Ceramide NP, Polysorbate60, Bees Wax, Chlorphenesin, TocopherylAcetate, Xanthan Gum, Acrylates\/C10-30 Alkyl Acrylate Crosspolymer, MorusAlba Root Extract, Tromethamine, Brassica OleraceaItalica(Broccoli) Extract, Guaiazulene, Acetyl Hexapeptide-8, Lecithin, Acetyl Glutamine, SH-Olgopeptide-1, SH-Olgopeptide-2, SH-Polypeptide-1, SH-Polypeptide-9, SH-Polypeptide-11, Bacillus\/Soybean\/Folic Acid Ferment Extract, CaprylylGlycol, 1,2-Hexanediol<\/p>\n","protected":false},"excerpt":{"rendered":"<p>Klairs Gentle Black Sugar Facial\u00a0skrubis paredz\u0113ta visiem \u0101das tipiem. Tas ir paredz\u0113ts, lai nospodrin\u0101tu \u0101du un pie\u0161\u0137irtu tai liel\u0101ku elast\u012bbu, tvirtumu un gludumu. Tas ar\u012b \u013cauj no\u0146emt lob\u012b\u0161anos, atmiru\u0161\u0101s \u0101das da\u013ci\u0146as un pabarot to dzi\u013c\u0101 sl\u0101n\u012b. Lietojot \u0161o produktu, \u0101da k\u013c\u016bst mitrin\u0101t\u0101ka, m\u012bkst\u0101ka un sp\u012bd\u012bg\u0101ka. Produkta formula nodro\u0161ina komfortablu \u0101das st\u0101vokli, pal\u012bdz tai elpot un [&hellip;]<\/p>\n","protected":false},"featured_media":11452,"comment_status":"open","ping_status":"closed","template":"","meta":{"site-sidebar-layout":"default","site-content-layout":"","ast-site-content-layout":"","site-content-style":"default","site-sidebar-style":"default","ast-global-header-display":"","ast-banner-title-visibility":"","ast-main-header-display":"","ast-hfb-above-header-display":"","ast-hfb-below-header-display":"","ast-hfb-mobile-header-display":"","site-post-title":"","ast-breadcrumbs-content":"","ast-featured-img":"","footer-sml-layout":"","theme-transparent-header-meta":"","adv-header-id-meta":"","stick-header-meta":"","header-above-stick-meta":"","header-main-stick-meta":"","header-below-stick-meta":"","astra-migrate-meta-layouts":"default","ast-page-background-enabled":"default","ast-page-background-meta":{"desktop":{"background-color":"var(--ast-global-color-4)","background-image":"","background-repeat":"repeat","background-position":"center center","background-size":"auto","background-attachment":"scroll","background-type":"","background-media":"","overlay-type":"","overlay-color":"","overlay-opacity":"","overlay-gradient":""},"tablet":{"background-color":"","background-image":"","background-repeat":"repeat","background-position":"center center","background-size":"auto","background-attachment":"scroll","background-type":"","background-media":"","overlay-type":"","overlay-color":"","overlay-opacity":"","overlay-gradient":""},"mobile":{"background-color":"","background-image":"","background-repeat":"repeat","background-position":"center center","background-size":"auto","background-attachment":"scroll","background-type":"","background-media":"","overlay-type":"","overlay-color":"","overlay-opacity":"","overlay-gradient":""}},"ast-content-background-meta":{"desktop":{"background-color":"var(--ast-global-color-5)","background-image":"","background-repeat":"repeat","background-position":"center center","background-size":"auto","background-attachment":"scroll","background-type":"","background-media":"","overlay-type":"","overlay-color":"","overlay-opacity":"","overlay-gradient":""},"tablet":{"background-color":"var(--ast-global-color-5)","background-image":"","background-repeat":"repeat","background-position":"center center","background-size":"auto","background-attachment":"scroll","background-type":"","background-media":"","overlay-type":"","overlay-color":"","overlay-opacity":"","overlay-gradient":""},"mobile":{"background-color":"var(--ast-global-color-5)","background-image":"","background-repeat":"repeat","background-position":"center center","background-size":"auto","background-attachment":"scroll","background-type":"","background-media":"","overlay-type":"","overlay-color":"","overlay-opacity":"","overlay-gradient":""}}},"product_brand":[],"product_cat":[380,328,381,379],"product_tag":[],"berocket_brand":[],"class_list":{"0":"post-11451","1":"product","2":"type-product","3":"status-publish","4":"has-post-thumbnail","6":"product_cat-kombinetai-adai","7":"product_cat-pilingi-un-skrubji","8":"product_cat-problematiskai-un-taukainai-adai","9":"product_cat-sausai-adai-anti-age","10":"desktop-align-left","11":"tablet-align-left","12":"mobile-align-left","14":"first","15":"outofstock","16":"taxable","17":"shipping-taxable","18":"purchasable","19":"product-type-simple","20":"add-to-wishlist-before_image"},"yoast_head":"<!-- This site is optimized with the Yoast SEO plugin v27.3 - https:\/\/yoast.com\/product\/yoast-seo-wordpress\/ -->\n<title>Klairs Gentle Black Sugar Facial Polish 110g - FACECORNER<\/title>\n<meta name=\"robots\" content=\"index, follow, max-snippet:-1, max-image-preview:large, max-video-preview:-1\" \/>\n<link rel=\"canonical\" href=\"https:\/\/www.facecorner.lv\/lv\/shop\/klairs-gentle-black-sugar-facial-polish-110g\/\" \/>\n<meta property=\"og:locale\" content=\"lv_LV\" \/>\n<meta property=\"og:type\" content=\"article\" \/>\n<meta property=\"og:title\" content=\"Klairs Gentle Black Sugar Facial Polish 110g - FACECORNER\" \/>\n<meta property=\"og:description\" content=\"Klairs Gentle Black Sugar Facial\u00a0skrubis paredz\u0113ta visiem \u0101das tipiem. Tas ir paredz\u0113ts, lai nospodrin\u0101tu \u0101du un pie\u0161\u0137irtu tai liel\u0101ku elast\u012bbu, tvirtumu un gludumu. Tas ar\u012b \u013cauj no\u0146emt lob\u012b\u0161anos, atmiru\u0161\u0101s \u0101das da\u013ci\u0146as un pabarot to dzi\u013c\u0101 sl\u0101n\u012b. Lietojot \u0161o produktu, \u0101da k\u013c\u016bst mitrin\u0101t\u0101ka, m\u012bkst\u0101ka un sp\u012bd\u012bg\u0101ka. Produkta formula nodro\u0161ina komfortablu \u0101das st\u0101vokli, pal\u012bdz tai elpot un [&hellip;]\" \/>\n<meta property=\"og:url\" content=\"https:\/\/www.facecorner.lv\/lv\/shop\/klairs-gentle-black-sugar-facial-polish-110g\/\" \/>\n<meta property=\"og:site_name\" content=\"FACECORNER\" \/>\n<meta property=\"article:publisher\" content=\"https:\/\/www.facebook.com\/profile.php?id=100063824551839\" \/>\n<meta property=\"article:modified_time\" content=\"2024-05-31T12:05:56+00:00\" \/>\n<meta property=\"og:image\" content=\"https:\/\/www.facecorner.lv\/wp-content\/uploads\/2023\/07\/klairs_gentle_black_sugar_facial_polish_110g_1577851132_503a6ad6_progressive.jpeg\" \/>\n\t<meta property=\"og:image:width\" content=\"971\" \/>\n\t<meta property=\"og:image:height\" content=\"917\" \/>\n\t<meta property=\"og:image:type\" content=\"image\/jpeg\" \/>\n<meta name=\"twitter:card\" content=\"summary_large_image\" \/>\n<meta name=\"twitter:label1\" content=\"Price\" \/>\n\t<meta name=\"twitter:data1\" content=\"&euro;24.00\" \/>\n\t<meta name=\"twitter:label2\" content=\"Availability\" \/>\n\t<meta name=\"twitter:data2\" content=\"Out of stock\" \/>\n<script type=\"application\/ld+json\" class=\"yoast-schema-graph\">{\"@context\":\"https:\\\/\\\/schema.org\",\"@graph\":[{\"@type\":\"WebPage\",\"@id\":\"https:\\\/\\\/www.facecorner.lv\\\/shop\\\/klairs-gentle-black-sugar-facial-polish-110g\\\/\",\"url\":\"https:\\\/\\\/www.facecorner.lv\\\/shop\\\/klairs-gentle-black-sugar-facial-polish-110g\\\/\",\"name\":\"Klairs Gentle Black Sugar Facial Polish 110g - FACECORNER\",\"isPartOf\":{\"@id\":\"https:\\\/\\\/www.facecorner.lv\\\/#website\"},\"primaryImageOfPage\":{\"@id\":\"https:\\\/\\\/www.facecorner.lv\\\/shop\\\/klairs-gentle-black-sugar-facial-polish-110g\\\/#primaryimage\"},\"image\":{\"@id\":\"https:\\\/\\\/www.facecorner.lv\\\/shop\\\/klairs-gentle-black-sugar-facial-polish-110g\\\/#primaryimage\"},\"thumbnailUrl\":\"https:\\\/\\\/www.facecorner.lv\\\/wp-content\\\/uploads\\\/2023\\\/07\\\/klairs_gentle_black_sugar_facial_polish_110g_1577851132_503a6ad6_progressive.jpeg\",\"datePublished\":\"2023-07-07T13:08:28+00:00\",\"dateModified\":\"2024-05-31T12:05:56+00:00\",\"breadcrumb\":{\"@id\":\"https:\\\/\\\/www.facecorner.lv\\\/shop\\\/klairs-gentle-black-sugar-facial-polish-110g\\\/#breadcrumb\"},\"inLanguage\":\"lv-LV\",\"potentialAction\":[{\"@type\":\"ReadAction\",\"target\":[\"https:\\\/\\\/www.facecorner.lv\\\/shop\\\/klairs-gentle-black-sugar-facial-polish-110g\\\/\"]}]},{\"@type\":\"ImageObject\",\"inLanguage\":\"lv-LV\",\"@id\":\"https:\\\/\\\/www.facecorner.lv\\\/shop\\\/klairs-gentle-black-sugar-facial-polish-110g\\\/#primaryimage\",\"url\":\"https:\\\/\\\/www.facecorner.lv\\\/wp-content\\\/uploads\\\/2023\\\/07\\\/klairs_gentle_black_sugar_facial_polish_110g_1577851132_503a6ad6_progressive.jpeg\",\"contentUrl\":\"https:\\\/\\\/www.facecorner.lv\\\/wp-content\\\/uploads\\\/2023\\\/07\\\/klairs_gentle_black_sugar_facial_polish_110g_1577851132_503a6ad6_progressive.jpeg\",\"width\":971,\"height\":917},{\"@type\":\"BreadcrumbList\",\"@id\":\"https:\\\/\\\/www.facecorner.lv\\\/shop\\\/klairs-gentle-black-sugar-facial-polish-110g\\\/#breadcrumb\",\"itemListElement\":[{\"@type\":\"ListItem\",\"position\":1,\"name\":\"Home\",\"item\":\"https:\\\/\\\/www.facecorner.lv\\\/\"},{\"@type\":\"ListItem\",\"position\":2,\"name\":\"Veikals\",\"item\":\"https:\\\/\\\/www.facecorner.lv\\\/shop\\\/\"},{\"@type\":\"ListItem\",\"position\":3,\"name\":\"Klairs Gentle Black Sugar Facial Polish 110g\"}]},{\"@type\":\"WebSite\",\"@id\":\"https:\\\/\\\/www.facecorner.lv\\\/#website\",\"url\":\"https:\\\/\\\/www.facecorner.lv\\\/\",\"name\":\"Facecorner\",\"description\":\"\",\"publisher\":{\"@id\":\"https:\\\/\\\/www.facecorner.lv\\\/#organization\"},\"potentialAction\":[{\"@type\":\"SearchAction\",\"target\":{\"@type\":\"EntryPoint\",\"urlTemplate\":\"https:\\\/\\\/www.facecorner.lv\\\/?s={search_term_string}\"},\"query-input\":{\"@type\":\"PropertyValueSpecification\",\"valueRequired\":true,\"valueName\":\"search_term_string\"}}],\"inLanguage\":\"lv-LV\"},{\"@type\":\"Organization\",\"@id\":\"https:\\\/\\\/www.facecorner.lv\\\/#organization\",\"name\":\"Facecorner\",\"url\":\"https:\\\/\\\/www.facecorner.lv\\\/\",\"logo\":{\"@type\":\"ImageObject\",\"inLanguage\":\"lv-LV\",\"@id\":\"https:\\\/\\\/www.facecorner.lv\\\/#\\\/schema\\\/logo\\\/image\\\/\",\"url\":\"https:\\\/\\\/www.facecorner.lv\\\/wp-content\\\/uploads\\\/2024\\\/04\\\/fc-logo.jpg\",\"contentUrl\":\"https:\\\/\\\/www.facecorner.lv\\\/wp-content\\\/uploads\\\/2024\\\/04\\\/fc-logo.jpg\",\"width\":174,\"height\":28,\"caption\":\"Facecorner\"},\"image\":{\"@id\":\"https:\\\/\\\/www.facecorner.lv\\\/#\\\/schema\\\/logo\\\/image\\\/\"},\"sameAs\":[\"https:\\\/\\\/www.facebook.com\\\/profile.php?id=100063824551839\",\"https:\\\/\\\/www.instagram.com\\\/facecorner_shop\\\/\"]}]}<\/script>\n<meta property=\"product:price:amount\" content=\"24.00\" \/>\n<meta property=\"product:price:currency\" content=\"EUR\" \/>\n<meta property=\"og:availability\" content=\"out of stock\" \/>\n<meta property=\"product:availability\" content=\"out of stock\" \/>\n<meta property=\"product:condition\" content=\"new\" \/>\n<!-- \/ Yoast SEO plugin. -->","yoast_head_json":{"title":"Klairs Gentle Black Sugar Facial Polish 110g - FACECORNER","robots":{"index":"index","follow":"follow","max-snippet":"max-snippet:-1","max-image-preview":"max-image-preview:large","max-video-preview":"max-video-preview:-1"},"canonical":"https:\/\/www.facecorner.lv\/lv\/shop\/klairs-gentle-black-sugar-facial-polish-110g\/","og_locale":"lv_LV","og_type":"article","og_title":"Klairs Gentle Black Sugar Facial Polish 110g - FACECORNER","og_description":"Klairs Gentle Black Sugar Facial\u00a0skrubis paredz\u0113ta visiem \u0101das tipiem. Tas ir paredz\u0113ts, lai nospodrin\u0101tu \u0101du un pie\u0161\u0137irtu tai liel\u0101ku elast\u012bbu, tvirtumu un gludumu. Tas ar\u012b \u013cauj no\u0146emt lob\u012b\u0161anos, atmiru\u0161\u0101s \u0101das da\u013ci\u0146as un pabarot to dzi\u013c\u0101 sl\u0101n\u012b. Lietojot \u0161o produktu, \u0101da k\u013c\u016bst mitrin\u0101t\u0101ka, m\u012bkst\u0101ka un sp\u012bd\u012bg\u0101ka. Produkta formula nodro\u0161ina komfortablu \u0101das st\u0101vokli, pal\u012bdz tai elpot un [&hellip;]","og_url":"https:\/\/www.facecorner.lv\/lv\/shop\/klairs-gentle-black-sugar-facial-polish-110g\/","og_site_name":"FACECORNER","article_publisher":"https:\/\/www.facebook.com\/profile.php?id=100063824551839","article_modified_time":"2024-05-31T12:05:56+00:00","og_image":[{"width":971,"height":917,"url":"https:\/\/www.facecorner.lv\/wp-content\/uploads\/2023\/07\/klairs_gentle_black_sugar_facial_polish_110g_1577851132_503a6ad6_progressive.jpeg","type":"image\/jpeg"}],"twitter_card":"summary_large_image","twitter_misc":{"Price":"&euro;24.00","Availability":"Out of stock"},"schema":{"@context":"https:\/\/schema.org","@graph":[{"@type":"WebPage","@id":"https:\/\/www.facecorner.lv\/shop\/klairs-gentle-black-sugar-facial-polish-110g\/","url":"https:\/\/www.facecorner.lv\/shop\/klairs-gentle-black-sugar-facial-polish-110g\/","name":"Klairs Gentle Black Sugar Facial Polish 110g - FACECORNER","isPartOf":{"@id":"https:\/\/www.facecorner.lv\/#website"},"primaryImageOfPage":{"@id":"https:\/\/www.facecorner.lv\/shop\/klairs-gentle-black-sugar-facial-polish-110g\/#primaryimage"},"image":{"@id":"https:\/\/www.facecorner.lv\/shop\/klairs-gentle-black-sugar-facial-polish-110g\/#primaryimage"},"thumbnailUrl":"https:\/\/www.facecorner.lv\/wp-content\/uploads\/2023\/07\/klairs_gentle_black_sugar_facial_polish_110g_1577851132_503a6ad6_progressive.jpeg","datePublished":"2023-07-07T13:08:28+00:00","dateModified":"2024-05-31T12:05:56+00:00","breadcrumb":{"@id":"https:\/\/www.facecorner.lv\/shop\/klairs-gentle-black-sugar-facial-polish-110g\/#breadcrumb"},"inLanguage":"lv-LV","potentialAction":[{"@type":"ReadAction","target":["https:\/\/www.facecorner.lv\/shop\/klairs-gentle-black-sugar-facial-polish-110g\/"]}]},{"@type":"ImageObject","inLanguage":"lv-LV","@id":"https:\/\/www.facecorner.lv\/shop\/klairs-gentle-black-sugar-facial-polish-110g\/#primaryimage","url":"https:\/\/www.facecorner.lv\/wp-content\/uploads\/2023\/07\/klairs_gentle_black_sugar_facial_polish_110g_1577851132_503a6ad6_progressive.jpeg","contentUrl":"https:\/\/www.facecorner.lv\/wp-content\/uploads\/2023\/07\/klairs_gentle_black_sugar_facial_polish_110g_1577851132_503a6ad6_progressive.jpeg","width":971,"height":917},{"@type":"BreadcrumbList","@id":"https:\/\/www.facecorner.lv\/shop\/klairs-gentle-black-sugar-facial-polish-110g\/#breadcrumb","itemListElement":[{"@type":"ListItem","position":1,"name":"Home","item":"https:\/\/www.facecorner.lv\/"},{"@type":"ListItem","position":2,"name":"Veikals","item":"https:\/\/www.facecorner.lv\/shop\/"},{"@type":"ListItem","position":3,"name":"Klairs Gentle Black Sugar Facial Polish 110g"}]},{"@type":"WebSite","@id":"https:\/\/www.facecorner.lv\/#website","url":"https:\/\/www.facecorner.lv\/","name":"Facecorner","description":"","publisher":{"@id":"https:\/\/www.facecorner.lv\/#organization"},"potentialAction":[{"@type":"SearchAction","target":{"@type":"EntryPoint","urlTemplate":"https:\/\/www.facecorner.lv\/?s={search_term_string}"},"query-input":{"@type":"PropertyValueSpecification","valueRequired":true,"valueName":"search_term_string"}}],"inLanguage":"lv-LV"},{"@type":"Organization","@id":"https:\/\/www.facecorner.lv\/#organization","name":"Facecorner","url":"https:\/\/www.facecorner.lv\/","logo":{"@type":"ImageObject","inLanguage":"lv-LV","@id":"https:\/\/www.facecorner.lv\/#\/schema\/logo\/image\/","url":"https:\/\/www.facecorner.lv\/wp-content\/uploads\/2024\/04\/fc-logo.jpg","contentUrl":"https:\/\/www.facecorner.lv\/wp-content\/uploads\/2024\/04\/fc-logo.jpg","width":174,"height":28,"caption":"Facecorner"},"image":{"@id":"https:\/\/www.facecorner.lv\/#\/schema\/logo\/image\/"},"sameAs":["https:\/\/www.facebook.com\/profile.php?id=100063824551839","https:\/\/www.instagram.com\/facecorner_shop\/"]}]},"product_price_amount":"24.00","product_price_currency":"EUR","og_availability":"out of stock","product_availability":"out of stock","product_condition":"new"},"_links":{"self":[{"href":"https:\/\/www.facecorner.lv\/lv\/wp-json\/wp\/v2\/product\/11451","targetHints":{"allow":["GET"]}}],"collection":[{"href":"https:\/\/www.facecorner.lv\/lv\/wp-json\/wp\/v2\/product"}],"about":[{"href":"https:\/\/www.facecorner.lv\/lv\/wp-json\/wp\/v2\/types\/product"}],"replies":[{"embeddable":true,"href":"https:\/\/www.facecorner.lv\/lv\/wp-json\/wp\/v2\/comments?post=11451"}],"wp:featuredmedia":[{"embeddable":true,"href":"https:\/\/www.facecorner.lv\/lv\/wp-json\/wp\/v2\/media\/11452"}],"wp:attachment":[{"href":"https:\/\/www.facecorner.lv\/lv\/wp-json\/wp\/v2\/media?parent=11451"}],"wp:term":[{"taxonomy":"product_brand","embeddable":true,"href":"https:\/\/www.facecorner.lv\/lv\/wp-json\/wp\/v2\/product_brand?post=11451"},{"taxonomy":"product_cat","embeddable":true,"href":"https:\/\/www.facecorner.lv\/lv\/wp-json\/wp\/v2\/product_cat?post=11451"},{"taxonomy":"product_tag","embeddable":true,"href":"https:\/\/www.facecorner.lv\/lv\/wp-json\/wp\/v2\/product_tag?post=11451"},{"taxonomy":"berocket_brand","embeddable":true,"href":"https:\/\/www.facecorner.lv\/lv\/wp-json\/wp\/v2\/berocket_brand?post=11451"}],"curies":[{"name":"wp","href":"https:\/\/api.w.org\/{rel}","templated":true}]}}