{"id":11266,"date":"2023-06-26T12:37:26","date_gmt":"2023-06-26T10:37:26","guid":{"rendered":"https:\/\/www.facecorner.lv\/?post_type=product&#038;p=11266"},"modified":"2024-04-23T10:16:21","modified_gmt":"2024-04-23T08:16:21","slug":"medi-peel-aesthe-derma-lacto-collagen-clear-300ml","status":"publish","type":"product","link":"https:\/\/www.facecorner.lv\/lv\/shop\/medi-peel-aesthe-derma-lacto-collagen-clear-300ml\/","title":{"rendered":"Medi-Peel Aesthe Derma Lacto Collagen Clear 300ml"},"content":{"rendered":"<p>Medi-Peel Aesthe Derma Lacto Collagen Clear Collagen and Probiotic Cleansing Foam ir piem\u0113rotas visiem \u0101das tipiem, no\u0146em visus net\u012brumus, dekorat\u012bv\u0101s kosm\u0113tikas atlikumus un lieko sebumu. Putu sast\u0101v\u0101 ietilpst lakto- un bifidobakt\u0113riju enz\u012bmu kapsulas, kas pa\u0101trina re\u0123ener\u0101cijas procesus, uzlabo sejas kr\u0101su un saglab\u0101 \u0101das jaun\u012bbu.<\/p>\n<p>Put\u0101m ir nostiprino\u0161a iedarb\u012bba, t\u0101s savelk un pal\u012bdz sa\u0161aurin\u0101t poras. Palielina \u0101das tvirtumu un elast\u012bbu, savelk poras. Tas nomierina, mazina niezi un kairin\u0101jumu, izl\u012bdzina \u0101das tekst\u016bru un atjauno optim\u0101lo mitrin\u0101\u0161anas l\u012bmeni.<\/p>\n<p>Produkts veido bag\u0101t\u012bgas putas, kuru burbu\u013ci iek\u013c\u016bst dzi\u013ci por\u0101s, no\u0146em visus net\u012brumus un iz\u0161\u0137\u012bdina tauku aizb\u0101\u017e\u0146us. Putas sast\u0101v no \u012bpa\u0161\u0101m kapsul\u0101m, kas pild\u012btas ar enz\u012bmu kompleksu: laktobacilli, laktokoki un bifidobakt\u0113rijas. \u0160is komplekss stiprina \u0101das aizsargfunkcijas, dzied\u0113 un toniz\u0113.<\/p>\n<p>Ieteicams nobriedu\u0161ai \u0101dai.<\/p>\n<p><strong>Lieto\u0161ana<\/strong>: sajauciet nelielu produkta daudzumu ar \u016bdeni un saputojiet putas. Ar maig\u0101m mas\u0101\u017eas kust\u012bb\u0101m izkl\u0101jiet putas pa \u0101du, iemas\u0113jiet un noskalojiet ar siltu \u016bdeni.<\/p>\n<p><strong>S\u0101stavs:\u00a0<\/strong>Water, Myristic Acid, Glycerin, Stearic Acid, Potassium Hydroxide. 7opylene Glycol, Lauric Acid, Glyceryl Stearate, PEG-100 Stearale 0camidopropyl Betaine Butylene Glycol, Lactobacillus Fermen OCOCCus Ferment, Bifida Ferment Filtrate, Collagen, Soluble C en, Collagen Amino Acids, Hydrolyzed Collagen, Collagen Edres Paicum Miliaceum (Millet) Seed Extract, Camellia Sinensis Lad tract, Glycine, Serine, Glutamic Acid, Aspartic Acid, Leucine Alatanine, Lypsine, Arginine, Tyrosine, Phenylalanine, Valine, Threonine holine, Isoleucine, Histidine, Methionine, Cysteine, Gluconolactoms apnyol Salicylic Acid, Tannic Acid, Citric Acid, Disodium EDm ose, Cellulose, Hydroxypropyl Methylcellulose, Tocophem atate, Jojoba Este rs, Ascorbyl Palmitate, Sodium Chloride 1,2 Hexanediol, Potassium Sorbate, CI 73360, Fragrance<\/p>\n","protected":false},"excerpt":{"rendered":"<p>Medi-Peel Aesthe Derma Lacto Collagen Clear Collagen and Probiotic Cleansing Foam ir piem\u0113rotas visiem \u0101das tipiem, no\u0146em visus net\u012brumus, dekorat\u012bv\u0101s kosm\u0113tikas atlikumus un lieko sebumu. Putu sast\u0101v\u0101 ietilpst lakto- un bifidobakt\u0113riju enz\u012bmu kapsulas, kas pa\u0101trina re\u0123ener\u0101cijas procesus, uzlabo sejas kr\u0101su un saglab\u0101 \u0101das jaun\u012bbu. Put\u0101m ir nostiprino\u0161a iedarb\u012bba, t\u0101s savelk un pal\u012bdz sa\u0161aurin\u0101t poras. Palielina [&hellip;]<\/p>\n","protected":false},"featured_media":11267,"comment_status":"open","ping_status":"closed","template":"","meta":{"site-sidebar-layout":"default","site-content-layout":"","ast-site-content-layout":"","site-content-style":"default","site-sidebar-style":"default","ast-global-header-display":"","ast-banner-title-visibility":"","ast-main-header-display":"","ast-hfb-above-header-display":"","ast-hfb-below-header-display":"","ast-hfb-mobile-header-display":"","site-post-title":"","ast-breadcrumbs-content":"","ast-featured-img":"","footer-sml-layout":"","theme-transparent-header-meta":"","adv-header-id-meta":"","stick-header-meta":"","header-above-stick-meta":"","header-main-stick-meta":"","header-below-stick-meta":"","astra-migrate-meta-layouts":"default","ast-page-background-enabled":"default","ast-page-background-meta":{"desktop":{"background-color":"var(--ast-global-color-4)","background-image":"","background-repeat":"repeat","background-position":"center center","background-size":"auto","background-attachment":"scroll","background-type":"","background-media":"","overlay-type":"","overlay-color":"","overlay-opacity":"","overlay-gradient":""},"tablet":{"background-color":"","background-image":"","background-repeat":"repeat","background-position":"center center","background-size":"auto","background-attachment":"scroll","background-type":"","background-media":"","overlay-type":"","overlay-color":"","overlay-opacity":"","overlay-gradient":""},"mobile":{"background-color":"","background-image":"","background-repeat":"repeat","background-position":"center center","background-size":"auto","background-attachment":"scroll","background-type":"","background-media":"","overlay-type":"","overlay-color":"","overlay-opacity":"","overlay-gradient":""}},"ast-content-background-meta":{"desktop":{"background-color":"var(--ast-global-color-5)","background-image":"","background-repeat":"repeat","background-position":"center center","background-size":"auto","background-attachment":"scroll","background-type":"","background-media":"","overlay-type":"","overlay-color":"","overlay-opacity":"","overlay-gradient":""},"tablet":{"background-color":"var(--ast-global-color-5)","background-image":"","background-repeat":"repeat","background-position":"center center","background-size":"auto","background-attachment":"scroll","background-type":"","background-media":"","overlay-type":"","overlay-color":"","overlay-opacity":"","overlay-gradient":""},"mobile":{"background-color":"var(--ast-global-color-5)","background-image":"","background-repeat":"repeat","background-position":"center center","background-size":"auto","background-attachment":"scroll","background-type":"","background-media":"","overlay-type":"","overlay-color":"","overlay-opacity":"","overlay-gradient":""}}},"product_brand":[],"product_cat":[310,311,312,380,313,381,317,379,314],"product_tag":[],"berocket_brand":[],"class_list":{"0":"post-11266","1":"product","2":"type-product","3":"status-publish","4":"has-post-thumbnail","6":"product_cat-attirisana","7":"product_cat-jutigai-adai-attirisana","8":"product_cat-kombinetai-adai-attirisana","9":"product_cat-kombinetai-adai","10":"product_cat-problematiskai-adai-attirisana","11":"product_cat-problematiskai-un-taukainai-adai","12":"product_cat-sausai-adai-attirisana","13":"product_cat-sausai-adai-anti-age","14":"product_cat-taukainai-adai-attirisana","15":"desktop-align-left","16":"tablet-align-left","17":"mobile-align-left","19":"first","20":"outofstock","21":"taxable","22":"shipping-taxable","23":"purchasable","24":"product-type-simple","25":"add-to-wishlist-before_image"},"yoast_head":"<!-- This site is optimized with the Yoast SEO plugin v27.4 - https:\/\/yoast.com\/product\/yoast-seo-wordpress\/ -->\n<title>Medi-Peel Aesthe Derma Lacto Collagen Clear 300ml - FACECORNER<\/title>\n<meta name=\"robots\" content=\"index, follow, max-snippet:-1, max-image-preview:large, max-video-preview:-1\" \/>\n<link rel=\"canonical\" href=\"https:\/\/www.facecorner.lv\/lv\/shop\/medi-peel-aesthe-derma-lacto-collagen-clear-300ml\/\" \/>\n<meta property=\"og:locale\" content=\"lv_LV\" \/>\n<meta property=\"og:type\" content=\"article\" \/>\n<meta property=\"og:title\" content=\"Medi-Peel Aesthe Derma Lacto Collagen Clear 300ml - FACECORNER\" \/>\n<meta property=\"og:description\" content=\"Medi-Peel Aesthe Derma Lacto Collagen Clear Collagen and Probiotic Cleansing Foam ir piem\u0113rotas visiem \u0101das tipiem, no\u0146em visus net\u012brumus, dekorat\u012bv\u0101s kosm\u0113tikas atlikumus un lieko sebumu. Putu sast\u0101v\u0101 ietilpst lakto- un bifidobakt\u0113riju enz\u012bmu kapsulas, kas pa\u0101trina re\u0123ener\u0101cijas procesus, uzlabo sejas kr\u0101su un saglab\u0101 \u0101das jaun\u012bbu. Put\u0101m ir nostiprino\u0161a iedarb\u012bba, t\u0101s savelk un pal\u012bdz sa\u0161aurin\u0101t poras. Palielina [&hellip;]\" \/>\n<meta property=\"og:url\" content=\"https:\/\/www.facecorner.lv\/lv\/shop\/medi-peel-aesthe-derma-lacto-collagen-clear-300ml\/\" \/>\n<meta property=\"og:site_name\" content=\"FACECORNER\" \/>\n<meta property=\"article:publisher\" content=\"https:\/\/www.facebook.com\/profile.php?id=100063824551839\" \/>\n<meta property=\"article:modified_time\" content=\"2024-04-23T08:16:21+00:00\" \/>\n<meta property=\"og:image\" content=\"https:\/\/www.facecorner.lv\/wp-content\/uploads\/2023\/06\/bv0erc3xsam05q3salcd1co7btpgym64.jpg\" \/>\n\t<meta property=\"og:image:width\" content=\"1000\" \/>\n\t<meta property=\"og:image:height\" content=\"1000\" \/>\n\t<meta property=\"og:image:type\" content=\"image\/jpeg\" \/>\n<meta name=\"twitter:card\" content=\"summary_large_image\" \/>\n<meta name=\"twitter:label1\" content=\"Price\" \/>\n\t<meta name=\"twitter:data1\" content=\"&euro;31.00\" \/>\n\t<meta name=\"twitter:label2\" content=\"Availability\" \/>\n\t<meta name=\"twitter:data2\" content=\"Out of stock\" \/>\n<script type=\"application\/ld+json\" class=\"yoast-schema-graph\">{\"@context\":\"https:\\\/\\\/schema.org\",\"@graph\":[{\"@type\":\"WebPage\",\"@id\":\"https:\\\/\\\/www.facecorner.lv\\\/shop\\\/medi-peel-aesthe-derma-lacto-collagen-clear-300ml\\\/\",\"url\":\"https:\\\/\\\/www.facecorner.lv\\\/shop\\\/medi-peel-aesthe-derma-lacto-collagen-clear-300ml\\\/\",\"name\":\"Medi-Peel Aesthe Derma Lacto Collagen Clear 300ml - FACECORNER\",\"isPartOf\":{\"@id\":\"https:\\\/\\\/www.facecorner.lv\\\/#website\"},\"primaryImageOfPage\":{\"@id\":\"https:\\\/\\\/www.facecorner.lv\\\/shop\\\/medi-peel-aesthe-derma-lacto-collagen-clear-300ml\\\/#primaryimage\"},\"image\":{\"@id\":\"https:\\\/\\\/www.facecorner.lv\\\/shop\\\/medi-peel-aesthe-derma-lacto-collagen-clear-300ml\\\/#primaryimage\"},\"thumbnailUrl\":\"https:\\\/\\\/www.facecorner.lv\\\/wp-content\\\/uploads\\\/2023\\\/06\\\/bv0erc3xsam05q3salcd1co7btpgym64.jpg\",\"datePublished\":\"2023-06-26T10:37:26+00:00\",\"dateModified\":\"2024-04-23T08:16:21+00:00\",\"breadcrumb\":{\"@id\":\"https:\\\/\\\/www.facecorner.lv\\\/shop\\\/medi-peel-aesthe-derma-lacto-collagen-clear-300ml\\\/#breadcrumb\"},\"inLanguage\":\"lv-LV\",\"potentialAction\":[{\"@type\":\"ReadAction\",\"target\":[\"https:\\\/\\\/www.facecorner.lv\\\/shop\\\/medi-peel-aesthe-derma-lacto-collagen-clear-300ml\\\/\"]}]},{\"@type\":\"ImageObject\",\"inLanguage\":\"lv-LV\",\"@id\":\"https:\\\/\\\/www.facecorner.lv\\\/shop\\\/medi-peel-aesthe-derma-lacto-collagen-clear-300ml\\\/#primaryimage\",\"url\":\"https:\\\/\\\/www.facecorner.lv\\\/wp-content\\\/uploads\\\/2023\\\/06\\\/bv0erc3xsam05q3salcd1co7btpgym64.jpg\",\"contentUrl\":\"https:\\\/\\\/www.facecorner.lv\\\/wp-content\\\/uploads\\\/2023\\\/06\\\/bv0erc3xsam05q3salcd1co7btpgym64.jpg\",\"width\":1000,\"height\":1000},{\"@type\":\"BreadcrumbList\",\"@id\":\"https:\\\/\\\/www.facecorner.lv\\\/shop\\\/medi-peel-aesthe-derma-lacto-collagen-clear-300ml\\\/#breadcrumb\",\"itemListElement\":[{\"@type\":\"ListItem\",\"position\":1,\"name\":\"Home\",\"item\":\"https:\\\/\\\/www.facecorner.lv\\\/\"},{\"@type\":\"ListItem\",\"position\":2,\"name\":\"Veikals\",\"item\":\"https:\\\/\\\/www.facecorner.lv\\\/shop\\\/\"},{\"@type\":\"ListItem\",\"position\":3,\"name\":\"Medi-Peel Aesthe Derma Lacto Collagen Clear 300ml\"}]},{\"@type\":\"WebSite\",\"@id\":\"https:\\\/\\\/www.facecorner.lv\\\/#website\",\"url\":\"https:\\\/\\\/www.facecorner.lv\\\/\",\"name\":\"Facecorner\",\"description\":\"\",\"publisher\":{\"@id\":\"https:\\\/\\\/www.facecorner.lv\\\/#organization\"},\"potentialAction\":[{\"@type\":\"SearchAction\",\"target\":{\"@type\":\"EntryPoint\",\"urlTemplate\":\"https:\\\/\\\/www.facecorner.lv\\\/?s={search_term_string}\"},\"query-input\":{\"@type\":\"PropertyValueSpecification\",\"valueRequired\":true,\"valueName\":\"search_term_string\"}}],\"inLanguage\":\"lv-LV\"},{\"@type\":\"Organization\",\"@id\":\"https:\\\/\\\/www.facecorner.lv\\\/#organization\",\"name\":\"Facecorner\",\"url\":\"https:\\\/\\\/www.facecorner.lv\\\/\",\"logo\":{\"@type\":\"ImageObject\",\"inLanguage\":\"lv-LV\",\"@id\":\"https:\\\/\\\/www.facecorner.lv\\\/#\\\/schema\\\/logo\\\/image\\\/\",\"url\":\"https:\\\/\\\/www.facecorner.lv\\\/wp-content\\\/uploads\\\/2024\\\/04\\\/fc-logo.jpg\",\"contentUrl\":\"https:\\\/\\\/www.facecorner.lv\\\/wp-content\\\/uploads\\\/2024\\\/04\\\/fc-logo.jpg\",\"width\":174,\"height\":28,\"caption\":\"Facecorner\"},\"image\":{\"@id\":\"https:\\\/\\\/www.facecorner.lv\\\/#\\\/schema\\\/logo\\\/image\\\/\"},\"sameAs\":[\"https:\\\/\\\/www.facebook.com\\\/profile.php?id=100063824551839\",\"https:\\\/\\\/www.instagram.com\\\/facecorner_shop\\\/\"]}]}<\/script>\n<meta property=\"product:price:amount\" content=\"31.00\" \/>\n<meta property=\"product:price:currency\" content=\"EUR\" \/>\n<meta property=\"og:availability\" content=\"out of stock\" \/>\n<meta property=\"product:availability\" content=\"out of stock\" \/>\n<meta property=\"product:condition\" content=\"new\" \/>\n<!-- \/ Yoast SEO plugin. -->","yoast_head_json":{"title":"Medi-Peel Aesthe Derma Lacto Collagen Clear 300ml - FACECORNER","robots":{"index":"index","follow":"follow","max-snippet":"max-snippet:-1","max-image-preview":"max-image-preview:large","max-video-preview":"max-video-preview:-1"},"canonical":"https:\/\/www.facecorner.lv\/lv\/shop\/medi-peel-aesthe-derma-lacto-collagen-clear-300ml\/","og_locale":"lv_LV","og_type":"article","og_title":"Medi-Peel Aesthe Derma Lacto Collagen Clear 300ml - FACECORNER","og_description":"Medi-Peel Aesthe Derma Lacto Collagen Clear Collagen and Probiotic Cleansing Foam ir piem\u0113rotas visiem \u0101das tipiem, no\u0146em visus net\u012brumus, dekorat\u012bv\u0101s kosm\u0113tikas atlikumus un lieko sebumu. Putu sast\u0101v\u0101 ietilpst lakto- un bifidobakt\u0113riju enz\u012bmu kapsulas, kas pa\u0101trina re\u0123ener\u0101cijas procesus, uzlabo sejas kr\u0101su un saglab\u0101 \u0101das jaun\u012bbu. Put\u0101m ir nostiprino\u0161a iedarb\u012bba, t\u0101s savelk un pal\u012bdz sa\u0161aurin\u0101t poras. Palielina [&hellip;]","og_url":"https:\/\/www.facecorner.lv\/lv\/shop\/medi-peel-aesthe-derma-lacto-collagen-clear-300ml\/","og_site_name":"FACECORNER","article_publisher":"https:\/\/www.facebook.com\/profile.php?id=100063824551839","article_modified_time":"2024-04-23T08:16:21+00:00","og_image":[{"width":1000,"height":1000,"url":"https:\/\/www.facecorner.lv\/wp-content\/uploads\/2023\/06\/bv0erc3xsam05q3salcd1co7btpgym64.jpg","type":"image\/jpeg"}],"twitter_card":"summary_large_image","twitter_misc":{"Price":"&euro;31.00","Availability":"Out of stock"},"schema":{"@context":"https:\/\/schema.org","@graph":[{"@type":"WebPage","@id":"https:\/\/www.facecorner.lv\/shop\/medi-peel-aesthe-derma-lacto-collagen-clear-300ml\/","url":"https:\/\/www.facecorner.lv\/shop\/medi-peel-aesthe-derma-lacto-collagen-clear-300ml\/","name":"Medi-Peel Aesthe Derma Lacto Collagen Clear 300ml - FACECORNER","isPartOf":{"@id":"https:\/\/www.facecorner.lv\/#website"},"primaryImageOfPage":{"@id":"https:\/\/www.facecorner.lv\/shop\/medi-peel-aesthe-derma-lacto-collagen-clear-300ml\/#primaryimage"},"image":{"@id":"https:\/\/www.facecorner.lv\/shop\/medi-peel-aesthe-derma-lacto-collagen-clear-300ml\/#primaryimage"},"thumbnailUrl":"https:\/\/www.facecorner.lv\/wp-content\/uploads\/2023\/06\/bv0erc3xsam05q3salcd1co7btpgym64.jpg","datePublished":"2023-06-26T10:37:26+00:00","dateModified":"2024-04-23T08:16:21+00:00","breadcrumb":{"@id":"https:\/\/www.facecorner.lv\/shop\/medi-peel-aesthe-derma-lacto-collagen-clear-300ml\/#breadcrumb"},"inLanguage":"lv-LV","potentialAction":[{"@type":"ReadAction","target":["https:\/\/www.facecorner.lv\/shop\/medi-peel-aesthe-derma-lacto-collagen-clear-300ml\/"]}]},{"@type":"ImageObject","inLanguage":"lv-LV","@id":"https:\/\/www.facecorner.lv\/shop\/medi-peel-aesthe-derma-lacto-collagen-clear-300ml\/#primaryimage","url":"https:\/\/www.facecorner.lv\/wp-content\/uploads\/2023\/06\/bv0erc3xsam05q3salcd1co7btpgym64.jpg","contentUrl":"https:\/\/www.facecorner.lv\/wp-content\/uploads\/2023\/06\/bv0erc3xsam05q3salcd1co7btpgym64.jpg","width":1000,"height":1000},{"@type":"BreadcrumbList","@id":"https:\/\/www.facecorner.lv\/shop\/medi-peel-aesthe-derma-lacto-collagen-clear-300ml\/#breadcrumb","itemListElement":[{"@type":"ListItem","position":1,"name":"Home","item":"https:\/\/www.facecorner.lv\/"},{"@type":"ListItem","position":2,"name":"Veikals","item":"https:\/\/www.facecorner.lv\/shop\/"},{"@type":"ListItem","position":3,"name":"Medi-Peel Aesthe Derma Lacto Collagen Clear 300ml"}]},{"@type":"WebSite","@id":"https:\/\/www.facecorner.lv\/#website","url":"https:\/\/www.facecorner.lv\/","name":"Facecorner","description":"","publisher":{"@id":"https:\/\/www.facecorner.lv\/#organization"},"potentialAction":[{"@type":"SearchAction","target":{"@type":"EntryPoint","urlTemplate":"https:\/\/www.facecorner.lv\/?s={search_term_string}"},"query-input":{"@type":"PropertyValueSpecification","valueRequired":true,"valueName":"search_term_string"}}],"inLanguage":"lv-LV"},{"@type":"Organization","@id":"https:\/\/www.facecorner.lv\/#organization","name":"Facecorner","url":"https:\/\/www.facecorner.lv\/","logo":{"@type":"ImageObject","inLanguage":"lv-LV","@id":"https:\/\/www.facecorner.lv\/#\/schema\/logo\/image\/","url":"https:\/\/www.facecorner.lv\/wp-content\/uploads\/2024\/04\/fc-logo.jpg","contentUrl":"https:\/\/www.facecorner.lv\/wp-content\/uploads\/2024\/04\/fc-logo.jpg","width":174,"height":28,"caption":"Facecorner"},"image":{"@id":"https:\/\/www.facecorner.lv\/#\/schema\/logo\/image\/"},"sameAs":["https:\/\/www.facebook.com\/profile.php?id=100063824551839","https:\/\/www.instagram.com\/facecorner_shop\/"]}]},"product_price_amount":"31.00","product_price_currency":"EUR","og_availability":"out of stock","product_availability":"out of stock","product_condition":"new"},"_links":{"self":[{"href":"https:\/\/www.facecorner.lv\/lv\/wp-json\/wp\/v2\/product\/11266","targetHints":{"allow":["GET"]}}],"collection":[{"href":"https:\/\/www.facecorner.lv\/lv\/wp-json\/wp\/v2\/product"}],"about":[{"href":"https:\/\/www.facecorner.lv\/lv\/wp-json\/wp\/v2\/types\/product"}],"replies":[{"embeddable":true,"href":"https:\/\/www.facecorner.lv\/lv\/wp-json\/wp\/v2\/comments?post=11266"}],"wp:featuredmedia":[{"embeddable":true,"href":"https:\/\/www.facecorner.lv\/lv\/wp-json\/wp\/v2\/media\/11267"}],"wp:attachment":[{"href":"https:\/\/www.facecorner.lv\/lv\/wp-json\/wp\/v2\/media?parent=11266"}],"wp:term":[{"taxonomy":"product_brand","embeddable":true,"href":"https:\/\/www.facecorner.lv\/lv\/wp-json\/wp\/v2\/product_brand?post=11266"},{"taxonomy":"product_cat","embeddable":true,"href":"https:\/\/www.facecorner.lv\/lv\/wp-json\/wp\/v2\/product_cat?post=11266"},{"taxonomy":"product_tag","embeddable":true,"href":"https:\/\/www.facecorner.lv\/lv\/wp-json\/wp\/v2\/product_tag?post=11266"},{"taxonomy":"berocket_brand","embeddable":true,"href":"https:\/\/www.facecorner.lv\/lv\/wp-json\/wp\/v2\/berocket_brand?post=11266"}],"curies":[{"name":"wp","href":"https:\/\/api.w.org\/{rel}","templated":true}]}}