{"id":11192,"date":"2023-06-21T10:59:10","date_gmt":"2023-06-21T08:59:10","guid":{"rendered":"https:\/\/www.facecorner.lv\/?post_type=product&#038;p=11192"},"modified":"2024-11-29T11:14:24","modified_gmt":"2024-11-29T08:14:24","slug":"dear-klairs-fundamental-nourishing-eye-butter-20g","status":"publish","type":"product","link":"https:\/\/www.facecorner.lv\/lv\/shop\/dear-klairs-fundamental-nourishing-eye-butter-20g\/","title":{"rendered":"Dear, Klairs Fundamental Nourishing Eye Butter 20g"},"content":{"rendered":"<p>Klairs Fundamental Nourishing Eye Butter ir \u013coti barojo\u0161s acu kr\u0113ms uz e\u013c\u013cas b\u0101zes, kas dzi\u013ci mitrina \u0101du, mazina sausumu un sasprindzin\u0101jumu. Saglab\u0101 \u0101das jaunekl\u012bgumu, pal\u012bdz c\u012bn\u012bties ar smalkaj\u0101m m\u012bmikas grumbi\u0146\u0101m un elast\u012bbas zudumu. Pept\u012bdu komplekss pal\u012bdz izl\u012bdzin\u0101t \u0101das krokas, stiprin\u0101t elast\u012bbu un pal\u0113nin\u0101t \u0101das noveco\u0161an\u0101s procesus.<\/p>\n<p>Kr\u0113ms intens\u012bvi baro un mitrina \u0101du, \u0101tri nov\u0113r\u0161 sausumu un lob\u012b\u0161anos, izl\u012bdzina m\u012bmisk\u0101s grumbi\u0146as un uzlabo \u0101das elast\u012bbu. Tai ir nomierino\u0161a iedarb\u012bba un pal\u012bdz atbr\u012bvoties no kairin\u0101jumiem, pal\u012bdz c\u012b\u0146\u0101 pret t\u016bsku.<\/p>\n<p>Produktam ir e\u013c\u013cas konsistence, ta\u010du tas \u0101tri ies\u016bcas, neatst\u0101j taukainu vai lip\u012bgu, t\u0101p\u0113c ir piem\u0113rots absol\u016bti jebkuram \u0101das tipam.<\/p>\n<p>Piem\u0113rots visiem \u0101das tipiem.<\/p>\n<p><strong>Lieto\u0161ana:<\/strong> Ar viegl\u0101m mas\u0101\u017eas kust\u012bb\u0101m uzkl\u0101jiet kr\u0113mu lok\u0101li uz zonas zem ac\u012bm, nasolabi\u0101lo kroku zon\u0101 un uz kakla. Piem\u0113rots lieto\u0161anai no r\u012bta un vakar\u0101.<\/p>\n<p><strong>S\u0101stavs:\u00a0<\/strong>Aqua (Water), Glycerin, Stearic Acid, 1,2-Hexanediol, Helianthus Annuus (Sunflower) Seed Oil, Betaine, Caffeine, Phaseolus Angularis Seed Extract, Artemisia Princeps Leaf Extract, Camellia Sinensis Leaf Extract, Chaenomeles Sinensis Fruit Extract, Chrysanthellum Indicum Extract, Cinnamomum Cassia Bark Extract, Corallina Officinalis Extract, Curcuma Longa (Turmeric) Root Extract, Diospyros Kaki Leaf Extract, Melia Azadirachta Flower Extract, Melia Azadirachta Leaf Extract, Ocimum Sanctum Leaf Extract, Acetyl Hexapeptide-8, Copper Tripeptide-1, Oligopeptide-29, Oligopeptide-32, Panthenol, Pantolactone, Hydrogenated Lecithin, Hydroxyethyl Acrylate\/Sodium Acryloyldimethyl Taurate Copolymer, Sodium Hyaluronate, Glyceryl Stearate, Sorbitan Isostearate, Cetearyl Alcohol, Propanediol, Arachidic Acid, Oleic Acid, Palmitic Acid, Caprylyl\/Capryl Glucoside, Ethylhexylglycerin<\/p>\n","protected":false},"excerpt":{"rendered":"<p>Klairs Fundamental Nourishing Eye Butter ir \u013coti barojo\u0161s acu kr\u0113ms uz e\u013c\u013cas b\u0101zes, kas dzi\u013ci mitrina \u0101du, mazina sausumu un sasprindzin\u0101jumu. Saglab\u0101 \u0101das jaunekl\u012bgumu, pal\u012bdz c\u012bn\u012bties ar smalkaj\u0101m m\u012bmikas grumbi\u0146\u0101m un elast\u012bbas zudumu. Pept\u012bdu komplekss pal\u012bdz izl\u012bdzin\u0101t \u0101das krokas, stiprin\u0101t elast\u012bbu un pal\u0113nin\u0101t \u0101das noveco\u0161an\u0101s procesus. Kr\u0113ms intens\u012bvi baro un mitrina \u0101du, \u0101tri nov\u0113r\u0161 sausumu [&hellip;]<\/p>\n","protected":false},"featured_media":11193,"comment_status":"open","ping_status":"closed","template":"","meta":{"site-sidebar-layout":"default","site-content-layout":"","ast-site-content-layout":"","site-content-style":"default","site-sidebar-style":"default","ast-global-header-display":"","ast-banner-title-visibility":"","ast-main-header-display":"","ast-hfb-above-header-display":"","ast-hfb-below-header-display":"","ast-hfb-mobile-header-display":"","site-post-title":"","ast-breadcrumbs-content":"","ast-featured-img":"","footer-sml-layout":"","theme-transparent-header-meta":"","adv-header-id-meta":"","stick-header-meta":"","header-above-stick-meta":"","header-main-stick-meta":"","header-below-stick-meta":"","astra-migrate-meta-layouts":"default","ast-page-background-enabled":"default","ast-page-background-meta":{"desktop":{"background-color":"var(--ast-global-color-4)","background-image":"","background-repeat":"repeat","background-position":"center center","background-size":"auto","background-attachment":"scroll","background-type":"","background-media":"","overlay-type":"","overlay-color":"","overlay-opacity":"","overlay-gradient":""},"tablet":{"background-color":"","background-image":"","background-repeat":"repeat","background-position":"center center","background-size":"auto","background-attachment":"scroll","background-type":"","background-media":"","overlay-type":"","overlay-color":"","overlay-opacity":"","overlay-gradient":""},"mobile":{"background-color":"","background-image":"","background-repeat":"repeat","background-position":"center center","background-size":"auto","background-attachment":"scroll","background-type":"","background-media":"","overlay-type":"","overlay-color":"","overlay-opacity":"","overlay-gradient":""}},"ast-content-background-meta":{"desktop":{"background-color":"var(--ast-global-color-5)","background-image":"","background-repeat":"repeat","background-position":"center center","background-size":"auto","background-attachment":"scroll","background-type":"","background-media":"","overlay-type":"","overlay-color":"","overlay-opacity":"","overlay-gradient":""},"tablet":{"background-color":"var(--ast-global-color-5)","background-image":"","background-repeat":"repeat","background-position":"center center","background-size":"auto","background-attachment":"scroll","background-type":"","background-media":"","overlay-type":"","overlay-color":"","overlay-opacity":"","overlay-gradient":""},"mobile":{"background-color":"var(--ast-global-color-5)","background-image":"","background-repeat":"repeat","background-position":"center center","background-size":"auto","background-attachment":"scroll","background-type":"","background-media":"","overlay-type":"","overlay-color":"","overlay-opacity":"","overlay-gradient":""}}},"product_brand":[],"product_cat":[308],"product_tag":[],"berocket_brand":[],"class_list":{"0":"post-11192","1":"product","2":"type-product","3":"status-publish","4":"has-post-thumbnail","6":"product_cat-acu-krems","7":"desktop-align-left","8":"tablet-align-left","9":"mobile-align-left","11":"first","12":"outofstock","13":"taxable","14":"shipping-taxable","15":"purchasable","16":"product-type-simple","17":"add-to-wishlist-before_image"},"yoast_head":"<!-- This site is optimized with the Yoast SEO plugin v27.4 - https:\/\/yoast.com\/product\/yoast-seo-wordpress\/ -->\n<title>Dear, Klairs Fundamental Nourishing Eye Butter 20g - FACECORNER<\/title>\n<meta name=\"robots\" content=\"index, follow, max-snippet:-1, max-image-preview:large, max-video-preview:-1\" \/>\n<link rel=\"canonical\" href=\"https:\/\/www.facecorner.lv\/lv\/shop\/dear-klairs-fundamental-nourishing-eye-butter-20g\/\" \/>\n<meta property=\"og:locale\" content=\"lv_LV\" \/>\n<meta property=\"og:type\" content=\"article\" \/>\n<meta property=\"og:title\" content=\"Dear, Klairs Fundamental Nourishing Eye Butter 20g - FACECORNER\" \/>\n<meta property=\"og:description\" content=\"Klairs Fundamental Nourishing Eye Butter ir \u013coti barojo\u0161s acu kr\u0113ms uz e\u013c\u013cas b\u0101zes, kas dzi\u013ci mitrina \u0101du, mazina sausumu un sasprindzin\u0101jumu. Saglab\u0101 \u0101das jaunekl\u012bgumu, pal\u012bdz c\u012bn\u012bties ar smalkaj\u0101m m\u012bmikas grumbi\u0146\u0101m un elast\u012bbas zudumu. Pept\u012bdu komplekss pal\u012bdz izl\u012bdzin\u0101t \u0101das krokas, stiprin\u0101t elast\u012bbu un pal\u0113nin\u0101t \u0101das noveco\u0161an\u0101s procesus. Kr\u0113ms intens\u012bvi baro un mitrina \u0101du, \u0101tri nov\u0113r\u0161 sausumu [&hellip;]\" \/>\n<meta property=\"og:url\" content=\"https:\/\/www.facecorner.lv\/lv\/shop\/dear-klairs-fundamental-nourishing-eye-butter-20g\/\" \/>\n<meta property=\"og:site_name\" content=\"FACECORNER\" \/>\n<meta property=\"article:publisher\" content=\"https:\/\/www.facebook.com\/profile.php?id=100063824551839\" \/>\n<meta property=\"article:modified_time\" content=\"2024-11-29T08:14:24+00:00\" \/>\n<meta property=\"og:image\" content=\"https:\/\/www.facecorner.lv\/wp-content\/uploads\/2023\/06\/Klairs-Fundamental-Nourishing-Eye-Butter4.jpg\" \/>\n\t<meta property=\"og:image:width\" content=\"735\" \/>\n\t<meta property=\"og:image:height\" content=\"735\" \/>\n\t<meta property=\"og:image:type\" content=\"image\/jpeg\" \/>\n<meta name=\"twitter:card\" content=\"summary_large_image\" \/>\n<meta name=\"twitter:label1\" content=\"Price\" \/>\n\t<meta name=\"twitter:data1\" content=\"&euro;26.90\" \/>\n\t<meta name=\"twitter:label2\" content=\"Availability\" \/>\n\t<meta name=\"twitter:data2\" content=\"Out of stock\" \/>\n<script type=\"application\/ld+json\" class=\"yoast-schema-graph\">{\"@context\":\"https:\\\/\\\/schema.org\",\"@graph\":[{\"@type\":\"WebPage\",\"@id\":\"https:\\\/\\\/www.facecorner.lv\\\/shop\\\/dear-klairs-fundamental-nourishing-eye-butter-20g\\\/\",\"url\":\"https:\\\/\\\/www.facecorner.lv\\\/shop\\\/dear-klairs-fundamental-nourishing-eye-butter-20g\\\/\",\"name\":\"Dear, Klairs Fundamental Nourishing Eye Butter 20g - FACECORNER\",\"isPartOf\":{\"@id\":\"https:\\\/\\\/www.facecorner.lv\\\/#website\"},\"primaryImageOfPage\":{\"@id\":\"https:\\\/\\\/www.facecorner.lv\\\/shop\\\/dear-klairs-fundamental-nourishing-eye-butter-20g\\\/#primaryimage\"},\"image\":{\"@id\":\"https:\\\/\\\/www.facecorner.lv\\\/shop\\\/dear-klairs-fundamental-nourishing-eye-butter-20g\\\/#primaryimage\"},\"thumbnailUrl\":\"https:\\\/\\\/www.facecorner.lv\\\/wp-content\\\/uploads\\\/2023\\\/06\\\/Klairs-Fundamental-Nourishing-Eye-Butter4.jpg\",\"datePublished\":\"2023-06-21T08:59:10+00:00\",\"dateModified\":\"2024-11-29T08:14:24+00:00\",\"breadcrumb\":{\"@id\":\"https:\\\/\\\/www.facecorner.lv\\\/shop\\\/dear-klairs-fundamental-nourishing-eye-butter-20g\\\/#breadcrumb\"},\"inLanguage\":\"lv-LV\",\"potentialAction\":[{\"@type\":\"ReadAction\",\"target\":[\"https:\\\/\\\/www.facecorner.lv\\\/shop\\\/dear-klairs-fundamental-nourishing-eye-butter-20g\\\/\"]}]},{\"@type\":\"ImageObject\",\"inLanguage\":\"lv-LV\",\"@id\":\"https:\\\/\\\/www.facecorner.lv\\\/shop\\\/dear-klairs-fundamental-nourishing-eye-butter-20g\\\/#primaryimage\",\"url\":\"https:\\\/\\\/www.facecorner.lv\\\/wp-content\\\/uploads\\\/2023\\\/06\\\/Klairs-Fundamental-Nourishing-Eye-Butter4.jpg\",\"contentUrl\":\"https:\\\/\\\/www.facecorner.lv\\\/wp-content\\\/uploads\\\/2023\\\/06\\\/Klairs-Fundamental-Nourishing-Eye-Butter4.jpg\",\"width\":735,\"height\":735},{\"@type\":\"BreadcrumbList\",\"@id\":\"https:\\\/\\\/www.facecorner.lv\\\/shop\\\/dear-klairs-fundamental-nourishing-eye-butter-20g\\\/#breadcrumb\",\"itemListElement\":[{\"@type\":\"ListItem\",\"position\":1,\"name\":\"Home\",\"item\":\"https:\\\/\\\/www.facecorner.lv\\\/\"},{\"@type\":\"ListItem\",\"position\":2,\"name\":\"Veikals\",\"item\":\"https:\\\/\\\/www.facecorner.lv\\\/shop\\\/\"},{\"@type\":\"ListItem\",\"position\":3,\"name\":\"Dear, Klairs Fundamental Nourishing Eye Butter 20g\"}]},{\"@type\":\"WebSite\",\"@id\":\"https:\\\/\\\/www.facecorner.lv\\\/#website\",\"url\":\"https:\\\/\\\/www.facecorner.lv\\\/\",\"name\":\"Facecorner\",\"description\":\"\",\"publisher\":{\"@id\":\"https:\\\/\\\/www.facecorner.lv\\\/#organization\"},\"potentialAction\":[{\"@type\":\"SearchAction\",\"target\":{\"@type\":\"EntryPoint\",\"urlTemplate\":\"https:\\\/\\\/www.facecorner.lv\\\/?s={search_term_string}\"},\"query-input\":{\"@type\":\"PropertyValueSpecification\",\"valueRequired\":true,\"valueName\":\"search_term_string\"}}],\"inLanguage\":\"lv-LV\"},{\"@type\":\"Organization\",\"@id\":\"https:\\\/\\\/www.facecorner.lv\\\/#organization\",\"name\":\"Facecorner\",\"url\":\"https:\\\/\\\/www.facecorner.lv\\\/\",\"logo\":{\"@type\":\"ImageObject\",\"inLanguage\":\"lv-LV\",\"@id\":\"https:\\\/\\\/www.facecorner.lv\\\/#\\\/schema\\\/logo\\\/image\\\/\",\"url\":\"https:\\\/\\\/www.facecorner.lv\\\/wp-content\\\/uploads\\\/2024\\\/04\\\/fc-logo.jpg\",\"contentUrl\":\"https:\\\/\\\/www.facecorner.lv\\\/wp-content\\\/uploads\\\/2024\\\/04\\\/fc-logo.jpg\",\"width\":174,\"height\":28,\"caption\":\"Facecorner\"},\"image\":{\"@id\":\"https:\\\/\\\/www.facecorner.lv\\\/#\\\/schema\\\/logo\\\/image\\\/\"},\"sameAs\":[\"https:\\\/\\\/www.facebook.com\\\/profile.php?id=100063824551839\",\"https:\\\/\\\/www.instagram.com\\\/facecorner_shop\\\/\"]}]}<\/script>\n<meta property=\"product:price:amount\" content=\"26.90\" \/>\n<meta property=\"product:price:currency\" content=\"EUR\" \/>\n<meta property=\"og:availability\" content=\"out of stock\" \/>\n<meta property=\"product:availability\" content=\"out of stock\" \/>\n<meta property=\"product:condition\" content=\"new\" \/>\n<!-- \/ Yoast SEO plugin. -->","yoast_head_json":{"title":"Dear, Klairs Fundamental Nourishing Eye Butter 20g - FACECORNER","robots":{"index":"index","follow":"follow","max-snippet":"max-snippet:-1","max-image-preview":"max-image-preview:large","max-video-preview":"max-video-preview:-1"},"canonical":"https:\/\/www.facecorner.lv\/lv\/shop\/dear-klairs-fundamental-nourishing-eye-butter-20g\/","og_locale":"lv_LV","og_type":"article","og_title":"Dear, Klairs Fundamental Nourishing Eye Butter 20g - FACECORNER","og_description":"Klairs Fundamental Nourishing Eye Butter ir \u013coti barojo\u0161s acu kr\u0113ms uz e\u013c\u013cas b\u0101zes, kas dzi\u013ci mitrina \u0101du, mazina sausumu un sasprindzin\u0101jumu. Saglab\u0101 \u0101das jaunekl\u012bgumu, pal\u012bdz c\u012bn\u012bties ar smalkaj\u0101m m\u012bmikas grumbi\u0146\u0101m un elast\u012bbas zudumu. Pept\u012bdu komplekss pal\u012bdz izl\u012bdzin\u0101t \u0101das krokas, stiprin\u0101t elast\u012bbu un pal\u0113nin\u0101t \u0101das noveco\u0161an\u0101s procesus. Kr\u0113ms intens\u012bvi baro un mitrina \u0101du, \u0101tri nov\u0113r\u0161 sausumu [&hellip;]","og_url":"https:\/\/www.facecorner.lv\/lv\/shop\/dear-klairs-fundamental-nourishing-eye-butter-20g\/","og_site_name":"FACECORNER","article_publisher":"https:\/\/www.facebook.com\/profile.php?id=100063824551839","article_modified_time":"2024-11-29T08:14:24+00:00","og_image":[{"width":735,"height":735,"url":"https:\/\/www.facecorner.lv\/wp-content\/uploads\/2023\/06\/Klairs-Fundamental-Nourishing-Eye-Butter4.jpg","type":"image\/jpeg"}],"twitter_card":"summary_large_image","twitter_misc":{"Price":"&euro;26.90","Availability":"Out of stock"},"schema":{"@context":"https:\/\/schema.org","@graph":[{"@type":"WebPage","@id":"https:\/\/www.facecorner.lv\/shop\/dear-klairs-fundamental-nourishing-eye-butter-20g\/","url":"https:\/\/www.facecorner.lv\/shop\/dear-klairs-fundamental-nourishing-eye-butter-20g\/","name":"Dear, Klairs Fundamental Nourishing Eye Butter 20g - FACECORNER","isPartOf":{"@id":"https:\/\/www.facecorner.lv\/#website"},"primaryImageOfPage":{"@id":"https:\/\/www.facecorner.lv\/shop\/dear-klairs-fundamental-nourishing-eye-butter-20g\/#primaryimage"},"image":{"@id":"https:\/\/www.facecorner.lv\/shop\/dear-klairs-fundamental-nourishing-eye-butter-20g\/#primaryimage"},"thumbnailUrl":"https:\/\/www.facecorner.lv\/wp-content\/uploads\/2023\/06\/Klairs-Fundamental-Nourishing-Eye-Butter4.jpg","datePublished":"2023-06-21T08:59:10+00:00","dateModified":"2024-11-29T08:14:24+00:00","breadcrumb":{"@id":"https:\/\/www.facecorner.lv\/shop\/dear-klairs-fundamental-nourishing-eye-butter-20g\/#breadcrumb"},"inLanguage":"lv-LV","potentialAction":[{"@type":"ReadAction","target":["https:\/\/www.facecorner.lv\/shop\/dear-klairs-fundamental-nourishing-eye-butter-20g\/"]}]},{"@type":"ImageObject","inLanguage":"lv-LV","@id":"https:\/\/www.facecorner.lv\/shop\/dear-klairs-fundamental-nourishing-eye-butter-20g\/#primaryimage","url":"https:\/\/www.facecorner.lv\/wp-content\/uploads\/2023\/06\/Klairs-Fundamental-Nourishing-Eye-Butter4.jpg","contentUrl":"https:\/\/www.facecorner.lv\/wp-content\/uploads\/2023\/06\/Klairs-Fundamental-Nourishing-Eye-Butter4.jpg","width":735,"height":735},{"@type":"BreadcrumbList","@id":"https:\/\/www.facecorner.lv\/shop\/dear-klairs-fundamental-nourishing-eye-butter-20g\/#breadcrumb","itemListElement":[{"@type":"ListItem","position":1,"name":"Home","item":"https:\/\/www.facecorner.lv\/"},{"@type":"ListItem","position":2,"name":"Veikals","item":"https:\/\/www.facecorner.lv\/shop\/"},{"@type":"ListItem","position":3,"name":"Dear, Klairs Fundamental Nourishing Eye Butter 20g"}]},{"@type":"WebSite","@id":"https:\/\/www.facecorner.lv\/#website","url":"https:\/\/www.facecorner.lv\/","name":"Facecorner","description":"","publisher":{"@id":"https:\/\/www.facecorner.lv\/#organization"},"potentialAction":[{"@type":"SearchAction","target":{"@type":"EntryPoint","urlTemplate":"https:\/\/www.facecorner.lv\/?s={search_term_string}"},"query-input":{"@type":"PropertyValueSpecification","valueRequired":true,"valueName":"search_term_string"}}],"inLanguage":"lv-LV"},{"@type":"Organization","@id":"https:\/\/www.facecorner.lv\/#organization","name":"Facecorner","url":"https:\/\/www.facecorner.lv\/","logo":{"@type":"ImageObject","inLanguage":"lv-LV","@id":"https:\/\/www.facecorner.lv\/#\/schema\/logo\/image\/","url":"https:\/\/www.facecorner.lv\/wp-content\/uploads\/2024\/04\/fc-logo.jpg","contentUrl":"https:\/\/www.facecorner.lv\/wp-content\/uploads\/2024\/04\/fc-logo.jpg","width":174,"height":28,"caption":"Facecorner"},"image":{"@id":"https:\/\/www.facecorner.lv\/#\/schema\/logo\/image\/"},"sameAs":["https:\/\/www.facebook.com\/profile.php?id=100063824551839","https:\/\/www.instagram.com\/facecorner_shop\/"]}]},"product_price_amount":"26.90","product_price_currency":"EUR","og_availability":"out of stock","product_availability":"out of stock","product_condition":"new"},"_links":{"self":[{"href":"https:\/\/www.facecorner.lv\/lv\/wp-json\/wp\/v2\/product\/11192","targetHints":{"allow":["GET"]}}],"collection":[{"href":"https:\/\/www.facecorner.lv\/lv\/wp-json\/wp\/v2\/product"}],"about":[{"href":"https:\/\/www.facecorner.lv\/lv\/wp-json\/wp\/v2\/types\/product"}],"replies":[{"embeddable":true,"href":"https:\/\/www.facecorner.lv\/lv\/wp-json\/wp\/v2\/comments?post=11192"}],"wp:featuredmedia":[{"embeddable":true,"href":"https:\/\/www.facecorner.lv\/lv\/wp-json\/wp\/v2\/media\/11193"}],"wp:attachment":[{"href":"https:\/\/www.facecorner.lv\/lv\/wp-json\/wp\/v2\/media?parent=11192"}],"wp:term":[{"taxonomy":"product_brand","embeddable":true,"href":"https:\/\/www.facecorner.lv\/lv\/wp-json\/wp\/v2\/product_brand?post=11192"},{"taxonomy":"product_cat","embeddable":true,"href":"https:\/\/www.facecorner.lv\/lv\/wp-json\/wp\/v2\/product_cat?post=11192"},{"taxonomy":"product_tag","embeddable":true,"href":"https:\/\/www.facecorner.lv\/lv\/wp-json\/wp\/v2\/product_tag?post=11192"},{"taxonomy":"berocket_brand","embeddable":true,"href":"https:\/\/www.facecorner.lv\/lv\/wp-json\/wp\/v2\/berocket_brand?post=11192"}],"curies":[{"name":"wp","href":"https:\/\/api.w.org\/{rel}","templated":true}]}}