{"id":11190,"date":"2023-06-21T10:50:10","date_gmt":"2023-06-21T08:50:10","guid":{"rendered":"https:\/\/www.facecorner.lv\/?post_type=product&#038;p=11190"},"modified":"2024-06-05T20:25:02","modified_gmt":"2024-06-05T18:25:02","slug":"dear-klairs-fundamental-eye-awakening-gel-35ml","status":"publish","type":"product","link":"https:\/\/www.facecorner.lv\/lv\/shop\/dear-klairs-fundamental-eye-awakening-gel-35ml\/","title":{"rendered":"Dear, Klairs Fundamental Eye Awakening Gel 35ml"},"content":{"rendered":"<p>Klairs Fundamental Eye Awakening Gel mazina t\u016bsku zem ac\u012bm, nov\u0113r\u0161 r\u012bta t\u016bsku, atsvaidzina, atv\u0113sina un intens\u012bvi mitrina \u0101du. Izl\u012bdzina grumbas, nov\u0113r\u0161 jaunu \u0101das kroku par\u0101d\u012b\u0161anos.<\/p>\n<p>Tam ir viegla tekst\u016bra, viegli kl\u0101jas uz \u0101das un \u0101tri uzs\u016bcas. Neatst\u0101j lip\u012bguma saj\u016btu.<\/p>\n<p>Galven\u0101s akt\u012bv\u0101s sast\u0101vda\u013cas:<\/p>\n<ul>\n<li>Aragana e\u013c\u013ca pies\u0101tina ar aminosk\u0101b\u0113m un vitam\u012bniem, padara \u0101du elast\u012bgu un gludu.<\/li>\n<li>Jojobas e\u013c\u013ca labi uzs\u016bcas, intens\u012bvi baro, pie\u0161\u0137ir maigumu un samtainu.<\/li>\n<li>Tokoferols ir sp\u0113c\u012bgs antioksidants. Blo\u0137\u0113 br\u012bvo radik\u0101\u013cu negat\u012bvo ietekmi, atbalsta viet\u0113jo imunit\u0101ti.<\/li>\n<li>Kofe\u012bns uzlabo asinsriti, mazina piet\u016bkumu, nov\u0113r\u0161 piet\u016bkumu.<\/li>\n<li>V\u0113rme\u013cu, kumel\u012b\u0161u, portulakas, hurmas ekstrakti intens\u012bvi mitrina, nomierina un toniz\u0113 \u0101du.<\/li>\n<li><span style=\"color: var(--g5-color-text-main); font-family: var(--g5-body-font); font-size: var(--g5-body-font-size); font-style: var(--g5-body-font-style); letter-spacing: var(--g5-body-letter-spacing); text-transform: var(--g5-body-text-transform);\">Perilla e\u013c\u013ca ir v\u0113rt\u012bgs tauksk\u0101bju avots. Tam ir mitrino\u0161a un antiseptiska iedarb\u012bba<\/span><\/li>\n<li>4 pept\u012bdu komplekss uztur \u0161\u016bnu sist\u0113mu aktivit\u0101ti augst\u0101 l\u012bmen\u012b. Izl\u012bdzina grumbas, pal\u012bdz nostiprin\u0101t sejas kont\u016bras, paaugstina kop\u0113jo \u0101das tonusu, stiprina kolag\u0113na \u0161\u0137iedras.<br \/>\nVisiem \u0101das tipiem.<\/li>\n<\/ul>\n<p><strong>Lieto\u0161ana:<\/strong> Uzkl\u0101jiet nepiecie\u0161amo g\u0113la daudzumu ar viegl\u0101m gl\u0101sto\u0161\u0101m kust\u012bb\u0101m uz plaksti\u0146u \u0101das. Lietojiet katru dienu no r\u012bta.<\/p>\n<p><strong>S\u0101stavs:\u00a0<\/strong>Aqua (Water), Glycerin, 1,2-Hexanediol, Butylene Glycol, Portulaca Oleracea Extract, Tromethamine, Sodium PCA, Carbomer, Hydroxyethylcellulose Acrylate\/Sodium Acryloyldimethyl Taurate Copolymer, Polyglyceryl-10 Laurate, Simmondsia Chinensis (Jojoba) Seed Oil, Argania Spinosa Kernel Oil, Propanediol, Ethylhexylglycerin, Tocopherol, Phaseolus Angularis Seed Extract, Xanthan gum, Sorbitan Isostearate, Perilla Frutescens Extract, Chaseraenomeles Sinensis Fruit Extract, Diospyros Kaki Leaf Extract, Cinnamomum Cassia Bark Extract, Artemisia Princeps Leaf Extract, Chrysanthellum Indicum Extract, Camellia Sinensis Leaf Extract, Copper Tripeptide-1, Oligopolypeptide-32, Oligopeptide-29, Acetyl Hexapeptide-8, Caffeine, Niacinamide, Hydrogenated Lecithin<\/p>\n","protected":false},"excerpt":{"rendered":"<p>Klairs Fundamental Eye Awakening Gel mazina t\u016bsku zem ac\u012bm, nov\u0113r\u0161 r\u012bta t\u016bsku, atsvaidzina, atv\u0113sina un intens\u012bvi mitrina \u0101du. Izl\u012bdzina grumbas, nov\u0113r\u0161 jaunu \u0101das kroku par\u0101d\u012b\u0161anos. Tam ir viegla tekst\u016bra, viegli kl\u0101jas uz \u0101das un \u0101tri uzs\u016bcas. Neatst\u0101j lip\u012bguma saj\u016btu. Galven\u0101s akt\u012bv\u0101s sast\u0101vda\u013cas: Aragana e\u013c\u013ca pies\u0101tina ar aminosk\u0101b\u0113m un vitam\u012bniem, padara \u0101du elast\u012bgu un gludu. Jojobas [&hellip;]<\/p>\n","protected":false},"featured_media":11191,"comment_status":"open","ping_status":"closed","template":"","meta":{"site-sidebar-layout":"default","site-content-layout":"","ast-site-content-layout":"","site-content-style":"default","site-sidebar-style":"default","ast-global-header-display":"","ast-banner-title-visibility":"","ast-main-header-display":"","ast-hfb-above-header-display":"","ast-hfb-below-header-display":"","ast-hfb-mobile-header-display":"","site-post-title":"","ast-breadcrumbs-content":"","ast-featured-img":"","footer-sml-layout":"","theme-transparent-header-meta":"","adv-header-id-meta":"","stick-header-meta":"","header-above-stick-meta":"","header-main-stick-meta":"","header-below-stick-meta":"","astra-migrate-meta-layouts":"default","ast-page-background-enabled":"default","ast-page-background-meta":{"desktop":{"background-color":"var(--ast-global-color-4)","background-image":"","background-repeat":"repeat","background-position":"center center","background-size":"auto","background-attachment":"scroll","background-type":"","background-media":"","overlay-type":"","overlay-color":"","overlay-opacity":"","overlay-gradient":""},"tablet":{"background-color":"","background-image":"","background-repeat":"repeat","background-position":"center center","background-size":"auto","background-attachment":"scroll","background-type":"","background-media":"","overlay-type":"","overlay-color":"","overlay-opacity":"","overlay-gradient":""},"mobile":{"background-color":"","background-image":"","background-repeat":"repeat","background-position":"center center","background-size":"auto","background-attachment":"scroll","background-type":"","background-media":"","overlay-type":"","overlay-color":"","overlay-opacity":"","overlay-gradient":""}},"ast-content-background-meta":{"desktop":{"background-color":"var(--ast-global-color-5)","background-image":"","background-repeat":"repeat","background-position":"center center","background-size":"auto","background-attachment":"scroll","background-type":"","background-media":"","overlay-type":"","overlay-color":"","overlay-opacity":"","overlay-gradient":""},"tablet":{"background-color":"var(--ast-global-color-5)","background-image":"","background-repeat":"repeat","background-position":"center center","background-size":"auto","background-attachment":"scroll","background-type":"","background-media":"","overlay-type":"","overlay-color":"","overlay-opacity":"","overlay-gradient":""},"mobile":{"background-color":"var(--ast-global-color-5)","background-image":"","background-repeat":"repeat","background-position":"center center","background-size":"auto","background-attachment":"scroll","background-type":"","background-media":"","overlay-type":"","overlay-color":"","overlay-opacity":"","overlay-gradient":""}}},"product_brand":[],"product_cat":[308],"product_tag":[],"berocket_brand":[],"class_list":{"0":"post-11190","1":"product","2":"type-product","3":"status-publish","4":"has-post-thumbnail","6":"product_cat-acu-krems","7":"desktop-align-left","8":"tablet-align-left","9":"mobile-align-left","11":"first","12":"outofstock","13":"taxable","14":"shipping-taxable","15":"purchasable","16":"product-type-simple","17":"add-to-wishlist-before_image"},"yoast_head":"<!-- This site is optimized with the Yoast SEO plugin v27.4 - https:\/\/yoast.com\/product\/yoast-seo-wordpress\/ -->\n<title>Dear, Klairs Fundamental Eye Awakening Gel 35ml - FACECORNER<\/title>\n<meta name=\"robots\" content=\"index, follow, max-snippet:-1, max-image-preview:large, max-video-preview:-1\" \/>\n<link rel=\"canonical\" href=\"https:\/\/www.facecorner.lv\/lv\/shop\/dear-klairs-fundamental-eye-awakening-gel-35ml\/\" \/>\n<meta property=\"og:locale\" content=\"lv_LV\" \/>\n<meta property=\"og:type\" content=\"article\" \/>\n<meta property=\"og:title\" content=\"Dear, Klairs Fundamental Eye Awakening Gel 35ml - FACECORNER\" \/>\n<meta property=\"og:description\" content=\"Klairs Fundamental Eye Awakening Gel mazina t\u016bsku zem ac\u012bm, nov\u0113r\u0161 r\u012bta t\u016bsku, atsvaidzina, atv\u0113sina un intens\u012bvi mitrina \u0101du. Izl\u012bdzina grumbas, nov\u0113r\u0161 jaunu \u0101das kroku par\u0101d\u012b\u0161anos. Tam ir viegla tekst\u016bra, viegli kl\u0101jas uz \u0101das un \u0101tri uzs\u016bcas. Neatst\u0101j lip\u012bguma saj\u016btu. Galven\u0101s akt\u012bv\u0101s sast\u0101vda\u013cas: Aragana e\u013c\u013ca pies\u0101tina ar aminosk\u0101b\u0113m un vitam\u012bniem, padara \u0101du elast\u012bgu un gludu. Jojobas [&hellip;]\" \/>\n<meta property=\"og:url\" content=\"https:\/\/www.facecorner.lv\/lv\/shop\/dear-klairs-fundamental-eye-awakening-gel-35ml\/\" \/>\n<meta property=\"og:site_name\" content=\"FACECORNER\" \/>\n<meta property=\"article:publisher\" content=\"https:\/\/www.facebook.com\/profile.php?id=100063824551839\" \/>\n<meta property=\"article:modified_time\" content=\"2024-06-05T18:25:02+00:00\" \/>\n<meta property=\"og:image\" content=\"https:\/\/www.facecorner.lv\/wp-content\/uploads\/2023\/06\/51N-RCk8dzS.jpg\" \/>\n\t<meta property=\"og:image:width\" content=\"1080\" \/>\n\t<meta property=\"og:image:height\" content=\"1080\" \/>\n\t<meta property=\"og:image:type\" content=\"image\/jpeg\" \/>\n<meta name=\"twitter:card\" content=\"summary_large_image\" \/>\n<meta name=\"twitter:label1\" content=\"Price\" \/>\n\t<meta name=\"twitter:data1\" content=\"&euro;26.90\" \/>\n\t<meta name=\"twitter:label2\" content=\"Availability\" \/>\n\t<meta name=\"twitter:data2\" content=\"Out of stock\" \/>\n<script type=\"application\/ld+json\" class=\"yoast-schema-graph\">{\"@context\":\"https:\\\/\\\/schema.org\",\"@graph\":[{\"@type\":\"WebPage\",\"@id\":\"https:\\\/\\\/www.facecorner.lv\\\/shop\\\/dear-klairs-fundamental-eye-awakening-gel-35ml\\\/\",\"url\":\"https:\\\/\\\/www.facecorner.lv\\\/shop\\\/dear-klairs-fundamental-eye-awakening-gel-35ml\\\/\",\"name\":\"Dear, Klairs Fundamental Eye Awakening Gel 35ml - FACECORNER\",\"isPartOf\":{\"@id\":\"https:\\\/\\\/www.facecorner.lv\\\/#website\"},\"primaryImageOfPage\":{\"@id\":\"https:\\\/\\\/www.facecorner.lv\\\/shop\\\/dear-klairs-fundamental-eye-awakening-gel-35ml\\\/#primaryimage\"},\"image\":{\"@id\":\"https:\\\/\\\/www.facecorner.lv\\\/shop\\\/dear-klairs-fundamental-eye-awakening-gel-35ml\\\/#primaryimage\"},\"thumbnailUrl\":\"https:\\\/\\\/www.facecorner.lv\\\/wp-content\\\/uploads\\\/2023\\\/06\\\/51N-RCk8dzS.jpg\",\"datePublished\":\"2023-06-21T08:50:10+00:00\",\"dateModified\":\"2024-06-05T18:25:02+00:00\",\"breadcrumb\":{\"@id\":\"https:\\\/\\\/www.facecorner.lv\\\/shop\\\/dear-klairs-fundamental-eye-awakening-gel-35ml\\\/#breadcrumb\"},\"inLanguage\":\"lv-LV\",\"potentialAction\":[{\"@type\":\"ReadAction\",\"target\":[\"https:\\\/\\\/www.facecorner.lv\\\/shop\\\/dear-klairs-fundamental-eye-awakening-gel-35ml\\\/\"]}]},{\"@type\":\"ImageObject\",\"inLanguage\":\"lv-LV\",\"@id\":\"https:\\\/\\\/www.facecorner.lv\\\/shop\\\/dear-klairs-fundamental-eye-awakening-gel-35ml\\\/#primaryimage\",\"url\":\"https:\\\/\\\/www.facecorner.lv\\\/wp-content\\\/uploads\\\/2023\\\/06\\\/51N-RCk8dzS.jpg\",\"contentUrl\":\"https:\\\/\\\/www.facecorner.lv\\\/wp-content\\\/uploads\\\/2023\\\/06\\\/51N-RCk8dzS.jpg\",\"width\":1080,\"height\":1080},{\"@type\":\"BreadcrumbList\",\"@id\":\"https:\\\/\\\/www.facecorner.lv\\\/shop\\\/dear-klairs-fundamental-eye-awakening-gel-35ml\\\/#breadcrumb\",\"itemListElement\":[{\"@type\":\"ListItem\",\"position\":1,\"name\":\"Home\",\"item\":\"https:\\\/\\\/www.facecorner.lv\\\/\"},{\"@type\":\"ListItem\",\"position\":2,\"name\":\"Veikals\",\"item\":\"https:\\\/\\\/www.facecorner.lv\\\/shop\\\/\"},{\"@type\":\"ListItem\",\"position\":3,\"name\":\"Dear, Klairs Fundamental Eye Awakening Gel 35ml\"}]},{\"@type\":\"WebSite\",\"@id\":\"https:\\\/\\\/www.facecorner.lv\\\/#website\",\"url\":\"https:\\\/\\\/www.facecorner.lv\\\/\",\"name\":\"Facecorner\",\"description\":\"\",\"publisher\":{\"@id\":\"https:\\\/\\\/www.facecorner.lv\\\/#organization\"},\"potentialAction\":[{\"@type\":\"SearchAction\",\"target\":{\"@type\":\"EntryPoint\",\"urlTemplate\":\"https:\\\/\\\/www.facecorner.lv\\\/?s={search_term_string}\"},\"query-input\":{\"@type\":\"PropertyValueSpecification\",\"valueRequired\":true,\"valueName\":\"search_term_string\"}}],\"inLanguage\":\"lv-LV\"},{\"@type\":\"Organization\",\"@id\":\"https:\\\/\\\/www.facecorner.lv\\\/#organization\",\"name\":\"Facecorner\",\"url\":\"https:\\\/\\\/www.facecorner.lv\\\/\",\"logo\":{\"@type\":\"ImageObject\",\"inLanguage\":\"lv-LV\",\"@id\":\"https:\\\/\\\/www.facecorner.lv\\\/#\\\/schema\\\/logo\\\/image\\\/\",\"url\":\"https:\\\/\\\/www.facecorner.lv\\\/wp-content\\\/uploads\\\/2024\\\/04\\\/fc-logo.jpg\",\"contentUrl\":\"https:\\\/\\\/www.facecorner.lv\\\/wp-content\\\/uploads\\\/2024\\\/04\\\/fc-logo.jpg\",\"width\":174,\"height\":28,\"caption\":\"Facecorner\"},\"image\":{\"@id\":\"https:\\\/\\\/www.facecorner.lv\\\/#\\\/schema\\\/logo\\\/image\\\/\"},\"sameAs\":[\"https:\\\/\\\/www.facebook.com\\\/profile.php?id=100063824551839\",\"https:\\\/\\\/www.instagram.com\\\/facecorner_shop\\\/\"]}]}<\/script>\n<meta property=\"product:price:amount\" content=\"26.90\" \/>\n<meta property=\"product:price:currency\" content=\"EUR\" \/>\n<meta property=\"og:availability\" content=\"out of stock\" \/>\n<meta property=\"product:availability\" content=\"out of stock\" \/>\n<meta property=\"product:condition\" content=\"new\" \/>\n<!-- \/ Yoast SEO plugin. -->","yoast_head_json":{"title":"Dear, Klairs Fundamental Eye Awakening Gel 35ml - FACECORNER","robots":{"index":"index","follow":"follow","max-snippet":"max-snippet:-1","max-image-preview":"max-image-preview:large","max-video-preview":"max-video-preview:-1"},"canonical":"https:\/\/www.facecorner.lv\/lv\/shop\/dear-klairs-fundamental-eye-awakening-gel-35ml\/","og_locale":"lv_LV","og_type":"article","og_title":"Dear, Klairs Fundamental Eye Awakening Gel 35ml - FACECORNER","og_description":"Klairs Fundamental Eye Awakening Gel mazina t\u016bsku zem ac\u012bm, nov\u0113r\u0161 r\u012bta t\u016bsku, atsvaidzina, atv\u0113sina un intens\u012bvi mitrina \u0101du. Izl\u012bdzina grumbas, nov\u0113r\u0161 jaunu \u0101das kroku par\u0101d\u012b\u0161anos. Tam ir viegla tekst\u016bra, viegli kl\u0101jas uz \u0101das un \u0101tri uzs\u016bcas. Neatst\u0101j lip\u012bguma saj\u016btu. Galven\u0101s akt\u012bv\u0101s sast\u0101vda\u013cas: Aragana e\u013c\u013ca pies\u0101tina ar aminosk\u0101b\u0113m un vitam\u012bniem, padara \u0101du elast\u012bgu un gludu. Jojobas [&hellip;]","og_url":"https:\/\/www.facecorner.lv\/lv\/shop\/dear-klairs-fundamental-eye-awakening-gel-35ml\/","og_site_name":"FACECORNER","article_publisher":"https:\/\/www.facebook.com\/profile.php?id=100063824551839","article_modified_time":"2024-06-05T18:25:02+00:00","og_image":[{"width":1080,"height":1080,"url":"https:\/\/www.facecorner.lv\/wp-content\/uploads\/2023\/06\/51N-RCk8dzS.jpg","type":"image\/jpeg"}],"twitter_card":"summary_large_image","twitter_misc":{"Price":"&euro;26.90","Availability":"Out of stock"},"schema":{"@context":"https:\/\/schema.org","@graph":[{"@type":"WebPage","@id":"https:\/\/www.facecorner.lv\/shop\/dear-klairs-fundamental-eye-awakening-gel-35ml\/","url":"https:\/\/www.facecorner.lv\/shop\/dear-klairs-fundamental-eye-awakening-gel-35ml\/","name":"Dear, Klairs Fundamental Eye Awakening Gel 35ml - FACECORNER","isPartOf":{"@id":"https:\/\/www.facecorner.lv\/#website"},"primaryImageOfPage":{"@id":"https:\/\/www.facecorner.lv\/shop\/dear-klairs-fundamental-eye-awakening-gel-35ml\/#primaryimage"},"image":{"@id":"https:\/\/www.facecorner.lv\/shop\/dear-klairs-fundamental-eye-awakening-gel-35ml\/#primaryimage"},"thumbnailUrl":"https:\/\/www.facecorner.lv\/wp-content\/uploads\/2023\/06\/51N-RCk8dzS.jpg","datePublished":"2023-06-21T08:50:10+00:00","dateModified":"2024-06-05T18:25:02+00:00","breadcrumb":{"@id":"https:\/\/www.facecorner.lv\/shop\/dear-klairs-fundamental-eye-awakening-gel-35ml\/#breadcrumb"},"inLanguage":"lv-LV","potentialAction":[{"@type":"ReadAction","target":["https:\/\/www.facecorner.lv\/shop\/dear-klairs-fundamental-eye-awakening-gel-35ml\/"]}]},{"@type":"ImageObject","inLanguage":"lv-LV","@id":"https:\/\/www.facecorner.lv\/shop\/dear-klairs-fundamental-eye-awakening-gel-35ml\/#primaryimage","url":"https:\/\/www.facecorner.lv\/wp-content\/uploads\/2023\/06\/51N-RCk8dzS.jpg","contentUrl":"https:\/\/www.facecorner.lv\/wp-content\/uploads\/2023\/06\/51N-RCk8dzS.jpg","width":1080,"height":1080},{"@type":"BreadcrumbList","@id":"https:\/\/www.facecorner.lv\/shop\/dear-klairs-fundamental-eye-awakening-gel-35ml\/#breadcrumb","itemListElement":[{"@type":"ListItem","position":1,"name":"Home","item":"https:\/\/www.facecorner.lv\/"},{"@type":"ListItem","position":2,"name":"Veikals","item":"https:\/\/www.facecorner.lv\/shop\/"},{"@type":"ListItem","position":3,"name":"Dear, Klairs Fundamental Eye Awakening Gel 35ml"}]},{"@type":"WebSite","@id":"https:\/\/www.facecorner.lv\/#website","url":"https:\/\/www.facecorner.lv\/","name":"Facecorner","description":"","publisher":{"@id":"https:\/\/www.facecorner.lv\/#organization"},"potentialAction":[{"@type":"SearchAction","target":{"@type":"EntryPoint","urlTemplate":"https:\/\/www.facecorner.lv\/?s={search_term_string}"},"query-input":{"@type":"PropertyValueSpecification","valueRequired":true,"valueName":"search_term_string"}}],"inLanguage":"lv-LV"},{"@type":"Organization","@id":"https:\/\/www.facecorner.lv\/#organization","name":"Facecorner","url":"https:\/\/www.facecorner.lv\/","logo":{"@type":"ImageObject","inLanguage":"lv-LV","@id":"https:\/\/www.facecorner.lv\/#\/schema\/logo\/image\/","url":"https:\/\/www.facecorner.lv\/wp-content\/uploads\/2024\/04\/fc-logo.jpg","contentUrl":"https:\/\/www.facecorner.lv\/wp-content\/uploads\/2024\/04\/fc-logo.jpg","width":174,"height":28,"caption":"Facecorner"},"image":{"@id":"https:\/\/www.facecorner.lv\/#\/schema\/logo\/image\/"},"sameAs":["https:\/\/www.facebook.com\/profile.php?id=100063824551839","https:\/\/www.instagram.com\/facecorner_shop\/"]}]},"product_price_amount":"26.90","product_price_currency":"EUR","og_availability":"out of stock","product_availability":"out of stock","product_condition":"new"},"_links":{"self":[{"href":"https:\/\/www.facecorner.lv\/lv\/wp-json\/wp\/v2\/product\/11190","targetHints":{"allow":["GET"]}}],"collection":[{"href":"https:\/\/www.facecorner.lv\/lv\/wp-json\/wp\/v2\/product"}],"about":[{"href":"https:\/\/www.facecorner.lv\/lv\/wp-json\/wp\/v2\/types\/product"}],"replies":[{"embeddable":true,"href":"https:\/\/www.facecorner.lv\/lv\/wp-json\/wp\/v2\/comments?post=11190"}],"wp:featuredmedia":[{"embeddable":true,"href":"https:\/\/www.facecorner.lv\/lv\/wp-json\/wp\/v2\/media\/11191"}],"wp:attachment":[{"href":"https:\/\/www.facecorner.lv\/lv\/wp-json\/wp\/v2\/media?parent=11190"}],"wp:term":[{"taxonomy":"product_brand","embeddable":true,"href":"https:\/\/www.facecorner.lv\/lv\/wp-json\/wp\/v2\/product_brand?post=11190"},{"taxonomy":"product_cat","embeddable":true,"href":"https:\/\/www.facecorner.lv\/lv\/wp-json\/wp\/v2\/product_cat?post=11190"},{"taxonomy":"product_tag","embeddable":true,"href":"https:\/\/www.facecorner.lv\/lv\/wp-json\/wp\/v2\/product_tag?post=11190"},{"taxonomy":"berocket_brand","embeddable":true,"href":"https:\/\/www.facecorner.lv\/lv\/wp-json\/wp\/v2\/berocket_brand?post=11190"}],"curies":[{"name":"wp","href":"https:\/\/api.w.org\/{rel}","templated":true}]}}