{"id":11040,"date":"2023-06-09T14:23:46","date_gmt":"2023-06-09T12:23:46","guid":{"rendered":"https:\/\/www.facecorner.lv\/?post_type=product&#038;p=11040"},"modified":"2025-05-13T20:10:13","modified_gmt":"2025-05-13T17:10:13","slug":"dear-klairs-midnight-blue-calming-cream-60ml","status":"publish","type":"product","link":"https:\/\/www.facecorner.lv\/lv\/shop\/dear-klairs-midnight-blue-calming-cream-60ml\/","title":{"rendered":"Dear, Klairs Midnight Blue Calming Cream 60ml"},"content":{"rendered":"<p>Grezns Klairs Midnight Blue nomierino\u0161s kr\u0113ms, ide\u0101li piem\u0113rots kairin\u0101tai un \u013coti jut\u012bgai \u0101dai. Kr\u0113ms mazina aps\u0101rtumu un iekaisumu, labv\u0113l\u012bgi iedarbojas uz \u0101du, kas cie\u0161 no rosacejas.<\/p>\n<p>Intens\u012bvi mitrina \u0101du un uzlabo sejas kr\u0101su, pateicoties dab\u012bgajiem portulaka, z\u012bdkoka, broko\u013cu ekstraktiem.<\/p>\n<p>Kr\u0113ms ir piem\u0113rots norm\u0101lai, kombin\u0113tai, dehidr\u0113tai \u0101dai ar aps\u0101rtumu, kairin\u0101jumu un rosaceju. Ide\u0101li piem\u0113rots \u0101das kop\u0161anai p\u0113c profesion\u0101las kosmetologa veiktas t\u012br\u012b\u0161anas vai p\u012blinga.<\/p>\n<p>Kr\u0113mam ir dab\u012bgs veg\u0101nisks sast\u0101vs.<\/p>\n<p>Piem\u0113rots visiem \u0101das tipiem.<\/p>\n<p><strong>Lieto\u0161ana:<\/strong> Uzkl\u0101jiet produktu uz t\u012bras un proton\u0113tas sejas \u0101das ar viegl\u0101m spilventi\u0146u kust\u012bb\u0101m ar pirkstu. Lietojiet katru dienu vakar\u0101, nakt\u012b.<\/p>\n<p><strong>S\u0101stavs:\u00a0<\/strong>Water, Cetyl Ethylhexanoate, Butylene Glycol, Glycerin, Sodium Hyaluronate, Caprylic\/Capric Triglyceride, Centella Asiatica Extract, Sorbitan Stearate, Cetyl Alcohol, Butyrospermum Parkii (Shea) Butter, Argania Spinosa Kernel Oil, Simmondsia Chinensis (Jojoba) Seed Oil, Sorbitan Sesquioleate, Glyceryl Stearate, Stearic Acid, Portulaca Oleracea Extract, Anthemis Nobilis Flower Extract, Ceramide NP, Polysorbate 60, Candelilla Cera, Chlorphenesin, Tocopheryl Acetate, Xanthan Gum, Acrylates\/C10-30 Alkyl Acrylate Crosspolymer, Morus Alba Root Extract, Tromethamine, Brassica Oleracea Italica (Broccoli) Extract, Guaiazulene, Acetyl Hexapeptide-8, Lecithin, Acetyl Glutamine, sh-Oligopeptide-1, sh-Oligopeptide-2, sh-Polypeptide-1, sh-Polypeptide-9, sh-Polypeptide-11, Bacillus\/Soybean\/Folic Acid Ferment Extract, Caprylyl Glycol, 1,2-Hexanediol<\/p>\n","protected":false},"excerpt":{"rendered":"<p>Grezns Klairs Midnight Blue nomierino\u0161s kr\u0113ms, ide\u0101li piem\u0113rots kairin\u0101tai un \u013coti jut\u012bgai \u0101dai. Kr\u0113ms mazina aps\u0101rtumu un iekaisumu, labv\u0113l\u012bgi iedarbojas uz \u0101du, kas cie\u0161 no rosacejas. Intens\u012bvi mitrina \u0101du un uzlabo sejas kr\u0101su, pateicoties dab\u012bgajiem portulaka, z\u012bdkoka, broko\u013cu ekstraktiem. Kr\u0113ms ir piem\u0113rots norm\u0101lai, kombin\u0113tai, dehidr\u0113tai \u0101dai ar aps\u0101rtumu, kairin\u0101jumu un rosaceju. Ide\u0101li piem\u0113rots \u0101das kop\u0161anai [&hellip;]<\/p>\n","protected":false},"featured_media":11041,"comment_status":"open","ping_status":"closed","template":"","meta":{"site-sidebar-layout":"default","site-content-layout":"","ast-site-content-layout":"","site-content-style":"default","site-sidebar-style":"default","ast-global-header-display":"","ast-banner-title-visibility":"","ast-main-header-display":"","ast-hfb-above-header-display":"","ast-hfb-below-header-display":"","ast-hfb-mobile-header-display":"","site-post-title":"","ast-breadcrumbs-content":"","ast-featured-img":"","footer-sml-layout":"","theme-transparent-header-meta":"","adv-header-id-meta":"","stick-header-meta":"","header-above-stick-meta":"","header-main-stick-meta":"","header-below-stick-meta":"","astra-migrate-meta-layouts":"default","ast-page-background-enabled":"default","ast-page-background-meta":{"desktop":{"background-color":"var(--ast-global-color-4)","background-image":"","background-repeat":"repeat","background-position":"center center","background-size":"auto","background-attachment":"scroll","background-type":"","background-media":"","overlay-type":"","overlay-color":"","overlay-opacity":"","overlay-gradient":""},"tablet":{"background-color":"","background-image":"","background-repeat":"repeat","background-position":"center center","background-size":"auto","background-attachment":"scroll","background-type":"","background-media":"","overlay-type":"","overlay-color":"","overlay-opacity":"","overlay-gradient":""},"mobile":{"background-color":"","background-image":"","background-repeat":"repeat","background-position":"center center","background-size":"auto","background-attachment":"scroll","background-type":"","background-media":"","overlay-type":"","overlay-color":"","overlay-opacity":"","overlay-gradient":""}},"ast-content-background-meta":{"desktop":{"background-color":"var(--ast-global-color-5)","background-image":"","background-repeat":"repeat","background-position":"center center","background-size":"auto","background-attachment":"scroll","background-type":"","background-media":"","overlay-type":"","overlay-color":"","overlay-opacity":"","overlay-gradient":""},"tablet":{"background-color":"var(--ast-global-color-5)","background-image":"","background-repeat":"repeat","background-position":"center center","background-size":"auto","background-attachment":"scroll","background-type":"","background-media":"","overlay-type":"","overlay-color":"","overlay-opacity":"","overlay-gradient":""},"mobile":{"background-color":"var(--ast-global-color-5)","background-image":"","background-repeat":"repeat","background-position":"center center","background-size":"auto","background-attachment":"scroll","background-type":"","background-media":"","overlay-type":"","overlay-color":"","overlay-opacity":"","overlay-gradient":""}}},"product_brand":[],"product_cat":[380,366,367,369,381,379,362],"product_tag":[],"berocket_brand":[630],"class_list":{"0":"post-11040","1":"product","2":"type-product","3":"status-publish","4":"has-post-thumbnail","6":"product_cat-kombinetai-adai","7":"product_cat-mitrinoss","8":"product_cat-nomierinoss","9":"product_cat-problematiskai-adai-sejas-krems","10":"product_cat-problematiskai-un-taukainai-adai","11":"product_cat-sausai-adai-anti-age","12":"product_cat-sejas-krems","13":"berocket_brand-dear-klairs","14":"desktop-align-left","15":"tablet-align-left","16":"mobile-align-left","18":"first","19":"outofstock","20":"taxable","21":"shipping-taxable","22":"purchasable","23":"product-type-simple","24":"add-to-wishlist-before_image"},"yoast_head":"<!-- This site is optimized with the Yoast SEO plugin v27.3 - https:\/\/yoast.com\/product\/yoast-seo-wordpress\/ -->\n<title>Dear, Klairs Midnight Blue Calming Cream 60ml - FACECORNER<\/title>\n<meta name=\"robots\" content=\"index, follow, max-snippet:-1, max-image-preview:large, max-video-preview:-1\" \/>\n<link rel=\"canonical\" href=\"https:\/\/www.facecorner.lv\/lv\/shop\/dear-klairs-midnight-blue-calming-cream-60ml\/\" \/>\n<meta property=\"og:locale\" content=\"lv_LV\" \/>\n<meta property=\"og:type\" content=\"article\" \/>\n<meta property=\"og:title\" content=\"Dear, Klairs Midnight Blue Calming Cream 60ml - FACECORNER\" \/>\n<meta property=\"og:description\" content=\"Grezns Klairs Midnight Blue nomierino\u0161s kr\u0113ms, ide\u0101li piem\u0113rots kairin\u0101tai un \u013coti jut\u012bgai \u0101dai. Kr\u0113ms mazina aps\u0101rtumu un iekaisumu, labv\u0113l\u012bgi iedarbojas uz \u0101du, kas cie\u0161 no rosacejas. Intens\u012bvi mitrina \u0101du un uzlabo sejas kr\u0101su, pateicoties dab\u012bgajiem portulaka, z\u012bdkoka, broko\u013cu ekstraktiem. Kr\u0113ms ir piem\u0113rots norm\u0101lai, kombin\u0113tai, dehidr\u0113tai \u0101dai ar aps\u0101rtumu, kairin\u0101jumu un rosaceju. Ide\u0101li piem\u0113rots \u0101das kop\u0161anai [&hellip;]\" \/>\n<meta property=\"og:url\" content=\"https:\/\/www.facecorner.lv\/lv\/shop\/dear-klairs-midnight-blue-calming-cream-60ml\/\" \/>\n<meta property=\"og:site_name\" content=\"FACECORNER\" \/>\n<meta property=\"article:publisher\" content=\"https:\/\/www.facebook.com\/profile.php?id=100063824551839\" \/>\n<meta property=\"article:modified_time\" content=\"2025-05-13T17:10:13+00:00\" \/>\n<meta property=\"og:image\" content=\"https:\/\/www.facecorner.lv\/wp-content\/uploads\/2023\/06\/Unknown-1.jpeg\" \/>\n\t<meta property=\"og:image:width\" content=\"225\" \/>\n\t<meta property=\"og:image:height\" content=\"225\" \/>\n\t<meta property=\"og:image:type\" content=\"image\/jpeg\" \/>\n<meta name=\"twitter:card\" content=\"summary_large_image\" \/>\n<meta name=\"twitter:label1\" content=\"Price\" \/>\n\t<meta name=\"twitter:data1\" content=\"&euro;29.90\" \/>\n\t<meta name=\"twitter:label2\" content=\"Availability\" \/>\n\t<meta name=\"twitter:data2\" content=\"Out of stock\" \/>\n<script type=\"application\/ld+json\" class=\"yoast-schema-graph\">{\"@context\":\"https:\\\/\\\/schema.org\",\"@graph\":[{\"@type\":\"WebPage\",\"@id\":\"https:\\\/\\\/www.facecorner.lv\\\/shop\\\/dear-klairs-midnight-blue-calming-cream-60ml\\\/\",\"url\":\"https:\\\/\\\/www.facecorner.lv\\\/shop\\\/dear-klairs-midnight-blue-calming-cream-60ml\\\/\",\"name\":\"Dear, Klairs Midnight Blue Calming Cream 60ml - FACECORNER\",\"isPartOf\":{\"@id\":\"https:\\\/\\\/www.facecorner.lv\\\/#website\"},\"primaryImageOfPage\":{\"@id\":\"https:\\\/\\\/www.facecorner.lv\\\/shop\\\/dear-klairs-midnight-blue-calming-cream-60ml\\\/#primaryimage\"},\"image\":{\"@id\":\"https:\\\/\\\/www.facecorner.lv\\\/shop\\\/dear-klairs-midnight-blue-calming-cream-60ml\\\/#primaryimage\"},\"thumbnailUrl\":\"https:\\\/\\\/www.facecorner.lv\\\/wp-content\\\/uploads\\\/2023\\\/06\\\/Unknown-1.jpeg\",\"datePublished\":\"2023-06-09T12:23:46+00:00\",\"dateModified\":\"2025-05-13T17:10:13+00:00\",\"breadcrumb\":{\"@id\":\"https:\\\/\\\/www.facecorner.lv\\\/shop\\\/dear-klairs-midnight-blue-calming-cream-60ml\\\/#breadcrumb\"},\"inLanguage\":\"lv-LV\",\"potentialAction\":[{\"@type\":\"ReadAction\",\"target\":[\"https:\\\/\\\/www.facecorner.lv\\\/shop\\\/dear-klairs-midnight-blue-calming-cream-60ml\\\/\"]}]},{\"@type\":\"ImageObject\",\"inLanguage\":\"lv-LV\",\"@id\":\"https:\\\/\\\/www.facecorner.lv\\\/shop\\\/dear-klairs-midnight-blue-calming-cream-60ml\\\/#primaryimage\",\"url\":\"https:\\\/\\\/www.facecorner.lv\\\/wp-content\\\/uploads\\\/2023\\\/06\\\/Unknown-1.jpeg\",\"contentUrl\":\"https:\\\/\\\/www.facecorner.lv\\\/wp-content\\\/uploads\\\/2023\\\/06\\\/Unknown-1.jpeg\",\"width\":225,\"height\":225},{\"@type\":\"BreadcrumbList\",\"@id\":\"https:\\\/\\\/www.facecorner.lv\\\/shop\\\/dear-klairs-midnight-blue-calming-cream-60ml\\\/#breadcrumb\",\"itemListElement\":[{\"@type\":\"ListItem\",\"position\":1,\"name\":\"Home\",\"item\":\"https:\\\/\\\/www.facecorner.lv\\\/\"},{\"@type\":\"ListItem\",\"position\":2,\"name\":\"Veikals\",\"item\":\"https:\\\/\\\/www.facecorner.lv\\\/shop\\\/\"},{\"@type\":\"ListItem\",\"position\":3,\"name\":\"Dear, Klairs Midnight Blue Calming Cream 60ml\"}]},{\"@type\":\"WebSite\",\"@id\":\"https:\\\/\\\/www.facecorner.lv\\\/#website\",\"url\":\"https:\\\/\\\/www.facecorner.lv\\\/\",\"name\":\"Facecorner\",\"description\":\"\",\"publisher\":{\"@id\":\"https:\\\/\\\/www.facecorner.lv\\\/#organization\"},\"potentialAction\":[{\"@type\":\"SearchAction\",\"target\":{\"@type\":\"EntryPoint\",\"urlTemplate\":\"https:\\\/\\\/www.facecorner.lv\\\/?s={search_term_string}\"},\"query-input\":{\"@type\":\"PropertyValueSpecification\",\"valueRequired\":true,\"valueName\":\"search_term_string\"}}],\"inLanguage\":\"lv-LV\"},{\"@type\":\"Organization\",\"@id\":\"https:\\\/\\\/www.facecorner.lv\\\/#organization\",\"name\":\"Facecorner\",\"url\":\"https:\\\/\\\/www.facecorner.lv\\\/\",\"logo\":{\"@type\":\"ImageObject\",\"inLanguage\":\"lv-LV\",\"@id\":\"https:\\\/\\\/www.facecorner.lv\\\/#\\\/schema\\\/logo\\\/image\\\/\",\"url\":\"https:\\\/\\\/www.facecorner.lv\\\/wp-content\\\/uploads\\\/2024\\\/04\\\/fc-logo.jpg\",\"contentUrl\":\"https:\\\/\\\/www.facecorner.lv\\\/wp-content\\\/uploads\\\/2024\\\/04\\\/fc-logo.jpg\",\"width\":174,\"height\":28,\"caption\":\"Facecorner\"},\"image\":{\"@id\":\"https:\\\/\\\/www.facecorner.lv\\\/#\\\/schema\\\/logo\\\/image\\\/\"},\"sameAs\":[\"https:\\\/\\\/www.facebook.com\\\/profile.php?id=100063824551839\",\"https:\\\/\\\/www.instagram.com\\\/facecorner_shop\\\/\"]}]}<\/script>\n<meta property=\"product:price:amount\" content=\"29.90\" \/>\n<meta property=\"product:price:currency\" content=\"EUR\" \/>\n<meta property=\"og:availability\" content=\"out of stock\" \/>\n<meta property=\"product:availability\" content=\"out of stock\" \/>\n<meta property=\"product:condition\" content=\"new\" \/>\n<!-- \/ Yoast SEO plugin. -->","yoast_head_json":{"title":"Dear, Klairs Midnight Blue Calming Cream 60ml - FACECORNER","robots":{"index":"index","follow":"follow","max-snippet":"max-snippet:-1","max-image-preview":"max-image-preview:large","max-video-preview":"max-video-preview:-1"},"canonical":"https:\/\/www.facecorner.lv\/lv\/shop\/dear-klairs-midnight-blue-calming-cream-60ml\/","og_locale":"lv_LV","og_type":"article","og_title":"Dear, Klairs Midnight Blue Calming Cream 60ml - FACECORNER","og_description":"Grezns Klairs Midnight Blue nomierino\u0161s kr\u0113ms, ide\u0101li piem\u0113rots kairin\u0101tai un \u013coti jut\u012bgai \u0101dai. Kr\u0113ms mazina aps\u0101rtumu un iekaisumu, labv\u0113l\u012bgi iedarbojas uz \u0101du, kas cie\u0161 no rosacejas. Intens\u012bvi mitrina \u0101du un uzlabo sejas kr\u0101su, pateicoties dab\u012bgajiem portulaka, z\u012bdkoka, broko\u013cu ekstraktiem. Kr\u0113ms ir piem\u0113rots norm\u0101lai, kombin\u0113tai, dehidr\u0113tai \u0101dai ar aps\u0101rtumu, kairin\u0101jumu un rosaceju. Ide\u0101li piem\u0113rots \u0101das kop\u0161anai [&hellip;]","og_url":"https:\/\/www.facecorner.lv\/lv\/shop\/dear-klairs-midnight-blue-calming-cream-60ml\/","og_site_name":"FACECORNER","article_publisher":"https:\/\/www.facebook.com\/profile.php?id=100063824551839","article_modified_time":"2025-05-13T17:10:13+00:00","og_image":[{"width":225,"height":225,"url":"https:\/\/www.facecorner.lv\/wp-content\/uploads\/2023\/06\/Unknown-1.jpeg","type":"image\/jpeg"}],"twitter_card":"summary_large_image","twitter_misc":{"Price":"&euro;29.90","Availability":"Out of stock"},"schema":{"@context":"https:\/\/schema.org","@graph":[{"@type":"WebPage","@id":"https:\/\/www.facecorner.lv\/shop\/dear-klairs-midnight-blue-calming-cream-60ml\/","url":"https:\/\/www.facecorner.lv\/shop\/dear-klairs-midnight-blue-calming-cream-60ml\/","name":"Dear, Klairs Midnight Blue Calming Cream 60ml - FACECORNER","isPartOf":{"@id":"https:\/\/www.facecorner.lv\/#website"},"primaryImageOfPage":{"@id":"https:\/\/www.facecorner.lv\/shop\/dear-klairs-midnight-blue-calming-cream-60ml\/#primaryimage"},"image":{"@id":"https:\/\/www.facecorner.lv\/shop\/dear-klairs-midnight-blue-calming-cream-60ml\/#primaryimage"},"thumbnailUrl":"https:\/\/www.facecorner.lv\/wp-content\/uploads\/2023\/06\/Unknown-1.jpeg","datePublished":"2023-06-09T12:23:46+00:00","dateModified":"2025-05-13T17:10:13+00:00","breadcrumb":{"@id":"https:\/\/www.facecorner.lv\/shop\/dear-klairs-midnight-blue-calming-cream-60ml\/#breadcrumb"},"inLanguage":"lv-LV","potentialAction":[{"@type":"ReadAction","target":["https:\/\/www.facecorner.lv\/shop\/dear-klairs-midnight-blue-calming-cream-60ml\/"]}]},{"@type":"ImageObject","inLanguage":"lv-LV","@id":"https:\/\/www.facecorner.lv\/shop\/dear-klairs-midnight-blue-calming-cream-60ml\/#primaryimage","url":"https:\/\/www.facecorner.lv\/wp-content\/uploads\/2023\/06\/Unknown-1.jpeg","contentUrl":"https:\/\/www.facecorner.lv\/wp-content\/uploads\/2023\/06\/Unknown-1.jpeg","width":225,"height":225},{"@type":"BreadcrumbList","@id":"https:\/\/www.facecorner.lv\/shop\/dear-klairs-midnight-blue-calming-cream-60ml\/#breadcrumb","itemListElement":[{"@type":"ListItem","position":1,"name":"Home","item":"https:\/\/www.facecorner.lv\/"},{"@type":"ListItem","position":2,"name":"Veikals","item":"https:\/\/www.facecorner.lv\/shop\/"},{"@type":"ListItem","position":3,"name":"Dear, Klairs Midnight Blue Calming Cream 60ml"}]},{"@type":"WebSite","@id":"https:\/\/www.facecorner.lv\/#website","url":"https:\/\/www.facecorner.lv\/","name":"Facecorner","description":"","publisher":{"@id":"https:\/\/www.facecorner.lv\/#organization"},"potentialAction":[{"@type":"SearchAction","target":{"@type":"EntryPoint","urlTemplate":"https:\/\/www.facecorner.lv\/?s={search_term_string}"},"query-input":{"@type":"PropertyValueSpecification","valueRequired":true,"valueName":"search_term_string"}}],"inLanguage":"lv-LV"},{"@type":"Organization","@id":"https:\/\/www.facecorner.lv\/#organization","name":"Facecorner","url":"https:\/\/www.facecorner.lv\/","logo":{"@type":"ImageObject","inLanguage":"lv-LV","@id":"https:\/\/www.facecorner.lv\/#\/schema\/logo\/image\/","url":"https:\/\/www.facecorner.lv\/wp-content\/uploads\/2024\/04\/fc-logo.jpg","contentUrl":"https:\/\/www.facecorner.lv\/wp-content\/uploads\/2024\/04\/fc-logo.jpg","width":174,"height":28,"caption":"Facecorner"},"image":{"@id":"https:\/\/www.facecorner.lv\/#\/schema\/logo\/image\/"},"sameAs":["https:\/\/www.facebook.com\/profile.php?id=100063824551839","https:\/\/www.instagram.com\/facecorner_shop\/"]}]},"product_price_amount":"29.90","product_price_currency":"EUR","og_availability":"out of stock","product_availability":"out of stock","product_condition":"new"},"_links":{"self":[{"href":"https:\/\/www.facecorner.lv\/lv\/wp-json\/wp\/v2\/product\/11040","targetHints":{"allow":["GET"]}}],"collection":[{"href":"https:\/\/www.facecorner.lv\/lv\/wp-json\/wp\/v2\/product"}],"about":[{"href":"https:\/\/www.facecorner.lv\/lv\/wp-json\/wp\/v2\/types\/product"}],"replies":[{"embeddable":true,"href":"https:\/\/www.facecorner.lv\/lv\/wp-json\/wp\/v2\/comments?post=11040"}],"wp:featuredmedia":[{"embeddable":true,"href":"https:\/\/www.facecorner.lv\/lv\/wp-json\/wp\/v2\/media\/11041"}],"wp:attachment":[{"href":"https:\/\/www.facecorner.lv\/lv\/wp-json\/wp\/v2\/media?parent=11040"}],"wp:term":[{"taxonomy":"product_brand","embeddable":true,"href":"https:\/\/www.facecorner.lv\/lv\/wp-json\/wp\/v2\/product_brand?post=11040"},{"taxonomy":"product_cat","embeddable":true,"href":"https:\/\/www.facecorner.lv\/lv\/wp-json\/wp\/v2\/product_cat?post=11040"},{"taxonomy":"product_tag","embeddable":true,"href":"https:\/\/www.facecorner.lv\/lv\/wp-json\/wp\/v2\/product_tag?post=11040"},{"taxonomy":"berocket_brand","embeddable":true,"href":"https:\/\/www.facecorner.lv\/lv\/wp-json\/wp\/v2\/berocket_brand?post=11040"}],"curies":[{"name":"wp","href":"https:\/\/api.w.org\/{rel}","templated":true}]}}