{"id":11030,"date":"2023-06-09T13:23:36","date_gmt":"2023-06-09T11:23:36","guid":{"rendered":"https:\/\/www.facecorner.lv\/?post_type=product&#038;p=11030"},"modified":"2026-02-04T22:36:26","modified_gmt":"2026-02-04T19:36:26","slug":"dear-klairs-freshly-juiced-vitamin-drop-35ml","status":"publish","type":"product","link":"https:\/\/www.facecorner.lv\/lv\/shop\/dear-klairs-freshly-juiced-vitamin-drop-35ml\/","title":{"rendered":"Dear, Klairs Freshly Juiced Vitamin Drop 35ml"},"content":{"rendered":"<p>Klairs Freshly Juiced Vitamin Drop Vitamin C serums c\u012bn\u0101s ar bl\u0101vumu, izl\u012bdzina \u0101das toni un padara sejas kr\u0101su vesel\u012bg\u0101ku, \u0101da tiek burtiski izgaismota no iek\u0161puses. Turkl\u0101t r\u012bks ar\u012b nomierina iekaisumu, mazina kairin\u0101jumu, k\u0101 ar\u012b c\u012bn\u0101s ar vis\u0101m vecuma izmai\u0146u paz\u012bm\u0113m un izl\u012bdzina grumbas.<\/p>\n<p><strong>Seruma galven\u0101s \u012bpa\u0161\u012bbas:<\/strong><\/p>\n<ul>\n<li>piem\u012bt sp\u0113c\u012bga antioksidanta iedarb\u012bba, izvada toks\u012bnus<\/li>\n<li>nov\u0113r\u0161 pigment\u0101ciju un p\u0113cp\u016bt\u012btes<\/li>\n<li>atjauno, izl\u012bdzina r\u0113tas, uzlabo \u0101das mikroreljefu<\/li>\n<li>padara \u0101du maigu, elast\u012bgu, uzlabo elast\u012bbu<\/li>\n<li>pal\u012bdz sa\u0161aurin\u0101t poras<\/li>\n<li>izl\u012bdzina m\u012bmisk\u0101s grumbas<\/li>\n<li>serums satur C vitam\u012bnu un pept\u012bdus, \u0161ie komponenti uzlabo viens otra darb\u012bbu<\/li>\n<\/ul>\n<p>Serums ir hipoaler\u0123isks un piem\u0113rots pat jut\u012bgai \u0101dai.<\/p>\n<p>Ieteicams bl\u0101vai \u0101dai ar pigment\u0101ciju<\/p>\n<p><strong>Lieto\u0161ana:<\/strong> Uzkl\u0101jiet serumu uz sejas p\u0113c t\u012br\u012b\u0161anas un toniz\u0113\u0161anas. Piem\u0113rots ikdienas lieto\u0161anai no r\u012bta un vakar\u0101.<br \/>\nPiez\u012bme!Serums p\u0113c atv\u0113r\u0161anas j\u0101atdzes\u0113;<br \/>\nPateicoties augstajam C vitam\u012bna saturam, produkts var oksid\u0113ties, saskaroties ar gaisu un main\u012bt kr\u0101su uz dzeltenu\/oran\u017eu, ta\u010du to var turpin\u0101t dro\u0161i lietot.<br \/>\n<strong>Lietojot serumu, uz \u0101das var rasties tirp\u0161anas efekts (nedaudz tirp\u0161ana), kas ir norm\u0101li.<\/strong><\/p>\n<p><strong>S\u0101stavs:\u00a0<\/strong>Water, Propylen Glycol, Ascorbic Acid, Hydroxyethylcellulose, Centella Asiatica Extract, Citrus Junos Fruit Extract, Illicium Verum(Anise) Fruit Extract, Citrus Paradisi(Grapefruit) Fruit Extract, Nelumbium Speciosum Flower Extract, Paeonia Suffruticosa Root Extract, Scutellaria Baicalensis Root Extract, Polysorbate 60, Brassica Oleracea Italica (Broccoli) Extract, Chaenomeles Sinensis Fruit Extract, Citrus Aurantium Dulcis (Orange) Oil, Sodium Acrylate\/Sodium Acryloyldimethyl Taurate Copolymer, Disodium EDTA, Lavandula Angustifolia (Lavender) Oil, Camellia Sinensis Callus Culture Extract, Larix Europaea Wood Extract, Chrysanthellum Indicum Extract, Rheum Palmatum Root Extract, Asarum Sieboldi Root Extract, Quercus Mongolia Leaf Extract, Persicaria Hydropiper Extract, Corydalis Turtschaninovii Root Extract, Coptis Chinensis Root Extract, Magnolia Obovata Bark Extract, Lysine HCL, Proline, Sodium Ascorbyl Phosphate, Acetyl Methionine, Theanine, Lecithin, Acetyl Glutamine, SH-Olgopeptide-1, SH-Olgopeptide-2, SH-Polypeptide-1, SH-Polypeptide-9, SH-Polypeptide-11, Bacillus\/Soybean\/Folic Acid Ferment Extract, Sodium Hyaluronate, Caprylyl Glycol, Butylene Glycol, 1,2-Hexanediol<\/p>\n","protected":false},"excerpt":{"rendered":"<p>Klairs Freshly Juiced Vitamin Drop Vitamin C serums c\u012bn\u0101s ar bl\u0101vumu, izl\u012bdzina \u0101das toni un padara sejas kr\u0101su vesel\u012bg\u0101ku, \u0101da tiek burtiski izgaismota no iek\u0161puses. Turkl\u0101t r\u012bks ar\u012b nomierina iekaisumu, mazina kairin\u0101jumu, k\u0101 ar\u012b c\u012bn\u0101s ar vis\u0101m vecuma izmai\u0146u paz\u012bm\u0113m un izl\u012bdzina grumbas. Seruma galven\u0101s \u012bpa\u0161\u012bbas: piem\u012bt sp\u0113c\u012bga antioksidanta iedarb\u012bba, izvada toks\u012bnus nov\u0113r\u0161 pigment\u0101ciju un [&hellip;]<\/p>\n","protected":false},"featured_media":11033,"comment_status":"open","ping_status":"closed","template":"","meta":{"site-sidebar-layout":"default","site-content-layout":"","ast-site-content-layout":"","site-content-style":"default","site-sidebar-style":"default","ast-global-header-display":"","ast-banner-title-visibility":"","ast-main-header-display":"","ast-hfb-above-header-display":"","ast-hfb-below-header-display":"","ast-hfb-mobile-header-display":"","site-post-title":"","ast-breadcrumbs-content":"","ast-featured-img":"","footer-sml-layout":"","theme-transparent-header-meta":"","adv-header-id-meta":"","stick-header-meta":"","header-above-stick-meta":"","header-main-stick-meta":"","header-below-stick-meta":"","astra-migrate-meta-layouts":"default","ast-page-background-enabled":"default","ast-page-background-meta":{"desktop":{"background-color":"var(--ast-global-color-4)","background-image":"","background-repeat":"repeat","background-position":"center center","background-size":"auto","background-attachment":"scroll","background-type":"","background-media":"","overlay-type":"","overlay-color":"","overlay-opacity":"","overlay-gradient":""},"tablet":{"background-color":"","background-image":"","background-repeat":"repeat","background-position":"center center","background-size":"auto","background-attachment":"scroll","background-type":"","background-media":"","overlay-type":"","overlay-color":"","overlay-opacity":"","overlay-gradient":""},"mobile":{"background-color":"","background-image":"","background-repeat":"repeat","background-position":"center center","background-size":"auto","background-attachment":"scroll","background-type":"","background-media":"","overlay-type":"","overlay-color":"","overlay-opacity":"","overlay-gradient":""}},"ast-content-background-meta":{"desktop":{"background-color":"var(--ast-global-color-5)","background-image":"","background-repeat":"repeat","background-position":"center center","background-size":"auto","background-attachment":"scroll","background-type":"","background-media":"","overlay-type":"","overlay-color":"","overlay-opacity":"","overlay-gradient":""},"tablet":{"background-color":"var(--ast-global-color-5)","background-image":"","background-repeat":"repeat","background-position":"center center","background-size":"auto","background-attachment":"scroll","background-type":"","background-media":"","overlay-type":"","overlay-color":"","overlay-opacity":"","overlay-gradient":""},"mobile":{"background-color":"var(--ast-global-color-5)","background-image":"","background-repeat":"repeat","background-position":"center center","background-size":"auto","background-attachment":"scroll","background-type":"","background-media":"","overlay-type":"","overlay-color":"","overlay-opacity":"","overlay-gradient":""}}},"product_brand":[],"product_cat":[370,371,372,380,373,381,379,363],"product_tag":[],"berocket_brand":[630],"class_list":{"0":"post-11030","1":"product","2":"type-product","3":"status-publish","4":"has-post-thumbnail","6":"product_cat-adas-mirdzumam","7":"product_cat-anti-age","8":"product_cat-jutigai-adai-serumi","9":"product_cat-kombinetai-adai","10":"product_cat-poras-sasaurinoss","11":"product_cat-problematiskai-un-taukainai-adai","12":"product_cat-sausai-adai-anti-age","13":"product_cat-serumi","14":"berocket_brand-dear-klairs","15":"desktop-align-left","16":"tablet-align-left","17":"mobile-align-left","19":"first","20":"outofstock","21":"taxable","22":"shipping-taxable","23":"purchasable","24":"product-type-simple","25":"add-to-wishlist-before_image"},"yoast_head":"<!-- This site is optimized with the Yoast SEO plugin v27.4 - https:\/\/yoast.com\/product\/yoast-seo-wordpress\/ -->\n<title>Dear, Klairs Freshly Juiced Vitamin Drop 35ml - FACECORNER<\/title>\n<meta name=\"robots\" content=\"index, follow, max-snippet:-1, max-image-preview:large, max-video-preview:-1\" \/>\n<link rel=\"canonical\" href=\"https:\/\/www.facecorner.lv\/lv\/shop\/dear-klairs-freshly-juiced-vitamin-drop-35ml\/\" \/>\n<meta property=\"og:locale\" content=\"lv_LV\" \/>\n<meta property=\"og:type\" content=\"article\" \/>\n<meta property=\"og:title\" content=\"Dear, Klairs Freshly Juiced Vitamin Drop 35ml - FACECORNER\" \/>\n<meta property=\"og:description\" content=\"Klairs Freshly Juiced Vitamin Drop Vitamin C serums c\u012bn\u0101s ar bl\u0101vumu, izl\u012bdzina \u0101das toni un padara sejas kr\u0101su vesel\u012bg\u0101ku, \u0101da tiek burtiski izgaismota no iek\u0161puses. Turkl\u0101t r\u012bks ar\u012b nomierina iekaisumu, mazina kairin\u0101jumu, k\u0101 ar\u012b c\u012bn\u0101s ar vis\u0101m vecuma izmai\u0146u paz\u012bm\u0113m un izl\u012bdzina grumbas. Seruma galven\u0101s \u012bpa\u0161\u012bbas: piem\u012bt sp\u0113c\u012bga antioksidanta iedarb\u012bba, izvada toks\u012bnus nov\u0113r\u0161 pigment\u0101ciju un [&hellip;]\" \/>\n<meta property=\"og:url\" content=\"https:\/\/www.facecorner.lv\/lv\/shop\/dear-klairs-freshly-juiced-vitamin-drop-35ml\/\" \/>\n<meta property=\"og:site_name\" content=\"FACECORNER\" \/>\n<meta property=\"article:publisher\" content=\"https:\/\/www.facebook.com\/profile.php?id=100063824551839\" \/>\n<meta property=\"article:modified_time\" content=\"2026-02-04T19:36:26+00:00\" \/>\n<meta property=\"og:image\" content=\"https:\/\/www.facecorner.lv\/wp-content\/uploads\/2023\/06\/Klairs-Freshly-Juiced-Vitamin-Drop__34382.jpg\" \/>\n\t<meta property=\"og:image:width\" content=\"1280\" \/>\n\t<meta property=\"og:image:height\" content=\"1280\" \/>\n\t<meta property=\"og:image:type\" content=\"image\/jpeg\" \/>\n<meta name=\"twitter:card\" content=\"summary_large_image\" \/>\n<meta name=\"twitter:label1\" content=\"Price\" \/>\n\t<meta name=\"twitter:data1\" content=\"&euro;29.95\" \/>\n\t<meta name=\"twitter:label2\" content=\"Availability\" \/>\n\t<meta name=\"twitter:data2\" content=\"Out of stock\" \/>\n<script type=\"application\/ld+json\" class=\"yoast-schema-graph\">{\"@context\":\"https:\\\/\\\/schema.org\",\"@graph\":[{\"@type\":\"WebPage\",\"@id\":\"https:\\\/\\\/www.facecorner.lv\\\/shop\\\/dear-klairs-freshly-juiced-vitamin-drop-35ml\\\/\",\"url\":\"https:\\\/\\\/www.facecorner.lv\\\/shop\\\/dear-klairs-freshly-juiced-vitamin-drop-35ml\\\/\",\"name\":\"Dear, Klairs Freshly Juiced Vitamin Drop 35ml - FACECORNER\",\"isPartOf\":{\"@id\":\"https:\\\/\\\/www.facecorner.lv\\\/#website\"},\"primaryImageOfPage\":{\"@id\":\"https:\\\/\\\/www.facecorner.lv\\\/shop\\\/dear-klairs-freshly-juiced-vitamin-drop-35ml\\\/#primaryimage\"},\"image\":{\"@id\":\"https:\\\/\\\/www.facecorner.lv\\\/shop\\\/dear-klairs-freshly-juiced-vitamin-drop-35ml\\\/#primaryimage\"},\"thumbnailUrl\":\"https:\\\/\\\/www.facecorner.lv\\\/wp-content\\\/uploads\\\/2023\\\/06\\\/Klairs-Freshly-Juiced-Vitamin-Drop__34382.jpg\",\"datePublished\":\"2023-06-09T11:23:36+00:00\",\"dateModified\":\"2026-02-04T19:36:26+00:00\",\"breadcrumb\":{\"@id\":\"https:\\\/\\\/www.facecorner.lv\\\/shop\\\/dear-klairs-freshly-juiced-vitamin-drop-35ml\\\/#breadcrumb\"},\"inLanguage\":\"lv-LV\",\"potentialAction\":[{\"@type\":\"ReadAction\",\"target\":[\"https:\\\/\\\/www.facecorner.lv\\\/shop\\\/dear-klairs-freshly-juiced-vitamin-drop-35ml\\\/\"]}]},{\"@type\":\"ImageObject\",\"inLanguage\":\"lv-LV\",\"@id\":\"https:\\\/\\\/www.facecorner.lv\\\/shop\\\/dear-klairs-freshly-juiced-vitamin-drop-35ml\\\/#primaryimage\",\"url\":\"https:\\\/\\\/www.facecorner.lv\\\/wp-content\\\/uploads\\\/2023\\\/06\\\/Klairs-Freshly-Juiced-Vitamin-Drop__34382.jpg\",\"contentUrl\":\"https:\\\/\\\/www.facecorner.lv\\\/wp-content\\\/uploads\\\/2023\\\/06\\\/Klairs-Freshly-Juiced-Vitamin-Drop__34382.jpg\",\"width\":1280,\"height\":1280},{\"@type\":\"BreadcrumbList\",\"@id\":\"https:\\\/\\\/www.facecorner.lv\\\/shop\\\/dear-klairs-freshly-juiced-vitamin-drop-35ml\\\/#breadcrumb\",\"itemListElement\":[{\"@type\":\"ListItem\",\"position\":1,\"name\":\"Home\",\"item\":\"https:\\\/\\\/www.facecorner.lv\\\/\"},{\"@type\":\"ListItem\",\"position\":2,\"name\":\"Veikals\",\"item\":\"https:\\\/\\\/www.facecorner.lv\\\/shop\\\/\"},{\"@type\":\"ListItem\",\"position\":3,\"name\":\"Dear, Klairs Freshly Juiced Vitamin Drop 35ml\"}]},{\"@type\":\"WebSite\",\"@id\":\"https:\\\/\\\/www.facecorner.lv\\\/#website\",\"url\":\"https:\\\/\\\/www.facecorner.lv\\\/\",\"name\":\"Facecorner\",\"description\":\"\",\"publisher\":{\"@id\":\"https:\\\/\\\/www.facecorner.lv\\\/#organization\"},\"potentialAction\":[{\"@type\":\"SearchAction\",\"target\":{\"@type\":\"EntryPoint\",\"urlTemplate\":\"https:\\\/\\\/www.facecorner.lv\\\/?s={search_term_string}\"},\"query-input\":{\"@type\":\"PropertyValueSpecification\",\"valueRequired\":true,\"valueName\":\"search_term_string\"}}],\"inLanguage\":\"lv-LV\"},{\"@type\":\"Organization\",\"@id\":\"https:\\\/\\\/www.facecorner.lv\\\/#organization\",\"name\":\"Facecorner\",\"url\":\"https:\\\/\\\/www.facecorner.lv\\\/\",\"logo\":{\"@type\":\"ImageObject\",\"inLanguage\":\"lv-LV\",\"@id\":\"https:\\\/\\\/www.facecorner.lv\\\/#\\\/schema\\\/logo\\\/image\\\/\",\"url\":\"https:\\\/\\\/www.facecorner.lv\\\/wp-content\\\/uploads\\\/2024\\\/04\\\/fc-logo.jpg\",\"contentUrl\":\"https:\\\/\\\/www.facecorner.lv\\\/wp-content\\\/uploads\\\/2024\\\/04\\\/fc-logo.jpg\",\"width\":174,\"height\":28,\"caption\":\"Facecorner\"},\"image\":{\"@id\":\"https:\\\/\\\/www.facecorner.lv\\\/#\\\/schema\\\/logo\\\/image\\\/\"},\"sameAs\":[\"https:\\\/\\\/www.facebook.com\\\/profile.php?id=100063824551839\",\"https:\\\/\\\/www.instagram.com\\\/facecorner_shop\\\/\"]}]}<\/script>\n<meta property=\"product:price:amount\" content=\"29.95\" \/>\n<meta property=\"product:price:currency\" content=\"EUR\" \/>\n<meta property=\"og:availability\" content=\"out of stock\" \/>\n<meta property=\"product:availability\" content=\"out of stock\" \/>\n<meta property=\"product:condition\" content=\"new\" \/>\n<!-- \/ Yoast SEO plugin. -->","yoast_head_json":{"title":"Dear, Klairs Freshly Juiced Vitamin Drop 35ml - FACECORNER","robots":{"index":"index","follow":"follow","max-snippet":"max-snippet:-1","max-image-preview":"max-image-preview:large","max-video-preview":"max-video-preview:-1"},"canonical":"https:\/\/www.facecorner.lv\/lv\/shop\/dear-klairs-freshly-juiced-vitamin-drop-35ml\/","og_locale":"lv_LV","og_type":"article","og_title":"Dear, Klairs Freshly Juiced Vitamin Drop 35ml - FACECORNER","og_description":"Klairs Freshly Juiced Vitamin Drop Vitamin C serums c\u012bn\u0101s ar bl\u0101vumu, izl\u012bdzina \u0101das toni un padara sejas kr\u0101su vesel\u012bg\u0101ku, \u0101da tiek burtiski izgaismota no iek\u0161puses. Turkl\u0101t r\u012bks ar\u012b nomierina iekaisumu, mazina kairin\u0101jumu, k\u0101 ar\u012b c\u012bn\u0101s ar vis\u0101m vecuma izmai\u0146u paz\u012bm\u0113m un izl\u012bdzina grumbas. Seruma galven\u0101s \u012bpa\u0161\u012bbas: piem\u012bt sp\u0113c\u012bga antioksidanta iedarb\u012bba, izvada toks\u012bnus nov\u0113r\u0161 pigment\u0101ciju un [&hellip;]","og_url":"https:\/\/www.facecorner.lv\/lv\/shop\/dear-klairs-freshly-juiced-vitamin-drop-35ml\/","og_site_name":"FACECORNER","article_publisher":"https:\/\/www.facebook.com\/profile.php?id=100063824551839","article_modified_time":"2026-02-04T19:36:26+00:00","og_image":[{"width":1280,"height":1280,"url":"https:\/\/www.facecorner.lv\/wp-content\/uploads\/2023\/06\/Klairs-Freshly-Juiced-Vitamin-Drop__34382.jpg","type":"image\/jpeg"}],"twitter_card":"summary_large_image","twitter_misc":{"Price":"&euro;29.95","Availability":"Out of stock"},"schema":{"@context":"https:\/\/schema.org","@graph":[{"@type":"WebPage","@id":"https:\/\/www.facecorner.lv\/shop\/dear-klairs-freshly-juiced-vitamin-drop-35ml\/","url":"https:\/\/www.facecorner.lv\/shop\/dear-klairs-freshly-juiced-vitamin-drop-35ml\/","name":"Dear, Klairs Freshly Juiced Vitamin Drop 35ml - FACECORNER","isPartOf":{"@id":"https:\/\/www.facecorner.lv\/#website"},"primaryImageOfPage":{"@id":"https:\/\/www.facecorner.lv\/shop\/dear-klairs-freshly-juiced-vitamin-drop-35ml\/#primaryimage"},"image":{"@id":"https:\/\/www.facecorner.lv\/shop\/dear-klairs-freshly-juiced-vitamin-drop-35ml\/#primaryimage"},"thumbnailUrl":"https:\/\/www.facecorner.lv\/wp-content\/uploads\/2023\/06\/Klairs-Freshly-Juiced-Vitamin-Drop__34382.jpg","datePublished":"2023-06-09T11:23:36+00:00","dateModified":"2026-02-04T19:36:26+00:00","breadcrumb":{"@id":"https:\/\/www.facecorner.lv\/shop\/dear-klairs-freshly-juiced-vitamin-drop-35ml\/#breadcrumb"},"inLanguage":"lv-LV","potentialAction":[{"@type":"ReadAction","target":["https:\/\/www.facecorner.lv\/shop\/dear-klairs-freshly-juiced-vitamin-drop-35ml\/"]}]},{"@type":"ImageObject","inLanguage":"lv-LV","@id":"https:\/\/www.facecorner.lv\/shop\/dear-klairs-freshly-juiced-vitamin-drop-35ml\/#primaryimage","url":"https:\/\/www.facecorner.lv\/wp-content\/uploads\/2023\/06\/Klairs-Freshly-Juiced-Vitamin-Drop__34382.jpg","contentUrl":"https:\/\/www.facecorner.lv\/wp-content\/uploads\/2023\/06\/Klairs-Freshly-Juiced-Vitamin-Drop__34382.jpg","width":1280,"height":1280},{"@type":"BreadcrumbList","@id":"https:\/\/www.facecorner.lv\/shop\/dear-klairs-freshly-juiced-vitamin-drop-35ml\/#breadcrumb","itemListElement":[{"@type":"ListItem","position":1,"name":"Home","item":"https:\/\/www.facecorner.lv\/"},{"@type":"ListItem","position":2,"name":"Veikals","item":"https:\/\/www.facecorner.lv\/shop\/"},{"@type":"ListItem","position":3,"name":"Dear, Klairs Freshly Juiced Vitamin Drop 35ml"}]},{"@type":"WebSite","@id":"https:\/\/www.facecorner.lv\/#website","url":"https:\/\/www.facecorner.lv\/","name":"Facecorner","description":"","publisher":{"@id":"https:\/\/www.facecorner.lv\/#organization"},"potentialAction":[{"@type":"SearchAction","target":{"@type":"EntryPoint","urlTemplate":"https:\/\/www.facecorner.lv\/?s={search_term_string}"},"query-input":{"@type":"PropertyValueSpecification","valueRequired":true,"valueName":"search_term_string"}}],"inLanguage":"lv-LV"},{"@type":"Organization","@id":"https:\/\/www.facecorner.lv\/#organization","name":"Facecorner","url":"https:\/\/www.facecorner.lv\/","logo":{"@type":"ImageObject","inLanguage":"lv-LV","@id":"https:\/\/www.facecorner.lv\/#\/schema\/logo\/image\/","url":"https:\/\/www.facecorner.lv\/wp-content\/uploads\/2024\/04\/fc-logo.jpg","contentUrl":"https:\/\/www.facecorner.lv\/wp-content\/uploads\/2024\/04\/fc-logo.jpg","width":174,"height":28,"caption":"Facecorner"},"image":{"@id":"https:\/\/www.facecorner.lv\/#\/schema\/logo\/image\/"},"sameAs":["https:\/\/www.facebook.com\/profile.php?id=100063824551839","https:\/\/www.instagram.com\/facecorner_shop\/"]}]},"product_price_amount":"29.95","product_price_currency":"EUR","og_availability":"out of stock","product_availability":"out of stock","product_condition":"new"},"_links":{"self":[{"href":"https:\/\/www.facecorner.lv\/lv\/wp-json\/wp\/v2\/product\/11030","targetHints":{"allow":["GET"]}}],"collection":[{"href":"https:\/\/www.facecorner.lv\/lv\/wp-json\/wp\/v2\/product"}],"about":[{"href":"https:\/\/www.facecorner.lv\/lv\/wp-json\/wp\/v2\/types\/product"}],"replies":[{"embeddable":true,"href":"https:\/\/www.facecorner.lv\/lv\/wp-json\/wp\/v2\/comments?post=11030"}],"wp:featuredmedia":[{"embeddable":true,"href":"https:\/\/www.facecorner.lv\/lv\/wp-json\/wp\/v2\/media\/11033"}],"wp:attachment":[{"href":"https:\/\/www.facecorner.lv\/lv\/wp-json\/wp\/v2\/media?parent=11030"}],"wp:term":[{"taxonomy":"product_brand","embeddable":true,"href":"https:\/\/www.facecorner.lv\/lv\/wp-json\/wp\/v2\/product_brand?post=11030"},{"taxonomy":"product_cat","embeddable":true,"href":"https:\/\/www.facecorner.lv\/lv\/wp-json\/wp\/v2\/product_cat?post=11030"},{"taxonomy":"product_tag","embeddable":true,"href":"https:\/\/www.facecorner.lv\/lv\/wp-json\/wp\/v2\/product_tag?post=11030"},{"taxonomy":"berocket_brand","embeddable":true,"href":"https:\/\/www.facecorner.lv\/lv\/wp-json\/wp\/v2\/berocket_brand?post=11030"}],"curies":[{"name":"wp","href":"https:\/\/api.w.org\/{rel}","templated":true}]}}