{"id":10696,"date":"2023-05-22T11:50:17","date_gmt":"2023-05-22T09:50:17","guid":{"rendered":"https:\/\/www.facecorner.lv\/?post_type=product&#038;p=10696"},"modified":"2026-01-15T10:32:27","modified_gmt":"2026-01-15T07:32:27","slug":"by-wishtrend-mandelic-acid-5-prep-water-120ml","status":"publish","type":"product","link":"https:\/\/www.facecorner.lv\/lv\/shop\/by-wishtrend-mandelic-acid-5-prep-water-120ml\/","title":{"rendered":"By Wishtrend Mandelic Acid 5% Prep Water 120ml"},"content":{"rendered":"<p>Wishtrend Mandelic Acid 5% Prep Water maigs p\u012blinga toniks ir izstr\u0101d\u0101ts, lai maigi nolob\u012btu un atjaunotu \u0101du. Stimul\u0113 \u0161\u016bnu atjauno\u0161anos, uzlabo sejas kr\u0101su, izl\u012bdzina \u0101das toni. Satur 5% mande\u013csk\u0101bes koncentr\u0101tu, kas ir maz\u0101k kairino\u0161s nek\u0101 citi AHA. Pantenols, centella asiatica ekstrakts un beta-glik\u0101ns, kas nodro\u0161ina nomierino\u0161u un mitrino\u0161u iedarb\u012bbu uz \u0101du p\u0113c p\u012blinga. Ieteicams k\u0101 maigs, viegli kairino\u0161s p\u012blings ikdienas lieto\u0161anai.<\/p>\n<p>Galven\u0101 sast\u0101vda\u013ca \u2013 mande\u013csk\u0101be \u2013 pieder pie aug\u013cu (AHA) sk\u0101bju grupas. Darbojas maigi un smalki. Neizraisa kairin\u0101jumu. Tai piem\u012bt antiseptiskas \u012bpa\u0161\u012bbas, iz\u0161\u0137\u012bdina komedonus un kerat\u012bna sl\u0101ni uz epidermas virsmas, nov\u0113r\u0161 un nov\u0113r\u0161 pigment\u0101ciju, izl\u012bdzina tonusu un uzlabo sejas kr\u0101su.<\/p>\n<p>Efektivit\u0101tes zi\u0146\u0101 mande\u013csk\u0101be c\u012b\u0146\u0101 pret m\u012bmikas grumb\u0101m un pigment\u0101ciju neatpaliek no paz\u012bstam\u0101kaj\u0101m glikolsk\u0101b\u0113m un piensk\u0101b\u0113m, ta\u010du iedarbojas daudz maig\u0101k. P\u0113c tonera ar mande\u013csk\u0101bi lieto\u0161anas nejut\u012bsiet tirp\u0161anu vai dedzin\u0101\u0161anu, k\u0101 tas bie\u017ei notiek p\u0113c akt\u012bv\u0101ku aug\u013csk\u0101bju (piem\u0113ram, glikolsk\u0101bes) uzkl\u0101\u0161anas. Iemesls ir t\u0101ds, ka mande\u013csk\u0101bes molekulas ir liel\u0101kas, kas ne\u013cauj t\u0101m \u0101tri un dzi\u013ci iek\u013c\u016bt epiderm\u0101. Mande\u013csk\u0101bes molekul\u0101m nepiecie\u0161ams ilg\u0101ks laiks, lai t\u0101s iek\u013c\u016btu. T\u0101d\u0113j\u0101di lieto\u0161anas efekts nav t\u016bl\u012bt\u0113js, bet gan kumulat\u012bvs un par\u0101d\u0101s p\u0113c 2-3 ned\u0113\u013c\u0101m regul\u0101ras lieto\u0161anas. \u0160is darba ar \u0101du princips ir lieliski piem\u0113rots norm\u0101las, sausas un jut\u012bgas \u0101das \u012bpa\u0161niec\u0113m.<\/p>\n<p>Piem\u0113rots visiem \u0101das tipiem, \u012bpa\u0161i ieteicams sausai un \u013coti jut\u012bgai \u0101dai.<\/p>\n<p><strong>K\u0101 lietot:<\/strong> Uzkl\u0101jiet atbilsto\u0161u daudzumu uz t\u012bras \u0101das un maigi nositiet, lai uzs\u016bktos. Ja nepiecie\u0161ama intens\u012bv\u0101ka t\u012br\u012b\u0161ana, pies\u0101tiniet vates spilventi\u0146u ar l\u012bdzekli un noslaukiet ar to \u0101du.<\/p>\n<p><strong>S\u0101stavs: <\/strong>Water, Mandelic Acid, Butylene Glycol, Beta-Glucan, Panthenol, Glycyrrhiza Glabra (Licorice) Root Extract, Prunus Amygdalus Dulcis (Sweet Almond) Fruit Extract, Sodium Hyaluronate, Sorbitan Sesquioleate, Centella Asiatica Extract, Houttuynia Cordata Extract, Sorbitol, Dimethyl Sulfone, Chlorphenesin, Sodium Citrate, Arginine, PEG-60 Hydrogenated Castor Oil, Ethylhexylglycerin, Natto Gum, Carbomer<\/p>\n","protected":false},"excerpt":{"rendered":"<p>Wishtrend Mandelic Acid 5% Prep Water maigs p\u012blinga toniks ir izstr\u0101d\u0101ts, lai maigi nolob\u012btu un atjaunotu \u0101du. Stimul\u0113 \u0161\u016bnu atjauno\u0161anos, uzlabo sejas kr\u0101su, izl\u012bdzina \u0101das toni. Satur 5% mande\u013csk\u0101bes koncentr\u0101tu, kas ir maz\u0101k kairino\u0161s nek\u0101 citi AHA. Pantenols, centella asiatica ekstrakts un beta-glik\u0101ns, kas nodro\u0161ina nomierino\u0161u un mitrino\u0161u iedarb\u012bbu uz \u0101du p\u0113c p\u012blinga. Ieteicams k\u0101 [&hellip;]<\/p>\n","protected":false},"featured_media":10697,"comment_status":"open","ping_status":"closed","template":"","meta":{"site-sidebar-layout":"default","site-content-layout":"","ast-site-content-layout":"default","site-content-style":"default","site-sidebar-style":"default","ast-global-header-display":"","ast-banner-title-visibility":"","ast-main-header-display":"","ast-hfb-above-header-display":"","ast-hfb-below-header-display":"","ast-hfb-mobile-header-display":"","site-post-title":"","ast-breadcrumbs-content":"","ast-featured-img":"","footer-sml-layout":"","theme-transparent-header-meta":"default","adv-header-id-meta":"","stick-header-meta":"","header-above-stick-meta":"","header-main-stick-meta":"","header-below-stick-meta":"","astra-migrate-meta-layouts":"set","ast-page-background-enabled":"default","ast-page-background-meta":{"desktop":{"background-color":"var(--ast-global-color-4)","background-image":"","background-repeat":"repeat","background-position":"center center","background-size":"auto","background-attachment":"scroll","background-type":"","background-media":"","overlay-type":"","overlay-color":"","overlay-opacity":"","overlay-gradient":""},"tablet":{"background-color":"","background-image":"","background-repeat":"repeat","background-position":"center center","background-size":"auto","background-attachment":"scroll","background-type":"","background-media":"","overlay-type":"","overlay-color":"","overlay-opacity":"","overlay-gradient":""},"mobile":{"background-color":"","background-image":"","background-repeat":"repeat","background-position":"center center","background-size":"auto","background-attachment":"scroll","background-type":"","background-media":"","overlay-type":"","overlay-color":"","overlay-opacity":"","overlay-gradient":""}},"ast-content-background-meta":{"desktop":{"background-color":"var(--ast-global-color-5)","background-image":"","background-repeat":"repeat","background-position":"center center","background-size":"auto","background-attachment":"scroll","background-type":"","background-media":"","overlay-type":"","overlay-color":"","overlay-opacity":"","overlay-gradient":""},"tablet":{"background-color":"var(--ast-global-color-5)","background-image":"","background-repeat":"repeat","background-position":"center center","background-size":"auto","background-attachment":"scroll","background-type":"","background-media":"","overlay-type":"","overlay-color":"","overlay-opacity":"","overlay-gradient":""},"mobile":{"background-color":"var(--ast-global-color-5)","background-image":"","background-repeat":"repeat","background-position":"center center","background-size":"auto","background-attachment":"scroll","background-type":"","background-media":"","overlay-type":"","overlay-color":"","overlay-opacity":"","overlay-gradient":""}}},"product_brand":[],"product_cat":[375,380,377,381,378,379,364,376],"product_tag":[],"berocket_brand":[603],"class_list":{"0":"post-10696","1":"product","2":"type-product","3":"status-publish","4":"has-post-thumbnail","6":"product_cat-jutigai-adai-toneri","7":"product_cat-kombinetai-adai","8":"product_cat-problematiskai-adai-toneri","9":"product_cat-problematiskai-un-taukainai-adai","10":"product_cat-sausai-adai-toneri","11":"product_cat-sausai-adai-anti-age","12":"product_cat-toneri","13":"product_cat-kombinetai-adai-toneri","14":"berocket_brand-bywishtrend","15":"desktop-align-left","16":"tablet-align-left","17":"mobile-align-left","19":"first","20":"outofstock","21":"taxable","22":"shipping-taxable","23":"purchasable","24":"product-type-simple","25":"add-to-wishlist-before_image"},"yoast_head":"<!-- This site is optimized with the Yoast SEO plugin v27.4 - https:\/\/yoast.com\/product\/yoast-seo-wordpress\/ -->\n<title>By Wishtrend Mandelic Acid 5% Prep Water 120ml - FACECORNER<\/title>\n<meta name=\"robots\" content=\"index, follow, max-snippet:-1, max-image-preview:large, max-video-preview:-1\" \/>\n<link rel=\"canonical\" href=\"https:\/\/www.facecorner.lv\/lv\/shop\/by-wishtrend-mandelic-acid-5-prep-water-120ml\/\" \/>\n<meta property=\"og:locale\" content=\"lv_LV\" \/>\n<meta property=\"og:type\" content=\"article\" \/>\n<meta property=\"og:title\" content=\"By Wishtrend Mandelic Acid 5% Prep Water 120ml - FACECORNER\" \/>\n<meta property=\"og:description\" content=\"Wishtrend Mandelic Acid 5% Prep Water maigs p\u012blinga toniks ir izstr\u0101d\u0101ts, lai maigi nolob\u012btu un atjaunotu \u0101du. Stimul\u0113 \u0161\u016bnu atjauno\u0161anos, uzlabo sejas kr\u0101su, izl\u012bdzina \u0101das toni. Satur 5% mande\u013csk\u0101bes koncentr\u0101tu, kas ir maz\u0101k kairino\u0161s nek\u0101 citi AHA. Pantenols, centella asiatica ekstrakts un beta-glik\u0101ns, kas nodro\u0161ina nomierino\u0161u un mitrino\u0161u iedarb\u012bbu uz \u0101du p\u0113c p\u012blinga. Ieteicams k\u0101 [&hellip;]\" \/>\n<meta property=\"og:url\" content=\"https:\/\/www.facecorner.lv\/lv\/shop\/by-wishtrend-mandelic-acid-5-prep-water-120ml\/\" \/>\n<meta property=\"og:site_name\" content=\"FACECORNER\" \/>\n<meta property=\"article:publisher\" content=\"https:\/\/www.facebook.com\/profile.php?id=100063824551839\" \/>\n<meta property=\"article:modified_time\" content=\"2026-01-15T07:32:27+00:00\" \/>\n<meta property=\"og:image\" content=\"https:\/\/www.facecorner.lv\/wp-content\/uploads\/2023\/05\/612Ihv83ACL.jpg\" \/>\n\t<meta property=\"og:image:width\" content=\"1080\" \/>\n\t<meta property=\"og:image:height\" content=\"1080\" \/>\n\t<meta property=\"og:image:type\" content=\"image\/jpeg\" \/>\n<meta name=\"twitter:card\" content=\"summary_large_image\" \/>\n<meta name=\"twitter:label1\" content=\"Price\" \/>\n\t<meta name=\"twitter:data1\" content=\"&euro;30.00\" \/>\n\t<meta name=\"twitter:label2\" content=\"Availability\" \/>\n\t<meta name=\"twitter:data2\" content=\"Out of stock\" \/>\n<script type=\"application\/ld+json\" class=\"yoast-schema-graph\">{\"@context\":\"https:\\\/\\\/schema.org\",\"@graph\":[{\"@type\":\"WebPage\",\"@id\":\"https:\\\/\\\/www.facecorner.lv\\\/shop\\\/by-wishtrend-mandelic-acid-5-prep-water-120ml\\\/\",\"url\":\"https:\\\/\\\/www.facecorner.lv\\\/shop\\\/by-wishtrend-mandelic-acid-5-prep-water-120ml\\\/\",\"name\":\"By Wishtrend Mandelic Acid 5% Prep Water 120ml - FACECORNER\",\"isPartOf\":{\"@id\":\"https:\\\/\\\/www.facecorner.lv\\\/#website\"},\"primaryImageOfPage\":{\"@id\":\"https:\\\/\\\/www.facecorner.lv\\\/shop\\\/by-wishtrend-mandelic-acid-5-prep-water-120ml\\\/#primaryimage\"},\"image\":{\"@id\":\"https:\\\/\\\/www.facecorner.lv\\\/shop\\\/by-wishtrend-mandelic-acid-5-prep-water-120ml\\\/#primaryimage\"},\"thumbnailUrl\":\"https:\\\/\\\/www.facecorner.lv\\\/wp-content\\\/uploads\\\/2023\\\/05\\\/612Ihv83ACL.jpg\",\"datePublished\":\"2023-05-22T09:50:17+00:00\",\"dateModified\":\"2026-01-15T07:32:27+00:00\",\"breadcrumb\":{\"@id\":\"https:\\\/\\\/www.facecorner.lv\\\/shop\\\/by-wishtrend-mandelic-acid-5-prep-water-120ml\\\/#breadcrumb\"},\"inLanguage\":\"lv-LV\",\"potentialAction\":[{\"@type\":\"ReadAction\",\"target\":[\"https:\\\/\\\/www.facecorner.lv\\\/shop\\\/by-wishtrend-mandelic-acid-5-prep-water-120ml\\\/\"]}]},{\"@type\":\"ImageObject\",\"inLanguage\":\"lv-LV\",\"@id\":\"https:\\\/\\\/www.facecorner.lv\\\/shop\\\/by-wishtrend-mandelic-acid-5-prep-water-120ml\\\/#primaryimage\",\"url\":\"https:\\\/\\\/www.facecorner.lv\\\/wp-content\\\/uploads\\\/2023\\\/05\\\/612Ihv83ACL.jpg\",\"contentUrl\":\"https:\\\/\\\/www.facecorner.lv\\\/wp-content\\\/uploads\\\/2023\\\/05\\\/612Ihv83ACL.jpg\",\"width\":1080,\"height\":1080},{\"@type\":\"BreadcrumbList\",\"@id\":\"https:\\\/\\\/www.facecorner.lv\\\/shop\\\/by-wishtrend-mandelic-acid-5-prep-water-120ml\\\/#breadcrumb\",\"itemListElement\":[{\"@type\":\"ListItem\",\"position\":1,\"name\":\"Home\",\"item\":\"https:\\\/\\\/www.facecorner.lv\\\/\"},{\"@type\":\"ListItem\",\"position\":2,\"name\":\"Veikals\",\"item\":\"https:\\\/\\\/www.facecorner.lv\\\/shop\\\/\"},{\"@type\":\"ListItem\",\"position\":3,\"name\":\"By Wishtrend Mandelic Acid 5% Prep Water 120ml\"}]},{\"@type\":\"WebSite\",\"@id\":\"https:\\\/\\\/www.facecorner.lv\\\/#website\",\"url\":\"https:\\\/\\\/www.facecorner.lv\\\/\",\"name\":\"Facecorner\",\"description\":\"\",\"publisher\":{\"@id\":\"https:\\\/\\\/www.facecorner.lv\\\/#organization\"},\"potentialAction\":[{\"@type\":\"SearchAction\",\"target\":{\"@type\":\"EntryPoint\",\"urlTemplate\":\"https:\\\/\\\/www.facecorner.lv\\\/?s={search_term_string}\"},\"query-input\":{\"@type\":\"PropertyValueSpecification\",\"valueRequired\":true,\"valueName\":\"search_term_string\"}}],\"inLanguage\":\"lv-LV\"},{\"@type\":\"Organization\",\"@id\":\"https:\\\/\\\/www.facecorner.lv\\\/#organization\",\"name\":\"Facecorner\",\"url\":\"https:\\\/\\\/www.facecorner.lv\\\/\",\"logo\":{\"@type\":\"ImageObject\",\"inLanguage\":\"lv-LV\",\"@id\":\"https:\\\/\\\/www.facecorner.lv\\\/#\\\/schema\\\/logo\\\/image\\\/\",\"url\":\"https:\\\/\\\/www.facecorner.lv\\\/wp-content\\\/uploads\\\/2024\\\/04\\\/fc-logo.jpg\",\"contentUrl\":\"https:\\\/\\\/www.facecorner.lv\\\/wp-content\\\/uploads\\\/2024\\\/04\\\/fc-logo.jpg\",\"width\":174,\"height\":28,\"caption\":\"Facecorner\"},\"image\":{\"@id\":\"https:\\\/\\\/www.facecorner.lv\\\/#\\\/schema\\\/logo\\\/image\\\/\"},\"sameAs\":[\"https:\\\/\\\/www.facebook.com\\\/profile.php?id=100063824551839\",\"https:\\\/\\\/www.instagram.com\\\/facecorner_shop\\\/\"]}]}<\/script>\n<meta property=\"product:price:amount\" content=\"30.00\" \/>\n<meta property=\"product:price:currency\" content=\"EUR\" \/>\n<meta property=\"og:availability\" content=\"out of stock\" \/>\n<meta property=\"product:availability\" content=\"out of stock\" \/>\n<meta property=\"product:condition\" content=\"new\" \/>\n<!-- \/ Yoast SEO plugin. -->","yoast_head_json":{"title":"By Wishtrend Mandelic Acid 5% Prep Water 120ml - FACECORNER","robots":{"index":"index","follow":"follow","max-snippet":"max-snippet:-1","max-image-preview":"max-image-preview:large","max-video-preview":"max-video-preview:-1"},"canonical":"https:\/\/www.facecorner.lv\/lv\/shop\/by-wishtrend-mandelic-acid-5-prep-water-120ml\/","og_locale":"lv_LV","og_type":"article","og_title":"By Wishtrend Mandelic Acid 5% Prep Water 120ml - FACECORNER","og_description":"Wishtrend Mandelic Acid 5% Prep Water maigs p\u012blinga toniks ir izstr\u0101d\u0101ts, lai maigi nolob\u012btu un atjaunotu \u0101du. Stimul\u0113 \u0161\u016bnu atjauno\u0161anos, uzlabo sejas kr\u0101su, izl\u012bdzina \u0101das toni. Satur 5% mande\u013csk\u0101bes koncentr\u0101tu, kas ir maz\u0101k kairino\u0161s nek\u0101 citi AHA. Pantenols, centella asiatica ekstrakts un beta-glik\u0101ns, kas nodro\u0161ina nomierino\u0161u un mitrino\u0161u iedarb\u012bbu uz \u0101du p\u0113c p\u012blinga. Ieteicams k\u0101 [&hellip;]","og_url":"https:\/\/www.facecorner.lv\/lv\/shop\/by-wishtrend-mandelic-acid-5-prep-water-120ml\/","og_site_name":"FACECORNER","article_publisher":"https:\/\/www.facebook.com\/profile.php?id=100063824551839","article_modified_time":"2026-01-15T07:32:27+00:00","og_image":[{"width":1080,"height":1080,"url":"https:\/\/www.facecorner.lv\/wp-content\/uploads\/2023\/05\/612Ihv83ACL.jpg","type":"image\/jpeg"}],"twitter_card":"summary_large_image","twitter_misc":{"Price":"&euro;30.00","Availability":"Out of stock"},"schema":{"@context":"https:\/\/schema.org","@graph":[{"@type":"WebPage","@id":"https:\/\/www.facecorner.lv\/shop\/by-wishtrend-mandelic-acid-5-prep-water-120ml\/","url":"https:\/\/www.facecorner.lv\/shop\/by-wishtrend-mandelic-acid-5-prep-water-120ml\/","name":"By Wishtrend Mandelic Acid 5% Prep Water 120ml - FACECORNER","isPartOf":{"@id":"https:\/\/www.facecorner.lv\/#website"},"primaryImageOfPage":{"@id":"https:\/\/www.facecorner.lv\/shop\/by-wishtrend-mandelic-acid-5-prep-water-120ml\/#primaryimage"},"image":{"@id":"https:\/\/www.facecorner.lv\/shop\/by-wishtrend-mandelic-acid-5-prep-water-120ml\/#primaryimage"},"thumbnailUrl":"https:\/\/www.facecorner.lv\/wp-content\/uploads\/2023\/05\/612Ihv83ACL.jpg","datePublished":"2023-05-22T09:50:17+00:00","dateModified":"2026-01-15T07:32:27+00:00","breadcrumb":{"@id":"https:\/\/www.facecorner.lv\/shop\/by-wishtrend-mandelic-acid-5-prep-water-120ml\/#breadcrumb"},"inLanguage":"lv-LV","potentialAction":[{"@type":"ReadAction","target":["https:\/\/www.facecorner.lv\/shop\/by-wishtrend-mandelic-acid-5-prep-water-120ml\/"]}]},{"@type":"ImageObject","inLanguage":"lv-LV","@id":"https:\/\/www.facecorner.lv\/shop\/by-wishtrend-mandelic-acid-5-prep-water-120ml\/#primaryimage","url":"https:\/\/www.facecorner.lv\/wp-content\/uploads\/2023\/05\/612Ihv83ACL.jpg","contentUrl":"https:\/\/www.facecorner.lv\/wp-content\/uploads\/2023\/05\/612Ihv83ACL.jpg","width":1080,"height":1080},{"@type":"BreadcrumbList","@id":"https:\/\/www.facecorner.lv\/shop\/by-wishtrend-mandelic-acid-5-prep-water-120ml\/#breadcrumb","itemListElement":[{"@type":"ListItem","position":1,"name":"Home","item":"https:\/\/www.facecorner.lv\/"},{"@type":"ListItem","position":2,"name":"Veikals","item":"https:\/\/www.facecorner.lv\/shop\/"},{"@type":"ListItem","position":3,"name":"By Wishtrend Mandelic Acid 5% Prep Water 120ml"}]},{"@type":"WebSite","@id":"https:\/\/www.facecorner.lv\/#website","url":"https:\/\/www.facecorner.lv\/","name":"Facecorner","description":"","publisher":{"@id":"https:\/\/www.facecorner.lv\/#organization"},"potentialAction":[{"@type":"SearchAction","target":{"@type":"EntryPoint","urlTemplate":"https:\/\/www.facecorner.lv\/?s={search_term_string}"},"query-input":{"@type":"PropertyValueSpecification","valueRequired":true,"valueName":"search_term_string"}}],"inLanguage":"lv-LV"},{"@type":"Organization","@id":"https:\/\/www.facecorner.lv\/#organization","name":"Facecorner","url":"https:\/\/www.facecorner.lv\/","logo":{"@type":"ImageObject","inLanguage":"lv-LV","@id":"https:\/\/www.facecorner.lv\/#\/schema\/logo\/image\/","url":"https:\/\/www.facecorner.lv\/wp-content\/uploads\/2024\/04\/fc-logo.jpg","contentUrl":"https:\/\/www.facecorner.lv\/wp-content\/uploads\/2024\/04\/fc-logo.jpg","width":174,"height":28,"caption":"Facecorner"},"image":{"@id":"https:\/\/www.facecorner.lv\/#\/schema\/logo\/image\/"},"sameAs":["https:\/\/www.facebook.com\/profile.php?id=100063824551839","https:\/\/www.instagram.com\/facecorner_shop\/"]}]},"product_price_amount":"30.00","product_price_currency":"EUR","og_availability":"out of stock","product_availability":"out of stock","product_condition":"new"},"_links":{"self":[{"href":"https:\/\/www.facecorner.lv\/lv\/wp-json\/wp\/v2\/product\/10696","targetHints":{"allow":["GET"]}}],"collection":[{"href":"https:\/\/www.facecorner.lv\/lv\/wp-json\/wp\/v2\/product"}],"about":[{"href":"https:\/\/www.facecorner.lv\/lv\/wp-json\/wp\/v2\/types\/product"}],"replies":[{"embeddable":true,"href":"https:\/\/www.facecorner.lv\/lv\/wp-json\/wp\/v2\/comments?post=10696"}],"wp:featuredmedia":[{"embeddable":true,"href":"https:\/\/www.facecorner.lv\/lv\/wp-json\/wp\/v2\/media\/10697"}],"wp:attachment":[{"href":"https:\/\/www.facecorner.lv\/lv\/wp-json\/wp\/v2\/media?parent=10696"}],"wp:term":[{"taxonomy":"product_brand","embeddable":true,"href":"https:\/\/www.facecorner.lv\/lv\/wp-json\/wp\/v2\/product_brand?post=10696"},{"taxonomy":"product_cat","embeddable":true,"href":"https:\/\/www.facecorner.lv\/lv\/wp-json\/wp\/v2\/product_cat?post=10696"},{"taxonomy":"product_tag","embeddable":true,"href":"https:\/\/www.facecorner.lv\/lv\/wp-json\/wp\/v2\/product_tag?post=10696"},{"taxonomy":"berocket_brand","embeddable":true,"href":"https:\/\/www.facecorner.lv\/lv\/wp-json\/wp\/v2\/berocket_brand?post=10696"}],"curies":[{"name":"wp","href":"https:\/\/api.w.org\/{rel}","templated":true}]}}