{"id":10599,"date":"2023-05-16T14:01:45","date_gmt":"2023-05-16T12:01:45","guid":{"rendered":"https:\/\/www.facecorner.lv\/?post_type=product&#038;p=10599"},"modified":"2024-12-04T19:03:37","modified_gmt":"2024-12-04T16:03:37","slug":"zero-fit-cover-capsule-foundation-22","status":"publish","type":"product","link":"https:\/\/www.facecorner.lv\/lv\/shop\/zero-fit-cover-capsule-foundation-22\/","title":{"rendered":"Zero Fit Cover Capsule Foundation #22 35ML"},"content":{"rendered":"<p>Produkta tekst\u016bra var b\u016bt neviendab\u012bga, ta\u010du t\u0101 nav laul\u012bba, produkts ir pie\u0146emams lieto\u0161anai.<\/p>\n<p>Lizda Zero Fit Cover Capsule Foundation piln\u012bb\u0101 sapl\u016bst ar \u0101du, nodro\u0161ina vieglu, bezsvara un dabisku kl\u0101jumu, kas izl\u012bdzina mikroreljefu, mask\u0113 aps\u0101rtumu un citas nepiln\u012bbas, pie\u0161\u0137irot sejai vienm\u0113r\u012bgu vesel\u012bgu toni.<\/p>\n<p>Produkts ir bag\u0101tin\u0101ts ar kapsul\u0101m ar mitrino\u0161u esenci, kas satur 3 veidu hialuronsk\u0101bi, kas mitrina, notur \u016bdens molekulas \u0161\u016bn\u0101s, nov\u0113r\u0161 dehidrat\u0101ciju, sausumu un lob\u012b\u0161anos, k\u0101 ar\u012b pagarina \u0101das elast\u012bbu un jaun\u012bbu.<\/p>\n<p>Produkta neparast\u0101 pl\u016bsto\u0161\u0101 tekst\u016bra s\u0101kum\u0101 izskat\u0101s nevienm\u0113r\u012bga, bet ies\u016bcot apvienojas ar toni un veido skaistu, viendab\u012bgu k\u0101rti\u0146u bez defektiem, ar dabisku mitru apdari. Viegla tekst\u016bra nenoslogo un ir lieliski piem\u0113rota grimam karst\u0101 laik\u0101.<\/p>\n<p>Piem\u0113rots visiem \u0101das tipiem, \u012bpa\u0161i norm\u0101lai, sausai un kombin\u0113tai.<\/p>\n<p>Lieto\u0161ana: Uzkl\u0101jiet uz sejas p\u0113c visiem kop\u0161anas posmiem ar otu, s\u016bkli vai pirkstiem. Izdaliet, sablender\u0113jiet, gaidiet uzs\u016bk\u0161anos.<\/p>\n","protected":false},"excerpt":{"rendered":"<p>Produkta tekst\u016bra var b\u016bt neviendab\u012bga, ta\u010du t\u0101 nav laul\u012bba, produkts ir pie\u0146emams lieto\u0161anai. Lizda Zero Fit Cover Capsule Foundation piln\u012bb\u0101 sapl\u016bst ar \u0101du, nodro\u0161ina vieglu, bezsvara un dabisku kl\u0101jumu, kas izl\u012bdzina mikroreljefu, mask\u0113 aps\u0101rtumu un citas nepiln\u012bbas, pie\u0161\u0137irot sejai vienm\u0113r\u012bgu vesel\u012bgu toni. Produkts ir bag\u0101tin\u0101ts ar kapsul\u0101m ar mitrino\u0161u esenci, kas satur 3 veidu hialuronsk\u0101bi, [&hellip;]<\/p>\n","protected":false},"featured_media":10600,"comment_status":"open","ping_status":"closed","template":"","meta":{"site-sidebar-layout":"default","site-content-layout":"","ast-site-content-layout":"","site-content-style":"default","site-sidebar-style":"default","ast-global-header-display":"","ast-banner-title-visibility":"","ast-main-header-display":"","ast-hfb-above-header-display":"","ast-hfb-below-header-display":"","ast-hfb-mobile-header-display":"","site-post-title":"","ast-breadcrumbs-content":"","ast-featured-img":"","footer-sml-layout":"","theme-transparent-header-meta":"","adv-header-id-meta":"","stick-header-meta":"","header-above-stick-meta":"","header-main-stick-meta":"","header-below-stick-meta":"","astra-migrate-meta-layouts":"default","ast-page-background-enabled":"default","ast-page-background-meta":{"desktop":{"background-color":"var(--ast-global-color-4)","background-image":"","background-repeat":"repeat","background-position":"center center","background-size":"auto","background-attachment":"scroll","background-type":"","background-media":"","overlay-type":"","overlay-color":"","overlay-opacity":"","overlay-gradient":""},"tablet":{"background-color":"","background-image":"","background-repeat":"repeat","background-position":"center center","background-size":"auto","background-attachment":"scroll","background-type":"","background-media":"","overlay-type":"","overlay-color":"","overlay-opacity":"","overlay-gradient":""},"mobile":{"background-color":"","background-image":"","background-repeat":"repeat","background-position":"center center","background-size":"auto","background-attachment":"scroll","background-type":"","background-media":"","overlay-type":"","overlay-color":"","overlay-opacity":"","overlay-gradient":""}},"ast-content-background-meta":{"desktop":{"background-color":"var(--ast-global-color-5)","background-image":"","background-repeat":"repeat","background-position":"center center","background-size":"auto","background-attachment":"scroll","background-type":"","background-media":"","overlay-type":"","overlay-color":"","overlay-opacity":"","overlay-gradient":""},"tablet":{"background-color":"var(--ast-global-color-5)","background-image":"","background-repeat":"repeat","background-position":"center center","background-size":"auto","background-attachment":"scroll","background-type":"","background-media":"","overlay-type":"","overlay-color":"","overlay-opacity":"","overlay-gradient":""},"mobile":{"background-color":"var(--ast-global-color-5)","background-image":"","background-repeat":"repeat","background-position":"center center","background-size":"auto","background-attachment":"scroll","background-type":"","background-media":"","overlay-type":"","overlay-color":"","overlay-opacity":"","overlay-gradient":""}}},"product_brand":[],"product_cat":[319],"product_tag":[],"berocket_brand":[],"class_list":{"0":"post-10599","1":"product","2":"type-product","3":"status-publish","4":"has-post-thumbnail","6":"product_cat-dekorativa-kosmetika","7":"desktop-align-left","8":"tablet-align-left","9":"mobile-align-left","11":"first","12":"outofstock","13":"taxable","14":"shipping-taxable","15":"purchasable","16":"product-type-simple","17":"add-to-wishlist-before_image"},"yoast_head":"<!-- This site is optimized with the Yoast SEO plugin v27.3 - https:\/\/yoast.com\/product\/yoast-seo-wordpress\/ -->\n<title>Zero Fit Cover Capsule Foundation #22 35ML - FACECORNER<\/title>\n<meta name=\"robots\" content=\"index, follow, max-snippet:-1, max-image-preview:large, max-video-preview:-1\" \/>\n<link rel=\"canonical\" href=\"https:\/\/www.facecorner.lv\/lv\/shop\/zero-fit-cover-capsule-foundation-22\/\" \/>\n<meta property=\"og:locale\" content=\"lv_LV\" \/>\n<meta property=\"og:type\" content=\"article\" \/>\n<meta property=\"og:title\" content=\"Zero Fit Cover Capsule Foundation #22 35ML - FACECORNER\" \/>\n<meta property=\"og:description\" content=\"Produkta tekst\u016bra var b\u016bt neviendab\u012bga, ta\u010du t\u0101 nav laul\u012bba, produkts ir pie\u0146emams lieto\u0161anai. Lizda Zero Fit Cover Capsule Foundation piln\u012bb\u0101 sapl\u016bst ar \u0101du, nodro\u0161ina vieglu, bezsvara un dabisku kl\u0101jumu, kas izl\u012bdzina mikroreljefu, mask\u0113 aps\u0101rtumu un citas nepiln\u012bbas, pie\u0161\u0137irot sejai vienm\u0113r\u012bgu vesel\u012bgu toni. Produkts ir bag\u0101tin\u0101ts ar kapsul\u0101m ar mitrino\u0161u esenci, kas satur 3 veidu hialuronsk\u0101bi, [&hellip;]\" \/>\n<meta property=\"og:url\" content=\"https:\/\/www.facecorner.lv\/lv\/shop\/zero-fit-cover-capsule-foundation-22\/\" \/>\n<meta property=\"og:site_name\" content=\"FACECORNER\" \/>\n<meta property=\"article:publisher\" content=\"https:\/\/www.facebook.com\/profile.php?id=100063824551839\" \/>\n<meta property=\"article:modified_time\" content=\"2024-12-04T16:03:37+00:00\" \/>\n<meta property=\"og:image\" content=\"https:\/\/www.facecorner.lv\/wp-content\/uploads\/2023\/05\/618jzMXMFfL._AC_UF10001000_QL80_.jpg\" \/>\n\t<meta property=\"og:image:width\" content=\"1000\" \/>\n\t<meta property=\"og:image:height\" content=\"1000\" \/>\n\t<meta property=\"og:image:type\" content=\"image\/jpeg\" \/>\n<meta name=\"twitter:card\" content=\"summary_large_image\" \/>\n<meta name=\"twitter:label1\" content=\"Price\" \/>\n\t<meta name=\"twitter:data1\" content=\"&euro;30.00\" \/>\n\t<meta name=\"twitter:label2\" content=\"Availability\" \/>\n\t<meta name=\"twitter:data2\" content=\"Out of stock\" \/>\n<script type=\"application\/ld+json\" class=\"yoast-schema-graph\">{\"@context\":\"https:\\\/\\\/schema.org\",\"@graph\":[{\"@type\":\"WebPage\",\"@id\":\"https:\\\/\\\/www.facecorner.lv\\\/shop\\\/zero-fit-cover-capsule-foundation-22\\\/\",\"url\":\"https:\\\/\\\/www.facecorner.lv\\\/shop\\\/zero-fit-cover-capsule-foundation-22\\\/\",\"name\":\"Zero Fit Cover Capsule Foundation #22 35ML - FACECORNER\",\"isPartOf\":{\"@id\":\"https:\\\/\\\/www.facecorner.lv\\\/#website\"},\"primaryImageOfPage\":{\"@id\":\"https:\\\/\\\/www.facecorner.lv\\\/shop\\\/zero-fit-cover-capsule-foundation-22\\\/#primaryimage\"},\"image\":{\"@id\":\"https:\\\/\\\/www.facecorner.lv\\\/shop\\\/zero-fit-cover-capsule-foundation-22\\\/#primaryimage\"},\"thumbnailUrl\":\"https:\\\/\\\/www.facecorner.lv\\\/wp-content\\\/uploads\\\/2023\\\/05\\\/618jzMXMFfL._AC_UF10001000_QL80_.jpg\",\"datePublished\":\"2023-05-16T12:01:45+00:00\",\"dateModified\":\"2024-12-04T16:03:37+00:00\",\"breadcrumb\":{\"@id\":\"https:\\\/\\\/www.facecorner.lv\\\/shop\\\/zero-fit-cover-capsule-foundation-22\\\/#breadcrumb\"},\"inLanguage\":\"lv-LV\",\"potentialAction\":[{\"@type\":\"ReadAction\",\"target\":[\"https:\\\/\\\/www.facecorner.lv\\\/shop\\\/zero-fit-cover-capsule-foundation-22\\\/\"]}]},{\"@type\":\"ImageObject\",\"inLanguage\":\"lv-LV\",\"@id\":\"https:\\\/\\\/www.facecorner.lv\\\/shop\\\/zero-fit-cover-capsule-foundation-22\\\/#primaryimage\",\"url\":\"https:\\\/\\\/www.facecorner.lv\\\/wp-content\\\/uploads\\\/2023\\\/05\\\/618jzMXMFfL._AC_UF10001000_QL80_.jpg\",\"contentUrl\":\"https:\\\/\\\/www.facecorner.lv\\\/wp-content\\\/uploads\\\/2023\\\/05\\\/618jzMXMFfL._AC_UF10001000_QL80_.jpg\",\"width\":1000,\"height\":1000},{\"@type\":\"BreadcrumbList\",\"@id\":\"https:\\\/\\\/www.facecorner.lv\\\/shop\\\/zero-fit-cover-capsule-foundation-22\\\/#breadcrumb\",\"itemListElement\":[{\"@type\":\"ListItem\",\"position\":1,\"name\":\"Home\",\"item\":\"https:\\\/\\\/www.facecorner.lv\\\/\"},{\"@type\":\"ListItem\",\"position\":2,\"name\":\"Veikals\",\"item\":\"https:\\\/\\\/www.facecorner.lv\\\/shop\\\/\"},{\"@type\":\"ListItem\",\"position\":3,\"name\":\"Zero Fit Cover Capsule Foundation #22 35ML\"}]},{\"@type\":\"WebSite\",\"@id\":\"https:\\\/\\\/www.facecorner.lv\\\/#website\",\"url\":\"https:\\\/\\\/www.facecorner.lv\\\/\",\"name\":\"Facecorner\",\"description\":\"\",\"publisher\":{\"@id\":\"https:\\\/\\\/www.facecorner.lv\\\/#organization\"},\"potentialAction\":[{\"@type\":\"SearchAction\",\"target\":{\"@type\":\"EntryPoint\",\"urlTemplate\":\"https:\\\/\\\/www.facecorner.lv\\\/?s={search_term_string}\"},\"query-input\":{\"@type\":\"PropertyValueSpecification\",\"valueRequired\":true,\"valueName\":\"search_term_string\"}}],\"inLanguage\":\"lv-LV\"},{\"@type\":\"Organization\",\"@id\":\"https:\\\/\\\/www.facecorner.lv\\\/#organization\",\"name\":\"Facecorner\",\"url\":\"https:\\\/\\\/www.facecorner.lv\\\/\",\"logo\":{\"@type\":\"ImageObject\",\"inLanguage\":\"lv-LV\",\"@id\":\"https:\\\/\\\/www.facecorner.lv\\\/#\\\/schema\\\/logo\\\/image\\\/\",\"url\":\"https:\\\/\\\/www.facecorner.lv\\\/wp-content\\\/uploads\\\/2024\\\/04\\\/fc-logo.jpg\",\"contentUrl\":\"https:\\\/\\\/www.facecorner.lv\\\/wp-content\\\/uploads\\\/2024\\\/04\\\/fc-logo.jpg\",\"width\":174,\"height\":28,\"caption\":\"Facecorner\"},\"image\":{\"@id\":\"https:\\\/\\\/www.facecorner.lv\\\/#\\\/schema\\\/logo\\\/image\\\/\"},\"sameAs\":[\"https:\\\/\\\/www.facebook.com\\\/profile.php?id=100063824551839\",\"https:\\\/\\\/www.instagram.com\\\/facecorner_shop\\\/\"]}]}<\/script>\n<meta property=\"product:price:amount\" content=\"30.00\" \/>\n<meta property=\"product:price:currency\" content=\"EUR\" \/>\n<meta property=\"og:availability\" content=\"out of stock\" \/>\n<meta property=\"product:availability\" content=\"out of stock\" \/>\n<meta property=\"product:condition\" content=\"new\" \/>\n<!-- \/ Yoast SEO plugin. -->","yoast_head_json":{"title":"Zero Fit Cover Capsule Foundation #22 35ML - FACECORNER","robots":{"index":"index","follow":"follow","max-snippet":"max-snippet:-1","max-image-preview":"max-image-preview:large","max-video-preview":"max-video-preview:-1"},"canonical":"https:\/\/www.facecorner.lv\/lv\/shop\/zero-fit-cover-capsule-foundation-22\/","og_locale":"lv_LV","og_type":"article","og_title":"Zero Fit Cover Capsule Foundation #22 35ML - FACECORNER","og_description":"Produkta tekst\u016bra var b\u016bt neviendab\u012bga, ta\u010du t\u0101 nav laul\u012bba, produkts ir pie\u0146emams lieto\u0161anai. Lizda Zero Fit Cover Capsule Foundation piln\u012bb\u0101 sapl\u016bst ar \u0101du, nodro\u0161ina vieglu, bezsvara un dabisku kl\u0101jumu, kas izl\u012bdzina mikroreljefu, mask\u0113 aps\u0101rtumu un citas nepiln\u012bbas, pie\u0161\u0137irot sejai vienm\u0113r\u012bgu vesel\u012bgu toni. Produkts ir bag\u0101tin\u0101ts ar kapsul\u0101m ar mitrino\u0161u esenci, kas satur 3 veidu hialuronsk\u0101bi, [&hellip;]","og_url":"https:\/\/www.facecorner.lv\/lv\/shop\/zero-fit-cover-capsule-foundation-22\/","og_site_name":"FACECORNER","article_publisher":"https:\/\/www.facebook.com\/profile.php?id=100063824551839","article_modified_time":"2024-12-04T16:03:37+00:00","og_image":[{"width":1000,"height":1000,"url":"https:\/\/www.facecorner.lv\/wp-content\/uploads\/2023\/05\/618jzMXMFfL._AC_UF10001000_QL80_.jpg","type":"image\/jpeg"}],"twitter_card":"summary_large_image","twitter_misc":{"Price":"&euro;30.00","Availability":"Out of stock"},"schema":{"@context":"https:\/\/schema.org","@graph":[{"@type":"WebPage","@id":"https:\/\/www.facecorner.lv\/shop\/zero-fit-cover-capsule-foundation-22\/","url":"https:\/\/www.facecorner.lv\/shop\/zero-fit-cover-capsule-foundation-22\/","name":"Zero Fit Cover Capsule Foundation #22 35ML - FACECORNER","isPartOf":{"@id":"https:\/\/www.facecorner.lv\/#website"},"primaryImageOfPage":{"@id":"https:\/\/www.facecorner.lv\/shop\/zero-fit-cover-capsule-foundation-22\/#primaryimage"},"image":{"@id":"https:\/\/www.facecorner.lv\/shop\/zero-fit-cover-capsule-foundation-22\/#primaryimage"},"thumbnailUrl":"https:\/\/www.facecorner.lv\/wp-content\/uploads\/2023\/05\/618jzMXMFfL._AC_UF10001000_QL80_.jpg","datePublished":"2023-05-16T12:01:45+00:00","dateModified":"2024-12-04T16:03:37+00:00","breadcrumb":{"@id":"https:\/\/www.facecorner.lv\/shop\/zero-fit-cover-capsule-foundation-22\/#breadcrumb"},"inLanguage":"lv-LV","potentialAction":[{"@type":"ReadAction","target":["https:\/\/www.facecorner.lv\/shop\/zero-fit-cover-capsule-foundation-22\/"]}]},{"@type":"ImageObject","inLanguage":"lv-LV","@id":"https:\/\/www.facecorner.lv\/shop\/zero-fit-cover-capsule-foundation-22\/#primaryimage","url":"https:\/\/www.facecorner.lv\/wp-content\/uploads\/2023\/05\/618jzMXMFfL._AC_UF10001000_QL80_.jpg","contentUrl":"https:\/\/www.facecorner.lv\/wp-content\/uploads\/2023\/05\/618jzMXMFfL._AC_UF10001000_QL80_.jpg","width":1000,"height":1000},{"@type":"BreadcrumbList","@id":"https:\/\/www.facecorner.lv\/shop\/zero-fit-cover-capsule-foundation-22\/#breadcrumb","itemListElement":[{"@type":"ListItem","position":1,"name":"Home","item":"https:\/\/www.facecorner.lv\/"},{"@type":"ListItem","position":2,"name":"Veikals","item":"https:\/\/www.facecorner.lv\/shop\/"},{"@type":"ListItem","position":3,"name":"Zero Fit Cover Capsule Foundation #22 35ML"}]},{"@type":"WebSite","@id":"https:\/\/www.facecorner.lv\/#website","url":"https:\/\/www.facecorner.lv\/","name":"Facecorner","description":"","publisher":{"@id":"https:\/\/www.facecorner.lv\/#organization"},"potentialAction":[{"@type":"SearchAction","target":{"@type":"EntryPoint","urlTemplate":"https:\/\/www.facecorner.lv\/?s={search_term_string}"},"query-input":{"@type":"PropertyValueSpecification","valueRequired":true,"valueName":"search_term_string"}}],"inLanguage":"lv-LV"},{"@type":"Organization","@id":"https:\/\/www.facecorner.lv\/#organization","name":"Facecorner","url":"https:\/\/www.facecorner.lv\/","logo":{"@type":"ImageObject","inLanguage":"lv-LV","@id":"https:\/\/www.facecorner.lv\/#\/schema\/logo\/image\/","url":"https:\/\/www.facecorner.lv\/wp-content\/uploads\/2024\/04\/fc-logo.jpg","contentUrl":"https:\/\/www.facecorner.lv\/wp-content\/uploads\/2024\/04\/fc-logo.jpg","width":174,"height":28,"caption":"Facecorner"},"image":{"@id":"https:\/\/www.facecorner.lv\/#\/schema\/logo\/image\/"},"sameAs":["https:\/\/www.facebook.com\/profile.php?id=100063824551839","https:\/\/www.instagram.com\/facecorner_shop\/"]}]},"product_price_amount":"30.00","product_price_currency":"EUR","og_availability":"out of stock","product_availability":"out of stock","product_condition":"new"},"_links":{"self":[{"href":"https:\/\/www.facecorner.lv\/lv\/wp-json\/wp\/v2\/product\/10599","targetHints":{"allow":["GET"]}}],"collection":[{"href":"https:\/\/www.facecorner.lv\/lv\/wp-json\/wp\/v2\/product"}],"about":[{"href":"https:\/\/www.facecorner.lv\/lv\/wp-json\/wp\/v2\/types\/product"}],"replies":[{"embeddable":true,"href":"https:\/\/www.facecorner.lv\/lv\/wp-json\/wp\/v2\/comments?post=10599"}],"wp:featuredmedia":[{"embeddable":true,"href":"https:\/\/www.facecorner.lv\/lv\/wp-json\/wp\/v2\/media\/10600"}],"wp:attachment":[{"href":"https:\/\/www.facecorner.lv\/lv\/wp-json\/wp\/v2\/media?parent=10599"}],"wp:term":[{"taxonomy":"product_brand","embeddable":true,"href":"https:\/\/www.facecorner.lv\/lv\/wp-json\/wp\/v2\/product_brand?post=10599"},{"taxonomy":"product_cat","embeddable":true,"href":"https:\/\/www.facecorner.lv\/lv\/wp-json\/wp\/v2\/product_cat?post=10599"},{"taxonomy":"product_tag","embeddable":true,"href":"https:\/\/www.facecorner.lv\/lv\/wp-json\/wp\/v2\/product_tag?post=10599"},{"taxonomy":"berocket_brand","embeddable":true,"href":"https:\/\/www.facecorner.lv\/lv\/wp-json\/wp\/v2\/berocket_brand?post=10599"}],"curies":[{"name":"wp","href":"https:\/\/api.w.org\/{rel}","templated":true}]}}