{"id":10501,"date":"2023-05-12T09:55:09","date_gmt":"2023-05-12T07:55:09","guid":{"rendered":"https:\/\/www.facecorner.lv\/?post_type=product&#038;p=10501"},"modified":"2026-02-02T15:36:03","modified_gmt":"2026-02-02T12:36:03","slug":"medi-peel-peptide-9-volume-essence-100ml","status":"publish","type":"product","link":"https:\/\/www.facecorner.lv\/lv\/shop\/medi-peel-peptide-9-volume-essence-100ml\/","title":{"rendered":"Medi-Peel Peptide 9 Volume Essence 100ml"},"content":{"rendered":"<p>Sk\u0101bek\u013ca esence ar pept\u012bdu kompleksu Medi-Peel Peptide 9 Volume Essence, lai uzlabotu \u0101das elast\u012bbu un tvirtumu. Produkts intens\u012bvi mitrina, stiprina, atjauno un pal\u0113nina noveco\u0161an\u0101s procesus. Uzkl\u0101jot uz \u0101das, esence veido putas, kuru burbu\u013ci iek\u013c\u016bst dzi\u013ci epiderm\u0101 un iedarbojas uz \u0101du no iek\u0161puses.<\/p>\n<p>Produkts intens\u012bvi iedarbojas uz \u0101du, uzlabo \u0101das tvirtumu un elast\u012bbu, izl\u012bdzina grumbas un savelk. Nostiprina sejas kont\u016bras, pal\u0113nina noveco\u0161an\u0101s procesus, samazina grumbu smagumu un samazina to dzi\u013cumu. Esence uztur optim\u0101lu mitrin\u0101\u0161anas l\u012bmeni, uzlabo tonusu un aizsarg\u0101 \u0101du no vides faktoru agres\u012bv\u0101s ietekmes, izgaismo kop\u0113jo \u0101das toni un atjauno vesel\u012bgu mirdzumu.<\/p>\n<p>Uzkl\u0101jot uz \u0101das virsmas, esence veido putas, sk\u0101bek\u013ca burbu\u013cus, kas sp\u0113j iek\u013c\u016bt p\u0113c iesp\u0113jas dzi\u013c\u0101k epiderm\u0101, atvieglojot akt\u012bvo vielu transport\u0113\u0161anu uz dzi\u013c\u0101kiem \u0101das sl\u0101\u0146iem. Palielina uzs\u016bk\u0161anas sp\u0113ju un vispus\u012bgi ietekm\u0113 \u0101das st\u0101vokli.<\/p>\n<p>Ieteicams nobriedu\u0161as \u0101das kop\u0161anai.<\/p>\n<p><strong>Lieto\u0161ana:<\/strong> Uzkl\u0101jiet nepiecie\u0161amo esences daudzumu uz \u0101das un pagaidiet, l\u012bdz par\u0101d\u012bsies burbu\u013ci. P\u0113c tam, kad produkts s\u0101k putot ar viegl\u0101m gl\u0101st\u012b\u0161anas kust\u012bb\u0101m, pal\u012bdziet esencei ies\u016bkties.<\/p>\n<p><strong>S\u0101stavs:<\/strong> Water, Methylpropanediol, Glycerin, Hydrogenated Polyisob utene, Methyl Perfluoroisobutyl Ether, Caprylic\/Capric Triglyceride, Methyl Perfluorobutyl Ether, Cyclopentasiloxane, Niacinamide, Butylene Glycol Dicaprylate\/Dicaprate, Cetearyl Alcohol, Cyclohexasiloxane, Elaeis Guineensis (Palm) Oil, Decyl GIucoside, Sodium Myristoyl Glutamate, Stearic Acid, Glycery! Stearate, PEG-100 Stearate, Betaine, Hydroxyethyl Urea, Elae is Guineensis (Palm) Kernel Oil, Hyoxyedetophenone, Dime thicone Arginine Ammonium Acryloyldimethyltaurate\/VP C opolymer, Carbomer, Hydrogenatedtecihin, Propanediol, J uniperus Communis Fruit Extract, Eucalyps Globulus Leaf E xtract, Dimethicone\/Vinyl Dimethicone Crospolymer, Glycer yl Acrylate\/Acrylic Acid Copolymer, Sodium yaluronate Crosspolymer, Ethylhexylglycerin, Allantoin, Ammonium Lactate, Urea, Fragrance, Adenosine, Sodium Hyalurhate, Laureth-2 3, Propylene Glycol, Disodium EDTA, Hydrozed Glycosami noglycans, Butylene Glycol, Camellia Sinensis Leaf Extract, Ta raxacum Officinale (Dandelion) Rhizome\/Root Extract, Sodiu m Guaiazulene Sulfonate, Argania Spinosa Kernel Oil, Magn olia Officinalis Bark Extract, Anthem is Nobilis Flower Water, F ructan, Butylphenyl Methylpropional, Benzyl Glycol, Hydroly zed Hyaluronic Acid, Desamido Collagen, Hydrolyzed Elastin, Hydrolyzed Collagen, Decylene Glycol, Sodium Polyacrylate Caprylyl Glycol, Trideceth-6, Pentylene Glycol Hydrogenated Polydecene, Glyceryl Polymethacrylate, Anemarrhena asphodeloides Root Extract, 1,2-Hexaned iol, Raspberry Ketone, Hy aluronic Acid, Sorbitan Laurate, Nonoxynol- 1 2, Phenoxyetha nol, Hydroxyethylcellulose, Acetyl Dipeptide-1 Cetyl Ester(0.0 8 ppm), Astaxanthin, Ethyl Hexanediol, Acetyl Hexapeptide-8 (0.01 ppm), Copper Tripeptide-1 (0.01 ppm), Oligopeptide-29 (0.005 ppm), Oligopeptide-32(0.005 ppm), Palmitoyl Pentap eptide-4(0.001 ppm), Palmitoyl Tripeptide- 1 (0.001 ppm) Pal mitoyl Tetrapeptide-7(0.005 ppm), Palmitoyl Tripeptide-51 ppm), Palmitoyl Oligopeptide(0.001 ppm)<\/p>\n","protected":false},"excerpt":{"rendered":"<p>Sk\u0101bek\u013ca esence ar pept\u012bdu kompleksu Medi-Peel Peptide 9 Volume Essence, lai uzlabotu \u0101das elast\u012bbu un tvirtumu. Produkts intens\u012bvi mitrina, stiprina, atjauno un pal\u0113nina noveco\u0161an\u0101s procesus. Uzkl\u0101jot uz \u0101das, esence veido putas, kuru burbu\u013ci iek\u013c\u016bst dzi\u013ci epiderm\u0101 un iedarbojas uz \u0101du no iek\u0161puses. Produkts intens\u012bvi iedarbojas uz \u0101du, uzlabo \u0101das tvirtumu un elast\u012bbu, izl\u012bdzina grumbas un [&hellip;]<\/p>\n","protected":false},"featured_media":10502,"comment_status":"open","ping_status":"closed","template":"","meta":{"site-sidebar-layout":"default","site-content-layout":"","ast-site-content-layout":"","site-content-style":"default","site-sidebar-style":"default","ast-global-header-display":"","ast-banner-title-visibility":"","ast-main-header-display":"","ast-hfb-above-header-display":"","ast-hfb-below-header-display":"","ast-hfb-mobile-header-display":"","site-post-title":"","ast-breadcrumbs-content":"","ast-featured-img":"","footer-sml-layout":"","theme-transparent-header-meta":"","adv-header-id-meta":"","stick-header-meta":"","header-above-stick-meta":"","header-main-stick-meta":"","header-below-stick-meta":"","astra-migrate-meta-layouts":"default","ast-page-background-enabled":"default","ast-page-background-meta":{"desktop":{"background-color":"var(--ast-global-color-4)","background-image":"","background-repeat":"repeat","background-position":"center center","background-size":"auto","background-attachment":"scroll","background-type":"","background-media":"","overlay-type":"","overlay-color":"","overlay-opacity":"","overlay-gradient":""},"tablet":{"background-color":"","background-image":"","background-repeat":"repeat","background-position":"center center","background-size":"auto","background-attachment":"scroll","background-type":"","background-media":"","overlay-type":"","overlay-color":"","overlay-opacity":"","overlay-gradient":""},"mobile":{"background-color":"","background-image":"","background-repeat":"repeat","background-position":"center center","background-size":"auto","background-attachment":"scroll","background-type":"","background-media":"","overlay-type":"","overlay-color":"","overlay-opacity":"","overlay-gradient":""}},"ast-content-background-meta":{"desktop":{"background-color":"var(--ast-global-color-5)","background-image":"","background-repeat":"repeat","background-position":"center center","background-size":"auto","background-attachment":"scroll","background-type":"","background-media":"","overlay-type":"","overlay-color":"","overlay-opacity":"","overlay-gradient":""},"tablet":{"background-color":"var(--ast-global-color-5)","background-image":"","background-repeat":"repeat","background-position":"center center","background-size":"auto","background-attachment":"scroll","background-type":"","background-media":"","overlay-type":"","overlay-color":"","overlay-opacity":"","overlay-gradient":""},"mobile":{"background-color":"var(--ast-global-color-5)","background-image":"","background-repeat":"repeat","background-position":"center center","background-size":"auto","background-attachment":"scroll","background-type":"","background-media":"","overlay-type":"","overlay-color":"","overlay-opacity":"","overlay-gradient":""}}},"product_brand":[],"product_cat":[370,371,380,379,363],"product_tag":[],"berocket_brand":[583],"class_list":{"0":"post-10501","1":"product","2":"type-product","3":"status-publish","4":"has-post-thumbnail","6":"product_cat-adas-mirdzumam","7":"product_cat-anti-age","8":"product_cat-kombinetai-adai","9":"product_cat-sausai-adai-anti-age","10":"product_cat-serumi","11":"berocket_brand-medi-peel","12":"desktop-align-left","13":"tablet-align-left","14":"mobile-align-left","16":"first","17":"outofstock","18":"taxable","19":"shipping-taxable","20":"purchasable","21":"product-type-simple","22":"add-to-wishlist-before_image"},"yoast_head":"<!-- This site is optimized with the Yoast SEO plugin v27.4 - https:\/\/yoast.com\/product\/yoast-seo-wordpress\/ -->\n<title>Medi-Peel Peptide 9 Volume Essence 100ml - FACECORNER<\/title>\n<meta name=\"robots\" content=\"index, follow, max-snippet:-1, max-image-preview:large, max-video-preview:-1\" \/>\n<link rel=\"canonical\" href=\"https:\/\/www.facecorner.lv\/lv\/shop\/medi-peel-peptide-9-volume-essence-100ml\/\" \/>\n<meta property=\"og:locale\" content=\"lv_LV\" \/>\n<meta property=\"og:type\" content=\"article\" \/>\n<meta property=\"og:title\" content=\"Medi-Peel Peptide 9 Volume Essence 100ml - FACECORNER\" \/>\n<meta property=\"og:description\" content=\"Sk\u0101bek\u013ca esence ar pept\u012bdu kompleksu Medi-Peel Peptide 9 Volume Essence, lai uzlabotu \u0101das elast\u012bbu un tvirtumu. Produkts intens\u012bvi mitrina, stiprina, atjauno un pal\u0113nina noveco\u0161an\u0101s procesus. Uzkl\u0101jot uz \u0101das, esence veido putas, kuru burbu\u013ci iek\u013c\u016bst dzi\u013ci epiderm\u0101 un iedarbojas uz \u0101du no iek\u0161puses. Produkts intens\u012bvi iedarbojas uz \u0101du, uzlabo \u0101das tvirtumu un elast\u012bbu, izl\u012bdzina grumbas un [&hellip;]\" \/>\n<meta property=\"og:url\" content=\"https:\/\/www.facecorner.lv\/lv\/shop\/medi-peel-peptide-9-volume-essence-100ml\/\" \/>\n<meta property=\"og:site_name\" content=\"FACECORNER\" \/>\n<meta property=\"article:publisher\" content=\"https:\/\/www.facebook.com\/profile.php?id=100063824551839\" \/>\n<meta property=\"article:modified_time\" content=\"2026-02-02T12:36:03+00:00\" \/>\n<meta property=\"og:image\" content=\"https:\/\/www.facecorner.lv\/wp-content\/uploads\/2023\/05\/81W3nhqjQEL._SL1500_.jpg\" \/>\n\t<meta property=\"og:image:width\" content=\"1000\" \/>\n\t<meta property=\"og:image:height\" content=\"1000\" \/>\n\t<meta property=\"og:image:type\" content=\"image\/jpeg\" \/>\n<meta name=\"twitter:card\" content=\"summary_large_image\" \/>\n<meta name=\"twitter:label1\" content=\"Price\" \/>\n\t<meta name=\"twitter:data1\" content=\"&euro;43.50\" \/>\n\t<meta name=\"twitter:label2\" content=\"Availability\" \/>\n\t<meta name=\"twitter:data2\" content=\"Out of stock\" \/>\n<script type=\"application\/ld+json\" class=\"yoast-schema-graph\">{\"@context\":\"https:\\\/\\\/schema.org\",\"@graph\":[{\"@type\":\"WebPage\",\"@id\":\"https:\\\/\\\/www.facecorner.lv\\\/shop\\\/medi-peel-peptide-9-volume-essence-100ml\\\/\",\"url\":\"https:\\\/\\\/www.facecorner.lv\\\/shop\\\/medi-peel-peptide-9-volume-essence-100ml\\\/\",\"name\":\"Medi-Peel Peptide 9 Volume Essence 100ml - FACECORNER\",\"isPartOf\":{\"@id\":\"https:\\\/\\\/www.facecorner.lv\\\/#website\"},\"primaryImageOfPage\":{\"@id\":\"https:\\\/\\\/www.facecorner.lv\\\/shop\\\/medi-peel-peptide-9-volume-essence-100ml\\\/#primaryimage\"},\"image\":{\"@id\":\"https:\\\/\\\/www.facecorner.lv\\\/shop\\\/medi-peel-peptide-9-volume-essence-100ml\\\/#primaryimage\"},\"thumbnailUrl\":\"https:\\\/\\\/www.facecorner.lv\\\/wp-content\\\/uploads\\\/2023\\\/05\\\/81W3nhqjQEL._SL1500_.jpg\",\"datePublished\":\"2023-05-12T07:55:09+00:00\",\"dateModified\":\"2026-02-02T12:36:03+00:00\",\"breadcrumb\":{\"@id\":\"https:\\\/\\\/www.facecorner.lv\\\/shop\\\/medi-peel-peptide-9-volume-essence-100ml\\\/#breadcrumb\"},\"inLanguage\":\"lv-LV\",\"potentialAction\":[{\"@type\":\"ReadAction\",\"target\":[\"https:\\\/\\\/www.facecorner.lv\\\/shop\\\/medi-peel-peptide-9-volume-essence-100ml\\\/\"]}]},{\"@type\":\"ImageObject\",\"inLanguage\":\"lv-LV\",\"@id\":\"https:\\\/\\\/www.facecorner.lv\\\/shop\\\/medi-peel-peptide-9-volume-essence-100ml\\\/#primaryimage\",\"url\":\"https:\\\/\\\/www.facecorner.lv\\\/wp-content\\\/uploads\\\/2023\\\/05\\\/81W3nhqjQEL._SL1500_.jpg\",\"contentUrl\":\"https:\\\/\\\/www.facecorner.lv\\\/wp-content\\\/uploads\\\/2023\\\/05\\\/81W3nhqjQEL._SL1500_.jpg\",\"width\":1000,\"height\":1000},{\"@type\":\"BreadcrumbList\",\"@id\":\"https:\\\/\\\/www.facecorner.lv\\\/shop\\\/medi-peel-peptide-9-volume-essence-100ml\\\/#breadcrumb\",\"itemListElement\":[{\"@type\":\"ListItem\",\"position\":1,\"name\":\"Home\",\"item\":\"https:\\\/\\\/www.facecorner.lv\\\/\"},{\"@type\":\"ListItem\",\"position\":2,\"name\":\"Veikals\",\"item\":\"https:\\\/\\\/www.facecorner.lv\\\/shop\\\/\"},{\"@type\":\"ListItem\",\"position\":3,\"name\":\"Medi-Peel Peptide 9 Volume Essence 100ml\"}]},{\"@type\":\"WebSite\",\"@id\":\"https:\\\/\\\/www.facecorner.lv\\\/#website\",\"url\":\"https:\\\/\\\/www.facecorner.lv\\\/\",\"name\":\"Facecorner\",\"description\":\"\",\"publisher\":{\"@id\":\"https:\\\/\\\/www.facecorner.lv\\\/#organization\"},\"potentialAction\":[{\"@type\":\"SearchAction\",\"target\":{\"@type\":\"EntryPoint\",\"urlTemplate\":\"https:\\\/\\\/www.facecorner.lv\\\/?s={search_term_string}\"},\"query-input\":{\"@type\":\"PropertyValueSpecification\",\"valueRequired\":true,\"valueName\":\"search_term_string\"}}],\"inLanguage\":\"lv-LV\"},{\"@type\":\"Organization\",\"@id\":\"https:\\\/\\\/www.facecorner.lv\\\/#organization\",\"name\":\"Facecorner\",\"url\":\"https:\\\/\\\/www.facecorner.lv\\\/\",\"logo\":{\"@type\":\"ImageObject\",\"inLanguage\":\"lv-LV\",\"@id\":\"https:\\\/\\\/www.facecorner.lv\\\/#\\\/schema\\\/logo\\\/image\\\/\",\"url\":\"https:\\\/\\\/www.facecorner.lv\\\/wp-content\\\/uploads\\\/2024\\\/04\\\/fc-logo.jpg\",\"contentUrl\":\"https:\\\/\\\/www.facecorner.lv\\\/wp-content\\\/uploads\\\/2024\\\/04\\\/fc-logo.jpg\",\"width\":174,\"height\":28,\"caption\":\"Facecorner\"},\"image\":{\"@id\":\"https:\\\/\\\/www.facecorner.lv\\\/#\\\/schema\\\/logo\\\/image\\\/\"},\"sameAs\":[\"https:\\\/\\\/www.facebook.com\\\/profile.php?id=100063824551839\",\"https:\\\/\\\/www.instagram.com\\\/facecorner_shop\\\/\"]}]}<\/script>\n<meta property=\"product:price:amount\" content=\"43.50\" \/>\n<meta property=\"product:price:currency\" content=\"EUR\" \/>\n<meta property=\"og:availability\" content=\"out of stock\" \/>\n<meta property=\"product:availability\" content=\"out of stock\" \/>\n<meta property=\"product:condition\" content=\"new\" \/>\n<!-- \/ Yoast SEO plugin. -->","yoast_head_json":{"title":"Medi-Peel Peptide 9 Volume Essence 100ml - FACECORNER","robots":{"index":"index","follow":"follow","max-snippet":"max-snippet:-1","max-image-preview":"max-image-preview:large","max-video-preview":"max-video-preview:-1"},"canonical":"https:\/\/www.facecorner.lv\/lv\/shop\/medi-peel-peptide-9-volume-essence-100ml\/","og_locale":"lv_LV","og_type":"article","og_title":"Medi-Peel Peptide 9 Volume Essence 100ml - FACECORNER","og_description":"Sk\u0101bek\u013ca esence ar pept\u012bdu kompleksu Medi-Peel Peptide 9 Volume Essence, lai uzlabotu \u0101das elast\u012bbu un tvirtumu. Produkts intens\u012bvi mitrina, stiprina, atjauno un pal\u0113nina noveco\u0161an\u0101s procesus. Uzkl\u0101jot uz \u0101das, esence veido putas, kuru burbu\u013ci iek\u013c\u016bst dzi\u013ci epiderm\u0101 un iedarbojas uz \u0101du no iek\u0161puses. Produkts intens\u012bvi iedarbojas uz \u0101du, uzlabo \u0101das tvirtumu un elast\u012bbu, izl\u012bdzina grumbas un [&hellip;]","og_url":"https:\/\/www.facecorner.lv\/lv\/shop\/medi-peel-peptide-9-volume-essence-100ml\/","og_site_name":"FACECORNER","article_publisher":"https:\/\/www.facebook.com\/profile.php?id=100063824551839","article_modified_time":"2026-02-02T12:36:03+00:00","og_image":[{"width":1000,"height":1000,"url":"https:\/\/www.facecorner.lv\/wp-content\/uploads\/2023\/05\/81W3nhqjQEL._SL1500_.jpg","type":"image\/jpeg"}],"twitter_card":"summary_large_image","twitter_misc":{"Price":"&euro;43.50","Availability":"Out of stock"},"schema":{"@context":"https:\/\/schema.org","@graph":[{"@type":"WebPage","@id":"https:\/\/www.facecorner.lv\/shop\/medi-peel-peptide-9-volume-essence-100ml\/","url":"https:\/\/www.facecorner.lv\/shop\/medi-peel-peptide-9-volume-essence-100ml\/","name":"Medi-Peel Peptide 9 Volume Essence 100ml - FACECORNER","isPartOf":{"@id":"https:\/\/www.facecorner.lv\/#website"},"primaryImageOfPage":{"@id":"https:\/\/www.facecorner.lv\/shop\/medi-peel-peptide-9-volume-essence-100ml\/#primaryimage"},"image":{"@id":"https:\/\/www.facecorner.lv\/shop\/medi-peel-peptide-9-volume-essence-100ml\/#primaryimage"},"thumbnailUrl":"https:\/\/www.facecorner.lv\/wp-content\/uploads\/2023\/05\/81W3nhqjQEL._SL1500_.jpg","datePublished":"2023-05-12T07:55:09+00:00","dateModified":"2026-02-02T12:36:03+00:00","breadcrumb":{"@id":"https:\/\/www.facecorner.lv\/shop\/medi-peel-peptide-9-volume-essence-100ml\/#breadcrumb"},"inLanguage":"lv-LV","potentialAction":[{"@type":"ReadAction","target":["https:\/\/www.facecorner.lv\/shop\/medi-peel-peptide-9-volume-essence-100ml\/"]}]},{"@type":"ImageObject","inLanguage":"lv-LV","@id":"https:\/\/www.facecorner.lv\/shop\/medi-peel-peptide-9-volume-essence-100ml\/#primaryimage","url":"https:\/\/www.facecorner.lv\/wp-content\/uploads\/2023\/05\/81W3nhqjQEL._SL1500_.jpg","contentUrl":"https:\/\/www.facecorner.lv\/wp-content\/uploads\/2023\/05\/81W3nhqjQEL._SL1500_.jpg","width":1000,"height":1000},{"@type":"BreadcrumbList","@id":"https:\/\/www.facecorner.lv\/shop\/medi-peel-peptide-9-volume-essence-100ml\/#breadcrumb","itemListElement":[{"@type":"ListItem","position":1,"name":"Home","item":"https:\/\/www.facecorner.lv\/"},{"@type":"ListItem","position":2,"name":"Veikals","item":"https:\/\/www.facecorner.lv\/shop\/"},{"@type":"ListItem","position":3,"name":"Medi-Peel Peptide 9 Volume Essence 100ml"}]},{"@type":"WebSite","@id":"https:\/\/www.facecorner.lv\/#website","url":"https:\/\/www.facecorner.lv\/","name":"Facecorner","description":"","publisher":{"@id":"https:\/\/www.facecorner.lv\/#organization"},"potentialAction":[{"@type":"SearchAction","target":{"@type":"EntryPoint","urlTemplate":"https:\/\/www.facecorner.lv\/?s={search_term_string}"},"query-input":{"@type":"PropertyValueSpecification","valueRequired":true,"valueName":"search_term_string"}}],"inLanguage":"lv-LV"},{"@type":"Organization","@id":"https:\/\/www.facecorner.lv\/#organization","name":"Facecorner","url":"https:\/\/www.facecorner.lv\/","logo":{"@type":"ImageObject","inLanguage":"lv-LV","@id":"https:\/\/www.facecorner.lv\/#\/schema\/logo\/image\/","url":"https:\/\/www.facecorner.lv\/wp-content\/uploads\/2024\/04\/fc-logo.jpg","contentUrl":"https:\/\/www.facecorner.lv\/wp-content\/uploads\/2024\/04\/fc-logo.jpg","width":174,"height":28,"caption":"Facecorner"},"image":{"@id":"https:\/\/www.facecorner.lv\/#\/schema\/logo\/image\/"},"sameAs":["https:\/\/www.facebook.com\/profile.php?id=100063824551839","https:\/\/www.instagram.com\/facecorner_shop\/"]}]},"product_price_amount":"43.50","product_price_currency":"EUR","og_availability":"out of stock","product_availability":"out of stock","product_condition":"new"},"_links":{"self":[{"href":"https:\/\/www.facecorner.lv\/lv\/wp-json\/wp\/v2\/product\/10501","targetHints":{"allow":["GET"]}}],"collection":[{"href":"https:\/\/www.facecorner.lv\/lv\/wp-json\/wp\/v2\/product"}],"about":[{"href":"https:\/\/www.facecorner.lv\/lv\/wp-json\/wp\/v2\/types\/product"}],"replies":[{"embeddable":true,"href":"https:\/\/www.facecorner.lv\/lv\/wp-json\/wp\/v2\/comments?post=10501"}],"wp:featuredmedia":[{"embeddable":true,"href":"https:\/\/www.facecorner.lv\/lv\/wp-json\/wp\/v2\/media\/10502"}],"wp:attachment":[{"href":"https:\/\/www.facecorner.lv\/lv\/wp-json\/wp\/v2\/media?parent=10501"}],"wp:term":[{"taxonomy":"product_brand","embeddable":true,"href":"https:\/\/www.facecorner.lv\/lv\/wp-json\/wp\/v2\/product_brand?post=10501"},{"taxonomy":"product_cat","embeddable":true,"href":"https:\/\/www.facecorner.lv\/lv\/wp-json\/wp\/v2\/product_cat?post=10501"},{"taxonomy":"product_tag","embeddable":true,"href":"https:\/\/www.facecorner.lv\/lv\/wp-json\/wp\/v2\/product_tag?post=10501"},{"taxonomy":"berocket_brand","embeddable":true,"href":"https:\/\/www.facecorner.lv\/lv\/wp-json\/wp\/v2\/berocket_brand?post=10501"}],"curies":[{"name":"wp","href":"https:\/\/api.w.org\/{rel}","templated":true}]}}