{"id":2385,"date":"2023-03-10T16:28:30","date_gmt":"2023-03-10T14:28:30","guid":{"rendered":"https:\/\/dev.ligums.lv\/facecorner\/?page_id=2385"},"modified":"2024-12-08T23:39:32","modified_gmt":"2024-12-08T20:39:32","slug":"par-mums","status":"publish","type":"page","link":"https:\/\/www.facecorner.lv\/lv\/par-mums\/","title":{"rendered":"Par mums"},"content":{"rendered":"\t\t<div data-elementor-type=\"wp-page\" data-elementor-id=\"2385\" class=\"elementor elementor-2385\">\n\t\t\t\t<div class=\"elementor-element elementor-element-c3ec25a e-flex e-con-boxed e-con e-parent\" data-id=\"c3ec25a\" data-element_type=\"container\" data-e-type=\"container\">\n\t\t\t\t\t<div class=\"e-con-inner\">\n\t\t<div class=\"elementor-element elementor-element-a095907 e-con-full e-flex e-con e-child\" data-id=\"a095907\" data-element_type=\"container\" data-e-type=\"container\">\n\t\t\t\t<div class=\"elementor-element elementor-element-cd1ddbb elementor-widget elementor-widget-text-editor\" data-id=\"cd1ddbb\" data-element_type=\"widget\" data-e-type=\"widget\" data-widget_type=\"text-editor.default\">\n\t\t\t\t<div class=\"elementor-widget-container\">\n\t\t\t\t\t\t\t\t\t<p>M\u0113s ticam, ka pareiza \u0101das kop\u0161ana var ne tikai uzlabot j\u016bsu \u0101das st\u0101vokli, bet ar\u012b sniegt jums p\u0101rliec\u012bbu un prieku par ikdienas skaistumkop\u0161anas ritu\u0101liem.<\/p>\t\t\t\t\t\t\t\t<\/div>\n\t\t\t\t<\/div>\n\t\t\t\t<div class=\"elementor-element elementor-element-fba2515 elementor-widget elementor-widget-image\" data-id=\"fba2515\" data-element_type=\"widget\" data-e-type=\"widget\" data-widget_type=\"image.default\">\n\t\t\t\t<div class=\"elementor-widget-container\">\n\t\t\t\t\t\t\t\t\t\t\t\t\t\t\t<img fetchpriority=\"high\" decoding=\"async\" width=\"660\" height=\"660\" src=\"https:\/\/www.facecorner.lv\/wp-content\/uploads\/2024\/12\/sg-11134207-7rd5e-lwy71w5obvraae.jpeg\" class=\"attachment-large size-large wp-image-22367\" alt=\"\" srcset=\"https:\/\/www.facecorner.lv\/wp-content\/uploads\/2024\/12\/sg-11134207-7rd5e-lwy71w5obvraae.jpeg 660w, https:\/\/www.facecorner.lv\/wp-content\/uploads\/2024\/12\/sg-11134207-7rd5e-lwy71w5obvraae-300x300.jpeg 300w, https:\/\/www.facecorner.lv\/wp-content\/uploads\/2024\/12\/sg-11134207-7rd5e-lwy71w5obvraae-150x150.jpeg 150w, https:\/\/www.facecorner.lv\/wp-content\/uploads\/2024\/12\/sg-11134207-7rd5e-lwy71w5obvraae-12x12.jpeg 12w, https:\/\/www.facecorner.lv\/wp-content\/uploads\/2024\/12\/sg-11134207-7rd5e-lwy71w5obvraae-250x250.jpeg 250w, https:\/\/www.facecorner.lv\/wp-content\/uploads\/2024\/12\/sg-11134207-7rd5e-lwy71w5obvraae-100x100.jpeg 100w\" sizes=\"(max-width: 660px) 100vw, 660px\" \/>\t\t\t\t\t\t\t\t\t\t\t\t\t\t\t<\/div>\n\t\t\t\t<\/div>\n\t\t\t\t<div class=\"elementor-element elementor-element-d8dec93 elementor-widget elementor-widget-text-editor\" data-id=\"d8dec93\" data-element_type=\"widget\" data-e-type=\"widget\" data-widget_type=\"text-editor.default\">\n\t\t\t\t<div class=\"elementor-widget-container\">\n\t\t\t\t\t\t\t\t\t<p>M\u0113s pied\u0101v\u0101jam pla\u0161u\u00a0 skaistumkop\u0161anas produktu kl\u0101stu, s\u0101kot no att\u012bro\u0161iem geliem un tonikiem l\u012bdz mitrino\u0161iem kr\u0113miem un mask\u0101m. Visi m\u016bsu veikal\u0101 pied\u0101v\u0101tie produkti ir r\u016bp\u012bgi p\u0101rbaud\u012bti un atbilst starptautiskajiem kvalit\u0101tes standartiem. M\u0113s izv\u0113lamies tikai tos z\u012bmolus, kas ir pier\u0101d\u012bju\u0161i savu efektivit\u0101ti un par kuriem ir pozit\u012bvas atsauksmes no lietot\u0101jiem vis\u0101 pasaul\u0113.<\/p>\t\t\t\t\t\t\t\t<\/div>\n\t\t\t\t<\/div>\n\t\t\t\t<\/div>\n\t\t<div class=\"elementor-element elementor-element-cd9d415 e-con-full e-flex e-con e-child\" data-id=\"cd9d415\" data-element_type=\"container\" data-e-type=\"container\">\n\t\t\t\t<\/div>\n\t\t\t\t<div class=\"elementor-element elementor-element-d28382b elementor-widget elementor-widget-image\" data-id=\"d28382b\" data-element_type=\"widget\" data-e-type=\"widget\" data-widget_type=\"image.default\">\n\t\t\t\t<div class=\"elementor-widget-container\">\n\t\t\t\t\t\t\t\t\t\t\t\t\t\t\t<img decoding=\"async\" width=\"720\" height=\"720\" src=\"https:\/\/www.facecorner.lv\/wp-content\/uploads\/2024\/11\/bio-mask-white.jpg\" class=\"attachment-large size-large wp-image-21796\" alt=\"\" srcset=\"https:\/\/www.facecorner.lv\/wp-content\/uploads\/2024\/11\/bio-mask-white.jpg 720w, https:\/\/www.facecorner.lv\/wp-content\/uploads\/2024\/11\/bio-mask-white-300x300.jpg 300w, https:\/\/www.facecorner.lv\/wp-content\/uploads\/2024\/11\/bio-mask-white-150x150.jpg 150w, https:\/\/www.facecorner.lv\/wp-content\/uploads\/2024\/11\/bio-mask-white-12x12.jpg 12w, https:\/\/www.facecorner.lv\/wp-content\/uploads\/2024\/11\/bio-mask-white-250x250.jpg 250w, https:\/\/www.facecorner.lv\/wp-content\/uploads\/2024\/11\/bio-mask-white-100x100.jpg 100w\" sizes=\"(max-width: 720px) 100vw, 720px\" \/>\t\t\t\t\t\t\t\t\t\t\t\t\t\t\t<\/div>\n\t\t\t\t<\/div>\n\t\t\t\t\t<\/div>\n\t\t\t\t<\/div>\n\t\t<div class=\"elementor-element elementor-element-954a18e e-flex e-con-boxed e-con e-parent\" data-id=\"954a18e\" data-element_type=\"container\" data-e-type=\"container\">\n\t\t\t\t\t<div class=\"e-con-inner\">\n\t\t<div class=\"elementor-element elementor-element-09c5287 e-con-full e-flex e-con e-child\" data-id=\"09c5287\" data-element_type=\"container\" data-e-type=\"container\">\n\t\t\t\t<div class=\"elementor-element elementor-element-d730689 elementor-widget elementor-widget-image\" data-id=\"d730689\" data-element_type=\"widget\" data-e-type=\"widget\" data-widget_type=\"image.default\">\n\t\t\t\t<div class=\"elementor-widget-container\">\n\t\t\t\t\t\t\t\t\t\t\t\t\t\t\t<img decoding=\"async\" width=\"720\" height=\"720\" src=\"https:\/\/www.facecorner.lv\/wp-content\/uploads\/2024\/11\/1-1.jpg\" class=\"attachment-full size-full wp-image-21646\" alt=\"\" srcset=\"https:\/\/www.facecorner.lv\/wp-content\/uploads\/2024\/11\/1-1.jpg 720w, https:\/\/www.facecorner.lv\/wp-content\/uploads\/2024\/11\/1-1-250x250.jpg 250w, https:\/\/www.facecorner.lv\/wp-content\/uploads\/2024\/11\/1-1-100x100.jpg 100w, https:\/\/www.facecorner.lv\/wp-content\/uploads\/2024\/11\/1-1-300x300.jpg 300w, https:\/\/www.facecorner.lv\/wp-content\/uploads\/2024\/11\/1-1-150x150.jpg 150w, https:\/\/www.facecorner.lv\/wp-content\/uploads\/2024\/11\/1-1-12x12.jpg 12w\" sizes=\"(max-width: 720px) 100vw, 720px\" \/>\t\t\t\t\t\t\t\t\t\t\t\t\t\t\t<\/div>\n\t\t\t\t<\/div>\n\t\t\t\t<\/div>\n\t\t<div class=\"elementor-element elementor-element-08e3a72 e-con-full e-flex e-con e-child\" data-id=\"08e3a72\" data-element_type=\"container\" data-e-type=\"container\">\n\t\t<div class=\"elementor-element elementor-element-27eb744 e-con-full e-flex e-con e-child\" data-id=\"27eb744\" data-element_type=\"container\" data-e-type=\"container\">\n\t\t\t\t<div class=\"elementor-element elementor-element-017f098 elementor-widget elementor-widget-heading\" data-id=\"017f098\" data-element_type=\"widget\" data-e-type=\"widget\" data-widget_type=\"heading.default\">\n\t\t\t\t<div class=\"elementor-widget-container\">\n\t\t\t\t\t<h4 class=\"elementor-heading-title elementor-size-default\">Adres\u0113<\/h4>\t\t\t\t<\/div>\n\t\t\t\t<\/div>\n\t\t\t\t<\/div>\n\t\t<div class=\"elementor-element elementor-element-3eec722 e-con-full e-flex e-con e-child\" data-id=\"3eec722\" data-element_type=\"container\" data-e-type=\"container\">\n\t\t\t\t<div class=\"elementor-element elementor-element-24291b6 elementor-widget elementor-widget-text-editor\" data-id=\"24291b6\" data-element_type=\"widget\" data-e-type=\"widget\" data-widget_type=\"text-editor.default\">\n\t\t\t\t<div class=\"elementor-widget-container\">\n\t\t\t\t\t\t\t\t\t<p>La\u010dpl\u0113\u0161a iela 52, R\u012bga, Latvija, LV-1011<\/p>\n<p>M\u016bsu birojs atrodas R\u012bgas pils\u0113tas centr\u0101 un jebkur\u0101 laik\u0101 varat ierasties un pa\u0146emt pas\u016bt\u012bjumu, k\u0101 ar\u012b sa\u0146emt padomu. <strong>L\u016bdzam viz\u012bti iepriek\u0161 saska\u0146ot.<\/strong><\/p>\t\t\t\t\t\t\t\t<\/div>\n\t\t\t\t<\/div>\n\t\t\t\t<div class=\"elementor-element elementor-element-ef61867 elementor-widget elementor-widget-heading\" data-id=\"ef61867\" data-element_type=\"widget\" data-e-type=\"widget\" data-widget_type=\"heading.default\">\n\t\t\t\t<div class=\"elementor-widget-container\">\n\t\t\t\t\t<h4 class=\"elementor-heading-title elementor-size-default\">M\u016bsu rekviz\u012bti<\/h4>\t\t\t\t<\/div>\n\t\t\t\t<\/div>\n\t\t\t\t<div class=\"elementor-element elementor-element-662d138 elementor-widget elementor-widget-text-editor\" data-id=\"662d138\" data-element_type=\"widget\" data-e-type=\"widget\" data-widget_type=\"text-editor.default\">\n\t\t\t\t<div class=\"elementor-widget-container\">\n\t\t\t\t\t\t\t\t\t<p>PVN nr.: LV28099310409<br \/>Bank: SWEDBANK A\/S<br \/>IBAN: LV20HABA0551039866366<\/p>\t\t\t\t\t\t\t\t<\/div>\n\t\t\t\t<\/div>\n\t\t\t\t<\/div>\n\t\t\t\t<\/div>\n\t\t\t\t\t<\/div>\n\t\t\t\t<\/div>\n\t\t\t\t<\/div>\n\t\t","protected":false},"excerpt":{"rendered":"<p>M\u0113s ticam, ka pareiza \u0101das kop\u0161ana var ne tikai uzlabot j\u016bsu \u0101das st\u0101vokli, bet ar\u012b sniegt jums p\u0101rliec\u012bbu un prieku par ikdienas skaistumkop\u0161anas ritu\u0101liem. M\u0113s pied\u0101v\u0101jam pla\u0161u\u00a0 skaistumkop\u0161anas produktu kl\u0101stu, s\u0101kot no att\u012bro\u0161iem geliem un tonikiem l\u012bdz mitrino\u0161iem kr\u0113miem un mask\u0101m. Visi m\u016bsu veikal\u0101 pied\u0101v\u0101tie produkti ir r\u016bp\u012bgi p\u0101rbaud\u012bti un atbilst starptautiskajiem kvalit\u0101tes standartiem. M\u0113s [&hellip;]<\/p>\n","protected":false},"author":1,"featured_media":0,"parent":0,"menu_order":0,"comment_status":"closed","ping_status":"closed","template":"","meta":{"site-sidebar-layout":"default","site-content-layout":"","ast-site-content-layout":"","site-content-style":"default","site-sidebar-style":"default","ast-global-header-display":"","ast-banner-title-visibility":"","ast-main-header-display":"","ast-hfb-above-header-display":"","ast-hfb-below-header-display":"","ast-hfb-mobile-header-display":"","site-post-title":"","ast-breadcrumbs-content":"","ast-featured-img":"","footer-sml-layout":"","theme-transparent-header-meta":"","adv-header-id-meta":"","stick-header-meta":"","header-above-stick-meta":"","header-main-stick-meta":"","header-below-stick-meta":"","astra-migrate-meta-layouts":"default","ast-page-background-enabled":"default","ast-page-background-meta":{"desktop":{"background-color":"var(--ast-global-color-4)","background-image":"","background-repeat":"repeat","background-position":"center center","background-size":"auto","background-attachment":"scroll","background-type":"","background-media":"","overlay-type":"","overlay-color":"","overlay-opacity":"","overlay-gradient":""},"tablet":{"background-color":"","background-image":"","background-repeat":"repeat","background-position":"center center","background-size":"auto","background-attachment":"scroll","background-type":"","background-media":"","overlay-type":"","overlay-color":"","overlay-opacity":"","overlay-gradient":""},"mobile":{"background-color":"","background-image":"","background-repeat":"repeat","background-position":"center center","background-size":"auto","background-attachment":"scroll","background-type":"","background-media":"","overlay-type":"","overlay-color":"","overlay-opacity":"","overlay-gradient":""}},"ast-content-background-meta":{"desktop":{"background-color":"var(--ast-global-color-5)","background-image":"","background-repeat":"repeat","background-position":"center center","background-size":"auto","background-attachment":"scroll","background-type":"","background-media":"","overlay-type":"","overlay-color":"","overlay-opacity":"","overlay-gradient":""},"tablet":{"background-color":"var(--ast-global-color-5)","background-image":"","background-repeat":"repeat","background-position":"center center","background-size":"auto","background-attachment":"scroll","background-type":"","background-media":"","overlay-type":"","overlay-color":"","overlay-opacity":"","overlay-gradient":""},"mobile":{"background-color":"var(--ast-global-color-5)","background-image":"","background-repeat":"repeat","background-position":"center center","background-size":"auto","background-attachment":"scroll","background-type":"","background-media":"","overlay-type":"","overlay-color":"","overlay-opacity":"","overlay-gradient":""}},"footnotes":""},"class_list":["post-2385","page","type-page","status-publish","hentry"],"yoast_head":"<!-- This site is optimized with the Yoast SEO plugin v27.4 - https:\/\/yoast.com\/product\/yoast-seo-wordpress\/ -->\n<title>Par mums - FACECORNER<\/title>\n<meta name=\"robots\" content=\"index, follow, max-snippet:-1, max-image-preview:large, max-video-preview:-1\" \/>\n<link rel=\"canonical\" href=\"https:\/\/www.facecorner.lv\/lv\/par-mums\/\" \/>\n<meta property=\"og:locale\" content=\"lv_LV\" \/>\n<meta property=\"og:type\" content=\"article\" \/>\n<meta property=\"og:title\" content=\"Par mums - FACECORNER\" \/>\n<meta property=\"og:description\" content=\"M\u0113s ticam, ka pareiza \u0101das kop\u0161ana var ne tikai uzlabot j\u016bsu \u0101das st\u0101vokli, bet ar\u012b sniegt jums p\u0101rliec\u012bbu un prieku par ikdienas skaistumkop\u0161anas ritu\u0101liem. M\u0113s pied\u0101v\u0101jam pla\u0161u\u00a0 skaistumkop\u0161anas produktu kl\u0101stu, s\u0101kot no att\u012bro\u0161iem geliem un tonikiem l\u012bdz mitrino\u0161iem kr\u0113miem un mask\u0101m. Visi m\u016bsu veikal\u0101 pied\u0101v\u0101tie produkti ir r\u016bp\u012bgi p\u0101rbaud\u012bti un atbilst starptautiskajiem kvalit\u0101tes standartiem. M\u0113s [&hellip;]\" \/>\n<meta property=\"og:url\" content=\"https:\/\/www.facecorner.lv\/lv\/par-mums\/\" \/>\n<meta property=\"og:site_name\" content=\"FACECORNER\" \/>\n<meta property=\"article:publisher\" content=\"https:\/\/www.facebook.com\/profile.php?id=100063824551839\" \/>\n<meta property=\"article:modified_time\" content=\"2024-12-08T20:39:32+00:00\" \/>\n<meta property=\"og:image\" content=\"https:\/\/www.facecorner.lv\/wp-content\/uploads\/2024\/12\/sg-11134207-7rd5e-lwy71w5obvraae.jpeg\" \/>\n\t<meta property=\"og:image:width\" content=\"660\" \/>\n\t<meta property=\"og:image:height\" content=\"660\" \/>\n\t<meta property=\"og:image:type\" content=\"image\/jpeg\" \/>\n<meta name=\"twitter:card\" content=\"summary_large_image\" \/>\n<meta name=\"twitter:label1\" content=\"Est. reading time\" \/>\n\t<meta name=\"twitter:data1\" content=\"2 min\u016btes\" \/>\n<script type=\"application\/ld+json\" class=\"yoast-schema-graph\">{\"@context\":\"https:\\\/\\\/schema.org\",\"@graph\":[{\"@type\":\"WebPage\",\"@id\":\"https:\\\/\\\/www.facecorner.lv\\\/par-mums\\\/\",\"url\":\"https:\\\/\\\/www.facecorner.lv\\\/par-mums\\\/\",\"name\":\"Par mums - FACECORNER\",\"isPartOf\":{\"@id\":\"https:\\\/\\\/www.facecorner.lv\\\/#website\"},\"primaryImageOfPage\":{\"@id\":\"https:\\\/\\\/www.facecorner.lv\\\/par-mums\\\/#primaryimage\"},\"image\":{\"@id\":\"https:\\\/\\\/www.facecorner.lv\\\/par-mums\\\/#primaryimage\"},\"thumbnailUrl\":\"https:\\\/\\\/www.facecorner.lv\\\/wp-content\\\/uploads\\\/2024\\\/12\\\/sg-11134207-7rd5e-lwy71w5obvraae.jpeg\",\"datePublished\":\"2023-03-10T14:28:30+00:00\",\"dateModified\":\"2024-12-08T20:39:32+00:00\",\"breadcrumb\":{\"@id\":\"https:\\\/\\\/www.facecorner.lv\\\/par-mums\\\/#breadcrumb\"},\"inLanguage\":\"lv-LV\",\"potentialAction\":[{\"@type\":\"ReadAction\",\"target\":[\"https:\\\/\\\/www.facecorner.lv\\\/par-mums\\\/\"]}]},{\"@type\":\"ImageObject\",\"inLanguage\":\"lv-LV\",\"@id\":\"https:\\\/\\\/www.facecorner.lv\\\/par-mums\\\/#primaryimage\",\"url\":\"https:\\\/\\\/www.facecorner.lv\\\/wp-content\\\/uploads\\\/2024\\\/12\\\/sg-11134207-7rd5e-lwy71w5obvraae.jpeg\",\"contentUrl\":\"https:\\\/\\\/www.facecorner.lv\\\/wp-content\\\/uploads\\\/2024\\\/12\\\/sg-11134207-7rd5e-lwy71w5obvraae.jpeg\"},{\"@type\":\"BreadcrumbList\",\"@id\":\"https:\\\/\\\/www.facecorner.lv\\\/par-mums\\\/#breadcrumb\",\"itemListElement\":[{\"@type\":\"ListItem\",\"position\":1,\"name\":\"Home\",\"item\":\"https:\\\/\\\/www.facecorner.lv\\\/\"},{\"@type\":\"ListItem\",\"position\":2,\"name\":\"Par mums\"}]},{\"@type\":\"WebSite\",\"@id\":\"https:\\\/\\\/www.facecorner.lv\\\/#website\",\"url\":\"https:\\\/\\\/www.facecorner.lv\\\/\",\"name\":\"Facecorner\",\"description\":\"\",\"publisher\":{\"@id\":\"https:\\\/\\\/www.facecorner.lv\\\/#organization\"},\"potentialAction\":[{\"@type\":\"SearchAction\",\"target\":{\"@type\":\"EntryPoint\",\"urlTemplate\":\"https:\\\/\\\/www.facecorner.lv\\\/?s={search_term_string}\"},\"query-input\":{\"@type\":\"PropertyValueSpecification\",\"valueRequired\":true,\"valueName\":\"search_term_string\"}}],\"inLanguage\":\"lv-LV\"},{\"@type\":\"Organization\",\"@id\":\"https:\\\/\\\/www.facecorner.lv\\\/#organization\",\"name\":\"Facecorner\",\"url\":\"https:\\\/\\\/www.facecorner.lv\\\/\",\"logo\":{\"@type\":\"ImageObject\",\"inLanguage\":\"lv-LV\",\"@id\":\"https:\\\/\\\/www.facecorner.lv\\\/#\\\/schema\\\/logo\\\/image\\\/\",\"url\":\"https:\\\/\\\/www.facecorner.lv\\\/wp-content\\\/uploads\\\/2024\\\/04\\\/fc-logo.jpg\",\"contentUrl\":\"https:\\\/\\\/www.facecorner.lv\\\/wp-content\\\/uploads\\\/2024\\\/04\\\/fc-logo.jpg\",\"width\":174,\"height\":28,\"caption\":\"Facecorner\"},\"image\":{\"@id\":\"https:\\\/\\\/www.facecorner.lv\\\/#\\\/schema\\\/logo\\\/image\\\/\"},\"sameAs\":[\"https:\\\/\\\/www.facebook.com\\\/profile.php?id=100063824551839\",\"https:\\\/\\\/www.instagram.com\\\/facecorner_shop\\\/\"]}]}<\/script>\n<!-- \/ Yoast SEO plugin. -->","yoast_head_json":{"title":"Par mums - FACECORNER","robots":{"index":"index","follow":"follow","max-snippet":"max-snippet:-1","max-image-preview":"max-image-preview:large","max-video-preview":"max-video-preview:-1"},"canonical":"https:\/\/www.facecorner.lv\/lv\/par-mums\/","og_locale":"lv_LV","og_type":"article","og_title":"Par mums - FACECORNER","og_description":"M\u0113s ticam, ka pareiza \u0101das kop\u0161ana var ne tikai uzlabot j\u016bsu \u0101das st\u0101vokli, bet ar\u012b sniegt jums p\u0101rliec\u012bbu un prieku par ikdienas skaistumkop\u0161anas ritu\u0101liem. M\u0113s pied\u0101v\u0101jam pla\u0161u\u00a0 skaistumkop\u0161anas produktu kl\u0101stu, s\u0101kot no att\u012bro\u0161iem geliem un tonikiem l\u012bdz mitrino\u0161iem kr\u0113miem un mask\u0101m. Visi m\u016bsu veikal\u0101 pied\u0101v\u0101tie produkti ir r\u016bp\u012bgi p\u0101rbaud\u012bti un atbilst starptautiskajiem kvalit\u0101tes standartiem. M\u0113s [&hellip;]","og_url":"https:\/\/www.facecorner.lv\/lv\/par-mums\/","og_site_name":"FACECORNER","article_publisher":"https:\/\/www.facebook.com\/profile.php?id=100063824551839","article_modified_time":"2024-12-08T20:39:32+00:00","og_image":[{"width":660,"height":660,"url":"https:\/\/www.facecorner.lv\/wp-content\/uploads\/2024\/12\/sg-11134207-7rd5e-lwy71w5obvraae.jpeg","type":"image\/jpeg"}],"twitter_card":"summary_large_image","twitter_misc":{"Est. reading time":"2 min\u016btes"},"schema":{"@context":"https:\/\/schema.org","@graph":[{"@type":"WebPage","@id":"https:\/\/www.facecorner.lv\/par-mums\/","url":"https:\/\/www.facecorner.lv\/par-mums\/","name":"Par mums - FACECORNER","isPartOf":{"@id":"https:\/\/www.facecorner.lv\/#website"},"primaryImageOfPage":{"@id":"https:\/\/www.facecorner.lv\/par-mums\/#primaryimage"},"image":{"@id":"https:\/\/www.facecorner.lv\/par-mums\/#primaryimage"},"thumbnailUrl":"https:\/\/www.facecorner.lv\/wp-content\/uploads\/2024\/12\/sg-11134207-7rd5e-lwy71w5obvraae.jpeg","datePublished":"2023-03-10T14:28:30+00:00","dateModified":"2024-12-08T20:39:32+00:00","breadcrumb":{"@id":"https:\/\/www.facecorner.lv\/par-mums\/#breadcrumb"},"inLanguage":"lv-LV","potentialAction":[{"@type":"ReadAction","target":["https:\/\/www.facecorner.lv\/par-mums\/"]}]},{"@type":"ImageObject","inLanguage":"lv-LV","@id":"https:\/\/www.facecorner.lv\/par-mums\/#primaryimage","url":"https:\/\/www.facecorner.lv\/wp-content\/uploads\/2024\/12\/sg-11134207-7rd5e-lwy71w5obvraae.jpeg","contentUrl":"https:\/\/www.facecorner.lv\/wp-content\/uploads\/2024\/12\/sg-11134207-7rd5e-lwy71w5obvraae.jpeg"},{"@type":"BreadcrumbList","@id":"https:\/\/www.facecorner.lv\/par-mums\/#breadcrumb","itemListElement":[{"@type":"ListItem","position":1,"name":"Home","item":"https:\/\/www.facecorner.lv\/"},{"@type":"ListItem","position":2,"name":"Par mums"}]},{"@type":"WebSite","@id":"https:\/\/www.facecorner.lv\/#website","url":"https:\/\/www.facecorner.lv\/","name":"Facecorner","description":"","publisher":{"@id":"https:\/\/www.facecorner.lv\/#organization"},"potentialAction":[{"@type":"SearchAction","target":{"@type":"EntryPoint","urlTemplate":"https:\/\/www.facecorner.lv\/?s={search_term_string}"},"query-input":{"@type":"PropertyValueSpecification","valueRequired":true,"valueName":"search_term_string"}}],"inLanguage":"lv-LV"},{"@type":"Organization","@id":"https:\/\/www.facecorner.lv\/#organization","name":"Facecorner","url":"https:\/\/www.facecorner.lv\/","logo":{"@type":"ImageObject","inLanguage":"lv-LV","@id":"https:\/\/www.facecorner.lv\/#\/schema\/logo\/image\/","url":"https:\/\/www.facecorner.lv\/wp-content\/uploads\/2024\/04\/fc-logo.jpg","contentUrl":"https:\/\/www.facecorner.lv\/wp-content\/uploads\/2024\/04\/fc-logo.jpg","width":174,"height":28,"caption":"Facecorner"},"image":{"@id":"https:\/\/www.facecorner.lv\/#\/schema\/logo\/image\/"},"sameAs":["https:\/\/www.facebook.com\/profile.php?id=100063824551839","https:\/\/www.instagram.com\/facecorner_shop\/"]}]}},"rttpg_featured_image_url":null,"rttpg_author":{"display_name":"faceadm","author_link":"https:\/\/www.facecorner.lv\/lv\/author\/faceadm\/"},"rttpg_comment":0,"rttpg_category":null,"rttpg_excerpt":"M\u0113s ticam, ka pareiza \u0101das kop\u0161ana var ne tikai uzlabot j\u016bsu \u0101das st\u0101vokli, bet ar\u012b sniegt jums p\u0101rliec\u012bbu un prieku par ikdienas skaistumkop\u0161anas ritu\u0101liem. M\u0113s pied\u0101v\u0101jam pla\u0161u\u00a0 skaistumkop\u0161anas produktu kl\u0101stu, s\u0101kot no att\u012bro\u0161iem geliem un tonikiem l\u012bdz mitrino\u0161iem kr\u0113miem un mask\u0101m. Visi m\u016bsu veikal\u0101 pied\u0101v\u0101tie produkti ir r\u016bp\u012bgi p\u0101rbaud\u012bti un atbilst starptautiskajiem kvalit\u0101tes standartiem. M\u0113s&hellip;","_links":{"self":[{"href":"https:\/\/www.facecorner.lv\/lv\/wp-json\/wp\/v2\/pages\/2385","targetHints":{"allow":["GET"]}}],"collection":[{"href":"https:\/\/www.facecorner.lv\/lv\/wp-json\/wp\/v2\/pages"}],"about":[{"href":"https:\/\/www.facecorner.lv\/lv\/wp-json\/wp\/v2\/types\/page"}],"author":[{"embeddable":true,"href":"https:\/\/www.facecorner.lv\/lv\/wp-json\/wp\/v2\/users\/1"}],"replies":[{"embeddable":true,"href":"https:\/\/www.facecorner.lv\/lv\/wp-json\/wp\/v2\/comments?post=2385"}],"version-history":[{"count":46,"href":"https:\/\/www.facecorner.lv\/lv\/wp-json\/wp\/v2\/pages\/2385\/revisions"}],"predecessor-version":[{"id":22588,"href":"https:\/\/www.facecorner.lv\/lv\/wp-json\/wp\/v2\/pages\/2385\/revisions\/22588"}],"wp:attachment":[{"href":"https:\/\/www.facecorner.lv\/lv\/wp-json\/wp\/v2\/media?parent=2385"}],"curies":[{"name":"wp","href":"https:\/\/api.w.org\/{rel}","templated":true}]}}