{"id":9325,"date":"2023-04-01T18:56:07","date_gmt":"2023-04-01T16:56:07","guid":{"rendered":"https:\/\/facecorner.shop\/?post_type=product&#038;p=9325"},"modified":"2023-04-14T13:36:36","modified_gmt":"2023-04-14T11:36:36","slug":"some-by-mi-galactomyces-pure-vitamin-c-glow-toner-200ml","status":"publish","type":"product","link":"https:\/\/www.facecorner.lv\/en\/shop\/some-by-mi-galactomyces-pure-vitamin-c-glow-toner-200ml\/","title":{"rendered":"Some By Mi Galactomyces Pure Vitamin C Glow Toner 200ml"},"content":{"rendered":"<p>Some By Mi Galactomyces Pure Vitamin C Glow Toner bl\u0101vai un noguru\u0161ai \u0101dai.<\/p>\n<p>Produkts efekt\u012bvi izl\u012bdzina \u0101das toni, uzlabo sejas kr\u0101su, maigi izgaismo, nov\u0113r\u0161 aps\u0101rtumu un pal\u012bdz c\u012b\u0146\u0101 pret pigment\u0101ciju. Balina p\u0113caknes, stagn\u0113jo\u0161us plankumus un nov\u0113r\u0161 pigment\u0101cijas par\u0101d\u012b\u0161anos. Tonikam piem\u012bt viegls p\u012blinga efekts, smalki pul\u0113 epidermas virsmu, m\u012bkstina un izl\u012bdzina.<\/p>\n<p>Uztur optim\u0101lu mitrin\u0101\u0161anas l\u012bmeni, toniz\u0113 un atjauno \u0101dai vesel\u012bgu mirdzumu. Maigi izgaismo, uzlabo \u0101das elast\u012bbu un aktiviz\u0113 atjauno\u0161anas procesus.<\/p>\n<p>Produktam ir \u013coti koncentr\u0113ts sast\u0101vs efekt\u012bvai \u0101das apgaismo\u0161anai &#8211; galaktom\u012bzes enz\u012bms (88%), C vitam\u012bns (10 000 ppm) un vitam\u012bnu komplekss.<\/p>\n<p>Toneris ir ieteicams \u012bpa\u0161niekiem:<\/p>\n<ul>\n<li>Uneven skin tone;<\/li>\n<li>Bl\u0101va un nogurusi \u0101da ar pel\u0113c\u012bgu nokr\u0101su;<\/li>\n<li>\u0100da ar vecuma plankumiem un p\u0113cp\u016bt\u012bt\u0113m;<\/li>\n<li>Dehidr\u0113ta \u0101da ar p\u012blingu.<\/li>\n<\/ul>\n<p><strong>How to use:<\/strong> Uzkl\u0101jiet nepiecie\u0161amo tonera daudzumu uz plaukst\u0101m un uzkl\u0101jiet uz \u0101das ar viegl\u0101m gl\u0101sto\u0161\u0101m kust\u012bb\u0101m.<\/p>\n<p class=\"translation-block\">Ingredientes:<\/p>","protected":false},"excerpt":{"rendered":"<p>Some By Mi Galactomyces Pure Vitamin C Glow Toner bl\u0101vai un noguru\u0161ai \u0101dai. Produkts efekt\u012bvi izl\u012bdzina \u0101das toni, uzlabo sejas kr\u0101su, maigi izgaismo, nov\u0113r\u0161 aps\u0101rtumu un pal\u012bdz c\u012b\u0146\u0101 pret pigment\u0101ciju. Balina p\u0113caknes, stagn\u0113jo\u0161us plankumus un nov\u0113r\u0161 pigment\u0101cijas par\u0101d\u012b\u0161anos. Tonikam piem\u012bt viegls p\u012blinga efekts, smalki pul\u0113 epidermas virsmu, m\u012bkstina un izl\u012bdzina. Uztur optim\u0101lu mitrin\u0101\u0161anas l\u012bmeni, toniz\u0113 [&hellip;]<\/p>\n","protected":false},"featured_media":9326,"comment_status":"open","ping_status":"closed","template":"","meta":{"site-sidebar-layout":"default","site-content-layout":"","ast-site-content-layout":"","site-content-style":"default","site-sidebar-style":"default","ast-global-header-display":"","ast-banner-title-visibility":"","ast-main-header-display":"","ast-hfb-above-header-display":"","ast-hfb-below-header-display":"","ast-hfb-mobile-header-display":"","site-post-title":"","ast-breadcrumbs-content":"","ast-featured-img":"","footer-sml-layout":"","theme-transparent-header-meta":"","adv-header-id-meta":"","stick-header-meta":"","header-above-stick-meta":"","header-main-stick-meta":"","header-below-stick-meta":"","astra-migrate-meta-layouts":"default","ast-page-background-enabled":"default","ast-page-background-meta":{"desktop":{"background-color":"var(--ast-global-color-4)","background-image":"","background-repeat":"repeat","background-position":"center center","background-size":"auto","background-attachment":"scroll","background-type":"","background-media":"","overlay-type":"","overlay-color":"","overlay-opacity":"","overlay-gradient":""},"tablet":{"background-color":"","background-image":"","background-repeat":"repeat","background-position":"center center","background-size":"auto","background-attachment":"scroll","background-type":"","background-media":"","overlay-type":"","overlay-color":"","overlay-opacity":"","overlay-gradient":""},"mobile":{"background-color":"","background-image":"","background-repeat":"repeat","background-position":"center center","background-size":"auto","background-attachment":"scroll","background-type":"","background-media":"","overlay-type":"","overlay-color":"","overlay-opacity":"","overlay-gradient":""}},"ast-content-background-meta":{"desktop":{"background-color":"var(--ast-global-color-5)","background-image":"","background-repeat":"repeat","background-position":"center center","background-size":"auto","background-attachment":"scroll","background-type":"","background-media":"","overlay-type":"","overlay-color":"","overlay-opacity":"","overlay-gradient":""},"tablet":{"background-color":"var(--ast-global-color-5)","background-image":"","background-repeat":"repeat","background-position":"center center","background-size":"auto","background-attachment":"scroll","background-type":"","background-media":"","overlay-type":"","overlay-color":"","overlay-opacity":"","overlay-gradient":""},"mobile":{"background-color":"var(--ast-global-color-5)","background-image":"","background-repeat":"repeat","background-position":"center center","background-size":"auto","background-attachment":"scroll","background-type":"","background-media":"","overlay-type":"","overlay-color":"","overlay-opacity":"","overlay-gradient":""}}},"product_brand":[],"product_cat":[375,380,378,379,364,376],"product_tag":[],"berocket_brand":[],"class_list":{"0":"post-9325","1":"product","2":"type-product","3":"status-publish","4":"has-post-thumbnail","6":"product_cat-jutigai-adai-toneri","7":"product_cat-kombinetai-adai","8":"product_cat-sausai-adai-toneri","9":"product_cat-sausai-adai-anti-age","10":"product_cat-toneri","11":"product_cat-kombinetai-adai-toneri","12":"desktop-align-left","13":"tablet-align-left","14":"mobile-align-left","16":"first","17":"outofstock","18":"taxable","19":"shipping-taxable","20":"purchasable","21":"product-type-simple","22":"add-to-wishlist-before_image"},"yoast_head":"<!-- This site is optimized with the Yoast SEO plugin v27.4 - https:\/\/yoast.com\/product\/yoast-seo-wordpress\/ -->\n<title>Some By Mi Galactomyces Pure Vitamin C Glow Toner 200ml - FACECORNER<\/title>\n<meta name=\"robots\" content=\"index, follow, max-snippet:-1, max-image-preview:large, max-video-preview:-1\" \/>\n<link rel=\"canonical\" href=\"https:\/\/www.facecorner.lv\/en\/shop\/some-by-mi-galactomyces-pure-vitamin-c-glow-toner-200ml\/\" \/>\n<meta property=\"og:locale\" content=\"en_US\" \/>\n<meta property=\"og:type\" content=\"article\" \/>\n<meta property=\"og:title\" content=\"Some By Mi Galactomyces Pure Vitamin C Glow Toner 200ml - FACECORNER\" \/>\n<meta property=\"og:description\" content=\"Some By Mi Galactomyces Pure Vitamin C Glow Toner bl\u0101vai un noguru\u0161ai \u0101dai. Produkts efekt\u012bvi izl\u012bdzina \u0101das toni, uzlabo sejas kr\u0101su, maigi izgaismo, nov\u0113r\u0161 aps\u0101rtumu un pal\u012bdz c\u012b\u0146\u0101 pret pigment\u0101ciju. Balina p\u0113caknes, stagn\u0113jo\u0161us plankumus un nov\u0113r\u0161 pigment\u0101cijas par\u0101d\u012b\u0161anos. Tonikam piem\u012bt viegls p\u012blinga efekts, smalki pul\u0113 epidermas virsmu, m\u012bkstina un izl\u012bdzina. Uztur optim\u0101lu mitrin\u0101\u0161anas l\u012bmeni, toniz\u0113 [&hellip;]\" \/>\n<meta property=\"og:url\" content=\"https:\/\/www.facecorner.lv\/en\/shop\/some-by-mi-galactomyces-pure-vitamin-c-glow-toner-200ml\/\" \/>\n<meta property=\"og:site_name\" content=\"FACECORNER\" \/>\n<meta property=\"article:publisher\" content=\"https:\/\/www.facebook.com\/profile.php?id=100063824551839\" \/>\n<meta property=\"article:modified_time\" content=\"2023-04-14T11:36:36+00:00\" \/>\n<meta property=\"og:image\" content=\"https:\/\/www.facecorner.lv\/wp-content\/uploads\/2023\/04\/2877212615_toner-dlya-litsa.jpg.webp\" \/>\n\t<meta property=\"og:image:width\" content=\"1000\" \/>\n\t<meta property=\"og:image:height\" content=\"1000\" \/>\n\t<meta property=\"og:image:type\" content=\"image\/webp\" \/>\n<meta name=\"twitter:card\" content=\"summary_large_image\" \/>\n<meta name=\"twitter:label1\" content=\"Price\" \/>\n\t<meta name=\"twitter:data1\" content=\"&euro;25.00\" \/>\n\t<meta name=\"twitter:label2\" content=\"Availability\" \/>\n\t<meta name=\"twitter:data2\" content=\"Out of stock\" \/>\n<script type=\"application\/ld+json\" class=\"yoast-schema-graph\">{\"@context\":\"https:\\\/\\\/schema.org\",\"@graph\":[{\"@type\":\"WebPage\",\"@id\":\"https:\\\/\\\/www.facecorner.lv\\\/shop\\\/some-by-mi-galactomyces-pure-vitamin-c-glow-toner-200ml\\\/\",\"url\":\"https:\\\/\\\/www.facecorner.lv\\\/shop\\\/some-by-mi-galactomyces-pure-vitamin-c-glow-toner-200ml\\\/\",\"name\":\"Some By Mi Galactomyces Pure Vitamin C Glow Toner 200ml - FACECORNER\",\"isPartOf\":{\"@id\":\"https:\\\/\\\/www.facecorner.lv\\\/#website\"},\"primaryImageOfPage\":{\"@id\":\"https:\\\/\\\/www.facecorner.lv\\\/shop\\\/some-by-mi-galactomyces-pure-vitamin-c-glow-toner-200ml\\\/#primaryimage\"},\"image\":{\"@id\":\"https:\\\/\\\/www.facecorner.lv\\\/shop\\\/some-by-mi-galactomyces-pure-vitamin-c-glow-toner-200ml\\\/#primaryimage\"},\"thumbnailUrl\":\"https:\\\/\\\/www.facecorner.lv\\\/wp-content\\\/uploads\\\/2023\\\/04\\\/2877212615_toner-dlya-litsa.jpg.webp\",\"datePublished\":\"2023-04-01T16:56:07+00:00\",\"dateModified\":\"2023-04-14T11:36:36+00:00\",\"breadcrumb\":{\"@id\":\"https:\\\/\\\/www.facecorner.lv\\\/shop\\\/some-by-mi-galactomyces-pure-vitamin-c-glow-toner-200ml\\\/#breadcrumb\"},\"inLanguage\":\"en-US\",\"potentialAction\":[{\"@type\":\"ReadAction\",\"target\":[\"https:\\\/\\\/www.facecorner.lv\\\/shop\\\/some-by-mi-galactomyces-pure-vitamin-c-glow-toner-200ml\\\/\"]}]},{\"@type\":\"ImageObject\",\"inLanguage\":\"en-US\",\"@id\":\"https:\\\/\\\/www.facecorner.lv\\\/shop\\\/some-by-mi-galactomyces-pure-vitamin-c-glow-toner-200ml\\\/#primaryimage\",\"url\":\"https:\\\/\\\/www.facecorner.lv\\\/wp-content\\\/uploads\\\/2023\\\/04\\\/2877212615_toner-dlya-litsa.jpg.webp\",\"contentUrl\":\"https:\\\/\\\/www.facecorner.lv\\\/wp-content\\\/uploads\\\/2023\\\/04\\\/2877212615_toner-dlya-litsa.jpg.webp\",\"width\":1000,\"height\":1000},{\"@type\":\"BreadcrumbList\",\"@id\":\"https:\\\/\\\/www.facecorner.lv\\\/shop\\\/some-by-mi-galactomyces-pure-vitamin-c-glow-toner-200ml\\\/#breadcrumb\",\"itemListElement\":[{\"@type\":\"ListItem\",\"position\":1,\"name\":\"Home\",\"item\":\"https:\\\/\\\/www.facecorner.lv\\\/\"},{\"@type\":\"ListItem\",\"position\":2,\"name\":\"Veikals\",\"item\":\"https:\\\/\\\/www.facecorner.lv\\\/shop\\\/\"},{\"@type\":\"ListItem\",\"position\":3,\"name\":\"Some By Mi Galactomyces Pure Vitamin C Glow Toner 200ml\"}]},{\"@type\":\"WebSite\",\"@id\":\"https:\\\/\\\/www.facecorner.lv\\\/#website\",\"url\":\"https:\\\/\\\/www.facecorner.lv\\\/\",\"name\":\"Facecorner\",\"description\":\"\",\"publisher\":{\"@id\":\"https:\\\/\\\/www.facecorner.lv\\\/#organization\"},\"potentialAction\":[{\"@type\":\"SearchAction\",\"target\":{\"@type\":\"EntryPoint\",\"urlTemplate\":\"https:\\\/\\\/www.facecorner.lv\\\/?s={search_term_string}\"},\"query-input\":{\"@type\":\"PropertyValueSpecification\",\"valueRequired\":true,\"valueName\":\"search_term_string\"}}],\"inLanguage\":\"en-US\"},{\"@type\":\"Organization\",\"@id\":\"https:\\\/\\\/www.facecorner.lv\\\/#organization\",\"name\":\"Facecorner\",\"url\":\"https:\\\/\\\/www.facecorner.lv\\\/\",\"logo\":{\"@type\":\"ImageObject\",\"inLanguage\":\"en-US\",\"@id\":\"https:\\\/\\\/www.facecorner.lv\\\/#\\\/schema\\\/logo\\\/image\\\/\",\"url\":\"https:\\\/\\\/www.facecorner.lv\\\/wp-content\\\/uploads\\\/2024\\\/04\\\/fc-logo.jpg\",\"contentUrl\":\"https:\\\/\\\/www.facecorner.lv\\\/wp-content\\\/uploads\\\/2024\\\/04\\\/fc-logo.jpg\",\"width\":174,\"height\":28,\"caption\":\"Facecorner\"},\"image\":{\"@id\":\"https:\\\/\\\/www.facecorner.lv\\\/#\\\/schema\\\/logo\\\/image\\\/\"},\"sameAs\":[\"https:\\\/\\\/www.facebook.com\\\/profile.php?id=100063824551839\",\"https:\\\/\\\/www.instagram.com\\\/facecorner_shop\\\/\"]}]}<\/script>\n<meta property=\"product:price:amount\" content=\"25.00\" \/>\n<meta property=\"product:price:currency\" content=\"EUR\" \/>\n<meta property=\"og:availability\" content=\"out of stock\" \/>\n<meta property=\"product:availability\" content=\"out of stock\" \/>\n<meta property=\"product:condition\" content=\"new\" \/>\n<!-- \/ Yoast SEO plugin. -->","yoast_head_json":{"title":"Some By Mi Galactomyces Pure Vitamin C Glow Toner 200ml - FACECORNER","robots":{"index":"index","follow":"follow","max-snippet":"max-snippet:-1","max-image-preview":"max-image-preview:large","max-video-preview":"max-video-preview:-1"},"canonical":"https:\/\/www.facecorner.lv\/en\/shop\/some-by-mi-galactomyces-pure-vitamin-c-glow-toner-200ml\/","og_locale":"en_US","og_type":"article","og_title":"Some By Mi Galactomyces Pure Vitamin C Glow Toner 200ml - FACECORNER","og_description":"Some By Mi Galactomyces Pure Vitamin C Glow Toner bl\u0101vai un noguru\u0161ai \u0101dai. Produkts efekt\u012bvi izl\u012bdzina \u0101das toni, uzlabo sejas kr\u0101su, maigi izgaismo, nov\u0113r\u0161 aps\u0101rtumu un pal\u012bdz c\u012b\u0146\u0101 pret pigment\u0101ciju. Balina p\u0113caknes, stagn\u0113jo\u0161us plankumus un nov\u0113r\u0161 pigment\u0101cijas par\u0101d\u012b\u0161anos. Tonikam piem\u012bt viegls p\u012blinga efekts, smalki pul\u0113 epidermas virsmu, m\u012bkstina un izl\u012bdzina. Uztur optim\u0101lu mitrin\u0101\u0161anas l\u012bmeni, toniz\u0113 [&hellip;]","og_url":"https:\/\/www.facecorner.lv\/en\/shop\/some-by-mi-galactomyces-pure-vitamin-c-glow-toner-200ml\/","og_site_name":"FACECORNER","article_publisher":"https:\/\/www.facebook.com\/profile.php?id=100063824551839","article_modified_time":"2023-04-14T11:36:36+00:00","og_image":[{"width":1000,"height":1000,"url":"https:\/\/www.facecorner.lv\/wp-content\/uploads\/2023\/04\/2877212615_toner-dlya-litsa.jpg.webp","type":"image\/webp"}],"twitter_card":"summary_large_image","twitter_misc":{"Price":"&euro;25.00","Availability":"Out of stock"},"schema":{"@context":"https:\/\/schema.org","@graph":[{"@type":"WebPage","@id":"https:\/\/www.facecorner.lv\/shop\/some-by-mi-galactomyces-pure-vitamin-c-glow-toner-200ml\/","url":"https:\/\/www.facecorner.lv\/shop\/some-by-mi-galactomyces-pure-vitamin-c-glow-toner-200ml\/","name":"Some By Mi Galactomyces Pure Vitamin C Glow Toner 200ml - FACECORNER","isPartOf":{"@id":"https:\/\/www.facecorner.lv\/#website"},"primaryImageOfPage":{"@id":"https:\/\/www.facecorner.lv\/shop\/some-by-mi-galactomyces-pure-vitamin-c-glow-toner-200ml\/#primaryimage"},"image":{"@id":"https:\/\/www.facecorner.lv\/shop\/some-by-mi-galactomyces-pure-vitamin-c-glow-toner-200ml\/#primaryimage"},"thumbnailUrl":"https:\/\/www.facecorner.lv\/wp-content\/uploads\/2023\/04\/2877212615_toner-dlya-litsa.jpg.webp","datePublished":"2023-04-01T16:56:07+00:00","dateModified":"2023-04-14T11:36:36+00:00","breadcrumb":{"@id":"https:\/\/www.facecorner.lv\/shop\/some-by-mi-galactomyces-pure-vitamin-c-glow-toner-200ml\/#breadcrumb"},"inLanguage":"en-US","potentialAction":[{"@type":"ReadAction","target":["https:\/\/www.facecorner.lv\/shop\/some-by-mi-galactomyces-pure-vitamin-c-glow-toner-200ml\/"]}]},{"@type":"ImageObject","inLanguage":"en-US","@id":"https:\/\/www.facecorner.lv\/shop\/some-by-mi-galactomyces-pure-vitamin-c-glow-toner-200ml\/#primaryimage","url":"https:\/\/www.facecorner.lv\/wp-content\/uploads\/2023\/04\/2877212615_toner-dlya-litsa.jpg.webp","contentUrl":"https:\/\/www.facecorner.lv\/wp-content\/uploads\/2023\/04\/2877212615_toner-dlya-litsa.jpg.webp","width":1000,"height":1000},{"@type":"BreadcrumbList","@id":"https:\/\/www.facecorner.lv\/shop\/some-by-mi-galactomyces-pure-vitamin-c-glow-toner-200ml\/#breadcrumb","itemListElement":[{"@type":"ListItem","position":1,"name":"Home","item":"https:\/\/www.facecorner.lv\/"},{"@type":"ListItem","position":2,"name":"Veikals","item":"https:\/\/www.facecorner.lv\/shop\/"},{"@type":"ListItem","position":3,"name":"Some By Mi Galactomyces Pure Vitamin C Glow Toner 200ml"}]},{"@type":"WebSite","@id":"https:\/\/www.facecorner.lv\/#website","url":"https:\/\/www.facecorner.lv\/","name":"Facecorner","description":"","publisher":{"@id":"https:\/\/www.facecorner.lv\/#organization"},"potentialAction":[{"@type":"SearchAction","target":{"@type":"EntryPoint","urlTemplate":"https:\/\/www.facecorner.lv\/?s={search_term_string}"},"query-input":{"@type":"PropertyValueSpecification","valueRequired":true,"valueName":"search_term_string"}}],"inLanguage":"en-US"},{"@type":"Organization","@id":"https:\/\/www.facecorner.lv\/#organization","name":"Facecorner","url":"https:\/\/www.facecorner.lv\/","logo":{"@type":"ImageObject","inLanguage":"en-US","@id":"https:\/\/www.facecorner.lv\/#\/schema\/logo\/image\/","url":"https:\/\/www.facecorner.lv\/wp-content\/uploads\/2024\/04\/fc-logo.jpg","contentUrl":"https:\/\/www.facecorner.lv\/wp-content\/uploads\/2024\/04\/fc-logo.jpg","width":174,"height":28,"caption":"Facecorner"},"image":{"@id":"https:\/\/www.facecorner.lv\/#\/schema\/logo\/image\/"},"sameAs":["https:\/\/www.facebook.com\/profile.php?id=100063824551839","https:\/\/www.instagram.com\/facecorner_shop\/"]}]},"product_price_amount":"25.00","product_price_currency":"EUR","og_availability":"out of stock","product_availability":"out of stock","product_condition":"new"},"_links":{"self":[{"href":"https:\/\/www.facecorner.lv\/en\/wp-json\/wp\/v2\/product\/9325","targetHints":{"allow":["GET"]}}],"collection":[{"href":"https:\/\/www.facecorner.lv\/en\/wp-json\/wp\/v2\/product"}],"about":[{"href":"https:\/\/www.facecorner.lv\/en\/wp-json\/wp\/v2\/types\/product"}],"replies":[{"embeddable":true,"href":"https:\/\/www.facecorner.lv\/en\/wp-json\/wp\/v2\/comments?post=9325"}],"wp:featuredmedia":[{"embeddable":true,"href":"https:\/\/www.facecorner.lv\/en\/wp-json\/wp\/v2\/media\/9326"}],"wp:attachment":[{"href":"https:\/\/www.facecorner.lv\/en\/wp-json\/wp\/v2\/media?parent=9325"}],"wp:term":[{"taxonomy":"product_brand","embeddable":true,"href":"https:\/\/www.facecorner.lv\/en\/wp-json\/wp\/v2\/product_brand?post=9325"},{"taxonomy":"product_cat","embeddable":true,"href":"https:\/\/www.facecorner.lv\/en\/wp-json\/wp\/v2\/product_cat?post=9325"},{"taxonomy":"product_tag","embeddable":true,"href":"https:\/\/www.facecorner.lv\/en\/wp-json\/wp\/v2\/product_tag?post=9325"},{"taxonomy":"berocket_brand","embeddable":true,"href":"https:\/\/www.facecorner.lv\/en\/wp-json\/wp\/v2\/berocket_brand?post=9325"}],"curies":[{"name":"wp","href":"https:\/\/api.w.org\/{rel}","templated":true}]}}