{"id":9275,"date":"2023-04-01T17:25:22","date_gmt":"2023-04-01T15:25:22","guid":{"rendered":"https:\/\/facecorner.shop\/?post_type=product&#038;p=9275"},"modified":"2024-11-05T22:42:45","modified_gmt":"2024-11-05T19:42:45","slug":"pyunkang-yul-calming-moisture-mist-100ml","status":"publish","type":"product","link":"https:\/\/www.facecorner.lv\/en\/shop\/pyunkang-yul-calming-moisture-mist-100ml\/","title":{"rendered":"PYUNKANG YUL CALMING MIST TONER 100ml"},"content":{"rendered":"<p>Ide\u0101li piem\u0113rots jut\u012bgai un problem\u0101tiskai \u0101dai, Pyunkang Yul Calming Moisture Mist ir dzi\u013ci mitrino\u0161a un nomierino\u0161a migla, kas maigi m\u012bkstina un piepilda \u0101du ar mitrumu, kopj poras un uzlabo \u0101das reljefa tekst\u016bru. Pal\u012bdz uzlabot \u0101das st\u0101vokli no iek\u0161puses un \u0101rpuses, sniedzot nomierino\u0161u efektu, mitrinot \u0101du, k\u0101 ar\u012b atjaunojot t\u0101s vienm\u0113r\u012bgu tonusu un gludumu.<\/p>\n<p>Miglai ir atv\u0113sino\u0161s efekts, \u0101tri nomierina sakairin\u0101tu \u0101du. Atsvaidzino\u0161u un mitrino\u0161u \u016bdens mikroda\u013ci\u0146as saturo\u0161u miglu ir pat\u012bkami izsmidzin\u0101t uz sejas.<\/p>\n<p>Miglas nomierino\u0161o efektu nodro\u0161ina tr\u012bs slavenu nomierino\u0161u sast\u0101vda\u013cu saturs: centella asiatica, t\u0113jas koks un jap\u0101\u0146u sausserdis.<\/p>\n<p><strong>How to use:<\/strong>: izsmidziniet no 20 cm att\u0101luma.Pasitiet ar pirkstu galiem, l\u012bdz piln\u012bb\u0101 uzs\u016bcas. Pateicoties \u016bdens mikroda\u013ci\u0146u saturam, l\u012bdzekli var izsmidzin\u0101t ar\u012b virs dekorat\u012bv\u0101s kosm\u0113tikas.<\/p>\n<p><strong>Ingredientes:\u00a0<\/strong><\/p>\n<div id=\"ProductSection-template--16598857351404__product\" class=\"ptContainer style1 page-width\" data-style=\"style1\" data-section-id=\"template--16598857351404__product\" data-section-type=\"product\" data-enable-history-state=\"true\">\n<div class=\"tabs-listing prTabs wow fadeIn\">\n<div class=\"tab-container\">\n<div id=\"tab3730a3fc-a2a1-41aa-b56c-0b5c9100dba0\" class=\"tab-content rte\">\u0421optis Japonica Root Extract, 1,2-Hexanediol butylene Glycol, Glycerin, Sodium Hyaluronate<\/div>\n<\/div>\n<\/div>\n<\/div>\n<div class=\"page-width\">\n<div><\/div>\n<div id=\"judgeme_product_reviews\" class=\"jdgm-widget jdgm-review-widget jdgm--done-setup-widget\" data-product-title=\"\u0423\u0441\u043f\u043e\u043a\u0430\u0438\u0432\u0430\u044e\u0449\u0438\u0439 \u0443\u0432\u043b\u0430\u0436\u043d\u044f\u044e\u0449\u0438\u0439 \u043c\u0438\u0441\u0442 Pyunkang Yul Calming Moisture Mist\" data-id=\"7647458296044\" data-from-snippet=\"true\" data-auto-install=\"false\">\n<div class=\"jdgm-rev-widg jdgm--js\" data-number-of-reviews=\"0\" data-average-rating=\"0.00\">\n<div class=\"jdgm-rev-widg__header\"><\/div>\n<\/div>\n<\/div>\n<\/div>","protected":false},"excerpt":{"rendered":"<p>Ide\u0101li piem\u0113rots jut\u012bgai un problem\u0101tiskai \u0101dai, Pyunkang Yul Calming Moisture Mist ir dzi\u013ci mitrino\u0161a un nomierino\u0161a migla, kas maigi m\u012bkstina un piepilda \u0101du ar mitrumu, kopj poras un uzlabo \u0101das reljefa tekst\u016bru. Pal\u012bdz uzlabot \u0101das st\u0101vokli no iek\u0161puses un \u0101rpuses, sniedzot nomierino\u0161u efektu, mitrinot \u0101du, k\u0101 ar\u012b atjaunojot t\u0101s vienm\u0113r\u012bgu tonusu un gludumu. Miglai ir [&hellip;]<\/p>\n","protected":false},"featured_media":9276,"comment_status":"open","ping_status":"closed","template":"","meta":{"site-sidebar-layout":"default","site-content-layout":"","ast-site-content-layout":"","site-content-style":"default","site-sidebar-style":"default","ast-global-header-display":"","ast-banner-title-visibility":"","ast-main-header-display":"","ast-hfb-above-header-display":"","ast-hfb-below-header-display":"","ast-hfb-mobile-header-display":"","site-post-title":"","ast-breadcrumbs-content":"","ast-featured-img":"","footer-sml-layout":"","theme-transparent-header-meta":"","adv-header-id-meta":"","stick-header-meta":"","header-above-stick-meta":"","header-main-stick-meta":"","header-below-stick-meta":"","astra-migrate-meta-layouts":"default","ast-page-background-enabled":"default","ast-page-background-meta":{"desktop":{"background-color":"var(--ast-global-color-4)","background-image":"","background-repeat":"repeat","background-position":"center center","background-size":"auto","background-attachment":"scroll","background-type":"","background-media":"","overlay-type":"","overlay-color":"","overlay-opacity":"","overlay-gradient":""},"tablet":{"background-color":"","background-image":"","background-repeat":"repeat","background-position":"center center","background-size":"auto","background-attachment":"scroll","background-type":"","background-media":"","overlay-type":"","overlay-color":"","overlay-opacity":"","overlay-gradient":""},"mobile":{"background-color":"","background-image":"","background-repeat":"repeat","background-position":"center center","background-size":"auto","background-attachment":"scroll","background-type":"","background-media":"","overlay-type":"","overlay-color":"","overlay-opacity":"","overlay-gradient":""}},"ast-content-background-meta":{"desktop":{"background-color":"var(--ast-global-color-5)","background-image":"","background-repeat":"repeat","background-position":"center center","background-size":"auto","background-attachment":"scroll","background-type":"","background-media":"","overlay-type":"","overlay-color":"","overlay-opacity":"","overlay-gradient":""},"tablet":{"background-color":"var(--ast-global-color-5)","background-image":"","background-repeat":"repeat","background-position":"center center","background-size":"auto","background-attachment":"scroll","background-type":"","background-media":"","overlay-type":"","overlay-color":"","overlay-opacity":"","overlay-gradient":""},"mobile":{"background-color":"var(--ast-global-color-5)","background-image":"","background-repeat":"repeat","background-position":"center center","background-size":"auto","background-attachment":"scroll","background-type":"","background-media":"","overlay-type":"","overlay-color":"","overlay-opacity":"","overlay-gradient":""}}},"product_brand":[],"product_cat":[375,380,377,381,378,379,364,376],"product_tag":[],"berocket_brand":[],"class_list":{"0":"post-9275","1":"product","2":"type-product","3":"status-publish","4":"has-post-thumbnail","6":"product_cat-jutigai-adai-toneri","7":"product_cat-kombinetai-adai","8":"product_cat-problematiskai-adai-toneri","9":"product_cat-problematiskai-un-taukainai-adai","10":"product_cat-sausai-adai-toneri","11":"product_cat-sausai-adai-anti-age","12":"product_cat-toneri","13":"product_cat-kombinetai-adai-toneri","14":"desktop-align-left","15":"tablet-align-left","16":"mobile-align-left","18":"first","19":"outofstock","20":"taxable","21":"shipping-taxable","22":"purchasable","23":"product-type-simple","24":"add-to-wishlist-before_image"},"yoast_head":"<!-- This site is optimized with the Yoast SEO plugin v27.3 - https:\/\/yoast.com\/product\/yoast-seo-wordpress\/ -->\n<title>PYUNKANG YUL CALMING MIST TONER 100ml - FACECORNER<\/title>\n<meta name=\"robots\" content=\"index, follow, max-snippet:-1, max-image-preview:large, max-video-preview:-1\" \/>\n<link rel=\"canonical\" href=\"https:\/\/www.facecorner.lv\/en\/shop\/pyunkang-yul-calming-moisture-mist-100ml\/\" \/>\n<meta property=\"og:locale\" content=\"en_US\" \/>\n<meta property=\"og:type\" content=\"article\" \/>\n<meta property=\"og:title\" content=\"PYUNKANG YUL CALMING MIST TONER 100ml - FACECORNER\" \/>\n<meta property=\"og:description\" content=\"Ide\u0101li piem\u0113rots jut\u012bgai un problem\u0101tiskai \u0101dai, Pyunkang Yul Calming Moisture Mist ir dzi\u013ci mitrino\u0161a un nomierino\u0161a migla, kas maigi m\u012bkstina un piepilda \u0101du ar mitrumu, kopj poras un uzlabo \u0101das reljefa tekst\u016bru. Pal\u012bdz uzlabot \u0101das st\u0101vokli no iek\u0161puses un \u0101rpuses, sniedzot nomierino\u0161u efektu, mitrinot \u0101du, k\u0101 ar\u012b atjaunojot t\u0101s vienm\u0113r\u012bgu tonusu un gludumu. Miglai ir [&hellip;]\" \/>\n<meta property=\"og:url\" content=\"https:\/\/www.facecorner.lv\/en\/shop\/pyunkang-yul-calming-moisture-mist-100ml\/\" \/>\n<meta property=\"og:site_name\" content=\"FACECORNER\" \/>\n<meta property=\"article:publisher\" content=\"https:\/\/www.facebook.com\/profile.php?id=100063824551839\" \/>\n<meta property=\"article:modified_time\" content=\"2024-11-05T19:42:45+00:00\" \/>\n<meta property=\"og:image\" content=\"https:\/\/www.facecorner.lv\/wp-content\/uploads\/2023\/04\/pyunkang-yul-calming-moisture-mist-100ml-28913247420482.jpg.webp\" \/>\n\t<meta property=\"og:image:width\" content=\"1000\" \/>\n\t<meta property=\"og:image:height\" content=\"1000\" \/>\n\t<meta property=\"og:image:type\" content=\"image\/webp\" \/>\n<meta name=\"twitter:card\" content=\"summary_large_image\" \/>\n<meta name=\"twitter:label1\" content=\"Price\" \/>\n\t<meta name=\"twitter:data1\" content=\"&euro;20.00\" \/>\n\t<meta name=\"twitter:label2\" content=\"Availability\" \/>\n\t<meta name=\"twitter:data2\" content=\"Out of stock\" \/>\n<script type=\"application\/ld+json\" class=\"yoast-schema-graph\">{\"@context\":\"https:\\\/\\\/schema.org\",\"@graph\":[{\"@type\":\"WebPage\",\"@id\":\"https:\\\/\\\/www.facecorner.lv\\\/ru\\\/shop\\\/pyunkang-yul-calming-moisture-mist-100ml\\\/\",\"url\":\"https:\\\/\\\/www.facecorner.lv\\\/ru\\\/shop\\\/pyunkang-yul-calming-moisture-mist-100ml\\\/\",\"name\":\"PYUNKANG YUL CALMING MIST TONER 100ml - FACECORNER\",\"isPartOf\":{\"@id\":\"https:\\\/\\\/www.facecorner.lv\\\/#website\"},\"primaryImageOfPage\":{\"@id\":\"https:\\\/\\\/www.facecorner.lv\\\/ru\\\/shop\\\/pyunkang-yul-calming-moisture-mist-100ml\\\/#primaryimage\"},\"image\":{\"@id\":\"https:\\\/\\\/www.facecorner.lv\\\/ru\\\/shop\\\/pyunkang-yul-calming-moisture-mist-100ml\\\/#primaryimage\"},\"thumbnailUrl\":\"https:\\\/\\\/www.facecorner.lv\\\/wp-content\\\/uploads\\\/2023\\\/04\\\/pyunkang-yul-calming-moisture-mist-100ml-28913247420482.jpg.webp\",\"datePublished\":\"2023-04-01T15:25:22+00:00\",\"dateModified\":\"2024-11-05T19:42:45+00:00\",\"breadcrumb\":{\"@id\":\"https:\\\/\\\/www.facecorner.lv\\\/ru\\\/shop\\\/pyunkang-yul-calming-moisture-mist-100ml\\\/#breadcrumb\"},\"inLanguage\":\"en-US\",\"potentialAction\":[{\"@type\":\"ReadAction\",\"target\":[\"https:\\\/\\\/www.facecorner.lv\\\/ru\\\/shop\\\/pyunkang-yul-calming-moisture-mist-100ml\\\/\"]}]},{\"@type\":\"ImageObject\",\"inLanguage\":\"en-US\",\"@id\":\"https:\\\/\\\/www.facecorner.lv\\\/ru\\\/shop\\\/pyunkang-yul-calming-moisture-mist-100ml\\\/#primaryimage\",\"url\":\"https:\\\/\\\/www.facecorner.lv\\\/wp-content\\\/uploads\\\/2023\\\/04\\\/pyunkang-yul-calming-moisture-mist-100ml-28913247420482.jpg.webp\",\"contentUrl\":\"https:\\\/\\\/www.facecorner.lv\\\/wp-content\\\/uploads\\\/2023\\\/04\\\/pyunkang-yul-calming-moisture-mist-100ml-28913247420482.jpg.webp\",\"width\":1000,\"height\":1000},{\"@type\":\"BreadcrumbList\",\"@id\":\"https:\\\/\\\/www.facecorner.lv\\\/ru\\\/shop\\\/pyunkang-yul-calming-moisture-mist-100ml\\\/#breadcrumb\",\"itemListElement\":[{\"@type\":\"ListItem\",\"position\":1,\"name\":\"Home\",\"item\":\"https:\\\/\\\/www.facecorner.lv\\\/\"},{\"@type\":\"ListItem\",\"position\":2,\"name\":\"Veikals\",\"item\":\"https:\\\/\\\/www.facecorner.lv\\\/shop\\\/\"},{\"@type\":\"ListItem\",\"position\":3,\"name\":\"PYUNKANG YUL CALMING MIST TONER 100ml\"}]},{\"@type\":\"WebSite\",\"@id\":\"https:\\\/\\\/www.facecorner.lv\\\/#website\",\"url\":\"https:\\\/\\\/www.facecorner.lv\\\/\",\"name\":\"Facecorner\",\"description\":\"\",\"publisher\":{\"@id\":\"https:\\\/\\\/www.facecorner.lv\\\/#organization\"},\"potentialAction\":[{\"@type\":\"SearchAction\",\"target\":{\"@type\":\"EntryPoint\",\"urlTemplate\":\"https:\\\/\\\/www.facecorner.lv\\\/?s={search_term_string}\"},\"query-input\":{\"@type\":\"PropertyValueSpecification\",\"valueRequired\":true,\"valueName\":\"search_term_string\"}}],\"inLanguage\":\"en-US\"},{\"@type\":\"Organization\",\"@id\":\"https:\\\/\\\/www.facecorner.lv\\\/#organization\",\"name\":\"Facecorner\",\"url\":\"https:\\\/\\\/www.facecorner.lv\\\/\",\"logo\":{\"@type\":\"ImageObject\",\"inLanguage\":\"en-US\",\"@id\":\"https:\\\/\\\/www.facecorner.lv\\\/#\\\/schema\\\/logo\\\/image\\\/\",\"url\":\"https:\\\/\\\/www.facecorner.lv\\\/wp-content\\\/uploads\\\/2024\\\/04\\\/fc-logo.jpg\",\"contentUrl\":\"https:\\\/\\\/www.facecorner.lv\\\/wp-content\\\/uploads\\\/2024\\\/04\\\/fc-logo.jpg\",\"width\":174,\"height\":28,\"caption\":\"Facecorner\"},\"image\":{\"@id\":\"https:\\\/\\\/www.facecorner.lv\\\/#\\\/schema\\\/logo\\\/image\\\/\"},\"sameAs\":[\"https:\\\/\\\/www.facebook.com\\\/profile.php?id=100063824551839\",\"https:\\\/\\\/www.instagram.com\\\/facecorner_shop\\\/\"]}]}<\/script>\n<meta property=\"product:price:amount\" content=\"20.00\" \/>\n<meta property=\"product:price:currency\" content=\"EUR\" \/>\n<meta property=\"og:availability\" content=\"out of stock\" \/>\n<meta property=\"product:availability\" content=\"out of stock\" \/>\n<meta property=\"product:condition\" content=\"new\" \/>\n<!-- \/ Yoast SEO plugin. -->","yoast_head_json":{"title":"PYUNKANG YUL CALMING MIST TONER 100ml - FACECORNER","robots":{"index":"index","follow":"follow","max-snippet":"max-snippet:-1","max-image-preview":"max-image-preview:large","max-video-preview":"max-video-preview:-1"},"canonical":"https:\/\/www.facecorner.lv\/en\/shop\/pyunkang-yul-calming-moisture-mist-100ml\/","og_locale":"en_US","og_type":"article","og_title":"PYUNKANG YUL CALMING MIST TONER 100ml - FACECORNER","og_description":"Ide\u0101li piem\u0113rots jut\u012bgai un problem\u0101tiskai \u0101dai, Pyunkang Yul Calming Moisture Mist ir dzi\u013ci mitrino\u0161a un nomierino\u0161a migla, kas maigi m\u012bkstina un piepilda \u0101du ar mitrumu, kopj poras un uzlabo \u0101das reljefa tekst\u016bru. Pal\u012bdz uzlabot \u0101das st\u0101vokli no iek\u0161puses un \u0101rpuses, sniedzot nomierino\u0161u efektu, mitrinot \u0101du, k\u0101 ar\u012b atjaunojot t\u0101s vienm\u0113r\u012bgu tonusu un gludumu. Miglai ir [&hellip;]","og_url":"https:\/\/www.facecorner.lv\/en\/shop\/pyunkang-yul-calming-moisture-mist-100ml\/","og_site_name":"FACECORNER","article_publisher":"https:\/\/www.facebook.com\/profile.php?id=100063824551839","article_modified_time":"2024-11-05T19:42:45+00:00","og_image":[{"width":1000,"height":1000,"url":"https:\/\/www.facecorner.lv\/wp-content\/uploads\/2023\/04\/pyunkang-yul-calming-moisture-mist-100ml-28913247420482.jpg.webp","type":"image\/webp"}],"twitter_card":"summary_large_image","twitter_misc":{"Price":"&euro;20.00","Availability":"Out of stock"},"schema":{"@context":"https:\/\/schema.org","@graph":[{"@type":"WebPage","@id":"https:\/\/www.facecorner.lv\/ru\/shop\/pyunkang-yul-calming-moisture-mist-100ml\/","url":"https:\/\/www.facecorner.lv\/ru\/shop\/pyunkang-yul-calming-moisture-mist-100ml\/","name":"PYUNKANG YUL CALMING MIST TONER 100ml - FACECORNER","isPartOf":{"@id":"https:\/\/www.facecorner.lv\/#website"},"primaryImageOfPage":{"@id":"https:\/\/www.facecorner.lv\/ru\/shop\/pyunkang-yul-calming-moisture-mist-100ml\/#primaryimage"},"image":{"@id":"https:\/\/www.facecorner.lv\/ru\/shop\/pyunkang-yul-calming-moisture-mist-100ml\/#primaryimage"},"thumbnailUrl":"https:\/\/www.facecorner.lv\/wp-content\/uploads\/2023\/04\/pyunkang-yul-calming-moisture-mist-100ml-28913247420482.jpg.webp","datePublished":"2023-04-01T15:25:22+00:00","dateModified":"2024-11-05T19:42:45+00:00","breadcrumb":{"@id":"https:\/\/www.facecorner.lv\/ru\/shop\/pyunkang-yul-calming-moisture-mist-100ml\/#breadcrumb"},"inLanguage":"en-US","potentialAction":[{"@type":"ReadAction","target":["https:\/\/www.facecorner.lv\/ru\/shop\/pyunkang-yul-calming-moisture-mist-100ml\/"]}]},{"@type":"ImageObject","inLanguage":"en-US","@id":"https:\/\/www.facecorner.lv\/ru\/shop\/pyunkang-yul-calming-moisture-mist-100ml\/#primaryimage","url":"https:\/\/www.facecorner.lv\/wp-content\/uploads\/2023\/04\/pyunkang-yul-calming-moisture-mist-100ml-28913247420482.jpg.webp","contentUrl":"https:\/\/www.facecorner.lv\/wp-content\/uploads\/2023\/04\/pyunkang-yul-calming-moisture-mist-100ml-28913247420482.jpg.webp","width":1000,"height":1000},{"@type":"BreadcrumbList","@id":"https:\/\/www.facecorner.lv\/ru\/shop\/pyunkang-yul-calming-moisture-mist-100ml\/#breadcrumb","itemListElement":[{"@type":"ListItem","position":1,"name":"Home","item":"https:\/\/www.facecorner.lv\/"},{"@type":"ListItem","position":2,"name":"Veikals","item":"https:\/\/www.facecorner.lv\/shop\/"},{"@type":"ListItem","position":3,"name":"PYUNKANG YUL CALMING MIST TONER 100ml"}]},{"@type":"WebSite","@id":"https:\/\/www.facecorner.lv\/#website","url":"https:\/\/www.facecorner.lv\/","name":"Facecorner","description":"","publisher":{"@id":"https:\/\/www.facecorner.lv\/#organization"},"potentialAction":[{"@type":"SearchAction","target":{"@type":"EntryPoint","urlTemplate":"https:\/\/www.facecorner.lv\/?s={search_term_string}"},"query-input":{"@type":"PropertyValueSpecification","valueRequired":true,"valueName":"search_term_string"}}],"inLanguage":"en-US"},{"@type":"Organization","@id":"https:\/\/www.facecorner.lv\/#organization","name":"Facecorner","url":"https:\/\/www.facecorner.lv\/","logo":{"@type":"ImageObject","inLanguage":"en-US","@id":"https:\/\/www.facecorner.lv\/#\/schema\/logo\/image\/","url":"https:\/\/www.facecorner.lv\/wp-content\/uploads\/2024\/04\/fc-logo.jpg","contentUrl":"https:\/\/www.facecorner.lv\/wp-content\/uploads\/2024\/04\/fc-logo.jpg","width":174,"height":28,"caption":"Facecorner"},"image":{"@id":"https:\/\/www.facecorner.lv\/#\/schema\/logo\/image\/"},"sameAs":["https:\/\/www.facebook.com\/profile.php?id=100063824551839","https:\/\/www.instagram.com\/facecorner_shop\/"]}]},"product_price_amount":"20.00","product_price_currency":"EUR","og_availability":"out of stock","product_availability":"out of stock","product_condition":"new"},"_links":{"self":[{"href":"https:\/\/www.facecorner.lv\/en\/wp-json\/wp\/v2\/product\/9275","targetHints":{"allow":["GET"]}}],"collection":[{"href":"https:\/\/www.facecorner.lv\/en\/wp-json\/wp\/v2\/product"}],"about":[{"href":"https:\/\/www.facecorner.lv\/en\/wp-json\/wp\/v2\/types\/product"}],"replies":[{"embeddable":true,"href":"https:\/\/www.facecorner.lv\/en\/wp-json\/wp\/v2\/comments?post=9275"}],"wp:featuredmedia":[{"embeddable":true,"href":"https:\/\/www.facecorner.lv\/en\/wp-json\/wp\/v2\/media\/9276"}],"wp:attachment":[{"href":"https:\/\/www.facecorner.lv\/en\/wp-json\/wp\/v2\/media?parent=9275"}],"wp:term":[{"taxonomy":"product_brand","embeddable":true,"href":"https:\/\/www.facecorner.lv\/en\/wp-json\/wp\/v2\/product_brand?post=9275"},{"taxonomy":"product_cat","embeddable":true,"href":"https:\/\/www.facecorner.lv\/en\/wp-json\/wp\/v2\/product_cat?post=9275"},{"taxonomy":"product_tag","embeddable":true,"href":"https:\/\/www.facecorner.lv\/en\/wp-json\/wp\/v2\/product_tag?post=9275"},{"taxonomy":"berocket_brand","embeddable":true,"href":"https:\/\/www.facecorner.lv\/en\/wp-json\/wp\/v2\/berocket_brand?post=9275"}],"curies":[{"name":"wp","href":"https:\/\/api.w.org\/{rel}","templated":true}]}}