{"id":9237,"date":"2023-04-01T14:36:18","date_gmt":"2023-04-01T12:36:18","guid":{"rendered":"https:\/\/facecorner.shop\/?post_type=product&#038;p=9237"},"modified":"2024-12-02T15:01:20","modified_gmt":"2024-12-02T12:01:20","slug":"some-by-mi-aha-bha-pha-30-days-miracle-acne-clear-foam-100ml","status":"publish","type":"product","link":"https:\/\/www.facecorner.lv\/en\/shop\/some-by-mi-aha-bha-pha-30-days-miracle-acne-clear-foam-100ml\/","title":{"rendered":"SOME BY MI AHA-BHA-PHA 30 DAYS MIRACLE ACNE CLEAR FOAM  100ml"},"content":{"rendered":"<p>Some By Mi AHA-BHA-PHA 30 Days Miracle Acne Clear Foam ar sk\u0101bju un augu ekstraktu kompleksu.<\/p>\n<p>Produkts maigi un delik\u0101ti att\u012bra \u0101du, no\u0146em visus net\u012brumus, dekorat\u012bv\u0101s kosm\u0113tikas atlikumus, lieko sebumu un p\u012blingu. Tas ir paredz\u0113ts \u0101das atjauno\u0161anai, pa\u0101trina iekaisumu dz\u012b\u0161anu, nomierina sakairin\u0101tu \u0101du un izl\u012bdzina tonusu.<\/p>\n<p>Produkts veido bag\u0101t\u012bgas putas, kuru burbu\u013ci sp\u0113j iek\u013c\u016bt dzi\u013ci por\u0101s, no\u0146emt visus net\u012brumus, efekt\u012bvi att\u012br\u012bt poras un iz\u0161\u0137\u012bdin\u0101t tauku kor\u0137us.<br \/>\n<strong>How to use:\nAfter cleansing and toning, place the mask sheet on your face and let it rest for 30 minutes.<\/strong><\/p>\n<p>1. Izspiediet nepiecie\u0161amo produkta daudzumu;<\/p>\n<p>2. Puto to plaukst\u0101s;<\/p>\n<p>3. Izkl\u0101jiet pa \u0101das virsmu ar viegl\u0101m mas\u0101\u017eas kust\u012bb\u0101m;<\/p>\n<p>4. Noskalojiet atliku\u0161o produktu ar siltu \u016bdeni.<\/p>\n<p><strong>Ingredientes: <\/strong>Water, Glycerin, Centella Asiatica Extract, Palmitic Acid, Stearic Acid, Lauric Acid, Myristic Acid, Potassium Hydroxide, Lauryl Betaine, Butylene Glycol, PEG-100 Stearate, Glyceryl Stearate, Beeswax, Melaleuca Alternifolia (Tea Tree) Leaf Water, Sodium Methyl Cocoyl Taurate, Potassium Cocoyl Glycinate, Salicylic Acid, Dipropylene Glycol, Sodium Chloride, Hydroxyacetophenone, Mentha Piperita (Peppermint) Oil, Caprylyl Glycol, 1,2-Hexanediol, Disodium EDTA, Hydroxyethylcellulose, Calamine, Gluconolactone, Citric Acid, Ipotassium Glycyrrhizate, Artemisia Vulgaris Extract, Madecassoside, Asiaticoside, Madecassic Acid, Asiatic Acid<\/p>","protected":false},"excerpt":{"rendered":"<p>Some By Mi AHA-BHA-PHA 30 Days Miracle Acne Clear Foam ar sk\u0101bju un augu ekstraktu kompleksu. Produkts maigi un delik\u0101ti att\u012bra \u0101du, no\u0146em visus net\u012brumus, dekorat\u012bv\u0101s kosm\u0113tikas atlikumus, lieko sebumu un p\u012blingu. Tas ir paredz\u0113ts \u0101das atjauno\u0161anai, pa\u0101trina iekaisumu dz\u012b\u0161anu, nomierina sakairin\u0101tu \u0101du un izl\u012bdzina tonusu. Produkts veido bag\u0101t\u012bgas putas, kuru burbu\u013ci sp\u0113j iek\u013c\u016bt dzi\u013ci [&hellip;]<\/p>\n","protected":false},"featured_media":9238,"comment_status":"open","ping_status":"closed","template":"","meta":{"site-sidebar-layout":"default","site-content-layout":"","ast-site-content-layout":"","site-content-style":"default","site-sidebar-style":"default","ast-global-header-display":"","ast-banner-title-visibility":"","ast-main-header-display":"","ast-hfb-above-header-display":"","ast-hfb-below-header-display":"","ast-hfb-mobile-header-display":"","site-post-title":"","ast-breadcrumbs-content":"","ast-featured-img":"","footer-sml-layout":"","theme-transparent-header-meta":"","adv-header-id-meta":"","stick-header-meta":"","header-above-stick-meta":"","header-main-stick-meta":"","header-below-stick-meta":"","astra-migrate-meta-layouts":"default","ast-page-background-enabled":"default","ast-page-background-meta":{"desktop":{"background-color":"var(--ast-global-color-4)","background-image":"","background-repeat":"repeat","background-position":"center center","background-size":"auto","background-attachment":"scroll","background-type":"","background-media":"","overlay-type":"","overlay-color":"","overlay-opacity":"","overlay-gradient":""},"tablet":{"background-color":"","background-image":"","background-repeat":"repeat","background-position":"center center","background-size":"auto","background-attachment":"scroll","background-type":"","background-media":"","overlay-type":"","overlay-color":"","overlay-opacity":"","overlay-gradient":""},"mobile":{"background-color":"","background-image":"","background-repeat":"repeat","background-position":"center center","background-size":"auto","background-attachment":"scroll","background-type":"","background-media":"","overlay-type":"","overlay-color":"","overlay-opacity":"","overlay-gradient":""}},"ast-content-background-meta":{"desktop":{"background-color":"var(--ast-global-color-5)","background-image":"","background-repeat":"repeat","background-position":"center center","background-size":"auto","background-attachment":"scroll","background-type":"","background-media":"","overlay-type":"","overlay-color":"","overlay-opacity":"","overlay-gradient":""},"tablet":{"background-color":"var(--ast-global-color-5)","background-image":"","background-repeat":"repeat","background-position":"center center","background-size":"auto","background-attachment":"scroll","background-type":"","background-media":"","overlay-type":"","overlay-color":"","overlay-opacity":"","overlay-gradient":""},"mobile":{"background-color":"var(--ast-global-color-5)","background-image":"","background-repeat":"repeat","background-position":"center center","background-size":"auto","background-attachment":"scroll","background-type":"","background-media":"","overlay-type":"","overlay-color":"","overlay-opacity":"","overlay-gradient":""}}},"product_brand":[],"product_cat":[310,312,380,313,381,307,314],"product_tag":[],"berocket_brand":[],"class_list":{"0":"post-9237","1":"product","2":"type-product","3":"status-publish","4":"has-post-thumbnail","6":"product_cat-attirisana","7":"product_cat-kombinetai-adai-attirisana","8":"product_cat-kombinetai-adai","9":"product_cat-problematiskai-adai-attirisana","10":"product_cat-problematiskai-un-taukainai-adai","11":"product_cat-sejai","12":"product_cat-taukainai-adai-attirisana","13":"desktop-align-left","14":"tablet-align-left","15":"mobile-align-left","17":"first","18":"outofstock","19":"taxable","20":"shipping-taxable","21":"purchasable","22":"product-type-simple","23":"add-to-wishlist-before_image"},"yoast_head":"<!-- This site is optimized with the Yoast SEO plugin v27.4 - https:\/\/yoast.com\/product\/yoast-seo-wordpress\/ -->\n<title>SOME BY MI AHA-BHA-PHA 30 DAYS MIRACLE ACNE CLEAR FOAM 100ml - FACECORNER<\/title>\n<meta name=\"robots\" content=\"index, follow, max-snippet:-1, max-image-preview:large, max-video-preview:-1\" \/>\n<link rel=\"canonical\" href=\"https:\/\/www.facecorner.lv\/en\/shop\/some-by-mi-aha-bha-pha-30-days-miracle-acne-clear-foam-100ml\/\" \/>\n<meta property=\"og:locale\" content=\"en_US\" \/>\n<meta property=\"og:type\" content=\"article\" \/>\n<meta property=\"og:title\" content=\"SOME BY MI AHA-BHA-PHA 30 DAYS MIRACLE ACNE CLEAR FOAM 100ml - FACECORNER\" \/>\n<meta property=\"og:description\" content=\"Some By Mi AHA-BHA-PHA 30 Days Miracle Acne Clear Foam ar sk\u0101bju un augu ekstraktu kompleksu. Produkts maigi un delik\u0101ti att\u012bra \u0101du, no\u0146em visus net\u012brumus, dekorat\u012bv\u0101s kosm\u0113tikas atlikumus, lieko sebumu un p\u012blingu. Tas ir paredz\u0113ts \u0101das atjauno\u0161anai, pa\u0101trina iekaisumu dz\u012b\u0161anu, nomierina sakairin\u0101tu \u0101du un izl\u012bdzina tonusu. Produkts veido bag\u0101t\u012bgas putas, kuru burbu\u013ci sp\u0113j iek\u013c\u016bt dzi\u013ci [&hellip;]\" \/>\n<meta property=\"og:url\" content=\"https:\/\/www.facecorner.lv\/en\/shop\/some-by-mi-aha-bha-pha-30-days-miracle-acne-clear-foam-100ml\/\" \/>\n<meta property=\"og:site_name\" content=\"FACECORNER\" \/>\n<meta property=\"article:publisher\" content=\"https:\/\/www.facebook.com\/profile.php?id=100063824551839\" \/>\n<meta property=\"article:modified_time\" content=\"2024-12-02T12:01:20+00:00\" \/>\n<meta property=\"og:image\" content=\"https:\/\/www.facecorner.lv\/wp-content\/uploads\/2023\/04\/AHA_BHA_PHA_30_Days_Miracle_Acne_Clear_Foam2.png-1.webp\" \/>\n\t<meta property=\"og:image:width\" content=\"1000\" \/>\n\t<meta property=\"og:image:height\" content=\"1000\" \/>\n\t<meta property=\"og:image:type\" content=\"image\/webp\" \/>\n<meta name=\"twitter:card\" content=\"summary_large_image\" \/>\n<meta name=\"twitter:label1\" content=\"Price\" \/>\n\t<meta name=\"twitter:data1\" content=\"&euro;21.00\" \/>\n\t<meta name=\"twitter:label2\" content=\"Availability\" \/>\n\t<meta name=\"twitter:data2\" content=\"Out of stock\" \/>\n<script type=\"application\/ld+json\" class=\"yoast-schema-graph\">{\"@context\":\"https:\\\/\\\/schema.org\",\"@graph\":[{\"@type\":\"WebPage\",\"@id\":\"https:\\\/\\\/www.facecorner.lv\\\/shop\\\/some-by-mi-aha-bha-pha-30-days-miracle-acne-clear-foam-100ml\\\/\",\"url\":\"https:\\\/\\\/www.facecorner.lv\\\/shop\\\/some-by-mi-aha-bha-pha-30-days-miracle-acne-clear-foam-100ml\\\/\",\"name\":\"SOME BY MI AHA-BHA-PHA 30 DAYS MIRACLE ACNE CLEAR FOAM 100ml - FACECORNER\",\"isPartOf\":{\"@id\":\"https:\\\/\\\/www.facecorner.lv\\\/#website\"},\"primaryImageOfPage\":{\"@id\":\"https:\\\/\\\/www.facecorner.lv\\\/shop\\\/some-by-mi-aha-bha-pha-30-days-miracle-acne-clear-foam-100ml\\\/#primaryimage\"},\"image\":{\"@id\":\"https:\\\/\\\/www.facecorner.lv\\\/shop\\\/some-by-mi-aha-bha-pha-30-days-miracle-acne-clear-foam-100ml\\\/#primaryimage\"},\"thumbnailUrl\":\"https:\\\/\\\/www.facecorner.lv\\\/wp-content\\\/uploads\\\/2023\\\/04\\\/AHA_BHA_PHA_30_Days_Miracle_Acne_Clear_Foam2.png-1.webp\",\"datePublished\":\"2023-04-01T12:36:18+00:00\",\"dateModified\":\"2024-12-02T12:01:20+00:00\",\"breadcrumb\":{\"@id\":\"https:\\\/\\\/www.facecorner.lv\\\/shop\\\/some-by-mi-aha-bha-pha-30-days-miracle-acne-clear-foam-100ml\\\/#breadcrumb\"},\"inLanguage\":\"en-US\",\"potentialAction\":[{\"@type\":\"ReadAction\",\"target\":[\"https:\\\/\\\/www.facecorner.lv\\\/shop\\\/some-by-mi-aha-bha-pha-30-days-miracle-acne-clear-foam-100ml\\\/\"]}]},{\"@type\":\"ImageObject\",\"inLanguage\":\"en-US\",\"@id\":\"https:\\\/\\\/www.facecorner.lv\\\/shop\\\/some-by-mi-aha-bha-pha-30-days-miracle-acne-clear-foam-100ml\\\/#primaryimage\",\"url\":\"https:\\\/\\\/www.facecorner.lv\\\/wp-content\\\/uploads\\\/2023\\\/04\\\/AHA_BHA_PHA_30_Days_Miracle_Acne_Clear_Foam2.png-1.webp\",\"contentUrl\":\"https:\\\/\\\/www.facecorner.lv\\\/wp-content\\\/uploads\\\/2023\\\/04\\\/AHA_BHA_PHA_30_Days_Miracle_Acne_Clear_Foam2.png-1.webp\",\"width\":1000,\"height\":1000},{\"@type\":\"BreadcrumbList\",\"@id\":\"https:\\\/\\\/www.facecorner.lv\\\/shop\\\/some-by-mi-aha-bha-pha-30-days-miracle-acne-clear-foam-100ml\\\/#breadcrumb\",\"itemListElement\":[{\"@type\":\"ListItem\",\"position\":1,\"name\":\"Home\",\"item\":\"https:\\\/\\\/www.facecorner.lv\\\/\"},{\"@type\":\"ListItem\",\"position\":2,\"name\":\"Veikals\",\"item\":\"https:\\\/\\\/www.facecorner.lv\\\/shop\\\/\"},{\"@type\":\"ListItem\",\"position\":3,\"name\":\"SOME BY MI AHA-BHA-PHA 30 DAYS MIRACLE ACNE CLEAR FOAM 100ml\"}]},{\"@type\":\"WebSite\",\"@id\":\"https:\\\/\\\/www.facecorner.lv\\\/#website\",\"url\":\"https:\\\/\\\/www.facecorner.lv\\\/\",\"name\":\"Facecorner\",\"description\":\"\",\"publisher\":{\"@id\":\"https:\\\/\\\/www.facecorner.lv\\\/#organization\"},\"potentialAction\":[{\"@type\":\"SearchAction\",\"target\":{\"@type\":\"EntryPoint\",\"urlTemplate\":\"https:\\\/\\\/www.facecorner.lv\\\/?s={search_term_string}\"},\"query-input\":{\"@type\":\"PropertyValueSpecification\",\"valueRequired\":true,\"valueName\":\"search_term_string\"}}],\"inLanguage\":\"en-US\"},{\"@type\":\"Organization\",\"@id\":\"https:\\\/\\\/www.facecorner.lv\\\/#organization\",\"name\":\"Facecorner\",\"url\":\"https:\\\/\\\/www.facecorner.lv\\\/\",\"logo\":{\"@type\":\"ImageObject\",\"inLanguage\":\"en-US\",\"@id\":\"https:\\\/\\\/www.facecorner.lv\\\/#\\\/schema\\\/logo\\\/image\\\/\",\"url\":\"https:\\\/\\\/www.facecorner.lv\\\/wp-content\\\/uploads\\\/2024\\\/04\\\/fc-logo.jpg\",\"contentUrl\":\"https:\\\/\\\/www.facecorner.lv\\\/wp-content\\\/uploads\\\/2024\\\/04\\\/fc-logo.jpg\",\"width\":174,\"height\":28,\"caption\":\"Facecorner\"},\"image\":{\"@id\":\"https:\\\/\\\/www.facecorner.lv\\\/#\\\/schema\\\/logo\\\/image\\\/\"},\"sameAs\":[\"https:\\\/\\\/www.facebook.com\\\/profile.php?id=100063824551839\",\"https:\\\/\\\/www.instagram.com\\\/facecorner_shop\\\/\"]}]}<\/script>\n<meta property=\"product:price:amount\" content=\"21.00\" \/>\n<meta property=\"product:price:currency\" content=\"EUR\" \/>\n<meta property=\"og:availability\" content=\"out of stock\" \/>\n<meta property=\"product:availability\" content=\"out of stock\" \/>\n<meta property=\"product:condition\" content=\"new\" \/>\n<!-- \/ Yoast SEO plugin. -->","yoast_head_json":{"title":"SOME BY MI AHA-BHA-PHA 30 DAYS MIRACLE ACNE CLEAR FOAM 100ml - FACECORNER","robots":{"index":"index","follow":"follow","max-snippet":"max-snippet:-1","max-image-preview":"max-image-preview:large","max-video-preview":"max-video-preview:-1"},"canonical":"https:\/\/www.facecorner.lv\/en\/shop\/some-by-mi-aha-bha-pha-30-days-miracle-acne-clear-foam-100ml\/","og_locale":"en_US","og_type":"article","og_title":"SOME BY MI AHA-BHA-PHA 30 DAYS MIRACLE ACNE CLEAR FOAM 100ml - FACECORNER","og_description":"Some By Mi AHA-BHA-PHA 30 Days Miracle Acne Clear Foam ar sk\u0101bju un augu ekstraktu kompleksu. Produkts maigi un delik\u0101ti att\u012bra \u0101du, no\u0146em visus net\u012brumus, dekorat\u012bv\u0101s kosm\u0113tikas atlikumus, lieko sebumu un p\u012blingu. Tas ir paredz\u0113ts \u0101das atjauno\u0161anai, pa\u0101trina iekaisumu dz\u012b\u0161anu, nomierina sakairin\u0101tu \u0101du un izl\u012bdzina tonusu. Produkts veido bag\u0101t\u012bgas putas, kuru burbu\u013ci sp\u0113j iek\u013c\u016bt dzi\u013ci [&hellip;]","og_url":"https:\/\/www.facecorner.lv\/en\/shop\/some-by-mi-aha-bha-pha-30-days-miracle-acne-clear-foam-100ml\/","og_site_name":"FACECORNER","article_publisher":"https:\/\/www.facebook.com\/profile.php?id=100063824551839","article_modified_time":"2024-12-02T12:01:20+00:00","og_image":[{"width":1000,"height":1000,"url":"https:\/\/www.facecorner.lv\/wp-content\/uploads\/2023\/04\/AHA_BHA_PHA_30_Days_Miracle_Acne_Clear_Foam2.png-1.webp","type":"image\/webp"}],"twitter_card":"summary_large_image","twitter_misc":{"Price":"&euro;21.00","Availability":"Out of stock"},"schema":{"@context":"https:\/\/schema.org","@graph":[{"@type":"WebPage","@id":"https:\/\/www.facecorner.lv\/shop\/some-by-mi-aha-bha-pha-30-days-miracle-acne-clear-foam-100ml\/","url":"https:\/\/www.facecorner.lv\/shop\/some-by-mi-aha-bha-pha-30-days-miracle-acne-clear-foam-100ml\/","name":"SOME BY MI AHA-BHA-PHA 30 DAYS MIRACLE ACNE CLEAR FOAM 100ml - FACECORNER","isPartOf":{"@id":"https:\/\/www.facecorner.lv\/#website"},"primaryImageOfPage":{"@id":"https:\/\/www.facecorner.lv\/shop\/some-by-mi-aha-bha-pha-30-days-miracle-acne-clear-foam-100ml\/#primaryimage"},"image":{"@id":"https:\/\/www.facecorner.lv\/shop\/some-by-mi-aha-bha-pha-30-days-miracle-acne-clear-foam-100ml\/#primaryimage"},"thumbnailUrl":"https:\/\/www.facecorner.lv\/wp-content\/uploads\/2023\/04\/AHA_BHA_PHA_30_Days_Miracle_Acne_Clear_Foam2.png-1.webp","datePublished":"2023-04-01T12:36:18+00:00","dateModified":"2024-12-02T12:01:20+00:00","breadcrumb":{"@id":"https:\/\/www.facecorner.lv\/shop\/some-by-mi-aha-bha-pha-30-days-miracle-acne-clear-foam-100ml\/#breadcrumb"},"inLanguage":"en-US","potentialAction":[{"@type":"ReadAction","target":["https:\/\/www.facecorner.lv\/shop\/some-by-mi-aha-bha-pha-30-days-miracle-acne-clear-foam-100ml\/"]}]},{"@type":"ImageObject","inLanguage":"en-US","@id":"https:\/\/www.facecorner.lv\/shop\/some-by-mi-aha-bha-pha-30-days-miracle-acne-clear-foam-100ml\/#primaryimage","url":"https:\/\/www.facecorner.lv\/wp-content\/uploads\/2023\/04\/AHA_BHA_PHA_30_Days_Miracle_Acne_Clear_Foam2.png-1.webp","contentUrl":"https:\/\/www.facecorner.lv\/wp-content\/uploads\/2023\/04\/AHA_BHA_PHA_30_Days_Miracle_Acne_Clear_Foam2.png-1.webp","width":1000,"height":1000},{"@type":"BreadcrumbList","@id":"https:\/\/www.facecorner.lv\/shop\/some-by-mi-aha-bha-pha-30-days-miracle-acne-clear-foam-100ml\/#breadcrumb","itemListElement":[{"@type":"ListItem","position":1,"name":"Home","item":"https:\/\/www.facecorner.lv\/"},{"@type":"ListItem","position":2,"name":"Veikals","item":"https:\/\/www.facecorner.lv\/shop\/"},{"@type":"ListItem","position":3,"name":"SOME BY MI AHA-BHA-PHA 30 DAYS MIRACLE ACNE CLEAR FOAM 100ml"}]},{"@type":"WebSite","@id":"https:\/\/www.facecorner.lv\/#website","url":"https:\/\/www.facecorner.lv\/","name":"Facecorner","description":"","publisher":{"@id":"https:\/\/www.facecorner.lv\/#organization"},"potentialAction":[{"@type":"SearchAction","target":{"@type":"EntryPoint","urlTemplate":"https:\/\/www.facecorner.lv\/?s={search_term_string}"},"query-input":{"@type":"PropertyValueSpecification","valueRequired":true,"valueName":"search_term_string"}}],"inLanguage":"en-US"},{"@type":"Organization","@id":"https:\/\/www.facecorner.lv\/#organization","name":"Facecorner","url":"https:\/\/www.facecorner.lv\/","logo":{"@type":"ImageObject","inLanguage":"en-US","@id":"https:\/\/www.facecorner.lv\/#\/schema\/logo\/image\/","url":"https:\/\/www.facecorner.lv\/wp-content\/uploads\/2024\/04\/fc-logo.jpg","contentUrl":"https:\/\/www.facecorner.lv\/wp-content\/uploads\/2024\/04\/fc-logo.jpg","width":174,"height":28,"caption":"Facecorner"},"image":{"@id":"https:\/\/www.facecorner.lv\/#\/schema\/logo\/image\/"},"sameAs":["https:\/\/www.facebook.com\/profile.php?id=100063824551839","https:\/\/www.instagram.com\/facecorner_shop\/"]}]},"product_price_amount":"21.00","product_price_currency":"EUR","og_availability":"out of stock","product_availability":"out of stock","product_condition":"new"},"_links":{"self":[{"href":"https:\/\/www.facecorner.lv\/en\/wp-json\/wp\/v2\/product\/9237","targetHints":{"allow":["GET"]}}],"collection":[{"href":"https:\/\/www.facecorner.lv\/en\/wp-json\/wp\/v2\/product"}],"about":[{"href":"https:\/\/www.facecorner.lv\/en\/wp-json\/wp\/v2\/types\/product"}],"replies":[{"embeddable":true,"href":"https:\/\/www.facecorner.lv\/en\/wp-json\/wp\/v2\/comments?post=9237"}],"wp:featuredmedia":[{"embeddable":true,"href":"https:\/\/www.facecorner.lv\/en\/wp-json\/wp\/v2\/media\/9238"}],"wp:attachment":[{"href":"https:\/\/www.facecorner.lv\/en\/wp-json\/wp\/v2\/media?parent=9237"}],"wp:term":[{"taxonomy":"product_brand","embeddable":true,"href":"https:\/\/www.facecorner.lv\/en\/wp-json\/wp\/v2\/product_brand?post=9237"},{"taxonomy":"product_cat","embeddable":true,"href":"https:\/\/www.facecorner.lv\/en\/wp-json\/wp\/v2\/product_cat?post=9237"},{"taxonomy":"product_tag","embeddable":true,"href":"https:\/\/www.facecorner.lv\/en\/wp-json\/wp\/v2\/product_tag?post=9237"},{"taxonomy":"berocket_brand","embeddable":true,"href":"https:\/\/www.facecorner.lv\/en\/wp-json\/wp\/v2\/berocket_brand?post=9237"}],"curies":[{"name":"wp","href":"https:\/\/api.w.org\/{rel}","templated":true}]}}