{"id":9127,"date":"2023-03-31T14:41:28","date_gmt":"2023-03-31T12:41:28","guid":{"rendered":"https:\/\/facecorner.shop\/?post_type=product&#038;p=9127"},"modified":"2024-09-27T10:03:38","modified_gmt":"2024-09-27T08:03:38","slug":"jmsolution-marine-luminous-pearl-sun-protection-sun-spray-spf50-pa-180ml","status":"publish","type":"product","link":"https:\/\/www.facecorner.lv\/en\/shop\/jmsolution-marine-luminous-pearl-sun-protection-sun-spray-spf50-pa-180ml\/","title":{"rendered":"JMsolution Marine Luminous Pearl Sun Protection Sun Spray SPF50+ PA+++ 180ml"},"content":{"rendered":"<p>JMsolution Marine Luminous Pearl Sun Protection Sun Spray SPF50+PA+++ ir \u0113rts form\u0101ts aizsardz\u012bbai pret UV starojumu. Smidzin\u0101t\u0101js kl\u0101jas viendab\u012bg\u0101 sl\u0101n\u012b, neatst\u0101j lip\u012bgumu un \u0101tri uzs\u016bcas. Neboj\u0101 grimu, nerull\u0113jas. Sprejs ar\u012b kopj \u0101du, stiprina lip\u012bdu barjeru un veicina mitruma aizturi. Nov\u0113r\u0161 sausuma un lob\u012b\u0161an\u0101s ra\u0161anos, k\u0101 ar\u012b pal\u0113nina noveco\u0161an\u0101s procesu un izl\u012bdzina s\u012bk\u0101s grumbi\u0146as. Palielina tvirtumu un elast\u012bbu, izl\u012bdzina mikroreljefu un tonusu, izgaismo nev\u0113lamo pigment\u0101ciju. Pie\u0161\u0137ir vesel\u012bgu un vienm\u0113r\u012bgu mirdzumu.<\/p>\n<p>Sprejs ir viegli uzkl\u0101jams uz \u0101das, viegli atjaunojams visas dienas garum\u0101, un to var lietot uz grima.<\/p>\n<p><strong>How to use:<\/strong>: izsmidzin\u0101t l\u012bdzekli uz \u0101das 20 cm att\u0101lum\u0101 Atsvaidzin\u0101t ik p\u0113c 2-3 stund\u0101m. Var lietot virs grima.<\/p>\n<p><strong>Ingredientes:\u00a0<\/strong>Purified water, homosalate, modified alcohol, ethylhexyl salicylate, propanediol, butylmethoxy dibenzoylmethane, bis-ethylhexyloxyphenolmethoxyphenyltriazine, isoamyl p-methoxycinnamate, octocrylene, seawater (9,700ppb), hydrolyzed collagen, propylene glycol, butylene glycol, tuna reverse extract, open auditory extract, flat green extract, kelp extract, tungsten nod extract, hydrolyzed conkiolin protein (300ppb) , Pearl extract (19,460ppb), hydroxypropyltrimonium hyaluronate, sodium hyaluronate, glycerin, hydrolyzed hyaluronic acid, dimethicone, acrylate \/ C10-30 alkyl acrylate crosspolymer , Tromethamine, tocopheryl acetate, sodium acrylate \/ sodium acryloyl dimethyltaurate copolymer, isohexadecane, polysorbate 80, panthenol, sorbitan oleate , Allantoin, Ceramide ENP, Disodium IDT, Phenoxyethanol, Caprylyl Glycol, Ethylhexyl Glycerin, 1,2-hexanediol, Flavoring<\/p>","protected":false},"excerpt":{"rendered":"<p>JMsolution Marine Luminous Pearl Sun Protection Sun Spray SPF50+PA+++ ir \u0113rts form\u0101ts aizsardz\u012bbai pret UV starojumu. Smidzin\u0101t\u0101js kl\u0101jas viendab\u012bg\u0101 sl\u0101n\u012b, neatst\u0101j lip\u012bgumu un \u0101tri uzs\u016bcas. Neboj\u0101 grimu, nerull\u0113jas. Sprejs ar\u012b kopj \u0101du, stiprina lip\u012bdu barjeru un veicina mitruma aizturi. Nov\u0113r\u0161 sausuma un lob\u012b\u0161an\u0101s ra\u0161anos, k\u0101 ar\u012b pal\u0113nina noveco\u0161an\u0101s procesu un izl\u012bdzina s\u012bk\u0101s grumbi\u0146as. Palielina tvirtumu [&hellip;]<\/p>\n","protected":false},"featured_media":9128,"comment_status":"open","ping_status":"closed","template":"","meta":{"site-sidebar-layout":"default","site-content-layout":"","ast-site-content-layout":"","site-content-style":"default","site-sidebar-style":"default","ast-global-header-display":"","ast-banner-title-visibility":"","ast-main-header-display":"","ast-hfb-above-header-display":"","ast-hfb-below-header-display":"","ast-hfb-mobile-header-display":"","site-post-title":"","ast-breadcrumbs-content":"","ast-featured-img":"","footer-sml-layout":"","theme-transparent-header-meta":"","adv-header-id-meta":"","stick-header-meta":"","header-above-stick-meta":"","header-main-stick-meta":"","header-below-stick-meta":"","astra-migrate-meta-layouts":"default","ast-page-background-enabled":"default","ast-page-background-meta":{"desktop":{"background-color":"var(--ast-global-color-4)","background-image":"","background-repeat":"repeat","background-position":"center center","background-size":"auto","background-attachment":"scroll","background-type":"","background-media":"","overlay-type":"","overlay-color":"","overlay-opacity":"","overlay-gradient":""},"tablet":{"background-color":"","background-image":"","background-repeat":"repeat","background-position":"center center","background-size":"auto","background-attachment":"scroll","background-type":"","background-media":"","overlay-type":"","overlay-color":"","overlay-opacity":"","overlay-gradient":""},"mobile":{"background-color":"","background-image":"","background-repeat":"repeat","background-position":"center center","background-size":"auto","background-attachment":"scroll","background-type":"","background-media":"","overlay-type":"","overlay-color":"","overlay-opacity":"","overlay-gradient":""}},"ast-content-background-meta":{"desktop":{"background-color":"var(--ast-global-color-5)","background-image":"","background-repeat":"repeat","background-position":"center center","background-size":"auto","background-attachment":"scroll","background-type":"","background-media":"","overlay-type":"","overlay-color":"","overlay-opacity":"","overlay-gradient":""},"tablet":{"background-color":"var(--ast-global-color-5)","background-image":"","background-repeat":"repeat","background-position":"center center","background-size":"auto","background-attachment":"scroll","background-type":"","background-media":"","overlay-type":"","overlay-color":"","overlay-opacity":"","overlay-gradient":""},"mobile":{"background-color":"var(--ast-global-color-5)","background-image":"","background-repeat":"repeat","background-position":"center center","background-size":"auto","background-attachment":"scroll","background-type":"","background-media":"","overlay-type":"","overlay-color":"","overlay-opacity":"","overlay-gradient":""}}},"product_brand":[],"product_cat":[331,380,381,360,379,307,512],"product_tag":[],"berocket_brand":[],"class_list":{"0":"post-9127","1":"product","2":"type-product","3":"status-publish","4":"has-post-thumbnail","6":"product_cat-kermenim","7":"product_cat-kombinetai-adai","8":"product_cat-problematiskai-un-taukainai-adai","9":"product_cat-saules-aizsarglidzekli","10":"product_cat-sausai-adai-anti-age","11":"product_cat-sejai","12":"product_cat-spf","13":"desktop-align-left","14":"tablet-align-left","15":"mobile-align-left","17":"first","18":"outofstock","19":"taxable","20":"shipping-taxable","21":"purchasable","22":"product-type-simple","23":"add-to-wishlist-before_image"},"yoast_head":"<!-- This site is optimized with the Yoast SEO plugin v27.3 - https:\/\/yoast.com\/product\/yoast-seo-wordpress\/ -->\n<title>JMsolution Marine Luminous Pearl Sun Protection Sun Spray SPF50+ PA+++ 180ml - FACECORNER<\/title>\n<meta name=\"robots\" content=\"index, follow, max-snippet:-1, max-image-preview:large, max-video-preview:-1\" \/>\n<link rel=\"canonical\" href=\"https:\/\/www.facecorner.lv\/en\/shop\/jmsolution-marine-luminous-pearl-sun-protection-sun-spray-spf50-pa-180ml\/\" \/>\n<meta property=\"og:locale\" content=\"en_US\" \/>\n<meta property=\"og:type\" content=\"article\" \/>\n<meta property=\"og:title\" content=\"JMsolution Marine Luminous Pearl Sun Protection Sun Spray SPF50+ PA+++ 180ml - FACECORNER\" \/>\n<meta property=\"og:description\" content=\"JMsolution Marine Luminous Pearl Sun Protection Sun Spray SPF50+PA+++ ir \u0113rts form\u0101ts aizsardz\u012bbai pret UV starojumu. Smidzin\u0101t\u0101js kl\u0101jas viendab\u012bg\u0101 sl\u0101n\u012b, neatst\u0101j lip\u012bgumu un \u0101tri uzs\u016bcas. Neboj\u0101 grimu, nerull\u0113jas. Sprejs ar\u012b kopj \u0101du, stiprina lip\u012bdu barjeru un veicina mitruma aizturi. Nov\u0113r\u0161 sausuma un lob\u012b\u0161an\u0101s ra\u0161anos, k\u0101 ar\u012b pal\u0113nina noveco\u0161an\u0101s procesu un izl\u012bdzina s\u012bk\u0101s grumbi\u0146as. Palielina tvirtumu [&hellip;]\" \/>\n<meta property=\"og:url\" content=\"https:\/\/www.facecorner.lv\/en\/shop\/jmsolution-marine-luminous-pearl-sun-protection-sun-spray-spf50-pa-180ml\/\" \/>\n<meta property=\"og:site_name\" content=\"FACECORNER\" \/>\n<meta property=\"article:publisher\" content=\"https:\/\/www.facebook.com\/profile.php?id=100063824551839\" \/>\n<meta property=\"article:modified_time\" content=\"2024-09-27T08:03:38+00:00\" \/>\n<meta property=\"og:image\" content=\"https:\/\/www.facecorner.lv\/wp-content\/uploads\/2023\/03\/jmsolution-marine-luminous-pearl-sun-spray-pearl-4_COMPRESSED.jpg\" \/>\n\t<meta property=\"og:image:width\" content=\"1000\" \/>\n\t<meta property=\"og:image:height\" content=\"1000\" \/>\n\t<meta property=\"og:image:type\" content=\"image\/jpeg\" \/>\n<meta name=\"twitter:card\" content=\"summary_large_image\" \/>\n<meta name=\"twitter:label1\" content=\"Price\" \/>\n\t<meta name=\"twitter:data1\" content=\"&euro;21.00\" \/>\n\t<meta name=\"twitter:label2\" content=\"Availability\" \/>\n\t<meta name=\"twitter:data2\" content=\"Out of stock\" \/>\n<script type=\"application\/ld+json\" class=\"yoast-schema-graph\">{\"@context\":\"https:\\\/\\\/schema.org\",\"@graph\":[{\"@type\":\"WebPage\",\"@id\":\"https:\\\/\\\/www.facecorner.lv\\\/shop\\\/jmsolution-marine-luminous-pearl-sun-protection-sun-spray-spf50-pa-180ml\\\/\",\"url\":\"https:\\\/\\\/www.facecorner.lv\\\/shop\\\/jmsolution-marine-luminous-pearl-sun-protection-sun-spray-spf50-pa-180ml\\\/\",\"name\":\"JMsolution Marine Luminous Pearl Sun Protection Sun Spray SPF50+ PA+++ 180ml - FACECORNER\",\"isPartOf\":{\"@id\":\"https:\\\/\\\/www.facecorner.lv\\\/#website\"},\"primaryImageOfPage\":{\"@id\":\"https:\\\/\\\/www.facecorner.lv\\\/shop\\\/jmsolution-marine-luminous-pearl-sun-protection-sun-spray-spf50-pa-180ml\\\/#primaryimage\"},\"image\":{\"@id\":\"https:\\\/\\\/www.facecorner.lv\\\/shop\\\/jmsolution-marine-luminous-pearl-sun-protection-sun-spray-spf50-pa-180ml\\\/#primaryimage\"},\"thumbnailUrl\":\"https:\\\/\\\/www.facecorner.lv\\\/wp-content\\\/uploads\\\/2023\\\/03\\\/jmsolution-marine-luminous-pearl-sun-spray-pearl-4_COMPRESSED.jpg\",\"datePublished\":\"2023-03-31T12:41:28+00:00\",\"dateModified\":\"2024-09-27T08:03:38+00:00\",\"breadcrumb\":{\"@id\":\"https:\\\/\\\/www.facecorner.lv\\\/shop\\\/jmsolution-marine-luminous-pearl-sun-protection-sun-spray-spf50-pa-180ml\\\/#breadcrumb\"},\"inLanguage\":\"en-US\",\"potentialAction\":[{\"@type\":\"ReadAction\",\"target\":[\"https:\\\/\\\/www.facecorner.lv\\\/shop\\\/jmsolution-marine-luminous-pearl-sun-protection-sun-spray-spf50-pa-180ml\\\/\"]}]},{\"@type\":\"ImageObject\",\"inLanguage\":\"en-US\",\"@id\":\"https:\\\/\\\/www.facecorner.lv\\\/shop\\\/jmsolution-marine-luminous-pearl-sun-protection-sun-spray-spf50-pa-180ml\\\/#primaryimage\",\"url\":\"https:\\\/\\\/www.facecorner.lv\\\/wp-content\\\/uploads\\\/2023\\\/03\\\/jmsolution-marine-luminous-pearl-sun-spray-pearl-4_COMPRESSED.jpg\",\"contentUrl\":\"https:\\\/\\\/www.facecorner.lv\\\/wp-content\\\/uploads\\\/2023\\\/03\\\/jmsolution-marine-luminous-pearl-sun-spray-pearl-4_COMPRESSED.jpg\",\"width\":1000,\"height\":1000},{\"@type\":\"BreadcrumbList\",\"@id\":\"https:\\\/\\\/www.facecorner.lv\\\/shop\\\/jmsolution-marine-luminous-pearl-sun-protection-sun-spray-spf50-pa-180ml\\\/#breadcrumb\",\"itemListElement\":[{\"@type\":\"ListItem\",\"position\":1,\"name\":\"Home\",\"item\":\"https:\\\/\\\/www.facecorner.lv\\\/\"},{\"@type\":\"ListItem\",\"position\":2,\"name\":\"Veikals\",\"item\":\"https:\\\/\\\/www.facecorner.lv\\\/shop\\\/\"},{\"@type\":\"ListItem\",\"position\":3,\"name\":\"JMsolution Marine Luminous Pearl Sun Protection Sun Spray SPF50+ PA+++ 180ml\"}]},{\"@type\":\"WebSite\",\"@id\":\"https:\\\/\\\/www.facecorner.lv\\\/#website\",\"url\":\"https:\\\/\\\/www.facecorner.lv\\\/\",\"name\":\"Facecorner\",\"description\":\"\",\"publisher\":{\"@id\":\"https:\\\/\\\/www.facecorner.lv\\\/#organization\"},\"potentialAction\":[{\"@type\":\"SearchAction\",\"target\":{\"@type\":\"EntryPoint\",\"urlTemplate\":\"https:\\\/\\\/www.facecorner.lv\\\/?s={search_term_string}\"},\"query-input\":{\"@type\":\"PropertyValueSpecification\",\"valueRequired\":true,\"valueName\":\"search_term_string\"}}],\"inLanguage\":\"en-US\"},{\"@type\":\"Organization\",\"@id\":\"https:\\\/\\\/www.facecorner.lv\\\/#organization\",\"name\":\"Facecorner\",\"url\":\"https:\\\/\\\/www.facecorner.lv\\\/\",\"logo\":{\"@type\":\"ImageObject\",\"inLanguage\":\"en-US\",\"@id\":\"https:\\\/\\\/www.facecorner.lv\\\/#\\\/schema\\\/logo\\\/image\\\/\",\"url\":\"https:\\\/\\\/www.facecorner.lv\\\/wp-content\\\/uploads\\\/2024\\\/04\\\/fc-logo.jpg\",\"contentUrl\":\"https:\\\/\\\/www.facecorner.lv\\\/wp-content\\\/uploads\\\/2024\\\/04\\\/fc-logo.jpg\",\"width\":174,\"height\":28,\"caption\":\"Facecorner\"},\"image\":{\"@id\":\"https:\\\/\\\/www.facecorner.lv\\\/#\\\/schema\\\/logo\\\/image\\\/\"},\"sameAs\":[\"https:\\\/\\\/www.facebook.com\\\/profile.php?id=100063824551839\",\"https:\\\/\\\/www.instagram.com\\\/facecorner_shop\\\/\"]}]}<\/script>\n<meta property=\"product:price:amount\" content=\"21.00\" \/>\n<meta property=\"product:price:currency\" content=\"EUR\" \/>\n<meta property=\"og:availability\" content=\"out of stock\" \/>\n<meta property=\"product:availability\" content=\"out of stock\" \/>\n<meta property=\"product:condition\" content=\"new\" \/>\n<!-- \/ Yoast SEO plugin. -->","yoast_head_json":{"title":"JMsolution Marine Luminous Pearl Sun Protection Sun Spray SPF50+ PA+++ 180ml - FACECORNER","robots":{"index":"index","follow":"follow","max-snippet":"max-snippet:-1","max-image-preview":"max-image-preview:large","max-video-preview":"max-video-preview:-1"},"canonical":"https:\/\/www.facecorner.lv\/en\/shop\/jmsolution-marine-luminous-pearl-sun-protection-sun-spray-spf50-pa-180ml\/","og_locale":"en_US","og_type":"article","og_title":"JMsolution Marine Luminous Pearl Sun Protection Sun Spray SPF50+ PA+++ 180ml - FACECORNER","og_description":"JMsolution Marine Luminous Pearl Sun Protection Sun Spray SPF50+PA+++ ir \u0113rts form\u0101ts aizsardz\u012bbai pret UV starojumu. Smidzin\u0101t\u0101js kl\u0101jas viendab\u012bg\u0101 sl\u0101n\u012b, neatst\u0101j lip\u012bgumu un \u0101tri uzs\u016bcas. Neboj\u0101 grimu, nerull\u0113jas. Sprejs ar\u012b kopj \u0101du, stiprina lip\u012bdu barjeru un veicina mitruma aizturi. Nov\u0113r\u0161 sausuma un lob\u012b\u0161an\u0101s ra\u0161anos, k\u0101 ar\u012b pal\u0113nina noveco\u0161an\u0101s procesu un izl\u012bdzina s\u012bk\u0101s grumbi\u0146as. Palielina tvirtumu [&hellip;]","og_url":"https:\/\/www.facecorner.lv\/en\/shop\/jmsolution-marine-luminous-pearl-sun-protection-sun-spray-spf50-pa-180ml\/","og_site_name":"FACECORNER","article_publisher":"https:\/\/www.facebook.com\/profile.php?id=100063824551839","article_modified_time":"2024-09-27T08:03:38+00:00","og_image":[{"width":1000,"height":1000,"url":"https:\/\/www.facecorner.lv\/wp-content\/uploads\/2023\/03\/jmsolution-marine-luminous-pearl-sun-spray-pearl-4_COMPRESSED.jpg","type":"image\/jpeg"}],"twitter_card":"summary_large_image","twitter_misc":{"Price":"&euro;21.00","Availability":"Out of stock"},"schema":{"@context":"https:\/\/schema.org","@graph":[{"@type":"WebPage","@id":"https:\/\/www.facecorner.lv\/shop\/jmsolution-marine-luminous-pearl-sun-protection-sun-spray-spf50-pa-180ml\/","url":"https:\/\/www.facecorner.lv\/shop\/jmsolution-marine-luminous-pearl-sun-protection-sun-spray-spf50-pa-180ml\/","name":"JMsolution Marine Luminous Pearl Sun Protection Sun Spray SPF50+ PA+++ 180ml - FACECORNER","isPartOf":{"@id":"https:\/\/www.facecorner.lv\/#website"},"primaryImageOfPage":{"@id":"https:\/\/www.facecorner.lv\/shop\/jmsolution-marine-luminous-pearl-sun-protection-sun-spray-spf50-pa-180ml\/#primaryimage"},"image":{"@id":"https:\/\/www.facecorner.lv\/shop\/jmsolution-marine-luminous-pearl-sun-protection-sun-spray-spf50-pa-180ml\/#primaryimage"},"thumbnailUrl":"https:\/\/www.facecorner.lv\/wp-content\/uploads\/2023\/03\/jmsolution-marine-luminous-pearl-sun-spray-pearl-4_COMPRESSED.jpg","datePublished":"2023-03-31T12:41:28+00:00","dateModified":"2024-09-27T08:03:38+00:00","breadcrumb":{"@id":"https:\/\/www.facecorner.lv\/shop\/jmsolution-marine-luminous-pearl-sun-protection-sun-spray-spf50-pa-180ml\/#breadcrumb"},"inLanguage":"en-US","potentialAction":[{"@type":"ReadAction","target":["https:\/\/www.facecorner.lv\/shop\/jmsolution-marine-luminous-pearl-sun-protection-sun-spray-spf50-pa-180ml\/"]}]},{"@type":"ImageObject","inLanguage":"en-US","@id":"https:\/\/www.facecorner.lv\/shop\/jmsolution-marine-luminous-pearl-sun-protection-sun-spray-spf50-pa-180ml\/#primaryimage","url":"https:\/\/www.facecorner.lv\/wp-content\/uploads\/2023\/03\/jmsolution-marine-luminous-pearl-sun-spray-pearl-4_COMPRESSED.jpg","contentUrl":"https:\/\/www.facecorner.lv\/wp-content\/uploads\/2023\/03\/jmsolution-marine-luminous-pearl-sun-spray-pearl-4_COMPRESSED.jpg","width":1000,"height":1000},{"@type":"BreadcrumbList","@id":"https:\/\/www.facecorner.lv\/shop\/jmsolution-marine-luminous-pearl-sun-protection-sun-spray-spf50-pa-180ml\/#breadcrumb","itemListElement":[{"@type":"ListItem","position":1,"name":"Home","item":"https:\/\/www.facecorner.lv\/"},{"@type":"ListItem","position":2,"name":"Veikals","item":"https:\/\/www.facecorner.lv\/shop\/"},{"@type":"ListItem","position":3,"name":"JMsolution Marine Luminous Pearl Sun Protection Sun Spray SPF50+ PA+++ 180ml"}]},{"@type":"WebSite","@id":"https:\/\/www.facecorner.lv\/#website","url":"https:\/\/www.facecorner.lv\/","name":"Facecorner","description":"","publisher":{"@id":"https:\/\/www.facecorner.lv\/#organization"},"potentialAction":[{"@type":"SearchAction","target":{"@type":"EntryPoint","urlTemplate":"https:\/\/www.facecorner.lv\/?s={search_term_string}"},"query-input":{"@type":"PropertyValueSpecification","valueRequired":true,"valueName":"search_term_string"}}],"inLanguage":"en-US"},{"@type":"Organization","@id":"https:\/\/www.facecorner.lv\/#organization","name":"Facecorner","url":"https:\/\/www.facecorner.lv\/","logo":{"@type":"ImageObject","inLanguage":"en-US","@id":"https:\/\/www.facecorner.lv\/#\/schema\/logo\/image\/","url":"https:\/\/www.facecorner.lv\/wp-content\/uploads\/2024\/04\/fc-logo.jpg","contentUrl":"https:\/\/www.facecorner.lv\/wp-content\/uploads\/2024\/04\/fc-logo.jpg","width":174,"height":28,"caption":"Facecorner"},"image":{"@id":"https:\/\/www.facecorner.lv\/#\/schema\/logo\/image\/"},"sameAs":["https:\/\/www.facebook.com\/profile.php?id=100063824551839","https:\/\/www.instagram.com\/facecorner_shop\/"]}]},"product_price_amount":"21.00","product_price_currency":"EUR","og_availability":"out of stock","product_availability":"out of stock","product_condition":"new"},"_links":{"self":[{"href":"https:\/\/www.facecorner.lv\/en\/wp-json\/wp\/v2\/product\/9127","targetHints":{"allow":["GET"]}}],"collection":[{"href":"https:\/\/www.facecorner.lv\/en\/wp-json\/wp\/v2\/product"}],"about":[{"href":"https:\/\/www.facecorner.lv\/en\/wp-json\/wp\/v2\/types\/product"}],"replies":[{"embeddable":true,"href":"https:\/\/www.facecorner.lv\/en\/wp-json\/wp\/v2\/comments?post=9127"}],"wp:featuredmedia":[{"embeddable":true,"href":"https:\/\/www.facecorner.lv\/en\/wp-json\/wp\/v2\/media\/9128"}],"wp:attachment":[{"href":"https:\/\/www.facecorner.lv\/en\/wp-json\/wp\/v2\/media?parent=9127"}],"wp:term":[{"taxonomy":"product_brand","embeddable":true,"href":"https:\/\/www.facecorner.lv\/en\/wp-json\/wp\/v2\/product_brand?post=9127"},{"taxonomy":"product_cat","embeddable":true,"href":"https:\/\/www.facecorner.lv\/en\/wp-json\/wp\/v2\/product_cat?post=9127"},{"taxonomy":"product_tag","embeddable":true,"href":"https:\/\/www.facecorner.lv\/en\/wp-json\/wp\/v2\/product_tag?post=9127"},{"taxonomy":"berocket_brand","embeddable":true,"href":"https:\/\/www.facecorner.lv\/en\/wp-json\/wp\/v2\/berocket_brand?post=9127"}],"curies":[{"name":"wp","href":"https:\/\/api.w.org\/{rel}","templated":true}]}}