{"id":9104,"date":"2023-03-30T21:51:03","date_gmt":"2023-03-30T19:51:03","guid":{"rendered":"https:\/\/facecorner.shop\/?post_type=product&#038;p=9104"},"modified":"2026-01-24T14:56:51","modified_gmt":"2026-01-24T11:56:51","slug":"medi-peel-bor-tox-peptide-toner-180ml","status":"publish","type":"product","link":"https:\/\/www.facecorner.lv\/en\/shop\/medi-peel-bor-tox-peptide-toner-180ml\/","title":{"rendered":"Medi-Peel Bor-Tox Peptide Toner 180ml"},"content":{"rendered":"<p>Liftings toniks ar pept\u012bdu kompleksu Medi-Peel Bor-Tox Peptide Toner intens\u012bvi mitrina, baro un nov\u0113r\u0161 sausumu, pal\u012bdz izl\u012bdzin\u0101t grumbas un uzlabo elast\u012bbu. Instrumentam ir toniz\u0113jo\u0161a iedarb\u012bba, tas uzlabo sejas kr\u0101su un atgrie\u017e vesel\u012bgu mirdzumu.<\/p>\n<p>Toniks atjauno optim\u0101lo sk\u0101bju-b\u0101zes l\u012bdzsvaru, neitraliz\u0113 teko\u0161a \u016bdens agres\u012bvo ietekmi un sagatavo turpm\u0101kai kop\u0161anai. T\u0101 m\u0113r\u0137is ir c\u012bn\u012bties ar vecuma izmai\u0146\u0101m: stiprina turgoru, aktiviz\u0113 kolag\u0113na un elast\u012bna \u0161\u0137iedru sint\u0113zi, samazina eso\u0161o grumbu dzi\u013cumu, pal\u0113nina ar vecumu saist\u012bto izmai\u0146u procesus.<\/p>\n<p>Tonikam ir viegla tekst\u016bra, \u0101tri ies\u016bcas un neatst\u0101j lip\u012bgumu.<\/p>\n<p><strong>How to use:<\/strong>: P\u0113c mazg\u0101\u0161anas ar vates disku uzkl\u0101jiet nepiecie\u0161amo tonika daudzumu.<\/p>\n<p>&nbsp;<\/p>","protected":false},"excerpt":{"rendered":"<p>Liftings toniks ar pept\u012bdu kompleksu Medi-Peel Bor-Tox Peptide Toner intens\u012bvi mitrina, baro un nov\u0113r\u0161 sausumu, pal\u012bdz izl\u012bdzin\u0101t grumbas un uzlabo elast\u012bbu. Instrumentam ir toniz\u0113jo\u0161a iedarb\u012bba, tas uzlabo sejas kr\u0101su un atgrie\u017e vesel\u012bgu mirdzumu. Toniks atjauno optim\u0101lo sk\u0101bju-b\u0101zes l\u012bdzsvaru, neitraliz\u0113 teko\u0161a \u016bdens agres\u012bvo ietekmi un sagatavo turpm\u0101kai kop\u0161anai. T\u0101 m\u0113r\u0137is ir c\u012bn\u012bties ar vecuma izmai\u0146\u0101m: stiprina [&hellip;]<\/p>\n","protected":false},"featured_media":9105,"comment_status":"open","ping_status":"closed","template":"","meta":{"site-sidebar-layout":"default","site-content-layout":"","ast-site-content-layout":"","site-content-style":"default","site-sidebar-style":"default","ast-global-header-display":"","ast-banner-title-visibility":"","ast-main-header-display":"","ast-hfb-above-header-display":"","ast-hfb-below-header-display":"","ast-hfb-mobile-header-display":"","site-post-title":"","ast-breadcrumbs-content":"","ast-featured-img":"","footer-sml-layout":"","theme-transparent-header-meta":"","adv-header-id-meta":"","stick-header-meta":"","header-above-stick-meta":"","header-main-stick-meta":"","header-below-stick-meta":"","astra-migrate-meta-layouts":"default","ast-page-background-enabled":"default","ast-page-background-meta":{"desktop":{"background-color":"var(--ast-global-color-4)","background-image":"","background-repeat":"repeat","background-position":"center center","background-size":"auto","background-attachment":"scroll","background-type":"","background-media":"","overlay-type":"","overlay-color":"","overlay-opacity":"","overlay-gradient":""},"tablet":{"background-color":"","background-image":"","background-repeat":"repeat","background-position":"center center","background-size":"auto","background-attachment":"scroll","background-type":"","background-media":"","overlay-type":"","overlay-color":"","overlay-opacity":"","overlay-gradient":""},"mobile":{"background-color":"","background-image":"","background-repeat":"repeat","background-position":"center center","background-size":"auto","background-attachment":"scroll","background-type":"","background-media":"","overlay-type":"","overlay-color":"","overlay-opacity":"","overlay-gradient":""}},"ast-content-background-meta":{"desktop":{"background-color":"var(--ast-global-color-5)","background-image":"","background-repeat":"repeat","background-position":"center center","background-size":"auto","background-attachment":"scroll","background-type":"","background-media":"","overlay-type":"","overlay-color":"","overlay-opacity":"","overlay-gradient":""},"tablet":{"background-color":"var(--ast-global-color-5)","background-image":"","background-repeat":"repeat","background-position":"center center","background-size":"auto","background-attachment":"scroll","background-type":"","background-media":"","overlay-type":"","overlay-color":"","overlay-opacity":"","overlay-gradient":""},"mobile":{"background-color":"var(--ast-global-color-5)","background-image":"","background-repeat":"repeat","background-position":"center center","background-size":"auto","background-attachment":"scroll","background-type":"","background-media":"","overlay-type":"","overlay-color":"","overlay-opacity":"","overlay-gradient":""}}},"product_brand":[],"product_cat":[375,378,379,364,376],"product_tag":[],"berocket_brand":[583],"class_list":{"0":"post-9104","1":"product","2":"type-product","3":"status-publish","4":"has-post-thumbnail","6":"product_cat-jutigai-adai-toneri","7":"product_cat-sausai-adai-toneri","8":"product_cat-sausai-adai-anti-age","9":"product_cat-toneri","10":"product_cat-kombinetai-adai-toneri","11":"berocket_brand-medi-peel","12":"desktop-align-left","13":"tablet-align-left","14":"mobile-align-left","16":"first","17":"instock","18":"taxable","19":"shipping-taxable","20":"purchasable","21":"product-type-simple","22":"add-to-wishlist-before_image"},"yoast_head":"<!-- This site is optimized with the Yoast SEO plugin v27.3 - https:\/\/yoast.com\/product\/yoast-seo-wordpress\/ -->\n<title>Medi-Peel Bor-Tox Peptide Toner 180ml - FACECORNER<\/title>\n<meta name=\"robots\" content=\"index, follow, max-snippet:-1, max-image-preview:large, max-video-preview:-1\" \/>\n<link rel=\"canonical\" href=\"https:\/\/www.facecorner.lv\/en\/shop\/medi-peel-bor-tox-peptide-toner-180ml\/\" \/>\n<meta property=\"og:locale\" content=\"en_US\" \/>\n<meta property=\"og:type\" content=\"article\" \/>\n<meta property=\"og:title\" content=\"Medi-Peel Bor-Tox Peptide Toner 180ml - FACECORNER\" \/>\n<meta property=\"og:description\" content=\"Liftings toniks ar pept\u012bdu kompleksu Medi-Peel Bor-Tox Peptide Toner intens\u012bvi mitrina, baro un nov\u0113r\u0161 sausumu, pal\u012bdz izl\u012bdzin\u0101t grumbas un uzlabo elast\u012bbu. Instrumentam ir toniz\u0113jo\u0161a iedarb\u012bba, tas uzlabo sejas kr\u0101su un atgrie\u017e vesel\u012bgu mirdzumu. Toniks atjauno optim\u0101lo sk\u0101bju-b\u0101zes l\u012bdzsvaru, neitraliz\u0113 teko\u0161a \u016bdens agres\u012bvo ietekmi un sagatavo turpm\u0101kai kop\u0161anai. T\u0101 m\u0113r\u0137is ir c\u012bn\u012bties ar vecuma izmai\u0146\u0101m: stiprina [&hellip;]\" \/>\n<meta property=\"og:url\" content=\"https:\/\/www.facecorner.lv\/en\/shop\/medi-peel-bor-tox-peptide-toner-180ml\/\" \/>\n<meta property=\"og:site_name\" content=\"FACECORNER\" \/>\n<meta property=\"article:publisher\" content=\"https:\/\/www.facebook.com\/profile.php?id=100063824551839\" \/>\n<meta property=\"article:modified_time\" content=\"2026-01-24T11:56:51+00:00\" \/>\n<meta property=\"og:image\" content=\"https:\/\/www.facecorner.lv\/wp-content\/uploads\/2023\/03\/MEDI_PEEL-BOR_TOX-PEPTIDE-TONER-_1_-_1_.jpg\" \/>\n\t<meta property=\"og:image:width\" content=\"1000\" \/>\n\t<meta property=\"og:image:height\" content=\"1000\" \/>\n\t<meta property=\"og:image:type\" content=\"image\/jpeg\" \/>\n<meta name=\"twitter:card\" content=\"summary_large_image\" \/>\n<meta name=\"twitter:label1\" content=\"Price\" \/>\n\t<meta name=\"twitter:data1\" content=\"&euro;25.00\" \/>\n\t<meta name=\"twitter:label2\" content=\"Availability\" \/>\n\t<meta name=\"twitter:data2\" content=\"In stock\" \/>\n<script type=\"application\/ld+json\" class=\"yoast-schema-graph\">{\"@context\":\"https:\\\/\\\/schema.org\",\"@graph\":[{\"@type\":\"WebPage\",\"@id\":\"https:\\\/\\\/www.facecorner.lv\\\/shop\\\/medi-peel-bor-tox-peptide-toner-180ml\\\/\",\"url\":\"https:\\\/\\\/www.facecorner.lv\\\/shop\\\/medi-peel-bor-tox-peptide-toner-180ml\\\/\",\"name\":\"Medi-Peel Bor-Tox Peptide Toner 180ml - FACECORNER\",\"isPartOf\":{\"@id\":\"https:\\\/\\\/www.facecorner.lv\\\/#website\"},\"primaryImageOfPage\":{\"@id\":\"https:\\\/\\\/www.facecorner.lv\\\/shop\\\/medi-peel-bor-tox-peptide-toner-180ml\\\/#primaryimage\"},\"image\":{\"@id\":\"https:\\\/\\\/www.facecorner.lv\\\/shop\\\/medi-peel-bor-tox-peptide-toner-180ml\\\/#primaryimage\"},\"thumbnailUrl\":\"https:\\\/\\\/www.facecorner.lv\\\/wp-content\\\/uploads\\\/2023\\\/03\\\/MEDI_PEEL-BOR_TOX-PEPTIDE-TONER-_1_-_1_.jpg\",\"datePublished\":\"2023-03-30T19:51:03+00:00\",\"dateModified\":\"2026-01-24T11:56:51+00:00\",\"breadcrumb\":{\"@id\":\"https:\\\/\\\/www.facecorner.lv\\\/shop\\\/medi-peel-bor-tox-peptide-toner-180ml\\\/#breadcrumb\"},\"inLanguage\":\"en-US\",\"potentialAction\":[{\"@type\":\"ReadAction\",\"target\":[\"https:\\\/\\\/www.facecorner.lv\\\/shop\\\/medi-peel-bor-tox-peptide-toner-180ml\\\/\"]}]},{\"@type\":\"ImageObject\",\"inLanguage\":\"en-US\",\"@id\":\"https:\\\/\\\/www.facecorner.lv\\\/shop\\\/medi-peel-bor-tox-peptide-toner-180ml\\\/#primaryimage\",\"url\":\"https:\\\/\\\/www.facecorner.lv\\\/wp-content\\\/uploads\\\/2023\\\/03\\\/MEDI_PEEL-BOR_TOX-PEPTIDE-TONER-_1_-_1_.jpg\",\"contentUrl\":\"https:\\\/\\\/www.facecorner.lv\\\/wp-content\\\/uploads\\\/2023\\\/03\\\/MEDI_PEEL-BOR_TOX-PEPTIDE-TONER-_1_-_1_.jpg\",\"width\":1000,\"height\":1000},{\"@type\":\"BreadcrumbList\",\"@id\":\"https:\\\/\\\/www.facecorner.lv\\\/shop\\\/medi-peel-bor-tox-peptide-toner-180ml\\\/#breadcrumb\",\"itemListElement\":[{\"@type\":\"ListItem\",\"position\":1,\"name\":\"Home\",\"item\":\"https:\\\/\\\/www.facecorner.lv\\\/\"},{\"@type\":\"ListItem\",\"position\":2,\"name\":\"Veikals\",\"item\":\"https:\\\/\\\/www.facecorner.lv\\\/shop\\\/\"},{\"@type\":\"ListItem\",\"position\":3,\"name\":\"Medi-Peel Bor-Tox Peptide Toner 180ml\"}]},{\"@type\":\"WebSite\",\"@id\":\"https:\\\/\\\/www.facecorner.lv\\\/#website\",\"url\":\"https:\\\/\\\/www.facecorner.lv\\\/\",\"name\":\"Facecorner\",\"description\":\"\",\"publisher\":{\"@id\":\"https:\\\/\\\/www.facecorner.lv\\\/#organization\"},\"potentialAction\":[{\"@type\":\"SearchAction\",\"target\":{\"@type\":\"EntryPoint\",\"urlTemplate\":\"https:\\\/\\\/www.facecorner.lv\\\/?s={search_term_string}\"},\"query-input\":{\"@type\":\"PropertyValueSpecification\",\"valueRequired\":true,\"valueName\":\"search_term_string\"}}],\"inLanguage\":\"en-US\"},{\"@type\":\"Organization\",\"@id\":\"https:\\\/\\\/www.facecorner.lv\\\/#organization\",\"name\":\"Facecorner\",\"url\":\"https:\\\/\\\/www.facecorner.lv\\\/\",\"logo\":{\"@type\":\"ImageObject\",\"inLanguage\":\"en-US\",\"@id\":\"https:\\\/\\\/www.facecorner.lv\\\/#\\\/schema\\\/logo\\\/image\\\/\",\"url\":\"https:\\\/\\\/www.facecorner.lv\\\/wp-content\\\/uploads\\\/2024\\\/04\\\/fc-logo.jpg\",\"contentUrl\":\"https:\\\/\\\/www.facecorner.lv\\\/wp-content\\\/uploads\\\/2024\\\/04\\\/fc-logo.jpg\",\"width\":174,\"height\":28,\"caption\":\"Facecorner\"},\"image\":{\"@id\":\"https:\\\/\\\/www.facecorner.lv\\\/#\\\/schema\\\/logo\\\/image\\\/\"},\"sameAs\":[\"https:\\\/\\\/www.facebook.com\\\/profile.php?id=100063824551839\",\"https:\\\/\\\/www.instagram.com\\\/facecorner_shop\\\/\"]}]}<\/script>\n<meta property=\"product:price:amount\" content=\"25.00\" \/>\n<meta property=\"product:price:currency\" content=\"EUR\" \/>\n<meta property=\"og:availability\" content=\"instock\" \/>\n<meta property=\"product:availability\" content=\"instock\" \/>\n<meta property=\"product:condition\" content=\"new\" \/>\n<!-- \/ Yoast SEO plugin. -->","yoast_head_json":{"title":"Medi-Peel Bor-Tox Peptide Toner 180ml - FACECORNER","robots":{"index":"index","follow":"follow","max-snippet":"max-snippet:-1","max-image-preview":"max-image-preview:large","max-video-preview":"max-video-preview:-1"},"canonical":"https:\/\/www.facecorner.lv\/en\/shop\/medi-peel-bor-tox-peptide-toner-180ml\/","og_locale":"en_US","og_type":"article","og_title":"Medi-Peel Bor-Tox Peptide Toner 180ml - FACECORNER","og_description":"Liftings toniks ar pept\u012bdu kompleksu Medi-Peel Bor-Tox Peptide Toner intens\u012bvi mitrina, baro un nov\u0113r\u0161 sausumu, pal\u012bdz izl\u012bdzin\u0101t grumbas un uzlabo elast\u012bbu. Instrumentam ir toniz\u0113jo\u0161a iedarb\u012bba, tas uzlabo sejas kr\u0101su un atgrie\u017e vesel\u012bgu mirdzumu. Toniks atjauno optim\u0101lo sk\u0101bju-b\u0101zes l\u012bdzsvaru, neitraliz\u0113 teko\u0161a \u016bdens agres\u012bvo ietekmi un sagatavo turpm\u0101kai kop\u0161anai. T\u0101 m\u0113r\u0137is ir c\u012bn\u012bties ar vecuma izmai\u0146\u0101m: stiprina [&hellip;]","og_url":"https:\/\/www.facecorner.lv\/en\/shop\/medi-peel-bor-tox-peptide-toner-180ml\/","og_site_name":"FACECORNER","article_publisher":"https:\/\/www.facebook.com\/profile.php?id=100063824551839","article_modified_time":"2026-01-24T11:56:51+00:00","og_image":[{"width":1000,"height":1000,"url":"https:\/\/www.facecorner.lv\/wp-content\/uploads\/2023\/03\/MEDI_PEEL-BOR_TOX-PEPTIDE-TONER-_1_-_1_.jpg","type":"image\/jpeg"}],"twitter_card":"summary_large_image","twitter_misc":{"Price":"&euro;25.00","Availability":"In stock"},"schema":{"@context":"https:\/\/schema.org","@graph":[{"@type":"WebPage","@id":"https:\/\/www.facecorner.lv\/shop\/medi-peel-bor-tox-peptide-toner-180ml\/","url":"https:\/\/www.facecorner.lv\/shop\/medi-peel-bor-tox-peptide-toner-180ml\/","name":"Medi-Peel Bor-Tox Peptide Toner 180ml - FACECORNER","isPartOf":{"@id":"https:\/\/www.facecorner.lv\/#website"},"primaryImageOfPage":{"@id":"https:\/\/www.facecorner.lv\/shop\/medi-peel-bor-tox-peptide-toner-180ml\/#primaryimage"},"image":{"@id":"https:\/\/www.facecorner.lv\/shop\/medi-peel-bor-tox-peptide-toner-180ml\/#primaryimage"},"thumbnailUrl":"https:\/\/www.facecorner.lv\/wp-content\/uploads\/2023\/03\/MEDI_PEEL-BOR_TOX-PEPTIDE-TONER-_1_-_1_.jpg","datePublished":"2023-03-30T19:51:03+00:00","dateModified":"2026-01-24T11:56:51+00:00","breadcrumb":{"@id":"https:\/\/www.facecorner.lv\/shop\/medi-peel-bor-tox-peptide-toner-180ml\/#breadcrumb"},"inLanguage":"en-US","potentialAction":[{"@type":"ReadAction","target":["https:\/\/www.facecorner.lv\/shop\/medi-peel-bor-tox-peptide-toner-180ml\/"]}]},{"@type":"ImageObject","inLanguage":"en-US","@id":"https:\/\/www.facecorner.lv\/shop\/medi-peel-bor-tox-peptide-toner-180ml\/#primaryimage","url":"https:\/\/www.facecorner.lv\/wp-content\/uploads\/2023\/03\/MEDI_PEEL-BOR_TOX-PEPTIDE-TONER-_1_-_1_.jpg","contentUrl":"https:\/\/www.facecorner.lv\/wp-content\/uploads\/2023\/03\/MEDI_PEEL-BOR_TOX-PEPTIDE-TONER-_1_-_1_.jpg","width":1000,"height":1000},{"@type":"BreadcrumbList","@id":"https:\/\/www.facecorner.lv\/shop\/medi-peel-bor-tox-peptide-toner-180ml\/#breadcrumb","itemListElement":[{"@type":"ListItem","position":1,"name":"Home","item":"https:\/\/www.facecorner.lv\/"},{"@type":"ListItem","position":2,"name":"Veikals","item":"https:\/\/www.facecorner.lv\/shop\/"},{"@type":"ListItem","position":3,"name":"Medi-Peel Bor-Tox Peptide Toner 180ml"}]},{"@type":"WebSite","@id":"https:\/\/www.facecorner.lv\/#website","url":"https:\/\/www.facecorner.lv\/","name":"Facecorner","description":"","publisher":{"@id":"https:\/\/www.facecorner.lv\/#organization"},"potentialAction":[{"@type":"SearchAction","target":{"@type":"EntryPoint","urlTemplate":"https:\/\/www.facecorner.lv\/?s={search_term_string}"},"query-input":{"@type":"PropertyValueSpecification","valueRequired":true,"valueName":"search_term_string"}}],"inLanguage":"en-US"},{"@type":"Organization","@id":"https:\/\/www.facecorner.lv\/#organization","name":"Facecorner","url":"https:\/\/www.facecorner.lv\/","logo":{"@type":"ImageObject","inLanguage":"en-US","@id":"https:\/\/www.facecorner.lv\/#\/schema\/logo\/image\/","url":"https:\/\/www.facecorner.lv\/wp-content\/uploads\/2024\/04\/fc-logo.jpg","contentUrl":"https:\/\/www.facecorner.lv\/wp-content\/uploads\/2024\/04\/fc-logo.jpg","width":174,"height":28,"caption":"Facecorner"},"image":{"@id":"https:\/\/www.facecorner.lv\/#\/schema\/logo\/image\/"},"sameAs":["https:\/\/www.facebook.com\/profile.php?id=100063824551839","https:\/\/www.instagram.com\/facecorner_shop\/"]}]},"product_price_amount":"25.00","product_price_currency":"EUR","og_availability":"instock","product_availability":"instock","product_condition":"new"},"_links":{"self":[{"href":"https:\/\/www.facecorner.lv\/en\/wp-json\/wp\/v2\/product\/9104","targetHints":{"allow":["GET"]}}],"collection":[{"href":"https:\/\/www.facecorner.lv\/en\/wp-json\/wp\/v2\/product"}],"about":[{"href":"https:\/\/www.facecorner.lv\/en\/wp-json\/wp\/v2\/types\/product"}],"replies":[{"embeddable":true,"href":"https:\/\/www.facecorner.lv\/en\/wp-json\/wp\/v2\/comments?post=9104"}],"wp:featuredmedia":[{"embeddable":true,"href":"https:\/\/www.facecorner.lv\/en\/wp-json\/wp\/v2\/media\/9105"}],"wp:attachment":[{"href":"https:\/\/www.facecorner.lv\/en\/wp-json\/wp\/v2\/media?parent=9104"}],"wp:term":[{"taxonomy":"product_brand","embeddable":true,"href":"https:\/\/www.facecorner.lv\/en\/wp-json\/wp\/v2\/product_brand?post=9104"},{"taxonomy":"product_cat","embeddable":true,"href":"https:\/\/www.facecorner.lv\/en\/wp-json\/wp\/v2\/product_cat?post=9104"},{"taxonomy":"product_tag","embeddable":true,"href":"https:\/\/www.facecorner.lv\/en\/wp-json\/wp\/v2\/product_tag?post=9104"},{"taxonomy":"berocket_brand","embeddable":true,"href":"https:\/\/www.facecorner.lv\/en\/wp-json\/wp\/v2\/berocket_brand?post=9104"}],"curies":[{"name":"wp","href":"https:\/\/api.w.org\/{rel}","templated":true}]}}