{"id":9101,"date":"2023-03-30T21:44:42","date_gmt":"2023-03-30T19:44:42","guid":{"rendered":"https:\/\/facecorner.shop\/?post_type=product&#038;p=9101"},"modified":"2026-04-28T11:24:24","modified_gmt":"2026-04-28T08:24:24","slug":"medi-peel-aqua-essence-toner-250ml","status":"publish","type":"product","link":"https:\/\/www.facecorner.lv\/en\/shop\/medi-peel-aqua-essence-toner-250ml\/","title":{"rendered":"Medi-Peel Aqua Essence Toner 250ml"},"content":{"rendered":"<p>Pept\u012bdu toniks-esence nobriedu\u0161ai \u0101dai Medi-Peel Aqua Essence toniks intens\u012bvi mitrina, toniz\u0113, stiprina, atjauno \u0101du un pal\u0113nina noveco\u0161an\u0101s procesus. Pal\u012bdz izl\u012bdzin\u0101t grumbas un samazina \u0101das kroku dzi\u013cumu, palielina turgoru, padara \u0101du mitrin\u0101tu, maigu un samtainu.<\/p>\n<p>Instruments dzi\u013ci iedarbojas uz epidermu, uzlabo \u0101das tvirtumu un elast\u012bbu, nodro\u0161ina liftinga efektu. Nostiprina sejas kont\u016bras, pal\u0113nina noveco\u0161an\u0101s procesus.<\/p>\n<p>Toniks uztur optim\u0101lu mitrin\u0101\u0161anas l\u012bmeni, uzlabo tonusu un aizsarg\u0101 pret agres\u012bviem vides faktoriem, paspilgtina kop\u0113jo toni un atjauno vesel\u012bgu mirdzumu.<\/p>\n<p><strong>How to use:<\/strong>: noslaukiet att\u012br\u012bto seju ar tonik\u0101 samitrin\u0101tu vates spilventi\u0146u vai ar t\u012br\u0101m rok\u0101m uzkl\u0101jiet toniku tie\u0161i uz \u0101das ar viegl\u0101m gl\u0101sto\u0161\u0101m kust\u012bb\u0101m.<\/p>\n<p><strong>Ingredientes:\u00a0<\/strong>Water, Glycerin, 1,2-Hexanediol, Betaine, Trehalose, PEG-60 Hydrogenated Castor Oil, Arginine, Carbomer, Sodium PCA, Ethylhexylglyceri, Adenosine, Sodium Hyaluronate, Desamido Collagen, Juniperus Communis Fruit Extract, Magnolia Officinalis Bark Extract, Eucalyptus Globulus Leaf Extract, Fructan, Hydrolyzed Elastin, Hydrolyzed Collagen, Butylene Glycol, Hydrogenated Polyisobutene, Propanediol, Sodium Hyaluronate Crosspolymer, Sorbitan Laurate, Hydrolyzed Glycosaminoglycans, Nonoxyno 1-12, Hydroxyethylcellulose, Benzyl Glycol, Acetyl Dipeptide-1 Cetyl Ester, Astaxanthin, Ethyl Hexanediol, Hydrolyzed Hyaluronic Acid, Caprylyl Glycol, PEG-40 Hydrogenated Castor Oil, PPG-26-Buteth-26, Anemarrhena Asphodeloides Root Extract, Hyaluronic Acid, Acetyl Octapeptide-3, Palmitoyl Tetrapeptide-7, Raspberry Ketone, Phenoxyethanol, Acetyl Hexapeptide-8, Copper Tripeptide-1, Tripeptide-1, Palmitoyl Tripeptide-1, Palmitoyl Pentapeptide-4, Hexapeptide-9, Nonapeptide-1, Fragrance, Butylphenyl Methylpropional<\/p>","protected":false},"excerpt":{"rendered":"<p>Pept\u012bdu toniks-esence nobriedu\u0161ai \u0101dai Medi-Peel Aqua Essence toniks intens\u012bvi mitrina, toniz\u0113, stiprina, atjauno \u0101du un pal\u0113nina noveco\u0161an\u0101s procesus. Pal\u012bdz izl\u012bdzin\u0101t grumbas un samazina \u0101das kroku dzi\u013cumu, palielina turgoru, padara \u0101du mitrin\u0101tu, maigu un samtainu. Instruments dzi\u013ci iedarbojas uz epidermu, uzlabo \u0101das tvirtumu un elast\u012bbu, nodro\u0161ina liftinga efektu. Nostiprina sejas kont\u016bras, pal\u0113nina noveco\u0161an\u0101s procesus. Toniks uztur [&hellip;]<\/p>\n","protected":false},"featured_media":9102,"comment_status":"open","ping_status":"closed","template":"","meta":{"site-sidebar-layout":"default","site-content-layout":"","ast-site-content-layout":"","site-content-style":"default","site-sidebar-style":"default","ast-global-header-display":"","ast-banner-title-visibility":"","ast-main-header-display":"","ast-hfb-above-header-display":"","ast-hfb-below-header-display":"","ast-hfb-mobile-header-display":"","site-post-title":"","ast-breadcrumbs-content":"","ast-featured-img":"","footer-sml-layout":"","theme-transparent-header-meta":"","adv-header-id-meta":"","stick-header-meta":"","header-above-stick-meta":"","header-main-stick-meta":"","header-below-stick-meta":"","astra-migrate-meta-layouts":"default","ast-page-background-enabled":"default","ast-page-background-meta":{"desktop":{"background-color":"var(--ast-global-color-4)","background-image":"","background-repeat":"repeat","background-position":"center center","background-size":"auto","background-attachment":"scroll","background-type":"","background-media":"","overlay-type":"","overlay-color":"","overlay-opacity":"","overlay-gradient":""},"tablet":{"background-color":"","background-image":"","background-repeat":"repeat","background-position":"center center","background-size":"auto","background-attachment":"scroll","background-type":"","background-media":"","overlay-type":"","overlay-color":"","overlay-opacity":"","overlay-gradient":""},"mobile":{"background-color":"","background-image":"","background-repeat":"repeat","background-position":"center center","background-size":"auto","background-attachment":"scroll","background-type":"","background-media":"","overlay-type":"","overlay-color":"","overlay-opacity":"","overlay-gradient":""}},"ast-content-background-meta":{"desktop":{"background-color":"var(--ast-global-color-5)","background-image":"","background-repeat":"repeat","background-position":"center center","background-size":"auto","background-attachment":"scroll","background-type":"","background-media":"","overlay-type":"","overlay-color":"","overlay-opacity":"","overlay-gradient":""},"tablet":{"background-color":"var(--ast-global-color-5)","background-image":"","background-repeat":"repeat","background-position":"center center","background-size":"auto","background-attachment":"scroll","background-type":"","background-media":"","overlay-type":"","overlay-color":"","overlay-opacity":"","overlay-gradient":""},"mobile":{"background-color":"var(--ast-global-color-5)","background-image":"","background-repeat":"repeat","background-position":"center center","background-size":"auto","background-attachment":"scroll","background-type":"","background-media":"","overlay-type":"","overlay-color":"","overlay-opacity":"","overlay-gradient":""}}},"product_brand":[],"product_cat":[375,380,378,379,364,376],"product_tag":[],"berocket_brand":[583],"class_list":{"0":"post-9101","1":"product","2":"type-product","3":"status-publish","4":"has-post-thumbnail","6":"product_cat-jutigai-adai-toneri","7":"product_cat-kombinetai-adai","8":"product_cat-sausai-adai-toneri","9":"product_cat-sausai-adai-anti-age","10":"product_cat-toneri","11":"product_cat-kombinetai-adai-toneri","12":"berocket_brand-medi-peel","13":"desktop-align-left","14":"tablet-align-left","15":"mobile-align-left","17":"first","18":"outofstock","19":"taxable","20":"shipping-taxable","21":"purchasable","22":"product-type-simple","23":"add-to-wishlist-before_image"},"yoast_head":"<!-- This site is optimized with the Yoast SEO plugin v27.4 - https:\/\/yoast.com\/product\/yoast-seo-wordpress\/ -->\n<title>Medi-Peel Aqua Essence Toner 250ml - FACECORNER<\/title>\n<meta name=\"robots\" content=\"index, follow, max-snippet:-1, max-image-preview:large, max-video-preview:-1\" \/>\n<link rel=\"canonical\" href=\"https:\/\/www.facecorner.lv\/en\/shop\/medi-peel-aqua-essence-toner-250ml\/\" \/>\n<meta property=\"og:locale\" content=\"en_US\" \/>\n<meta property=\"og:type\" content=\"article\" \/>\n<meta property=\"og:title\" content=\"Medi-Peel Aqua Essence Toner 250ml - FACECORNER\" \/>\n<meta property=\"og:description\" content=\"Pept\u012bdu toniks-esence nobriedu\u0161ai \u0101dai Medi-Peel Aqua Essence toniks intens\u012bvi mitrina, toniz\u0113, stiprina, atjauno \u0101du un pal\u0113nina noveco\u0161an\u0101s procesus. Pal\u012bdz izl\u012bdzin\u0101t grumbas un samazina \u0101das kroku dzi\u013cumu, palielina turgoru, padara \u0101du mitrin\u0101tu, maigu un samtainu. Instruments dzi\u013ci iedarbojas uz epidermu, uzlabo \u0101das tvirtumu un elast\u012bbu, nodro\u0161ina liftinga efektu. Nostiprina sejas kont\u016bras, pal\u0113nina noveco\u0161an\u0101s procesus. Toniks uztur [&hellip;]\" \/>\n<meta property=\"og:url\" content=\"https:\/\/www.facecorner.lv\/en\/shop\/medi-peel-aqua-essence-toner-250ml\/\" \/>\n<meta property=\"og:site_name\" content=\"FACECORNER\" \/>\n<meta property=\"article:publisher\" content=\"https:\/\/www.facebook.com\/profile.php?id=100063824551839\" \/>\n<meta property=\"article:modified_time\" content=\"2026-04-28T08:24:24+00:00\" \/>\n<meta property=\"og:image\" content=\"https:\/\/www.facecorner.lv\/wp-content\/uploads\/2023\/03\/799f30a9aabf2ba50f755d1ccf59acd3.png\" \/>\n\t<meta property=\"og:image:width\" content=\"1000\" \/>\n\t<meta property=\"og:image:height\" content=\"1000\" \/>\n\t<meta property=\"og:image:type\" content=\"image\/png\" \/>\n<meta name=\"twitter:card\" content=\"summary_large_image\" \/>\n<meta name=\"twitter:label1\" content=\"Price\" \/>\n\t<meta name=\"twitter:data1\" content=\"&euro;25.00\" \/>\n\t<meta name=\"twitter:label2\" content=\"Availability\" \/>\n\t<meta name=\"twitter:data2\" content=\"Out of stock\" \/>\n<script type=\"application\/ld+json\" class=\"yoast-schema-graph\">{\"@context\":\"https:\\\/\\\/schema.org\",\"@graph\":[{\"@type\":\"WebPage\",\"@id\":\"https:\\\/\\\/www.facecorner.lv\\\/shop\\\/medi-peel-aqua-essence-toner-250ml\\\/\",\"url\":\"https:\\\/\\\/www.facecorner.lv\\\/shop\\\/medi-peel-aqua-essence-toner-250ml\\\/\",\"name\":\"Medi-Peel Aqua Essence Toner 250ml - FACECORNER\",\"isPartOf\":{\"@id\":\"https:\\\/\\\/www.facecorner.lv\\\/#website\"},\"primaryImageOfPage\":{\"@id\":\"https:\\\/\\\/www.facecorner.lv\\\/shop\\\/medi-peel-aqua-essence-toner-250ml\\\/#primaryimage\"},\"image\":{\"@id\":\"https:\\\/\\\/www.facecorner.lv\\\/shop\\\/medi-peel-aqua-essence-toner-250ml\\\/#primaryimage\"},\"thumbnailUrl\":\"https:\\\/\\\/www.facecorner.lv\\\/wp-content\\\/uploads\\\/2023\\\/03\\\/799f30a9aabf2ba50f755d1ccf59acd3.png\",\"datePublished\":\"2023-03-30T19:44:42+00:00\",\"dateModified\":\"2026-04-28T08:24:24+00:00\",\"breadcrumb\":{\"@id\":\"https:\\\/\\\/www.facecorner.lv\\\/shop\\\/medi-peel-aqua-essence-toner-250ml\\\/#breadcrumb\"},\"inLanguage\":\"en-US\",\"potentialAction\":[{\"@type\":\"ReadAction\",\"target\":[\"https:\\\/\\\/www.facecorner.lv\\\/shop\\\/medi-peel-aqua-essence-toner-250ml\\\/\"]}]},{\"@type\":\"ImageObject\",\"inLanguage\":\"en-US\",\"@id\":\"https:\\\/\\\/www.facecorner.lv\\\/shop\\\/medi-peel-aqua-essence-toner-250ml\\\/#primaryimage\",\"url\":\"https:\\\/\\\/www.facecorner.lv\\\/wp-content\\\/uploads\\\/2023\\\/03\\\/799f30a9aabf2ba50f755d1ccf59acd3.png\",\"contentUrl\":\"https:\\\/\\\/www.facecorner.lv\\\/wp-content\\\/uploads\\\/2023\\\/03\\\/799f30a9aabf2ba50f755d1ccf59acd3.png\",\"width\":1000,\"height\":1000},{\"@type\":\"BreadcrumbList\",\"@id\":\"https:\\\/\\\/www.facecorner.lv\\\/shop\\\/medi-peel-aqua-essence-toner-250ml\\\/#breadcrumb\",\"itemListElement\":[{\"@type\":\"ListItem\",\"position\":1,\"name\":\"Home\",\"item\":\"https:\\\/\\\/www.facecorner.lv\\\/\"},{\"@type\":\"ListItem\",\"position\":2,\"name\":\"Veikals\",\"item\":\"https:\\\/\\\/www.facecorner.lv\\\/shop\\\/\"},{\"@type\":\"ListItem\",\"position\":3,\"name\":\"Medi-Peel Aqua Essence Toner 250ml\"}]},{\"@type\":\"WebSite\",\"@id\":\"https:\\\/\\\/www.facecorner.lv\\\/#website\",\"url\":\"https:\\\/\\\/www.facecorner.lv\\\/\",\"name\":\"Facecorner\",\"description\":\"\",\"publisher\":{\"@id\":\"https:\\\/\\\/www.facecorner.lv\\\/#organization\"},\"potentialAction\":[{\"@type\":\"SearchAction\",\"target\":{\"@type\":\"EntryPoint\",\"urlTemplate\":\"https:\\\/\\\/www.facecorner.lv\\\/?s={search_term_string}\"},\"query-input\":{\"@type\":\"PropertyValueSpecification\",\"valueRequired\":true,\"valueName\":\"search_term_string\"}}],\"inLanguage\":\"en-US\"},{\"@type\":\"Organization\",\"@id\":\"https:\\\/\\\/www.facecorner.lv\\\/#organization\",\"name\":\"Facecorner\",\"url\":\"https:\\\/\\\/www.facecorner.lv\\\/\",\"logo\":{\"@type\":\"ImageObject\",\"inLanguage\":\"en-US\",\"@id\":\"https:\\\/\\\/www.facecorner.lv\\\/#\\\/schema\\\/logo\\\/image\\\/\",\"url\":\"https:\\\/\\\/www.facecorner.lv\\\/wp-content\\\/uploads\\\/2024\\\/04\\\/fc-logo.jpg\",\"contentUrl\":\"https:\\\/\\\/www.facecorner.lv\\\/wp-content\\\/uploads\\\/2024\\\/04\\\/fc-logo.jpg\",\"width\":174,\"height\":28,\"caption\":\"Facecorner\"},\"image\":{\"@id\":\"https:\\\/\\\/www.facecorner.lv\\\/#\\\/schema\\\/logo\\\/image\\\/\"},\"sameAs\":[\"https:\\\/\\\/www.facebook.com\\\/profile.php?id=100063824551839\",\"https:\\\/\\\/www.instagram.com\\\/facecorner_shop\\\/\"]}]}<\/script>\n<meta property=\"product:price:amount\" content=\"25.00\" \/>\n<meta property=\"product:price:currency\" content=\"EUR\" \/>\n<meta property=\"og:availability\" content=\"out of stock\" \/>\n<meta property=\"product:availability\" content=\"out of stock\" \/>\n<meta property=\"product:condition\" content=\"new\" \/>\n<!-- \/ Yoast SEO plugin. -->","yoast_head_json":{"title":"Medi-Peel Aqua Essence Toner 250ml - FACECORNER","robots":{"index":"index","follow":"follow","max-snippet":"max-snippet:-1","max-image-preview":"max-image-preview:large","max-video-preview":"max-video-preview:-1"},"canonical":"https:\/\/www.facecorner.lv\/en\/shop\/medi-peel-aqua-essence-toner-250ml\/","og_locale":"en_US","og_type":"article","og_title":"Medi-Peel Aqua Essence Toner 250ml - FACECORNER","og_description":"Pept\u012bdu toniks-esence nobriedu\u0161ai \u0101dai Medi-Peel Aqua Essence toniks intens\u012bvi mitrina, toniz\u0113, stiprina, atjauno \u0101du un pal\u0113nina noveco\u0161an\u0101s procesus. Pal\u012bdz izl\u012bdzin\u0101t grumbas un samazina \u0101das kroku dzi\u013cumu, palielina turgoru, padara \u0101du mitrin\u0101tu, maigu un samtainu. Instruments dzi\u013ci iedarbojas uz epidermu, uzlabo \u0101das tvirtumu un elast\u012bbu, nodro\u0161ina liftinga efektu. Nostiprina sejas kont\u016bras, pal\u0113nina noveco\u0161an\u0101s procesus. Toniks uztur [&hellip;]","og_url":"https:\/\/www.facecorner.lv\/en\/shop\/medi-peel-aqua-essence-toner-250ml\/","og_site_name":"FACECORNER","article_publisher":"https:\/\/www.facebook.com\/profile.php?id=100063824551839","article_modified_time":"2026-04-28T08:24:24+00:00","og_image":[{"width":1000,"height":1000,"url":"https:\/\/www.facecorner.lv\/wp-content\/uploads\/2023\/03\/799f30a9aabf2ba50f755d1ccf59acd3.png","type":"image\/png"}],"twitter_card":"summary_large_image","twitter_misc":{"Price":"&euro;25.00","Availability":"Out of stock"},"schema":{"@context":"https:\/\/schema.org","@graph":[{"@type":"WebPage","@id":"https:\/\/www.facecorner.lv\/shop\/medi-peel-aqua-essence-toner-250ml\/","url":"https:\/\/www.facecorner.lv\/shop\/medi-peel-aqua-essence-toner-250ml\/","name":"Medi-Peel Aqua Essence Toner 250ml - FACECORNER","isPartOf":{"@id":"https:\/\/www.facecorner.lv\/#website"},"primaryImageOfPage":{"@id":"https:\/\/www.facecorner.lv\/shop\/medi-peel-aqua-essence-toner-250ml\/#primaryimage"},"image":{"@id":"https:\/\/www.facecorner.lv\/shop\/medi-peel-aqua-essence-toner-250ml\/#primaryimage"},"thumbnailUrl":"https:\/\/www.facecorner.lv\/wp-content\/uploads\/2023\/03\/799f30a9aabf2ba50f755d1ccf59acd3.png","datePublished":"2023-03-30T19:44:42+00:00","dateModified":"2026-04-28T08:24:24+00:00","breadcrumb":{"@id":"https:\/\/www.facecorner.lv\/shop\/medi-peel-aqua-essence-toner-250ml\/#breadcrumb"},"inLanguage":"en-US","potentialAction":[{"@type":"ReadAction","target":["https:\/\/www.facecorner.lv\/shop\/medi-peel-aqua-essence-toner-250ml\/"]}]},{"@type":"ImageObject","inLanguage":"en-US","@id":"https:\/\/www.facecorner.lv\/shop\/medi-peel-aqua-essence-toner-250ml\/#primaryimage","url":"https:\/\/www.facecorner.lv\/wp-content\/uploads\/2023\/03\/799f30a9aabf2ba50f755d1ccf59acd3.png","contentUrl":"https:\/\/www.facecorner.lv\/wp-content\/uploads\/2023\/03\/799f30a9aabf2ba50f755d1ccf59acd3.png","width":1000,"height":1000},{"@type":"BreadcrumbList","@id":"https:\/\/www.facecorner.lv\/shop\/medi-peel-aqua-essence-toner-250ml\/#breadcrumb","itemListElement":[{"@type":"ListItem","position":1,"name":"Home","item":"https:\/\/www.facecorner.lv\/"},{"@type":"ListItem","position":2,"name":"Veikals","item":"https:\/\/www.facecorner.lv\/shop\/"},{"@type":"ListItem","position":3,"name":"Medi-Peel Aqua Essence Toner 250ml"}]},{"@type":"WebSite","@id":"https:\/\/www.facecorner.lv\/#website","url":"https:\/\/www.facecorner.lv\/","name":"Facecorner","description":"","publisher":{"@id":"https:\/\/www.facecorner.lv\/#organization"},"potentialAction":[{"@type":"SearchAction","target":{"@type":"EntryPoint","urlTemplate":"https:\/\/www.facecorner.lv\/?s={search_term_string}"},"query-input":{"@type":"PropertyValueSpecification","valueRequired":true,"valueName":"search_term_string"}}],"inLanguage":"en-US"},{"@type":"Organization","@id":"https:\/\/www.facecorner.lv\/#organization","name":"Facecorner","url":"https:\/\/www.facecorner.lv\/","logo":{"@type":"ImageObject","inLanguage":"en-US","@id":"https:\/\/www.facecorner.lv\/#\/schema\/logo\/image\/","url":"https:\/\/www.facecorner.lv\/wp-content\/uploads\/2024\/04\/fc-logo.jpg","contentUrl":"https:\/\/www.facecorner.lv\/wp-content\/uploads\/2024\/04\/fc-logo.jpg","width":174,"height":28,"caption":"Facecorner"},"image":{"@id":"https:\/\/www.facecorner.lv\/#\/schema\/logo\/image\/"},"sameAs":["https:\/\/www.facebook.com\/profile.php?id=100063824551839","https:\/\/www.instagram.com\/facecorner_shop\/"]}]},"product_price_amount":"25.00","product_price_currency":"EUR","og_availability":"out of stock","product_availability":"out of stock","product_condition":"new"},"_links":{"self":[{"href":"https:\/\/www.facecorner.lv\/en\/wp-json\/wp\/v2\/product\/9101","targetHints":{"allow":["GET"]}}],"collection":[{"href":"https:\/\/www.facecorner.lv\/en\/wp-json\/wp\/v2\/product"}],"about":[{"href":"https:\/\/www.facecorner.lv\/en\/wp-json\/wp\/v2\/types\/product"}],"replies":[{"embeddable":true,"href":"https:\/\/www.facecorner.lv\/en\/wp-json\/wp\/v2\/comments?post=9101"}],"wp:featuredmedia":[{"embeddable":true,"href":"https:\/\/www.facecorner.lv\/en\/wp-json\/wp\/v2\/media\/9102"}],"wp:attachment":[{"href":"https:\/\/www.facecorner.lv\/en\/wp-json\/wp\/v2\/media?parent=9101"}],"wp:term":[{"taxonomy":"product_brand","embeddable":true,"href":"https:\/\/www.facecorner.lv\/en\/wp-json\/wp\/v2\/product_brand?post=9101"},{"taxonomy":"product_cat","embeddable":true,"href":"https:\/\/www.facecorner.lv\/en\/wp-json\/wp\/v2\/product_cat?post=9101"},{"taxonomy":"product_tag","embeddable":true,"href":"https:\/\/www.facecorner.lv\/en\/wp-json\/wp\/v2\/product_tag?post=9101"},{"taxonomy":"berocket_brand","embeddable":true,"href":"https:\/\/www.facecorner.lv\/en\/wp-json\/wp\/v2\/berocket_brand?post=9101"}],"curies":[{"name":"wp","href":"https:\/\/api.w.org\/{rel}","templated":true}]}}