{"id":9097,"date":"2023-03-30T21:39:56","date_gmt":"2023-03-30T19:39:56","guid":{"rendered":"https:\/\/facecorner.shop\/?post_type=product&#038;p=9097"},"modified":"2025-09-18T10:26:12","modified_gmt":"2025-09-18T07:26:12","slug":"medi-peel-naite-thread-neck-cream-100g","status":"publish","type":"product","link":"https:\/\/www.facecorner.lv\/en\/shop\/medi-peel-naite-thread-neck-cream-100g\/","title":{"rendered":"Medi-Peel Naite Thread Neck Cream 100g"},"content":{"rendered":"<p>Savelkojo\u0161s kakla kr\u0113ms ar pept\u012bdu kompleksu Medi-Peel Naite Thread Neck Cream ir izteikts liftinga efekts, izl\u012bdzina un samazina grumbu dzi\u013cumu, pal\u012bdz c\u012bn\u012bties ar \u0101das grumb\u0101m un Ven\u0113ras ri\u0146\u0137iem.<\/p>\n<p>Kr\u0113ms satur sp\u0113c\u012bgu pept\u012bdu kompleksu, kura m\u0113r\u0137is ir dzi\u013ci atjaunot un stiprin\u0101t \u0101du. Izl\u012bdzina un samazina grumbu dzi\u013cumu, pal\u0113nina noveco\u0161anos un rada liftinga efektu. Intens\u012bvi mitrina un saglab\u0101 mitrumu epiderm\u0101, nov\u0113r\u0161 sausumu, padara \u0101du maigu un gludu.<\/p>\n<p>Pept\u012bdi aktiviz\u0113 epidermas \u0161\u016bnu re\u0123ener\u0101cijas un atjauno\u0161anas procesu, pa\u0101trina vielmai\u0146u un paaugstina imunit\u0101ti. Atjaunot kolag\u0113na un elast\u012bna \u0161\u0137iedru strukt\u016bru, stimul\u0113t to sint\u0113zi. Tie iedarbojas uz sejas musku\u013ciem, sniedzot nomierino\u0161u efektu, k\u0101 rezult\u0101t\u0101 tiek izl\u012bdzin\u0101tas grumbas.<\/p>\n<p>Kosm\u0113tika ar pept\u012bdiem nav ieteicama lieto\u0161anai gr\u016btniec\u012bbas un z\u012bd\u012b\u0161anas laik\u0101.<\/p>\n<p><strong>How to use:<\/strong>: Uzkl\u0101jiet nepiecie\u0161amo kr\u0113ma daudzumu uz t\u012bras, sausas kakla \u0101das. Viegli iemas\u0113jiet \u0101du, virzoties no apak\u0161as uz aug\u0161u, l\u012bdz kr\u0113ms ir piln\u012bb\u0101 ies\u016bcies.<\/p>\n<p><strong>Ingredientes:<\/strong>Purified water, glycerin, sweet almond oil, hydrolyzed collagen, cetearyl alcohol, cetylethylhexanoate, 1,2-hexanediol, chamomile flower extract, cyclopentasiloxane, cyclohexasiloxane, propylenegly Cole, glyceryl stearate, olive oil, polysorbate 60, dimethicone, beeswax, sodium polyacrylate, PEG-100 stearate, palmitic acid, stearic acid, hydrogenated lecithin, butylene glyceride Cole, Carbomer, Arginine, Ethylhexyl Glycerin, Hydrolyzed Elastin, Fragrance, Adenosine, Phenoxyethanol, Disodium IDTA, Panthenol, Ceramide 3, Chopiberry Extract, Usnia Extract, Pasqueflower Extract, Die Propylene Glycol, Aloe Vera Leaf Juice, Caprylyl Glycol, Glyceres-20, Lavender Extract, PEG-10 Lepe Seed Sterol, Green Tea Extract, Dipeptide Diaminobutyroyl Benzylamide Diacetate, Palmitoyl Tripeptide -5, Centella asiatica extract, potassium sorbate, sodium benzoate<\/p>","protected":false},"excerpt":{"rendered":"<p>Savelkojo\u0161s kakla kr\u0113ms ar pept\u012bdu kompleksu Medi-Peel Naite Thread Neck Cream ir izteikts liftinga efekts, izl\u012bdzina un samazina grumbu dzi\u013cumu, pal\u012bdz c\u012bn\u012bties ar \u0101das grumb\u0101m un Ven\u0113ras ri\u0146\u0137iem. Kr\u0113ms satur sp\u0113c\u012bgu pept\u012bdu kompleksu, kura m\u0113r\u0137is ir dzi\u013ci atjaunot un stiprin\u0101t \u0101du. Izl\u012bdzina un samazina grumbu dzi\u013cumu, pal\u0113nina noveco\u0161anos un rada liftinga efektu. Intens\u012bvi mitrina un [&hellip;]<\/p>\n","protected":false},"featured_media":9098,"comment_status":"open","ping_status":"closed","template":"","meta":{"site-sidebar-layout":"default","site-content-layout":"","ast-site-content-layout":"","site-content-style":"default","site-sidebar-style":"default","ast-global-header-display":"","ast-banner-title-visibility":"","ast-main-header-display":"","ast-hfb-above-header-display":"","ast-hfb-below-header-display":"","ast-hfb-mobile-header-display":"","site-post-title":"","ast-breadcrumbs-content":"","ast-featured-img":"","footer-sml-layout":"","theme-transparent-header-meta":"","adv-header-id-meta":"","stick-header-meta":"","header-above-stick-meta":"","header-main-stick-meta":"","header-below-stick-meta":"","astra-migrate-meta-layouts":"default","ast-page-background-enabled":"default","ast-page-background-meta":{"desktop":{"background-color":"var(--ast-global-color-4)","background-image":"","background-repeat":"repeat","background-position":"center center","background-size":"auto","background-attachment":"scroll","background-type":"","background-media":"","overlay-type":"","overlay-color":"","overlay-opacity":"","overlay-gradient":""},"tablet":{"background-color":"","background-image":"","background-repeat":"repeat","background-position":"center center","background-size":"auto","background-attachment":"scroll","background-type":"","background-media":"","overlay-type":"","overlay-color":"","overlay-opacity":"","overlay-gradient":""},"mobile":{"background-color":"","background-image":"","background-repeat":"repeat","background-position":"center center","background-size":"auto","background-attachment":"scroll","background-type":"","background-media":"","overlay-type":"","overlay-color":"","overlay-opacity":"","overlay-gradient":""}},"ast-content-background-meta":{"desktop":{"background-color":"var(--ast-global-color-5)","background-image":"","background-repeat":"repeat","background-position":"center center","background-size":"auto","background-attachment":"scroll","background-type":"","background-media":"","overlay-type":"","overlay-color":"","overlay-opacity":"","overlay-gradient":""},"tablet":{"background-color":"var(--ast-global-color-5)","background-image":"","background-repeat":"repeat","background-position":"center center","background-size":"auto","background-attachment":"scroll","background-type":"","background-media":"","overlay-type":"","overlay-color":"","overlay-opacity":"","overlay-gradient":""},"mobile":{"background-color":"var(--ast-global-color-5)","background-image":"","background-repeat":"repeat","background-position":"center center","background-size":"auto","background-attachment":"scroll","background-type":"","background-media":"","overlay-type":"","overlay-color":"","overlay-opacity":"","overlay-gradient":""}}},"product_brand":[],"product_cat":[358,331],"product_tag":[],"berocket_brand":[583],"class_list":{"0":"post-9097","1":"product","2":"type-product","3":"status-publish","4":"has-post-thumbnail","6":"product_cat-kakla-kopsana","7":"product_cat-kermenim","8":"berocket_brand-medi-peel","9":"desktop-align-left","10":"tablet-align-left","11":"mobile-align-left","13":"first","14":"instock","15":"taxable","16":"shipping-taxable","17":"purchasable","18":"product-type-simple","19":"add-to-wishlist-before_image"},"yoast_head":"<!-- This site is optimized with the Yoast SEO plugin v27.4 - https:\/\/yoast.com\/product\/yoast-seo-wordpress\/ -->\n<title>Medi-Peel Naite Thread Neck Cream 100g - FACECORNER<\/title>\n<meta name=\"robots\" content=\"index, follow, max-snippet:-1, max-image-preview:large, max-video-preview:-1\" \/>\n<link rel=\"canonical\" href=\"https:\/\/www.facecorner.lv\/en\/shop\/medi-peel-naite-thread-neck-cream-100g\/\" \/>\n<meta property=\"og:locale\" content=\"en_US\" \/>\n<meta property=\"og:type\" content=\"article\" \/>\n<meta property=\"og:title\" content=\"Medi-Peel Naite Thread Neck Cream 100g - FACECORNER\" \/>\n<meta property=\"og:description\" content=\"Savelkojo\u0161s kakla kr\u0113ms ar pept\u012bdu kompleksu Medi-Peel Naite Thread Neck Cream ir izteikts liftinga efekts, izl\u012bdzina un samazina grumbu dzi\u013cumu, pal\u012bdz c\u012bn\u012bties ar \u0101das grumb\u0101m un Ven\u0113ras ri\u0146\u0137iem. Kr\u0113ms satur sp\u0113c\u012bgu pept\u012bdu kompleksu, kura m\u0113r\u0137is ir dzi\u013ci atjaunot un stiprin\u0101t \u0101du. Izl\u012bdzina un samazina grumbu dzi\u013cumu, pal\u0113nina noveco\u0161anos un rada liftinga efektu. Intens\u012bvi mitrina un [&hellip;]\" \/>\n<meta property=\"og:url\" content=\"https:\/\/www.facecorner.lv\/en\/shop\/medi-peel-naite-thread-neck-cream-100g\/\" \/>\n<meta property=\"og:site_name\" content=\"FACECORNER\" \/>\n<meta property=\"article:publisher\" content=\"https:\/\/www.facebook.com\/profile.php?id=100063824551839\" \/>\n<meta property=\"article:modified_time\" content=\"2025-09-18T07:26:12+00:00\" \/>\n<meta property=\"og:image\" content=\"https:\/\/www.facecorner.lv\/wp-content\/uploads\/2023\/03\/8500-1000x1000-1.jpg\" \/>\n\t<meta property=\"og:image:width\" content=\"1000\" \/>\n\t<meta property=\"og:image:height\" content=\"1000\" \/>\n\t<meta property=\"og:image:type\" content=\"image\/jpeg\" \/>\n<meta name=\"twitter:card\" content=\"summary_large_image\" \/>\n<meta name=\"twitter:label1\" content=\"Price\" \/>\n\t<meta name=\"twitter:data1\" content=\"&euro;28.00\" \/>\n\t<meta name=\"twitter:label2\" content=\"Availability\" \/>\n\t<meta name=\"twitter:data2\" content=\"In stock\" \/>\n<script type=\"application\/ld+json\" class=\"yoast-schema-graph\">{\"@context\":\"https:\\\/\\\/schema.org\",\"@graph\":[{\"@type\":\"WebPage\",\"@id\":\"https:\\\/\\\/www.facecorner.lv\\\/shop\\\/medi-peel-naite-thread-neck-cream-100g\\\/\",\"url\":\"https:\\\/\\\/www.facecorner.lv\\\/shop\\\/medi-peel-naite-thread-neck-cream-100g\\\/\",\"name\":\"Medi-Peel Naite Thread Neck Cream 100g - FACECORNER\",\"isPartOf\":{\"@id\":\"https:\\\/\\\/www.facecorner.lv\\\/#website\"},\"primaryImageOfPage\":{\"@id\":\"https:\\\/\\\/www.facecorner.lv\\\/shop\\\/medi-peel-naite-thread-neck-cream-100g\\\/#primaryimage\"},\"image\":{\"@id\":\"https:\\\/\\\/www.facecorner.lv\\\/shop\\\/medi-peel-naite-thread-neck-cream-100g\\\/#primaryimage\"},\"thumbnailUrl\":\"https:\\\/\\\/www.facecorner.lv\\\/wp-content\\\/uploads\\\/2023\\\/03\\\/8500-1000x1000-1.jpg\",\"datePublished\":\"2023-03-30T19:39:56+00:00\",\"dateModified\":\"2025-09-18T07:26:12+00:00\",\"breadcrumb\":{\"@id\":\"https:\\\/\\\/www.facecorner.lv\\\/shop\\\/medi-peel-naite-thread-neck-cream-100g\\\/#breadcrumb\"},\"inLanguage\":\"en-US\",\"potentialAction\":[{\"@type\":\"ReadAction\",\"target\":[\"https:\\\/\\\/www.facecorner.lv\\\/shop\\\/medi-peel-naite-thread-neck-cream-100g\\\/\"]}]},{\"@type\":\"ImageObject\",\"inLanguage\":\"en-US\",\"@id\":\"https:\\\/\\\/www.facecorner.lv\\\/shop\\\/medi-peel-naite-thread-neck-cream-100g\\\/#primaryimage\",\"url\":\"https:\\\/\\\/www.facecorner.lv\\\/wp-content\\\/uploads\\\/2023\\\/03\\\/8500-1000x1000-1.jpg\",\"contentUrl\":\"https:\\\/\\\/www.facecorner.lv\\\/wp-content\\\/uploads\\\/2023\\\/03\\\/8500-1000x1000-1.jpg\",\"width\":1000,\"height\":1000},{\"@type\":\"BreadcrumbList\",\"@id\":\"https:\\\/\\\/www.facecorner.lv\\\/shop\\\/medi-peel-naite-thread-neck-cream-100g\\\/#breadcrumb\",\"itemListElement\":[{\"@type\":\"ListItem\",\"position\":1,\"name\":\"Home\",\"item\":\"https:\\\/\\\/www.facecorner.lv\\\/\"},{\"@type\":\"ListItem\",\"position\":2,\"name\":\"Veikals\",\"item\":\"https:\\\/\\\/www.facecorner.lv\\\/shop\\\/\"},{\"@type\":\"ListItem\",\"position\":3,\"name\":\"Medi-Peel Naite Thread Neck Cream 100g\"}]},{\"@type\":\"WebSite\",\"@id\":\"https:\\\/\\\/www.facecorner.lv\\\/#website\",\"url\":\"https:\\\/\\\/www.facecorner.lv\\\/\",\"name\":\"Facecorner\",\"description\":\"\",\"publisher\":{\"@id\":\"https:\\\/\\\/www.facecorner.lv\\\/#organization\"},\"potentialAction\":[{\"@type\":\"SearchAction\",\"target\":{\"@type\":\"EntryPoint\",\"urlTemplate\":\"https:\\\/\\\/www.facecorner.lv\\\/?s={search_term_string}\"},\"query-input\":{\"@type\":\"PropertyValueSpecification\",\"valueRequired\":true,\"valueName\":\"search_term_string\"}}],\"inLanguage\":\"en-US\"},{\"@type\":\"Organization\",\"@id\":\"https:\\\/\\\/www.facecorner.lv\\\/#organization\",\"name\":\"Facecorner\",\"url\":\"https:\\\/\\\/www.facecorner.lv\\\/\",\"logo\":{\"@type\":\"ImageObject\",\"inLanguage\":\"en-US\",\"@id\":\"https:\\\/\\\/www.facecorner.lv\\\/#\\\/schema\\\/logo\\\/image\\\/\",\"url\":\"https:\\\/\\\/www.facecorner.lv\\\/wp-content\\\/uploads\\\/2024\\\/04\\\/fc-logo.jpg\",\"contentUrl\":\"https:\\\/\\\/www.facecorner.lv\\\/wp-content\\\/uploads\\\/2024\\\/04\\\/fc-logo.jpg\",\"width\":174,\"height\":28,\"caption\":\"Facecorner\"},\"image\":{\"@id\":\"https:\\\/\\\/www.facecorner.lv\\\/#\\\/schema\\\/logo\\\/image\\\/\"},\"sameAs\":[\"https:\\\/\\\/www.facebook.com\\\/profile.php?id=100063824551839\",\"https:\\\/\\\/www.instagram.com\\\/facecorner_shop\\\/\"]}]}<\/script>\n<meta property=\"product:price:amount\" content=\"28.00\" \/>\n<meta property=\"product:price:currency\" content=\"EUR\" \/>\n<meta property=\"og:availability\" content=\"instock\" \/>\n<meta property=\"product:availability\" content=\"instock\" \/>\n<meta property=\"product:condition\" content=\"new\" \/>\n<!-- \/ Yoast SEO plugin. -->","yoast_head_json":{"title":"Medi-Peel Naite Thread Neck Cream 100g - FACECORNER","robots":{"index":"index","follow":"follow","max-snippet":"max-snippet:-1","max-image-preview":"max-image-preview:large","max-video-preview":"max-video-preview:-1"},"canonical":"https:\/\/www.facecorner.lv\/en\/shop\/medi-peel-naite-thread-neck-cream-100g\/","og_locale":"en_US","og_type":"article","og_title":"Medi-Peel Naite Thread Neck Cream 100g - FACECORNER","og_description":"Savelkojo\u0161s kakla kr\u0113ms ar pept\u012bdu kompleksu Medi-Peel Naite Thread Neck Cream ir izteikts liftinga efekts, izl\u012bdzina un samazina grumbu dzi\u013cumu, pal\u012bdz c\u012bn\u012bties ar \u0101das grumb\u0101m un Ven\u0113ras ri\u0146\u0137iem. Kr\u0113ms satur sp\u0113c\u012bgu pept\u012bdu kompleksu, kura m\u0113r\u0137is ir dzi\u013ci atjaunot un stiprin\u0101t \u0101du. Izl\u012bdzina un samazina grumbu dzi\u013cumu, pal\u0113nina noveco\u0161anos un rada liftinga efektu. Intens\u012bvi mitrina un [&hellip;]","og_url":"https:\/\/www.facecorner.lv\/en\/shop\/medi-peel-naite-thread-neck-cream-100g\/","og_site_name":"FACECORNER","article_publisher":"https:\/\/www.facebook.com\/profile.php?id=100063824551839","article_modified_time":"2025-09-18T07:26:12+00:00","og_image":[{"width":1000,"height":1000,"url":"https:\/\/www.facecorner.lv\/wp-content\/uploads\/2023\/03\/8500-1000x1000-1.jpg","type":"image\/jpeg"}],"twitter_card":"summary_large_image","twitter_misc":{"Price":"&euro;28.00","Availability":"In stock"},"schema":{"@context":"https:\/\/schema.org","@graph":[{"@type":"WebPage","@id":"https:\/\/www.facecorner.lv\/shop\/medi-peel-naite-thread-neck-cream-100g\/","url":"https:\/\/www.facecorner.lv\/shop\/medi-peel-naite-thread-neck-cream-100g\/","name":"Medi-Peel Naite Thread Neck Cream 100g - FACECORNER","isPartOf":{"@id":"https:\/\/www.facecorner.lv\/#website"},"primaryImageOfPage":{"@id":"https:\/\/www.facecorner.lv\/shop\/medi-peel-naite-thread-neck-cream-100g\/#primaryimage"},"image":{"@id":"https:\/\/www.facecorner.lv\/shop\/medi-peel-naite-thread-neck-cream-100g\/#primaryimage"},"thumbnailUrl":"https:\/\/www.facecorner.lv\/wp-content\/uploads\/2023\/03\/8500-1000x1000-1.jpg","datePublished":"2023-03-30T19:39:56+00:00","dateModified":"2025-09-18T07:26:12+00:00","breadcrumb":{"@id":"https:\/\/www.facecorner.lv\/shop\/medi-peel-naite-thread-neck-cream-100g\/#breadcrumb"},"inLanguage":"en-US","potentialAction":[{"@type":"ReadAction","target":["https:\/\/www.facecorner.lv\/shop\/medi-peel-naite-thread-neck-cream-100g\/"]}]},{"@type":"ImageObject","inLanguage":"en-US","@id":"https:\/\/www.facecorner.lv\/shop\/medi-peel-naite-thread-neck-cream-100g\/#primaryimage","url":"https:\/\/www.facecorner.lv\/wp-content\/uploads\/2023\/03\/8500-1000x1000-1.jpg","contentUrl":"https:\/\/www.facecorner.lv\/wp-content\/uploads\/2023\/03\/8500-1000x1000-1.jpg","width":1000,"height":1000},{"@type":"BreadcrumbList","@id":"https:\/\/www.facecorner.lv\/shop\/medi-peel-naite-thread-neck-cream-100g\/#breadcrumb","itemListElement":[{"@type":"ListItem","position":1,"name":"Home","item":"https:\/\/www.facecorner.lv\/"},{"@type":"ListItem","position":2,"name":"Veikals","item":"https:\/\/www.facecorner.lv\/shop\/"},{"@type":"ListItem","position":3,"name":"Medi-Peel Naite Thread Neck Cream 100g"}]},{"@type":"WebSite","@id":"https:\/\/www.facecorner.lv\/#website","url":"https:\/\/www.facecorner.lv\/","name":"Facecorner","description":"","publisher":{"@id":"https:\/\/www.facecorner.lv\/#organization"},"potentialAction":[{"@type":"SearchAction","target":{"@type":"EntryPoint","urlTemplate":"https:\/\/www.facecorner.lv\/?s={search_term_string}"},"query-input":{"@type":"PropertyValueSpecification","valueRequired":true,"valueName":"search_term_string"}}],"inLanguage":"en-US"},{"@type":"Organization","@id":"https:\/\/www.facecorner.lv\/#organization","name":"Facecorner","url":"https:\/\/www.facecorner.lv\/","logo":{"@type":"ImageObject","inLanguage":"en-US","@id":"https:\/\/www.facecorner.lv\/#\/schema\/logo\/image\/","url":"https:\/\/www.facecorner.lv\/wp-content\/uploads\/2024\/04\/fc-logo.jpg","contentUrl":"https:\/\/www.facecorner.lv\/wp-content\/uploads\/2024\/04\/fc-logo.jpg","width":174,"height":28,"caption":"Facecorner"},"image":{"@id":"https:\/\/www.facecorner.lv\/#\/schema\/logo\/image\/"},"sameAs":["https:\/\/www.facebook.com\/profile.php?id=100063824551839","https:\/\/www.instagram.com\/facecorner_shop\/"]}]},"product_price_amount":"28.00","product_price_currency":"EUR","og_availability":"instock","product_availability":"instock","product_condition":"new"},"_links":{"self":[{"href":"https:\/\/www.facecorner.lv\/en\/wp-json\/wp\/v2\/product\/9097","targetHints":{"allow":["GET"]}}],"collection":[{"href":"https:\/\/www.facecorner.lv\/en\/wp-json\/wp\/v2\/product"}],"about":[{"href":"https:\/\/www.facecorner.lv\/en\/wp-json\/wp\/v2\/types\/product"}],"replies":[{"embeddable":true,"href":"https:\/\/www.facecorner.lv\/en\/wp-json\/wp\/v2\/comments?post=9097"}],"wp:featuredmedia":[{"embeddable":true,"href":"https:\/\/www.facecorner.lv\/en\/wp-json\/wp\/v2\/media\/9098"}],"wp:attachment":[{"href":"https:\/\/www.facecorner.lv\/en\/wp-json\/wp\/v2\/media?parent=9097"}],"wp:term":[{"taxonomy":"product_brand","embeddable":true,"href":"https:\/\/www.facecorner.lv\/en\/wp-json\/wp\/v2\/product_brand?post=9097"},{"taxonomy":"product_cat","embeddable":true,"href":"https:\/\/www.facecorner.lv\/en\/wp-json\/wp\/v2\/product_cat?post=9097"},{"taxonomy":"product_tag","embeddable":true,"href":"https:\/\/www.facecorner.lv\/en\/wp-json\/wp\/v2\/product_tag?post=9097"},{"taxonomy":"berocket_brand","embeddable":true,"href":"https:\/\/www.facecorner.lv\/en\/wp-json\/wp\/v2\/berocket_brand?post=9097"}],"curies":[{"name":"wp","href":"https:\/\/api.w.org\/{rel}","templated":true}]}}